{"id":12571,"date":"2023-08-07T15:38:35","date_gmt":"2023-08-07T12:38:35","guid":{"rendered":"https:\/\/www.monaxis.lt\/about-us-2\/"},"modified":"2023-09-01T10:23:07","modified_gmt":"2023-09-01T07:23:07","slug":"about-us-2","status":"publish","type":"page","link":"https:\/\/www.monaxis.lt\/en\/about-us-2\/","title":{"rendered":"About us"},"content":{"rendered":"\n\n  <div class=\"banner has-hover\" id=\"banner-544062193\">\n          <div class=\"banner-inner fill\">\n        <div class=\"banner-bg fill\" >\n            <img decoding=\"async\" width=\"1440\" height=\"575\" src=\"https:\/\/www.monaxis.lt\/wp-content\/uploads\/2022\/12\/Rectangle-57.png\" class=\"bg attachment-original size-original\" alt=\"\" \/>                        <div class=\"overlay\"><\/div>            \n                    <\/div>\n\t\t\n        <div class=\"banner-layers container\">\n            <div class=\"fill banner-link\"><\/div>            \n\n   <div id=\"text-box-206939726\" class=\"text-box banner-layer text_box x0 md-x0 lg-x0 y35 md-y35 lg-y35 res-text\">\n                                <div class=\"text-box-content text dark\">\n              \n              <div class=\"text-inner text-center\">\n                  \n\n\n              <\/div>\n           <\/div>\n                            \n<style>\n#text-box-206939726 {\n  width: 20%;\n}\n#text-box-206939726 .text-box-content {\n  font-size: 100%;\n}\n<\/style>\n    <\/div>\n \n   <div id=\"text-box-1371467961\" class=\"text-box banner-layer text_box x50 md-x50 lg-x50 y80 md-y80 lg-y80 res-text\">\n                                <div class=\"text-box-content text dark\">\n              \n              <div class=\"text-inner text-center\">\n                  \n\n\t<div class=\"img has-hover x md-x lg-x y md-y lg-y\" id=\"image_1221163886\">\n\t\t\t\t\t\t\t\t<div class=\"img-inner dark\" >\n\t\t\t<img decoding=\"async\" width=\"55\" height=\"55\" src=\"https:\/\/www.monaxis.lt\/wp-content\/uploads\/2022\/12\/Vector-3.png\" class=\"attachment-original size-original\" alt=\"\" \/>\t\t\t\t\t\t\n\t\t\t\t\t<\/div>\n\t\t\t\t\t\t\t\t\n<style>\n#image_1221163886 {\n  width: 0%;\n}\n<\/style>\n\t<\/div>\n\t\n\n\n              <\/div>\n           <\/div>\n                            \n<style>\n#text-box-1371467961 {\n  width: 20%;\n}\n#text-box-1371467961 .text-box-content {\n  font-size: 100%;\n}\n<\/style>\n    <\/div>\n \n   <div id=\"text-box-1528802902\" class=\"text-box banner-layer text_box x90 md-x90 lg-x90 y80 md-y80 lg-y80 res-text\">\n                                <div class=\"text-box-content text dark\">\n              \n              <div class=\"text-inner text-center\">\n                  \n\n\n              <\/div>\n           <\/div>\n                            \n<style>\n#text-box-1528802902 {\n  width: 20%;\n}\n#text-box-1528802902 .text-box-content {\n  font-size: 100%;\n}\n<\/style>\n    <\/div>\n \n   <div id=\"text-box-1188477969\" class=\"text-box banner-layer kodel_mes x0 md-x0 lg-x0 y50 md-y50 lg-y50 res-text\">\n                                <div class=\"text-box-content text dark\">\n              \n              <div class=\"text-inner text-center\">\n                  \n\n<p id=\"apie-mus-txt\"><span style=\"font-size: 120%;\"><strong>ABOUT<\/strong><\/span><\/p>\n<p id=\"monaxis-txt\"><span style=\"font-size: 120%; color: #c0c0c0;\"><strong>MUS<\/strong><\/span><\/p>\n\n              <\/div>\n           <\/div>\n                            \n<style>\n#text-box-1188477969 {\n  width: 33%;\n}\n#text-box-1188477969 .text-box-content {\n  font-size: 100%;\n}\n<\/style>\n    <\/div>\n \n\n        <\/div>\n      <\/div>\n\n            \n<style>\n#banner-544062193 {\n  padding-top: 984px;\n}\n#banner-544062193 .overlay {\n  background-color: rgba(0, 0, 0, 0.6);\n}\n#banner-544062193 .banner-bg img {\n  object-position: 14% 50%;\n}\n@media (min-width:550px) {\n  #banner-544062193 {\n    padding-top: 240px;\n  }\n}\n<\/style>\n  <\/div>\n\n\n\n  <div class=\"banner has-hover\" id=\"banner-639921657\">\n          <div class=\"banner-inner fill\">\n        <div class=\"banner-bg fill\" >\n                                                \n                    <\/div>\n\t\t\n        <div class=\"banner-layers container\">\n            <div class=\"fill banner-link\"><\/div>            \n\n   <div id=\"text-box-1245840316\" class=\"text-box banner-layer x50 md-x50 lg-x50 y10 md-y10 lg-y10 res-text\">\n                                <div class=\"text-box-content text dark\">\n              \n              <div class=\"text-inner text-center\">\n                  \n\n<div class=\"text-center\"><div class=\"is-divider divider clearfix\" style=\"max-width:620px;height:4px;background-color:rgb(192, 0, 48);\"><\/div><\/div>\n\n<h2 class=\"uppercase\">Welcome to <span style=\"font-size: 95%;\">Monaxis<\/span> &#8211;<\/h2>\n<h2 class=\"uppercase\"><span style=\"font-size: 45%;\">Where&nbsp; is where shopping effortlessly meets unbeatable quality!<\/span><\/h2>\n<p>&nbsp;<\/p>\n<p>&nbsp;<\/p>\n<div class=\"row\"  id=\"row-2146618417\">\n\n\n\t<div id=\"col-402244479\" class=\"col medium-4 small-12 large-4\"  >\n\t\t\t\t<div class=\"col-inner\"  >\n\t\t\t\n\t\t\t\n\n<div class=\"text-center\"><div class=\"is-divider divider clearfix\" style=\"max-width:100px;height:4px;background-color:rgb(192, 0, 48);\"><\/div><\/div>\n\n<p><span style=\"font-size: 170%;\">1500+<\/span><\/p>\n<h6>Satisfied customers<\/h6>\n\n\t\t<\/div>\n\t\t\t\t\t<\/div>\n\n\t\n\n\t<div id=\"col-1687367862\" class=\"col medium-4 small-12 large-4\"  >\n\t\t\t\t<div class=\"col-inner\"  >\n\t\t\t\n\t\t\t\n\n<div class=\"text-center\"><div class=\"is-divider divider clearfix\" style=\"max-width:100px;height:4px;background-color:rgb(192, 0, 48);\"><\/div><\/div>\n\n<p><span style=\"font-size: 170%;\">1000+<\/span><\/p>\n<h6>Helping to set up shops<\/h6>\n\n\t\t<\/div>\n\t\t\t\t\t<\/div>\n\n\t\n\n\t<div id=\"col-1169969803\" class=\"col medium-4 small-12 large-4\"  >\n\t\t\t\t<div class=\"col-inner\"  >\n\t\t\t\n\t\t\t\n\n<div class=\"text-center\"><div class=\"is-divider divider clearfix\" style=\"max-width:100px;height:4px;background-color:rgb(192, 0, 48);\"><\/div><\/div>\n\n<p><span style=\"font-size: 170%;\">12<\/span><\/p>\n<h6>years of experience<\/h6>\n\n\t\t<\/div>\n\t\t\t\t\t<\/div>\n\n\t\n\n<\/div>\n\n              <\/div>\n           <\/div>\n                            \n<style>\n#text-box-1245840316 {\n  width: 100%;\n}\n#text-box-1245840316 .text-box-content {\n  font-size: 100%;\n}\n<\/style>\n    <\/div>\n \n\n        <\/div>\n      <\/div>\n\n            \n<style>\n#banner-639921657 {\n  padding-top: 500px;\n  background-color: rgb(21, 21, 21);\n}\n<\/style>\n  <\/div>\n\n\n\n  <div class=\"banner has-hover\" id=\"banner-799398279\">\n          <div class=\"banner-inner fill\">\n        <div class=\"banner-bg fill\" >\n                                    <div class=\"overlay\"><\/div>            \n                    <\/div>\n\t\t\n        <div class=\"banner-layers container\">\n            <div class=\"fill banner-link\"><\/div>            \n\n\t<div class=\"img has-hover x0 md-x0 lg-x0 y50 md-y50 lg-y50\" id=\"image_1465674466\">\n\t\t\t\t\t\t\t\t<div class=\"img-inner dark\" >\n\t\t\t<img decoding=\"async\" width=\"960\" height=\"640\" src=\"https:\/\/www.monaxis.lt\/wp-content\/uploads\/2023\/08\/ThinkstockPhotos-178121474-960w.webp\" class=\"attachment-1536x1536 size-1536x1536\" alt=\"\" srcset=\"https:\/\/www.monaxis.lt\/wp-content\/uploads\/2023\/08\/ThinkstockPhotos-178121474-960w.webp 960w, https:\/\/www.monaxis.lt\/wp-content\/uploads\/2023\/08\/ThinkstockPhotos-178121474-960w-300x200.webp 300w, https:\/\/www.monaxis.lt\/wp-content\/uploads\/2023\/08\/ThinkstockPhotos-178121474-960w-768x512.webp 768w\" sizes=\"(max-width: 960px) 100vw, 960px\" \/>\t\t\t\t\t\t\t<div class=\"overlay\" style=\"background-color: rgba(0, 0, 0, 0.6)\"><\/div>\n\t\t\t\t\t\t\n\t\t\t\t\t<\/div>\n\t\t\t\t\t\t\t\t\n<style>\n#image_1465674466 {\n  width: 51%;\n}\n<\/style>\n\t<\/div>\n\t\n\n   <div id=\"text-box-427892745\" class=\"text-box banner-layer x95 md-x95 lg-x95 y10 md-y10 lg-y10 res-text\">\n                                <div class=\"text-box-content text dark\">\n              \n              <div class=\"text-inner text-center\">\n                  \n\n<div class=\"is-divider divider clearfix\" style=\"max-width:500px;height:4px;background-color:rgb(192, 0, 48);\"><\/div>\n\n<h1 class=\"uppercase\" style=\"text-align: left;\"><span style=\"font-size: 95%;\">Activities<\/span><\/h1>\n<p style=\"text-align: left;\">UAB &#8220;Monaxis&#8221; was established in 2011 as a 100% Lithuanian capital company. The company&#8217;s main activity is retail and wholesale of industrial and refrigeration equipment. During its lifetime, the company has helped to equip most of the largest retail chains in Lithuania. We have already helped more than 1,000 shops in Lithuania to equip their stores. The company has many refrigeration service and repair partners in all major Lithuanian cities.<br>The largest Lithuanian retail chains have become trusted customers of Monaxis due to the high quality of its products, diverse range and fast delivery times.<\/p>\n\n              <\/div>\n           <\/div>\n                            \n<style>\n#text-box-427892745 {\n  width: 36%;\n}\n#text-box-427892745 .text-box-content {\n  font-size: 100%;\n}\n<\/style>\n    <\/div>\n \n\n        <\/div>\n      <\/div>\n\n            \n<style>\n#banner-799398279 {\n  padding-top: 646px;\n  background-color: rgb(34, 34, 34);\n}\n#banner-799398279 .overlay {\n  background-color: rgba(0, 0, 0, 0.2);\n}\n<\/style>\n  <\/div>\n\n\n\n  <div class=\"banner has-hover\" id=\"banner-1506189623\">\n          <div class=\"banner-inner fill\">\n        <div class=\"banner-bg fill\" >\n                                                \n                    <\/div>\n\t\t\n        <div class=\"banner-layers container\">\n            <div class=\"fill banner-link\"><\/div>            \n\n   <div id=\"text-box-1688137381\" class=\"text-box banner-layer x50 md-x50 lg-x50 y30 md-y30 lg-y30 res-text\">\n                                <div class=\"text-box-content text dark\">\n              \n              <div class=\"text-inner text-center\">\n                  \n\n<div class=\"is-divider divider clearfix\" style=\"max-width:100px;height:4px;background-color:rgb(255, 255, 255);\"><\/div>\n\n<h2 class=\"uppercase\"><span style=\"font-size: 80%;\">Subscribe to our newsletter<\/span><\/h2>\n<p><span style=\"font-size: 160%;\">AND GET EXCLUSIVE OFFERS<\/span><\/p>\n\n              <\/div>\n           <\/div>\n                            \n<style>\n#text-box-1688137381 {\n  width: 79%;\n}\n#text-box-1688137381 .text-box-content {\n  font-size: 100%;\n}\n<\/style>\n    <\/div>\n \n   <div id=\"text-box-300668663\" class=\"text-box banner-layer x50 md-x50 lg-x50 y85 md-y85 lg-y85 res-text\">\n                                <div class=\"text-box-content text dark\">\n              \n              <div class=\"text-inner text-center\">\n                  \n\n<p style=\"text-align: center;\"><div class=\"wpforms-container wpforms-container-full inline-fields\" id=\"wpforms-194\"><form id=\"wpforms-form-194\" class=\"wpforms-validate wpforms-form wpforms-ajax-form\" data-formid=\"194\" method=\"post\" enctype=\"multipart\/form-data\" action=\"\/en\/wp-json\/wp\/v2\/pages\/12571\" data-token=\"fc87c002731e380486cfc86385efdd98\" data-token-time=\"1778247867\"><noscript class=\"wpforms-error-noscript\">Please enable JavaScript in your browser to complete this form.<\/noscript><div class=\"wpforms-field-container\"><div id=\"wpforms-194-field_2-container\" class=\"wpforms-field wpforms-field-email\" data-field-id=\"2\"><label class=\"wpforms-field-label wpforms-label-hide\" for=\"wpforms-194-field_2\">Email <span class=\"wpforms-required-label\">*<\/span><\/label><input type=\"email\" id=\"wpforms-194-field_2\" class=\"wpforms-field-large wpforms-field-required\" name=\"wpforms[fields][2]\" placeholder=\"El. pa\u0161tas\" spellcheck=\"false\" required><\/div><\/div><!-- .wpforms-field-container -->\r\n\t\t\t<script>\r\n\t\t\tif ( typeof huOptions !== 'undefined' ) {\r\n\t\t\t\tvar huFormData = {\"source\":\"wpforms\",\"id\":194,\"title\":\"Newsletter Signup Form\",\"fields\":{\"subject\":{\"first_name\":\"\",\"last_name\":\"\"}}};\r\n\t\t\t\tvar huFormNode = document.querySelector( '[id=\"wpforms-194\"] form' );\r\n\r\n\t\t\t\tvar firstName = huFormNode.querySelector( 'input.wpforms-field-name-first' );\r\n\t\t\t\tvar lastName = huFormNode.querySelector( 'input.wpforms-field-name-last' );\r\n\r\n\t\t\t\tif ( firstName )\r\n\t\t\t\t\thuFormData['fields']['subject']['first_name'] = firstName.getAttribute( 'name' );\r\n\r\n\t\t\t\tif ( lastName )\r\n\t\t\t\t\thuFormData['fields']['subject']['last_name'] = lastName.getAttribute( 'name' );\r\n\r\n\t\t\t\thuFormData['node'] = huFormNode;\r\n\t\t\t\thuOptions['forms'].push( huFormData );\r\n\t\t\t}\r\n\t\t\t<\/script><div class=\"wpforms-submit-container\" ><input type=\"hidden\" name=\"wpforms[id]\" value=\"194\"><input type=\"hidden\" name=\"page_title\" value=\"\"><input type=\"hidden\" name=\"page_url\" value=\"https:\/\/www.monaxis.lt\/en\/wp-json\/wp\/v2\/pages\/12571\"><input type=\"hidden\" name=\"url_referer\" value=\"\"><button type=\"submit\" name=\"wpforms[submit]\" id=\"wpforms-submit-194\" class=\"wpforms-submit\" data-alt-text=\"Siun\u010diama...\" data-submit-text=\"Prenumeruoti\" aria-live=\"assertive\" value=\"wpforms-submit\">Prenumeruoti<\/button><img decoding=\"async\" src=\"https:\/\/www.monaxis.lt\/wp-content\/plugins\/wpforms-lite\/assets\/images\/submit-spin.svg\" class=\"wpforms-submit-spinner\" style=\"display: none;\" width=\"26\" height=\"26\" alt=\"Loading\"><\/div><\/form><\/div>  <!-- .wpforms-container -->\n\n              <\/div>\n           <\/div>\n                            \n<style>\n#text-box-300668663 {\n  width: 29%;\n}\n#text-box-300668663 .text-box-content {\n  font-size: 100%;\n}\n<\/style>\n    <\/div>\n \n\n        <\/div>\n      <\/div>\n\n            \n<style>\n#banner-1506189623 {\n  padding-top: 500px;\n  background-color: rgb(192, 0, 52);\n}\n<\/style>\n  <\/div>\n\n\n\n  <div class=\"banner has-hover\" id=\"banner-181230295\">\n          <div class=\"banner-inner fill\">\n        <div class=\"banner-bg fill\" >\n                                    <div class=\"overlay\"><\/div>            \n                    <\/div>\n\t\t\n        <div class=\"banner-layers container\">\n            <div class=\"fill banner-link\"><\/div>            \n\n\t<div class=\"img has-hover x100 md-x100 lg-x100 y50 md-y50 lg-y50\" id=\"image_570634941\">\n\t\t\t\t\t\t\t\t<div class=\"img-inner dark\" >\n\t\t\t<img decoding=\"async\" width=\"1000\" height=\"667\" src=\"https:\/\/www.monaxis.lt\/wp-content\/uploads\/2023\/08\/apie-mus.webp\" class=\"attachment-1536x1536 size-1536x1536\" alt=\"\" srcset=\"https:\/\/www.monaxis.lt\/wp-content\/uploads\/2023\/08\/apie-mus.webp 1000w, https:\/\/www.monaxis.lt\/wp-content\/uploads\/2023\/08\/apie-mus-300x200.webp 300w, https:\/\/www.monaxis.lt\/wp-content\/uploads\/2023\/08\/apie-mus-768x512.webp 768w\" sizes=\"(max-width: 1000px) 100vw, 1000px\" \/>\t\t\t\t\t\t\t<div class=\"overlay\" style=\"background-color: rgba(0, 0, 0, 0.6)\"><\/div>\n\t\t\t\t\t\t\n\t\t\t\t\t<\/div>\n\t\t\t\t\t\t\t\t\n<style>\n#image_570634941 {\n  width: 51%;\n}\n<\/style>\n\t<\/div>\n\t\n\n   <div id=\"text-box-1695966668\" class=\"text-box banner-layer x5 md-x5 lg-x5 y50 md-y50 lg-y50 res-text\">\n                                <div class=\"text-box-content text dark\">\n              \n              <div class=\"text-inner text-center\">\n                  \n\n<div class=\"is-divider divider clearfix\" style=\"max-width:500px;height:4px;background-color:rgb(192, 0, 48);\"><\/div>\n\n<h1 class=\"uppercase\" style=\"text-align: left;\"><span style=\"font-size: 95%;\">shopping experience<\/span><\/h1>\n<p>&nbsp;<\/p>\n<p style=\"text-align: left;\">Our commitment to providing a unique shopping experience is an essential part of what we do. We understand that we live in a fast-changing world and that convenience is important. That&#8217;s why we&#8217;ve started a new chapter by embracing e-commerce to put our great products in the palm of your hand. We think shopping with us should be easy and we&#8217;re here to redefine the way you browse, choose and invest in the equipment that drives your business.<\/p>\n\n              <\/div>\n           <\/div>\n                            \n<style>\n#text-box-1695966668 {\n  width: 36%;\n}\n#text-box-1695966668 .text-box-content {\n  font-size: 100%;\n}\n<\/style>\n    <\/div>\n \n\n        <\/div>\n      <\/div>\n\n            \n<style>\n#banner-181230295 {\n  padding-top: 646px;\n  background-color: rgb(34, 34, 34);\n}\n#banner-181230295 .overlay {\n  background-color: rgba(0, 0, 0, 0.2);\n}\n<\/style>\n  <\/div>\n\n\n\n  <div class=\"banner has-hover\" id=\"banner-1476616303\">\n          <div class=\"banner-inner fill\">\n        <div class=\"banner-bg fill\" >\n                                    <div class=\"overlay\"><\/div>            \n                    <\/div>\n\t\t\n        <div class=\"banner-layers container\">\n            <div class=\"fill banner-link\"><\/div>            \n\n\t<div class=\"img has-hover x0 md-x0 lg-x0 y50 md-y50 lg-y50\" id=\"image_1751806432\">\n\t\t\t\t\t\t\t\t<div class=\"img-inner dark\" >\n\t\t\t<img decoding=\"async\" width=\"1536\" height=\"1152\" src=\"https:\/\/www.monaxis.lt\/wp-content\/uploads\/2023\/08\/viber_image_2023-08-10_21-01-58-136.webp\" class=\"attachment-1536x1536 size-1536x1536\" alt=\"\" \/>\t\t\t\t\t\t\t<div class=\"overlay\" style=\"background-color: rgba(0, 0, 0, 0.6)\"><\/div>\n\t\t\t\t\t\t\n\t\t\t\t\t<\/div>\n\t\t\t\t\t\t\t\t\n<style>\n#image_1751806432 {\n  width: 51%;\n}\n<\/style>\n\t<\/div>\n\t\n\n   <div id=\"text-box-1231173437\" class=\"text-box banner-layer x95 md-x95 lg-x95 y15 md-y15 lg-y15 res-text\">\n                                <div class=\"text-box-content text dark\">\n              \n              <div class=\"text-inner text-center\">\n                  \n\n<div class=\"is-divider divider clearfix\" style=\"max-width:500px;height:4px;background-color:rgb(192, 0, 48);\"><\/div>\n\n<h1 class=\"uppercase\" style=\"text-align: left;\"><span style=\"font-size: 95%;\">Our future<\/span><\/h1>\n<p style=\"text-align: left;\">At Monaxis, we are not limited to the past. Every day we strive to expand and enrich our catalogue, ensuring that you have access to the latest and most innovative devices. From commercial refrigeration equipment,&nbsp; storage equipment to make things easier and professional kitchen tools to stimulate culinary creativity, we are here to empower your ambitions.<\/p>\n\n              <\/div>\n           <\/div>\n                            \n<style>\n#text-box-1231173437 {\n  width: 36%;\n}\n#text-box-1231173437 .text-box-content {\n  font-size: 100%;\n}\n<\/style>\n    <\/div>\n \n\n        <\/div>\n      <\/div>\n\n            \n<style>\n#banner-1476616303 {\n  padding-top: 782px;\n  background-color: rgb(34, 34, 34);\n}\n#banner-1476616303 .overlay {\n  background-color: rgba(0, 0, 0, 0.2);\n}\n<\/style>\n  <\/div>\n\n\n","protected":false},"excerpt":{"rendered":"","protected":false},"author":2,"featured_media":0,"parent":0,"menu_order":0,"comment_status":"closed","ping_status":"closed","template":"","meta":{"footnotes":""},"class_list":["post-12571","page","type-page","status-publish","hentry"],"yoast_head":"<!-- This site is optimized with the Yoast SEO plugin v27.1.1 - https:\/\/yoast.com\/product\/yoast-seo-wordpress\/ -->\n<title>About us | Monaxis<\/title>\n<meta name=\"robots\" content=\"index, follow, max-snippet:-1, max-image-preview:large, max-video-preview:-1\" \/>\n<link rel=\"canonical\" href=\"https:\/\/www.monaxis.lt\/apie-mus\/\" \/>\n<meta property=\"og:locale\" content=\"en_US\" \/>\n<meta property=\"og:type\" content=\"article\" \/>\n<meta property=\"og:title\" content=\"About us | Monaxis\" \/>\n<meta property=\"og:url\" content=\"https:\/\/www.monaxis.lt\/apie-mus\/\" \/>\n<meta property=\"og:site_name\" content=\"Monaxis\" \/>\n<meta property=\"article:modified_time\" content=\"2023-09-01T07:23:07+00:00\" \/>\n<meta name=\"twitter:card\" content=\"summary_large_image\" \/>\n<meta name=\"twitter:label1\" content=\"Est. reading time\" \/>\n\t<meta name=\"twitter:data1\" content=\"3 minutes\" \/>\n<script type=\"application\/ld+json\" class=\"yoast-schema-graph\">{\"@context\":\"https:\/\/schema.org\",\"@graph\":[{\"@type\":\"WebPage\",\"@id\":\"https:\/\/www.monaxis.lt\/apie-mus\/\",\"url\":\"https:\/\/www.monaxis.lt\/apie-mus\/\",\"name\":\"About us | Monaxis\",\"isPartOf\":{\"@id\":\"https:\/\/www.monaxis.lt\/en\/#website\"},\"datePublished\":\"2023-08-07T12:38:35+00:00\",\"dateModified\":\"2023-09-01T07:23:07+00:00\",\"breadcrumb\":{\"@id\":\"https:\/\/www.monaxis.lt\/apie-mus\/#breadcrumb\"},\"inLanguage\":\"en-US\",\"potentialAction\":[{\"@type\":\"ReadAction\",\"target\":[\"https:\/\/www.monaxis.lt\/apie-mus\/\"]}]},{\"@type\":\"BreadcrumbList\",\"@id\":\"https:\/\/www.monaxis.lt\/apie-mus\/#breadcrumb\",\"itemListElement\":[{\"@type\":\"ListItem\",\"position\":1,\"name\":\"Pagrindinis\",\"item\":\"https:\/\/www.monaxis.lt\/en\/\"},{\"@type\":\"ListItem\",\"position\":2,\"name\":\"About us\"}]},{\"@type\":\"WebSite\",\"@id\":\"https:\/\/www.monaxis.lt\/en\/#website\",\"url\":\"https:\/\/www.monaxis.lt\/en\/\",\"name\":\"Monaxis\",\"description\":\"Prekybin\u0117, bei \u0161aldymo \u012franga\",\"publisher\":{\"@id\":\"https:\/\/www.monaxis.lt\/en\/#organization\"},\"potentialAction\":[{\"@type\":\"SearchAction\",\"target\":{\"@type\":\"EntryPoint\",\"urlTemplate\":\"https:\/\/www.monaxis.lt\/en\/?s={search_term_string}\"},\"query-input\":{\"@type\":\"PropertyValueSpecification\",\"valueRequired\":true,\"valueName\":\"search_term_string\"}}],\"inLanguage\":\"en-US\"},{\"@type\":\"Organization\",\"@id\":\"https:\/\/www.monaxis.lt\/en\/#organization\",\"name\":\"Monaxis\",\"url\":\"https:\/\/www.monaxis.lt\/en\/\",\"logo\":{\"@type\":\"ImageObject\",\"inLanguage\":\"en-US\",\"@id\":\"https:\/\/www.monaxis.lt\/en\/#\/schema\/logo\/image\/\",\"url\":\"https:\/\/www.monaxis.lt\/wp-content\/uploads\/2023\/03\/logo-1.png\",\"contentUrl\":\"https:\/\/www.monaxis.lt\/wp-content\/uploads\/2023\/03\/logo-1.png\",\"width\":205,\"height\":58,\"caption\":\"Monaxis\"},\"image\":{\"@id\":\"https:\/\/www.monaxis.lt\/en\/#\/schema\/logo\/image\/\"}}]}<\/script>\n<!-- \/ Yoast SEO plugin. -->","yoast_head_json":{"title":"About us | Monaxis","robots":{"index":"index","follow":"follow","max-snippet":"max-snippet:-1","max-image-preview":"max-image-preview:large","max-video-preview":"max-video-preview:-1"},"canonical":"https:\/\/www.monaxis.lt\/apie-mus\/","og_locale":"en_US","og_type":"article","og_title":"About us | Monaxis","og_url":"https:\/\/www.monaxis.lt\/apie-mus\/","og_site_name":"Monaxis","article_modified_time":"2023-09-01T07:23:07+00:00","twitter_card":"summary_large_image","twitter_misc":{"Est. reading time":"3 minutes"},"schema":{"@context":"https:\/\/schema.org","@graph":[{"@type":"WebPage","@id":"https:\/\/www.monaxis.lt\/apie-mus\/","url":"https:\/\/www.monaxis.lt\/apie-mus\/","name":"About us | Monaxis","isPartOf":{"@id":"https:\/\/www.monaxis.lt\/en\/#website"},"datePublished":"2023-08-07T12:38:35+00:00","dateModified":"2023-09-01T07:23:07+00:00","breadcrumb":{"@id":"https:\/\/www.monaxis.lt\/apie-mus\/#breadcrumb"},"inLanguage":"en-US","potentialAction":[{"@type":"ReadAction","target":["https:\/\/www.monaxis.lt\/apie-mus\/"]}]},{"@type":"BreadcrumbList","@id":"https:\/\/www.monaxis.lt\/apie-mus\/#breadcrumb","itemListElement":[{"@type":"ListItem","position":1,"name":"Pagrindinis","item":"https:\/\/www.monaxis.lt\/en\/"},{"@type":"ListItem","position":2,"name":"About us"}]},{"@type":"WebSite","@id":"https:\/\/www.monaxis.lt\/en\/#website","url":"https:\/\/www.monaxis.lt\/en\/","name":"Monaxis","description":"Prekybin\u0117, bei \u0161aldymo \u012franga","publisher":{"@id":"https:\/\/www.monaxis.lt\/en\/#organization"},"potentialAction":[{"@type":"SearchAction","target":{"@type":"EntryPoint","urlTemplate":"https:\/\/www.monaxis.lt\/en\/?s={search_term_string}"},"query-input":{"@type":"PropertyValueSpecification","valueRequired":true,"valueName":"search_term_string"}}],"inLanguage":"en-US"},{"@type":"Organization","@id":"https:\/\/www.monaxis.lt\/en\/#organization","name":"Monaxis","url":"https:\/\/www.monaxis.lt\/en\/","logo":{"@type":"ImageObject","inLanguage":"en-US","@id":"https:\/\/www.monaxis.lt\/en\/#\/schema\/logo\/image\/","url":"https:\/\/www.monaxis.lt\/wp-content\/uploads\/2023\/03\/logo-1.png","contentUrl":"https:\/\/www.monaxis.lt\/wp-content\/uploads\/2023\/03\/logo-1.png","width":205,"height":58,"caption":"Monaxis"},"image":{"@id":"https:\/\/www.monaxis.lt\/en\/#\/schema\/logo\/image\/"}}]}},"_links":{"self":[{"href":"https:\/\/www.monaxis.lt\/en\/wp-json\/wp\/v2\/pages\/12571","targetHints":{"allow":["GET"]}}],"collection":[{"href":"https:\/\/www.monaxis.lt\/en\/wp-json\/wp\/v2\/pages"}],"about":[{"href":"https:\/\/www.monaxis.lt\/en\/wp-json\/wp\/v2\/types\/page"}],"author":[{"embeddable":true,"href":"https:\/\/www.monaxis.lt\/en\/wp-json\/wp\/v2\/users\/2"}],"replies":[{"embeddable":true,"href":"https:\/\/www.monaxis.lt\/en\/wp-json\/wp\/v2\/comments?post=12571"}],"version-history":[{"count":0,"href":"https:\/\/www.monaxis.lt\/en\/wp-json\/wp\/v2\/pages\/12571\/revisions"}],"wp:attachment":[{"href":"https:\/\/www.monaxis.lt\/en\/wp-json\/wp\/v2\/media?parent=12571"}],"curies":[{"name":"wp","href":"https:\/\/api.w.org\/{rel}","templated":true}]}}