{"id":2264,"date":"2022-12-13T13:17:22","date_gmt":"2022-12-13T11:17:22","guid":{"rendered":"https:\/\/monaxis.lt\/?page_id=2264"},"modified":"2026-03-23T13:50:22","modified_gmt":"2026-03-23T11:50:22","slug":"contacts","status":"publish","type":"page","link":"https:\/\/www.monaxis.lt\/en\/contacts\/","title":{"rendered":"Contact"},"content":{"rendered":"\n\n\t<section class=\"section section-contacts hide-for-small\" id=\"section_1591714745\">\n\t\t<div class=\"section-bg fill\" >\n\t\t\t\t\t\t\t\t\t\n\t\t\t\n\n\t\t<\/div>\n\n\t\t\n\n\t\t<div class=\"section-content relative\">\n\t\t\t\n\n\t<div id=\"text-1563204302\" class=\"text\">\n\t\t\n\n<p id=\"susisiekime\">Contact<\/p>\n<p id=\"susisiekime-bottom\">Questions? Email us<\/p>\n\t\t\n<style>\n#text-1563204302 {\n  text-align: center;\n}\n<\/style>\n\t<\/div>\n\t\n\n\t\t<\/div>\n\n\t\t\n<style>\n#section_1591714745 {\n  padding-top: 30px;\n  padding-bottom: 30px;\n}\n<\/style>\n\t<\/section>\n\t\n\n\t<section class=\"section section-contacts2\" id=\"section_2114266380\">\n\t\t<div class=\"section-bg fill\" >\n\t\t\t\t\t\t\t\t\t\n\t\t\t\n\n\t\t<\/div>\n\n\t\t\n\n\t\t<div class=\"section-content relative\">\n\t\t\t\n\n<div class=\"row\"  id=\"row-1164687569\">\n\n\n\t<div id=\"col-2036958832\" class=\"col column-kontaktai hide-for-small medium-6 small-12 large-6\"  >\n\t\t\t\t<div class=\"col-inner dark\" style=\"background-color:rgb(34, 34, 34);\" >\n\t\t\t\n\t\t\t\n\n\t<div id=\"text-2363028123\" class=\"text\">\n\t\t\n\n<p id=\"kontaktai\">Contact<\/p>\n\t\t\n<style>\n#text-2363028123 {\n  text-align: left;\n  color: rgb(255, 255, 255);\n}\n#text-2363028123 > * {\n  color: rgb(255, 255, 255);\n}\n<\/style>\n\t<\/div>\n\t\n<p id=\"con\"><img decoding=\"async\" src=\"https:\/\/monaxis.lt\/wp-content\/uploads\/2022\/12\/bxs_phone-call.png\"><\/p>\n<p id=\"con\">+370 650 20737<\/p>\n<p id=\"con\"><img decoding=\"async\" src=\"https:\/\/monaxis.lt\/wp-content\/uploads\/2022\/12\/bxs_phone-call.png\"><\/p>\n<p id=\"con\">+370 686 80184<\/p>\n<p>\u00a0<\/p>\n<p id=\"con\"><img decoding=\"async\" src=\"https:\/\/monaxis.lt\/wp-content\/uploads\/2022\/12\/ic_sharp-email.png\"><\/p>\n<p id=\"con\">info@monaxis.lt<\/p>\n<p>\u00a0<\/p>\n<p id=\"con\"><img decoding=\"async\" src=\"https:\/\/monaxis.lt\/wp-content\/uploads\/2022\/12\/carbon_location-filled.png\"><\/p>\n<p id=\"con\">Lizdeikos g 16, \u0160iauliai, Lietuva<\/p>\n<p>\u00a0<\/p>\n\n\n\t\t<\/div>\n\t\t\t\t\t<\/div>\n\n\t\n\n\t<div id=\"col-1064972431\" class=\"col column-kontaktai show-for-small small-12 large-12\"  >\n\t\t\t\t<div class=\"col-inner dark\" style=\"background-color:rgb(34, 34, 34);\" >\n\t\t\t\n\t\t\t\n\n\t<div id=\"text-3949836692\" class=\"text\">\n\t\t\n\n<p id=\"kontaktai\">Contact<\/p>\n\t\t\n<style>\n#text-3949836692 {\n  text-align: left;\n  color: rgb(255, 255, 255);\n}\n#text-3949836692 > * {\n  color: rgb(255, 255, 255);\n}\n<\/style>\n\t<\/div>\n\t\n<p id=\"con\"><img decoding=\"async\" src=\"https:\/\/monaxis.lt\/wp-content\/uploads\/2022\/12\/bxs_phone-call.png\"><\/p>\n<p id=\"con\">+370 650 20737<\/p>\n<\/p>\n<p id=\"con\"><img decoding=\"async\" src=\"https:\/\/monaxis.lt\/wp-content\/uploads\/2022\/12\/ic_sharp-email.png\"><\/p>\n<p id=\"con\">info@monaxis.lt<\/p>\n<\/p>\n<p id=\"con\"><img decoding=\"async\" src=\"https:\/\/monaxis.lt\/wp-content\/uploads\/2022\/12\/carbon_location-filled.png\"><\/p>\n<p id=\"con\">U\u017eupio str. 8-12, Vilnius, Lithuania<\/p><\/p>\n\n\t\t<\/div>\n\t\t\t\t\n<style>\n#col-1064972431 > .col-inner {\n  max-width: 100vw;\n}\n<\/style>\n\t<\/div>\n\n\t\n\n\t<div id=\"col-1366042253\" class=\"col column-kontaktai2 medium-6 small-12 large-6\"  >\n\t\t\t\t<div class=\"col-inner\"  >\n\t\t\t\n\t\t\t\n\n\t<div id=\"text-1343096850\" class=\"text show-for-small\">\n\t\t\n\n<p id=\"susisiekime\">Contact us at<\/p>\n<p id=\"susisiekime-bottom\">Questions? Email us<\/p>\n\t\t\n<style>\n#text-1343096850 {\n  text-align: center;\n}\n<\/style>\n\t<\/div>\n\t\n\n\n\n<div class=\"wpcf7 no-js\" id=\"wpcf7-f20660-o1\" lang=\"en-US\" dir=\"ltr\" data-wpcf7-id=\"20660\">\n<div class=\"screen-reader-response\"><p role=\"status\" aria-live=\"polite\" aria-atomic=\"true\"><\/p> <ul><\/ul><\/div>\n<form action=\"\/en\/wp-json\/wp\/v2\/pages\/2264#wpcf7-f20660-o1\" method=\"post\" class=\"wpcf7-form init\" aria-label=\"Contact form\" novalidate=\"novalidate\" data-status=\"init\">\n<fieldset class=\"hidden-fields-container\"><input type=\"hidden\" name=\"_wpcf7\" value=\"20660\" \/><input type=\"hidden\" name=\"_wpcf7_version\" value=\"6.1.5\" \/><input type=\"hidden\" name=\"_wpcf7_locale\" value=\"en_US\" \/><input type=\"hidden\" name=\"_wpcf7_unit_tag\" value=\"wpcf7-f20660-o1\" \/><input type=\"hidden\" name=\"_wpcf7_container_post\" value=\"0\" \/><input type=\"hidden\" name=\"_wpcf7_posted_data_hash\" value=\"\" \/><input type=\"hidden\" name=\"_wpcf7_recaptcha_response\" value=\"\" \/>\n<\/fieldset>\n<div class=\"contact-form-wrapper\">\n\t<div class=\"single-row\">\n\t\t<div class=\"single-column\">\n\t\t\t<p><label> Name <span class=\"wpcf7-form-control-wrap\" data-name=\"your-name\"><input size=\"40\" maxlength=\"400\" class=\"wpcf7-form-control wpcf7-text wpcf7-validates-as-required\" autocomplete=\"name\" aria-required=\"true\" aria-invalid=\"false\" value=\"\" type=\"text\" name=\"your-name\" \/><\/span> <\/label>\n\t\t\t<\/p>\n\t\t<\/div>\n\t\t<div class=\"single-column\">\n\t\t\t<p><label> Last name <span class=\"wpcf7-form-control-wrap\" data-name=\"your-surname\"><input size=\"40\" maxlength=\"400\" class=\"wpcf7-form-control wpcf7-text wpcf7-validates-as-required\" autocomplete=\"family-name\" aria-required=\"true\" aria-invalid=\"false\" value=\"\" type=\"text\" name=\"your-surname\" \/><\/span> <\/label>\n\t\t\t<\/p>\n\t\t<\/div>\n\t\t<div class=\"single-column\">\n\t\t\t<p><label> Email <span class=\"wpcf7-form-control-wrap\" data-name=\"your-email\"><input size=\"40\" maxlength=\"400\" class=\"wpcf7-form-control wpcf7-email wpcf7-validates-as-required wpcf7-text wpcf7-validates-as-email\" autocomplete=\"email\" aria-required=\"true\" aria-invalid=\"false\" value=\"\" type=\"email\" name=\"your-email\" \/><\/span> <\/label>\n\t\t\t<\/p>\n\t\t<\/div>\n\t\t<div class=\"single-column\">\n\t\t\t<p><label> Telephone number <span class=\"wpcf7-form-control-wrap\" data-name=\"your-tel\"><input size=\"40\" maxlength=\"400\" class=\"wpcf7-form-control wpcf7-text wpcf7-validates-as-required\" autocomplete=\"tel\" aria-required=\"true\" aria-invalid=\"false\" value=\"\" type=\"text\" name=\"your-tel\" \/><\/span><\/label>\n\t\t\t<\/p>\n\t\t<\/div>\n\t\t<div class=\"single-column\">\n\t\t\t<p><label> Product reference or name <span class=\"wpcf7-form-control-wrap\" data-name=\"your-product-title\"><input size=\"40\" maxlength=\"400\" class=\"wpcf7-form-control wpcf7-text wpcf7-validates-as-required\" id=\"product-title\" autocomplete=\"name\" aria-required=\"true\" aria-invalid=\"false\" value=\"\" type=\"text\" name=\"your-product-title\" \/><\/span> <\/label>\n\t\t\t<\/p>\n\t\t<\/div>\n\t\t<p><label> Message to <span class=\"wpcf7-form-control-wrap\" data-name=\"your-message\"><textarea cols=\"40\" rows=\"10\" maxlength=\"2000\" class=\"wpcf7-form-control wpcf7-textarea\" aria-invalid=\"false\" name=\"your-message\"><\/textarea><\/span> <\/label>\n\t\t<\/p>\n\t<\/div><!-- Wrap the button and reCAPTCHA in a container -->\n\t<div class=\"submit-recaptcha-row\" style=\"display: flex; align-items: center; justify-content: center; gap: 10px;\">\n\t\t<p id=\"submit-btn\" style=\"margin: 0; padding: 10px 20px; color: white; font-size: 16px; cursor: pointer; font-weight: bold; border: none; border-radius: 5px; text-align: center; display: inline-block;\"><input class=\"wpcf7-form-control wpcf7-submit has-spinner\" type=\"submit\" value=\"SEND\" \/>\n\t\t<\/p>\n\t\t<div class=\"form-row\">\n\t\t\t<div class=\"column-full\" style=\"display: inline-block;\">\n\t\t\t<span class=\"wpcf7-form-control-wrap recaptcha\" data-name=\"recaptcha\"><span data-sitekey=\"6LfpGH4nAAAAAJpAK_-fnKX-pOXPkDPhHJhrF4dA\" class=\"wpcf7-form-control wpcf7-recaptcha g-recaptcha\"><\/span>\r\n<noscript>\r\n\t<div class=\"grecaptcha-noscript\">\r\n\t\t<iframe src=\"https:\/\/www.google.com\/recaptcha\/api\/fallback?k=6LfpGH4nAAAAAJpAK_-fnKX-pOXPkDPhHJhrF4dA\" frameborder=\"0\" scrolling=\"no\" width=\"310\" height=\"430\">\r\n\t\t<\/iframe>\r\n\t\t<textarea name=\"g-recaptcha-response\" rows=\"3\" cols=\"40\" placeholder=\"reCaptcha Response Here\">\r\n\t\t<\/textarea>\r\n\t<\/div>\r\n<\/noscript>\r\n<\/span>\n\t\t\t<\/div>\n\t\t<\/div>\n\t<\/div>\n<\/div><div class=\"wpcf7-response-output\" aria-hidden=\"true\"><\/div>\n<\/form>\n<\/div>\n\r\n\t\t\t\t<script>\r\n\t\t\t\tif ( typeof huOptions !== 'undefined' ) {\r\n\t\t\t\t\tvar huFormData = {\"source\":\"contactform7\",\"id\":20660,\"title\":\"Kontakt\\u0173 forma 1_copy\",\"fields\":{\"subject\":{\"first_name\":\"your-name\",\"email\":\"your-email\"},\"preferences\":{\"terms\":\"your-consent\"}}};\r\n\t\t\t\t\tvar huFormNode = document.querySelector( '[id^=\"wpcf7-f20660-\"] form' );\r\n\r\n\t\t\t\t\thuFormData['node'] = huFormNode;\r\n\t\t\t\t\thuOptions['forms'].push( huFormData );\r\n\t\t\t\t}\r\n\t\t\t\t<\/script>\n\n\n\t\t<\/div>\n\t\t\t\t\t<\/div>\n\n\t\n\n<\/div>\n\n\t\t<\/div>\n\n\t\t\n<style>\n#section_2114266380 {\n  padding-top: 30px;\n  padding-bottom: 30px;\n}\n<\/style>\n\t<\/section>\n\t\n\n","protected":false},"excerpt":{"rendered":"","protected":false},"author":2,"featured_media":0,"parent":0,"menu_order":0,"comment_status":"closed","ping_status":"closed","template":"","meta":{"footnotes":""},"class_list":["post-2264","page","type-page","status-publish","hentry"],"yoast_head":"<!-- This site is optimized with the Yoast SEO plugin v27.1.1 - https:\/\/yoast.com\/product\/yoast-seo-wordpress\/ -->\n<title>Contact | Monaxis<\/title>\n<meta name=\"robots\" content=\"index, follow, max-snippet:-1, max-image-preview:large, max-video-preview:-1\" \/>\n<link rel=\"canonical\" href=\"https:\/\/www.monaxis.lt\/kontaktai\/\" \/>\n<meta property=\"og:locale\" content=\"en_US\" \/>\n<meta property=\"og:type\" content=\"article\" \/>\n<meta property=\"og:title\" content=\"Contact | Monaxis\" \/>\n<meta property=\"og:url\" content=\"https:\/\/www.monaxis.lt\/kontaktai\/\" \/>\n<meta property=\"og:site_name\" content=\"Monaxis\" \/>\n<meta property=\"article:modified_time\" content=\"2026-03-23T11:50:22+00:00\" \/>\n<meta property=\"og:image\" content=\"https:\/\/monaxis.lt\/wp-content\/uploads\/2022\/12\/bxs_phone-call.png\" \/>\n<meta name=\"twitter:card\" content=\"summary_large_image\" \/>\n<meta name=\"twitter:label1\" content=\"Est. reading time\" \/>\n\t<meta name=\"twitter:data1\" content=\"1 minute\" \/>\n<script type=\"application\/ld+json\" class=\"yoast-schema-graph\">{\"@context\":\"https:\/\/schema.org\",\"@graph\":[{\"@type\":\"WebPage\",\"@id\":\"https:\/\/www.monaxis.lt\/kontaktai\/\",\"url\":\"https:\/\/www.monaxis.lt\/kontaktai\/\",\"name\":\"Contact | Monaxis\",\"isPartOf\":{\"@id\":\"https:\/\/www.monaxis.lt\/en\/#website\"},\"primaryImageOfPage\":{\"@id\":\"https:\/\/www.monaxis.lt\/kontaktai\/#primaryimage\"},\"image\":{\"@id\":\"https:\/\/www.monaxis.lt\/kontaktai\/#primaryimage\"},\"thumbnailUrl\":\"https:\/\/monaxis.lt\/wp-content\/uploads\/2022\/12\/bxs_phone-call.png\",\"datePublished\":\"2022-12-13T11:17:22+00:00\",\"dateModified\":\"2026-03-23T11:50:22+00:00\",\"breadcrumb\":{\"@id\":\"https:\/\/www.monaxis.lt\/kontaktai\/#breadcrumb\"},\"inLanguage\":\"en-US\",\"potentialAction\":[{\"@type\":\"ReadAction\",\"target\":[\"https:\/\/www.monaxis.lt\/kontaktai\/\"]}]},{\"@type\":\"ImageObject\",\"inLanguage\":\"en-US\",\"@id\":\"https:\/\/www.monaxis.lt\/kontaktai\/#primaryimage\",\"url\":\"https:\/\/monaxis.lt\/wp-content\/uploads\/2022\/12\/bxs_phone-call.png\",\"contentUrl\":\"https:\/\/monaxis.lt\/wp-content\/uploads\/2022\/12\/bxs_phone-call.png\"},{\"@type\":\"BreadcrumbList\",\"@id\":\"https:\/\/www.monaxis.lt\/kontaktai\/#breadcrumb\",\"itemListElement\":[{\"@type\":\"ListItem\",\"position\":1,\"name\":\"Pagrindinis\",\"item\":\"https:\/\/www.monaxis.lt\/en\/\"},{\"@type\":\"ListItem\",\"position\":2,\"name\":\"Contact\"}]},{\"@type\":\"WebSite\",\"@id\":\"https:\/\/www.monaxis.lt\/en\/#website\",\"url\":\"https:\/\/www.monaxis.lt\/en\/\",\"name\":\"Monaxis\",\"description\":\"Prekybin\u0117, bei \u0161aldymo \u012franga\",\"publisher\":{\"@id\":\"https:\/\/www.monaxis.lt\/en\/#organization\"},\"potentialAction\":[{\"@type\":\"SearchAction\",\"target\":{\"@type\":\"EntryPoint\",\"urlTemplate\":\"https:\/\/www.monaxis.lt\/en\/?s={search_term_string}\"},\"query-input\":{\"@type\":\"PropertyValueSpecification\",\"valueRequired\":true,\"valueName\":\"search_term_string\"}}],\"inLanguage\":\"en-US\"},{\"@type\":\"Organization\",\"@id\":\"https:\/\/www.monaxis.lt\/en\/#organization\",\"name\":\"Monaxis\",\"url\":\"https:\/\/www.monaxis.lt\/en\/\",\"logo\":{\"@type\":\"ImageObject\",\"inLanguage\":\"en-US\",\"@id\":\"https:\/\/www.monaxis.lt\/en\/#\/schema\/logo\/image\/\",\"url\":\"https:\/\/www.monaxis.lt\/wp-content\/uploads\/2023\/03\/logo-1.png\",\"contentUrl\":\"https:\/\/www.monaxis.lt\/wp-content\/uploads\/2023\/03\/logo-1.png\",\"width\":205,\"height\":58,\"caption\":\"Monaxis\"},\"image\":{\"@id\":\"https:\/\/www.monaxis.lt\/en\/#\/schema\/logo\/image\/\"}}]}<\/script>\n<!-- \/ Yoast SEO plugin. -->","yoast_head_json":{"title":"Contact | Monaxis","robots":{"index":"index","follow":"follow","max-snippet":"max-snippet:-1","max-image-preview":"max-image-preview:large","max-video-preview":"max-video-preview:-1"},"canonical":"https:\/\/www.monaxis.lt\/kontaktai\/","og_locale":"en_US","og_type":"article","og_title":"Contact | Monaxis","og_url":"https:\/\/www.monaxis.lt\/kontaktai\/","og_site_name":"Monaxis","article_modified_time":"2026-03-23T11:50:22+00:00","og_image":[{"url":"https:\/\/monaxis.lt\/wp-content\/uploads\/2022\/12\/bxs_phone-call.png","type":"","width":"","height":""}],"twitter_card":"summary_large_image","twitter_misc":{"Est. reading time":"1 minute"},"schema":{"@context":"https:\/\/schema.org","@graph":[{"@type":"WebPage","@id":"https:\/\/www.monaxis.lt\/kontaktai\/","url":"https:\/\/www.monaxis.lt\/kontaktai\/","name":"Contact | Monaxis","isPartOf":{"@id":"https:\/\/www.monaxis.lt\/en\/#website"},"primaryImageOfPage":{"@id":"https:\/\/www.monaxis.lt\/kontaktai\/#primaryimage"},"image":{"@id":"https:\/\/www.monaxis.lt\/kontaktai\/#primaryimage"},"thumbnailUrl":"https:\/\/monaxis.lt\/wp-content\/uploads\/2022\/12\/bxs_phone-call.png","datePublished":"2022-12-13T11:17:22+00:00","dateModified":"2026-03-23T11:50:22+00:00","breadcrumb":{"@id":"https:\/\/www.monaxis.lt\/kontaktai\/#breadcrumb"},"inLanguage":"en-US","potentialAction":[{"@type":"ReadAction","target":["https:\/\/www.monaxis.lt\/kontaktai\/"]}]},{"@type":"ImageObject","inLanguage":"en-US","@id":"https:\/\/www.monaxis.lt\/kontaktai\/#primaryimage","url":"https:\/\/monaxis.lt\/wp-content\/uploads\/2022\/12\/bxs_phone-call.png","contentUrl":"https:\/\/monaxis.lt\/wp-content\/uploads\/2022\/12\/bxs_phone-call.png"},{"@type":"BreadcrumbList","@id":"https:\/\/www.monaxis.lt\/kontaktai\/#breadcrumb","itemListElement":[{"@type":"ListItem","position":1,"name":"Pagrindinis","item":"https:\/\/www.monaxis.lt\/en\/"},{"@type":"ListItem","position":2,"name":"Contact"}]},{"@type":"WebSite","@id":"https:\/\/www.monaxis.lt\/en\/#website","url":"https:\/\/www.monaxis.lt\/en\/","name":"Monaxis","description":"Prekybin\u0117, bei \u0161aldymo \u012franga","publisher":{"@id":"https:\/\/www.monaxis.lt\/en\/#organization"},"potentialAction":[{"@type":"SearchAction","target":{"@type":"EntryPoint","urlTemplate":"https:\/\/www.monaxis.lt\/en\/?s={search_term_string}"},"query-input":{"@type":"PropertyValueSpecification","valueRequired":true,"valueName":"search_term_string"}}],"inLanguage":"en-US"},{"@type":"Organization","@id":"https:\/\/www.monaxis.lt\/en\/#organization","name":"Monaxis","url":"https:\/\/www.monaxis.lt\/en\/","logo":{"@type":"ImageObject","inLanguage":"en-US","@id":"https:\/\/www.monaxis.lt\/en\/#\/schema\/logo\/image\/","url":"https:\/\/www.monaxis.lt\/wp-content\/uploads\/2023\/03\/logo-1.png","contentUrl":"https:\/\/www.monaxis.lt\/wp-content\/uploads\/2023\/03\/logo-1.png","width":205,"height":58,"caption":"Monaxis"},"image":{"@id":"https:\/\/www.monaxis.lt\/en\/#\/schema\/logo\/image\/"}}]}},"_links":{"self":[{"href":"https:\/\/www.monaxis.lt\/en\/wp-json\/wp\/v2\/pages\/2264","targetHints":{"allow":["GET"]}}],"collection":[{"href":"https:\/\/www.monaxis.lt\/en\/wp-json\/wp\/v2\/pages"}],"about":[{"href":"https:\/\/www.monaxis.lt\/en\/wp-json\/wp\/v2\/types\/page"}],"author":[{"embeddable":true,"href":"https:\/\/www.monaxis.lt\/en\/wp-json\/wp\/v2\/users\/2"}],"replies":[{"embeddable":true,"href":"https:\/\/www.monaxis.lt\/en\/wp-json\/wp\/v2\/comments?post=2264"}],"version-history":[{"count":5,"href":"https:\/\/www.monaxis.lt\/en\/wp-json\/wp\/v2\/pages\/2264\/revisions"}],"predecessor-version":[{"id":20874,"href":"https:\/\/www.monaxis.lt\/en\/wp-json\/wp\/v2\/pages\/2264\/revisions\/20874"}],"wp:attachment":[{"href":"https:\/\/www.monaxis.lt\/en\/wp-json\/wp\/v2\/media?parent=2264"}],"curies":[{"name":"wp","href":"https:\/\/api.w.org\/{rel}","templated":true}]}}