{"id":11180,"date":"2023-08-03T13:08:10","date_gmt":"2023-08-03T10:08:10","guid":{"rendered":"https:\/\/www.monaxis.lt\/?post_type=product&#038;p=11180"},"modified":"2026-03-21T16:13:23","modified_gmt":"2026-03-21T14:13:23","slug":"upright-freezer-olaf-r62-exclusive-white-kopija","status":"publish","type":"product","link":"https:\/\/www.monaxis.lt\/en\/parduotuve\/upright-freezer-olaf-r62-exclusive-white-kopija\/","title":{"rendered":"Upright freezer Olaf R62 Exclusive BLACK"},"content":{"rendered":"<p>The Olaf R62 Exclusive upright display freezers are the perfect choice for those who want the ultimate combination of quality and luxury. These freezers are available in the Monaxis.lt online shop, where you can get an exceptional quality freezer tailored to your business needs.<\/p>\n<p>These vertical display freezers with LED lighting create an elegant and luxurious atmosphere for your commercial space. LEDs not only provide good visibility for your products on display, but also add a distinctive touch to your product range. Their subtle light effect creates a feeling of luxury.<\/p>\n<p>The Olaf R62 Exclusive vertical display freezers are also distinguished by their compact size, which helps to optimise the use of retail space. Nevertheless, these freezers have a large capacity, allowing you to store and handle a wide range of products comfortably. This is especially important if you have limited space in your commercial area but want to offer a wide range of products to your customers.<\/p>\n<p>The Olaf R62 Exclusive vertical display freezers save energy and meet high energy efficiency standards. This means that not only will you save costs, but you&#8217;ll also reduce your business&#8217;s ecological footprint. Energy efficiency is a long-term benefit that will help you maintain cost-effectiveness and achieve high operational efficiency.<\/p>\n<p>Invest in Olaf R62 Exclusive vertical display freezers to give your commercial space a luxury feel, attract more customers and increase sales. With LED lighting, stylish design, compact size and energy efficiency, these freezers will give you convenience, exclusivity and great business success.<\/p>\n<h4><strong>Advantages of the upright display freezer:<\/strong><\/h4>\n<p>The display space of the showcase is made without a frame in the Full Glass version.<br \/>\nStainless steel door handles are a modern finish for the living room.<br \/>\nThe body and interior of the chamber are made of powder-coated steel.<br \/>\nVertical LED lighting on the right side of the door increases the visibility of the display.<br \/>\nThe shelves with reinforced construction are height-adjustable and plastic-coated.<br \/>\nDoors with a double layer of toughened glass prevent loss of cooling properties.<br \/>\nHigh-quality insulation in the refrigeration housing ensures low electricity consumption.<br \/>\nThe self-closing door ensures proper temperature maintenance.<br \/>\nThe wheels with brake allow easy transport.<br \/>\nEach shelf has a price strip.<\/p>\n<p>The dynamic cooling system ensures a uniform temperature throughout the chamber.<br \/>\nCarel&#8217;s electronic control panel allows the temperature to be set between -18 and -22 \u00b0C.<br \/>\nA digital display provides information on the current temperature inside the chamber.<br \/>\nThe appliance is equipped with an automatic defrosting function.<br \/>\nThe efficient Secop compressor ensures adequate efficiency and energy efficiency.<br \/>\nThe product is covered by a 12-month warranty.<\/p>\n","protected":false},"excerpt":{"rendered":"<div class=\"product__parameter__name\"><strong><span class=\"product__parameter__name__text\"><img decoding=\"async\" class=\"alignnone wp-image-7601\" src=\"https:\/\/www.monaxis.lt\/wp-content\/uploads\/2023\/03\/delivery-1-150x150.png\" alt=\"\" width=\"23\" height=\"23\" srcset=\"https:\/\/www.monaxis.lt\/wp-content\/uploads\/2023\/03\/delivery-1-150x150.png 150w, https:\/\/www.monaxis.lt\/wp-content\/uploads\/2023\/03\/delivery-1-300x300.png 300w, https:\/\/www.monaxis.lt\/wp-content\/uploads\/2023\/03\/delivery-1.png 512w\" sizes=\"(max-width: 23px) 100vw, 23px\" \/> Delivery <\/span><\/strong><\/div>\n<div class=\"product__parameter__value\"><span class=\"product__parameter__value__text\" style=\"font-size: 75%;\">     <strong>   <span style=\"color: #999999;\"> 2-10 d.d.<\/span><\/strong><\/span><\/div>\n<div class=\"product__parameter__name\">\n<div class=\"product__parameter__value\">\n<hr>\n<\/div>\n<div>\n<div class=\"product__parameter__name\"><strong><span class=\"product__parameter__name__text\"><img decoding=\"async\" class=\"alignnone wp-image-7806\" style=\"color: #333333;\" src=\"https:\/\/www.monaxis.lt\/wp-content\/uploads\/2023\/01\/temperature-4.png\" alt=\"\" width=\"23\" height=\"23\"> Maintained temperature<\/span><\/strong><\/div>\n<div class=\"product__parameter__value\"><span class=\"product__parameter__value__text\" style=\"font-size: 75%;\">     <strong>   <span style=\"color: #999999;\">    <\/span><\/strong><\/span><span style=\"color: #999999;\"><strong><span style=\"font-size: 75%;\">(-18\u00f7 -22 \u00b0C)<\/span><\/strong><\/span><\/div>\n<\/div>\n<div>\n<hr>\n<\/div>\n<div>\n<div class=\"product__parameter__name\"><strong><span class=\"product__parameter__name__text\"><img decoding=\"async\" class=\"alignnone wp-image-7807\" src=\"https:\/\/www.monaxis.lt\/wp-content\/uploads\/2023\/01\/refrigerant.png\" alt=\"\" width=\"23\" height=\"23\"> Refrigerant<\/span><\/strong><\/div>\n<div class=\"product__parameter__value\"><span class=\"product__parameter__value__text\" style=\"font-size: 75%;\">       <span style=\"color: #808080;\">  <span style=\"color: #999999;\"><strong>R290<\/strong><\/span><\/span><\/span><\/div>\n<\/div>\n<\/div>\n<div class=\"product__parameter__value\">\n<hr>\n<\/div>\n<p><strong><img decoding=\"async\" class=\"alignnone wp-image-7810\" src=\"https:\/\/www.monaxis.lt\/wp-content\/uploads\/2023\/01\/komplektuojama.png\" alt=\"\" width=\"23\" height=\"23\"> Comes with<\/strong><br \/>\n<strong><span style=\"font-size: 75%; color: #999999;\">  Refrigerated 1-door cupboard<\/span><\/strong><br \/>\n<strong><span style=\"font-size: 75%; color: #999999;\"> Shelves &#8211; 5 pcs<\/span><\/strong><br \/>\n<strong><span style=\"font-size: 75%; color: #999999;\">  Shelf partitions &#8211; 5 pcs<\/span><\/strong><br \/>\n<strong><span style=\"font-size: 75%; color: #999999;\">  Price strips &#8211; 5 pcs<\/span><\/strong><br \/>\n<strong><span style=\"font-size: 75%; color: #999999;\"> Warranty card<\/span><\/strong><br \/>\n<strong><span style=\"font-size: 75%; color: #999999;\"> Proof of purchase &#8211; Receipt \/ FV<\/span><\/strong><\/p>\n","protected":false},"featured_media":11190,"comment_status":"open","ping_status":"closed","template":"","meta":[],"product_brand":[],"product_cat":[191],"product_tag":[],"class_list":{"0":"post-11180","1":"product","2":"type-product","3":"status-publish","4":"has-post-thumbnail","6":"product_cat-vertical-display-freezers","7":"pa_aukstis-205cm-en","8":"pa_bukle-new-en","9":"pa_ilgis-62cm-en","10":"pa_plotis-72cm-en","11":"pa_talpa-501l-en","12":"pa_temperaturos-diapazonas-c-18c-22c-en","14":"first","15":"onbackorder","16":"taxable","17":"shipping-taxable","18":"product-type-simple"},"yoast_head":"<!-- This site is optimized with the Yoast SEO plugin v27.1.1 - https:\/\/yoast.com\/product\/yoast-seo-wordpress\/ -->\n<title>Upright display freezers OLAF R62 Exclusive | Monaxis.lt<\/title>\n<meta name=\"description\" content=\"Bring a touch of luxury to your store with energy-efficient, stylish vertical display freezers. Shop now! Monaxis.lt\" \/>\n<meta name=\"robots\" content=\"index, follow, max-snippet:-1, max-image-preview:large, max-video-preview:-1\" \/>\n<link rel=\"canonical\" href=\"https:\/\/www.monaxis.lt\/en\/parduotuve\/upright-freezer-olaf-r62-exclusive-white-kopija\/\" \/>\n<meta property=\"og:locale\" content=\"en_US\" \/>\n<meta property=\"og:type\" content=\"article\" \/>\n<meta property=\"og:title\" content=\"Upright display freezers OLAF R62 Exclusive | Monaxis.lt\" \/>\n<meta property=\"og:description\" content=\"Bring a touch of luxury to your store with energy-efficient, stylish vertical display freezers. Shop now! Monaxis.lt\" \/>\n<meta property=\"og:url\" content=\"https:\/\/www.monaxis.lt\/en\/parduotuve\/upright-freezer-olaf-r62-exclusive-white-kopija\/\" \/>\n<meta property=\"og:site_name\" content=\"Monaxis\" \/>\n<meta property=\"article:modified_time\" content=\"2026-03-21T14:13:23+00:00\" \/>\n<meta property=\"og:image\" content=\"https:\/\/www.monaxis.lt\/wp-content\/uploads\/2023\/08\/olaf-r62-exclusive-black.webp\" \/>\n\t<meta property=\"og:image:width\" content=\"1000\" \/>\n\t<meta property=\"og:image:height\" content=\"1000\" \/>\n\t<meta property=\"og:image:type\" content=\"image\/webp\" \/>\n<meta name=\"twitter:card\" content=\"summary_large_image\" \/>\n<meta name=\"twitter:label1\" content=\"Est. reading time\" \/>\n\t<meta name=\"twitter:data1\" content=\"3 minutes\" \/>\n<script type=\"application\/ld+json\" class=\"yoast-schema-graph\">{\"@context\":\"https:\/\/schema.org\",\"@graph\":[{\"@type\":\"WebPage\",\"@id\":\"https:\/\/www.monaxis.lt\/en\/parduotuve\/upright-freezer-olaf-r62-exclusive-white-kopija\/\",\"url\":\"https:\/\/www.monaxis.lt\/en\/parduotuve\/upright-freezer-olaf-r62-exclusive-white-kopija\/\",\"name\":\"Upright display freezers OLAF R62 Exclusive | Monaxis.lt\",\"isPartOf\":{\"@id\":\"https:\/\/www.monaxis.lt\/en\/#website\"},\"primaryImageOfPage\":{\"@id\":\"https:\/\/www.monaxis.lt\/en\/parduotuve\/upright-freezer-olaf-r62-exclusive-white-kopija\/#primaryimage\"},\"image\":{\"@id\":\"https:\/\/www.monaxis.lt\/en\/parduotuve\/upright-freezer-olaf-r62-exclusive-white-kopija\/#primaryimage\"},\"thumbnailUrl\":\"https:\/\/www.monaxis.lt\/wp-content\/uploads\/2023\/08\/olaf-r62-exclusive-black.webp\",\"datePublished\":\"2023-08-03T10:08:10+00:00\",\"dateModified\":\"2026-03-21T14:13:23+00:00\",\"description\":\"Bring a touch of luxury to your store with energy-efficient, stylish vertical display freezers. Shop now! Monaxis.lt\",\"breadcrumb\":{\"@id\":\"https:\/\/www.monaxis.lt\/en\/parduotuve\/upright-freezer-olaf-r62-exclusive-white-kopija\/#breadcrumb\"},\"inLanguage\":\"en-US\",\"potentialAction\":[{\"@type\":\"ReadAction\",\"target\":[\"https:\/\/www.monaxis.lt\/en\/parduotuve\/upright-freezer-olaf-r62-exclusive-white-kopija\/\"]}]},{\"@type\":\"ImageObject\",\"inLanguage\":\"en-US\",\"@id\":\"https:\/\/www.monaxis.lt\/en\/parduotuve\/upright-freezer-olaf-r62-exclusive-white-kopija\/#primaryimage\",\"url\":\"https:\/\/www.monaxis.lt\/wp-content\/uploads\/2023\/08\/olaf-r62-exclusive-black.webp\",\"contentUrl\":\"https:\/\/www.monaxis.lt\/wp-content\/uploads\/2023\/08\/olaf-r62-exclusive-black.webp\",\"width\":1000,\"height\":1000},{\"@type\":\"BreadcrumbList\",\"@id\":\"https:\/\/www.monaxis.lt\/en\/parduotuve\/upright-freezer-olaf-r62-exclusive-white-kopija\/#breadcrumb\",\"itemListElement\":[{\"@type\":\"ListItem\",\"position\":1,\"name\":\"Pagrindinis\",\"item\":\"https:\/\/www.monaxis.lt\/en\/\"},{\"@type\":\"ListItem\",\"position\":2,\"name\":\"Shop\",\"item\":\"https:\/\/www.monaxis.lt\/en\/shop\/\"},{\"@type\":\"ListItem\",\"position\":3,\"name\":\"Commercial refrigeration equipment\",\"item\":\"https:\/\/www.monaxis.lt\/en\/produkto-kategorija\/commercial-refrigeration-equipment-en\/\"},{\"@type\":\"ListItem\",\"position\":4,\"name\":\"Vertical freezers\",\"item\":\"https:\/\/www.monaxis.lt\/en\/produkto-kategorija\/commercial-refrigeration-equipment-en\/vertical-freezers\/\"},{\"@type\":\"ListItem\",\"position\":5,\"name\":\"Vertical display freezers\",\"item\":\"https:\/\/www.monaxis.lt\/en\/produkto-kategorija\/commercial-refrigeration-equipment-en\/vertical-freezers\/vertical-display-freezers\/\"},{\"@type\":\"ListItem\",\"position\":6,\"name\":\"Upright freezer Olaf R62 Exclusive BLACK\"}]},{\"@type\":\"WebSite\",\"@id\":\"https:\/\/www.monaxis.lt\/en\/#website\",\"url\":\"https:\/\/www.monaxis.lt\/en\/\",\"name\":\"Monaxis\",\"description\":\"Prekybin\u0117, bei \u0161aldymo \u012franga\",\"publisher\":{\"@id\":\"https:\/\/www.monaxis.lt\/en\/#organization\"},\"potentialAction\":[{\"@type\":\"SearchAction\",\"target\":{\"@type\":\"EntryPoint\",\"urlTemplate\":\"https:\/\/www.monaxis.lt\/en\/?s={search_term_string}\"},\"query-input\":{\"@type\":\"PropertyValueSpecification\",\"valueRequired\":true,\"valueName\":\"search_term_string\"}}],\"inLanguage\":\"en-US\"},{\"@type\":\"Organization\",\"@id\":\"https:\/\/www.monaxis.lt\/en\/#organization\",\"name\":\"Monaxis\",\"url\":\"https:\/\/www.monaxis.lt\/en\/\",\"logo\":{\"@type\":\"ImageObject\",\"inLanguage\":\"en-US\",\"@id\":\"https:\/\/www.monaxis.lt\/en\/#\/schema\/logo\/image\/\",\"url\":\"https:\/\/www.monaxis.lt\/wp-content\/uploads\/2023\/03\/logo-1.png\",\"contentUrl\":\"https:\/\/www.monaxis.lt\/wp-content\/uploads\/2023\/03\/logo-1.png\",\"width\":205,\"height\":58,\"caption\":\"Monaxis\"},\"image\":{\"@id\":\"https:\/\/www.monaxis.lt\/en\/#\/schema\/logo\/image\/\"}}]}<\/script>\n<!-- \/ Yoast SEO plugin. -->","yoast_head_json":{"title":"Upright display freezers OLAF R62 Exclusive | Monaxis.lt","description":"Bring a touch of luxury to your store with energy-efficient, stylish vertical display freezers. Shop now! Monaxis.lt","robots":{"index":"index","follow":"follow","max-snippet":"max-snippet:-1","max-image-preview":"max-image-preview:large","max-video-preview":"max-video-preview:-1"},"canonical":"https:\/\/www.monaxis.lt\/en\/parduotuve\/upright-freezer-olaf-r62-exclusive-white-kopija\/","og_locale":"en_US","og_type":"article","og_title":"Upright display freezers OLAF R62 Exclusive | Monaxis.lt","og_description":"Bring a touch of luxury to your store with energy-efficient, stylish vertical display freezers. Shop now! Monaxis.lt","og_url":"https:\/\/www.monaxis.lt\/en\/parduotuve\/upright-freezer-olaf-r62-exclusive-white-kopija\/","og_site_name":"Monaxis","article_modified_time":"2026-03-21T14:13:23+00:00","og_image":[{"width":1000,"height":1000,"url":"https:\/\/www.monaxis.lt\/wp-content\/uploads\/2023\/08\/olaf-r62-exclusive-black.webp","type":"image\/webp"}],"twitter_card":"summary_large_image","twitter_misc":{"Est. reading time":"3 minutes"},"schema":{"@context":"https:\/\/schema.org","@graph":[{"@type":"WebPage","@id":"https:\/\/www.monaxis.lt\/en\/parduotuve\/upright-freezer-olaf-r62-exclusive-white-kopija\/","url":"https:\/\/www.monaxis.lt\/en\/parduotuve\/upright-freezer-olaf-r62-exclusive-white-kopija\/","name":"Upright display freezers OLAF R62 Exclusive | Monaxis.lt","isPartOf":{"@id":"https:\/\/www.monaxis.lt\/en\/#website"},"primaryImageOfPage":{"@id":"https:\/\/www.monaxis.lt\/en\/parduotuve\/upright-freezer-olaf-r62-exclusive-white-kopija\/#primaryimage"},"image":{"@id":"https:\/\/www.monaxis.lt\/en\/parduotuve\/upright-freezer-olaf-r62-exclusive-white-kopija\/#primaryimage"},"thumbnailUrl":"https:\/\/www.monaxis.lt\/wp-content\/uploads\/2023\/08\/olaf-r62-exclusive-black.webp","datePublished":"2023-08-03T10:08:10+00:00","dateModified":"2026-03-21T14:13:23+00:00","description":"Bring a touch of luxury to your store with energy-efficient, stylish vertical display freezers. Shop now! Monaxis.lt","breadcrumb":{"@id":"https:\/\/www.monaxis.lt\/en\/parduotuve\/upright-freezer-olaf-r62-exclusive-white-kopija\/#breadcrumb"},"inLanguage":"en-US","potentialAction":[{"@type":"ReadAction","target":["https:\/\/www.monaxis.lt\/en\/parduotuve\/upright-freezer-olaf-r62-exclusive-white-kopija\/"]}]},{"@type":"ImageObject","inLanguage":"en-US","@id":"https:\/\/www.monaxis.lt\/en\/parduotuve\/upright-freezer-olaf-r62-exclusive-white-kopija\/#primaryimage","url":"https:\/\/www.monaxis.lt\/wp-content\/uploads\/2023\/08\/olaf-r62-exclusive-black.webp","contentUrl":"https:\/\/www.monaxis.lt\/wp-content\/uploads\/2023\/08\/olaf-r62-exclusive-black.webp","width":1000,"height":1000},{"@type":"BreadcrumbList","@id":"https:\/\/www.monaxis.lt\/en\/parduotuve\/upright-freezer-olaf-r62-exclusive-white-kopija\/#breadcrumb","itemListElement":[{"@type":"ListItem","position":1,"name":"Pagrindinis","item":"https:\/\/www.monaxis.lt\/en\/"},{"@type":"ListItem","position":2,"name":"Shop","item":"https:\/\/www.monaxis.lt\/en\/shop\/"},{"@type":"ListItem","position":3,"name":"Commercial refrigeration equipment","item":"https:\/\/www.monaxis.lt\/en\/produkto-kategorija\/commercial-refrigeration-equipment-en\/"},{"@type":"ListItem","position":4,"name":"Vertical freezers","item":"https:\/\/www.monaxis.lt\/en\/produkto-kategorija\/commercial-refrigeration-equipment-en\/vertical-freezers\/"},{"@type":"ListItem","position":5,"name":"Vertical display freezers","item":"https:\/\/www.monaxis.lt\/en\/produkto-kategorija\/commercial-refrigeration-equipment-en\/vertical-freezers\/vertical-display-freezers\/"},{"@type":"ListItem","position":6,"name":"Upright freezer Olaf R62 Exclusive BLACK"}]},{"@type":"WebSite","@id":"https:\/\/www.monaxis.lt\/en\/#website","url":"https:\/\/www.monaxis.lt\/en\/","name":"Monaxis","description":"Prekybin\u0117, bei \u0161aldymo \u012franga","publisher":{"@id":"https:\/\/www.monaxis.lt\/en\/#organization"},"potentialAction":[{"@type":"SearchAction","target":{"@type":"EntryPoint","urlTemplate":"https:\/\/www.monaxis.lt\/en\/?s={search_term_string}"},"query-input":{"@type":"PropertyValueSpecification","valueRequired":true,"valueName":"search_term_string"}}],"inLanguage":"en-US"},{"@type":"Organization","@id":"https:\/\/www.monaxis.lt\/en\/#organization","name":"Monaxis","url":"https:\/\/www.monaxis.lt\/en\/","logo":{"@type":"ImageObject","inLanguage":"en-US","@id":"https:\/\/www.monaxis.lt\/en\/#\/schema\/logo\/image\/","url":"https:\/\/www.monaxis.lt\/wp-content\/uploads\/2023\/03\/logo-1.png","contentUrl":"https:\/\/www.monaxis.lt\/wp-content\/uploads\/2023\/03\/logo-1.png","width":205,"height":58,"caption":"Monaxis"},"image":{"@id":"https:\/\/www.monaxis.lt\/en\/#\/schema\/logo\/image\/"}}]}},"_links":{"self":[{"href":"https:\/\/www.monaxis.lt\/en\/wp-json\/wp\/v2\/product\/11180","targetHints":{"allow":["GET"]}}],"collection":[{"href":"https:\/\/www.monaxis.lt\/en\/wp-json\/wp\/v2\/product"}],"about":[{"href":"https:\/\/www.monaxis.lt\/en\/wp-json\/wp\/v2\/types\/product"}],"replies":[{"embeddable":true,"href":"https:\/\/www.monaxis.lt\/en\/wp-json\/wp\/v2\/comments?post=11180"}],"wp:featuredmedia":[{"embeddable":true,"href":"https:\/\/www.monaxis.lt\/en\/wp-json\/wp\/v2\/media\/11190"}],"wp:attachment":[{"href":"https:\/\/www.monaxis.lt\/en\/wp-json\/wp\/v2\/media?parent=11180"}],"wp:term":[{"taxonomy":"product_brand","embeddable":true,"href":"https:\/\/www.monaxis.lt\/en\/wp-json\/wp\/v2\/product_brand?post=11180"},{"taxonomy":"product_cat","embeddable":true,"href":"https:\/\/www.monaxis.lt\/en\/wp-json\/wp\/v2\/product_cat?post=11180"},{"taxonomy":"product_tag","embeddable":true,"href":"https:\/\/www.monaxis.lt\/en\/wp-json\/wp\/v2\/product_tag?post=11180"}],"curies":[{"name":"wp","href":"https:\/\/api.w.org\/{rel}","templated":true}]}}