{"id":11411,"date":"2023-08-03T15:46:32","date_gmt":"2023-08-03T12:46:32","guid":{"rendered":"https:\/\/www.monaxis.lt\/?post_type=product&#038;p=11411"},"modified":"2026-03-21T16:13:24","modified_gmt":"2026-03-21T14:13:24","slug":"showcase-refrigerator-diego-r125-black","status":"publish","type":"product","link":"https:\/\/www.monaxis.lt\/en\/parduotuve\/showcase-refrigerator-diego-r125-black\/","title":{"rendered":"Display refrigerator DIEGO R125 BLACK 888L"},"content":{"rendered":"<p>The Diego R125 display fridges are exceptional quality industrial refrigeration equipment, ideal for your business. These display fridges with LED lighting, glass doors and large storage volumes are not only functional but also energy-efficient.<\/p>\n<p>One of the main advantages of these display fridges is LED lighting. This modern lighting solution will give your products a bright and charming look, attract the attention of your customers and set you apart from the competition. LED lighting is also energy efficient, allowing you to save costs and contribute to environmental sustainability.<\/p>\n<p>The Diego R125 display fridges also feature glass doors, which not only give these fridges a sleek and modern look, but also make it easy for customers to see the goods. Glass doors also help to stimulate impulse purchases and increase sales.<\/p>\n<p>These display fridges also have a large storage volume, ensuring that you can organise your goods conveniently and efficiently. You can store large quantities of products without sacrificing convenience and space efficiency.<\/p>\n<p><strong>Benefits of the DIEGO 125 display fridge:<\/strong><\/p>\n<p>The refrigerator body is made of high-quality powder-coated steel.<br \/>\nHigh-quality insulation in the refrigerator body guarantees a reduction in cold loss.<br \/>\nThe interior of the chamber is powder-coated, making it easy to keep clean.<br \/>\nThe shelves are height-adjustable and plastic-coated with a reinforced structure.<br \/>\nDoors with double tempered glass and self-closing function.<br \/>\nVertical LED lighting on both sides of the door increases the visibility of the display.<br \/>\nWheels with brake allow easy transport of the unit.<br \/>\nEach shelf is equipped with a price strip and a shelf divider (separator).<\/p>\n<p>The dynamic cooling system ensures a uniform temperature throughout the chamber.<br \/>\nThe electronic control panel from the renowned Carel brand allows you to set the temperature from 0 to +10 \u00b0C.<br \/>\nThe digital display provides information about the current temperature inside the chamber.<br \/>\nThe efficient compressor from the renowned Secop brand ensures proper efficiency.<br \/>\nThe product comes with a 12-month warranty.<\/p>\n","protected":false},"excerpt":{"rendered":"<div class=\"product__parameter__name\"><strong><span class=\"product__parameter__name__text\"><img decoding=\"async\" class=\"alignnone wp-image-7601\" src=\"https:\/\/www.monaxis.lt\/wp-content\/uploads\/2023\/03\/delivery-1-150x150.png\" alt=\"\" width=\"23\" height=\"23\" srcset=\"https:\/\/www.monaxis.lt\/wp-content\/uploads\/2023\/03\/delivery-1-150x150.png 150w, https:\/\/www.monaxis.lt\/wp-content\/uploads\/2023\/03\/delivery-1-300x300.png 300w, https:\/\/www.monaxis.lt\/wp-content\/uploads\/2023\/03\/delivery-1.png 512w\" sizes=\"(max-width: 23px) 100vw, 23px\" \/> Delivery <\/span><\/strong><\/div>\n<div class=\"product__parameter__value\"><span class=\"product__parameter__value__text\" style=\"font-size: 75%;\">     <strong>   <span style=\"color: #999999;\"> 2-10 d.d.<\/span><\/strong><\/span><\/div>\n<div class=\"product__parameter__name\">\n<div class=\"product__parameter__value\">\n<hr>\n<\/div>\n<div>\n<div class=\"product__parameter__name\"><strong><span class=\"product__parameter__name__text\"><img decoding=\"async\" class=\"alignnone wp-image-7806\" style=\"color: #333333;\" src=\"https:\/\/www.monaxis.lt\/wp-content\/uploads\/2023\/01\/temperature-4.png\" alt=\"\" width=\"23\" height=\"23\"> Maintained temperature<\/span><\/strong><\/div>\n<div class=\"product__parameter__value\"><span class=\"product__parameter__value__text\" style=\"font-size: 75%;\">     <strong>   <span style=\"color: #999999;\">    <\/span><\/strong><\/span><span style=\"color: #999999;\"><strong><span style=\"font-size: 75%;\">(0\u00f7 +10 \u00b0C)<\/span><\/strong><\/span><\/div>\n<\/div>\n<div>\n<hr>\n<\/div>\n<div>\n<div class=\"product__parameter__name\"><strong><span class=\"product__parameter__name__text\"><img decoding=\"async\" class=\"alignnone wp-image-7807\" src=\"https:\/\/www.monaxis.lt\/wp-content\/uploads\/2023\/01\/refrigerant.png\" alt=\"\" width=\"23\" height=\"23\"> Refrigerant<\/span><\/strong><\/div>\n<div class=\"product__parameter__value\"><span class=\"product__parameter__value__text\" style=\"font-size: 75%;\">       <span style=\"color: #808080;\">  <span style=\"color: #999999;\"><strong>R290<\/strong><\/span><\/span><\/span><\/div>\n<\/div>\n<\/div>\n<div class=\"product__parameter__value\">\n<hr>\n<\/div>\n<p><strong><img decoding=\"async\" class=\"alignnone wp-image-7810\" src=\"https:\/\/www.monaxis.lt\/wp-content\/uploads\/2023\/01\/komplektuojama.png\" alt=\"\" width=\"23\" height=\"23\"> Comes with<\/strong><br \/>\n<strong><span style=\"font-size: 75%; color: #999999;\"> Refrigerated 2-door cupboard<\/span><\/strong><br \/>\n<strong><span style=\"font-size: 75%; color: #999999;\">  Shelves &#8211; 10pcs<\/span><\/strong><br \/>\n<strong><span style=\"font-size: 75%; color: #999999;\">  Shelf partitions &#8211; 10 pcs<\/span><\/strong><br \/>\n<strong><span style=\"font-size: 75%; color: #999999;\">  Price strips &#8211; 10 pcs<\/span><\/strong><br \/>\n<strong><span style=\"font-size: 75%; color: #999999;\"> Warranty card<\/span><\/strong><br \/>\n<strong><span style=\"font-size: 75%; color: #999999;\"> Proof of purchase &#8211; Receipt \/ FV<\/span><\/strong><\/p>\n","protected":false},"featured_media":11413,"comment_status":"open","ping_status":"closed","template":"","meta":[],"product_brand":[],"product_cat":[138,67],"product_tag":[144,146,143,142,145],"class_list":{"0":"post-11411","1":"product","2":"type-product","3":"status-publish","4":"has-post-thumbnail","6":"product_cat-showcase-refrigerators","7":"product_cat-commercial-refrigeration-equipment-en","8":"product_tag-drinks-fridge","9":"product_tag-fridge","10":"product_tag-refrigerator-with-glass-door","11":"product_tag-showcase-fridge","12":"product_tag-showcase-refrigerators","13":"pa_aukstis-205cm-en","14":"pa_bukle-new-en","15":"pa_ilgis-125cm-en","16":"pa_plotis-70cm-en","17":"pa_talpa-888l-en","18":"pa_temperaturos-diapazonas-c-0c-10c-en","20":"first","21":"outofstock","22":"taxable","23":"shipping-taxable","24":"purchasable","25":"product-type-simple"},"yoast_head":"<!-- This site is optimized with the Yoast SEO plugin v27.1.1 - https:\/\/yoast.com\/product\/yoast-seo-wordpress\/ -->\n<title>Showcase refrigerators DIEGO R125 | \u0160aldymo \u012franga | Monaxis<\/title>\n<meta name=\"description\" content=\"DIEGO R125 display refrigerators. This is not only a cost-effective solution, but also an environmentally friendly choice. Shop now! Monaxis.lt\" \/>\n<meta name=\"robots\" content=\"index, follow, max-snippet:-1, max-image-preview:large, max-video-preview:-1\" \/>\n<link rel=\"canonical\" href=\"https:\/\/www.monaxis.lt\/en\/parduotuve\/showcase-refrigerator-diego-r125-black\/\" \/>\n<meta property=\"og:locale\" content=\"en_US\" \/>\n<meta property=\"og:type\" content=\"article\" \/>\n<meta property=\"og:title\" content=\"Showcase refrigerators DIEGO R125 | \u0160aldymo \u012franga | Monaxis\" \/>\n<meta property=\"og:description\" content=\"DIEGO R125 display refrigerators. This is not only a cost-effective solution, but also an environmentally friendly choice. Shop now! Monaxis.lt\" \/>\n<meta property=\"og:url\" content=\"https:\/\/www.monaxis.lt\/en\/parduotuve\/showcase-refrigerator-diego-r125-black\/\" \/>\n<meta property=\"og:site_name\" content=\"Monaxis\" \/>\n<meta property=\"article:modified_time\" content=\"2026-03-21T14:13:24+00:00\" \/>\n<meta property=\"og:image\" content=\"https:\/\/www.monaxis.lt\/wp-content\/uploads\/2023\/08\/1-IMG_0686-kopia.webp\" \/>\n\t<meta property=\"og:image:width\" content=\"1000\" \/>\n\t<meta property=\"og:image:height\" content=\"1000\" \/>\n\t<meta property=\"og:image:type\" content=\"image\/webp\" \/>\n<meta name=\"twitter:card\" content=\"summary_large_image\" \/>\n<meta name=\"twitter:label1\" content=\"Est. reading time\" \/>\n\t<meta name=\"twitter:data1\" content=\"2 minutes\" \/>\n<script type=\"application\/ld+json\" class=\"yoast-schema-graph\">{\"@context\":\"https:\/\/schema.org\",\"@graph\":[{\"@type\":\"WebPage\",\"@id\":\"https:\/\/www.monaxis.lt\/en\/parduotuve\/showcase-refrigerator-diego-r125-black\/\",\"url\":\"https:\/\/www.monaxis.lt\/en\/parduotuve\/showcase-refrigerator-diego-r125-black\/\",\"name\":\"Showcase refrigerators DIEGO R125 | \u0160aldymo \u012franga | Monaxis\",\"isPartOf\":{\"@id\":\"https:\/\/www.monaxis.lt\/en\/#website\"},\"primaryImageOfPage\":{\"@id\":\"https:\/\/www.monaxis.lt\/en\/parduotuve\/showcase-refrigerator-diego-r125-black\/#primaryimage\"},\"image\":{\"@id\":\"https:\/\/www.monaxis.lt\/en\/parduotuve\/showcase-refrigerator-diego-r125-black\/#primaryimage\"},\"thumbnailUrl\":\"https:\/\/www.monaxis.lt\/wp-content\/uploads\/2023\/08\/1-IMG_0686-kopia.webp\",\"datePublished\":\"2023-08-03T12:46:32+00:00\",\"dateModified\":\"2026-03-21T14:13:24+00:00\",\"description\":\"DIEGO R125 display refrigerators. This is not only a cost-effective solution, but also an environmentally friendly choice. Shop now! Monaxis.lt\",\"breadcrumb\":{\"@id\":\"https:\/\/www.monaxis.lt\/en\/parduotuve\/showcase-refrigerator-diego-r125-black\/#breadcrumb\"},\"inLanguage\":\"en-US\",\"potentialAction\":[{\"@type\":\"ReadAction\",\"target\":[\"https:\/\/www.monaxis.lt\/en\/parduotuve\/showcase-refrigerator-diego-r125-black\/\"]}]},{\"@type\":\"ImageObject\",\"inLanguage\":\"en-US\",\"@id\":\"https:\/\/www.monaxis.lt\/en\/parduotuve\/showcase-refrigerator-diego-r125-black\/#primaryimage\",\"url\":\"https:\/\/www.monaxis.lt\/wp-content\/uploads\/2023\/08\/1-IMG_0686-kopia.webp\",\"contentUrl\":\"https:\/\/www.monaxis.lt\/wp-content\/uploads\/2023\/08\/1-IMG_0686-kopia.webp\",\"width\":1000,\"height\":1000},{\"@type\":\"BreadcrumbList\",\"@id\":\"https:\/\/www.monaxis.lt\/en\/parduotuve\/showcase-refrigerator-diego-r125-black\/#breadcrumb\",\"itemListElement\":[{\"@type\":\"ListItem\",\"position\":1,\"name\":\"Pagrindinis\",\"item\":\"https:\/\/www.monaxis.lt\/en\/\"},{\"@type\":\"ListItem\",\"position\":2,\"name\":\"Shop\",\"item\":\"https:\/\/www.monaxis.lt\/en\/shop\/\"},{\"@type\":\"ListItem\",\"position\":3,\"name\":\"Commercial refrigeration equipment\",\"item\":\"https:\/\/www.monaxis.lt\/en\/produkto-kategorija\/commercial-refrigeration-equipment-en\/\"},{\"@type\":\"ListItem\",\"position\":4,\"name\":\"Showcase refrigerators\",\"item\":\"https:\/\/www.monaxis.lt\/en\/produkto-kategorija\/commercial-refrigeration-equipment-en\/showcase-refrigerators\/\"},{\"@type\":\"ListItem\",\"position\":5,\"name\":\"Display refrigerator DIEGO R125 BLACK 888L\"}]},{\"@type\":\"WebSite\",\"@id\":\"https:\/\/www.monaxis.lt\/en\/#website\",\"url\":\"https:\/\/www.monaxis.lt\/en\/\",\"name\":\"Monaxis\",\"description\":\"Prekybin\u0117, bei \u0161aldymo \u012franga\",\"publisher\":{\"@id\":\"https:\/\/www.monaxis.lt\/en\/#organization\"},\"potentialAction\":[{\"@type\":\"SearchAction\",\"target\":{\"@type\":\"EntryPoint\",\"urlTemplate\":\"https:\/\/www.monaxis.lt\/en\/?s={search_term_string}\"},\"query-input\":{\"@type\":\"PropertyValueSpecification\",\"valueRequired\":true,\"valueName\":\"search_term_string\"}}],\"inLanguage\":\"en-US\"},{\"@type\":\"Organization\",\"@id\":\"https:\/\/www.monaxis.lt\/en\/#organization\",\"name\":\"Monaxis\",\"url\":\"https:\/\/www.monaxis.lt\/en\/\",\"logo\":{\"@type\":\"ImageObject\",\"inLanguage\":\"en-US\",\"@id\":\"https:\/\/www.monaxis.lt\/en\/#\/schema\/logo\/image\/\",\"url\":\"https:\/\/www.monaxis.lt\/wp-content\/uploads\/2023\/03\/logo-1.png\",\"contentUrl\":\"https:\/\/www.monaxis.lt\/wp-content\/uploads\/2023\/03\/logo-1.png\",\"width\":205,\"height\":58,\"caption\":\"Monaxis\"},\"image\":{\"@id\":\"https:\/\/www.monaxis.lt\/en\/#\/schema\/logo\/image\/\"}}]}<\/script>\n<!-- \/ Yoast SEO plugin. -->","yoast_head_json":{"title":"Showcase refrigerators DIEGO R125 | \u0160aldymo \u012franga | Monaxis","description":"DIEGO R125 display refrigerators. This is not only a cost-effective solution, but also an environmentally friendly choice. Shop now! Monaxis.lt","robots":{"index":"index","follow":"follow","max-snippet":"max-snippet:-1","max-image-preview":"max-image-preview:large","max-video-preview":"max-video-preview:-1"},"canonical":"https:\/\/www.monaxis.lt\/en\/parduotuve\/showcase-refrigerator-diego-r125-black\/","og_locale":"en_US","og_type":"article","og_title":"Showcase refrigerators DIEGO R125 | \u0160aldymo \u012franga | Monaxis","og_description":"DIEGO R125 display refrigerators. This is not only a cost-effective solution, but also an environmentally friendly choice. Shop now! Monaxis.lt","og_url":"https:\/\/www.monaxis.lt\/en\/parduotuve\/showcase-refrigerator-diego-r125-black\/","og_site_name":"Monaxis","article_modified_time":"2026-03-21T14:13:24+00:00","og_image":[{"width":1000,"height":1000,"url":"https:\/\/www.monaxis.lt\/wp-content\/uploads\/2023\/08\/1-IMG_0686-kopia.webp","type":"image\/webp"}],"twitter_card":"summary_large_image","twitter_misc":{"Est. reading time":"2 minutes"},"schema":{"@context":"https:\/\/schema.org","@graph":[{"@type":"WebPage","@id":"https:\/\/www.monaxis.lt\/en\/parduotuve\/showcase-refrigerator-diego-r125-black\/","url":"https:\/\/www.monaxis.lt\/en\/parduotuve\/showcase-refrigerator-diego-r125-black\/","name":"Showcase refrigerators DIEGO R125 | \u0160aldymo \u012franga | Monaxis","isPartOf":{"@id":"https:\/\/www.monaxis.lt\/en\/#website"},"primaryImageOfPage":{"@id":"https:\/\/www.monaxis.lt\/en\/parduotuve\/showcase-refrigerator-diego-r125-black\/#primaryimage"},"image":{"@id":"https:\/\/www.monaxis.lt\/en\/parduotuve\/showcase-refrigerator-diego-r125-black\/#primaryimage"},"thumbnailUrl":"https:\/\/www.monaxis.lt\/wp-content\/uploads\/2023\/08\/1-IMG_0686-kopia.webp","datePublished":"2023-08-03T12:46:32+00:00","dateModified":"2026-03-21T14:13:24+00:00","description":"DIEGO R125 display refrigerators. This is not only a cost-effective solution, but also an environmentally friendly choice. Shop now! Monaxis.lt","breadcrumb":{"@id":"https:\/\/www.monaxis.lt\/en\/parduotuve\/showcase-refrigerator-diego-r125-black\/#breadcrumb"},"inLanguage":"en-US","potentialAction":[{"@type":"ReadAction","target":["https:\/\/www.monaxis.lt\/en\/parduotuve\/showcase-refrigerator-diego-r125-black\/"]}]},{"@type":"ImageObject","inLanguage":"en-US","@id":"https:\/\/www.monaxis.lt\/en\/parduotuve\/showcase-refrigerator-diego-r125-black\/#primaryimage","url":"https:\/\/www.monaxis.lt\/wp-content\/uploads\/2023\/08\/1-IMG_0686-kopia.webp","contentUrl":"https:\/\/www.monaxis.lt\/wp-content\/uploads\/2023\/08\/1-IMG_0686-kopia.webp","width":1000,"height":1000},{"@type":"BreadcrumbList","@id":"https:\/\/www.monaxis.lt\/en\/parduotuve\/showcase-refrigerator-diego-r125-black\/#breadcrumb","itemListElement":[{"@type":"ListItem","position":1,"name":"Pagrindinis","item":"https:\/\/www.monaxis.lt\/en\/"},{"@type":"ListItem","position":2,"name":"Shop","item":"https:\/\/www.monaxis.lt\/en\/shop\/"},{"@type":"ListItem","position":3,"name":"Commercial refrigeration equipment","item":"https:\/\/www.monaxis.lt\/en\/produkto-kategorija\/commercial-refrigeration-equipment-en\/"},{"@type":"ListItem","position":4,"name":"Showcase refrigerators","item":"https:\/\/www.monaxis.lt\/en\/produkto-kategorija\/commercial-refrigeration-equipment-en\/showcase-refrigerators\/"},{"@type":"ListItem","position":5,"name":"Display refrigerator DIEGO R125 BLACK 888L"}]},{"@type":"WebSite","@id":"https:\/\/www.monaxis.lt\/en\/#website","url":"https:\/\/www.monaxis.lt\/en\/","name":"Monaxis","description":"Prekybin\u0117, bei \u0161aldymo \u012franga","publisher":{"@id":"https:\/\/www.monaxis.lt\/en\/#organization"},"potentialAction":[{"@type":"SearchAction","target":{"@type":"EntryPoint","urlTemplate":"https:\/\/www.monaxis.lt\/en\/?s={search_term_string}"},"query-input":{"@type":"PropertyValueSpecification","valueRequired":true,"valueName":"search_term_string"}}],"inLanguage":"en-US"},{"@type":"Organization","@id":"https:\/\/www.monaxis.lt\/en\/#organization","name":"Monaxis","url":"https:\/\/www.monaxis.lt\/en\/","logo":{"@type":"ImageObject","inLanguage":"en-US","@id":"https:\/\/www.monaxis.lt\/en\/#\/schema\/logo\/image\/","url":"https:\/\/www.monaxis.lt\/wp-content\/uploads\/2023\/03\/logo-1.png","contentUrl":"https:\/\/www.monaxis.lt\/wp-content\/uploads\/2023\/03\/logo-1.png","width":205,"height":58,"caption":"Monaxis"},"image":{"@id":"https:\/\/www.monaxis.lt\/en\/#\/schema\/logo\/image\/"}}]}},"_links":{"self":[{"href":"https:\/\/www.monaxis.lt\/en\/wp-json\/wp\/v2\/product\/11411","targetHints":{"allow":["GET"]}}],"collection":[{"href":"https:\/\/www.monaxis.lt\/en\/wp-json\/wp\/v2\/product"}],"about":[{"href":"https:\/\/www.monaxis.lt\/en\/wp-json\/wp\/v2\/types\/product"}],"replies":[{"embeddable":true,"href":"https:\/\/www.monaxis.lt\/en\/wp-json\/wp\/v2\/comments?post=11411"}],"wp:featuredmedia":[{"embeddable":true,"href":"https:\/\/www.monaxis.lt\/en\/wp-json\/wp\/v2\/media\/11413"}],"wp:attachment":[{"href":"https:\/\/www.monaxis.lt\/en\/wp-json\/wp\/v2\/media?parent=11411"}],"wp:term":[{"taxonomy":"product_brand","embeddable":true,"href":"https:\/\/www.monaxis.lt\/en\/wp-json\/wp\/v2\/product_brand?post=11411"},{"taxonomy":"product_cat","embeddable":true,"href":"https:\/\/www.monaxis.lt\/en\/wp-json\/wp\/v2\/product_cat?post=11411"},{"taxonomy":"product_tag","embeddable":true,"href":"https:\/\/www.monaxis.lt\/en\/wp-json\/wp\/v2\/product_tag?post=11411"}],"curies":[{"name":"wp","href":"https:\/\/api.w.org\/{rel}","templated":true}]}}