{"id":11583,"date":"2023-08-06T14:55:47","date_gmt":"2023-08-06T11:55:47","guid":{"rendered":"https:\/\/www.monaxis.lt\/parduotuve\/meltem-md-3-gas-kebab-grill\/"},"modified":"2026-03-21T16:13:20","modified_gmt":"2026-03-21T14:13:20","slug":"gas-meltem-md-3-kebab-burner","status":"publish","type":"product","link":"https:\/\/www.monaxis.lt\/en\/parduotuve\/gas-meltem-md-3-kebab-burner\/","title":{"rendered":"MELTEM MD-3 gas kebab grill"},"content":{"rendered":"<h3><strong>Kebab grill MELTEM MD-3 <\/strong><\/h3>\n<p><b>The MELTEM kebab grill<\/b> is a professional equipment that allows you to cook meat: <strong>poultry, veal, mutton <\/strong>, evenly and quickly in a cylinder. This allows you to cook juicy meat using <strong>natural or liquid<\/strong> gas (optional). The <strong>distance of the meat block <\/strong><strong>from the burners is adjustable. <\/strong>The vertical grill has a high efficiency: single thermal cooking of meat weighing <strong>up to 40 kg<\/strong> and <strong>50 cm high.<\/strong><\/p>\n<h4><b>Advantages of a kebab grill:<\/b><\/h4>\n<ul>\n<li>Made of <strong>AISI 310<\/strong> stainless steel, the safety nets are very durable. All other parts are made <b>of high quality AISI 304 stainless steel<\/b> with high resistance.<\/li>\n<li><strong>3 radiators with a protective thermocouple<\/strong> ensure even heat treatment of meat.<\/li>\n<li><strong>Ergonomic handles<\/strong> allow precise control of the burners.<\/li>\n<li><strong>No complex elements<\/strong>, reducing the risk of failure.<\/li>\n<li>The <strong>drip tray<\/strong> collects the excess dripping fat.<\/li>\n<li><strong>High safety<\/strong> is ensured by gas valves that automatically shut off the gas leak when the burners are switched off. The engine is air-cooled and protected by a heat shield.<\/li>\n<li><strong>Easy maintenance, repair and cleaning.<\/strong><\/li>\n<\/ul>\n","protected":false},"excerpt":{"rendered":"<div class=\"product__parameter__name\"><strong><span class=\"product__parameter__name__text\"><img decoding=\"async\" class=\"alignnone wp-image-7601\" src=\"https:\/\/www.monaxis.lt\/wp-content\/uploads\/2023\/03\/delivery-1-150x150.png\" alt=\"\" width=\"28\" height=\"28\" srcset=\"https:\/\/www.monaxis.lt\/wp-content\/uploads\/2023\/03\/delivery-1-150x150.png 150w, https:\/\/www.monaxis.lt\/wp-content\/uploads\/2023\/03\/delivery-1-300x300.png 300w, https:\/\/www.monaxis.lt\/wp-content\/uploads\/2023\/03\/delivery-1.png 512w\" sizes=\"(max-width: 28px) 100vw, 28px\" \/> Delivery <\/span><\/strong><\/div>\n<div class=\"product__parameter__value\"><span class=\"product__parameter__value__text\">     <strong>   <span style=\"font-size: 75%; color: #999999;\"> 2-10 d.d.<\/span><\/strong><\/span><\/div>\n","protected":false},"featured_media":11581,"comment_status":"open","ping_status":"closed","template":"","meta":[],"product_brand":[],"product_cat":[203],"product_tag":[],"class_list":{"0":"post-11583","1":"product","2":"type-product","3":"status-publish","4":"has-post-thumbnail","6":"product_cat-kebab-grills","7":"pa_galingumas-9-7kw-en","8":"pa_galios-tipas-dujinis-en","10":"first","11":"onbackorder","12":"taxable","13":"shipping-taxable","14":"product-type-simple"},"yoast_head":"<!-- This site is optimized with the Yoast SEO plugin v27.1.1 - https:\/\/yoast.com\/product\/yoast-seo-wordpress\/ -->\n<title>MELTEM MD-3 gas kebab grill | Monaxis<\/title>\n<meta name=\"description\" content=\"Gas kebab grill MELTEM MD-3 for an affordable price at Monaxis.lt. Fast delivery throughout Lithuania\" \/>\n<meta name=\"robots\" content=\"index, follow, max-snippet:-1, max-image-preview:large, max-video-preview:-1\" \/>\n<link rel=\"canonical\" href=\"https:\/\/www.monaxis.lt\/en\/parduotuve\/gas-meltem-md-3-kebab-burner\/\" \/>\n<meta property=\"og:locale\" content=\"en_US\" \/>\n<meta property=\"og:type\" content=\"article\" \/>\n<meta property=\"og:title\" content=\"MELTEM MD-3 gas kebab grill | Monaxis\" \/>\n<meta property=\"og:description\" content=\"Gas kebab grill MELTEM MD-3 for an affordable price at Monaxis.lt. Fast delivery throughout Lithuania\" \/>\n<meta property=\"og:url\" content=\"https:\/\/www.monaxis.lt\/en\/parduotuve\/gas-meltem-md-3-kebab-burner\/\" \/>\n<meta property=\"og:site_name\" content=\"Monaxis\" \/>\n<meta property=\"article:modified_time\" content=\"2026-03-21T14:13:20+00:00\" \/>\n<meta property=\"og:image\" content=\"https:\/\/www.monaxis.lt\/wp-content\/uploads\/2023\/08\/Kebabu-griliai.webp\" \/>\n\t<meta property=\"og:image:width\" content=\"750\" \/>\n\t<meta property=\"og:image:height\" content=\"750\" \/>\n\t<meta property=\"og:image:type\" content=\"image\/webp\" \/>\n<meta name=\"twitter:card\" content=\"summary_large_image\" \/>\n<meta name=\"twitter:label1\" content=\"Est. reading time\" \/>\n\t<meta name=\"twitter:data1\" content=\"1 minute\" \/>\n<script type=\"application\/ld+json\" class=\"yoast-schema-graph\">{\"@context\":\"https:\/\/schema.org\",\"@graph\":[{\"@type\":\"WebPage\",\"@id\":\"https:\/\/www.monaxis.lt\/en\/parduotuve\/gas-meltem-md-3-kebab-burner\/\",\"url\":\"https:\/\/www.monaxis.lt\/en\/parduotuve\/gas-meltem-md-3-kebab-burner\/\",\"name\":\"MELTEM MD-3 gas kebab grill | Monaxis\",\"isPartOf\":{\"@id\":\"https:\/\/www.monaxis.lt\/en\/#website\"},\"primaryImageOfPage\":{\"@id\":\"https:\/\/www.monaxis.lt\/en\/parduotuve\/gas-meltem-md-3-kebab-burner\/#primaryimage\"},\"image\":{\"@id\":\"https:\/\/www.monaxis.lt\/en\/parduotuve\/gas-meltem-md-3-kebab-burner\/#primaryimage\"},\"thumbnailUrl\":\"https:\/\/www.monaxis.lt\/wp-content\/uploads\/2023\/08\/Kebabu-griliai.webp\",\"datePublished\":\"2023-08-06T11:55:47+00:00\",\"dateModified\":\"2026-03-21T14:13:20+00:00\",\"description\":\"Gas kebab grill MELTEM MD-3 for an affordable price at Monaxis.lt. Fast delivery throughout Lithuania\",\"breadcrumb\":{\"@id\":\"https:\/\/www.monaxis.lt\/en\/parduotuve\/gas-meltem-md-3-kebab-burner\/#breadcrumb\"},\"inLanguage\":\"en-US\",\"potentialAction\":[{\"@type\":\"ReadAction\",\"target\":[\"https:\/\/www.monaxis.lt\/en\/parduotuve\/gas-meltem-md-3-kebab-burner\/\"]}]},{\"@type\":\"ImageObject\",\"inLanguage\":\"en-US\",\"@id\":\"https:\/\/www.monaxis.lt\/en\/parduotuve\/gas-meltem-md-3-kebab-burner\/#primaryimage\",\"url\":\"https:\/\/www.monaxis.lt\/wp-content\/uploads\/2023\/08\/Kebabu-griliai.webp\",\"contentUrl\":\"https:\/\/www.monaxis.lt\/wp-content\/uploads\/2023\/08\/Kebabu-griliai.webp\",\"width\":750,\"height\":750},{\"@type\":\"BreadcrumbList\",\"@id\":\"https:\/\/www.monaxis.lt\/en\/parduotuve\/gas-meltem-md-3-kebab-burner\/#breadcrumb\",\"itemListElement\":[{\"@type\":\"ListItem\",\"position\":1,\"name\":\"Pagrindinis\",\"item\":\"https:\/\/www.monaxis.lt\/en\/\"},{\"@type\":\"ListItem\",\"position\":2,\"name\":\"Shop\",\"item\":\"https:\/\/www.monaxis.lt\/en\/shop\/\"},{\"@type\":\"ListItem\",\"position\":3,\"name\":\"Technologin\u0117 \u012franga\",\"item\":\"https:\/\/www.monaxis.lt\/produkto-kategorija\/pramonine-virtuves-iranga\/\"},{\"@type\":\"ListItem\",\"position\":4,\"name\":\"Maisto \u0161ildymo ir kepimo \u012franga\",\"item\":\"https:\/\/www.monaxis.lt\/produkto-kategorija\/pramonine-virtuves-iranga\/maisto-sildymo-ir-kepimo-iranga\/\"},{\"@type\":\"ListItem\",\"position\":5,\"name\":\"Kebab grills\",\"item\":\"https:\/\/www.monaxis.lt\/en\/produkto-kategorija\/industrial-kitchen-equipment\/food-heating-and-cooking-equipment\/kebab-grills\/\"},{\"@type\":\"ListItem\",\"position\":6,\"name\":\"MELTEM MD-3 gas kebab grill\"}]},{\"@type\":\"WebSite\",\"@id\":\"https:\/\/www.monaxis.lt\/en\/#website\",\"url\":\"https:\/\/www.monaxis.lt\/en\/\",\"name\":\"Monaxis\",\"description\":\"Prekybin\u0117, bei \u0161aldymo \u012franga\",\"publisher\":{\"@id\":\"https:\/\/www.monaxis.lt\/en\/#organization\"},\"potentialAction\":[{\"@type\":\"SearchAction\",\"target\":{\"@type\":\"EntryPoint\",\"urlTemplate\":\"https:\/\/www.monaxis.lt\/en\/?s={search_term_string}\"},\"query-input\":{\"@type\":\"PropertyValueSpecification\",\"valueRequired\":true,\"valueName\":\"search_term_string\"}}],\"inLanguage\":\"en-US\"},{\"@type\":\"Organization\",\"@id\":\"https:\/\/www.monaxis.lt\/en\/#organization\",\"name\":\"Monaxis\",\"url\":\"https:\/\/www.monaxis.lt\/en\/\",\"logo\":{\"@type\":\"ImageObject\",\"inLanguage\":\"en-US\",\"@id\":\"https:\/\/www.monaxis.lt\/en\/#\/schema\/logo\/image\/\",\"url\":\"https:\/\/www.monaxis.lt\/wp-content\/uploads\/2023\/03\/logo-1.png\",\"contentUrl\":\"https:\/\/www.monaxis.lt\/wp-content\/uploads\/2023\/03\/logo-1.png\",\"width\":205,\"height\":58,\"caption\":\"Monaxis\"},\"image\":{\"@id\":\"https:\/\/www.monaxis.lt\/en\/#\/schema\/logo\/image\/\"}}]}<\/script>\n<!-- \/ Yoast SEO plugin. -->","yoast_head_json":{"title":"MELTEM MD-3 gas kebab grill | Monaxis","description":"Gas kebab grill MELTEM MD-3 for an affordable price at Monaxis.lt. Fast delivery throughout Lithuania","robots":{"index":"index","follow":"follow","max-snippet":"max-snippet:-1","max-image-preview":"max-image-preview:large","max-video-preview":"max-video-preview:-1"},"canonical":"https:\/\/www.monaxis.lt\/en\/parduotuve\/gas-meltem-md-3-kebab-burner\/","og_locale":"en_US","og_type":"article","og_title":"MELTEM MD-3 gas kebab grill | Monaxis","og_description":"Gas kebab grill MELTEM MD-3 for an affordable price at Monaxis.lt. Fast delivery throughout Lithuania","og_url":"https:\/\/www.monaxis.lt\/en\/parduotuve\/gas-meltem-md-3-kebab-burner\/","og_site_name":"Monaxis","article_modified_time":"2026-03-21T14:13:20+00:00","og_image":[{"width":750,"height":750,"url":"https:\/\/www.monaxis.lt\/wp-content\/uploads\/2023\/08\/Kebabu-griliai.webp","type":"image\/webp"}],"twitter_card":"summary_large_image","twitter_misc":{"Est. reading time":"1 minute"},"schema":{"@context":"https:\/\/schema.org","@graph":[{"@type":"WebPage","@id":"https:\/\/www.monaxis.lt\/en\/parduotuve\/gas-meltem-md-3-kebab-burner\/","url":"https:\/\/www.monaxis.lt\/en\/parduotuve\/gas-meltem-md-3-kebab-burner\/","name":"MELTEM MD-3 gas kebab grill | Monaxis","isPartOf":{"@id":"https:\/\/www.monaxis.lt\/en\/#website"},"primaryImageOfPage":{"@id":"https:\/\/www.monaxis.lt\/en\/parduotuve\/gas-meltem-md-3-kebab-burner\/#primaryimage"},"image":{"@id":"https:\/\/www.monaxis.lt\/en\/parduotuve\/gas-meltem-md-3-kebab-burner\/#primaryimage"},"thumbnailUrl":"https:\/\/www.monaxis.lt\/wp-content\/uploads\/2023\/08\/Kebabu-griliai.webp","datePublished":"2023-08-06T11:55:47+00:00","dateModified":"2026-03-21T14:13:20+00:00","description":"Gas kebab grill MELTEM MD-3 for an affordable price at Monaxis.lt. Fast delivery throughout Lithuania","breadcrumb":{"@id":"https:\/\/www.monaxis.lt\/en\/parduotuve\/gas-meltem-md-3-kebab-burner\/#breadcrumb"},"inLanguage":"en-US","potentialAction":[{"@type":"ReadAction","target":["https:\/\/www.monaxis.lt\/en\/parduotuve\/gas-meltem-md-3-kebab-burner\/"]}]},{"@type":"ImageObject","inLanguage":"en-US","@id":"https:\/\/www.monaxis.lt\/en\/parduotuve\/gas-meltem-md-3-kebab-burner\/#primaryimage","url":"https:\/\/www.monaxis.lt\/wp-content\/uploads\/2023\/08\/Kebabu-griliai.webp","contentUrl":"https:\/\/www.monaxis.lt\/wp-content\/uploads\/2023\/08\/Kebabu-griliai.webp","width":750,"height":750},{"@type":"BreadcrumbList","@id":"https:\/\/www.monaxis.lt\/en\/parduotuve\/gas-meltem-md-3-kebab-burner\/#breadcrumb","itemListElement":[{"@type":"ListItem","position":1,"name":"Pagrindinis","item":"https:\/\/www.monaxis.lt\/en\/"},{"@type":"ListItem","position":2,"name":"Shop","item":"https:\/\/www.monaxis.lt\/en\/shop\/"},{"@type":"ListItem","position":3,"name":"Technologin\u0117 \u012franga","item":"https:\/\/www.monaxis.lt\/produkto-kategorija\/pramonine-virtuves-iranga\/"},{"@type":"ListItem","position":4,"name":"Maisto \u0161ildymo ir kepimo \u012franga","item":"https:\/\/www.monaxis.lt\/produkto-kategorija\/pramonine-virtuves-iranga\/maisto-sildymo-ir-kepimo-iranga\/"},{"@type":"ListItem","position":5,"name":"Kebab grills","item":"https:\/\/www.monaxis.lt\/en\/produkto-kategorija\/industrial-kitchen-equipment\/food-heating-and-cooking-equipment\/kebab-grills\/"},{"@type":"ListItem","position":6,"name":"MELTEM MD-3 gas kebab grill"}]},{"@type":"WebSite","@id":"https:\/\/www.monaxis.lt\/en\/#website","url":"https:\/\/www.monaxis.lt\/en\/","name":"Monaxis","description":"Prekybin\u0117, bei \u0161aldymo \u012franga","publisher":{"@id":"https:\/\/www.monaxis.lt\/en\/#organization"},"potentialAction":[{"@type":"SearchAction","target":{"@type":"EntryPoint","urlTemplate":"https:\/\/www.monaxis.lt\/en\/?s={search_term_string}"},"query-input":{"@type":"PropertyValueSpecification","valueRequired":true,"valueName":"search_term_string"}}],"inLanguage":"en-US"},{"@type":"Organization","@id":"https:\/\/www.monaxis.lt\/en\/#organization","name":"Monaxis","url":"https:\/\/www.monaxis.lt\/en\/","logo":{"@type":"ImageObject","inLanguage":"en-US","@id":"https:\/\/www.monaxis.lt\/en\/#\/schema\/logo\/image\/","url":"https:\/\/www.monaxis.lt\/wp-content\/uploads\/2023\/03\/logo-1.png","contentUrl":"https:\/\/www.monaxis.lt\/wp-content\/uploads\/2023\/03\/logo-1.png","width":205,"height":58,"caption":"Monaxis"},"image":{"@id":"https:\/\/www.monaxis.lt\/en\/#\/schema\/logo\/image\/"}}]}},"_links":{"self":[{"href":"https:\/\/www.monaxis.lt\/en\/wp-json\/wp\/v2\/product\/11583","targetHints":{"allow":["GET"]}}],"collection":[{"href":"https:\/\/www.monaxis.lt\/en\/wp-json\/wp\/v2\/product"}],"about":[{"href":"https:\/\/www.monaxis.lt\/en\/wp-json\/wp\/v2\/types\/product"}],"replies":[{"embeddable":true,"href":"https:\/\/www.monaxis.lt\/en\/wp-json\/wp\/v2\/comments?post=11583"}],"wp:featuredmedia":[{"embeddable":true,"href":"https:\/\/www.monaxis.lt\/en\/wp-json\/wp\/v2\/media\/11581"}],"wp:attachment":[{"href":"https:\/\/www.monaxis.lt\/en\/wp-json\/wp\/v2\/media?parent=11583"}],"wp:term":[{"taxonomy":"product_brand","embeddable":true,"href":"https:\/\/www.monaxis.lt\/en\/wp-json\/wp\/v2\/product_brand?post=11583"},{"taxonomy":"product_cat","embeddable":true,"href":"https:\/\/www.monaxis.lt\/en\/wp-json\/wp\/v2\/product_cat?post=11583"},{"taxonomy":"product_tag","embeddable":true,"href":"https:\/\/www.monaxis.lt\/en\/wp-json\/wp\/v2\/product_tag?post=11583"}],"curies":[{"name":"wp","href":"https:\/\/api.w.org\/{rel}","templated":true}]}}