{"id":11611,"date":"2023-08-06T15:36:27","date_gmt":"2023-08-06T12:36:27","guid":{"rendered":"https:\/\/www.monaxis.lt\/parduotuve\/potis-gd3-gas-kebab-grill\/"},"modified":"2026-03-21T16:13:22","modified_gmt":"2026-03-21T14:13:22","slug":"gas-pot-gd3-kebab-grill","status":"publish","type":"product","link":"https:\/\/www.monaxis.lt\/en\/parduotuve\/gas-pot-gd3-kebab-grill\/","title":{"rendered":"POTIS GD3 gas kebab grill"},"content":{"rendered":"<h3><b>Vertical kebab grill<\/b><\/h3>\n<p><b><\/b>The <strong>Potis <\/strong><b>gastronomic kebab grill<\/b> is an indispensable piece of equipment for grilling and roasting meats: <strong>poultry, veal, mutton<\/strong> formed into a cylinder. This allows you to cook juicy and evenly cooked meat using the energy of liquid gas (G30, propane-butane). The gas kebab grill offers greater cost-effectiveness and efficiency: single heat treatment of meat weighing <strong>up to 40 kg and<\/strong> <strong>450 mm high.<\/strong><\/p>\n<h3><b>Kebab maker benefits:<\/b><\/h3>\n<ul>\n<li>It <strong>is made of high quality stainless steel<\/strong>, making it durable, easy to clean and compliant with all sanitary requirements.<\/li>\n<li><strong>3 radiators with a protective thermocouple<\/strong> ensure even heat treatment of meat.<\/li>\n<li><strong>Ergonomic handles<\/strong> allow precise control of the burners.<\/li>\n<li>The <strong>high performance and branded<\/strong> rotary bayonet motor allows you to cook large quantities of meat at once.<\/li>\n<li><strong>No complex elements<\/strong>, reducing the risk of failure.<\/li>\n<li>The <strong>drip tray<\/strong> collects the excess dripping fat.<\/li>\n<\/ul>\n<p>German brand Potis kebab grills will prove their reliability in the largest fast food chains of their kind. The appliance is ideal for small and large catering establishments: <strong>fast food bars<\/strong> and <strong>restaurants<\/strong> of all types . It will allow fast order fulfilment and the dishes prepared on it will retain the best flavour characteristics<\/p>\n","protected":false},"excerpt":{"rendered":"<div class=\"product__parameter__name\"><strong><span class=\"product__parameter__name__text\"><img decoding=\"async\" class=\"alignnone wp-image-7601\" src=\"https:\/\/www.monaxis.lt\/wp-content\/uploads\/2023\/03\/delivery-1-150x150.png\" alt=\"\" width=\"28\" height=\"28\" srcset=\"https:\/\/www.monaxis.lt\/wp-content\/uploads\/2023\/03\/delivery-1-150x150.png 150w, https:\/\/www.monaxis.lt\/wp-content\/uploads\/2023\/03\/delivery-1-300x300.png 300w, https:\/\/www.monaxis.lt\/wp-content\/uploads\/2023\/03\/delivery-1.png 512w\" sizes=\"(max-width: 28px) 100vw, 28px\" \/> Delivery <\/span><\/strong><\/div>\n<div class=\"product__parameter__value\"><span class=\"product__parameter__value__text\">     <strong>   <span style=\"font-size: 75%; color: #999999;\"> 2-10 d.d.<\/span><\/strong><\/span><\/div>\n","protected":false},"featured_media":11610,"comment_status":"open","ping_status":"closed","template":"","meta":[],"product_brand":[],"product_cat":[203],"product_tag":[],"class_list":{"0":"post-11611","1":"product","2":"type-product","3":"status-publish","4":"has-post-thumbnail","6":"product_cat-kebab-grills","7":"pa_galingumas-10-5kw-en","8":"pa_galingumas-test-10-5kw","9":"pa_galios-tipas-dujinis-en","11":"first","12":"onbackorder","13":"taxable","14":"shipping-taxable","15":"product-type-simple"},"yoast_head":"<!-- This site is optimized with the Yoast SEO plugin v27.1.1 - https:\/\/yoast.com\/product\/yoast-seo-wordpress\/ -->\n<title>POTIS GD3 gas kebab grill | Monaxis<\/title>\n<meta name=\"robots\" content=\"index, follow, max-snippet:-1, max-image-preview:large, max-video-preview:-1\" \/>\n<link rel=\"canonical\" href=\"https:\/\/www.monaxis.lt\/en\/parduotuve\/gas-pot-gd3-kebab-grill\/\" \/>\n<meta property=\"og:locale\" content=\"en_US\" \/>\n<meta property=\"og:type\" content=\"article\" \/>\n<meta property=\"og:title\" content=\"POTIS GD3 gas kebab grill | Monaxis\" \/>\n<meta property=\"og:description\" content=\"Delivery      2-10 d.d.\" \/>\n<meta property=\"og:url\" content=\"https:\/\/www.monaxis.lt\/en\/parduotuve\/gas-pot-gd3-kebab-grill\/\" \/>\n<meta property=\"og:site_name\" content=\"Monaxis\" \/>\n<meta property=\"article:modified_time\" content=\"2026-03-21T14:13:22+00:00\" \/>\n<meta property=\"og:image\" content=\"https:\/\/www.monaxis.lt\/wp-content\/uploads\/2023\/08\/Kebabu-griliai-potis.webp\" \/>\n\t<meta property=\"og:image:width\" content=\"1000\" \/>\n\t<meta property=\"og:image:height\" content=\"1000\" \/>\n\t<meta property=\"og:image:type\" content=\"image\/webp\" \/>\n<meta name=\"twitter:card\" content=\"summary_large_image\" \/>\n<meta name=\"twitter:label1\" content=\"Est. reading time\" \/>\n\t<meta name=\"twitter:data1\" content=\"2 minutes\" \/>\n<script type=\"application\/ld+json\" class=\"yoast-schema-graph\">{\"@context\":\"https:\/\/schema.org\",\"@graph\":[{\"@type\":\"WebPage\",\"@id\":\"https:\/\/www.monaxis.lt\/en\/parduotuve\/gas-pot-gd3-kebab-grill\/\",\"url\":\"https:\/\/www.monaxis.lt\/en\/parduotuve\/gas-pot-gd3-kebab-grill\/\",\"name\":\"POTIS GD3 gas kebab grill | Monaxis\",\"isPartOf\":{\"@id\":\"https:\/\/www.monaxis.lt\/en\/#website\"},\"primaryImageOfPage\":{\"@id\":\"https:\/\/www.monaxis.lt\/en\/parduotuve\/gas-pot-gd3-kebab-grill\/#primaryimage\"},\"image\":{\"@id\":\"https:\/\/www.monaxis.lt\/en\/parduotuve\/gas-pot-gd3-kebab-grill\/#primaryimage\"},\"thumbnailUrl\":\"https:\/\/www.monaxis.lt\/wp-content\/uploads\/2023\/08\/Kebabu-griliai-potis.webp\",\"datePublished\":\"2023-08-06T12:36:27+00:00\",\"dateModified\":\"2026-03-21T14:13:22+00:00\",\"breadcrumb\":{\"@id\":\"https:\/\/www.monaxis.lt\/en\/parduotuve\/gas-pot-gd3-kebab-grill\/#breadcrumb\"},\"inLanguage\":\"en-US\",\"potentialAction\":[{\"@type\":\"ReadAction\",\"target\":[\"https:\/\/www.monaxis.lt\/en\/parduotuve\/gas-pot-gd3-kebab-grill\/\"]}]},{\"@type\":\"ImageObject\",\"inLanguage\":\"en-US\",\"@id\":\"https:\/\/www.monaxis.lt\/en\/parduotuve\/gas-pot-gd3-kebab-grill\/#primaryimage\",\"url\":\"https:\/\/www.monaxis.lt\/wp-content\/uploads\/2023\/08\/Kebabu-griliai-potis.webp\",\"contentUrl\":\"https:\/\/www.monaxis.lt\/wp-content\/uploads\/2023\/08\/Kebabu-griliai-potis.webp\",\"width\":1000,\"height\":1000},{\"@type\":\"BreadcrumbList\",\"@id\":\"https:\/\/www.monaxis.lt\/en\/parduotuve\/gas-pot-gd3-kebab-grill\/#breadcrumb\",\"itemListElement\":[{\"@type\":\"ListItem\",\"position\":1,\"name\":\"Pagrindinis\",\"item\":\"https:\/\/www.monaxis.lt\/en\/\"},{\"@type\":\"ListItem\",\"position\":2,\"name\":\"Shop\",\"item\":\"https:\/\/www.monaxis.lt\/en\/shop\/\"},{\"@type\":\"ListItem\",\"position\":3,\"name\":\"Technologin\u0117 \u012franga\",\"item\":\"https:\/\/www.monaxis.lt\/produkto-kategorija\/pramonine-virtuves-iranga\/\"},{\"@type\":\"ListItem\",\"position\":4,\"name\":\"Maisto \u0161ildymo ir kepimo \u012franga\",\"item\":\"https:\/\/www.monaxis.lt\/produkto-kategorija\/pramonine-virtuves-iranga\/maisto-sildymo-ir-kepimo-iranga\/\"},{\"@type\":\"ListItem\",\"position\":5,\"name\":\"Kebab grills\",\"item\":\"https:\/\/www.monaxis.lt\/en\/produkto-kategorija\/industrial-kitchen-equipment\/food-heating-and-cooking-equipment\/kebab-grills\/\"},{\"@type\":\"ListItem\",\"position\":6,\"name\":\"POTIS GD3 gas kebab grill\"}]},{\"@type\":\"WebSite\",\"@id\":\"https:\/\/www.monaxis.lt\/en\/#website\",\"url\":\"https:\/\/www.monaxis.lt\/en\/\",\"name\":\"Monaxis\",\"description\":\"Prekybin\u0117, bei \u0161aldymo \u012franga\",\"publisher\":{\"@id\":\"https:\/\/www.monaxis.lt\/en\/#organization\"},\"potentialAction\":[{\"@type\":\"SearchAction\",\"target\":{\"@type\":\"EntryPoint\",\"urlTemplate\":\"https:\/\/www.monaxis.lt\/en\/?s={search_term_string}\"},\"query-input\":{\"@type\":\"PropertyValueSpecification\",\"valueRequired\":true,\"valueName\":\"search_term_string\"}}],\"inLanguage\":\"en-US\"},{\"@type\":\"Organization\",\"@id\":\"https:\/\/www.monaxis.lt\/en\/#organization\",\"name\":\"Monaxis\",\"url\":\"https:\/\/www.monaxis.lt\/en\/\",\"logo\":{\"@type\":\"ImageObject\",\"inLanguage\":\"en-US\",\"@id\":\"https:\/\/www.monaxis.lt\/en\/#\/schema\/logo\/image\/\",\"url\":\"https:\/\/www.monaxis.lt\/wp-content\/uploads\/2023\/03\/logo-1.png\",\"contentUrl\":\"https:\/\/www.monaxis.lt\/wp-content\/uploads\/2023\/03\/logo-1.png\",\"width\":205,\"height\":58,\"caption\":\"Monaxis\"},\"image\":{\"@id\":\"https:\/\/www.monaxis.lt\/en\/#\/schema\/logo\/image\/\"}}]}<\/script>\n<!-- \/ Yoast SEO plugin. -->","yoast_head_json":{"title":"POTIS GD3 gas kebab grill | Monaxis","robots":{"index":"index","follow":"follow","max-snippet":"max-snippet:-1","max-image-preview":"max-image-preview:large","max-video-preview":"max-video-preview:-1"},"canonical":"https:\/\/www.monaxis.lt\/en\/parduotuve\/gas-pot-gd3-kebab-grill\/","og_locale":"en_US","og_type":"article","og_title":"POTIS GD3 gas kebab grill | Monaxis","og_description":"Delivery      2-10 d.d.","og_url":"https:\/\/www.monaxis.lt\/en\/parduotuve\/gas-pot-gd3-kebab-grill\/","og_site_name":"Monaxis","article_modified_time":"2026-03-21T14:13:22+00:00","og_image":[{"width":1000,"height":1000,"url":"https:\/\/www.monaxis.lt\/wp-content\/uploads\/2023\/08\/Kebabu-griliai-potis.webp","type":"image\/webp"}],"twitter_card":"summary_large_image","twitter_misc":{"Est. reading time":"2 minutes"},"schema":{"@context":"https:\/\/schema.org","@graph":[{"@type":"WebPage","@id":"https:\/\/www.monaxis.lt\/en\/parduotuve\/gas-pot-gd3-kebab-grill\/","url":"https:\/\/www.monaxis.lt\/en\/parduotuve\/gas-pot-gd3-kebab-grill\/","name":"POTIS GD3 gas kebab grill | Monaxis","isPartOf":{"@id":"https:\/\/www.monaxis.lt\/en\/#website"},"primaryImageOfPage":{"@id":"https:\/\/www.monaxis.lt\/en\/parduotuve\/gas-pot-gd3-kebab-grill\/#primaryimage"},"image":{"@id":"https:\/\/www.monaxis.lt\/en\/parduotuve\/gas-pot-gd3-kebab-grill\/#primaryimage"},"thumbnailUrl":"https:\/\/www.monaxis.lt\/wp-content\/uploads\/2023\/08\/Kebabu-griliai-potis.webp","datePublished":"2023-08-06T12:36:27+00:00","dateModified":"2026-03-21T14:13:22+00:00","breadcrumb":{"@id":"https:\/\/www.monaxis.lt\/en\/parduotuve\/gas-pot-gd3-kebab-grill\/#breadcrumb"},"inLanguage":"en-US","potentialAction":[{"@type":"ReadAction","target":["https:\/\/www.monaxis.lt\/en\/parduotuve\/gas-pot-gd3-kebab-grill\/"]}]},{"@type":"ImageObject","inLanguage":"en-US","@id":"https:\/\/www.monaxis.lt\/en\/parduotuve\/gas-pot-gd3-kebab-grill\/#primaryimage","url":"https:\/\/www.monaxis.lt\/wp-content\/uploads\/2023\/08\/Kebabu-griliai-potis.webp","contentUrl":"https:\/\/www.monaxis.lt\/wp-content\/uploads\/2023\/08\/Kebabu-griliai-potis.webp","width":1000,"height":1000},{"@type":"BreadcrumbList","@id":"https:\/\/www.monaxis.lt\/en\/parduotuve\/gas-pot-gd3-kebab-grill\/#breadcrumb","itemListElement":[{"@type":"ListItem","position":1,"name":"Pagrindinis","item":"https:\/\/www.monaxis.lt\/en\/"},{"@type":"ListItem","position":2,"name":"Shop","item":"https:\/\/www.monaxis.lt\/en\/shop\/"},{"@type":"ListItem","position":3,"name":"Technologin\u0117 \u012franga","item":"https:\/\/www.monaxis.lt\/produkto-kategorija\/pramonine-virtuves-iranga\/"},{"@type":"ListItem","position":4,"name":"Maisto \u0161ildymo ir kepimo \u012franga","item":"https:\/\/www.monaxis.lt\/produkto-kategorija\/pramonine-virtuves-iranga\/maisto-sildymo-ir-kepimo-iranga\/"},{"@type":"ListItem","position":5,"name":"Kebab grills","item":"https:\/\/www.monaxis.lt\/en\/produkto-kategorija\/industrial-kitchen-equipment\/food-heating-and-cooking-equipment\/kebab-grills\/"},{"@type":"ListItem","position":6,"name":"POTIS GD3 gas kebab grill"}]},{"@type":"WebSite","@id":"https:\/\/www.monaxis.lt\/en\/#website","url":"https:\/\/www.monaxis.lt\/en\/","name":"Monaxis","description":"Prekybin\u0117, bei \u0161aldymo \u012franga","publisher":{"@id":"https:\/\/www.monaxis.lt\/en\/#organization"},"potentialAction":[{"@type":"SearchAction","target":{"@type":"EntryPoint","urlTemplate":"https:\/\/www.monaxis.lt\/en\/?s={search_term_string}"},"query-input":{"@type":"PropertyValueSpecification","valueRequired":true,"valueName":"search_term_string"}}],"inLanguage":"en-US"},{"@type":"Organization","@id":"https:\/\/www.monaxis.lt\/en\/#organization","name":"Monaxis","url":"https:\/\/www.monaxis.lt\/en\/","logo":{"@type":"ImageObject","inLanguage":"en-US","@id":"https:\/\/www.monaxis.lt\/en\/#\/schema\/logo\/image\/","url":"https:\/\/www.monaxis.lt\/wp-content\/uploads\/2023\/03\/logo-1.png","contentUrl":"https:\/\/www.monaxis.lt\/wp-content\/uploads\/2023\/03\/logo-1.png","width":205,"height":58,"caption":"Monaxis"},"image":{"@id":"https:\/\/www.monaxis.lt\/en\/#\/schema\/logo\/image\/"}}]}},"_links":{"self":[{"href":"https:\/\/www.monaxis.lt\/en\/wp-json\/wp\/v2\/product\/11611","targetHints":{"allow":["GET"]}}],"collection":[{"href":"https:\/\/www.monaxis.lt\/en\/wp-json\/wp\/v2\/product"}],"about":[{"href":"https:\/\/www.monaxis.lt\/en\/wp-json\/wp\/v2\/types\/product"}],"replies":[{"embeddable":true,"href":"https:\/\/www.monaxis.lt\/en\/wp-json\/wp\/v2\/comments?post=11611"}],"wp:featuredmedia":[{"embeddable":true,"href":"https:\/\/www.monaxis.lt\/en\/wp-json\/wp\/v2\/media\/11610"}],"wp:attachment":[{"href":"https:\/\/www.monaxis.lt\/en\/wp-json\/wp\/v2\/media?parent=11611"}],"wp:term":[{"taxonomy":"product_brand","embeddable":true,"href":"https:\/\/www.monaxis.lt\/en\/wp-json\/wp\/v2\/product_brand?post=11611"},{"taxonomy":"product_cat","embeddable":true,"href":"https:\/\/www.monaxis.lt\/en\/wp-json\/wp\/v2\/product_cat?post=11611"},{"taxonomy":"product_tag","embeddable":true,"href":"https:\/\/www.monaxis.lt\/en\/wp-json\/wp\/v2\/product_tag?post=11611"}],"curies":[{"name":"wp","href":"https:\/\/api.w.org\/{rel}","templated":true}]}}