{"id":11655,"date":"2023-08-07T11:33:37","date_gmt":"2023-08-07T08:33:37","guid":{"rendered":"https:\/\/www.monaxis.lt\/?post_type=product&#038;p=11655"},"modified":"2024-04-12T10:11:08","modified_gmt":"2024-04-12T07:11:08","slug":"nerudijancio-plieno-kriaukle-mega-m-90x60x85","status":"publish","type":"product","link":"https:\/\/www.monaxis.lt\/en\/parduotuve\/nerudijancio-plieno-kriaukle-mega-m-90x60x85\/","title":{"rendered":"Stainless steel sink Mega-M 90x60x85"},"content":{"rendered":"<h1><strong>Gastronomic sink Mega-M 90x60x85 cm stainless steel<\/strong><\/h1>\n<p><strong>Small gastronomic sink Mega-M<\/strong>\u00a0is\u00a0<strong>durability, functionality<\/strong>\u00a0and\u00a0<strong>security guarantor.<\/strong>Made in Poland from high quality materials. 12-month warranty.<\/p>\n<p><strong>The Mega-M<\/strong>\u00a0sink allows you to\u00a0<b>wash large pots<\/b>, GN dishes, pans and other utensils used in professional gastronomy. The low height also makes it possible to wash household items. Ideal as a\u00a0<strong>technical sink<\/strong>\u00a0to help keep things tidy. The\u00a0<strong>deep sink<\/strong>\u00a0is solidly made of high quality AISI441 stainless steel and will last for many years. It is resistant to all types of mechanical damage and corrosion.<\/p>\n<h2><strong>Advantages of the Mega-M stainless sink:<\/strong><\/h2>\n<table>\n<tbody>\n<tr>\n<td>\n<ul>\n<li><strong>Made of high quality stainless steel for<\/strong>\u00a0resistance to mechanical damage and easy cleaning.<\/li>\n<li>The\u00a0<strong>welded construction<\/strong>\u00a0ensures high stability.<\/li>\n<li>A\u00a0<strong>high stop (edge)<\/strong>\u00a0protects the wall from splashing.<\/li>\n<li>The <strong>4<\/strong><b>0 cm deep\u00a0<\/b><strong>chamber<\/strong>\u00a0allows you to thoroughly wash and rinse dishes, utensils and household items.<\/li>\n<li><strong>The adjustable feet<\/strong>\u00a0allow you to level the pool even on uneven floors.<\/li>\n<li><strong>The profiled bottom<\/strong>\u00a0facilitates water flow.<\/li>\n<\/ul>\n<\/td>\n<td><img decoding=\"async\" class=\"alignnone wp-image-11666 size-medium\" src=\"https:\/\/www.monaxis.lt\/wp-content\/uploads\/2023\/08\/Nerudijancio-plieno-kriaukles-300x300.webp\" sizes=\"(max-width: 300px) 100vw, 300px\" srcset=\"https:\/\/www.monaxis.lt\/wp-content\/uploads\/2023\/08\/Nerudijancio-plieno-kriaukles-300x300.webp 300w, https:\/\/www.monaxis.lt\/wp-content\/uploads\/2023\/08\/Nerudijancio-plieno-kriaukles-150x150.webp 150w, https:\/\/www.monaxis.lt\/wp-content\/uploads\/2023\/08\/Nerudijancio-plieno-kriaukles-768x768.webp 768w, https:\/\/www.monaxis.lt\/wp-content\/uploads\/2023\/08\/Nerudijancio-plieno-kriaukles.webp 1024w\" alt=\"\" width=\"300\" height=\"300\" \/><\/td>\n<\/tr>\n<\/tbody>\n<\/table>\n<h2><strong>Industrial sink \u2013 applications<\/strong><\/h2>\n<p>The\u00a0<strong>Mega-M stainless steel basin<\/strong>\u00a0makes work easier in kitchens, preparation rooms and washrooms. A catering sink is an essential piece of equipment for all catering facilities where larger dishes are used, e.g.\u00a0<strong>catering establishments<\/strong>,\u00a0<strong>restaurants,\u00a0<\/strong><strong>hotels<\/strong>, etc. as\u00a0<strong>mass catering outlets<\/strong>\u00a0and\u00a0<strong>canteens.\u00a0<\/strong>Industrial sinks can also be used in\u00a0<strong>utility rooms<\/strong>,\u00a0<strong>workplaces<\/strong>\u00a0or\u00a0<strong>workshops.<\/strong><\/p>\n<p><b>Food contact approved product, manufactured according to EU standards.<\/b><\/p>\n","protected":false},"excerpt":{"rendered":"<div class=\"product__parameter__name\">\n<div class=\"product__parameter__name\"><strong><span class=\"product__parameter__name__text\"><img decoding=\"async\" class=\"alignnone wp-image-7601\" src=\"https:\/\/www.monaxis.lt\/wp-content\/uploads\/2023\/03\/delivery-1-150x150.png\" alt=\"\" width=\"23\" height=\"23\" srcset=\"https:\/\/www.monaxis.lt\/wp-content\/uploads\/2023\/03\/delivery-1-150x150.png 150w, https:\/\/www.monaxis.lt\/wp-content\/uploads\/2023\/03\/delivery-1-300x300.png 300w, https:\/\/www.monaxis.lt\/wp-content\/uploads\/2023\/03\/delivery-1.png 512w\" sizes=\"(max-width: 23px) 100vw, 23px\" \/>\u00a0Delivery<\/span><\/strong><\/div>\n<div class=\"product__parameter__value\"><span class=\"product__parameter__value__text\" style=\"font-size: 75%; color: #999999;\"><strong>2-10 d.d.<\/strong><\/span><\/div>\n<div class=\"product__parameter__value\">\n<hr \/>\n<\/div>\n<p><strong><img decoding=\"async\" class=\"alignnone wp-image-7810\" src=\"https:\/\/www.monaxis.lt\/wp-content\/uploads\/2023\/01\/komplektuojama.png\" alt=\"\" width=\"23\" height=\"23\" \/>\u00a0Comes with<\/strong><br \/>\n<span style=\"font-size: 75%; color: #999999;\"><strong>Stainless steel sink<\/strong><\/span><br \/>\n<span style=\"font-size: 75%; color: #999999;\"><strong>Warranty card<\/strong><\/span><br \/>\n<span style=\"font-size: 75%; color: #999999;\"><strong>Proof of purchase \u2013 Receipt \/ FV<\/strong><\/span><\/p>\n<\/div>\n","protected":false},"featured_media":11670,"comment_status":"open","ping_status":"closed","template":"","meta":[],"product_brand":[],"product_cat":[162],"product_tag":[],"class_list":{"0":"post-11655","1":"product","2":"type-product","3":"status-publish","4":"has-post-thumbnail","6":"product_cat-stainless-steel-sinks","8":"first","9":"outofstock","10":"taxable","11":"shipping-taxable","12":"purchasable","13":"product-type-simple"},"yoast_head":"<!-- This site is optimized with the Yoast SEO plugin v27.1.1 - https:\/\/yoast.com\/product\/yoast-seo-wordpress\/ -->\n<title>Stainless steel sink Mega-M 90x60x85 | Monaxis<\/title>\n<meta name=\"robots\" content=\"index, follow, max-snippet:-1, max-image-preview:large, max-video-preview:-1\" \/>\n<link rel=\"canonical\" href=\"https:\/\/www.monaxis.lt\/parduotuve\/nerudijancio-plieno-kriaukle-mega-m-90x60x80\/\" \/>\n<meta property=\"og:locale\" content=\"en_US\" \/>\n<meta property=\"og:type\" content=\"article\" \/>\n<meta property=\"og:title\" content=\"Stainless steel sink Mega-M 90x60x85 | Monaxis\" \/>\n<meta property=\"og:description\" content=\"\u00a0Delivery 2-10 d.d.      \u00a0Comes with Stainless steel sink Warranty card Proof of purchase \u2013 Receipt \/ FV\" \/>\n<meta property=\"og:url\" content=\"https:\/\/www.monaxis.lt\/parduotuve\/nerudijancio-plieno-kriaukle-mega-m-90x60x80\/\" \/>\n<meta property=\"og:site_name\" content=\"Monaxis\" \/>\n<meta property=\"article:modified_time\" content=\"2024-04-12T07:11:08+00:00\" \/>\n<meta property=\"og:image\" content=\"https:\/\/www.monaxis.lt\/wp-content\/uploads\/2023\/05\/Nerudijancio-plieno-kriaukles-1.webp\" \/>\n\t<meta property=\"og:image:width\" content=\"1024\" \/>\n\t<meta property=\"og:image:height\" content=\"1024\" \/>\n\t<meta property=\"og:image:type\" content=\"image\/webp\" \/>\n<meta name=\"twitter:card\" content=\"summary_large_image\" \/>\n<meta name=\"twitter:label1\" content=\"Est. reading time\" \/>\n\t<meta name=\"twitter:data1\" content=\"2 minutes\" \/>\n<script type=\"application\/ld+json\" class=\"yoast-schema-graph\">{\"@context\":\"https:\/\/schema.org\",\"@graph\":[{\"@type\":\"WebPage\",\"@id\":\"https:\/\/www.monaxis.lt\/parduotuve\/nerudijancio-plieno-kriaukle-mega-m-90x60x80\/\",\"url\":\"https:\/\/www.monaxis.lt\/parduotuve\/nerudijancio-plieno-kriaukle-mega-m-90x60x80\/\",\"name\":\"Stainless steel sink Mega-M 90x60x85 | Monaxis\",\"isPartOf\":{\"@id\":\"https:\/\/www.monaxis.lt\/en\/#website\"},\"primaryImageOfPage\":{\"@id\":\"https:\/\/www.monaxis.lt\/parduotuve\/nerudijancio-plieno-kriaukle-mega-m-90x60x80\/#primaryimage\"},\"image\":{\"@id\":\"https:\/\/www.monaxis.lt\/parduotuve\/nerudijancio-plieno-kriaukle-mega-m-90x60x80\/#primaryimage\"},\"thumbnailUrl\":\"https:\/\/www.monaxis.lt\/wp-content\/uploads\/2023\/05\/Nerudijancio-plieno-kriaukles-1.webp\",\"datePublished\":\"2023-08-07T08:33:37+00:00\",\"dateModified\":\"2024-04-12T07:11:08+00:00\",\"breadcrumb\":{\"@id\":\"https:\/\/www.monaxis.lt\/parduotuve\/nerudijancio-plieno-kriaukle-mega-m-90x60x80\/#breadcrumb\"},\"inLanguage\":\"en-US\",\"potentialAction\":[{\"@type\":\"ReadAction\",\"target\":[\"https:\/\/www.monaxis.lt\/parduotuve\/nerudijancio-plieno-kriaukle-mega-m-90x60x80\/\"]}]},{\"@type\":\"ImageObject\",\"inLanguage\":\"en-US\",\"@id\":\"https:\/\/www.monaxis.lt\/parduotuve\/nerudijancio-plieno-kriaukle-mega-m-90x60x80\/#primaryimage\",\"url\":\"https:\/\/www.monaxis.lt\/wp-content\/uploads\/2023\/05\/Nerudijancio-plieno-kriaukles-1.webp\",\"contentUrl\":\"https:\/\/www.monaxis.lt\/wp-content\/uploads\/2023\/05\/Nerudijancio-plieno-kriaukles-1.webp\",\"width\":1024,\"height\":1024},{\"@type\":\"BreadcrumbList\",\"@id\":\"https:\/\/www.monaxis.lt\/parduotuve\/nerudijancio-plieno-kriaukle-mega-m-90x60x80\/#breadcrumb\",\"itemListElement\":[{\"@type\":\"ListItem\",\"position\":1,\"name\":\"Pagrindinis\",\"item\":\"https:\/\/www.monaxis.lt\/en\/\"},{\"@type\":\"ListItem\",\"position\":2,\"name\":\"Shop\",\"item\":\"https:\/\/www.monaxis.lt\/en\/shop\/\"},{\"@type\":\"ListItem\",\"position\":3,\"name\":\"Technologin\u0117 \u012franga\",\"item\":\"https:\/\/www.monaxis.lt\/produkto-kategorija\/pramonine-virtuves-iranga\/\"},{\"@type\":\"ListItem\",\"position\":4,\"name\":\"Ner\u016bdijan\u010dio plieno baldai\",\"item\":\"https:\/\/www.monaxis.lt\/produkto-kategorija\/pramonine-virtuves-iranga\/nerudijancio-plieno-baldai\/\"},{\"@type\":\"ListItem\",\"position\":5,\"name\":\"Stainless steel sinks\",\"item\":\"https:\/\/www.monaxis.lt\/en\/produkto-kategorija\/industrial-kitchen-equipment\/stainless-steel-furniture\/stainless-steel-sinks\/\"},{\"@type\":\"ListItem\",\"position\":6,\"name\":\"Stainless steel sink Mega-M 90x60x85\"}]},{\"@type\":\"WebSite\",\"@id\":\"https:\/\/www.monaxis.lt\/en\/#website\",\"url\":\"https:\/\/www.monaxis.lt\/en\/\",\"name\":\"Monaxis\",\"description\":\"Prekybin\u0117, bei \u0161aldymo \u012franga\",\"publisher\":{\"@id\":\"https:\/\/www.monaxis.lt\/en\/#organization\"},\"potentialAction\":[{\"@type\":\"SearchAction\",\"target\":{\"@type\":\"EntryPoint\",\"urlTemplate\":\"https:\/\/www.monaxis.lt\/en\/?s={search_term_string}\"},\"query-input\":{\"@type\":\"PropertyValueSpecification\",\"valueRequired\":true,\"valueName\":\"search_term_string\"}}],\"inLanguage\":\"en-US\"},{\"@type\":\"Organization\",\"@id\":\"https:\/\/www.monaxis.lt\/en\/#organization\",\"name\":\"Monaxis\",\"url\":\"https:\/\/www.monaxis.lt\/en\/\",\"logo\":{\"@type\":\"ImageObject\",\"inLanguage\":\"en-US\",\"@id\":\"https:\/\/www.monaxis.lt\/en\/#\/schema\/logo\/image\/\",\"url\":\"https:\/\/www.monaxis.lt\/wp-content\/uploads\/2023\/03\/logo-1.png\",\"contentUrl\":\"https:\/\/www.monaxis.lt\/wp-content\/uploads\/2023\/03\/logo-1.png\",\"width\":205,\"height\":58,\"caption\":\"Monaxis\"},\"image\":{\"@id\":\"https:\/\/www.monaxis.lt\/en\/#\/schema\/logo\/image\/\"}}]}<\/script>\n<!-- \/ Yoast SEO plugin. -->","yoast_head_json":{"title":"Stainless steel sink Mega-M 90x60x85 | Monaxis","robots":{"index":"index","follow":"follow","max-snippet":"max-snippet:-1","max-image-preview":"max-image-preview:large","max-video-preview":"max-video-preview:-1"},"canonical":"https:\/\/www.monaxis.lt\/parduotuve\/nerudijancio-plieno-kriaukle-mega-m-90x60x80\/","og_locale":"en_US","og_type":"article","og_title":"Stainless steel sink Mega-M 90x60x85 | Monaxis","og_description":"\u00a0Delivery 2-10 d.d.      \u00a0Comes with Stainless steel sink Warranty card Proof of purchase \u2013 Receipt \/ FV","og_url":"https:\/\/www.monaxis.lt\/parduotuve\/nerudijancio-plieno-kriaukle-mega-m-90x60x80\/","og_site_name":"Monaxis","article_modified_time":"2024-04-12T07:11:08+00:00","og_image":[{"width":1024,"height":1024,"url":"https:\/\/www.monaxis.lt\/wp-content\/uploads\/2023\/05\/Nerudijancio-plieno-kriaukles-1.webp","type":"image\/webp"}],"twitter_card":"summary_large_image","twitter_misc":{"Est. reading time":"2 minutes"},"schema":{"@context":"https:\/\/schema.org","@graph":[{"@type":"WebPage","@id":"https:\/\/www.monaxis.lt\/parduotuve\/nerudijancio-plieno-kriaukle-mega-m-90x60x80\/","url":"https:\/\/www.monaxis.lt\/parduotuve\/nerudijancio-plieno-kriaukle-mega-m-90x60x80\/","name":"Stainless steel sink Mega-M 90x60x85 | Monaxis","isPartOf":{"@id":"https:\/\/www.monaxis.lt\/en\/#website"},"primaryImageOfPage":{"@id":"https:\/\/www.monaxis.lt\/parduotuve\/nerudijancio-plieno-kriaukle-mega-m-90x60x80\/#primaryimage"},"image":{"@id":"https:\/\/www.monaxis.lt\/parduotuve\/nerudijancio-plieno-kriaukle-mega-m-90x60x80\/#primaryimage"},"thumbnailUrl":"https:\/\/www.monaxis.lt\/wp-content\/uploads\/2023\/05\/Nerudijancio-plieno-kriaukles-1.webp","datePublished":"2023-08-07T08:33:37+00:00","dateModified":"2024-04-12T07:11:08+00:00","breadcrumb":{"@id":"https:\/\/www.monaxis.lt\/parduotuve\/nerudijancio-plieno-kriaukle-mega-m-90x60x80\/#breadcrumb"},"inLanguage":"en-US","potentialAction":[{"@type":"ReadAction","target":["https:\/\/www.monaxis.lt\/parduotuve\/nerudijancio-plieno-kriaukle-mega-m-90x60x80\/"]}]},{"@type":"ImageObject","inLanguage":"en-US","@id":"https:\/\/www.monaxis.lt\/parduotuve\/nerudijancio-plieno-kriaukle-mega-m-90x60x80\/#primaryimage","url":"https:\/\/www.monaxis.lt\/wp-content\/uploads\/2023\/05\/Nerudijancio-plieno-kriaukles-1.webp","contentUrl":"https:\/\/www.monaxis.lt\/wp-content\/uploads\/2023\/05\/Nerudijancio-plieno-kriaukles-1.webp","width":1024,"height":1024},{"@type":"BreadcrumbList","@id":"https:\/\/www.monaxis.lt\/parduotuve\/nerudijancio-plieno-kriaukle-mega-m-90x60x80\/#breadcrumb","itemListElement":[{"@type":"ListItem","position":1,"name":"Pagrindinis","item":"https:\/\/www.monaxis.lt\/en\/"},{"@type":"ListItem","position":2,"name":"Shop","item":"https:\/\/www.monaxis.lt\/en\/shop\/"},{"@type":"ListItem","position":3,"name":"Technologin\u0117 \u012franga","item":"https:\/\/www.monaxis.lt\/produkto-kategorija\/pramonine-virtuves-iranga\/"},{"@type":"ListItem","position":4,"name":"Ner\u016bdijan\u010dio plieno baldai","item":"https:\/\/www.monaxis.lt\/produkto-kategorija\/pramonine-virtuves-iranga\/nerudijancio-plieno-baldai\/"},{"@type":"ListItem","position":5,"name":"Stainless steel sinks","item":"https:\/\/www.monaxis.lt\/en\/produkto-kategorija\/industrial-kitchen-equipment\/stainless-steel-furniture\/stainless-steel-sinks\/"},{"@type":"ListItem","position":6,"name":"Stainless steel sink Mega-M 90x60x85"}]},{"@type":"WebSite","@id":"https:\/\/www.monaxis.lt\/en\/#website","url":"https:\/\/www.monaxis.lt\/en\/","name":"Monaxis","description":"Prekybin\u0117, bei \u0161aldymo \u012franga","publisher":{"@id":"https:\/\/www.monaxis.lt\/en\/#organization"},"potentialAction":[{"@type":"SearchAction","target":{"@type":"EntryPoint","urlTemplate":"https:\/\/www.monaxis.lt\/en\/?s={search_term_string}"},"query-input":{"@type":"PropertyValueSpecification","valueRequired":true,"valueName":"search_term_string"}}],"inLanguage":"en-US"},{"@type":"Organization","@id":"https:\/\/www.monaxis.lt\/en\/#organization","name":"Monaxis","url":"https:\/\/www.monaxis.lt\/en\/","logo":{"@type":"ImageObject","inLanguage":"en-US","@id":"https:\/\/www.monaxis.lt\/en\/#\/schema\/logo\/image\/","url":"https:\/\/www.monaxis.lt\/wp-content\/uploads\/2023\/03\/logo-1.png","contentUrl":"https:\/\/www.monaxis.lt\/wp-content\/uploads\/2023\/03\/logo-1.png","width":205,"height":58,"caption":"Monaxis"},"image":{"@id":"https:\/\/www.monaxis.lt\/en\/#\/schema\/logo\/image\/"}}]}},"_links":{"self":[{"href":"https:\/\/www.monaxis.lt\/en\/wp-json\/wp\/v2\/product\/11655","targetHints":{"allow":["GET"]}}],"collection":[{"href":"https:\/\/www.monaxis.lt\/en\/wp-json\/wp\/v2\/product"}],"about":[{"href":"https:\/\/www.monaxis.lt\/en\/wp-json\/wp\/v2\/types\/product"}],"replies":[{"embeddable":true,"href":"https:\/\/www.monaxis.lt\/en\/wp-json\/wp\/v2\/comments?post=11655"}],"wp:featuredmedia":[{"embeddable":true,"href":"https:\/\/www.monaxis.lt\/en\/wp-json\/wp\/v2\/media\/11670"}],"wp:attachment":[{"href":"https:\/\/www.monaxis.lt\/en\/wp-json\/wp\/v2\/media?parent=11655"}],"wp:term":[{"taxonomy":"product_brand","embeddable":true,"href":"https:\/\/www.monaxis.lt\/en\/wp-json\/wp\/v2\/product_brand?post=11655"},{"taxonomy":"product_cat","embeddable":true,"href":"https:\/\/www.monaxis.lt\/en\/wp-json\/wp\/v2\/product_cat?post=11655"},{"taxonomy":"product_tag","embeddable":true,"href":"https:\/\/www.monaxis.lt\/en\/wp-json\/wp\/v2\/product_tag?post=11655"}],"curies":[{"name":"wp","href":"https:\/\/api.w.org\/{rel}","templated":true}]}}