{"id":13153,"date":"2023-10-21T11:50:03","date_gmt":"2023-10-21T08:50:03","guid":{"rendered":"https:\/\/www.monaxis.lt\/parduotuve\/meat-vacuum-massager-100l-30kg-1-5kw\/"},"modified":"2026-03-21T14:51:09","modified_gmt":"2026-03-21T12:51:09","slug":"mesos-vakuuminis-masazuoklis-100l-30kg-1-5kw","status":"publish","type":"product","link":"https:\/\/www.monaxis.lt\/en\/parduotuve\/mesos-vakuuminis-masazuoklis-100l-30kg-1-5kw\/","title":{"rendered":"Meat vacuum massager 100l 30kg 1.5kW"},"content":{"rendered":"<h2><strong>100l 30kg 1.5kW vacuum drum meat curing machine<\/strong><\/h2>\n<p>The <b>massager<\/b> is used to accurately plasticise the meat and prepare it for further processing. Allows better absorption of marinades and spices, ensuring tender and juicy meat. The unit is made of high quality AISI 304 steel, which <strong>is bio-neutral. <\/strong>The mixing process takes place in a sealed drum, which ensures perfect preparation of the mince. The machine is ideal for <strong> making <\/strong> <strong>sausages, charcuterie<\/strong> and <strong> p\u00e2t\u00e9s. <\/strong> .<\/p>\n<table>\n<tbody>\n<tr>\n<td>\n<h2><strong>Advantages of the meat massager<\/strong><\/h2>\n<ul>\n<li>Robust performance and hygienic cleanliness thanks to <strong>acid-resistant stainless steel.<\/strong><\/li>\n<li><strong>100 litre barrel with a lid.<\/strong><\/li>\n<li>Drum capacity <strong>up to 30 kg<\/strong> per working cycle.<\/li>\n<li>Stir the mixture with a pair of chopping knives.<\/li>\n<li><strong>Drum speed 8-9 rpm<\/strong><\/li>\n<li>Easy-to-use, intuitive touch-screen <strong>control panel<\/strong>.<\/li>\n<li>It speeds up the preparation of the filling and ensures high quality of the finished product.<\/li>\n<\/ul>\n<\/td>\n<td><img decoding=\"async\" class=\"alignnone wp-image-13170 size-full\" src=\"https:\/\/www.monaxis.lt\/wp-content\/uploads\/2023\/10\/mesos-masazuoklis-100l-1-1-Copy-1.webp\" alt=\"\" width=\"295\" height=\"295\" srcset=\"https:\/\/www.monaxis.lt\/wp-content\/uploads\/2023\/10\/mesos-masazuoklis-100l-1-1-Copy-1.webp 295w, https:\/\/www.monaxis.lt\/wp-content\/uploads\/2023\/10\/mesos-masazuoklis-100l-1-1-Copy-1-150x150.webp 150w\" sizes=\"(max-width: 295px) 100vw, 295px\" \/><\/td>\n<\/tr>\n<\/tbody>\n<\/table>\n<h2><strong>Stuffing machine &#8211; for professional use<\/strong><\/h2>\n<p>The <strong>meat massager<\/strong> is a professional machine with a 100 l drum and spiral blades. This ensures a gentle massage of the meat and precise preparation of the perfect filling consistency. This quality appliance is ideal for cooking meat into meatballs, burgers, pates and sausages. The vacuum mixer is an indispensable appliance in <strong>delicatessens, butcher shops, restaurants and the meat industry.<\/strong><\/p>\n<p><strong>The unit is manufactured in accordance with European Union standards.<\/strong><\/p>\n","protected":false},"excerpt":{"rendered":"<div class=\"product__parameter__name\"><strong><span class=\"product__parameter__name__text\"><img decoding=\"async\" class=\"alignnone wp-image-7601\" src=\"https:\/\/www.monaxis.lt\/wp-content\/uploads\/2023\/03\/delivery-1-150x150.png\" alt=\"\" width=\"23\" height=\"23\" srcset=\"https:\/\/www.monaxis.lt\/wp-content\/uploads\/2023\/03\/delivery-1-150x150.png 150w, https:\/\/www.monaxis.lt\/wp-content\/uploads\/2023\/03\/delivery-1-300x300.png 300w, https:\/\/www.monaxis.lt\/wp-content\/uploads\/2023\/03\/delivery-1.png 512w\" sizes=\"(max-width: 23px) 100vw, 23px\" \/> Delivery <\/span><\/strong><\/div>\n<div class=\"product__parameter__value\"><span class=\"product__parameter__value__text\" style=\"font-size: 75%;\">     <strong>   <span style=\"color: #999999;\"> 2-10 d.d.<\/span><\/strong><\/span><\/div>\n<div class=\"product__parameter__value\">\n<hr>\n<\/div>\n<p><strong><img decoding=\"async\" class=\"alignnone wp-image-7810\" src=\"https:\/\/www.monaxis.lt\/wp-content\/uploads\/2023\/01\/komplektuojama.png\" alt=\"\" width=\"23\" height=\"23\"> Comes with<\/strong><br \/>\n<strong><span style=\"font-size: 75%; color: #999999;\">  100l meat massager<\/span><\/strong><br \/>\n<strong><span style=\"font-size: 75%; color: #999999;\"> Warranty card<\/span><\/strong><br \/>\n<strong><span style=\"font-size: 75%; color: #999999;\"> Proof of purchase &#8211; Receipt \/ FV<\/span><\/strong><\/p>\n","protected":false},"featured_media":13155,"comment_status":"open","ping_status":"closed","template":"","meta":[],"product_brand":[],"product_cat":[227],"product_tag":[],"class_list":{"0":"post-13153","1":"product","2":"type-product","3":"status-publish","4":"has-post-thumbnail","6":"product_cat-vacuum-massagers","8":"first","9":"onbackorder","10":"taxable","11":"shipping-taxable","12":"product-type-simple"},"yoast_head":"<!-- This site is optimized with the Yoast SEO plugin v27.1.1 - https:\/\/yoast.com\/product\/yoast-seo-wordpress\/ -->\n<title>Meat vacuum massager 100l 30kg 1.5kW | Monaxis<\/title>\n<meta name=\"robots\" content=\"index, follow, max-snippet:-1, max-image-preview:large, max-video-preview:-1\" \/>\n<link rel=\"canonical\" href=\"https:\/\/www.monaxis.lt\/en\/parduotuve\/mesos-vakuuminis-masazuoklis-100l-30kg-1-5kw\/\" \/>\n<meta property=\"og:locale\" content=\"en_US\" \/>\n<meta property=\"og:type\" content=\"article\" \/>\n<meta property=\"og:title\" content=\"Meat vacuum massager 100l 30kg 1.5kW | Monaxis\" \/>\n<meta property=\"og:description\" content=\"Delivery      2-10 d.d.    Comes with  100l meat massager Warranty card Proof of purchase - Receipt \/ FV\" \/>\n<meta property=\"og:url\" content=\"https:\/\/www.monaxis.lt\/en\/parduotuve\/mesos-vakuuminis-masazuoklis-100l-30kg-1-5kw\/\" \/>\n<meta property=\"og:site_name\" content=\"Monaxis\" \/>\n<meta property=\"article:modified_time\" content=\"2026-03-21T12:51:09+00:00\" \/>\n<meta property=\"og:image\" content=\"https:\/\/www.monaxis.lt\/wp-content\/uploads\/2023\/10\/mesos-masazuoklis-100l-1-1.webp\" \/>\n\t<meta property=\"og:image:width\" content=\"1000\" \/>\n\t<meta property=\"og:image:height\" content=\"1000\" \/>\n\t<meta property=\"og:image:type\" content=\"image\/webp\" \/>\n<meta name=\"twitter:card\" content=\"summary_large_image\" \/>\n<meta name=\"twitter:label1\" content=\"Est. reading time\" \/>\n\t<meta name=\"twitter:data1\" content=\"1 minute\" \/>\n<script type=\"application\/ld+json\" class=\"yoast-schema-graph\">{\"@context\":\"https:\/\/schema.org\",\"@graph\":[{\"@type\":\"WebPage\",\"@id\":\"https:\/\/www.monaxis.lt\/en\/parduotuve\/mesos-vakuuminis-masazuoklis-100l-30kg-1-5kw\/\",\"url\":\"https:\/\/www.monaxis.lt\/en\/parduotuve\/mesos-vakuuminis-masazuoklis-100l-30kg-1-5kw\/\",\"name\":\"Meat vacuum massager 100l 30kg 1.5kW | Monaxis\",\"isPartOf\":{\"@id\":\"https:\/\/www.monaxis.lt\/en\/#website\"},\"primaryImageOfPage\":{\"@id\":\"https:\/\/www.monaxis.lt\/en\/parduotuve\/mesos-vakuuminis-masazuoklis-100l-30kg-1-5kw\/#primaryimage\"},\"image\":{\"@id\":\"https:\/\/www.monaxis.lt\/en\/parduotuve\/mesos-vakuuminis-masazuoklis-100l-30kg-1-5kw\/#primaryimage\"},\"thumbnailUrl\":\"https:\/\/www.monaxis.lt\/wp-content\/uploads\/2023\/10\/mesos-masazuoklis-100l-1-1.webp\",\"datePublished\":\"2023-10-21T08:50:03+00:00\",\"dateModified\":\"2026-03-21T12:51:09+00:00\",\"breadcrumb\":{\"@id\":\"https:\/\/www.monaxis.lt\/en\/parduotuve\/mesos-vakuuminis-masazuoklis-100l-30kg-1-5kw\/#breadcrumb\"},\"inLanguage\":\"en-US\",\"potentialAction\":[{\"@type\":\"ReadAction\",\"target\":[\"https:\/\/www.monaxis.lt\/en\/parduotuve\/mesos-vakuuminis-masazuoklis-100l-30kg-1-5kw\/\"]}]},{\"@type\":\"ImageObject\",\"inLanguage\":\"en-US\",\"@id\":\"https:\/\/www.monaxis.lt\/en\/parduotuve\/mesos-vakuuminis-masazuoklis-100l-30kg-1-5kw\/#primaryimage\",\"url\":\"https:\/\/www.monaxis.lt\/wp-content\/uploads\/2023\/10\/mesos-masazuoklis-100l-1-1.webp\",\"contentUrl\":\"https:\/\/www.monaxis.lt\/wp-content\/uploads\/2023\/10\/mesos-masazuoklis-100l-1-1.webp\",\"width\":1000,\"height\":1000},{\"@type\":\"BreadcrumbList\",\"@id\":\"https:\/\/www.monaxis.lt\/en\/parduotuve\/mesos-vakuuminis-masazuoklis-100l-30kg-1-5kw\/#breadcrumb\",\"itemListElement\":[{\"@type\":\"ListItem\",\"position\":1,\"name\":\"Pagrindinis\",\"item\":\"https:\/\/www.monaxis.lt\/en\/\"},{\"@type\":\"ListItem\",\"position\":2,\"name\":\"Shop\",\"item\":\"https:\/\/www.monaxis.lt\/en\/shop\/\"},{\"@type\":\"ListItem\",\"position\":3,\"name\":\"Technologin\u0117 \u012franga\",\"item\":\"https:\/\/www.monaxis.lt\/produkto-kategorija\/pramonine-virtuves-iranga\/\"},{\"@type\":\"ListItem\",\"position\":4,\"name\":\"M\u0117sos vakuuminiai masa\u017euokliai\",\"item\":\"https:\/\/www.monaxis.lt\/produkto-kategorija\/pramonine-virtuves-iranga\/mesos-vakuuminiai-masazuokliai\/\"},{\"@type\":\"ListItem\",\"position\":5,\"name\":\"Meat vacuum massager 100l 30kg 1.5kW\"}]},{\"@type\":\"WebSite\",\"@id\":\"https:\/\/www.monaxis.lt\/en\/#website\",\"url\":\"https:\/\/www.monaxis.lt\/en\/\",\"name\":\"Monaxis\",\"description\":\"Prekybin\u0117, bei \u0161aldymo \u012franga\",\"publisher\":{\"@id\":\"https:\/\/www.monaxis.lt\/en\/#organization\"},\"potentialAction\":[{\"@type\":\"SearchAction\",\"target\":{\"@type\":\"EntryPoint\",\"urlTemplate\":\"https:\/\/www.monaxis.lt\/en\/?s={search_term_string}\"},\"query-input\":{\"@type\":\"PropertyValueSpecification\",\"valueRequired\":true,\"valueName\":\"search_term_string\"}}],\"inLanguage\":\"en-US\"},{\"@type\":\"Organization\",\"@id\":\"https:\/\/www.monaxis.lt\/en\/#organization\",\"name\":\"Monaxis\",\"url\":\"https:\/\/www.monaxis.lt\/en\/\",\"logo\":{\"@type\":\"ImageObject\",\"inLanguage\":\"en-US\",\"@id\":\"https:\/\/www.monaxis.lt\/en\/#\/schema\/logo\/image\/\",\"url\":\"https:\/\/www.monaxis.lt\/wp-content\/uploads\/2023\/03\/logo-1.png\",\"contentUrl\":\"https:\/\/www.monaxis.lt\/wp-content\/uploads\/2023\/03\/logo-1.png\",\"width\":205,\"height\":58,\"caption\":\"Monaxis\"},\"image\":{\"@id\":\"https:\/\/www.monaxis.lt\/en\/#\/schema\/logo\/image\/\"}}]}<\/script>\n<!-- \/ Yoast SEO plugin. -->","yoast_head_json":{"title":"Meat vacuum massager 100l 30kg 1.5kW | Monaxis","robots":{"index":"index","follow":"follow","max-snippet":"max-snippet:-1","max-image-preview":"max-image-preview:large","max-video-preview":"max-video-preview:-1"},"canonical":"https:\/\/www.monaxis.lt\/en\/parduotuve\/mesos-vakuuminis-masazuoklis-100l-30kg-1-5kw\/","og_locale":"en_US","og_type":"article","og_title":"Meat vacuum massager 100l 30kg 1.5kW | Monaxis","og_description":"Delivery      2-10 d.d.    Comes with  100l meat massager Warranty card Proof of purchase - Receipt \/ FV","og_url":"https:\/\/www.monaxis.lt\/en\/parduotuve\/mesos-vakuuminis-masazuoklis-100l-30kg-1-5kw\/","og_site_name":"Monaxis","article_modified_time":"2026-03-21T12:51:09+00:00","og_image":[{"width":1000,"height":1000,"url":"https:\/\/www.monaxis.lt\/wp-content\/uploads\/2023\/10\/mesos-masazuoklis-100l-1-1.webp","type":"image\/webp"}],"twitter_card":"summary_large_image","twitter_misc":{"Est. reading time":"1 minute"},"schema":{"@context":"https:\/\/schema.org","@graph":[{"@type":"WebPage","@id":"https:\/\/www.monaxis.lt\/en\/parduotuve\/mesos-vakuuminis-masazuoklis-100l-30kg-1-5kw\/","url":"https:\/\/www.monaxis.lt\/en\/parduotuve\/mesos-vakuuminis-masazuoklis-100l-30kg-1-5kw\/","name":"Meat vacuum massager 100l 30kg 1.5kW | Monaxis","isPartOf":{"@id":"https:\/\/www.monaxis.lt\/en\/#website"},"primaryImageOfPage":{"@id":"https:\/\/www.monaxis.lt\/en\/parduotuve\/mesos-vakuuminis-masazuoklis-100l-30kg-1-5kw\/#primaryimage"},"image":{"@id":"https:\/\/www.monaxis.lt\/en\/parduotuve\/mesos-vakuuminis-masazuoklis-100l-30kg-1-5kw\/#primaryimage"},"thumbnailUrl":"https:\/\/www.monaxis.lt\/wp-content\/uploads\/2023\/10\/mesos-masazuoklis-100l-1-1.webp","datePublished":"2023-10-21T08:50:03+00:00","dateModified":"2026-03-21T12:51:09+00:00","breadcrumb":{"@id":"https:\/\/www.monaxis.lt\/en\/parduotuve\/mesos-vakuuminis-masazuoklis-100l-30kg-1-5kw\/#breadcrumb"},"inLanguage":"en-US","potentialAction":[{"@type":"ReadAction","target":["https:\/\/www.monaxis.lt\/en\/parduotuve\/mesos-vakuuminis-masazuoklis-100l-30kg-1-5kw\/"]}]},{"@type":"ImageObject","inLanguage":"en-US","@id":"https:\/\/www.monaxis.lt\/en\/parduotuve\/mesos-vakuuminis-masazuoklis-100l-30kg-1-5kw\/#primaryimage","url":"https:\/\/www.monaxis.lt\/wp-content\/uploads\/2023\/10\/mesos-masazuoklis-100l-1-1.webp","contentUrl":"https:\/\/www.monaxis.lt\/wp-content\/uploads\/2023\/10\/mesos-masazuoklis-100l-1-1.webp","width":1000,"height":1000},{"@type":"BreadcrumbList","@id":"https:\/\/www.monaxis.lt\/en\/parduotuve\/mesos-vakuuminis-masazuoklis-100l-30kg-1-5kw\/#breadcrumb","itemListElement":[{"@type":"ListItem","position":1,"name":"Pagrindinis","item":"https:\/\/www.monaxis.lt\/en\/"},{"@type":"ListItem","position":2,"name":"Shop","item":"https:\/\/www.monaxis.lt\/en\/shop\/"},{"@type":"ListItem","position":3,"name":"Technologin\u0117 \u012franga","item":"https:\/\/www.monaxis.lt\/produkto-kategorija\/pramonine-virtuves-iranga\/"},{"@type":"ListItem","position":4,"name":"M\u0117sos vakuuminiai masa\u017euokliai","item":"https:\/\/www.monaxis.lt\/produkto-kategorija\/pramonine-virtuves-iranga\/mesos-vakuuminiai-masazuokliai\/"},{"@type":"ListItem","position":5,"name":"Meat vacuum massager 100l 30kg 1.5kW"}]},{"@type":"WebSite","@id":"https:\/\/www.monaxis.lt\/en\/#website","url":"https:\/\/www.monaxis.lt\/en\/","name":"Monaxis","description":"Prekybin\u0117, bei \u0161aldymo \u012franga","publisher":{"@id":"https:\/\/www.monaxis.lt\/en\/#organization"},"potentialAction":[{"@type":"SearchAction","target":{"@type":"EntryPoint","urlTemplate":"https:\/\/www.monaxis.lt\/en\/?s={search_term_string}"},"query-input":{"@type":"PropertyValueSpecification","valueRequired":true,"valueName":"search_term_string"}}],"inLanguage":"en-US"},{"@type":"Organization","@id":"https:\/\/www.monaxis.lt\/en\/#organization","name":"Monaxis","url":"https:\/\/www.monaxis.lt\/en\/","logo":{"@type":"ImageObject","inLanguage":"en-US","@id":"https:\/\/www.monaxis.lt\/en\/#\/schema\/logo\/image\/","url":"https:\/\/www.monaxis.lt\/wp-content\/uploads\/2023\/03\/logo-1.png","contentUrl":"https:\/\/www.monaxis.lt\/wp-content\/uploads\/2023\/03\/logo-1.png","width":205,"height":58,"caption":"Monaxis"},"image":{"@id":"https:\/\/www.monaxis.lt\/en\/#\/schema\/logo\/image\/"}}]}},"_links":{"self":[{"href":"https:\/\/www.monaxis.lt\/en\/wp-json\/wp\/v2\/product\/13153","targetHints":{"allow":["GET"]}}],"collection":[{"href":"https:\/\/www.monaxis.lt\/en\/wp-json\/wp\/v2\/product"}],"about":[{"href":"https:\/\/www.monaxis.lt\/en\/wp-json\/wp\/v2\/types\/product"}],"replies":[{"embeddable":true,"href":"https:\/\/www.monaxis.lt\/en\/wp-json\/wp\/v2\/comments?post=13153"}],"wp:featuredmedia":[{"embeddable":true,"href":"https:\/\/www.monaxis.lt\/en\/wp-json\/wp\/v2\/media\/13155"}],"wp:attachment":[{"href":"https:\/\/www.monaxis.lt\/en\/wp-json\/wp\/v2\/media?parent=13153"}],"wp:term":[{"taxonomy":"product_brand","embeddable":true,"href":"https:\/\/www.monaxis.lt\/en\/wp-json\/wp\/v2\/product_brand?post=13153"},{"taxonomy":"product_cat","embeddable":true,"href":"https:\/\/www.monaxis.lt\/en\/wp-json\/wp\/v2\/product_cat?post=13153"},{"taxonomy":"product_tag","embeddable":true,"href":"https:\/\/www.monaxis.lt\/en\/wp-json\/wp\/v2\/product_tag?post=13153"}],"curies":[{"name":"wp","href":"https:\/\/api.w.org\/{rel}","templated":true}]}}