{"id":13497,"date":"2023-11-28T09:33:13","date_gmt":"2023-11-28T07:33:13","guid":{"rendered":"https:\/\/www.monaxis.lt\/parduotuve\/refrigeration-wall-diego-250-cm\/"},"modified":"2026-03-21T14:51:25","modified_gmt":"2026-03-21T12:51:25","slug":"sweetening-bowl-diego-250-cm","status":"publish","type":"product","link":"https:\/\/www.monaxis.lt\/en\/parduotuve\/sweetening-bowl-diego-250-cm\/","title":{"rendered":"Refrigeration wall DIEGO 250 cm 2248L"},"content":{"rendered":"<h3><strong>4-door refrigerated door &#8211; Extra large capacity<\/strong><\/h3>\n<p>The <strong>Mega-M<\/strong> refrigeration door is a combination of modern design, functionality and attention to the smallest details  <strong>. LED lighting<\/strong>  makes the products on display even more visible. The use of <strong>components <\/strong> <strong>from well-known brands<\/strong> in the fridge <strong>guarantees a high quality of workmanship<\/strong> that is backed by <strong>years of experience<\/strong>. The showcase is ideal for restaurants, <strong>bars, caf\u00e9s and other catering establishments.<\/strong><\/p>\n<h3><strong>High quality cold storage cabinets <\/strong><\/h3>\n<ul>\n<li>The fridge <strong>is made of high-quality <\/strong><strong>powder-coated steel.<\/strong><\/li>\n<li>High-quality insulation in the refrigeration housing guarantees a reduction in cold loss.<\/li>\n<li>The <strong>inside of the camera<\/strong> is <strong>powder-coated<\/strong>, making it easier to keep clean.<\/li>\n<li>The <strong>shelves <\/strong> <strong>with <\/strong> <strong>reinforced construction are height-adjustable <\/strong> and covered with plastic.<\/li>\n<li><strong>Opening door with double layer of toughened glass and <\/strong><strong>self-closing function <\/strong> <strong>.<\/strong><\/li>\n<li><strong>Vertical LED lighting on both sides of the door<\/strong> increases the visibility of the display.<\/li>\n<li>Each shelf has a stopper to prevent products from falling out <strong>. <\/strong> <\/li>\n<li><strong>The wheels with brake<\/strong> allow easy transport.<\/li>\n<\/ul>\n<h2><strong>Control functions and cooling in the DIEGO showcase<\/strong><\/h2>\n<ul>\n<li>The <strong>dynamic cooling<\/strong> system ensures a uniform temperature throughout the chamber.<\/li>\n<li>The device has an <strong>automatic defrost function.<\/strong><\/li>\n<li>The <strong>Carel electronic control panel<\/strong> allows you to set the temperature from + 1 <strong>to + 10 \u00b0C.<\/strong><\/li>\n<li>A digital display shows the current temperature in the chamber.<\/li>\n<li>An efficient compressor ensures proper efficiency and energy savings.<\/li>\n<\/ul>\n<p><strong>Safe purchasing and a manufacturer&#8217;s guarantee backed by years of experience<\/strong><\/p>\n<p>Before dispatch, each <strong>fridge must undergo a <\/strong><strong>validation process<\/strong> and is subject to a <strong>detailed<\/strong> technical and visual inspection by <strong>professional service staff.<\/strong><\/p>\n<p>The <strong>fridge cabinets are CE-certified to meet the requirements of the Sanitary and Epidemiological Station<\/strong>.<\/p>\n","protected":false},"excerpt":{"rendered":"<div class=\"product__parameter__name\"><strong><span class=\"product__parameter__name__text\"><img decoding=\"async\" class=\"alignnone wp-image-7601\" src=\"https:\/\/www.monaxis.lt\/wp-content\/uploads\/2023\/03\/delivery-1-150x150.png\" alt=\"\" width=\"23\" height=\"23\" srcset=\"https:\/\/www.monaxis.lt\/wp-content\/uploads\/2023\/03\/delivery-1-150x150.png 150w, https:\/\/www.monaxis.lt\/wp-content\/uploads\/2023\/03\/delivery-1-300x300.png 300w, https:\/\/www.monaxis.lt\/wp-content\/uploads\/2023\/03\/delivery-1.png 512w\" sizes=\"(max-width: 23px) 100vw, 23px\" \/> Delivery <\/span><\/strong><\/div>\n<div class=\"product__parameter__value\"><span class=\"product__parameter__value__text\" style=\"font-size: 75%;\">     <strong>   <span style=\"color: #999999;\"> 2-10 d.d.<\/span><\/strong><\/span><\/div>\n<div class=\"product__parameter__name\">\n<div class=\"product__parameter__value\">\n<hr>\n<\/div>\n<div>\n<div class=\"product__parameter__name\"><strong><span class=\"product__parameter__name__text\"><img decoding=\"async\" class=\"alignnone wp-image-7806\" style=\"color: #333333;\" src=\"https:\/\/www.monaxis.lt\/wp-content\/uploads\/2023\/01\/temperature-4.png\" alt=\"\" width=\"23\" height=\"23\"> Maintained temperature<\/span><\/strong><\/div>\n<div class=\"product__parameter__value\"><span class=\"product__parameter__value__text\" style=\"font-size: 75%;\">     <strong>   <span style=\"color: #999999;\">    <\/span><\/strong><\/span><span style=\"color: #999999;\"><strong><span style=\"font-size: 75%;\">(+1\u00b0C \u00f7 +10\u00b0C)<\/span><\/strong><\/span><\/div>\n<\/div>\n<div>\n<hr>\n<\/div>\n<div>\n<div class=\"product__parameter__name\"><strong><span class=\"product__parameter__name__text\"><img decoding=\"async\" class=\"alignnone wp-image-7807\" src=\"https:\/\/www.monaxis.lt\/wp-content\/uploads\/2023\/01\/refrigerant.png\" alt=\"\" width=\"23\" height=\"23\"> Refrigerant<\/span><\/strong><\/div>\n<div class=\"product__parameter__value\"><span class=\"product__parameter__value__text\" style=\"font-size: 75%;\">       <span style=\"color: #808080;\">  <span style=\"color: #999999;\"><strong>R290<\/strong><\/span><\/span><\/span><\/div>\n<\/div>\n<\/div>\n<div class=\"product__parameter__value\">\n<hr>\n<\/div>\n<p><strong><img decoding=\"async\" class=\"alignnone wp-image-7810\" src=\"https:\/\/www.monaxis.lt\/wp-content\/uploads\/2023\/01\/komplektuojama.png\" alt=\"\" width=\"23\" height=\"23\"> Comes with<\/strong><br \/>\n<strong><span style=\"font-size: 75%; color: #999999;\"> Refrigerated display cabinet<\/span><\/strong><br \/>\n<strong><span style=\"font-size: 75%; color: #999999;\">  Shelves &#8211; 20pcs<\/span><\/strong><br \/>\n<strong><span style=\"font-size: 75%; color: #999999;\"> Warranty card<\/span><\/strong><br \/>\n<strong><span style=\"font-size: 75%; color: #999999;\"> Proof of purchase &#8211; Receipt \/ FV<\/span><\/strong><\/p>\n","protected":false},"featured_media":13474,"comment_status":"open","ping_status":"closed","template":"","meta":[],"product_brand":[],"product_cat":[138],"product_tag":[],"class_list":{"0":"post-13497","1":"product","2":"type-product","3":"status-publish","4":"has-post-thumbnail","6":"product_cat-showcase-refrigerators","7":"pa_aukstis-200cm-en","8":"pa_bukle-new-en","9":"pa_ilgis-251cm-en","10":"pa_plotis-71cm-en","11":"pa_talpa-2248l-en","12":"pa_temperaturos-diapazonas-c-1c-10c-en","14":"first","15":"instock","16":"sale","17":"taxable","18":"shipping-taxable","19":"purchasable","20":"product-type-simple"},"yoast_head":"<!-- This site is optimized with the Yoast SEO plugin v27.1.1 - https:\/\/yoast.com\/product\/yoast-seo-wordpress\/ -->\n<title>Refrigeration wall DIEGO 250 cm 2248L | Monaxis<\/title>\n<meta name=\"robots\" content=\"index, follow, max-snippet:-1, max-image-preview:large, max-video-preview:-1\" \/>\n<link rel=\"canonical\" href=\"https:\/\/www.monaxis.lt\/en\/parduotuve\/sweetening-bowl-diego-250-cm\/\" \/>\n<meta property=\"og:locale\" content=\"en_US\" \/>\n<meta property=\"og:type\" content=\"article\" \/>\n<meta property=\"og:title\" content=\"Refrigeration wall DIEGO 250 cm 2248L | Monaxis\" \/>\n<meta property=\"og:description\" content=\"Delivery      2-10 d.d.     Maintained temperature       (+1\u00b0C \u00f7 +10\u00b0C)     Refrigerant     R290     Comes with Refrigerated display cabinet  Shelves - 20pcs Warranty card Proof of purchase - Receipt \/ FV\" \/>\n<meta property=\"og:url\" content=\"https:\/\/www.monaxis.lt\/en\/parduotuve\/sweetening-bowl-diego-250-cm\/\" \/>\n<meta property=\"og:site_name\" content=\"Monaxis\" \/>\n<meta property=\"article:modified_time\" content=\"2026-03-21T12:51:25+00:00\" \/>\n<meta property=\"og:image\" content=\"https:\/\/www.monaxis.lt\/wp-content\/uploads\/2023\/11\/Saldymo-priesienis-Diego-250-1.webp\" \/>\n\t<meta property=\"og:image:width\" content=\"1000\" \/>\n\t<meta property=\"og:image:height\" content=\"1000\" \/>\n\t<meta property=\"og:image:type\" content=\"image\/webp\" \/>\n<meta name=\"twitter:card\" content=\"summary_large_image\" \/>\n<meta name=\"twitter:label1\" content=\"Est. reading time\" \/>\n\t<meta name=\"twitter:data1\" content=\"1 minute\" \/>\n<script type=\"application\/ld+json\" class=\"yoast-schema-graph\">{\"@context\":\"https:\/\/schema.org\",\"@graph\":[{\"@type\":\"WebPage\",\"@id\":\"https:\/\/www.monaxis.lt\/en\/parduotuve\/sweetening-bowl-diego-250-cm\/\",\"url\":\"https:\/\/www.monaxis.lt\/en\/parduotuve\/sweetening-bowl-diego-250-cm\/\",\"name\":\"Refrigeration wall DIEGO 250 cm 2248L | Monaxis\",\"isPartOf\":{\"@id\":\"https:\/\/www.monaxis.lt\/en\/#website\"},\"primaryImageOfPage\":{\"@id\":\"https:\/\/www.monaxis.lt\/en\/parduotuve\/sweetening-bowl-diego-250-cm\/#primaryimage\"},\"image\":{\"@id\":\"https:\/\/www.monaxis.lt\/en\/parduotuve\/sweetening-bowl-diego-250-cm\/#primaryimage\"},\"thumbnailUrl\":\"https:\/\/www.monaxis.lt\/wp-content\/uploads\/2023\/11\/Saldymo-priesienis-Diego-250-1.webp\",\"datePublished\":\"2023-11-28T07:33:13+00:00\",\"dateModified\":\"2026-03-21T12:51:25+00:00\",\"breadcrumb\":{\"@id\":\"https:\/\/www.monaxis.lt\/en\/parduotuve\/sweetening-bowl-diego-250-cm\/#breadcrumb\"},\"inLanguage\":\"en-US\",\"potentialAction\":[{\"@type\":\"ReadAction\",\"target\":[\"https:\/\/www.monaxis.lt\/en\/parduotuve\/sweetening-bowl-diego-250-cm\/\"]}]},{\"@type\":\"ImageObject\",\"inLanguage\":\"en-US\",\"@id\":\"https:\/\/www.monaxis.lt\/en\/parduotuve\/sweetening-bowl-diego-250-cm\/#primaryimage\",\"url\":\"https:\/\/www.monaxis.lt\/wp-content\/uploads\/2023\/11\/Saldymo-priesienis-Diego-250-1.webp\",\"contentUrl\":\"https:\/\/www.monaxis.lt\/wp-content\/uploads\/2023\/11\/Saldymo-priesienis-Diego-250-1.webp\",\"width\":1000,\"height\":1000},{\"@type\":\"BreadcrumbList\",\"@id\":\"https:\/\/www.monaxis.lt\/en\/parduotuve\/sweetening-bowl-diego-250-cm\/#breadcrumb\",\"itemListElement\":[{\"@type\":\"ListItem\",\"position\":1,\"name\":\"Pagrindinis\",\"item\":\"https:\/\/www.monaxis.lt\/en\/\"},{\"@type\":\"ListItem\",\"position\":2,\"name\":\"Shop\",\"item\":\"https:\/\/www.monaxis.lt\/en\/shop\/\"},{\"@type\":\"ListItem\",\"position\":3,\"name\":\"Commercial refrigeration equipment\",\"item\":\"https:\/\/www.monaxis.lt\/en\/produkto-kategorija\/commercial-refrigeration-equipment-en\/\"},{\"@type\":\"ListItem\",\"position\":4,\"name\":\"Showcase refrigerators\",\"item\":\"https:\/\/www.monaxis.lt\/en\/produkto-kategorija\/commercial-refrigeration-equipment-en\/showcase-refrigerators\/\"},{\"@type\":\"ListItem\",\"position\":5,\"name\":\"Refrigeration wall DIEGO 250 cm 2248L\"}]},{\"@type\":\"WebSite\",\"@id\":\"https:\/\/www.monaxis.lt\/en\/#website\",\"url\":\"https:\/\/www.monaxis.lt\/en\/\",\"name\":\"Monaxis\",\"description\":\"Prekybin\u0117, bei \u0161aldymo \u012franga\",\"publisher\":{\"@id\":\"https:\/\/www.monaxis.lt\/en\/#organization\"},\"potentialAction\":[{\"@type\":\"SearchAction\",\"target\":{\"@type\":\"EntryPoint\",\"urlTemplate\":\"https:\/\/www.monaxis.lt\/en\/?s={search_term_string}\"},\"query-input\":{\"@type\":\"PropertyValueSpecification\",\"valueRequired\":true,\"valueName\":\"search_term_string\"}}],\"inLanguage\":\"en-US\"},{\"@type\":\"Organization\",\"@id\":\"https:\/\/www.monaxis.lt\/en\/#organization\",\"name\":\"Monaxis\",\"url\":\"https:\/\/www.monaxis.lt\/en\/\",\"logo\":{\"@type\":\"ImageObject\",\"inLanguage\":\"en-US\",\"@id\":\"https:\/\/www.monaxis.lt\/en\/#\/schema\/logo\/image\/\",\"url\":\"https:\/\/www.monaxis.lt\/wp-content\/uploads\/2023\/03\/logo-1.png\",\"contentUrl\":\"https:\/\/www.monaxis.lt\/wp-content\/uploads\/2023\/03\/logo-1.png\",\"width\":205,\"height\":58,\"caption\":\"Monaxis\"},\"image\":{\"@id\":\"https:\/\/www.monaxis.lt\/en\/#\/schema\/logo\/image\/\"}}]}<\/script>\n<!-- \/ Yoast SEO plugin. -->","yoast_head_json":{"title":"Refrigeration wall DIEGO 250 cm 2248L | Monaxis","robots":{"index":"index","follow":"follow","max-snippet":"max-snippet:-1","max-image-preview":"max-image-preview:large","max-video-preview":"max-video-preview:-1"},"canonical":"https:\/\/www.monaxis.lt\/en\/parduotuve\/sweetening-bowl-diego-250-cm\/","og_locale":"en_US","og_type":"article","og_title":"Refrigeration wall DIEGO 250 cm 2248L | Monaxis","og_description":"Delivery      2-10 d.d.     Maintained temperature       (+1\u00b0C \u00f7 +10\u00b0C)     Refrigerant     R290     Comes with Refrigerated display cabinet  Shelves - 20pcs Warranty card Proof of purchase - Receipt \/ FV","og_url":"https:\/\/www.monaxis.lt\/en\/parduotuve\/sweetening-bowl-diego-250-cm\/","og_site_name":"Monaxis","article_modified_time":"2026-03-21T12:51:25+00:00","og_image":[{"width":1000,"height":1000,"url":"https:\/\/www.monaxis.lt\/wp-content\/uploads\/2023\/11\/Saldymo-priesienis-Diego-250-1.webp","type":"image\/webp"}],"twitter_card":"summary_large_image","twitter_misc":{"Est. reading time":"1 minute"},"schema":{"@context":"https:\/\/schema.org","@graph":[{"@type":"WebPage","@id":"https:\/\/www.monaxis.lt\/en\/parduotuve\/sweetening-bowl-diego-250-cm\/","url":"https:\/\/www.monaxis.lt\/en\/parduotuve\/sweetening-bowl-diego-250-cm\/","name":"Refrigeration wall DIEGO 250 cm 2248L | Monaxis","isPartOf":{"@id":"https:\/\/www.monaxis.lt\/en\/#website"},"primaryImageOfPage":{"@id":"https:\/\/www.monaxis.lt\/en\/parduotuve\/sweetening-bowl-diego-250-cm\/#primaryimage"},"image":{"@id":"https:\/\/www.monaxis.lt\/en\/parduotuve\/sweetening-bowl-diego-250-cm\/#primaryimage"},"thumbnailUrl":"https:\/\/www.monaxis.lt\/wp-content\/uploads\/2023\/11\/Saldymo-priesienis-Diego-250-1.webp","datePublished":"2023-11-28T07:33:13+00:00","dateModified":"2026-03-21T12:51:25+00:00","breadcrumb":{"@id":"https:\/\/www.monaxis.lt\/en\/parduotuve\/sweetening-bowl-diego-250-cm\/#breadcrumb"},"inLanguage":"en-US","potentialAction":[{"@type":"ReadAction","target":["https:\/\/www.monaxis.lt\/en\/parduotuve\/sweetening-bowl-diego-250-cm\/"]}]},{"@type":"ImageObject","inLanguage":"en-US","@id":"https:\/\/www.monaxis.lt\/en\/parduotuve\/sweetening-bowl-diego-250-cm\/#primaryimage","url":"https:\/\/www.monaxis.lt\/wp-content\/uploads\/2023\/11\/Saldymo-priesienis-Diego-250-1.webp","contentUrl":"https:\/\/www.monaxis.lt\/wp-content\/uploads\/2023\/11\/Saldymo-priesienis-Diego-250-1.webp","width":1000,"height":1000},{"@type":"BreadcrumbList","@id":"https:\/\/www.monaxis.lt\/en\/parduotuve\/sweetening-bowl-diego-250-cm\/#breadcrumb","itemListElement":[{"@type":"ListItem","position":1,"name":"Pagrindinis","item":"https:\/\/www.monaxis.lt\/en\/"},{"@type":"ListItem","position":2,"name":"Shop","item":"https:\/\/www.monaxis.lt\/en\/shop\/"},{"@type":"ListItem","position":3,"name":"Commercial refrigeration equipment","item":"https:\/\/www.monaxis.lt\/en\/produkto-kategorija\/commercial-refrigeration-equipment-en\/"},{"@type":"ListItem","position":4,"name":"Showcase refrigerators","item":"https:\/\/www.monaxis.lt\/en\/produkto-kategorija\/commercial-refrigeration-equipment-en\/showcase-refrigerators\/"},{"@type":"ListItem","position":5,"name":"Refrigeration wall DIEGO 250 cm 2248L"}]},{"@type":"WebSite","@id":"https:\/\/www.monaxis.lt\/en\/#website","url":"https:\/\/www.monaxis.lt\/en\/","name":"Monaxis","description":"Prekybin\u0117, bei \u0161aldymo \u012franga","publisher":{"@id":"https:\/\/www.monaxis.lt\/en\/#organization"},"potentialAction":[{"@type":"SearchAction","target":{"@type":"EntryPoint","urlTemplate":"https:\/\/www.monaxis.lt\/en\/?s={search_term_string}"},"query-input":{"@type":"PropertyValueSpecification","valueRequired":true,"valueName":"search_term_string"}}],"inLanguage":"en-US"},{"@type":"Organization","@id":"https:\/\/www.monaxis.lt\/en\/#organization","name":"Monaxis","url":"https:\/\/www.monaxis.lt\/en\/","logo":{"@type":"ImageObject","inLanguage":"en-US","@id":"https:\/\/www.monaxis.lt\/en\/#\/schema\/logo\/image\/","url":"https:\/\/www.monaxis.lt\/wp-content\/uploads\/2023\/03\/logo-1.png","contentUrl":"https:\/\/www.monaxis.lt\/wp-content\/uploads\/2023\/03\/logo-1.png","width":205,"height":58,"caption":"Monaxis"},"image":{"@id":"https:\/\/www.monaxis.lt\/en\/#\/schema\/logo\/image\/"}}]}},"_links":{"self":[{"href":"https:\/\/www.monaxis.lt\/en\/wp-json\/wp\/v2\/product\/13497","targetHints":{"allow":["GET"]}}],"collection":[{"href":"https:\/\/www.monaxis.lt\/en\/wp-json\/wp\/v2\/product"}],"about":[{"href":"https:\/\/www.monaxis.lt\/en\/wp-json\/wp\/v2\/types\/product"}],"replies":[{"embeddable":true,"href":"https:\/\/www.monaxis.lt\/en\/wp-json\/wp\/v2\/comments?post=13497"}],"wp:featuredmedia":[{"embeddable":true,"href":"https:\/\/www.monaxis.lt\/en\/wp-json\/wp\/v2\/media\/13474"}],"wp:attachment":[{"href":"https:\/\/www.monaxis.lt\/en\/wp-json\/wp\/v2\/media?parent=13497"}],"wp:term":[{"taxonomy":"product_brand","embeddable":true,"href":"https:\/\/www.monaxis.lt\/en\/wp-json\/wp\/v2\/product_brand?post=13497"},{"taxonomy":"product_cat","embeddable":true,"href":"https:\/\/www.monaxis.lt\/en\/wp-json\/wp\/v2\/product_cat?post=13497"},{"taxonomy":"product_tag","embeddable":true,"href":"https:\/\/www.monaxis.lt\/en\/wp-json\/wp\/v2\/product_tag?post=13497"}],"curies":[{"name":"wp","href":"https:\/\/api.w.org\/{rel}","templated":true}]}}