{"id":13623,"date":"2023-11-29T11:06:41","date_gmt":"2023-11-29T09:06:41","guid":{"rendered":"https:\/\/www.monaxis.lt\/?post_type=product&#038;p=13623"},"modified":"2026-03-21T14:51:30","modified_gmt":"2026-03-21T12:51:30","slug":"shopping-cart-el-101l","status":"publish","type":"product","link":"https:\/\/www.monaxis.lt\/en\/parduotuve\/shopping-cart-el-101l\/","title":{"rendered":"Shopping trolley EL 101L"},"content":{"rendered":"<h3><strong>EL 101L Refurbished shopping trolley<\/strong><\/h3>\n<p><strong>EL 101L metal shopping basket<\/strong> with seat for children up to 15 kg. The self-service shopping basket is made of galvanised steel wire, <strong>refurbished and coated with a glossy coating with high corrosion resistance. <\/strong>It has a round plastic-coated metal handle with a <strong>locking system<\/strong> to protect the trolley against theft. The shopping basket, with a basket size of <strong>52 x 77 x 46<\/strong><strong> cm<\/strong>, is very useful for customers when shopping.<\/p>\n<h3><strong>Advantages of a metal shopping trolley:<\/strong><\/h3>\n<ul>\n<li>Equipped with a booster seat for children up to 15 kg.<\/li>\n<li>Ideal for medium to large commercial premises.<\/li>\n<li><span lang=\"pl\">Space is saved when trolleys are arranged in rows.  <\/span><\/li>\n<li><span lang=\"pl\">The visibility of purchases allows checkout staff to focus on checking products.<\/span><\/li>\n<li><span lang=\"pl\">The pushchair has rotating wheels with rubber tread.<\/span><\/li>\n<li>Thanks to the <span lang=\"pl\">reinforced frame structure, the pushchair is stable and durable.<\/span><\/li>\n<li><span lang=\"pl\">Spacious <\/span><span lang=\"pl\">shopping basket <\/span><span lang=\" pl\">with small openings <\/span><span lang=\"pl\">prevents small items from falling out<\/span><\/li>\n<li>G <span lang=\"pl\">quality guarantee for durability, ergonomics and safety of use.<\/span><\/li>\n<\/ul>\n","protected":false},"excerpt":{"rendered":"<p>EL 101L Refurbished shopping trolley EL 101L metal shopping basket with seat for children up to 15 kg. The self-service shopping basket is made of galvanised steel wire, refurbished and coated with a glossy coating with high corrosion resistance. It has a round plastic-coated metal handle with a locking system to protect the trolley against [&#8230;]\n","protected":false},"featured_media":13625,"comment_status":"open","ping_status":"closed","template":"","meta":[],"product_brand":[],"product_cat":[237],"product_tag":[],"class_list":{"0":"post-13623","1":"product","2":"type-product","3":"status-publish","4":"has-post-thumbnail","6":"product_cat-shopping-trolleys-and-baskets","8":"first","9":"onbackorder","10":"taxable","11":"shipping-taxable","12":"product-type-simple"},"yoast_head":"<!-- This site is optimized with the Yoast SEO plugin v27.1.1 - https:\/\/yoast.com\/product\/yoast-seo-wordpress\/ -->\n<title>Shopping trolley EL 101L | Monaxis<\/title>\n<meta name=\"robots\" content=\"index, follow, max-snippet:-1, max-image-preview:large, max-video-preview:-1\" \/>\n<link rel=\"canonical\" href=\"https:\/\/www.monaxis.lt\/en\/parduotuve\/shopping-cart-el-101l\/\" \/>\n<meta property=\"og:locale\" content=\"en_US\" \/>\n<meta property=\"og:type\" content=\"article\" \/>\n<meta property=\"og:title\" content=\"Shopping trolley EL 101L | Monaxis\" \/>\n<meta property=\"og:description\" content=\"EL 101L Refurbished shopping trolley EL 101L metal shopping basket with seat for children up to 15 kg. The self-service shopping basket is made of galvanised steel wire, refurbished and coated with a glossy coating with high corrosion resistance. It has a round plastic-coated metal handle with a locking system to protect the trolley against [...]\" \/>\n<meta property=\"og:url\" content=\"https:\/\/www.monaxis.lt\/en\/parduotuve\/shopping-cart-el-101l\/\" \/>\n<meta property=\"og:site_name\" content=\"Monaxis\" \/>\n<meta property=\"article:modified_time\" content=\"2026-03-21T12:51:30+00:00\" \/>\n<meta property=\"og:image\" content=\"https:\/\/www.monaxis.lt\/wp-content\/uploads\/2023\/11\/pirkiniu-vezimelis-1.webp\" \/>\n\t<meta property=\"og:image:width\" content=\"1024\" \/>\n\t<meta property=\"og:image:height\" content=\"1024\" \/>\n\t<meta property=\"og:image:type\" content=\"image\/webp\" \/>\n<meta name=\"twitter:card\" content=\"summary_large_image\" \/>\n<meta name=\"twitter:label1\" content=\"Est. reading time\" \/>\n\t<meta name=\"twitter:data1\" content=\"2 minutes\" \/>\n<script type=\"application\/ld+json\" class=\"yoast-schema-graph\">{\"@context\":\"https:\/\/schema.org\",\"@graph\":[{\"@type\":\"WebPage\",\"@id\":\"https:\/\/www.monaxis.lt\/en\/parduotuve\/shopping-cart-el-101l\/\",\"url\":\"https:\/\/www.monaxis.lt\/en\/parduotuve\/shopping-cart-el-101l\/\",\"name\":\"Shopping trolley EL 101L | Monaxis\",\"isPartOf\":{\"@id\":\"https:\/\/www.monaxis.lt\/en\/#website\"},\"primaryImageOfPage\":{\"@id\":\"https:\/\/www.monaxis.lt\/en\/parduotuve\/shopping-cart-el-101l\/#primaryimage\"},\"image\":{\"@id\":\"https:\/\/www.monaxis.lt\/en\/parduotuve\/shopping-cart-el-101l\/#primaryimage\"},\"thumbnailUrl\":\"https:\/\/www.monaxis.lt\/wp-content\/uploads\/2023\/11\/pirkiniu-vezimelis-1.webp\",\"datePublished\":\"2023-11-29T09:06:41+00:00\",\"dateModified\":\"2026-03-21T12:51:30+00:00\",\"breadcrumb\":{\"@id\":\"https:\/\/www.monaxis.lt\/en\/parduotuve\/shopping-cart-el-101l\/#breadcrumb\"},\"inLanguage\":\"en-US\",\"potentialAction\":[{\"@type\":\"ReadAction\",\"target\":[\"https:\/\/www.monaxis.lt\/en\/parduotuve\/shopping-cart-el-101l\/\"]}]},{\"@type\":\"ImageObject\",\"inLanguage\":\"en-US\",\"@id\":\"https:\/\/www.monaxis.lt\/en\/parduotuve\/shopping-cart-el-101l\/#primaryimage\",\"url\":\"https:\/\/www.monaxis.lt\/wp-content\/uploads\/2023\/11\/pirkiniu-vezimelis-1.webp\",\"contentUrl\":\"https:\/\/www.monaxis.lt\/wp-content\/uploads\/2023\/11\/pirkiniu-vezimelis-1.webp\",\"width\":1024,\"height\":1024},{\"@type\":\"BreadcrumbList\",\"@id\":\"https:\/\/www.monaxis.lt\/en\/parduotuve\/shopping-cart-el-101l\/#breadcrumb\",\"itemListElement\":[{\"@type\":\"ListItem\",\"position\":1,\"name\":\"Pagrindinis\",\"item\":\"https:\/\/www.monaxis.lt\/en\/\"},{\"@type\":\"ListItem\",\"position\":2,\"name\":\"Shop\",\"item\":\"https:\/\/www.monaxis.lt\/en\/shop\/\"},{\"@type\":\"ListItem\",\"position\":3,\"name\":\"Supermarket equipment\",\"item\":\"https:\/\/www.monaxis.lt\/en\/produkto-kategorija\/supermarket-equipment\/\"},{\"@type\":\"ListItem\",\"position\":4,\"name\":\"Shopping trolleys and baskets\",\"item\":\"https:\/\/www.monaxis.lt\/en\/produkto-kategorija\/supermarket-equipment\/shopping-trolleys-and-baskets\/\"},{\"@type\":\"ListItem\",\"position\":5,\"name\":\"Shopping trolley EL 101L\"}]},{\"@type\":\"WebSite\",\"@id\":\"https:\/\/www.monaxis.lt\/en\/#website\",\"url\":\"https:\/\/www.monaxis.lt\/en\/\",\"name\":\"Monaxis\",\"description\":\"Prekybin\u0117, bei \u0161aldymo \u012franga\",\"publisher\":{\"@id\":\"https:\/\/www.monaxis.lt\/en\/#organization\"},\"potentialAction\":[{\"@type\":\"SearchAction\",\"target\":{\"@type\":\"EntryPoint\",\"urlTemplate\":\"https:\/\/www.monaxis.lt\/en\/?s={search_term_string}\"},\"query-input\":{\"@type\":\"PropertyValueSpecification\",\"valueRequired\":true,\"valueName\":\"search_term_string\"}}],\"inLanguage\":\"en-US\"},{\"@type\":\"Organization\",\"@id\":\"https:\/\/www.monaxis.lt\/en\/#organization\",\"name\":\"Monaxis\",\"url\":\"https:\/\/www.monaxis.lt\/en\/\",\"logo\":{\"@type\":\"ImageObject\",\"inLanguage\":\"en-US\",\"@id\":\"https:\/\/www.monaxis.lt\/en\/#\/schema\/logo\/image\/\",\"url\":\"https:\/\/www.monaxis.lt\/wp-content\/uploads\/2023\/03\/logo-1.png\",\"contentUrl\":\"https:\/\/www.monaxis.lt\/wp-content\/uploads\/2023\/03\/logo-1.png\",\"width\":205,\"height\":58,\"caption\":\"Monaxis\"},\"image\":{\"@id\":\"https:\/\/www.monaxis.lt\/en\/#\/schema\/logo\/image\/\"}}]}<\/script>\n<!-- \/ Yoast SEO plugin. -->","yoast_head_json":{"title":"Shopping trolley EL 101L | Monaxis","robots":{"index":"index","follow":"follow","max-snippet":"max-snippet:-1","max-image-preview":"max-image-preview:large","max-video-preview":"max-video-preview:-1"},"canonical":"https:\/\/www.monaxis.lt\/en\/parduotuve\/shopping-cart-el-101l\/","og_locale":"en_US","og_type":"article","og_title":"Shopping trolley EL 101L | Monaxis","og_description":"EL 101L Refurbished shopping trolley EL 101L metal shopping basket with seat for children up to 15 kg. The self-service shopping basket is made of galvanised steel wire, refurbished and coated with a glossy coating with high corrosion resistance. It has a round plastic-coated metal handle with a locking system to protect the trolley against [...]","og_url":"https:\/\/www.monaxis.lt\/en\/parduotuve\/shopping-cart-el-101l\/","og_site_name":"Monaxis","article_modified_time":"2026-03-21T12:51:30+00:00","og_image":[{"width":1024,"height":1024,"url":"https:\/\/www.monaxis.lt\/wp-content\/uploads\/2023\/11\/pirkiniu-vezimelis-1.webp","type":"image\/webp"}],"twitter_card":"summary_large_image","twitter_misc":{"Est. reading time":"2 minutes"},"schema":{"@context":"https:\/\/schema.org","@graph":[{"@type":"WebPage","@id":"https:\/\/www.monaxis.lt\/en\/parduotuve\/shopping-cart-el-101l\/","url":"https:\/\/www.monaxis.lt\/en\/parduotuve\/shopping-cart-el-101l\/","name":"Shopping trolley EL 101L | Monaxis","isPartOf":{"@id":"https:\/\/www.monaxis.lt\/en\/#website"},"primaryImageOfPage":{"@id":"https:\/\/www.monaxis.lt\/en\/parduotuve\/shopping-cart-el-101l\/#primaryimage"},"image":{"@id":"https:\/\/www.monaxis.lt\/en\/parduotuve\/shopping-cart-el-101l\/#primaryimage"},"thumbnailUrl":"https:\/\/www.monaxis.lt\/wp-content\/uploads\/2023\/11\/pirkiniu-vezimelis-1.webp","datePublished":"2023-11-29T09:06:41+00:00","dateModified":"2026-03-21T12:51:30+00:00","breadcrumb":{"@id":"https:\/\/www.monaxis.lt\/en\/parduotuve\/shopping-cart-el-101l\/#breadcrumb"},"inLanguage":"en-US","potentialAction":[{"@type":"ReadAction","target":["https:\/\/www.monaxis.lt\/en\/parduotuve\/shopping-cart-el-101l\/"]}]},{"@type":"ImageObject","inLanguage":"en-US","@id":"https:\/\/www.monaxis.lt\/en\/parduotuve\/shopping-cart-el-101l\/#primaryimage","url":"https:\/\/www.monaxis.lt\/wp-content\/uploads\/2023\/11\/pirkiniu-vezimelis-1.webp","contentUrl":"https:\/\/www.monaxis.lt\/wp-content\/uploads\/2023\/11\/pirkiniu-vezimelis-1.webp","width":1024,"height":1024},{"@type":"BreadcrumbList","@id":"https:\/\/www.monaxis.lt\/en\/parduotuve\/shopping-cart-el-101l\/#breadcrumb","itemListElement":[{"@type":"ListItem","position":1,"name":"Pagrindinis","item":"https:\/\/www.monaxis.lt\/en\/"},{"@type":"ListItem","position":2,"name":"Shop","item":"https:\/\/www.monaxis.lt\/en\/shop\/"},{"@type":"ListItem","position":3,"name":"Supermarket equipment","item":"https:\/\/www.monaxis.lt\/en\/produkto-kategorija\/supermarket-equipment\/"},{"@type":"ListItem","position":4,"name":"Shopping trolleys and baskets","item":"https:\/\/www.monaxis.lt\/en\/produkto-kategorija\/supermarket-equipment\/shopping-trolleys-and-baskets\/"},{"@type":"ListItem","position":5,"name":"Shopping trolley EL 101L"}]},{"@type":"WebSite","@id":"https:\/\/www.monaxis.lt\/en\/#website","url":"https:\/\/www.monaxis.lt\/en\/","name":"Monaxis","description":"Prekybin\u0117, bei \u0161aldymo \u012franga","publisher":{"@id":"https:\/\/www.monaxis.lt\/en\/#organization"},"potentialAction":[{"@type":"SearchAction","target":{"@type":"EntryPoint","urlTemplate":"https:\/\/www.monaxis.lt\/en\/?s={search_term_string}"},"query-input":{"@type":"PropertyValueSpecification","valueRequired":true,"valueName":"search_term_string"}}],"inLanguage":"en-US"},{"@type":"Organization","@id":"https:\/\/www.monaxis.lt\/en\/#organization","name":"Monaxis","url":"https:\/\/www.monaxis.lt\/en\/","logo":{"@type":"ImageObject","inLanguage":"en-US","@id":"https:\/\/www.monaxis.lt\/en\/#\/schema\/logo\/image\/","url":"https:\/\/www.monaxis.lt\/wp-content\/uploads\/2023\/03\/logo-1.png","contentUrl":"https:\/\/www.monaxis.lt\/wp-content\/uploads\/2023\/03\/logo-1.png","width":205,"height":58,"caption":"Monaxis"},"image":{"@id":"https:\/\/www.monaxis.lt\/en\/#\/schema\/logo\/image\/"}}]}},"_links":{"self":[{"href":"https:\/\/www.monaxis.lt\/en\/wp-json\/wp\/v2\/product\/13623","targetHints":{"allow":["GET"]}}],"collection":[{"href":"https:\/\/www.monaxis.lt\/en\/wp-json\/wp\/v2\/product"}],"about":[{"href":"https:\/\/www.monaxis.lt\/en\/wp-json\/wp\/v2\/types\/product"}],"replies":[{"embeddable":true,"href":"https:\/\/www.monaxis.lt\/en\/wp-json\/wp\/v2\/comments?post=13623"}],"wp:featuredmedia":[{"embeddable":true,"href":"https:\/\/www.monaxis.lt\/en\/wp-json\/wp\/v2\/media\/13625"}],"wp:attachment":[{"href":"https:\/\/www.monaxis.lt\/en\/wp-json\/wp\/v2\/media?parent=13623"}],"wp:term":[{"taxonomy":"product_brand","embeddable":true,"href":"https:\/\/www.monaxis.lt\/en\/wp-json\/wp\/v2\/product_brand?post=13623"},{"taxonomy":"product_cat","embeddable":true,"href":"https:\/\/www.monaxis.lt\/en\/wp-json\/wp\/v2\/product_cat?post=13623"},{"taxonomy":"product_tag","embeddable":true,"href":"https:\/\/www.monaxis.lt\/en\/wp-json\/wp\/v2\/product_tag?post=13623"}],"curies":[{"name":"wp","href":"https:\/\/api.w.org\/{rel}","templated":true}]}}