{"id":13888,"date":"2023-12-19T09:10:39","date_gmt":"2023-12-19T07:10:39","guid":{"rendered":"https:\/\/www.monaxis.lt\/?post_type=product&#038;p=13888"},"modified":"2026-03-21T14:51:39","modified_gmt":"2026-03-21T12:51:39","slug":"shopping-trolley-mega-m-95l-kopija","status":"publish","type":"product","link":"https:\/\/www.monaxis.lt\/en\/parduotuve\/shopping-trolley-mega-m-95l-kopija\/","title":{"rendered":"Shopping trolley Mega-M 125L"},"content":{"rendered":"<h2><b>Stable and agile Mega-M 125L shopping trolley  <\/b><\/h2>\n<p>The <strong>Mega-M shopping basket<\/strong> is an essential piece of equipment in every self-service shop. <strong>It provides comfort and convenience when shopping.<\/strong> Made of high quality galvanised steel wire, resistant to corrosion. The modern and functional shopping basket has a comfortable metal handle covered in plastic.The <strong>trolley is easy to drive<\/strong> and meets the expectations of even the most demanding customers.<\/p>\n<table>\n<tbody>\n<tr>\n<td>\n<h2><strong>Features of the Mega-M 125L shopping basket:<\/strong><\/h2>\n<ul>\n<li><strong>Robust and durable construction <\/strong>for long-lasting use.<\/li>\n<li>A <strong>chrome and galvanised galvanised coating<\/strong> protects the trolley against corrosion.<\/li>\n<li><strong>The steel wire basket<\/strong> with small mesh <strong>2.5 \u00d7 9 cm<\/strong> prevents small items from falling out.<\/li>\n<li><span lang=\"pl\"><strong>4 rotating polyurethane wheels,<\/strong> 5<strong> &#8221; diameter, with double bearings<\/strong> for easy manoeuvring and resistance to abrasion.<\/span><\/li>\n<li><strong>The trolley has a load capacity of 125 kg.<\/strong><\/li>\n<li>The <strong>protective basket profile with top corners<\/strong> protects against damage and protects shop furniture.<\/li>\n<\/ul>\n<\/td>\n<td><img decoding=\"async\" class=\"size-medium wp-image-109309 aligncenter entered lazyloaded\" src=\"https:\/\/megamarket.pl\/app\/uploads\/2023\/11\/wozek-sklepowy-na-zakupy-Mega-M-95kg-2-300x300.jpg\" sizes=\"(max-width: 300px) 100vw, 300px\" srcset=\"https:\/\/megamarket.pl\/app\/uploads\/2023\/11\/wozek-sklepowy-na-zakupy-Mega-M-95kg-2-300x300.jpg 300w, https:\/\/megamarket.pl\/app\/uploads\/2023\/11\/wozek-sklepowy-na-zakupy-Mega-M-95kg-2-150x150.jpg 150w, https:\/\/megamarket.pl\/app\/uploads\/2023\/11\/wozek-sklepowy-na-zakupy-Mega-M-95kg-2-768x768.jpg 768w, https:\/\/megamarket.pl\/app\/uploads\/2023\/11\/wozek-sklepowy-na-zakupy-Mega-M-95kg-2-295x295.jpg 295w, https:\/\/megamarket.pl\/app\/uploads\/2023\/11\/wozek-sklepowy-na-zakupy-Mega-M-95kg-2-95x95.jpg 95w, https:\/\/megamarket.pl\/app\/uploads\/2023\/11\/wozek-sklepowy-na-zakupy-Mega-M-95kg-2-600x600.jpg 600w, https:\/\/megamarket.pl\/app\/uploads\/2023\/11\/wozek-sklepowy-na-zakupy-Mega-M-95kg-2-100x100.jpg 100w, https:\/\/megamarket.pl\/app\/uploads\/2023\/11\/wozek-sklepowy-na-zakupy-Mega-M-95kg-2-50x50.jpg 50w, https:\/\/megamarket.pl\/app\/uploads\/2023\/11\/wozek-sklepowy-na-zakupy-Mega-M-95kg-2-170x170.jpg 170w, https:\/\/megamarket.pl\/app\/uploads\/2023\/11\/wozek-sklepowy-na-zakupy-Mega-M-95kg-2-64x64.jpg 64w, https:\/\/megamarket.pl\/app\/uploads\/2023\/11\/wozek-sklepowy-na-zakupy-Mega-M-95kg-2.jpg 1024w\" alt=\"metal shopping cart 95l\" width=\"300\" height=\"300\" data-lazy-srcset=\"https:\/\/megamarket.pl\/app\/uploads\/2023\/11\/wozek-sklepowy-na-zakupy-Mega-M-95kg-2-300x300.jpg 300w, https:\/\/megamarket.pl\/app\/uploads\/2023\/11\/wozek-sklepowy-na-zakupy-Mega-M-95kg-2-150x150.jpg 150w, https:\/\/megamarket.pl\/app\/uploads\/2023\/11\/wozek-sklepowy-na-zakupy-Mega-M-95kg-2-768x768.jpg 768w, https:\/\/megamarket.pl\/app\/uploads\/2023\/11\/wozek-sklepowy-na-zakupy-Mega-M-95kg-2-295x295.jpg 295w, https:\/\/megamarket.pl\/app\/uploads\/2023\/11\/wozek-sklepowy-na-zakupy-Mega-M-95kg-2-95x95.jpg 95w, https:\/\/megamarket.pl\/app\/uploads\/2023\/11\/wozek-sklepowy-na-zakupy-Mega-M-95kg-2-600x600.jpg 600w, https:\/\/megamarket.pl\/app\/uploads\/2023\/11\/wozek-sklepowy-na-zakupy-Mega-M-95kg-2-100x100.jpg 100w, https:\/\/megamarket.pl\/app\/uploads\/2023\/11\/wozek-sklepowy-na-zakupy-Mega-M-95kg-2-50x50.jpg 50w, https:\/\/megamarket.pl\/app\/uploads\/2023\/11\/wozek-sklepowy-na-zakupy-Mega-M-95kg-2-170x170.jpg 170w, https:\/\/megamarket.pl\/app\/uploads\/2023\/11\/wozek-sklepowy-na-zakupy-Mega-M-95kg-2-64x64.jpg 64w, https:\/\/megamarket.pl\/app\/uploads\/2023\/11\/wozek-sklepowy-na-zakupy-Mega-M-95kg-2.jpg 1024w\" data-lazy-sizes=\"(max-width: 300px) 100vw, 300px\" data-lazy-src=\"https:\/\/megamarket.pl\/app\/uploads\/2023\/11\/wozek-sklepowy-na-zakupy-Mega-M-95kg-2-300x300.jpg\" data-ll-status=\"loaded\"><\/td>\n<\/tr>\n<\/tbody>\n<\/table>\n","protected":false},"excerpt":{"rendered":"<p><img decoding=\"async\" class=\"alignnone wp-image-7601\" src=\"https:\/\/www.monaxis.lt\/wp-content\/uploads\/2023\/03\/delivery-1-150x150.png\" alt=\"\" width=\"23\" height=\"23\" srcset=\"https:\/\/www.monaxis.lt\/wp-content\/uploads\/2023\/03\/delivery-1-150x150.png 150w, https:\/\/www.monaxis.lt\/wp-content\/uploads\/2023\/03\/delivery-1-300x300.png 300w, https:\/\/www.monaxis.lt\/wp-content\/uploads\/2023\/03\/delivery-1.png 512w\" sizes=\"(max-width: 23px) 100vw, 23px\" \/>  <strong>Delivery 2 &#8211; 10 d.d.<\/strong><\/p>\n<p><strong> <img decoding=\"async\" id=\"mail-pic\" src=\"https:\/\/monaxis.lt\/wp-content\/uploads\/2022\/12\/Group-162769.png\"> <a href=\"mailto:info@monaxis.lt\">info@monaxis.lt<\/a><br \/>\n<\/strong><\/p>\n<p><img decoding=\"async\" id=\"phone-pic\" src=\"https:\/\/monaxis.lt\/wp-content\/uploads\/2022\/12\/Vector.png\"> <a href=\"tel:+37065020737\">+370 650 20737<\/a><\/p>\n","protected":false},"featured_media":13880,"comment_status":"open","ping_status":"closed","template":"","meta":[],"product_brand":[],"product_cat":[237],"product_tag":[],"class_list":{"0":"post-13888","1":"product","2":"type-product","3":"status-publish","4":"has-post-thumbnail","6":"product_cat-shopping-trolleys-and-baskets","8":"first","9":"instock","10":"taxable","11":"shipping-taxable","12":"purchasable","13":"product-type-simple"},"yoast_head":"<!-- This site is optimized with the Yoast SEO plugin v27.1.1 - https:\/\/yoast.com\/product\/yoast-seo-wordpress\/ -->\n<title>Shopping trolley Mega-M 125L | Monaxis<\/title>\n<meta name=\"robots\" content=\"index, follow, max-snippet:-1, max-image-preview:large, max-video-preview:-1\" \/>\n<link rel=\"canonical\" href=\"https:\/\/www.monaxis.lt\/en\/parduotuve\/shopping-trolley-mega-m-95l-kopija\/\" \/>\n<meta property=\"og:locale\" content=\"en_US\" \/>\n<meta property=\"og:type\" content=\"article\" \/>\n<meta property=\"og:title\" content=\"Shopping trolley Mega-M 125L | Monaxis\" \/>\n<meta property=\"og:description\" content=\"Delivery 2 - 10 d.d.  info@monaxis.lt  +370 650 20737\" \/>\n<meta property=\"og:url\" content=\"https:\/\/www.monaxis.lt\/en\/parduotuve\/shopping-trolley-mega-m-95l-kopija\/\" \/>\n<meta property=\"og:site_name\" content=\"Monaxis\" \/>\n<meta property=\"article:modified_time\" content=\"2026-03-21T12:51:39+00:00\" \/>\n<meta property=\"og:image\" content=\"https:\/\/www.monaxis.lt\/wp-content\/uploads\/2023\/12\/vezimelis-Mega-M-95l-1.webp\" \/>\n\t<meta property=\"og:image:width\" content=\"1024\" \/>\n\t<meta property=\"og:image:height\" content=\"1024\" \/>\n\t<meta property=\"og:image:type\" content=\"image\/webp\" \/>\n<meta name=\"twitter:card\" content=\"summary_large_image\" \/>\n<meta name=\"twitter:label1\" content=\"Est. reading time\" \/>\n\t<meta name=\"twitter:data1\" content=\"2 minutes\" \/>\n<script type=\"application\/ld+json\" class=\"yoast-schema-graph\">{\"@context\":\"https:\/\/schema.org\",\"@graph\":[{\"@type\":\"WebPage\",\"@id\":\"https:\/\/www.monaxis.lt\/en\/parduotuve\/shopping-trolley-mega-m-95l-kopija\/\",\"url\":\"https:\/\/www.monaxis.lt\/en\/parduotuve\/shopping-trolley-mega-m-95l-kopija\/\",\"name\":\"Shopping trolley Mega-M 125L | Monaxis\",\"isPartOf\":{\"@id\":\"https:\/\/www.monaxis.lt\/en\/#website\"},\"primaryImageOfPage\":{\"@id\":\"https:\/\/www.monaxis.lt\/en\/parduotuve\/shopping-trolley-mega-m-95l-kopija\/#primaryimage\"},\"image\":{\"@id\":\"https:\/\/www.monaxis.lt\/en\/parduotuve\/shopping-trolley-mega-m-95l-kopija\/#primaryimage\"},\"thumbnailUrl\":\"https:\/\/www.monaxis.lt\/wp-content\/uploads\/2023\/12\/vezimelis-Mega-M-95l-1.webp\",\"datePublished\":\"2023-12-19T07:10:39+00:00\",\"dateModified\":\"2026-03-21T12:51:39+00:00\",\"breadcrumb\":{\"@id\":\"https:\/\/www.monaxis.lt\/en\/parduotuve\/shopping-trolley-mega-m-95l-kopija\/#breadcrumb\"},\"inLanguage\":\"en-US\",\"potentialAction\":[{\"@type\":\"ReadAction\",\"target\":[\"https:\/\/www.monaxis.lt\/en\/parduotuve\/shopping-trolley-mega-m-95l-kopija\/\"]}]},{\"@type\":\"ImageObject\",\"inLanguage\":\"en-US\",\"@id\":\"https:\/\/www.monaxis.lt\/en\/parduotuve\/shopping-trolley-mega-m-95l-kopija\/#primaryimage\",\"url\":\"https:\/\/www.monaxis.lt\/wp-content\/uploads\/2023\/12\/vezimelis-Mega-M-95l-1.webp\",\"contentUrl\":\"https:\/\/www.monaxis.lt\/wp-content\/uploads\/2023\/12\/vezimelis-Mega-M-95l-1.webp\",\"width\":1024,\"height\":1024},{\"@type\":\"BreadcrumbList\",\"@id\":\"https:\/\/www.monaxis.lt\/en\/parduotuve\/shopping-trolley-mega-m-95l-kopija\/#breadcrumb\",\"itemListElement\":[{\"@type\":\"ListItem\",\"position\":1,\"name\":\"Pagrindinis\",\"item\":\"https:\/\/www.monaxis.lt\/en\/\"},{\"@type\":\"ListItem\",\"position\":2,\"name\":\"Shop\",\"item\":\"https:\/\/www.monaxis.lt\/en\/shop\/\"},{\"@type\":\"ListItem\",\"position\":3,\"name\":\"Prekybin\u0117 \u012franga\",\"item\":\"https:\/\/www.monaxis.lt\/produkto-kategorija\/prekybine-iranga\/\"},{\"@type\":\"ListItem\",\"position\":4,\"name\":\"Pirkini\u0173 ve\u017eim\u0117liai ir krep\u0161eliai\",\"item\":\"https:\/\/www.monaxis.lt\/produkto-kategorija\/prekybine-iranga\/pirkiniu-vezimeliai-ir-krepseliai\/\"},{\"@type\":\"ListItem\",\"position\":5,\"name\":\"Shopping trolley Mega-M 125L\"}]},{\"@type\":\"WebSite\",\"@id\":\"https:\/\/www.monaxis.lt\/en\/#website\",\"url\":\"https:\/\/www.monaxis.lt\/en\/\",\"name\":\"Monaxis\",\"description\":\"Prekybin\u0117, bei \u0161aldymo \u012franga\",\"publisher\":{\"@id\":\"https:\/\/www.monaxis.lt\/en\/#organization\"},\"potentialAction\":[{\"@type\":\"SearchAction\",\"target\":{\"@type\":\"EntryPoint\",\"urlTemplate\":\"https:\/\/www.monaxis.lt\/en\/?s={search_term_string}\"},\"query-input\":{\"@type\":\"PropertyValueSpecification\",\"valueRequired\":true,\"valueName\":\"search_term_string\"}}],\"inLanguage\":\"en-US\"},{\"@type\":\"Organization\",\"@id\":\"https:\/\/www.monaxis.lt\/en\/#organization\",\"name\":\"Monaxis\",\"url\":\"https:\/\/www.monaxis.lt\/en\/\",\"logo\":{\"@type\":\"ImageObject\",\"inLanguage\":\"en-US\",\"@id\":\"https:\/\/www.monaxis.lt\/en\/#\/schema\/logo\/image\/\",\"url\":\"https:\/\/www.monaxis.lt\/wp-content\/uploads\/2023\/03\/logo-1.png\",\"contentUrl\":\"https:\/\/www.monaxis.lt\/wp-content\/uploads\/2023\/03\/logo-1.png\",\"width\":205,\"height\":58,\"caption\":\"Monaxis\"},\"image\":{\"@id\":\"https:\/\/www.monaxis.lt\/en\/#\/schema\/logo\/image\/\"}}]}<\/script>\n<!-- \/ Yoast SEO plugin. -->","yoast_head_json":{"title":"Shopping trolley Mega-M 125L | Monaxis","robots":{"index":"index","follow":"follow","max-snippet":"max-snippet:-1","max-image-preview":"max-image-preview:large","max-video-preview":"max-video-preview:-1"},"canonical":"https:\/\/www.monaxis.lt\/en\/parduotuve\/shopping-trolley-mega-m-95l-kopija\/","og_locale":"en_US","og_type":"article","og_title":"Shopping trolley Mega-M 125L | Monaxis","og_description":"Delivery 2 - 10 d.d.  info@monaxis.lt  +370 650 20737","og_url":"https:\/\/www.monaxis.lt\/en\/parduotuve\/shopping-trolley-mega-m-95l-kopija\/","og_site_name":"Monaxis","article_modified_time":"2026-03-21T12:51:39+00:00","og_image":[{"width":1024,"height":1024,"url":"https:\/\/www.monaxis.lt\/wp-content\/uploads\/2023\/12\/vezimelis-Mega-M-95l-1.webp","type":"image\/webp"}],"twitter_card":"summary_large_image","twitter_misc":{"Est. reading time":"2 minutes"},"schema":{"@context":"https:\/\/schema.org","@graph":[{"@type":"WebPage","@id":"https:\/\/www.monaxis.lt\/en\/parduotuve\/shopping-trolley-mega-m-95l-kopija\/","url":"https:\/\/www.monaxis.lt\/en\/parduotuve\/shopping-trolley-mega-m-95l-kopija\/","name":"Shopping trolley Mega-M 125L | Monaxis","isPartOf":{"@id":"https:\/\/www.monaxis.lt\/en\/#website"},"primaryImageOfPage":{"@id":"https:\/\/www.monaxis.lt\/en\/parduotuve\/shopping-trolley-mega-m-95l-kopija\/#primaryimage"},"image":{"@id":"https:\/\/www.monaxis.lt\/en\/parduotuve\/shopping-trolley-mega-m-95l-kopija\/#primaryimage"},"thumbnailUrl":"https:\/\/www.monaxis.lt\/wp-content\/uploads\/2023\/12\/vezimelis-Mega-M-95l-1.webp","datePublished":"2023-12-19T07:10:39+00:00","dateModified":"2026-03-21T12:51:39+00:00","breadcrumb":{"@id":"https:\/\/www.monaxis.lt\/en\/parduotuve\/shopping-trolley-mega-m-95l-kopija\/#breadcrumb"},"inLanguage":"en-US","potentialAction":[{"@type":"ReadAction","target":["https:\/\/www.monaxis.lt\/en\/parduotuve\/shopping-trolley-mega-m-95l-kopija\/"]}]},{"@type":"ImageObject","inLanguage":"en-US","@id":"https:\/\/www.monaxis.lt\/en\/parduotuve\/shopping-trolley-mega-m-95l-kopija\/#primaryimage","url":"https:\/\/www.monaxis.lt\/wp-content\/uploads\/2023\/12\/vezimelis-Mega-M-95l-1.webp","contentUrl":"https:\/\/www.monaxis.lt\/wp-content\/uploads\/2023\/12\/vezimelis-Mega-M-95l-1.webp","width":1024,"height":1024},{"@type":"BreadcrumbList","@id":"https:\/\/www.monaxis.lt\/en\/parduotuve\/shopping-trolley-mega-m-95l-kopija\/#breadcrumb","itemListElement":[{"@type":"ListItem","position":1,"name":"Pagrindinis","item":"https:\/\/www.monaxis.lt\/en\/"},{"@type":"ListItem","position":2,"name":"Shop","item":"https:\/\/www.monaxis.lt\/en\/shop\/"},{"@type":"ListItem","position":3,"name":"Prekybin\u0117 \u012franga","item":"https:\/\/www.monaxis.lt\/produkto-kategorija\/prekybine-iranga\/"},{"@type":"ListItem","position":4,"name":"Pirkini\u0173 ve\u017eim\u0117liai ir krep\u0161eliai","item":"https:\/\/www.monaxis.lt\/produkto-kategorija\/prekybine-iranga\/pirkiniu-vezimeliai-ir-krepseliai\/"},{"@type":"ListItem","position":5,"name":"Shopping trolley Mega-M 125L"}]},{"@type":"WebSite","@id":"https:\/\/www.monaxis.lt\/en\/#website","url":"https:\/\/www.monaxis.lt\/en\/","name":"Monaxis","description":"Prekybin\u0117, bei \u0161aldymo \u012franga","publisher":{"@id":"https:\/\/www.monaxis.lt\/en\/#organization"},"potentialAction":[{"@type":"SearchAction","target":{"@type":"EntryPoint","urlTemplate":"https:\/\/www.monaxis.lt\/en\/?s={search_term_string}"},"query-input":{"@type":"PropertyValueSpecification","valueRequired":true,"valueName":"search_term_string"}}],"inLanguage":"en-US"},{"@type":"Organization","@id":"https:\/\/www.monaxis.lt\/en\/#organization","name":"Monaxis","url":"https:\/\/www.monaxis.lt\/en\/","logo":{"@type":"ImageObject","inLanguage":"en-US","@id":"https:\/\/www.monaxis.lt\/en\/#\/schema\/logo\/image\/","url":"https:\/\/www.monaxis.lt\/wp-content\/uploads\/2023\/03\/logo-1.png","contentUrl":"https:\/\/www.monaxis.lt\/wp-content\/uploads\/2023\/03\/logo-1.png","width":205,"height":58,"caption":"Monaxis"},"image":{"@id":"https:\/\/www.monaxis.lt\/en\/#\/schema\/logo\/image\/"}}]}},"_links":{"self":[{"href":"https:\/\/www.monaxis.lt\/en\/wp-json\/wp\/v2\/product\/13888","targetHints":{"allow":["GET"]}}],"collection":[{"href":"https:\/\/www.monaxis.lt\/en\/wp-json\/wp\/v2\/product"}],"about":[{"href":"https:\/\/www.monaxis.lt\/en\/wp-json\/wp\/v2\/types\/product"}],"replies":[{"embeddable":true,"href":"https:\/\/www.monaxis.lt\/en\/wp-json\/wp\/v2\/comments?post=13888"}],"wp:featuredmedia":[{"embeddable":true,"href":"https:\/\/www.monaxis.lt\/en\/wp-json\/wp\/v2\/media\/13880"}],"wp:attachment":[{"href":"https:\/\/www.monaxis.lt\/en\/wp-json\/wp\/v2\/media?parent=13888"}],"wp:term":[{"taxonomy":"product_brand","embeddable":true,"href":"https:\/\/www.monaxis.lt\/en\/wp-json\/wp\/v2\/product_brand?post=13888"},{"taxonomy":"product_cat","embeddable":true,"href":"https:\/\/www.monaxis.lt\/en\/wp-json\/wp\/v2\/product_cat?post=13888"},{"taxonomy":"product_tag","embeddable":true,"href":"https:\/\/www.monaxis.lt\/en\/wp-json\/wp\/v2\/product_tag?post=13888"}],"curies":[{"name":"wp","href":"https:\/\/api.w.org\/{rel}","templated":true}]}}