{"id":14791,"date":"2024-03-08T12:02:36","date_gmt":"2024-03-08T10:02:36","guid":{"rendered":"https:\/\/www.monaxis.lt\/?post_type=product&#038;p=14791"},"modified":"2026-03-21T14:47:45","modified_gmt":"2026-03-21T12:47:45","slug":"storage-shelf-fortis-light-200x217x50-base-module-1400kg-kopija-3","status":"publish","type":"product","link":"https:\/\/www.monaxis.lt\/en\/parduotuve\/storage-shelf-fortis-light-200x217x50-base-module-1400kg-kopija-3\/","title":{"rendered":"Storage shelf FORTIS LIGHT 200x217x40 base module 1400kg"},"content":{"rendered":"<h1><strong>Storage shelf FORTIS LIGHT 200x217x40 cm base module<\/strong><\/h1>\n<p><strong>Storage shelf shelf <\/strong><strong>FORTIS LIGHT<\/strong>, height 200 cm, length 217 cm, depth 40 cm. Shelves measure 200\u00d740 cm. Maximum load per shelf <strong>350 kg<\/strong> with even load distribution.<\/p>\n<h2><strong>The FORTIS LIGHT warehouse shelf main module consists of:<\/strong><\/h2>\n<ul>\n<li>Frame H-200cm G-40: 2 pcs.<\/li>\n<li>Traverse \/ beam L-200cm 6 \u00d7 4: 8 pcs.<\/li>\n<li>Metal filler L-40cm D-46cm: 16 pcs. (4 pcs.\/shelf)<\/li>\n<\/ul>\n<h4><strong>Advantages of FORTIS LIGHT storage shelves:<\/strong><\/h4>\n<table>\n<tbody>\n<tr>\n<td><img decoding=\"async\" class=\"wp-image-10113 aligncenter\" src=\"https:\/\/www.monaxis.lt\/wp-content\/uploads\/2023\/07\/icona1.webp\" alt=\"\" width=\"50\" height=\"50\"><\/td>\n<td width=\"500\"><strong>Simple and quick assembly.<\/strong><\/td>\n<\/tr>\n<tr>\n<td><img decoding=\"async\" class=\"wp-image-14674 aligncenter\" src=\"https:\/\/www.monaxis.lt\/wp-content\/uploads\/2024\/03\/350kg.webp\" alt=\"\" width=\"56\" height=\"56\"><\/td>\n<td width=\"500\"><strong>Durability and high load capacity &#8211; 350 kg per shelf<\/strong> with even load distribution <strong>(1400 kg for the whole rack).<\/strong><\/td>\n<\/tr>\n<tr>\n<td><img decoding=\"async\" class=\"aligncenter wp-image-10117\" src=\"https:\/\/www.monaxis.lt\/wp-content\/uploads\/2023\/07\/icona2.webp\" alt=\"\" width=\"55  \" height=\"55\"><\/td>\n<td><strong>Option to connect<\/strong> an <strong>additional module<\/strong> to the <strong>main module.<\/strong><\/td>\n<\/tr>\n<tr>\n<td><strong><img decoding=\"async\" class=\" wp-image-10119 aligncenter\" src=\"https:\/\/www.monaxis.lt\/wp-content\/uploads\/2023\/07\/icona5.webp\" alt=\"\" width=\"56\" height=\"56\"><\/strong><\/td>\n<td width=\"500\"><strong>Shelf height adjustment <\/strong><strong>every 7.5 cm<\/strong><\/td>\n<\/tr>\n<tr>\n<td><strong><img decoding=\"async\" class=\"wp-image-10121 aligncenter\" src=\"https:\/\/www.monaxis.lt\/wp-content\/uploads\/2023\/07\/icona4.webp\" alt=\"\" width=\"56\" height=\"56\"><\/strong><\/td>\n<td width=\"500\"><strong>Versatile use: warehouse, shop, workshop, garage<\/strong><\/td>\n<\/tr>\n<\/tbody>\n<\/table>\n<h2><strong>  FORTIS LIGHT storage shelf  <\/strong><\/h2>\n<p>&#8220;The FORTIS storage shelf is made of high-quality <strong>powder-coated steel<\/strong>. It has a robust and durable construction. It consists of a <strong>sturdy frame<\/strong> and <strong>steel traverses <\/strong>and <strong>4 shelves with <\/strong><strong>additional reinforcements. <\/strong> All this contributes to the rack&#8217;s <strong>durability<\/strong> and high load capacity ( <strong>1400 kg<\/strong> per shelf modulus when the load is evenly distributed). The 4-tier shelf is quick and easy to assemble and reassemble to suit your needs. They will therefore never lose their versatility.<\/p>\n<p><strong><span id=\"uniwersalnoscregalow\">FORTIS LIGHT storage shelf &#8211; what to store?<\/span><\/strong><\/p>\n<p>The metal shelf can store bulky items weighing up to 350 kg. It can store storage containers, workshop supplies, production materials, tools, preserves and seasonal products. The <strong>modular rack is ideal for<\/strong> both industrial and domestic use. Versatility allows you <strong>to use the rack: <\/strong><strong>in the warehouse, in <\/strong><strong>the shop, in <\/strong><strong>the warehouse, <\/strong> in the<strong> workshop,<\/strong><strong> <\/strong><strong>Fortis <\/strong>Light shelving makes it easier to access the products on the shelves<strong>. <\/strong><\/p>\n","protected":false},"excerpt":{"rendered":"<div class=\"product__parameter__name\"><strong><span class=\"product__parameter__name__text\"><img decoding=\"async\" class=\"alignnone wp-image-7601\" src=\"https:\/\/www.monaxis.lt\/wp-content\/uploads\/2023\/03\/delivery-1-150x150.png\" alt=\"\" width=\"26\" height=\"26\" srcset=\"https:\/\/www.monaxis.lt\/wp-content\/uploads\/2023\/03\/delivery-1-150x150.png 150w, https:\/\/www.monaxis.lt\/wp-content\/uploads\/2023\/03\/delivery-1-300x300.png 300w, https:\/\/www.monaxis.lt\/wp-content\/uploads\/2023\/03\/delivery-1.png 512w\" sizes=\"(max-width: 26px) 100vw, 26px\" \/> Delivery <\/span><\/strong><\/div>\n<div class=\"product__parameter__value\"><span class=\"product__parameter__value__text\">     <strong>   <span style=\"font-size: 75%; color: #999999;\"> 2-10 d.d.<\/span><\/strong><\/span><\/div>\n<div class=\"product__parameter__name\">\n<div>\n<hr>\n<\/div>\n<div>\n<div class=\"product__parameter__value\"><img decoding=\"async\" class=\"alignnone wp-image-8064\" src=\"https:\/\/www.monaxis.lt\/wp-content\/uploads\/2023\/07\/temperature.png\" alt=\"\" width=\"28\" height=\"28\"><strong>  Possible load for 1 shelf<\/strong><\/div>\n<div><strong>       <span style=\"font-size: 75%; color: #999999;\">  350 kg<\/span><\/strong><\/div>\n<div>\n<hr>\n<\/div>\n<div>\n<div class=\"product__parameter__value\"><img decoding=\"async\" class=\"alignnone wp-image-10123\" src=\"https:\/\/www.monaxis.lt\/wp-content\/uploads\/2023\/07\/ice-cubes.png\" alt=\"\" width=\"23\" height=\"23\"> <strong> Option to connect an additional module to the main module.<\/strong><\/div>\n<div><strong>    <span style=\"color: #c00030;\">   <span style=\"font-size: 75%;\">  <a style=\"color: #c00030;\" href=\"https:\/\/www.monaxis.lt\/en\/parduotuve\/storage-shelves-fortis-light-200x217x50-additional-module-1400kg-kopija-3\/\">The module for this shelf can be found by clicking here.<\/a><\/span><\/span><\/strong><\/div>\n<\/div>\n<\/div>\n<\/div>\n","protected":false},"featured_media":14793,"comment_status":"open","ping_status":"closed","template":"","meta":[],"product_brand":[],"product_cat":[167,201],"product_tag":[],"class_list":{"0":"post-14791","1":"product","2":"type-product","3":"status-publish","4":"has-post-thumbnail","6":"product_cat-warehouse-shelves","7":"product_cat-storage-shelves","8":"pa_aukstis-200cm-en","9":"pa_bukle-new-en","10":"pa_ilgis-217cm-en","11":"pa_plotis-40cm-en","13":"first","14":"instock","15":"taxable","16":"shipping-taxable","17":"purchasable","18":"product-type-simple"},"yoast_head":"<!-- This site is optimized with the Yoast SEO plugin v27.1.1 - https:\/\/yoast.com\/product\/yoast-seo-wordpress\/ -->\n<title>Storage shelf FORTIS LIGHT 200x217x40 base module 1400kg | Monaxis<\/title>\n<meta name=\"robots\" content=\"index, follow, max-snippet:-1, max-image-preview:large, max-video-preview:-1\" \/>\n<link rel=\"canonical\" href=\"https:\/\/www.monaxis.lt\/en\/parduotuve\/storage-shelf-fortis-light-200x217x50-base-module-1400kg-kopija-3\/\" \/>\n<meta property=\"og:locale\" content=\"en_US\" \/>\n<meta property=\"og:type\" content=\"article\" \/>\n<meta property=\"og:title\" content=\"Storage shelf FORTIS LIGHT 200x217x40 base module 1400kg | Monaxis\" \/>\n<meta property=\"og:description\" content=\"Delivery      2-10 d.d.     Possible load for 1 shelf     350 kg     Option to connect an additional module to the main module.     The module for this shelf can be found by clicking here.\" \/>\n<meta property=\"og:url\" content=\"https:\/\/www.monaxis.lt\/en\/parduotuve\/storage-shelf-fortis-light-200x217x50-base-module-1400kg-kopija-3\/\" \/>\n<meta property=\"og:site_name\" content=\"Monaxis\" \/>\n<meta property=\"article:modified_time\" content=\"2026-03-21T12:47:45+00:00\" \/>\n<meta property=\"og:image\" content=\"https:\/\/www.monaxis.lt\/wp-content\/uploads\/2024\/03\/Sandeliavimo-lentyna-FORTIS-LIGHT-200x217x40-bazinis-modulis-1400kg.webp\" \/>\n\t<meta property=\"og:image:width\" content=\"1024\" \/>\n\t<meta property=\"og:image:height\" content=\"1024\" \/>\n\t<meta property=\"og:image:type\" content=\"image\/webp\" \/>\n<meta name=\"twitter:card\" content=\"summary_large_image\" \/>\n<meta name=\"twitter:label1\" content=\"Est. reading time\" \/>\n\t<meta name=\"twitter:data1\" content=\"3 minutes\" \/>\n<script type=\"application\/ld+json\" class=\"yoast-schema-graph\">{\"@context\":\"https:\/\/schema.org\",\"@graph\":[{\"@type\":\"WebPage\",\"@id\":\"https:\/\/www.monaxis.lt\/en\/parduotuve\/storage-shelf-fortis-light-200x217x50-base-module-1400kg-kopija-3\/\",\"url\":\"https:\/\/www.monaxis.lt\/en\/parduotuve\/storage-shelf-fortis-light-200x217x50-base-module-1400kg-kopija-3\/\",\"name\":\"Storage shelf FORTIS LIGHT 200x217x40 base module 1400kg | Monaxis\",\"isPartOf\":{\"@id\":\"https:\/\/www.monaxis.lt\/en\/#website\"},\"primaryImageOfPage\":{\"@id\":\"https:\/\/www.monaxis.lt\/en\/parduotuve\/storage-shelf-fortis-light-200x217x50-base-module-1400kg-kopija-3\/#primaryimage\"},\"image\":{\"@id\":\"https:\/\/www.monaxis.lt\/en\/parduotuve\/storage-shelf-fortis-light-200x217x50-base-module-1400kg-kopija-3\/#primaryimage\"},\"thumbnailUrl\":\"https:\/\/www.monaxis.lt\/wp-content\/uploads\/2024\/03\/Sandeliavimo-lentyna-FORTIS-LIGHT-200x217x40-bazinis-modulis-1400kg.webp\",\"datePublished\":\"2024-03-08T10:02:36+00:00\",\"dateModified\":\"2026-03-21T12:47:45+00:00\",\"breadcrumb\":{\"@id\":\"https:\/\/www.monaxis.lt\/en\/parduotuve\/storage-shelf-fortis-light-200x217x50-base-module-1400kg-kopija-3\/#breadcrumb\"},\"inLanguage\":\"en-US\",\"potentialAction\":[{\"@type\":\"ReadAction\",\"target\":[\"https:\/\/www.monaxis.lt\/en\/parduotuve\/storage-shelf-fortis-light-200x217x50-base-module-1400kg-kopija-3\/\"]}]},{\"@type\":\"ImageObject\",\"inLanguage\":\"en-US\",\"@id\":\"https:\/\/www.monaxis.lt\/en\/parduotuve\/storage-shelf-fortis-light-200x217x50-base-module-1400kg-kopija-3\/#primaryimage\",\"url\":\"https:\/\/www.monaxis.lt\/wp-content\/uploads\/2024\/03\/Sandeliavimo-lentyna-FORTIS-LIGHT-200x217x40-bazinis-modulis-1400kg.webp\",\"contentUrl\":\"https:\/\/www.monaxis.lt\/wp-content\/uploads\/2024\/03\/Sandeliavimo-lentyna-FORTIS-LIGHT-200x217x40-bazinis-modulis-1400kg.webp\",\"width\":1024,\"height\":1024},{\"@type\":\"BreadcrumbList\",\"@id\":\"https:\/\/www.monaxis.lt\/en\/parduotuve\/storage-shelf-fortis-light-200x217x50-base-module-1400kg-kopija-3\/#breadcrumb\",\"itemListElement\":[{\"@type\":\"ListItem\",\"position\":1,\"name\":\"Pagrindinis\",\"item\":\"https:\/\/www.monaxis.lt\/en\/\"},{\"@type\":\"ListItem\",\"position\":2,\"name\":\"Shop\",\"item\":\"https:\/\/www.monaxis.lt\/en\/shop\/\"},{\"@type\":\"ListItem\",\"position\":3,\"name\":\"Storage equipment\",\"item\":\"https:\/\/www.monaxis.lt\/en\/produkto-kategorija\/storage-equipment\/\"},{\"@type\":\"ListItem\",\"position\":4,\"name\":\"Warehouse shelves\",\"item\":\"https:\/\/www.monaxis.lt\/en\/produkto-kategorija\/storage-equipment\/warehouse-shelves\/\"},{\"@type\":\"ListItem\",\"position\":5,\"name\":\"Storage shelves and pallet racking\",\"item\":\"https:\/\/www.monaxis.lt\/en\/produkto-kategorija\/storage-equipment\/warehouse-shelves\/storage-shelves\/\"},{\"@type\":\"ListItem\",\"position\":6,\"name\":\"Storage shelf FORTIS LIGHT 200x217x40 base module 1400kg\"}]},{\"@type\":\"WebSite\",\"@id\":\"https:\/\/www.monaxis.lt\/en\/#website\",\"url\":\"https:\/\/www.monaxis.lt\/en\/\",\"name\":\"Monaxis\",\"description\":\"Prekybin\u0117, bei \u0161aldymo \u012franga\",\"publisher\":{\"@id\":\"https:\/\/www.monaxis.lt\/en\/#organization\"},\"potentialAction\":[{\"@type\":\"SearchAction\",\"target\":{\"@type\":\"EntryPoint\",\"urlTemplate\":\"https:\/\/www.monaxis.lt\/en\/?s={search_term_string}\"},\"query-input\":{\"@type\":\"PropertyValueSpecification\",\"valueRequired\":true,\"valueName\":\"search_term_string\"}}],\"inLanguage\":\"en-US\"},{\"@type\":\"Organization\",\"@id\":\"https:\/\/www.monaxis.lt\/en\/#organization\",\"name\":\"Monaxis\",\"url\":\"https:\/\/www.monaxis.lt\/en\/\",\"logo\":{\"@type\":\"ImageObject\",\"inLanguage\":\"en-US\",\"@id\":\"https:\/\/www.monaxis.lt\/en\/#\/schema\/logo\/image\/\",\"url\":\"https:\/\/www.monaxis.lt\/wp-content\/uploads\/2023\/03\/logo-1.png\",\"contentUrl\":\"https:\/\/www.monaxis.lt\/wp-content\/uploads\/2023\/03\/logo-1.png\",\"width\":205,\"height\":58,\"caption\":\"Monaxis\"},\"image\":{\"@id\":\"https:\/\/www.monaxis.lt\/en\/#\/schema\/logo\/image\/\"}}]}<\/script>\n<!-- \/ Yoast SEO plugin. -->","yoast_head_json":{"title":"Storage shelf FORTIS LIGHT 200x217x40 base module 1400kg | Monaxis","robots":{"index":"index","follow":"follow","max-snippet":"max-snippet:-1","max-image-preview":"max-image-preview:large","max-video-preview":"max-video-preview:-1"},"canonical":"https:\/\/www.monaxis.lt\/en\/parduotuve\/storage-shelf-fortis-light-200x217x50-base-module-1400kg-kopija-3\/","og_locale":"en_US","og_type":"article","og_title":"Storage shelf FORTIS LIGHT 200x217x40 base module 1400kg | Monaxis","og_description":"Delivery      2-10 d.d.     Possible load for 1 shelf     350 kg     Option to connect an additional module to the main module.     The module for this shelf can be found by clicking here.","og_url":"https:\/\/www.monaxis.lt\/en\/parduotuve\/storage-shelf-fortis-light-200x217x50-base-module-1400kg-kopija-3\/","og_site_name":"Monaxis","article_modified_time":"2026-03-21T12:47:45+00:00","og_image":[{"width":1024,"height":1024,"url":"https:\/\/www.monaxis.lt\/wp-content\/uploads\/2024\/03\/Sandeliavimo-lentyna-FORTIS-LIGHT-200x217x40-bazinis-modulis-1400kg.webp","type":"image\/webp"}],"twitter_card":"summary_large_image","twitter_misc":{"Est. reading time":"3 minutes"},"schema":{"@context":"https:\/\/schema.org","@graph":[{"@type":"WebPage","@id":"https:\/\/www.monaxis.lt\/en\/parduotuve\/storage-shelf-fortis-light-200x217x50-base-module-1400kg-kopija-3\/","url":"https:\/\/www.monaxis.lt\/en\/parduotuve\/storage-shelf-fortis-light-200x217x50-base-module-1400kg-kopija-3\/","name":"Storage shelf FORTIS LIGHT 200x217x40 base module 1400kg | Monaxis","isPartOf":{"@id":"https:\/\/www.monaxis.lt\/en\/#website"},"primaryImageOfPage":{"@id":"https:\/\/www.monaxis.lt\/en\/parduotuve\/storage-shelf-fortis-light-200x217x50-base-module-1400kg-kopija-3\/#primaryimage"},"image":{"@id":"https:\/\/www.monaxis.lt\/en\/parduotuve\/storage-shelf-fortis-light-200x217x50-base-module-1400kg-kopija-3\/#primaryimage"},"thumbnailUrl":"https:\/\/www.monaxis.lt\/wp-content\/uploads\/2024\/03\/Sandeliavimo-lentyna-FORTIS-LIGHT-200x217x40-bazinis-modulis-1400kg.webp","datePublished":"2024-03-08T10:02:36+00:00","dateModified":"2026-03-21T12:47:45+00:00","breadcrumb":{"@id":"https:\/\/www.monaxis.lt\/en\/parduotuve\/storage-shelf-fortis-light-200x217x50-base-module-1400kg-kopija-3\/#breadcrumb"},"inLanguage":"en-US","potentialAction":[{"@type":"ReadAction","target":["https:\/\/www.monaxis.lt\/en\/parduotuve\/storage-shelf-fortis-light-200x217x50-base-module-1400kg-kopija-3\/"]}]},{"@type":"ImageObject","inLanguage":"en-US","@id":"https:\/\/www.monaxis.lt\/en\/parduotuve\/storage-shelf-fortis-light-200x217x50-base-module-1400kg-kopija-3\/#primaryimage","url":"https:\/\/www.monaxis.lt\/wp-content\/uploads\/2024\/03\/Sandeliavimo-lentyna-FORTIS-LIGHT-200x217x40-bazinis-modulis-1400kg.webp","contentUrl":"https:\/\/www.monaxis.lt\/wp-content\/uploads\/2024\/03\/Sandeliavimo-lentyna-FORTIS-LIGHT-200x217x40-bazinis-modulis-1400kg.webp","width":1024,"height":1024},{"@type":"BreadcrumbList","@id":"https:\/\/www.monaxis.lt\/en\/parduotuve\/storage-shelf-fortis-light-200x217x50-base-module-1400kg-kopija-3\/#breadcrumb","itemListElement":[{"@type":"ListItem","position":1,"name":"Pagrindinis","item":"https:\/\/www.monaxis.lt\/en\/"},{"@type":"ListItem","position":2,"name":"Shop","item":"https:\/\/www.monaxis.lt\/en\/shop\/"},{"@type":"ListItem","position":3,"name":"Storage equipment","item":"https:\/\/www.monaxis.lt\/en\/produkto-kategorija\/storage-equipment\/"},{"@type":"ListItem","position":4,"name":"Warehouse shelves","item":"https:\/\/www.monaxis.lt\/en\/produkto-kategorija\/storage-equipment\/warehouse-shelves\/"},{"@type":"ListItem","position":5,"name":"Storage shelves and pallet racking","item":"https:\/\/www.monaxis.lt\/en\/produkto-kategorija\/storage-equipment\/warehouse-shelves\/storage-shelves\/"},{"@type":"ListItem","position":6,"name":"Storage shelf FORTIS LIGHT 200x217x40 base module 1400kg"}]},{"@type":"WebSite","@id":"https:\/\/www.monaxis.lt\/en\/#website","url":"https:\/\/www.monaxis.lt\/en\/","name":"Monaxis","description":"Prekybin\u0117, bei \u0161aldymo \u012franga","publisher":{"@id":"https:\/\/www.monaxis.lt\/en\/#organization"},"potentialAction":[{"@type":"SearchAction","target":{"@type":"EntryPoint","urlTemplate":"https:\/\/www.monaxis.lt\/en\/?s={search_term_string}"},"query-input":{"@type":"PropertyValueSpecification","valueRequired":true,"valueName":"search_term_string"}}],"inLanguage":"en-US"},{"@type":"Organization","@id":"https:\/\/www.monaxis.lt\/en\/#organization","name":"Monaxis","url":"https:\/\/www.monaxis.lt\/en\/","logo":{"@type":"ImageObject","inLanguage":"en-US","@id":"https:\/\/www.monaxis.lt\/en\/#\/schema\/logo\/image\/","url":"https:\/\/www.monaxis.lt\/wp-content\/uploads\/2023\/03\/logo-1.png","contentUrl":"https:\/\/www.monaxis.lt\/wp-content\/uploads\/2023\/03\/logo-1.png","width":205,"height":58,"caption":"Monaxis"},"image":{"@id":"https:\/\/www.monaxis.lt\/en\/#\/schema\/logo\/image\/"}}]}},"_links":{"self":[{"href":"https:\/\/www.monaxis.lt\/en\/wp-json\/wp\/v2\/product\/14791","targetHints":{"allow":["GET"]}}],"collection":[{"href":"https:\/\/www.monaxis.lt\/en\/wp-json\/wp\/v2\/product"}],"about":[{"href":"https:\/\/www.monaxis.lt\/en\/wp-json\/wp\/v2\/types\/product"}],"replies":[{"embeddable":true,"href":"https:\/\/www.monaxis.lt\/en\/wp-json\/wp\/v2\/comments?post=14791"}],"wp:featuredmedia":[{"embeddable":true,"href":"https:\/\/www.monaxis.lt\/en\/wp-json\/wp\/v2\/media\/14793"}],"wp:attachment":[{"href":"https:\/\/www.monaxis.lt\/en\/wp-json\/wp\/v2\/media?parent=14791"}],"wp:term":[{"taxonomy":"product_brand","embeddable":true,"href":"https:\/\/www.monaxis.lt\/en\/wp-json\/wp\/v2\/product_brand?post=14791"},{"taxonomy":"product_cat","embeddable":true,"href":"https:\/\/www.monaxis.lt\/en\/wp-json\/wp\/v2\/product_cat?post=14791"},{"taxonomy":"product_tag","embeddable":true,"href":"https:\/\/www.monaxis.lt\/en\/wp-json\/wp\/v2\/product_tag?post=14791"}],"curies":[{"name":"wp","href":"https:\/\/api.w.org\/{rel}","templated":true}]}}