{"id":15250,"date":"2024-03-17T15:29:26","date_gmt":"2024-03-17T13:29:26","guid":{"rendered":"https:\/\/www.monaxis.lt\/?post_type=product&#038;p=15250"},"modified":"2024-03-23T11:18:59","modified_gmt":"2024-03-23T09:18:59","slug":"convection-oven-with-humidification-stalgast-fm-industrial-rx-gn-3-1-3-1kw-kopija","status":"publish","type":"product","link":"https:\/\/www.monaxis.lt\/en\/parduotuve\/convection-oven-with-humidification-stalgast-fm-industrial-rx-gn-3-1-3-1kw-kopija\/","title":{"rendered":"Convection oven Roller Grill 5 levels 380 TQ 2.4kW"},"content":{"rendered":"<h3><strong>Professional 5 level convection oven &#8211; functional and economical<\/strong><\/h3>\n<p>The <strong>convection oven<\/strong> has a fan that ensures a rapid temperature increase. Even temperature distribution in the oven is achieved by <strong>convection<\/strong>. The unit has <strong>double-glazed doors and reinforced thermal insulation<\/strong>. Temperature control with thermostat <strong>0-270 \u00b0C<\/strong>, fan and <strong>3 cooking grates<\/strong>, as well as <strong>1 baking sheet<\/strong>, removable plate holders in 5 levels (1 drop tray and 4 cooking levels).<\/p>\n<p>The stove is additionally equipped with a timer, max. 120 min. It also has a quartz salamander, a ventilated cake oven and defrost functions.<\/p>\n<p><strong>Roller Grill convection ovens are used for cooking and heating<\/strong>:<\/p>\n<ul>\n<li><strong>confectionery<\/strong> (croissants, chocolate rolls),<\/li>\n<li><strong>baked goods<\/strong>,<\/li>\n<li><strong>ready meals<\/strong> (lasagne, baked potatoes), fresh, frozen or heated and ready-to-bake snacks (puff pastry, pizzas, quiche, etc.).<\/li>\n<\/ul>\n<h3><b>Features of the Stalgast convection oven:<\/b><\/h3>\n<table>\n<tbody>\n<tr>\n<td>\n<ul>\n<li><strong>Construction<\/strong> &#8211; <strong>steel body<\/strong> resistant to mechanical damage and easy to clean. The oven chamber has <strong> lighting and a glass door<\/strong> that allows you to watch the entire cooking process without looking inside.<\/li>\n<\/ul>\n<\/td>\n<td>\n<ul>\n<li><strong>Functionality<\/strong> &#8211; simple and fast operation allows quick connection of the device. There are 5 levels inside the oven <strong>(1 draining tray and 4 baking trays)<\/strong>. <strong>Excellent visibility<\/strong> thanks to lighting.<\/li>\n<\/ul>\n<\/td>\n<\/tr>\n<tr>\n<td>\n<ul>\n<li><strong>Performance<\/strong> &#8211; even temperature distribution in the oven <strong>due to convection <\/strong> <strong>. Operating range  <\/strong><b>up to 270 \u00b0C<\/b> allows you to set the right temperature for the food you are cooking.<\/li>\n<\/ul>\n<\/td>\n<td>\n<ul>\n<li><strong>Purpose<\/strong>: a single chamber unit for the baking of confectionery and bread products and ready meals.<\/li>\n<\/ul>\n<p>&nbsp;<\/td>\n<\/tr>\n<\/tbody>\n<\/table>\n<p><strong>The unit is manufactured in accordance with European Union standards.<\/strong><\/p>\n","protected":false},"excerpt":{"rendered":"<div class=\"product__parameter__name\"><strong><span class=\"product__parameter__name__text\"><img decoding=\"async\" class=\"alignnone wp-image-7601\" src=\"https:\/\/www.monaxis.lt\/wp-content\/uploads\/2023\/03\/delivery-1-150x150.png\" alt=\"\" width=\"23\" height=\"23\" srcset=\"https:\/\/www.monaxis.lt\/wp-content\/uploads\/2023\/03\/delivery-1-150x150.png 150w, https:\/\/www.monaxis.lt\/wp-content\/uploads\/2023\/03\/delivery-1-300x300.png 300w, https:\/\/www.monaxis.lt\/wp-content\/uploads\/2023\/03\/delivery-1.png 512w\" sizes=\"(max-width: 23px) 100vw, 23px\" \/> Delivery <\/span><\/strong><\/div>\n<div class=\"product__parameter__value\"><span class=\"product__parameter__value__text\" style=\"font-size: 75%;\">     <strong>   <span style=\"color: #999999;\">  7-10 d.d.<\/span><\/strong><\/span><\/div>\n<div class=\"product__parameter__name\">\n<div>\n<div class=\"product__parameter__name\">\n<div class=\"product__parameter__value\">\n<hr>\n<\/div>\n<p><strong><img decoding=\"async\" class=\"alignnone wp-image-7810\" src=\"https:\/\/www.monaxis.lt\/wp-content\/uploads\/2023\/01\/komplektuojama.png\" alt=\"\" width=\"23\" height=\"23\"> Comes with<\/strong><br \/>\n<strong><span style=\"font-size: 75%; color: #999999;\">  Convection oven Roller Grill &#8211; 1pc<\/span><\/strong><br \/>\n<strong><span style=\"font-size: 75%; color: #999999;\"> Warranty card<\/span><\/strong><br \/>\n<strong><span style=\"font-size: 75%; color: #999999;\"> Proof of purchase &#8211; Receipt \/ FV<\/span><\/strong><\/p>\n<\/div>\n<\/div>\n<\/div>\n","protected":false},"featured_media":15252,"comment_status":"open","ping_status":"closed","template":"","meta":[],"product_brand":[],"product_cat":[250],"product_tag":[],"class_list":{"0":"post-15250","1":"product","2":"type-product","3":"status-publish","4":"has-post-thumbnail","6":"product_cat-convection-ovens","7":"pa_aukstis-54cm-en","8":"pa_bukle-new-en","9":"pa_galingumas-2-4kw-en","10":"pa_galios-tipas-elektrinis-en","11":"pa_ilgis-59cm-en","12":"pa_temperaturos-diapazonas-c-0-270-c-en","13":"pa_valdymas-manual-en","14":"pa_valymo-funkcija-no-en","16":"first","17":"onbackorder","18":"taxable","19":"shipping-taxable","20":"product-type-simple"},"yoast_head":"<!-- This site is optimized with the Yoast SEO plugin v27.1.1 - https:\/\/yoast.com\/product\/yoast-seo-wordpress\/ -->\n<title>Convection oven Roller Grill 5 levels 380 TQ 2.4kW | Monaxis<\/title>\n<meta name=\"robots\" content=\"index, follow, max-snippet:-1, max-image-preview:large, max-video-preview:-1\" \/>\n<link rel=\"canonical\" href=\"https:\/\/www.monaxis.lt\/en\/parduotuve\/convection-oven-with-humidification-stalgast-fm-industrial-rx-gn-3-1-3-1kw-kopija\/\" \/>\n<meta property=\"og:locale\" content=\"en_US\" \/>\n<meta property=\"og:type\" content=\"article\" \/>\n<meta property=\"og:title\" content=\"Convection oven Roller Grill 5 levels 380 TQ 2.4kW | Monaxis\" \/>\n<meta property=\"og:description\" content=\"Delivery      7-10 d.d.     Comes with  Convection oven Roller Grill - 1pc Warranty card Proof of purchase - Receipt \/ FV\" \/>\n<meta property=\"og:url\" content=\"https:\/\/www.monaxis.lt\/en\/parduotuve\/convection-oven-with-humidification-stalgast-fm-industrial-rx-gn-3-1-3-1kw-kopija\/\" \/>\n<meta property=\"og:site_name\" content=\"Monaxis\" \/>\n<meta property=\"article:modified_time\" content=\"2024-03-23T09:18:59+00:00\" \/>\n<meta property=\"og:image\" content=\"https:\/\/www.monaxis.lt\/wp-content\/uploads\/2024\/03\/Konvekcine-orkaite-Roller-Grill-5-lygiai-380-TQ-2.4kW.webp\" \/>\n\t<meta property=\"og:image:width\" content=\"1010\" \/>\n\t<meta property=\"og:image:height\" content=\"968\" \/>\n\t<meta property=\"og:image:type\" content=\"image\/webp\" \/>\n<meta name=\"twitter:card\" content=\"summary_large_image\" \/>\n<meta name=\"twitter:label1\" content=\"Est. reading time\" \/>\n\t<meta name=\"twitter:data1\" content=\"2 minutes\" \/>\n<script type=\"application\/ld+json\" class=\"yoast-schema-graph\">{\"@context\":\"https:\/\/schema.org\",\"@graph\":[{\"@type\":\"WebPage\",\"@id\":\"https:\/\/www.monaxis.lt\/en\/parduotuve\/convection-oven-with-humidification-stalgast-fm-industrial-rx-gn-3-1-3-1kw-kopija\/\",\"url\":\"https:\/\/www.monaxis.lt\/en\/parduotuve\/convection-oven-with-humidification-stalgast-fm-industrial-rx-gn-3-1-3-1kw-kopija\/\",\"name\":\"Convection oven Roller Grill 5 levels 380 TQ 2.4kW | Monaxis\",\"isPartOf\":{\"@id\":\"https:\/\/www.monaxis.lt\/en\/#website\"},\"primaryImageOfPage\":{\"@id\":\"https:\/\/www.monaxis.lt\/en\/parduotuve\/convection-oven-with-humidification-stalgast-fm-industrial-rx-gn-3-1-3-1kw-kopija\/#primaryimage\"},\"image\":{\"@id\":\"https:\/\/www.monaxis.lt\/en\/parduotuve\/convection-oven-with-humidification-stalgast-fm-industrial-rx-gn-3-1-3-1kw-kopija\/#primaryimage\"},\"thumbnailUrl\":\"https:\/\/www.monaxis.lt\/wp-content\/uploads\/2024\/03\/Konvekcine-orkaite-Roller-Grill-5-lygiai-380-TQ-2.4kW.webp\",\"datePublished\":\"2024-03-17T13:29:26+00:00\",\"dateModified\":\"2024-03-23T09:18:59+00:00\",\"breadcrumb\":{\"@id\":\"https:\/\/www.monaxis.lt\/en\/parduotuve\/convection-oven-with-humidification-stalgast-fm-industrial-rx-gn-3-1-3-1kw-kopija\/#breadcrumb\"},\"inLanguage\":\"en-US\",\"potentialAction\":[{\"@type\":\"ReadAction\",\"target\":[\"https:\/\/www.monaxis.lt\/en\/parduotuve\/convection-oven-with-humidification-stalgast-fm-industrial-rx-gn-3-1-3-1kw-kopija\/\"]}]},{\"@type\":\"ImageObject\",\"inLanguage\":\"en-US\",\"@id\":\"https:\/\/www.monaxis.lt\/en\/parduotuve\/convection-oven-with-humidification-stalgast-fm-industrial-rx-gn-3-1-3-1kw-kopija\/#primaryimage\",\"url\":\"https:\/\/www.monaxis.lt\/wp-content\/uploads\/2024\/03\/Konvekcine-orkaite-Roller-Grill-5-lygiai-380-TQ-2.4kW.webp\",\"contentUrl\":\"https:\/\/www.monaxis.lt\/wp-content\/uploads\/2024\/03\/Konvekcine-orkaite-Roller-Grill-5-lygiai-380-TQ-2.4kW.webp\",\"width\":1010,\"height\":968},{\"@type\":\"BreadcrumbList\",\"@id\":\"https:\/\/www.monaxis.lt\/en\/parduotuve\/convection-oven-with-humidification-stalgast-fm-industrial-rx-gn-3-1-3-1kw-kopija\/#breadcrumb\",\"itemListElement\":[{\"@type\":\"ListItem\",\"position\":1,\"name\":\"Pagrindinis\",\"item\":\"https:\/\/www.monaxis.lt\/en\/\"},{\"@type\":\"ListItem\",\"position\":2,\"name\":\"Shop\",\"item\":\"https:\/\/www.monaxis.lt\/en\/shop\/\"},{\"@type\":\"ListItem\",\"position\":3,\"name\":\"Industrial kitchen equipment\",\"item\":\"https:\/\/www.monaxis.lt\/en\/produkto-kategorija\/industrial-kitchen-equipment\/\"},{\"@type\":\"ListItem\",\"position\":4,\"name\":\"Food heating and cooking equipment\",\"item\":\"https:\/\/www.monaxis.lt\/en\/produkto-kategorija\/industrial-kitchen-equipment\/food-heating-and-cooking-equipment\/\"},{\"@type\":\"ListItem\",\"position\":5,\"name\":\"Convection ovens\",\"item\":\"https:\/\/www.monaxis.lt\/en\/produkto-kategorija\/industrial-kitchen-equipment\/food-heating-and-cooking-equipment\/convection-ovens\/\"},{\"@type\":\"ListItem\",\"position\":6,\"name\":\"Convection oven Roller Grill 5 levels 380 TQ 2.4kW\"}]},{\"@type\":\"WebSite\",\"@id\":\"https:\/\/www.monaxis.lt\/en\/#website\",\"url\":\"https:\/\/www.monaxis.lt\/en\/\",\"name\":\"Monaxis\",\"description\":\"Prekybin\u0117, bei \u0161aldymo \u012franga\",\"publisher\":{\"@id\":\"https:\/\/www.monaxis.lt\/en\/#organization\"},\"potentialAction\":[{\"@type\":\"SearchAction\",\"target\":{\"@type\":\"EntryPoint\",\"urlTemplate\":\"https:\/\/www.monaxis.lt\/en\/?s={search_term_string}\"},\"query-input\":{\"@type\":\"PropertyValueSpecification\",\"valueRequired\":true,\"valueName\":\"search_term_string\"}}],\"inLanguage\":\"en-US\"},{\"@type\":\"Organization\",\"@id\":\"https:\/\/www.monaxis.lt\/en\/#organization\",\"name\":\"Monaxis\",\"url\":\"https:\/\/www.monaxis.lt\/en\/\",\"logo\":{\"@type\":\"ImageObject\",\"inLanguage\":\"en-US\",\"@id\":\"https:\/\/www.monaxis.lt\/en\/#\/schema\/logo\/image\/\",\"url\":\"https:\/\/www.monaxis.lt\/wp-content\/uploads\/2023\/03\/logo-1.png\",\"contentUrl\":\"https:\/\/www.monaxis.lt\/wp-content\/uploads\/2023\/03\/logo-1.png\",\"width\":205,\"height\":58,\"caption\":\"Monaxis\"},\"image\":{\"@id\":\"https:\/\/www.monaxis.lt\/en\/#\/schema\/logo\/image\/\"}}]}<\/script>\n<!-- \/ Yoast SEO plugin. -->","yoast_head_json":{"title":"Convection oven Roller Grill 5 levels 380 TQ 2.4kW | Monaxis","robots":{"index":"index","follow":"follow","max-snippet":"max-snippet:-1","max-image-preview":"max-image-preview:large","max-video-preview":"max-video-preview:-1"},"canonical":"https:\/\/www.monaxis.lt\/en\/parduotuve\/convection-oven-with-humidification-stalgast-fm-industrial-rx-gn-3-1-3-1kw-kopija\/","og_locale":"en_US","og_type":"article","og_title":"Convection oven Roller Grill 5 levels 380 TQ 2.4kW | Monaxis","og_description":"Delivery      7-10 d.d.     Comes with  Convection oven Roller Grill - 1pc Warranty card Proof of purchase - Receipt \/ FV","og_url":"https:\/\/www.monaxis.lt\/en\/parduotuve\/convection-oven-with-humidification-stalgast-fm-industrial-rx-gn-3-1-3-1kw-kopija\/","og_site_name":"Monaxis","article_modified_time":"2024-03-23T09:18:59+00:00","og_image":[{"width":1010,"height":968,"url":"https:\/\/www.monaxis.lt\/wp-content\/uploads\/2024\/03\/Konvekcine-orkaite-Roller-Grill-5-lygiai-380-TQ-2.4kW.webp","type":"image\/webp"}],"twitter_card":"summary_large_image","twitter_misc":{"Est. reading time":"2 minutes"},"schema":{"@context":"https:\/\/schema.org","@graph":[{"@type":"WebPage","@id":"https:\/\/www.monaxis.lt\/en\/parduotuve\/convection-oven-with-humidification-stalgast-fm-industrial-rx-gn-3-1-3-1kw-kopija\/","url":"https:\/\/www.monaxis.lt\/en\/parduotuve\/convection-oven-with-humidification-stalgast-fm-industrial-rx-gn-3-1-3-1kw-kopija\/","name":"Convection oven Roller Grill 5 levels 380 TQ 2.4kW | Monaxis","isPartOf":{"@id":"https:\/\/www.monaxis.lt\/en\/#website"},"primaryImageOfPage":{"@id":"https:\/\/www.monaxis.lt\/en\/parduotuve\/convection-oven-with-humidification-stalgast-fm-industrial-rx-gn-3-1-3-1kw-kopija\/#primaryimage"},"image":{"@id":"https:\/\/www.monaxis.lt\/en\/parduotuve\/convection-oven-with-humidification-stalgast-fm-industrial-rx-gn-3-1-3-1kw-kopija\/#primaryimage"},"thumbnailUrl":"https:\/\/www.monaxis.lt\/wp-content\/uploads\/2024\/03\/Konvekcine-orkaite-Roller-Grill-5-lygiai-380-TQ-2.4kW.webp","datePublished":"2024-03-17T13:29:26+00:00","dateModified":"2024-03-23T09:18:59+00:00","breadcrumb":{"@id":"https:\/\/www.monaxis.lt\/en\/parduotuve\/convection-oven-with-humidification-stalgast-fm-industrial-rx-gn-3-1-3-1kw-kopija\/#breadcrumb"},"inLanguage":"en-US","potentialAction":[{"@type":"ReadAction","target":["https:\/\/www.monaxis.lt\/en\/parduotuve\/convection-oven-with-humidification-stalgast-fm-industrial-rx-gn-3-1-3-1kw-kopija\/"]}]},{"@type":"ImageObject","inLanguage":"en-US","@id":"https:\/\/www.monaxis.lt\/en\/parduotuve\/convection-oven-with-humidification-stalgast-fm-industrial-rx-gn-3-1-3-1kw-kopija\/#primaryimage","url":"https:\/\/www.monaxis.lt\/wp-content\/uploads\/2024\/03\/Konvekcine-orkaite-Roller-Grill-5-lygiai-380-TQ-2.4kW.webp","contentUrl":"https:\/\/www.monaxis.lt\/wp-content\/uploads\/2024\/03\/Konvekcine-orkaite-Roller-Grill-5-lygiai-380-TQ-2.4kW.webp","width":1010,"height":968},{"@type":"BreadcrumbList","@id":"https:\/\/www.monaxis.lt\/en\/parduotuve\/convection-oven-with-humidification-stalgast-fm-industrial-rx-gn-3-1-3-1kw-kopija\/#breadcrumb","itemListElement":[{"@type":"ListItem","position":1,"name":"Pagrindinis","item":"https:\/\/www.monaxis.lt\/en\/"},{"@type":"ListItem","position":2,"name":"Shop","item":"https:\/\/www.monaxis.lt\/en\/shop\/"},{"@type":"ListItem","position":3,"name":"Industrial kitchen equipment","item":"https:\/\/www.monaxis.lt\/en\/produkto-kategorija\/industrial-kitchen-equipment\/"},{"@type":"ListItem","position":4,"name":"Food heating and cooking equipment","item":"https:\/\/www.monaxis.lt\/en\/produkto-kategorija\/industrial-kitchen-equipment\/food-heating-and-cooking-equipment\/"},{"@type":"ListItem","position":5,"name":"Convection ovens","item":"https:\/\/www.monaxis.lt\/en\/produkto-kategorija\/industrial-kitchen-equipment\/food-heating-and-cooking-equipment\/convection-ovens\/"},{"@type":"ListItem","position":6,"name":"Convection oven Roller Grill 5 levels 380 TQ 2.4kW"}]},{"@type":"WebSite","@id":"https:\/\/www.monaxis.lt\/en\/#website","url":"https:\/\/www.monaxis.lt\/en\/","name":"Monaxis","description":"Prekybin\u0117, bei \u0161aldymo \u012franga","publisher":{"@id":"https:\/\/www.monaxis.lt\/en\/#organization"},"potentialAction":[{"@type":"SearchAction","target":{"@type":"EntryPoint","urlTemplate":"https:\/\/www.monaxis.lt\/en\/?s={search_term_string}"},"query-input":{"@type":"PropertyValueSpecification","valueRequired":true,"valueName":"search_term_string"}}],"inLanguage":"en-US"},{"@type":"Organization","@id":"https:\/\/www.monaxis.lt\/en\/#organization","name":"Monaxis","url":"https:\/\/www.monaxis.lt\/en\/","logo":{"@type":"ImageObject","inLanguage":"en-US","@id":"https:\/\/www.monaxis.lt\/en\/#\/schema\/logo\/image\/","url":"https:\/\/www.monaxis.lt\/wp-content\/uploads\/2023\/03\/logo-1.png","contentUrl":"https:\/\/www.monaxis.lt\/wp-content\/uploads\/2023\/03\/logo-1.png","width":205,"height":58,"caption":"Monaxis"},"image":{"@id":"https:\/\/www.monaxis.lt\/en\/#\/schema\/logo\/image\/"}}]}},"_links":{"self":[{"href":"https:\/\/www.monaxis.lt\/en\/wp-json\/wp\/v2\/product\/15250","targetHints":{"allow":["GET"]}}],"collection":[{"href":"https:\/\/www.monaxis.lt\/en\/wp-json\/wp\/v2\/product"}],"about":[{"href":"https:\/\/www.monaxis.lt\/en\/wp-json\/wp\/v2\/types\/product"}],"replies":[{"embeddable":true,"href":"https:\/\/www.monaxis.lt\/en\/wp-json\/wp\/v2\/comments?post=15250"}],"wp:featuredmedia":[{"embeddable":true,"href":"https:\/\/www.monaxis.lt\/en\/wp-json\/wp\/v2\/media\/15252"}],"wp:attachment":[{"href":"https:\/\/www.monaxis.lt\/en\/wp-json\/wp\/v2\/media?parent=15250"}],"wp:term":[{"taxonomy":"product_brand","embeddable":true,"href":"https:\/\/www.monaxis.lt\/en\/wp-json\/wp\/v2\/product_brand?post=15250"},{"taxonomy":"product_cat","embeddable":true,"href":"https:\/\/www.monaxis.lt\/en\/wp-json\/wp\/v2\/product_cat?post=15250"},{"taxonomy":"product_tag","embeddable":true,"href":"https:\/\/www.monaxis.lt\/en\/wp-json\/wp\/v2\/product_tag?post=15250"}],"curies":[{"name":"wp","href":"https:\/\/api.w.org\/{rel}","templated":true}]}}