{"id":15386,"date":"2024-03-18T15:59:01","date_gmt":"2024-03-18T13:59:01","guid":{"rendered":"https:\/\/www.monaxis.lt\/?post_type=product&#038;p=15386"},"modified":"2024-03-23T11:18:43","modified_gmt":"2024-03-23T09:18:43","slug":"convection-orkaite-with-steam-function-fm-industrial-stn-11-gn-7-2kw","status":"publish","type":"product","link":"https:\/\/www.monaxis.lt\/en\/parduotuve\/convection-orkaite-with-steam-function-fm-industrial-stn-11-gn-7-2kw\/","title":{"rendered":"Convection oven with steam function FM Industrial STN 11 GN 7.2kW"},"content":{"rendered":"<h3><strong>Convection oven with steam function FM Industrial STN<\/strong><\/h3>\n<p>A <strong>combi-steam oven<\/strong> is a convection oven, but it also has a chamber steaming function. Combination steam ovens, like convection ovens, can be used for baking, blanching, steaming, as well as low-temperature cooking and baking.<\/p>\n<p>The <strong>FM Industrial STW-Compact combi steamer<\/strong> is made of high quality stainless steel. This makes it resistant to mechanical damage and non-reactive with food. It has a <strong>touch-sensitive, intuitive control panel<\/strong> and the handle is on the left side of the door. The oven has a timer for 0-999 min and a continuous mode. <strong>The unit can accommodate 4 GN 1\/1 containers at 65 mm intervals, 6 GN 1\/1 containers at 40 mm intervals or 11 GN 1\/1 containers at 20 mm intervals.<\/strong><\/p>\n<h3><b>Advantages of a combi steam oven:<\/b><\/h3>\n<table>\n<tbody>\n<tr>\n<td>\n<ul>\n<li><strong>Efficiency<\/strong> &#8211; high quality ready meals, regardless of the size of the portions in the oven. The oven has various cooking and steaming functions and humidity control from 0 to 100%.<\/li>\n<\/ul>\n<\/td>\n<\/tr>\n<tr>\n<td>\n<ul>\n<li><strong>Construction<\/strong> &#8211; stainless steel body for resistance to mechanical damage. Intuitive, touch-panel, durable and hygienic stove chamber made of very high quality stainless steel. The stove can accommodate max. 11 GN 1\/1 containers. The unit has LED lighting.<\/li>\n<\/ul>\n<\/td>\n<\/tr>\n<tr>\n<td>\n<ul>\n<li><strong>Performance<\/strong> &#8211; Steam speeds up heat treatment and prevents moisture loss in prepared dishes. The stove is equipped with a 10-stage fan speed controller and speed reverser. The programmable chimney allows you to control the steam. The appliance also has 3 automatic washing programmes and a door switch.<\/li>\n<\/ul>\n<\/td>\n<\/tr>\n<tr>\n<td>\n<ul>\n<li><strong>Energy saving &#8211;<\/strong> excellent insulation of the shell to prevent temperature loss, double-glazed door to the furnace chamber, insulating window.<\/li>\n<\/ul>\n<\/td>\n<\/tr>\n<\/tbody>\n<\/table>\n<p>The <strong>combination steam oven<\/strong> ensures that dishes do not lose nutrients and retain their intense colour. A professional oven is an essential appliance in <strong>bakeries, supermarkets, catering companies, hotels, pizzerias, kebab shops<\/strong> and <strong> restaurants.<\/strong><\/p>\n<p><strong>The unit is manufactured in accordance with European Union standards.<\/strong><\/p>\n<p><strong>To qualify for warranty rights, the device must be registered within 30 days of the first start-up at https:\/\/stalgast.com\/rejestracja<\/strong><\/p>\n","protected":false},"excerpt":{"rendered":"<div class=\"product__parameter__name\"><strong><span class=\"product__parameter__name__text\"><img decoding=\"async\" class=\"alignnone wp-image-7601\" src=\"https:\/\/www.monaxis.lt\/wp-content\/uploads\/2023\/03\/delivery-1-150x150.png\" alt=\"\" width=\"23\" height=\"23\" srcset=\"https:\/\/www.monaxis.lt\/wp-content\/uploads\/2023\/03\/delivery-1-150x150.png 150w, https:\/\/www.monaxis.lt\/wp-content\/uploads\/2023\/03\/delivery-1-300x300.png 300w, https:\/\/www.monaxis.lt\/wp-content\/uploads\/2023\/03\/delivery-1.png 512w\" sizes=\"(max-width: 23px) 100vw, 23px\" \/> Delivery <\/span><\/strong><\/div>\n<div class=\"product__parameter__value\"><span class=\"product__parameter__value__text\" style=\"font-size: 75%;\"> <strong> <span style=\"color: #999999;\"> 7-10 d.d.<\/span><\/strong><\/span><\/div>\n<div class=\"product__parameter__name\">\n<div>\n<div class=\"product__parameter__name\">\n<div class=\"product__parameter__value\">\n<hr \/>\n<\/div>\n<p><strong><img decoding=\"async\" class=\"alignnone wp-image-7810\" src=\"https:\/\/www.monaxis.lt\/wp-content\/uploads\/2023\/01\/komplektuojama.png\" alt=\"\" width=\"23\" height=\"23\" \/> Comes with<\/strong><br \/>\n<strong><span style=\"font-size: 75%; color: #999999;\"> FM Industrial STN &#8211; 1pc &#8211; 1pc<\/span><\/strong><br \/>\n<strong><span style=\"font-size: 75%; color: #999999;\"> Warranty card<\/span><\/strong><br \/>\n<strong><span style=\"font-size: 75%; color: #999999;\"> Proof of purchase &#8211; Receipt \/ FV<\/span><\/strong><\/p>\n<\/div>\n<\/div>\n<\/div>\n","protected":false},"featured_media":15388,"comment_status":"open","ping_status":"closed","template":"","meta":[],"product_brand":[],"product_cat":[250],"product_tag":[],"class_list":{"0":"post-15386","1":"product","2":"type-product","3":"status-publish","4":"has-post-thumbnail","6":"product_cat-convection-ovens","7":"pa_aukstis-69cm-en","8":"pa_bukle-new-en","9":"pa_galingumas-7-2kw-en","10":"pa_galios-tipas-elektrinis-en","11":"pa_ilgis-53cm-en","12":"pa_plotis-95cm-en","13":"pa_temperaturos-diapazonas-c-50-270c-en","14":"pa_valdymas-electronics-en","15":"pa_valymo-funkcija-yes-en","17":"first","18":"onbackorder","19":"taxable","20":"shipping-taxable","21":"product-type-simple"},"yoast_head":"<!-- This site is optimized with the Yoast SEO plugin v27.1.1 - https:\/\/yoast.com\/product\/yoast-seo-wordpress\/ -->\n<title>Convection oven with steam function FM Industrial STN 11 GN 7.2kW | Monaxis<\/title>\n<meta name=\"robots\" content=\"index, follow, max-snippet:-1, max-image-preview:large, max-video-preview:-1\" \/>\n<link rel=\"canonical\" href=\"https:\/\/www.monaxis.lt\/en\/parduotuve\/convection-orkaite-with-steam-function-fm-industrial-stn-11-gn-7-2kw\/\" \/>\n<meta property=\"og:locale\" content=\"en_US\" \/>\n<meta property=\"og:type\" content=\"article\" \/>\n<meta property=\"og:title\" content=\"Convection oven with steam function FM Industrial STN 11 GN 7.2kW | Monaxis\" \/>\n<meta property=\"og:description\" content=\"Delivery   7-10 d.d.          Comes with  FM Industrial STN - 1pc - 1pc  Warranty card  Proof of purchase - Receipt \/ FV\" \/>\n<meta property=\"og:url\" content=\"https:\/\/www.monaxis.lt\/en\/parduotuve\/convection-orkaite-with-steam-function-fm-industrial-stn-11-gn-7-2kw\/\" \/>\n<meta property=\"og:site_name\" content=\"Monaxis\" \/>\n<meta property=\"article:modified_time\" content=\"2024-03-23T09:18:43+00:00\" \/>\n<meta property=\"og:image\" content=\"https:\/\/www.monaxis.lt\/wp-content\/uploads\/2024\/03\/Konvekcine-orkaite-su-garu-funkcija-FM-Industrial-STN-11-GN-7.2kW.webp\" \/>\n\t<meta property=\"og:image:width\" content=\"1000\" \/>\n\t<meta property=\"og:image:height\" content=\"1000\" \/>\n\t<meta property=\"og:image:type\" content=\"image\/webp\" \/>\n<meta name=\"twitter:card\" content=\"summary_large_image\" \/>\n<meta name=\"twitter:label1\" content=\"Est. reading time\" \/>\n\t<meta name=\"twitter:data1\" content=\"2 minutes\" \/>\n<script type=\"application\/ld+json\" class=\"yoast-schema-graph\">{\"@context\":\"https:\/\/schema.org\",\"@graph\":[{\"@type\":\"WebPage\",\"@id\":\"https:\/\/www.monaxis.lt\/en\/parduotuve\/convection-orkaite-with-steam-function-fm-industrial-stn-11-gn-7-2kw\/\",\"url\":\"https:\/\/www.monaxis.lt\/en\/parduotuve\/convection-orkaite-with-steam-function-fm-industrial-stn-11-gn-7-2kw\/\",\"name\":\"Convection oven with steam function FM Industrial STN 11 GN 7.2kW | Monaxis\",\"isPartOf\":{\"@id\":\"https:\/\/www.monaxis.lt\/en\/#website\"},\"primaryImageOfPage\":{\"@id\":\"https:\/\/www.monaxis.lt\/en\/parduotuve\/convection-orkaite-with-steam-function-fm-industrial-stn-11-gn-7-2kw\/#primaryimage\"},\"image\":{\"@id\":\"https:\/\/www.monaxis.lt\/en\/parduotuve\/convection-orkaite-with-steam-function-fm-industrial-stn-11-gn-7-2kw\/#primaryimage\"},\"thumbnailUrl\":\"https:\/\/www.monaxis.lt\/wp-content\/uploads\/2024\/03\/Konvekcine-orkaite-su-garu-funkcija-FM-Industrial-STN-11-GN-7.2kW.webp\",\"datePublished\":\"2024-03-18T13:59:01+00:00\",\"dateModified\":\"2024-03-23T09:18:43+00:00\",\"breadcrumb\":{\"@id\":\"https:\/\/www.monaxis.lt\/en\/parduotuve\/convection-orkaite-with-steam-function-fm-industrial-stn-11-gn-7-2kw\/#breadcrumb\"},\"inLanguage\":\"en-US\",\"potentialAction\":[{\"@type\":\"ReadAction\",\"target\":[\"https:\/\/www.monaxis.lt\/en\/parduotuve\/convection-orkaite-with-steam-function-fm-industrial-stn-11-gn-7-2kw\/\"]}]},{\"@type\":\"ImageObject\",\"inLanguage\":\"en-US\",\"@id\":\"https:\/\/www.monaxis.lt\/en\/parduotuve\/convection-orkaite-with-steam-function-fm-industrial-stn-11-gn-7-2kw\/#primaryimage\",\"url\":\"https:\/\/www.monaxis.lt\/wp-content\/uploads\/2024\/03\/Konvekcine-orkaite-su-garu-funkcija-FM-Industrial-STN-11-GN-7.2kW.webp\",\"contentUrl\":\"https:\/\/www.monaxis.lt\/wp-content\/uploads\/2024\/03\/Konvekcine-orkaite-su-garu-funkcija-FM-Industrial-STN-11-GN-7.2kW.webp\",\"width\":1000,\"height\":1000},{\"@type\":\"BreadcrumbList\",\"@id\":\"https:\/\/www.monaxis.lt\/en\/parduotuve\/convection-orkaite-with-steam-function-fm-industrial-stn-11-gn-7-2kw\/#breadcrumb\",\"itemListElement\":[{\"@type\":\"ListItem\",\"position\":1,\"name\":\"Pagrindinis\",\"item\":\"https:\/\/www.monaxis.lt\/en\/\"},{\"@type\":\"ListItem\",\"position\":2,\"name\":\"Shop\",\"item\":\"https:\/\/www.monaxis.lt\/en\/shop\/\"},{\"@type\":\"ListItem\",\"position\":3,\"name\":\"Industrial kitchen equipment\",\"item\":\"https:\/\/www.monaxis.lt\/en\/produkto-kategorija\/industrial-kitchen-equipment\/\"},{\"@type\":\"ListItem\",\"position\":4,\"name\":\"Food heating and cooking equipment\",\"item\":\"https:\/\/www.monaxis.lt\/en\/produkto-kategorija\/industrial-kitchen-equipment\/food-heating-and-cooking-equipment\/\"},{\"@type\":\"ListItem\",\"position\":5,\"name\":\"Convection ovens\",\"item\":\"https:\/\/www.monaxis.lt\/en\/produkto-kategorija\/industrial-kitchen-equipment\/food-heating-and-cooking-equipment\/convection-ovens\/\"},{\"@type\":\"ListItem\",\"position\":6,\"name\":\"Convection oven with steam function FM Industrial STN 11 GN 7.2kW\"}]},{\"@type\":\"WebSite\",\"@id\":\"https:\/\/www.monaxis.lt\/en\/#website\",\"url\":\"https:\/\/www.monaxis.lt\/en\/\",\"name\":\"Monaxis\",\"description\":\"Prekybin\u0117, bei \u0161aldymo \u012franga\",\"publisher\":{\"@id\":\"https:\/\/www.monaxis.lt\/en\/#organization\"},\"potentialAction\":[{\"@type\":\"SearchAction\",\"target\":{\"@type\":\"EntryPoint\",\"urlTemplate\":\"https:\/\/www.monaxis.lt\/en\/?s={search_term_string}\"},\"query-input\":{\"@type\":\"PropertyValueSpecification\",\"valueRequired\":true,\"valueName\":\"search_term_string\"}}],\"inLanguage\":\"en-US\"},{\"@type\":\"Organization\",\"@id\":\"https:\/\/www.monaxis.lt\/en\/#organization\",\"name\":\"Monaxis\",\"url\":\"https:\/\/www.monaxis.lt\/en\/\",\"logo\":{\"@type\":\"ImageObject\",\"inLanguage\":\"en-US\",\"@id\":\"https:\/\/www.monaxis.lt\/en\/#\/schema\/logo\/image\/\",\"url\":\"https:\/\/www.monaxis.lt\/wp-content\/uploads\/2023\/03\/logo-1.png\",\"contentUrl\":\"https:\/\/www.monaxis.lt\/wp-content\/uploads\/2023\/03\/logo-1.png\",\"width\":205,\"height\":58,\"caption\":\"Monaxis\"},\"image\":{\"@id\":\"https:\/\/www.monaxis.lt\/en\/#\/schema\/logo\/image\/\"}}]}<\/script>\n<!-- \/ Yoast SEO plugin. -->","yoast_head_json":{"title":"Convection oven with steam function FM Industrial STN 11 GN 7.2kW | Monaxis","robots":{"index":"index","follow":"follow","max-snippet":"max-snippet:-1","max-image-preview":"max-image-preview:large","max-video-preview":"max-video-preview:-1"},"canonical":"https:\/\/www.monaxis.lt\/en\/parduotuve\/convection-orkaite-with-steam-function-fm-industrial-stn-11-gn-7-2kw\/","og_locale":"en_US","og_type":"article","og_title":"Convection oven with steam function FM Industrial STN 11 GN 7.2kW | Monaxis","og_description":"Delivery   7-10 d.d.          Comes with  FM Industrial STN - 1pc - 1pc  Warranty card  Proof of purchase - Receipt \/ FV","og_url":"https:\/\/www.monaxis.lt\/en\/parduotuve\/convection-orkaite-with-steam-function-fm-industrial-stn-11-gn-7-2kw\/","og_site_name":"Monaxis","article_modified_time":"2024-03-23T09:18:43+00:00","og_image":[{"width":1000,"height":1000,"url":"https:\/\/www.monaxis.lt\/wp-content\/uploads\/2024\/03\/Konvekcine-orkaite-su-garu-funkcija-FM-Industrial-STN-11-GN-7.2kW.webp","type":"image\/webp"}],"twitter_card":"summary_large_image","twitter_misc":{"Est. reading time":"2 minutes"},"schema":{"@context":"https:\/\/schema.org","@graph":[{"@type":"WebPage","@id":"https:\/\/www.monaxis.lt\/en\/parduotuve\/convection-orkaite-with-steam-function-fm-industrial-stn-11-gn-7-2kw\/","url":"https:\/\/www.monaxis.lt\/en\/parduotuve\/convection-orkaite-with-steam-function-fm-industrial-stn-11-gn-7-2kw\/","name":"Convection oven with steam function FM Industrial STN 11 GN 7.2kW | Monaxis","isPartOf":{"@id":"https:\/\/www.monaxis.lt\/en\/#website"},"primaryImageOfPage":{"@id":"https:\/\/www.monaxis.lt\/en\/parduotuve\/convection-orkaite-with-steam-function-fm-industrial-stn-11-gn-7-2kw\/#primaryimage"},"image":{"@id":"https:\/\/www.monaxis.lt\/en\/parduotuve\/convection-orkaite-with-steam-function-fm-industrial-stn-11-gn-7-2kw\/#primaryimage"},"thumbnailUrl":"https:\/\/www.monaxis.lt\/wp-content\/uploads\/2024\/03\/Konvekcine-orkaite-su-garu-funkcija-FM-Industrial-STN-11-GN-7.2kW.webp","datePublished":"2024-03-18T13:59:01+00:00","dateModified":"2024-03-23T09:18:43+00:00","breadcrumb":{"@id":"https:\/\/www.monaxis.lt\/en\/parduotuve\/convection-orkaite-with-steam-function-fm-industrial-stn-11-gn-7-2kw\/#breadcrumb"},"inLanguage":"en-US","potentialAction":[{"@type":"ReadAction","target":["https:\/\/www.monaxis.lt\/en\/parduotuve\/convection-orkaite-with-steam-function-fm-industrial-stn-11-gn-7-2kw\/"]}]},{"@type":"ImageObject","inLanguage":"en-US","@id":"https:\/\/www.monaxis.lt\/en\/parduotuve\/convection-orkaite-with-steam-function-fm-industrial-stn-11-gn-7-2kw\/#primaryimage","url":"https:\/\/www.monaxis.lt\/wp-content\/uploads\/2024\/03\/Konvekcine-orkaite-su-garu-funkcija-FM-Industrial-STN-11-GN-7.2kW.webp","contentUrl":"https:\/\/www.monaxis.lt\/wp-content\/uploads\/2024\/03\/Konvekcine-orkaite-su-garu-funkcija-FM-Industrial-STN-11-GN-7.2kW.webp","width":1000,"height":1000},{"@type":"BreadcrumbList","@id":"https:\/\/www.monaxis.lt\/en\/parduotuve\/convection-orkaite-with-steam-function-fm-industrial-stn-11-gn-7-2kw\/#breadcrumb","itemListElement":[{"@type":"ListItem","position":1,"name":"Pagrindinis","item":"https:\/\/www.monaxis.lt\/en\/"},{"@type":"ListItem","position":2,"name":"Shop","item":"https:\/\/www.monaxis.lt\/en\/shop\/"},{"@type":"ListItem","position":3,"name":"Industrial kitchen equipment","item":"https:\/\/www.monaxis.lt\/en\/produkto-kategorija\/industrial-kitchen-equipment\/"},{"@type":"ListItem","position":4,"name":"Food heating and cooking equipment","item":"https:\/\/www.monaxis.lt\/en\/produkto-kategorija\/industrial-kitchen-equipment\/food-heating-and-cooking-equipment\/"},{"@type":"ListItem","position":5,"name":"Convection ovens","item":"https:\/\/www.monaxis.lt\/en\/produkto-kategorija\/industrial-kitchen-equipment\/food-heating-and-cooking-equipment\/convection-ovens\/"},{"@type":"ListItem","position":6,"name":"Convection oven with steam function FM Industrial STN 11 GN 7.2kW"}]},{"@type":"WebSite","@id":"https:\/\/www.monaxis.lt\/en\/#website","url":"https:\/\/www.monaxis.lt\/en\/","name":"Monaxis","description":"Prekybin\u0117, bei \u0161aldymo \u012franga","publisher":{"@id":"https:\/\/www.monaxis.lt\/en\/#organization"},"potentialAction":[{"@type":"SearchAction","target":{"@type":"EntryPoint","urlTemplate":"https:\/\/www.monaxis.lt\/en\/?s={search_term_string}"},"query-input":{"@type":"PropertyValueSpecification","valueRequired":true,"valueName":"search_term_string"}}],"inLanguage":"en-US"},{"@type":"Organization","@id":"https:\/\/www.monaxis.lt\/en\/#organization","name":"Monaxis","url":"https:\/\/www.monaxis.lt\/en\/","logo":{"@type":"ImageObject","inLanguage":"en-US","@id":"https:\/\/www.monaxis.lt\/en\/#\/schema\/logo\/image\/","url":"https:\/\/www.monaxis.lt\/wp-content\/uploads\/2023\/03\/logo-1.png","contentUrl":"https:\/\/www.monaxis.lt\/wp-content\/uploads\/2023\/03\/logo-1.png","width":205,"height":58,"caption":"Monaxis"},"image":{"@id":"https:\/\/www.monaxis.lt\/en\/#\/schema\/logo\/image\/"}}]}},"_links":{"self":[{"href":"https:\/\/www.monaxis.lt\/en\/wp-json\/wp\/v2\/product\/15386","targetHints":{"allow":["GET"]}}],"collection":[{"href":"https:\/\/www.monaxis.lt\/en\/wp-json\/wp\/v2\/product"}],"about":[{"href":"https:\/\/www.monaxis.lt\/en\/wp-json\/wp\/v2\/types\/product"}],"replies":[{"embeddable":true,"href":"https:\/\/www.monaxis.lt\/en\/wp-json\/wp\/v2\/comments?post=15386"}],"wp:featuredmedia":[{"embeddable":true,"href":"https:\/\/www.monaxis.lt\/en\/wp-json\/wp\/v2\/media\/15388"}],"wp:attachment":[{"href":"https:\/\/www.monaxis.lt\/en\/wp-json\/wp\/v2\/media?parent=15386"}],"wp:term":[{"taxonomy":"product_brand","embeddable":true,"href":"https:\/\/www.monaxis.lt\/en\/wp-json\/wp\/v2\/product_brand?post=15386"},{"taxonomy":"product_cat","embeddable":true,"href":"https:\/\/www.monaxis.lt\/en\/wp-json\/wp\/v2\/product_cat?post=15386"},{"taxonomy":"product_tag","embeddable":true,"href":"https:\/\/www.monaxis.lt\/en\/wp-json\/wp\/v2\/product_tag?post=15386"}],"curies":[{"name":"wp","href":"https:\/\/api.w.org\/{rel}","templated":true}]}}