{"id":15815,"date":"2024-03-21T14:15:06","date_gmt":"2024-03-21T12:15:06","guid":{"rendered":"https:\/\/www.monaxis.lt\/parduotuve\/convection-oven-with-steam-function-retigo-b1221b-12-gn-2-1-37-1kw\/"},"modified":"2024-03-23T11:18:27","modified_gmt":"2024-03-23T09:18:27","slug":"convection-oven-with-steam-function-retigo-b1221b-12-gn-2-1-37-1kw","status":"publish","type":"product","link":"https:\/\/www.monaxis.lt\/en\/parduotuve\/convection-oven-with-steam-function-retigo-b1221b-12-gn-2-1-37-1kw\/","title":{"rendered":"Convection oven with steam function RETIGO B1221b 12 GN 2\/1 37.1kW"},"content":{"rendered":"<h3><strong>RETIGO B 1221b combi steam oven, electric boiler<\/strong><\/h3>\n<p>The RETIGO steam oven is ideal for kitchens <strong>with 400-600 portions per day<\/strong>. The basic equipment of this stove includes the <strong>Vo 1221 trolley .<\/strong><\/p>\n<p>The RETIGO Combination Hosepipe has an <strong>automatic active cleaning system<\/strong> and the necessary basic functions. The patented dehumidification system is used to achieve the perfect colour and tenderness of the dish. The device has 1000 programmes, each with 20 steps. The customer can configure the device according to their needs.<\/p>\n<p>The <strong>combi steam oven <\/strong>is made of high quality stainless steel. This makes it resistant to mechanical damage and non-reactive with food. It features an 8-inch touchscreen and an <strong>intuitive control panel. <\/strong>The handle is located on the left side of the door.<\/p>\n<h3><b>Key benefits of a combi-steam oven:<\/b><\/h3>\n<table>\n<tbody>\n<tr>\n<td>\n<ul>\n<li><strong>Efficiency<\/strong> &#8211; high quality ready meals, regardless of the size of the portions in the oven. A special drainage system and a built-in recuperator reduce water consumption. The operation of the boiler generates steam in the furnace.<\/li>\n<\/ul>\n<\/td>\n<\/tr>\n<tr>\n<td>\n<ul>\n<li><strong>Construction<\/strong> &#8211; the body is made of AISI 304\/316 stainless steel, ensuring resistance to mechanical damage. Intuitive, touch-sensitive control panel, durable and hygienic oven chamber made of high quality stainless steel. The oven can hold 12 GN 1\/1 dishes at a time. The unit has LED lighting.<\/li>\n<\/ul>\n<\/td>\n<\/tr>\n<tr>\n<td>\n<ul>\n<li><strong>Performance<\/strong> &#8211; Steam speeds up heat treatment and prevents moisture loss in prepared food. The oven has 1000 programmes in 20 stages, 7 fan speeds and a fan stop function. Automatic preheating\/cooling reduces the temperature drop at the start of processing. <strong>The rounded corners make it easier to clean the cooker.<\/strong><\/li>\n<\/ul>\n<\/td>\n<\/tr>\n<tr>\n<td>\n<ul>\n<li><strong>Energy saving &#8211;<\/strong> excellent insulation to prevent temperature loss, triple-glazed furnace chamber door, insulating window and lock in open position.<\/li>\n<\/ul>\n<\/td>\n<\/tr>\n<\/tbody>\n<\/table>\n<p>The <strong>combination steam oven ensures<\/strong>that dishes do not lose their nutrients and retain their intense colour. A professional oven is an essential appliance in <strong>bakeries, supermarkets, catering companies, hotels, pizzerias, kebab shops<\/strong> and <strong> restaurants.<\/strong><\/p>\n<p><strong>The unit is manufactured in accordance with European Union standards.<\/strong><\/p>\n<p><strong>The furnace comes with a 3-year warranty, provided it is installed by an authorised service centre.<\/strong><\/p>\n","protected":false},"excerpt":{"rendered":"<div class=\"product__parameter__name\"><strong><span class=\"product__parameter__name__text\"><img decoding=\"async\" class=\"alignnone wp-image-7601\" src=\"https:\/\/www.monaxis.lt\/wp-content\/uploads\/2023\/03\/delivery-1-150x150.png\" alt=\"\" width=\"23\" height=\"23\" srcset=\"https:\/\/www.monaxis.lt\/wp-content\/uploads\/2023\/03\/delivery-1-150x150.png 150w, https:\/\/www.monaxis.lt\/wp-content\/uploads\/2023\/03\/delivery-1-300x300.png 300w, https:\/\/www.monaxis.lt\/wp-content\/uploads\/2023\/03\/delivery-1.png 512w\" sizes=\"(max-width: 23px) 100vw, 23px\" \/> Delivery <\/span><\/strong><\/div>\n<div class=\"product__parameter__value\"><span class=\"product__parameter__value__text\" style=\"font-size: 75%;\">     <strong>   <span style=\"color: #999999;\">  7-10 d.d.<\/span><\/strong><\/span><\/div>\n<div class=\"product__parameter__name\">\n<div>\n<div class=\"product__parameter__name\">\n<div class=\"product__parameter__value\">\n<hr>\n<\/div>\n<p><strong><img decoding=\"async\" class=\"alignnone wp-image-7810\" src=\"https:\/\/www.monaxis.lt\/wp-content\/uploads\/2023\/01\/komplektuojama.png\" alt=\"\" width=\"23\" height=\"23\"> Comes with<\/strong><br \/>\n<strong><span style=\"font-size: 75%; color: #999999;\">  Retigo convection oven &#8211; 1pc<\/span><\/strong><br \/>\n<strong><span style=\"font-size: 75%; color: #999999;\"> Warranty card<\/span><\/strong><br \/>\n<strong><span style=\"font-size: 75%; color: #999999;\"> Proof of purchase &#8211; Receipt \/ FV<\/span><\/strong><\/p>\n<\/div>\n<\/div>\n<\/div>\n","protected":false},"featured_media":15812,"comment_status":"open","ping_status":"closed","template":"","meta":[],"product_brand":[],"product_cat":[250],"product_tag":[],"class_list":{"0":"post-15815","1":"product","2":"type-product","3":"status-publish","4":"has-post-thumbnail","6":"product_cat-convection-ovens","7":"pa_aukstis-134cm-en","8":"pa_bukle-new-en","9":"pa_galingumas-37-1kw-en","10":"pa_galios-tipas-dujinis-en","11":"pa_ilgis-111cm-en","12":"pa_plotis-96cm-en","13":"pa_temperaturos-diapazonas-c-30-300c-en","14":"pa_valdymas-electronics-en","15":"pa_valymo-funkcija-yes-en","17":"first","18":"onbackorder","19":"taxable","20":"shipping-taxable","21":"product-type-simple"},"yoast_head":"<!-- This site is optimized with the Yoast SEO plugin v27.1.1 - https:\/\/yoast.com\/product\/yoast-seo-wordpress\/ -->\n<title>Convection oven with steam function RETIGO B1221b 12 GN 2\/1 37.1kW | Monaxis<\/title>\n<meta name=\"robots\" content=\"index, follow, max-snippet:-1, max-image-preview:large, max-video-preview:-1\" \/>\n<link rel=\"canonical\" href=\"https:\/\/www.monaxis.lt\/en\/parduotuve\/convection-oven-with-steam-function-retigo-b1221b-12-gn-2-1-37-1kw\/\" \/>\n<meta property=\"og:locale\" content=\"en_US\" \/>\n<meta property=\"og:type\" content=\"article\" \/>\n<meta property=\"og:title\" content=\"Convection oven with steam function RETIGO B1221b 12 GN 2\/1 37.1kW | Monaxis\" \/>\n<meta property=\"og:description\" content=\"Delivery      7-10 d.d.     Comes with  Retigo convection oven - 1pc Warranty card Proof of purchase - Receipt \/ FV\" \/>\n<meta property=\"og:url\" content=\"https:\/\/www.monaxis.lt\/en\/parduotuve\/convection-oven-with-steam-function-retigo-b1221b-12-gn-2-1-37-1kw\/\" \/>\n<meta property=\"og:site_name\" content=\"Monaxis\" \/>\n<meta property=\"article:modified_time\" content=\"2024-03-23T09:18:27+00:00\" \/>\n<meta property=\"og:image\" content=\"https:\/\/www.monaxis.lt\/wp-content\/uploads\/2024\/03\/Konvekcine-orkaite-su-garu-funkcija-RETIGO-B1221b-12-GN-21-37.1kW-1.webp\" \/>\n\t<meta property=\"og:image:width\" content=\"709\" \/>\n\t<meta property=\"og:image:height\" content=\"801\" \/>\n\t<meta property=\"og:image:type\" content=\"image\/webp\" \/>\n<meta name=\"twitter:card\" content=\"summary_large_image\" \/>\n<meta name=\"twitter:label1\" content=\"Est. reading time\" \/>\n\t<meta name=\"twitter:data1\" content=\"2 minutes\" \/>\n<script type=\"application\/ld+json\" class=\"yoast-schema-graph\">{\"@context\":\"https:\/\/schema.org\",\"@graph\":[{\"@type\":\"WebPage\",\"@id\":\"https:\/\/www.monaxis.lt\/en\/parduotuve\/convection-oven-with-steam-function-retigo-b1221b-12-gn-2-1-37-1kw\/\",\"url\":\"https:\/\/www.monaxis.lt\/en\/parduotuve\/convection-oven-with-steam-function-retigo-b1221b-12-gn-2-1-37-1kw\/\",\"name\":\"Convection oven with steam function RETIGO B1221b 12 GN 2\/1 37.1kW | Monaxis\",\"isPartOf\":{\"@id\":\"https:\/\/www.monaxis.lt\/en\/#website\"},\"primaryImageOfPage\":{\"@id\":\"https:\/\/www.monaxis.lt\/en\/parduotuve\/convection-oven-with-steam-function-retigo-b1221b-12-gn-2-1-37-1kw\/#primaryimage\"},\"image\":{\"@id\":\"https:\/\/www.monaxis.lt\/en\/parduotuve\/convection-oven-with-steam-function-retigo-b1221b-12-gn-2-1-37-1kw\/#primaryimage\"},\"thumbnailUrl\":\"https:\/\/www.monaxis.lt\/wp-content\/uploads\/2024\/03\/Konvekcine-orkaite-su-garu-funkcija-RETIGO-B1221b-12-GN-21-37.1kW-1.webp\",\"datePublished\":\"2024-03-21T12:15:06+00:00\",\"dateModified\":\"2024-03-23T09:18:27+00:00\",\"breadcrumb\":{\"@id\":\"https:\/\/www.monaxis.lt\/en\/parduotuve\/convection-oven-with-steam-function-retigo-b1221b-12-gn-2-1-37-1kw\/#breadcrumb\"},\"inLanguage\":\"en-US\",\"potentialAction\":[{\"@type\":\"ReadAction\",\"target\":[\"https:\/\/www.monaxis.lt\/en\/parduotuve\/convection-oven-with-steam-function-retigo-b1221b-12-gn-2-1-37-1kw\/\"]}]},{\"@type\":\"ImageObject\",\"inLanguage\":\"en-US\",\"@id\":\"https:\/\/www.monaxis.lt\/en\/parduotuve\/convection-oven-with-steam-function-retigo-b1221b-12-gn-2-1-37-1kw\/#primaryimage\",\"url\":\"https:\/\/www.monaxis.lt\/wp-content\/uploads\/2024\/03\/Konvekcine-orkaite-su-garu-funkcija-RETIGO-B1221b-12-GN-21-37.1kW-1.webp\",\"contentUrl\":\"https:\/\/www.monaxis.lt\/wp-content\/uploads\/2024\/03\/Konvekcine-orkaite-su-garu-funkcija-RETIGO-B1221b-12-GN-21-37.1kW-1.webp\",\"width\":709,\"height\":801},{\"@type\":\"BreadcrumbList\",\"@id\":\"https:\/\/www.monaxis.lt\/en\/parduotuve\/convection-oven-with-steam-function-retigo-b1221b-12-gn-2-1-37-1kw\/#breadcrumb\",\"itemListElement\":[{\"@type\":\"ListItem\",\"position\":1,\"name\":\"Pagrindinis\",\"item\":\"https:\/\/www.monaxis.lt\/en\/\"},{\"@type\":\"ListItem\",\"position\":2,\"name\":\"Shop\",\"item\":\"https:\/\/www.monaxis.lt\/en\/shop\/\"},{\"@type\":\"ListItem\",\"position\":3,\"name\":\"Industrial kitchen equipment\",\"item\":\"https:\/\/www.monaxis.lt\/en\/produkto-kategorija\/industrial-kitchen-equipment\/\"},{\"@type\":\"ListItem\",\"position\":4,\"name\":\"Food heating and cooking equipment\",\"item\":\"https:\/\/www.monaxis.lt\/en\/produkto-kategorija\/industrial-kitchen-equipment\/food-heating-and-cooking-equipment\/\"},{\"@type\":\"ListItem\",\"position\":5,\"name\":\"Convection ovens\",\"item\":\"https:\/\/www.monaxis.lt\/en\/produkto-kategorija\/industrial-kitchen-equipment\/food-heating-and-cooking-equipment\/convection-ovens\/\"},{\"@type\":\"ListItem\",\"position\":6,\"name\":\"Convection oven with steam function RETIGO B1221b 12 GN 2\/1 37.1kW\"}]},{\"@type\":\"WebSite\",\"@id\":\"https:\/\/www.monaxis.lt\/en\/#website\",\"url\":\"https:\/\/www.monaxis.lt\/en\/\",\"name\":\"Monaxis\",\"description\":\"Prekybin\u0117, bei \u0161aldymo \u012franga\",\"publisher\":{\"@id\":\"https:\/\/www.monaxis.lt\/en\/#organization\"},\"potentialAction\":[{\"@type\":\"SearchAction\",\"target\":{\"@type\":\"EntryPoint\",\"urlTemplate\":\"https:\/\/www.monaxis.lt\/en\/?s={search_term_string}\"},\"query-input\":{\"@type\":\"PropertyValueSpecification\",\"valueRequired\":true,\"valueName\":\"search_term_string\"}}],\"inLanguage\":\"en-US\"},{\"@type\":\"Organization\",\"@id\":\"https:\/\/www.monaxis.lt\/en\/#organization\",\"name\":\"Monaxis\",\"url\":\"https:\/\/www.monaxis.lt\/en\/\",\"logo\":{\"@type\":\"ImageObject\",\"inLanguage\":\"en-US\",\"@id\":\"https:\/\/www.monaxis.lt\/en\/#\/schema\/logo\/image\/\",\"url\":\"https:\/\/www.monaxis.lt\/wp-content\/uploads\/2023\/03\/logo-1.png\",\"contentUrl\":\"https:\/\/www.monaxis.lt\/wp-content\/uploads\/2023\/03\/logo-1.png\",\"width\":205,\"height\":58,\"caption\":\"Monaxis\"},\"image\":{\"@id\":\"https:\/\/www.monaxis.lt\/en\/#\/schema\/logo\/image\/\"}}]}<\/script>\n<!-- \/ Yoast SEO plugin. -->","yoast_head_json":{"title":"Convection oven with steam function RETIGO B1221b 12 GN 2\/1 37.1kW | Monaxis","robots":{"index":"index","follow":"follow","max-snippet":"max-snippet:-1","max-image-preview":"max-image-preview:large","max-video-preview":"max-video-preview:-1"},"canonical":"https:\/\/www.monaxis.lt\/en\/parduotuve\/convection-oven-with-steam-function-retigo-b1221b-12-gn-2-1-37-1kw\/","og_locale":"en_US","og_type":"article","og_title":"Convection oven with steam function RETIGO B1221b 12 GN 2\/1 37.1kW | Monaxis","og_description":"Delivery      7-10 d.d.     Comes with  Retigo convection oven - 1pc Warranty card Proof of purchase - Receipt \/ FV","og_url":"https:\/\/www.monaxis.lt\/en\/parduotuve\/convection-oven-with-steam-function-retigo-b1221b-12-gn-2-1-37-1kw\/","og_site_name":"Monaxis","article_modified_time":"2024-03-23T09:18:27+00:00","og_image":[{"width":709,"height":801,"url":"https:\/\/www.monaxis.lt\/wp-content\/uploads\/2024\/03\/Konvekcine-orkaite-su-garu-funkcija-RETIGO-B1221b-12-GN-21-37.1kW-1.webp","type":"image\/webp"}],"twitter_card":"summary_large_image","twitter_misc":{"Est. reading time":"2 minutes"},"schema":{"@context":"https:\/\/schema.org","@graph":[{"@type":"WebPage","@id":"https:\/\/www.monaxis.lt\/en\/parduotuve\/convection-oven-with-steam-function-retigo-b1221b-12-gn-2-1-37-1kw\/","url":"https:\/\/www.monaxis.lt\/en\/parduotuve\/convection-oven-with-steam-function-retigo-b1221b-12-gn-2-1-37-1kw\/","name":"Convection oven with steam function RETIGO B1221b 12 GN 2\/1 37.1kW | Monaxis","isPartOf":{"@id":"https:\/\/www.monaxis.lt\/en\/#website"},"primaryImageOfPage":{"@id":"https:\/\/www.monaxis.lt\/en\/parduotuve\/convection-oven-with-steam-function-retigo-b1221b-12-gn-2-1-37-1kw\/#primaryimage"},"image":{"@id":"https:\/\/www.monaxis.lt\/en\/parduotuve\/convection-oven-with-steam-function-retigo-b1221b-12-gn-2-1-37-1kw\/#primaryimage"},"thumbnailUrl":"https:\/\/www.monaxis.lt\/wp-content\/uploads\/2024\/03\/Konvekcine-orkaite-su-garu-funkcija-RETIGO-B1221b-12-GN-21-37.1kW-1.webp","datePublished":"2024-03-21T12:15:06+00:00","dateModified":"2024-03-23T09:18:27+00:00","breadcrumb":{"@id":"https:\/\/www.monaxis.lt\/en\/parduotuve\/convection-oven-with-steam-function-retigo-b1221b-12-gn-2-1-37-1kw\/#breadcrumb"},"inLanguage":"en-US","potentialAction":[{"@type":"ReadAction","target":["https:\/\/www.monaxis.lt\/en\/parduotuve\/convection-oven-with-steam-function-retigo-b1221b-12-gn-2-1-37-1kw\/"]}]},{"@type":"ImageObject","inLanguage":"en-US","@id":"https:\/\/www.monaxis.lt\/en\/parduotuve\/convection-oven-with-steam-function-retigo-b1221b-12-gn-2-1-37-1kw\/#primaryimage","url":"https:\/\/www.monaxis.lt\/wp-content\/uploads\/2024\/03\/Konvekcine-orkaite-su-garu-funkcija-RETIGO-B1221b-12-GN-21-37.1kW-1.webp","contentUrl":"https:\/\/www.monaxis.lt\/wp-content\/uploads\/2024\/03\/Konvekcine-orkaite-su-garu-funkcija-RETIGO-B1221b-12-GN-21-37.1kW-1.webp","width":709,"height":801},{"@type":"BreadcrumbList","@id":"https:\/\/www.monaxis.lt\/en\/parduotuve\/convection-oven-with-steam-function-retigo-b1221b-12-gn-2-1-37-1kw\/#breadcrumb","itemListElement":[{"@type":"ListItem","position":1,"name":"Pagrindinis","item":"https:\/\/www.monaxis.lt\/en\/"},{"@type":"ListItem","position":2,"name":"Shop","item":"https:\/\/www.monaxis.lt\/en\/shop\/"},{"@type":"ListItem","position":3,"name":"Industrial kitchen equipment","item":"https:\/\/www.monaxis.lt\/en\/produkto-kategorija\/industrial-kitchen-equipment\/"},{"@type":"ListItem","position":4,"name":"Food heating and cooking equipment","item":"https:\/\/www.monaxis.lt\/en\/produkto-kategorija\/industrial-kitchen-equipment\/food-heating-and-cooking-equipment\/"},{"@type":"ListItem","position":5,"name":"Convection ovens","item":"https:\/\/www.monaxis.lt\/en\/produkto-kategorija\/industrial-kitchen-equipment\/food-heating-and-cooking-equipment\/convection-ovens\/"},{"@type":"ListItem","position":6,"name":"Convection oven with steam function RETIGO B1221b 12 GN 2\/1 37.1kW"}]},{"@type":"WebSite","@id":"https:\/\/www.monaxis.lt\/en\/#website","url":"https:\/\/www.monaxis.lt\/en\/","name":"Monaxis","description":"Prekybin\u0117, bei \u0161aldymo \u012franga","publisher":{"@id":"https:\/\/www.monaxis.lt\/en\/#organization"},"potentialAction":[{"@type":"SearchAction","target":{"@type":"EntryPoint","urlTemplate":"https:\/\/www.monaxis.lt\/en\/?s={search_term_string}"},"query-input":{"@type":"PropertyValueSpecification","valueRequired":true,"valueName":"search_term_string"}}],"inLanguage":"en-US"},{"@type":"Organization","@id":"https:\/\/www.monaxis.lt\/en\/#organization","name":"Monaxis","url":"https:\/\/www.monaxis.lt\/en\/","logo":{"@type":"ImageObject","inLanguage":"en-US","@id":"https:\/\/www.monaxis.lt\/en\/#\/schema\/logo\/image\/","url":"https:\/\/www.monaxis.lt\/wp-content\/uploads\/2023\/03\/logo-1.png","contentUrl":"https:\/\/www.monaxis.lt\/wp-content\/uploads\/2023\/03\/logo-1.png","width":205,"height":58,"caption":"Monaxis"},"image":{"@id":"https:\/\/www.monaxis.lt\/en\/#\/schema\/logo\/image\/"}}]}},"_links":{"self":[{"href":"https:\/\/www.monaxis.lt\/en\/wp-json\/wp\/v2\/product\/15815","targetHints":{"allow":["GET"]}}],"collection":[{"href":"https:\/\/www.monaxis.lt\/en\/wp-json\/wp\/v2\/product"}],"about":[{"href":"https:\/\/www.monaxis.lt\/en\/wp-json\/wp\/v2\/types\/product"}],"replies":[{"embeddable":true,"href":"https:\/\/www.monaxis.lt\/en\/wp-json\/wp\/v2\/comments?post=15815"}],"wp:featuredmedia":[{"embeddable":true,"href":"https:\/\/www.monaxis.lt\/en\/wp-json\/wp\/v2\/media\/15812"}],"wp:attachment":[{"href":"https:\/\/www.monaxis.lt\/en\/wp-json\/wp\/v2\/media?parent=15815"}],"wp:term":[{"taxonomy":"product_brand","embeddable":true,"href":"https:\/\/www.monaxis.lt\/en\/wp-json\/wp\/v2\/product_brand?post=15815"},{"taxonomy":"product_cat","embeddable":true,"href":"https:\/\/www.monaxis.lt\/en\/wp-json\/wp\/v2\/product_cat?post=15815"},{"taxonomy":"product_tag","embeddable":true,"href":"https:\/\/www.monaxis.lt\/en\/wp-json\/wp\/v2\/product_tag?post=15815"}],"curies":[{"name":"wp","href":"https:\/\/api.w.org\/{rel}","templated":true}]}}