{"id":16826,"date":"2024-04-12T09:53:49","date_gmt":"2024-04-12T06:53:49","guid":{"rendered":"https:\/\/www.monaxis.lt\/?post_type=product&#038;p=16826"},"modified":"2026-03-21T14:38:56","modified_gmt":"2026-03-21T12:38:56","slug":"stainless-steel-table-with-drawers-150x60x85cm-kopija-2","status":"publish","type":"product","link":"https:\/\/www.monaxis.lt\/en\/parduotuve\/stainless-steel-table-with-drawers-150x60x85cm-kopija-2\/","title":{"rendered":"Stainless steel table with drawers 180x60x85cm"},"content":{"rendered":"<h3><b style=\"color: #555555; font-size: 14.4px;\"> <\/b><b>Functional work desk with shelf and drawers 180x60x85  <\/b><\/h3>\n<p>The <strong>Mega-M catering table with shelf and drawers is made of stainless steel,<\/strong> resistant to mechanical damage and corrosion. The table <strong>has 3 aesthetic and functional drawers and a shelf in the lower part.<\/strong> Its adjustable legs allow you to adapt the table to uneven floors in your kitchen or shop. This stainless steel furniture is <strong> ideal for restaurants, bars and other catering establishments, as well as bakeries and grocery stores. <\/strong> The catering table has the added advantage of a <strong>10 cm edge to<\/strong> protect the back wall of the table from dirt.<\/p>\n<h3><b>Key benefits of a catering table:<\/b><\/h3>\n<table>\n<tbody>\n<tr>\n<td>\n<ul>\n<li><b>Easy to clean &#8211;<\/b> the stainless steel table can be washed <strong>under running water<\/strong> and <strong>cleaned with chemicals<\/strong>. In this way, it retains its original appearance and clean surface.<\/li>\n<\/ul>\n<\/td>\n<td>\n<ul>\n<li><strong>Additional storage space <\/strong><b><br \/>\n  <strong>&#8211;<\/strong><br \/>\n<\/b> very valuable in every professional kitchen, thanks to the <strong>lower shelf and three drawers<\/strong> &gt;.<\/li>\n<\/ul>\n<\/td>\n<\/tr>\n<tr>\n<td>\n<ul>\n<li><strong>Durability &#8211; the<\/strong> top of the catering table is reinforced with <strong>10 mm thick MDF and <\/strong> a<strong>38&#215;38 mm<\/strong> steel profile.<\/li>\n<\/ul>\n<\/td>\n<td>\n<ul>\n<li><b>Service life &#8211;<\/b> The stainless steel table is characterised by a very high level of hygiene, <strong>resistance to corrosion<\/strong>, <strong>mechanical damage<\/strong> and <strong>high temperatures.<\/strong><\/li>\n<\/ul>\n<\/td>\n<\/tr>\n<tr>\n<td>\n<ul>\n<li><b>Easy assembly &#8211;<\/b> thanks to its well-thought-out and intuitive design, <strong>folding the table is no problem.<\/strong><\/li>\n<\/ul>\n<\/td>\n<td>\n<ul>\n<li><b>Stability &#8211;<\/b> thanks to the <strong>adjustable <\/strong><b>legs <\/b><strong>which<\/strong> allow you to compensate for any unevenness.<\/li>\n<\/ul>\n<\/td>\n<\/tr>\n<tr>\n<td>\n<ul>\n<li><strong>Aesthetic finish &#8211; the<\/strong> work table with shelf and drawers <strong>is perfect for any<\/strong> catering area.<\/li>\n<\/ul>\n<\/td>\n<td><\/td>\n<\/tr>\n<\/tbody>\n<\/table>\n<h3><b style=\"color: #555555; font-size: 14.4px;\">Food contact approved, manufactured according to EU standards<\/b><\/h3>\n","protected":false},"excerpt":{"rendered":"<div class=\"product__parameter__name\"><strong><span class=\"product__parameter__name__text\"><img decoding=\"async\" class=\"alignnone wp-image-7601\" src=\"https:\/\/www.monaxis.lt\/wp-content\/uploads\/2023\/03\/delivery-1-150x150.png\" alt=\"\" width=\"23\" height=\"23\" srcset=\"https:\/\/www.monaxis.lt\/wp-content\/uploads\/2023\/03\/delivery-1-150x150.png 150w, https:\/\/www.monaxis.lt\/wp-content\/uploads\/2023\/03\/delivery-1-300x300.png 300w, https:\/\/www.monaxis.lt\/wp-content\/uploads\/2023\/03\/delivery-1.png 512w\" sizes=\"(max-width: 23px) 100vw, 23px\" \/> Delivery <\/span><\/strong><\/div>\n<div class=\"product__parameter__value\"><span class=\"product__parameter__value__text\" style=\"font-size: 75%;\">     <strong>   <span style=\"color: #999999;\"> 2-10 d.d.<\/span><\/strong><\/span><\/div>\n<div class=\"product__parameter__value\">\n<hr>\n<\/div>\n<p><strong><img decoding=\"async\" class=\"alignnone wp-image-7810\" src=\"https:\/\/www.monaxis.lt\/wp-content\/uploads\/2023\/01\/komplektuojama.png\" alt=\"\" width=\"23\" height=\"23\"> Comes with<\/strong><br \/>\n<strong><span style=\"font-size: 75%; color: #999999;\"> Stainless steel table<\/span><\/strong><br \/>\n<strong><span style=\"font-size: 75%; color: #999999;\"> User Guide<\/span><\/strong><br \/>\n<strong><span style=\"font-size: 75%; color: #999999;\"> Warranty card<\/span><\/strong><br \/>\n<strong><span style=\"font-size: 75%; color: #999999;\"> Proof of purchase &#8211; Receipt \/ FV<\/span><\/strong><\/p>\n","protected":false},"featured_media":19658,"comment_status":"open","ping_status":"closed","template":"","meta":[],"product_brand":[],"product_cat":[216],"product_tag":[],"class_list":{"0":"post-16826","1":"product","2":"type-product","3":"status-publish","4":"has-post-thumbnail","6":"product_cat-stainless-steel-tables","7":"pa_aukstis-85cm-en","8":"pa_bukle-new-en","9":"pa_ilgis-180cm-en","10":"pa_plotis-60cm-en","12":"first","13":"onbackorder","14":"taxable","15":"shipping-taxable","16":"product-type-simple"},"yoast_head":"<!-- This site is optimized with the Yoast SEO plugin v27.1.1 - https:\/\/yoast.com\/product\/yoast-seo-wordpress\/ -->\n<title>Stainless steel table with drawers 180x60x85cm | Monaxis<\/title>\n<meta name=\"robots\" content=\"index, follow, max-snippet:-1, max-image-preview:large, max-video-preview:-1\" \/>\n<link rel=\"canonical\" href=\"https:\/\/www.monaxis.lt\/en\/parduotuve\/stainless-steel-table-with-drawers-150x60x85cm-kopija-2\/\" \/>\n<meta property=\"og:locale\" content=\"en_US\" \/>\n<meta property=\"og:type\" content=\"article\" \/>\n<meta property=\"og:title\" content=\"Stainless steel table with drawers 180x60x85cm | Monaxis\" \/>\n<meta property=\"og:description\" content=\"Delivery      2-10 d.d.    Comes with Stainless steel table User Guide Warranty card Proof of purchase - Receipt \/ FV\" \/>\n<meta property=\"og:url\" content=\"https:\/\/www.monaxis.lt\/en\/parduotuve\/stainless-steel-table-with-drawers-150x60x85cm-kopija-2\/\" \/>\n<meta property=\"og:site_name\" content=\"Monaxis\" \/>\n<meta property=\"article:modified_time\" content=\"2026-03-21T12:38:56+00:00\" \/>\n<meta property=\"og:image\" content=\"https:\/\/www.monaxis.lt\/wp-content\/uploads\/2024\/04\/Nerudijancio-plieno-stalas-su-stalciais-180x70x85cm-1.webp\" \/>\n\t<meta property=\"og:image:width\" content=\"1024\" \/>\n\t<meta property=\"og:image:height\" content=\"1024\" \/>\n\t<meta property=\"og:image:type\" content=\"image\/webp\" \/>\n<meta name=\"twitter:card\" content=\"summary_large_image\" \/>\n<meta name=\"twitter:label1\" content=\"Est. reading time\" \/>\n\t<meta name=\"twitter:data1\" content=\"2 minutes\" \/>\n<script type=\"application\/ld+json\" class=\"yoast-schema-graph\">{\"@context\":\"https:\/\/schema.org\",\"@graph\":[{\"@type\":\"WebPage\",\"@id\":\"https:\/\/www.monaxis.lt\/en\/parduotuve\/stainless-steel-table-with-drawers-150x60x85cm-kopija-2\/\",\"url\":\"https:\/\/www.monaxis.lt\/en\/parduotuve\/stainless-steel-table-with-drawers-150x60x85cm-kopija-2\/\",\"name\":\"Stainless steel table with drawers 180x60x85cm | Monaxis\",\"isPartOf\":{\"@id\":\"https:\/\/www.monaxis.lt\/en\/#website\"},\"primaryImageOfPage\":{\"@id\":\"https:\/\/www.monaxis.lt\/en\/parduotuve\/stainless-steel-table-with-drawers-150x60x85cm-kopija-2\/#primaryimage\"},\"image\":{\"@id\":\"https:\/\/www.monaxis.lt\/en\/parduotuve\/stainless-steel-table-with-drawers-150x60x85cm-kopija-2\/#primaryimage\"},\"thumbnailUrl\":\"https:\/\/www.monaxis.lt\/wp-content\/uploads\/2024\/04\/Nerudijancio-plieno-stalas-su-stalciais-180x70x85cm-1.webp\",\"datePublished\":\"2024-04-12T06:53:49+00:00\",\"dateModified\":\"2026-03-21T12:38:56+00:00\",\"breadcrumb\":{\"@id\":\"https:\/\/www.monaxis.lt\/en\/parduotuve\/stainless-steel-table-with-drawers-150x60x85cm-kopija-2\/#breadcrumb\"},\"inLanguage\":\"en-US\",\"potentialAction\":[{\"@type\":\"ReadAction\",\"target\":[\"https:\/\/www.monaxis.lt\/en\/parduotuve\/stainless-steel-table-with-drawers-150x60x85cm-kopija-2\/\"]}]},{\"@type\":\"ImageObject\",\"inLanguage\":\"en-US\",\"@id\":\"https:\/\/www.monaxis.lt\/en\/parduotuve\/stainless-steel-table-with-drawers-150x60x85cm-kopija-2\/#primaryimage\",\"url\":\"https:\/\/www.monaxis.lt\/wp-content\/uploads\/2024\/04\/Nerudijancio-plieno-stalas-su-stalciais-180x70x85cm-1.webp\",\"contentUrl\":\"https:\/\/www.monaxis.lt\/wp-content\/uploads\/2024\/04\/Nerudijancio-plieno-stalas-su-stalciais-180x70x85cm-1.webp\",\"width\":1024,\"height\":1024},{\"@type\":\"BreadcrumbList\",\"@id\":\"https:\/\/www.monaxis.lt\/en\/parduotuve\/stainless-steel-table-with-drawers-150x60x85cm-kopija-2\/#breadcrumb\",\"itemListElement\":[{\"@type\":\"ListItem\",\"position\":1,\"name\":\"Pagrindinis\",\"item\":\"https:\/\/www.monaxis.lt\/en\/\"},{\"@type\":\"ListItem\",\"position\":2,\"name\":\"Shop\",\"item\":\"https:\/\/www.monaxis.lt\/en\/shop\/\"},{\"@type\":\"ListItem\",\"position\":3,\"name\":\"Technologin\u0117 \u012franga\",\"item\":\"https:\/\/www.monaxis.lt\/produkto-kategorija\/pramonine-virtuves-iranga\/\"},{\"@type\":\"ListItem\",\"position\":4,\"name\":\"Ner\u016bdijan\u010dio plieno baldai\",\"item\":\"https:\/\/www.monaxis.lt\/produkto-kategorija\/pramonine-virtuves-iranga\/nerudijancio-plieno-baldai\/\"},{\"@type\":\"ListItem\",\"position\":5,\"name\":\"Ner\u016bdijan\u010dio plieno stalai\",\"item\":\"https:\/\/www.monaxis.lt\/produkto-kategorija\/pramonine-virtuves-iranga\/nerudijancio-plieno-baldai\/nerudijancio-plieno-stalai\/\"},{\"@type\":\"ListItem\",\"position\":6,\"name\":\"Stainless steel table with drawers 180x60x85cm\"}]},{\"@type\":\"WebSite\",\"@id\":\"https:\/\/www.monaxis.lt\/en\/#website\",\"url\":\"https:\/\/www.monaxis.lt\/en\/\",\"name\":\"Monaxis\",\"description\":\"Prekybin\u0117, bei \u0161aldymo \u012franga\",\"publisher\":{\"@id\":\"https:\/\/www.monaxis.lt\/en\/#organization\"},\"potentialAction\":[{\"@type\":\"SearchAction\",\"target\":{\"@type\":\"EntryPoint\",\"urlTemplate\":\"https:\/\/www.monaxis.lt\/en\/?s={search_term_string}\"},\"query-input\":{\"@type\":\"PropertyValueSpecification\",\"valueRequired\":true,\"valueName\":\"search_term_string\"}}],\"inLanguage\":\"en-US\"},{\"@type\":\"Organization\",\"@id\":\"https:\/\/www.monaxis.lt\/en\/#organization\",\"name\":\"Monaxis\",\"url\":\"https:\/\/www.monaxis.lt\/en\/\",\"logo\":{\"@type\":\"ImageObject\",\"inLanguage\":\"en-US\",\"@id\":\"https:\/\/www.monaxis.lt\/en\/#\/schema\/logo\/image\/\",\"url\":\"https:\/\/www.monaxis.lt\/wp-content\/uploads\/2023\/03\/logo-1.png\",\"contentUrl\":\"https:\/\/www.monaxis.lt\/wp-content\/uploads\/2023\/03\/logo-1.png\",\"width\":205,\"height\":58,\"caption\":\"Monaxis\"},\"image\":{\"@id\":\"https:\/\/www.monaxis.lt\/en\/#\/schema\/logo\/image\/\"}}]}<\/script>\n<!-- \/ Yoast SEO plugin. -->","yoast_head_json":{"title":"Stainless steel table with drawers 180x60x85cm | Monaxis","robots":{"index":"index","follow":"follow","max-snippet":"max-snippet:-1","max-image-preview":"max-image-preview:large","max-video-preview":"max-video-preview:-1"},"canonical":"https:\/\/www.monaxis.lt\/en\/parduotuve\/stainless-steel-table-with-drawers-150x60x85cm-kopija-2\/","og_locale":"en_US","og_type":"article","og_title":"Stainless steel table with drawers 180x60x85cm | Monaxis","og_description":"Delivery      2-10 d.d.    Comes with Stainless steel table User Guide Warranty card Proof of purchase - Receipt \/ FV","og_url":"https:\/\/www.monaxis.lt\/en\/parduotuve\/stainless-steel-table-with-drawers-150x60x85cm-kopija-2\/","og_site_name":"Monaxis","article_modified_time":"2026-03-21T12:38:56+00:00","og_image":[{"width":1024,"height":1024,"url":"https:\/\/www.monaxis.lt\/wp-content\/uploads\/2024\/04\/Nerudijancio-plieno-stalas-su-stalciais-180x70x85cm-1.webp","type":"image\/webp"}],"twitter_card":"summary_large_image","twitter_misc":{"Est. reading time":"2 minutes"},"schema":{"@context":"https:\/\/schema.org","@graph":[{"@type":"WebPage","@id":"https:\/\/www.monaxis.lt\/en\/parduotuve\/stainless-steel-table-with-drawers-150x60x85cm-kopija-2\/","url":"https:\/\/www.monaxis.lt\/en\/parduotuve\/stainless-steel-table-with-drawers-150x60x85cm-kopija-2\/","name":"Stainless steel table with drawers 180x60x85cm | Monaxis","isPartOf":{"@id":"https:\/\/www.monaxis.lt\/en\/#website"},"primaryImageOfPage":{"@id":"https:\/\/www.monaxis.lt\/en\/parduotuve\/stainless-steel-table-with-drawers-150x60x85cm-kopija-2\/#primaryimage"},"image":{"@id":"https:\/\/www.monaxis.lt\/en\/parduotuve\/stainless-steel-table-with-drawers-150x60x85cm-kopija-2\/#primaryimage"},"thumbnailUrl":"https:\/\/www.monaxis.lt\/wp-content\/uploads\/2024\/04\/Nerudijancio-plieno-stalas-su-stalciais-180x70x85cm-1.webp","datePublished":"2024-04-12T06:53:49+00:00","dateModified":"2026-03-21T12:38:56+00:00","breadcrumb":{"@id":"https:\/\/www.monaxis.lt\/en\/parduotuve\/stainless-steel-table-with-drawers-150x60x85cm-kopija-2\/#breadcrumb"},"inLanguage":"en-US","potentialAction":[{"@type":"ReadAction","target":["https:\/\/www.monaxis.lt\/en\/parduotuve\/stainless-steel-table-with-drawers-150x60x85cm-kopija-2\/"]}]},{"@type":"ImageObject","inLanguage":"en-US","@id":"https:\/\/www.monaxis.lt\/en\/parduotuve\/stainless-steel-table-with-drawers-150x60x85cm-kopija-2\/#primaryimage","url":"https:\/\/www.monaxis.lt\/wp-content\/uploads\/2024\/04\/Nerudijancio-plieno-stalas-su-stalciais-180x70x85cm-1.webp","contentUrl":"https:\/\/www.monaxis.lt\/wp-content\/uploads\/2024\/04\/Nerudijancio-plieno-stalas-su-stalciais-180x70x85cm-1.webp","width":1024,"height":1024},{"@type":"BreadcrumbList","@id":"https:\/\/www.monaxis.lt\/en\/parduotuve\/stainless-steel-table-with-drawers-150x60x85cm-kopija-2\/#breadcrumb","itemListElement":[{"@type":"ListItem","position":1,"name":"Pagrindinis","item":"https:\/\/www.monaxis.lt\/en\/"},{"@type":"ListItem","position":2,"name":"Shop","item":"https:\/\/www.monaxis.lt\/en\/shop\/"},{"@type":"ListItem","position":3,"name":"Technologin\u0117 \u012franga","item":"https:\/\/www.monaxis.lt\/produkto-kategorija\/pramonine-virtuves-iranga\/"},{"@type":"ListItem","position":4,"name":"Ner\u016bdijan\u010dio plieno baldai","item":"https:\/\/www.monaxis.lt\/produkto-kategorija\/pramonine-virtuves-iranga\/nerudijancio-plieno-baldai\/"},{"@type":"ListItem","position":5,"name":"Ner\u016bdijan\u010dio plieno stalai","item":"https:\/\/www.monaxis.lt\/produkto-kategorija\/pramonine-virtuves-iranga\/nerudijancio-plieno-baldai\/nerudijancio-plieno-stalai\/"},{"@type":"ListItem","position":6,"name":"Stainless steel table with drawers 180x60x85cm"}]},{"@type":"WebSite","@id":"https:\/\/www.monaxis.lt\/en\/#website","url":"https:\/\/www.monaxis.lt\/en\/","name":"Monaxis","description":"Prekybin\u0117, bei \u0161aldymo \u012franga","publisher":{"@id":"https:\/\/www.monaxis.lt\/en\/#organization"},"potentialAction":[{"@type":"SearchAction","target":{"@type":"EntryPoint","urlTemplate":"https:\/\/www.monaxis.lt\/en\/?s={search_term_string}"},"query-input":{"@type":"PropertyValueSpecification","valueRequired":true,"valueName":"search_term_string"}}],"inLanguage":"en-US"},{"@type":"Organization","@id":"https:\/\/www.monaxis.lt\/en\/#organization","name":"Monaxis","url":"https:\/\/www.monaxis.lt\/en\/","logo":{"@type":"ImageObject","inLanguage":"en-US","@id":"https:\/\/www.monaxis.lt\/en\/#\/schema\/logo\/image\/","url":"https:\/\/www.monaxis.lt\/wp-content\/uploads\/2023\/03\/logo-1.png","contentUrl":"https:\/\/www.monaxis.lt\/wp-content\/uploads\/2023\/03\/logo-1.png","width":205,"height":58,"caption":"Monaxis"},"image":{"@id":"https:\/\/www.monaxis.lt\/en\/#\/schema\/logo\/image\/"}}]}},"_links":{"self":[{"href":"https:\/\/www.monaxis.lt\/en\/wp-json\/wp\/v2\/product\/16826","targetHints":{"allow":["GET"]}}],"collection":[{"href":"https:\/\/www.monaxis.lt\/en\/wp-json\/wp\/v2\/product"}],"about":[{"href":"https:\/\/www.monaxis.lt\/en\/wp-json\/wp\/v2\/types\/product"}],"replies":[{"embeddable":true,"href":"https:\/\/www.monaxis.lt\/en\/wp-json\/wp\/v2\/comments?post=16826"}],"wp:featuredmedia":[{"embeddable":true,"href":"https:\/\/www.monaxis.lt\/en\/wp-json\/wp\/v2\/media\/19658"}],"wp:attachment":[{"href":"https:\/\/www.monaxis.lt\/en\/wp-json\/wp\/v2\/media?parent=16826"}],"wp:term":[{"taxonomy":"product_brand","embeddable":true,"href":"https:\/\/www.monaxis.lt\/en\/wp-json\/wp\/v2\/product_brand?post=16826"},{"taxonomy":"product_cat","embeddable":true,"href":"https:\/\/www.monaxis.lt\/en\/wp-json\/wp\/v2\/product_cat?post=16826"},{"taxonomy":"product_tag","embeddable":true,"href":"https:\/\/www.monaxis.lt\/en\/wp-json\/wp\/v2\/product_tag?post=16826"}],"curies":[{"name":"wp","href":"https:\/\/api.w.org\/{rel}","templated":true}]}}