{"id":16882,"date":"2024-04-12T11:25:54","date_gmt":"2024-04-12T08:25:54","guid":{"rendered":"https:\/\/www.monaxis.lt\/?post_type=product&#038;p=16882"},"modified":"2026-03-21T14:39:05","modified_gmt":"2026-03-21T12:39:05","slug":"stainless-steel-sink-100x60x85cm-kopija-4","status":"publish","type":"product","link":"https:\/\/www.monaxis.lt\/en\/parduotuve\/stainless-steel-sink-100x60x85cm-kopija-4\/","title":{"rendered":"Stainless steel sink 160x60x85cm"},"content":{"rendered":"<h3><strong>Single bowl stainless steel sink with worktop  <\/strong><\/h3>\n<p><strong>Single bowl stainless steel sink with <\/strong><strong>cabinet, sliding door, drain, and dirt-protecting wall tab.<\/strong> The furniture is made of <strong>stainless steel <\/strong> of the highest quality <strong>, resistant to mechanical damage and corrosion. <\/strong> The smooth surface makes it <strong> easy to clean<\/strong>. The lower built-in <strong>shelf<\/strong> can store e.g. kitchen utensils or cleaning products, while the <strong>adjustable feet<\/strong> allow you to adapt the furniture to any unevenness of the floor.<\/p>\n<p>The stainless steel sink with drain is ideal as an additional <strong>countertop.<\/strong><\/p>\n<h3><b>Advantages of a stainless steel sink:<\/b><\/h3>\n<table>\n<tbody>\n<tr>\n<td>\n<ul>\n<li><b>Easy to keep clean &#8211;<\/b> Stainless steel is a minimally porous material. Food residues and other dirt will not stick to it. Very easy and convenient to wash using standard detergents. Stainless steel is food-safe and biologically inert.<\/li>\n<\/ul>\n<\/td>\n<td>\n<ul>\n<li>A <b>deep chamber to facilitate thorough washing and rinsing &#8211;<\/b> the 40x40x25 cm chamber can accommodate even the largest dishes, such as baking trays or pots, and the high walls prevent water from splashing in.<b><br \/>\n<\/b><\/li>\n<\/ul>\n<\/td>\n<\/tr>\n<tr>\n<td>\n<ul>\n<li><b>Smooth sliding door movement &#8211;<\/b> easy and quick access to additional storage space.<b><br \/>\n<\/b><\/li>\n<\/ul>\n<\/td>\n<td>\n<ul>\n<li><b>Shelf as extra storage space &#8211;<\/b> we get the extra storage space that is so valuable in every kitchen.<b><br \/>\n<\/b><\/li>\n<\/ul>\n<\/td>\n<\/tr>\n<tr>\n<td>\n<ul>\n<li><b>Restrictor to keep the wall clean &#8211;<\/b> thanks to the restrictor, water and dirt do not get behind the table, so the wall and under the sink stay clean.<b><br \/>\n<\/b><\/li>\n<\/ul>\n<\/td>\n<td>\n<ul>\n<li><b>Adjustable feet to compensate for any unevenness &#8211; a<\/b> smooth and stable workplace.<b><br \/>\n<\/b><\/li>\n<\/ul>\n<\/td>\n<\/tr>\n<tr>\n<td>\n<ul>\n<li><b>Resistance to mechanical damage &#8211;<\/b> stainless steel is a material with high resistance to all types of damage and corrosion.<\/li>\n<\/ul>\n<\/td>\n<td>\n<ul>\n<li><b>Self-assembly &#8211;<\/b> the well-thought-out design makes it easy to assemble without tools.<\/li>\n<\/ul>\n<\/td>\n<\/tr>\n<\/tbody>\n<\/table>\n<p><b>Food contact approved, manufactured according to EU standards<\/b><\/p>\n","protected":false},"excerpt":{"rendered":"<div class=\"product__parameter__name\"><strong><span class=\"product__parameter__name__text\"><img decoding=\"async\" class=\"alignnone wp-image-7601\" src=\"https:\/\/www.monaxis.lt\/wp-content\/uploads\/2023\/03\/delivery-1-150x150.png\" alt=\"\" width=\"23\" height=\"23\" srcset=\"https:\/\/www.monaxis.lt\/wp-content\/uploads\/2023\/03\/delivery-1-150x150.png 150w, https:\/\/www.monaxis.lt\/wp-content\/uploads\/2023\/03\/delivery-1-300x300.png 300w, https:\/\/www.monaxis.lt\/wp-content\/uploads\/2023\/03\/delivery-1.png 512w\" sizes=\"(max-width: 23px) 100vw, 23px\" \/> Delivery<\/span><\/strong><\/div>\n<div class=\"product__parameter__value\"><span class=\"product__parameter__value__text\" style=\"font-size: 75%;\">     <strong>   <span style=\"color: #999999;\">  Advance booking  <\/span><\/strong><\/span><\/div>\n<div class=\"product__parameter__name\">\n<div class=\"product__parameter__value\">\n<hr>\n<\/div>\n<div>\n<div class=\"product__parameter__value\"><strong style=\"color: #555555; font-size: 14.4px;\"><img decoding=\"async\" class=\"alignnone wp-image-7810\" src=\"https:\/\/www.monaxis.lt\/wp-content\/uploads\/2023\/01\/komplektuojama.png\" alt=\"\" width=\"23\" height=\"23\"> Comes with<\/strong><\/div>\n<\/div>\n<\/div>\n<p><strong><span style=\"font-size: 75%; color: #999999;\">  Stainless steel sink<\/span><\/strong><br \/>\n<strong><span style=\"font-size: 75%; color: #999999;\"> Warranty card<\/span><\/strong><br \/>\n<strong><span style=\"font-size: 75%; color: #999999;\"> Proof of purchase &#8211; Receipt \/ FV<\/span><\/strong><\/p>\n<p>&nbsp;<\/p>\n","protected":false},"featured_media":16884,"comment_status":"open","ping_status":"closed","template":"","meta":[],"product_brand":[],"product_cat":[162],"product_tag":[],"class_list":{"0":"post-16882","1":"product","2":"type-product","3":"status-publish","4":"has-post-thumbnail","6":"product_cat-stainless-steel-sinks","7":"pa_aukstis-85cm-en","8":"pa_bukle-new-en","9":"pa_ilgis-160cm-en","10":"pa_plotis-60cm-en","12":"first","13":"instock","14":"taxable","15":"shipping-taxable","16":"purchasable","17":"product-type-simple"},"yoast_head":"<!-- This site is optimized with the Yoast SEO plugin v27.1.1 - https:\/\/yoast.com\/product\/yoast-seo-wordpress\/ -->\n<title>Stainless steel sink | Professional kitchen equipment | Monaxis<\/title>\n<meta name=\"description\" content=\"Stainless steel sink 100x60x85cm Monaxis.lt Wide choice, high quality and affordable prices! View the selection now!\" \/>\n<meta name=\"robots\" content=\"index, follow, max-snippet:-1, max-image-preview:large, max-video-preview:-1\" \/>\n<link rel=\"canonical\" href=\"https:\/\/www.monaxis.lt\/en\/parduotuve\/stainless-steel-sink-100x60x85cm-kopija-4\/\" \/>\n<meta property=\"og:locale\" content=\"en_US\" \/>\n<meta property=\"og:type\" content=\"article\" \/>\n<meta property=\"og:title\" content=\"Stainless steel sink | Professional kitchen equipment | Monaxis\" \/>\n<meta property=\"og:description\" content=\"Stainless steel sink 100x60x85cm Monaxis.lt Wide choice, high quality and affordable prices! View the selection now!\" \/>\n<meta property=\"og:url\" content=\"https:\/\/www.monaxis.lt\/en\/parduotuve\/stainless-steel-sink-100x60x85cm-kopija-4\/\" \/>\n<meta property=\"og:site_name\" content=\"Monaxis\" \/>\n<meta property=\"article:modified_time\" content=\"2026-03-21T12:39:05+00:00\" \/>\n<meta property=\"og:image\" content=\"https:\/\/www.monaxis.lt\/wp-content\/uploads\/2024\/04\/Nerudijancio-plieno-kriaukle-160x60x85cm-1.webp\" \/>\n\t<meta property=\"og:image:width\" content=\"1024\" \/>\n\t<meta property=\"og:image:height\" content=\"1024\" \/>\n\t<meta property=\"og:image:type\" content=\"image\/webp\" \/>\n<meta name=\"twitter:card\" content=\"summary_large_image\" \/>\n<meta name=\"twitter:label1\" content=\"Est. reading time\" \/>\n\t<meta name=\"twitter:data1\" content=\"2 minutes\" \/>\n<script type=\"application\/ld+json\" class=\"yoast-schema-graph\">{\"@context\":\"https:\/\/schema.org\",\"@graph\":[{\"@type\":\"WebPage\",\"@id\":\"https:\/\/www.monaxis.lt\/en\/parduotuve\/stainless-steel-sink-100x60x85cm-kopija-4\/\",\"url\":\"https:\/\/www.monaxis.lt\/en\/parduotuve\/stainless-steel-sink-100x60x85cm-kopija-4\/\",\"name\":\"Stainless steel sink | Professional kitchen equipment | Monaxis\",\"isPartOf\":{\"@id\":\"https:\/\/www.monaxis.lt\/en\/#website\"},\"primaryImageOfPage\":{\"@id\":\"https:\/\/www.monaxis.lt\/en\/parduotuve\/stainless-steel-sink-100x60x85cm-kopija-4\/#primaryimage\"},\"image\":{\"@id\":\"https:\/\/www.monaxis.lt\/en\/parduotuve\/stainless-steel-sink-100x60x85cm-kopija-4\/#primaryimage\"},\"thumbnailUrl\":\"https:\/\/www.monaxis.lt\/wp-content\/uploads\/2024\/04\/Nerudijancio-plieno-kriaukle-160x60x85cm-1.webp\",\"datePublished\":\"2024-04-12T08:25:54+00:00\",\"dateModified\":\"2026-03-21T12:39:05+00:00\",\"description\":\"Stainless steel sink 100x60x85cm Monaxis.lt Wide choice, high quality and affordable prices! View the selection now!\",\"breadcrumb\":{\"@id\":\"https:\/\/www.monaxis.lt\/en\/parduotuve\/stainless-steel-sink-100x60x85cm-kopija-4\/#breadcrumb\"},\"inLanguage\":\"en-US\",\"potentialAction\":[{\"@type\":\"ReadAction\",\"target\":[\"https:\/\/www.monaxis.lt\/en\/parduotuve\/stainless-steel-sink-100x60x85cm-kopija-4\/\"]}]},{\"@type\":\"ImageObject\",\"inLanguage\":\"en-US\",\"@id\":\"https:\/\/www.monaxis.lt\/en\/parduotuve\/stainless-steel-sink-100x60x85cm-kopija-4\/#primaryimage\",\"url\":\"https:\/\/www.monaxis.lt\/wp-content\/uploads\/2024\/04\/Nerudijancio-plieno-kriaukle-160x60x85cm-1.webp\",\"contentUrl\":\"https:\/\/www.monaxis.lt\/wp-content\/uploads\/2024\/04\/Nerudijancio-plieno-kriaukle-160x60x85cm-1.webp\",\"width\":1024,\"height\":1024},{\"@type\":\"BreadcrumbList\",\"@id\":\"https:\/\/www.monaxis.lt\/en\/parduotuve\/stainless-steel-sink-100x60x85cm-kopija-4\/#breadcrumb\",\"itemListElement\":[{\"@type\":\"ListItem\",\"position\":1,\"name\":\"Pagrindinis\",\"item\":\"https:\/\/www.monaxis.lt\/en\/\"},{\"@type\":\"ListItem\",\"position\":2,\"name\":\"Shop\",\"item\":\"https:\/\/www.monaxis.lt\/en\/shop\/\"},{\"@type\":\"ListItem\",\"position\":3,\"name\":\"Technologin\u0117 \u012franga\",\"item\":\"https:\/\/www.monaxis.lt\/produkto-kategorija\/pramonine-virtuves-iranga\/\"},{\"@type\":\"ListItem\",\"position\":4,\"name\":\"Ner\u016bdijan\u010dio plieno baldai\",\"item\":\"https:\/\/www.monaxis.lt\/produkto-kategorija\/pramonine-virtuves-iranga\/nerudijancio-plieno-baldai\/\"},{\"@type\":\"ListItem\",\"position\":5,\"name\":\"Ner\u016bdijan\u010dio plieno kriaukl\u0117s\",\"item\":\"https:\/\/www.monaxis.lt\/produkto-kategorija\/pramonine-virtuves-iranga\/nerudijancio-plieno-baldai\/nerudijancio-plieno-kriaukles\/\"},{\"@type\":\"ListItem\",\"position\":6,\"name\":\"Stainless steel sink 160x60x85cm\"}]},{\"@type\":\"WebSite\",\"@id\":\"https:\/\/www.monaxis.lt\/en\/#website\",\"url\":\"https:\/\/www.monaxis.lt\/en\/\",\"name\":\"Monaxis\",\"description\":\"Prekybin\u0117, bei \u0161aldymo \u012franga\",\"publisher\":{\"@id\":\"https:\/\/www.monaxis.lt\/en\/#organization\"},\"potentialAction\":[{\"@type\":\"SearchAction\",\"target\":{\"@type\":\"EntryPoint\",\"urlTemplate\":\"https:\/\/www.monaxis.lt\/en\/?s={search_term_string}\"},\"query-input\":{\"@type\":\"PropertyValueSpecification\",\"valueRequired\":true,\"valueName\":\"search_term_string\"}}],\"inLanguage\":\"en-US\"},{\"@type\":\"Organization\",\"@id\":\"https:\/\/www.monaxis.lt\/en\/#organization\",\"name\":\"Monaxis\",\"url\":\"https:\/\/www.monaxis.lt\/en\/\",\"logo\":{\"@type\":\"ImageObject\",\"inLanguage\":\"en-US\",\"@id\":\"https:\/\/www.monaxis.lt\/en\/#\/schema\/logo\/image\/\",\"url\":\"https:\/\/www.monaxis.lt\/wp-content\/uploads\/2023\/03\/logo-1.png\",\"contentUrl\":\"https:\/\/www.monaxis.lt\/wp-content\/uploads\/2023\/03\/logo-1.png\",\"width\":205,\"height\":58,\"caption\":\"Monaxis\"},\"image\":{\"@id\":\"https:\/\/www.monaxis.lt\/en\/#\/schema\/logo\/image\/\"}}]}<\/script>\n<!-- \/ Yoast SEO plugin. -->","yoast_head_json":{"title":"Stainless steel sink | Professional kitchen equipment | Monaxis","description":"Stainless steel sink 100x60x85cm Monaxis.lt Wide choice, high quality and affordable prices! View the selection now!","robots":{"index":"index","follow":"follow","max-snippet":"max-snippet:-1","max-image-preview":"max-image-preview:large","max-video-preview":"max-video-preview:-1"},"canonical":"https:\/\/www.monaxis.lt\/en\/parduotuve\/stainless-steel-sink-100x60x85cm-kopija-4\/","og_locale":"en_US","og_type":"article","og_title":"Stainless steel sink | Professional kitchen equipment | Monaxis","og_description":"Stainless steel sink 100x60x85cm Monaxis.lt Wide choice, high quality and affordable prices! View the selection now!","og_url":"https:\/\/www.monaxis.lt\/en\/parduotuve\/stainless-steel-sink-100x60x85cm-kopija-4\/","og_site_name":"Monaxis","article_modified_time":"2026-03-21T12:39:05+00:00","og_image":[{"width":1024,"height":1024,"url":"https:\/\/www.monaxis.lt\/wp-content\/uploads\/2024\/04\/Nerudijancio-plieno-kriaukle-160x60x85cm-1.webp","type":"image\/webp"}],"twitter_card":"summary_large_image","twitter_misc":{"Est. reading time":"2 minutes"},"schema":{"@context":"https:\/\/schema.org","@graph":[{"@type":"WebPage","@id":"https:\/\/www.monaxis.lt\/en\/parduotuve\/stainless-steel-sink-100x60x85cm-kopija-4\/","url":"https:\/\/www.monaxis.lt\/en\/parduotuve\/stainless-steel-sink-100x60x85cm-kopija-4\/","name":"Stainless steel sink | Professional kitchen equipment | Monaxis","isPartOf":{"@id":"https:\/\/www.monaxis.lt\/en\/#website"},"primaryImageOfPage":{"@id":"https:\/\/www.monaxis.lt\/en\/parduotuve\/stainless-steel-sink-100x60x85cm-kopija-4\/#primaryimage"},"image":{"@id":"https:\/\/www.monaxis.lt\/en\/parduotuve\/stainless-steel-sink-100x60x85cm-kopija-4\/#primaryimage"},"thumbnailUrl":"https:\/\/www.monaxis.lt\/wp-content\/uploads\/2024\/04\/Nerudijancio-plieno-kriaukle-160x60x85cm-1.webp","datePublished":"2024-04-12T08:25:54+00:00","dateModified":"2026-03-21T12:39:05+00:00","description":"Stainless steel sink 100x60x85cm Monaxis.lt Wide choice, high quality and affordable prices! View the selection now!","breadcrumb":{"@id":"https:\/\/www.monaxis.lt\/en\/parduotuve\/stainless-steel-sink-100x60x85cm-kopija-4\/#breadcrumb"},"inLanguage":"en-US","potentialAction":[{"@type":"ReadAction","target":["https:\/\/www.monaxis.lt\/en\/parduotuve\/stainless-steel-sink-100x60x85cm-kopija-4\/"]}]},{"@type":"ImageObject","inLanguage":"en-US","@id":"https:\/\/www.monaxis.lt\/en\/parduotuve\/stainless-steel-sink-100x60x85cm-kopija-4\/#primaryimage","url":"https:\/\/www.monaxis.lt\/wp-content\/uploads\/2024\/04\/Nerudijancio-plieno-kriaukle-160x60x85cm-1.webp","contentUrl":"https:\/\/www.monaxis.lt\/wp-content\/uploads\/2024\/04\/Nerudijancio-plieno-kriaukle-160x60x85cm-1.webp","width":1024,"height":1024},{"@type":"BreadcrumbList","@id":"https:\/\/www.monaxis.lt\/en\/parduotuve\/stainless-steel-sink-100x60x85cm-kopija-4\/#breadcrumb","itemListElement":[{"@type":"ListItem","position":1,"name":"Pagrindinis","item":"https:\/\/www.monaxis.lt\/en\/"},{"@type":"ListItem","position":2,"name":"Shop","item":"https:\/\/www.monaxis.lt\/en\/shop\/"},{"@type":"ListItem","position":3,"name":"Technologin\u0117 \u012franga","item":"https:\/\/www.monaxis.lt\/produkto-kategorija\/pramonine-virtuves-iranga\/"},{"@type":"ListItem","position":4,"name":"Ner\u016bdijan\u010dio plieno baldai","item":"https:\/\/www.monaxis.lt\/produkto-kategorija\/pramonine-virtuves-iranga\/nerudijancio-plieno-baldai\/"},{"@type":"ListItem","position":5,"name":"Ner\u016bdijan\u010dio plieno kriaukl\u0117s","item":"https:\/\/www.monaxis.lt\/produkto-kategorija\/pramonine-virtuves-iranga\/nerudijancio-plieno-baldai\/nerudijancio-plieno-kriaukles\/"},{"@type":"ListItem","position":6,"name":"Stainless steel sink 160x60x85cm"}]},{"@type":"WebSite","@id":"https:\/\/www.monaxis.lt\/en\/#website","url":"https:\/\/www.monaxis.lt\/en\/","name":"Monaxis","description":"Prekybin\u0117, bei \u0161aldymo \u012franga","publisher":{"@id":"https:\/\/www.monaxis.lt\/en\/#organization"},"potentialAction":[{"@type":"SearchAction","target":{"@type":"EntryPoint","urlTemplate":"https:\/\/www.monaxis.lt\/en\/?s={search_term_string}"},"query-input":{"@type":"PropertyValueSpecification","valueRequired":true,"valueName":"search_term_string"}}],"inLanguage":"en-US"},{"@type":"Organization","@id":"https:\/\/www.monaxis.lt\/en\/#organization","name":"Monaxis","url":"https:\/\/www.monaxis.lt\/en\/","logo":{"@type":"ImageObject","inLanguage":"en-US","@id":"https:\/\/www.monaxis.lt\/en\/#\/schema\/logo\/image\/","url":"https:\/\/www.monaxis.lt\/wp-content\/uploads\/2023\/03\/logo-1.png","contentUrl":"https:\/\/www.monaxis.lt\/wp-content\/uploads\/2023\/03\/logo-1.png","width":205,"height":58,"caption":"Monaxis"},"image":{"@id":"https:\/\/www.monaxis.lt\/en\/#\/schema\/logo\/image\/"}}]}},"_links":{"self":[{"href":"https:\/\/www.monaxis.lt\/en\/wp-json\/wp\/v2\/product\/16882","targetHints":{"allow":["GET"]}}],"collection":[{"href":"https:\/\/www.monaxis.lt\/en\/wp-json\/wp\/v2\/product"}],"about":[{"href":"https:\/\/www.monaxis.lt\/en\/wp-json\/wp\/v2\/types\/product"}],"replies":[{"embeddable":true,"href":"https:\/\/www.monaxis.lt\/en\/wp-json\/wp\/v2\/comments?post=16882"}],"wp:featuredmedia":[{"embeddable":true,"href":"https:\/\/www.monaxis.lt\/en\/wp-json\/wp\/v2\/media\/16884"}],"wp:attachment":[{"href":"https:\/\/www.monaxis.lt\/en\/wp-json\/wp\/v2\/media?parent=16882"}],"wp:term":[{"taxonomy":"product_brand","embeddable":true,"href":"https:\/\/www.monaxis.lt\/en\/wp-json\/wp\/v2\/product_brand?post=16882"},{"taxonomy":"product_cat","embeddable":true,"href":"https:\/\/www.monaxis.lt\/en\/wp-json\/wp\/v2\/product_cat?post=16882"},{"taxonomy":"product_tag","embeddable":true,"href":"https:\/\/www.monaxis.lt\/en\/wp-json\/wp\/v2\/product_tag?post=16882"}],"curies":[{"name":"wp","href":"https:\/\/api.w.org\/{rel}","templated":true}]}}