{"id":16931,"date":"2024-04-12T11:58:20","date_gmt":"2024-04-12T08:58:20","guid":{"rendered":"https:\/\/www.monaxis.lt\/?post_type=product&#038;p=16931"},"modified":"2026-03-21T14:39:05","modified_gmt":"2026-03-21T12:39:05","slug":"mobile-stainless-steel-table-50x50x85cm-kopija","status":"publish","type":"product","link":"https:\/\/www.monaxis.lt\/en\/parduotuve\/mobile-stainless-steel-table-50x50x85cm-kopija\/","title":{"rendered":"Mobile stainless steel table 60x60x85cm"},"content":{"rendered":"<h3><strong>Mobile table &#8211; a functional piece of furniture for your restaurant<\/strong><\/h3>\n<p>The <strong>Mega-M mobile table<\/strong> is the ideal solution for a wide range of restaurants and catering establishments. The <strong>table is equipped with castors<\/strong> for easy transport. The <strong>mobile table is made of stainless<\/strong> steel , making it resistant to mechanical damage and corrosion. The stainless steel used does not react with cooked food. The <strong>furniture has a smooth surface<\/strong>, so cleaning will not be a problem. The wheels allow easy and smooth movement of the table and products. The <strong>lower shelf of the table<\/strong> allows you to store necessary utensils and equipment, as well as food products.<\/p>\n<h3><strong>What makes the Mega-M Mobile Table unique?<\/strong><\/h3>\n<ul>\n<li>The table is practical and functional, with an extra table top and an extra shelf for useful equipment and food products,<\/li>\n<li>The smooth surface makes it easy to keep the furniture clean,<\/li>\n<li>resistance to mechanical damage,<\/li>\n<li>The wheels make it easy to move anywhere.<\/li>\n<\/ul>\n<p>The goods are protected by a protective foil. They are characterised by their stability and excellent workmanship. The package contains all the necessary assembly elements.<\/p>\n<p><strong>Food contact approved product manufactured according to EU standards.<\/strong><\/p>\n","protected":false},"excerpt":{"rendered":"<div class=\"product__parameter__name\"><strong><span class=\"product__parameter__name__text\"><img decoding=\"async\" class=\"alignnone wp-image-7601\" src=\"https:\/\/www.monaxis.lt\/wp-content\/uploads\/2023\/03\/delivery-1-150x150.png\" alt=\"\" width=\"23\" height=\"23\" srcset=\"https:\/\/www.monaxis.lt\/wp-content\/uploads\/2023\/03\/delivery-1-150x150.png 150w, https:\/\/www.monaxis.lt\/wp-content\/uploads\/2023\/03\/delivery-1-300x300.png 300w, https:\/\/www.monaxis.lt\/wp-content\/uploads\/2023\/03\/delivery-1.png 512w\" sizes=\"(max-width: 23px) 100vw, 23px\" \/> Delivery <\/span><\/strong><\/div>\n<div class=\"product__parameter__value\"><span class=\"product__parameter__value__text\" style=\"font-size: 75%;\">     <strong>   <span style=\"color: #999999;\"> 2-10 d.d.<\/span><\/strong><\/span><\/div>\n<div class=\"product__parameter__value\">\n<hr>\n<\/div>\n<p><strong><img decoding=\"async\" class=\"alignnone wp-image-7810\" src=\"https:\/\/www.monaxis.lt\/wp-content\/uploads\/2023\/01\/komplektuojama.png\" alt=\"\" width=\"23\" height=\"23\"> Comes with<\/strong><br \/>\n<strong><span style=\"font-size: 75%; color: #999999;\"> Stainless steel table<\/span><\/strong><br \/>\n<strong><span style=\"font-size: 75%; color: #999999;\"> User Guide<\/span><\/strong><br \/>\n<strong><span style=\"font-size: 75%; color: #999999;\"> Warranty card<\/span><\/strong><br \/>\n<strong><span style=\"font-size: 75%; color: #999999;\"> Proof of purchase &#8211; Receipt \/ FV<\/span><\/strong><\/p>\n","protected":false},"featured_media":16919,"comment_status":"open","ping_status":"closed","template":"","meta":[],"product_brand":[],"product_cat":[216],"product_tag":[],"class_list":{"0":"post-16931","1":"product","2":"type-product","3":"status-publish","4":"has-post-thumbnail","6":"product_cat-stainless-steel-tables","7":"pa_aukstis-85cm-en","8":"pa_bukle-new-en","9":"pa_ilgis-60cm-en","10":"pa_plotis-60cm-en","12":"first","13":"outofstock","14":"taxable","15":"shipping-taxable","16":"purchasable","17":"product-type-simple"},"yoast_head":"<!-- This site is optimized with the Yoast SEO plugin v27.1.1 - https:\/\/yoast.com\/product\/yoast-seo-wordpress\/ -->\n<title>Mobile stainless steel table 60x60x85cm | Monaxis<\/title>\n<meta name=\"robots\" content=\"index, follow, max-snippet:-1, max-image-preview:large, max-video-preview:-1\" \/>\n<link rel=\"canonical\" href=\"https:\/\/www.monaxis.lt\/en\/parduotuve\/mobile-stainless-steel-table-50x50x85cm-kopija\/\" \/>\n<meta property=\"og:locale\" content=\"en_US\" \/>\n<meta property=\"og:type\" content=\"article\" \/>\n<meta property=\"og:title\" content=\"Mobile stainless steel table 60x60x85cm | Monaxis\" \/>\n<meta property=\"og:description\" content=\"Delivery      2-10 d.d.    Comes with Stainless steel table User Guide Warranty card Proof of purchase - Receipt \/ FV\" \/>\n<meta property=\"og:url\" content=\"https:\/\/www.monaxis.lt\/en\/parduotuve\/mobile-stainless-steel-table-50x50x85cm-kopija\/\" \/>\n<meta property=\"og:site_name\" content=\"Monaxis\" \/>\n<meta property=\"article:modified_time\" content=\"2026-03-21T12:39:05+00:00\" \/>\n<meta property=\"og:image\" content=\"https:\/\/www.monaxis.lt\/wp-content\/uploads\/2024\/04\/Mobilus-nerudijancio-plieno-stalas-50x50x85cm-1.webp\" \/>\n\t<meta property=\"og:image:width\" content=\"1024\" \/>\n\t<meta property=\"og:image:height\" content=\"1024\" \/>\n\t<meta property=\"og:image:type\" content=\"image\/webp\" \/>\n<meta name=\"twitter:card\" content=\"summary_large_image\" \/>\n<meta name=\"twitter:label1\" content=\"Est. reading time\" \/>\n\t<meta name=\"twitter:data1\" content=\"1 minute\" \/>\n<script type=\"application\/ld+json\" class=\"yoast-schema-graph\">{\"@context\":\"https:\/\/schema.org\",\"@graph\":[{\"@type\":\"WebPage\",\"@id\":\"https:\/\/www.monaxis.lt\/en\/parduotuve\/mobile-stainless-steel-table-50x50x85cm-kopija\/\",\"url\":\"https:\/\/www.monaxis.lt\/en\/parduotuve\/mobile-stainless-steel-table-50x50x85cm-kopija\/\",\"name\":\"Mobile stainless steel table 60x60x85cm | Monaxis\",\"isPartOf\":{\"@id\":\"https:\/\/www.monaxis.lt\/en\/#website\"},\"primaryImageOfPage\":{\"@id\":\"https:\/\/www.monaxis.lt\/en\/parduotuve\/mobile-stainless-steel-table-50x50x85cm-kopija\/#primaryimage\"},\"image\":{\"@id\":\"https:\/\/www.monaxis.lt\/en\/parduotuve\/mobile-stainless-steel-table-50x50x85cm-kopija\/#primaryimage\"},\"thumbnailUrl\":\"https:\/\/www.monaxis.lt\/wp-content\/uploads\/2024\/04\/Mobilus-nerudijancio-plieno-stalas-50x50x85cm-1.webp\",\"datePublished\":\"2024-04-12T08:58:20+00:00\",\"dateModified\":\"2026-03-21T12:39:05+00:00\",\"breadcrumb\":{\"@id\":\"https:\/\/www.monaxis.lt\/en\/parduotuve\/mobile-stainless-steel-table-50x50x85cm-kopija\/#breadcrumb\"},\"inLanguage\":\"en-US\",\"potentialAction\":[{\"@type\":\"ReadAction\",\"target\":[\"https:\/\/www.monaxis.lt\/en\/parduotuve\/mobile-stainless-steel-table-50x50x85cm-kopija\/\"]}]},{\"@type\":\"ImageObject\",\"inLanguage\":\"en-US\",\"@id\":\"https:\/\/www.monaxis.lt\/en\/parduotuve\/mobile-stainless-steel-table-50x50x85cm-kopija\/#primaryimage\",\"url\":\"https:\/\/www.monaxis.lt\/wp-content\/uploads\/2024\/04\/Mobilus-nerudijancio-plieno-stalas-50x50x85cm-1.webp\",\"contentUrl\":\"https:\/\/www.monaxis.lt\/wp-content\/uploads\/2024\/04\/Mobilus-nerudijancio-plieno-stalas-50x50x85cm-1.webp\",\"width\":1024,\"height\":1024},{\"@type\":\"BreadcrumbList\",\"@id\":\"https:\/\/www.monaxis.lt\/en\/parduotuve\/mobile-stainless-steel-table-50x50x85cm-kopija\/#breadcrumb\",\"itemListElement\":[{\"@type\":\"ListItem\",\"position\":1,\"name\":\"Pagrindinis\",\"item\":\"https:\/\/www.monaxis.lt\/en\/\"},{\"@type\":\"ListItem\",\"position\":2,\"name\":\"Shop\",\"item\":\"https:\/\/www.monaxis.lt\/en\/shop\/\"},{\"@type\":\"ListItem\",\"position\":3,\"name\":\"Industrial kitchen equipment\",\"item\":\"https:\/\/www.monaxis.lt\/en\/produkto-kategorija\/industrial-kitchen-equipment\/\"},{\"@type\":\"ListItem\",\"position\":4,\"name\":\"Stainless steel furniture\",\"item\":\"https:\/\/www.monaxis.lt\/en\/produkto-kategorija\/industrial-kitchen-equipment\/stainless-steel-furniture\/\"},{\"@type\":\"ListItem\",\"position\":5,\"name\":\"Stainless steel tables\",\"item\":\"https:\/\/www.monaxis.lt\/en\/produkto-kategorija\/industrial-kitchen-equipment\/stainless-steel-furniture\/stainless-steel-tables\/\"},{\"@type\":\"ListItem\",\"position\":6,\"name\":\"Mobile stainless steel table 60x60x85cm\"}]},{\"@type\":\"WebSite\",\"@id\":\"https:\/\/www.monaxis.lt\/en\/#website\",\"url\":\"https:\/\/www.monaxis.lt\/en\/\",\"name\":\"Monaxis\",\"description\":\"Prekybin\u0117, bei \u0161aldymo \u012franga\",\"publisher\":{\"@id\":\"https:\/\/www.monaxis.lt\/en\/#organization\"},\"potentialAction\":[{\"@type\":\"SearchAction\",\"target\":{\"@type\":\"EntryPoint\",\"urlTemplate\":\"https:\/\/www.monaxis.lt\/en\/?s={search_term_string}\"},\"query-input\":{\"@type\":\"PropertyValueSpecification\",\"valueRequired\":true,\"valueName\":\"search_term_string\"}}],\"inLanguage\":\"en-US\"},{\"@type\":\"Organization\",\"@id\":\"https:\/\/www.monaxis.lt\/en\/#organization\",\"name\":\"Monaxis\",\"url\":\"https:\/\/www.monaxis.lt\/en\/\",\"logo\":{\"@type\":\"ImageObject\",\"inLanguage\":\"en-US\",\"@id\":\"https:\/\/www.monaxis.lt\/en\/#\/schema\/logo\/image\/\",\"url\":\"https:\/\/www.monaxis.lt\/wp-content\/uploads\/2023\/03\/logo-1.png\",\"contentUrl\":\"https:\/\/www.monaxis.lt\/wp-content\/uploads\/2023\/03\/logo-1.png\",\"width\":205,\"height\":58,\"caption\":\"Monaxis\"},\"image\":{\"@id\":\"https:\/\/www.monaxis.lt\/en\/#\/schema\/logo\/image\/\"}}]}<\/script>\n<!-- \/ Yoast SEO plugin. -->","yoast_head_json":{"title":"Mobile stainless steel table 60x60x85cm | Monaxis","robots":{"index":"index","follow":"follow","max-snippet":"max-snippet:-1","max-image-preview":"max-image-preview:large","max-video-preview":"max-video-preview:-1"},"canonical":"https:\/\/www.monaxis.lt\/en\/parduotuve\/mobile-stainless-steel-table-50x50x85cm-kopija\/","og_locale":"en_US","og_type":"article","og_title":"Mobile stainless steel table 60x60x85cm | Monaxis","og_description":"Delivery      2-10 d.d.    Comes with Stainless steel table User Guide Warranty card Proof of purchase - Receipt \/ FV","og_url":"https:\/\/www.monaxis.lt\/en\/parduotuve\/mobile-stainless-steel-table-50x50x85cm-kopija\/","og_site_name":"Monaxis","article_modified_time":"2026-03-21T12:39:05+00:00","og_image":[{"width":1024,"height":1024,"url":"https:\/\/www.monaxis.lt\/wp-content\/uploads\/2024\/04\/Mobilus-nerudijancio-plieno-stalas-50x50x85cm-1.webp","type":"image\/webp"}],"twitter_card":"summary_large_image","twitter_misc":{"Est. reading time":"1 minute"},"schema":{"@context":"https:\/\/schema.org","@graph":[{"@type":"WebPage","@id":"https:\/\/www.monaxis.lt\/en\/parduotuve\/mobile-stainless-steel-table-50x50x85cm-kopija\/","url":"https:\/\/www.monaxis.lt\/en\/parduotuve\/mobile-stainless-steel-table-50x50x85cm-kopija\/","name":"Mobile stainless steel table 60x60x85cm | Monaxis","isPartOf":{"@id":"https:\/\/www.monaxis.lt\/en\/#website"},"primaryImageOfPage":{"@id":"https:\/\/www.monaxis.lt\/en\/parduotuve\/mobile-stainless-steel-table-50x50x85cm-kopija\/#primaryimage"},"image":{"@id":"https:\/\/www.monaxis.lt\/en\/parduotuve\/mobile-stainless-steel-table-50x50x85cm-kopija\/#primaryimage"},"thumbnailUrl":"https:\/\/www.monaxis.lt\/wp-content\/uploads\/2024\/04\/Mobilus-nerudijancio-plieno-stalas-50x50x85cm-1.webp","datePublished":"2024-04-12T08:58:20+00:00","dateModified":"2026-03-21T12:39:05+00:00","breadcrumb":{"@id":"https:\/\/www.monaxis.lt\/en\/parduotuve\/mobile-stainless-steel-table-50x50x85cm-kopija\/#breadcrumb"},"inLanguage":"en-US","potentialAction":[{"@type":"ReadAction","target":["https:\/\/www.monaxis.lt\/en\/parduotuve\/mobile-stainless-steel-table-50x50x85cm-kopija\/"]}]},{"@type":"ImageObject","inLanguage":"en-US","@id":"https:\/\/www.monaxis.lt\/en\/parduotuve\/mobile-stainless-steel-table-50x50x85cm-kopija\/#primaryimage","url":"https:\/\/www.monaxis.lt\/wp-content\/uploads\/2024\/04\/Mobilus-nerudijancio-plieno-stalas-50x50x85cm-1.webp","contentUrl":"https:\/\/www.monaxis.lt\/wp-content\/uploads\/2024\/04\/Mobilus-nerudijancio-plieno-stalas-50x50x85cm-1.webp","width":1024,"height":1024},{"@type":"BreadcrumbList","@id":"https:\/\/www.monaxis.lt\/en\/parduotuve\/mobile-stainless-steel-table-50x50x85cm-kopija\/#breadcrumb","itemListElement":[{"@type":"ListItem","position":1,"name":"Pagrindinis","item":"https:\/\/www.monaxis.lt\/en\/"},{"@type":"ListItem","position":2,"name":"Shop","item":"https:\/\/www.monaxis.lt\/en\/shop\/"},{"@type":"ListItem","position":3,"name":"Industrial kitchen equipment","item":"https:\/\/www.monaxis.lt\/en\/produkto-kategorija\/industrial-kitchen-equipment\/"},{"@type":"ListItem","position":4,"name":"Stainless steel furniture","item":"https:\/\/www.monaxis.lt\/en\/produkto-kategorija\/industrial-kitchen-equipment\/stainless-steel-furniture\/"},{"@type":"ListItem","position":5,"name":"Stainless steel tables","item":"https:\/\/www.monaxis.lt\/en\/produkto-kategorija\/industrial-kitchen-equipment\/stainless-steel-furniture\/stainless-steel-tables\/"},{"@type":"ListItem","position":6,"name":"Mobile stainless steel table 60x60x85cm"}]},{"@type":"WebSite","@id":"https:\/\/www.monaxis.lt\/en\/#website","url":"https:\/\/www.monaxis.lt\/en\/","name":"Monaxis","description":"Prekybin\u0117, bei \u0161aldymo \u012franga","publisher":{"@id":"https:\/\/www.monaxis.lt\/en\/#organization"},"potentialAction":[{"@type":"SearchAction","target":{"@type":"EntryPoint","urlTemplate":"https:\/\/www.monaxis.lt\/en\/?s={search_term_string}"},"query-input":{"@type":"PropertyValueSpecification","valueRequired":true,"valueName":"search_term_string"}}],"inLanguage":"en-US"},{"@type":"Organization","@id":"https:\/\/www.monaxis.lt\/en\/#organization","name":"Monaxis","url":"https:\/\/www.monaxis.lt\/en\/","logo":{"@type":"ImageObject","inLanguage":"en-US","@id":"https:\/\/www.monaxis.lt\/en\/#\/schema\/logo\/image\/","url":"https:\/\/www.monaxis.lt\/wp-content\/uploads\/2023\/03\/logo-1.png","contentUrl":"https:\/\/www.monaxis.lt\/wp-content\/uploads\/2023\/03\/logo-1.png","width":205,"height":58,"caption":"Monaxis"},"image":{"@id":"https:\/\/www.monaxis.lt\/en\/#\/schema\/logo\/image\/"}}]}},"_links":{"self":[{"href":"https:\/\/www.monaxis.lt\/en\/wp-json\/wp\/v2\/product\/16931","targetHints":{"allow":["GET"]}}],"collection":[{"href":"https:\/\/www.monaxis.lt\/en\/wp-json\/wp\/v2\/product"}],"about":[{"href":"https:\/\/www.monaxis.lt\/en\/wp-json\/wp\/v2\/types\/product"}],"replies":[{"embeddable":true,"href":"https:\/\/www.monaxis.lt\/en\/wp-json\/wp\/v2\/comments?post=16931"}],"wp:featuredmedia":[{"embeddable":true,"href":"https:\/\/www.monaxis.lt\/en\/wp-json\/wp\/v2\/media\/16919"}],"wp:attachment":[{"href":"https:\/\/www.monaxis.lt\/en\/wp-json\/wp\/v2\/media?parent=16931"}],"wp:term":[{"taxonomy":"product_brand","embeddable":true,"href":"https:\/\/www.monaxis.lt\/en\/wp-json\/wp\/v2\/product_brand?post=16931"},{"taxonomy":"product_cat","embeddable":true,"href":"https:\/\/www.monaxis.lt\/en\/wp-json\/wp\/v2\/product_cat?post=16931"},{"taxonomy":"product_tag","embeddable":true,"href":"https:\/\/www.monaxis.lt\/en\/wp-json\/wp\/v2\/product_tag?post=16931"}],"curies":[{"name":"wp","href":"https:\/\/api.w.org\/{rel}","templated":true}]}}