{"id":17234,"date":"2024-04-14T15:32:57","date_gmt":"2024-04-14T12:32:57","guid":{"rendered":"https:\/\/www.monaxis.lt\/?post_type=product&#038;p=17234"},"modified":"2026-03-21T14:39:14","modified_gmt":"2026-03-21T12:39:14","slug":"storage-rack-stow-400x295x110cm-additional-module-2112kg-kopija-2","status":"publish","type":"product","link":"https:\/\/www.monaxis.lt\/en\/parduotuve\/storage-rack-stow-400x295x110cm-additional-module-2112kg-kopija-2\/","title":{"rendered":"Storage rack STOW 500x295x110cm additional module 2112kg"},"content":{"rendered":"<h3><strong>STOW pallet racking &#8211; robust and durable construction, the perfect equipment for every warehouse<\/strong><\/h3>\n<p><strong>STOW pallet racking is the furniture that helps you organise your warehouse. To create a shelf row, you need to order the desired main module and additional modules. STOW warehouse rack, basic module, 9 (EURO) pallets. The height of the storage rack is 400 cm and the maximum load per pallet space is 352 kg.<\/strong><\/p>\n<h3><strong>STOW<\/strong><strong> The rack&#8217;s optional module includes:<\/strong><\/h3>\n<ul>\n<li>Frame H-500cm D-110cm: 1 pc.<\/li>\n<li>Traverse 6\u00d75 L-270cm: 4 pcs.<\/li>\n<li>Safety hooks : 8 pcs.<\/li>\n<\/ul>\n<p><b>Maximum load per shelf 1056 kg<\/b> with even load distribution.<\/p>\n<hr>\n<p><strong>We accept special orders<\/strong><\/p>\n<p><strong> <img decoding=\"async\" id=\"mail-pic\" src=\"https:\/\/monaxis.lt\/wp-content\/uploads\/2022\/12\/Group-162769.png\"> <a href=\"mailto:info@monaxis.lt\">info@monaxis.lt<\/a><br \/>\n<\/strong><\/p>\n<p><img decoding=\"async\" id=\"phone-pic\" src=\"https:\/\/monaxis.lt\/wp-content\/uploads\/2022\/12\/Vector.png\"> <a href=\"tel:+37065020737\">+370 650 20737<\/a><\/p>\n","protected":false},"excerpt":{"rendered":"<div class=\"product__parameter__name\"><strong><span class=\"product__parameter__name__text\"><img decoding=\"async\" class=\"alignnone wp-image-7601\" src=\"https:\/\/www.monaxis.lt\/wp-content\/uploads\/2023\/03\/delivery-1-150x150.png\" alt=\"\" width=\"26\" height=\"26\" srcset=\"https:\/\/www.monaxis.lt\/wp-content\/uploads\/2023\/03\/delivery-1-150x150.png 150w, https:\/\/www.monaxis.lt\/wp-content\/uploads\/2023\/03\/delivery-1-300x300.png 300w, https:\/\/www.monaxis.lt\/wp-content\/uploads\/2023\/03\/delivery-1.png 512w\" sizes=\"(max-width: 26px) 100vw, 26px\" \/> Delivery <\/span><\/strong><\/div>\n<div class=\"product__parameter__value\"><span class=\"product__parameter__value__text\">     <strong>   <span style=\"font-size: 75%; color: #999999;\"> 2-10 d.d.<\/span><\/strong><\/span><\/div>\n<div class=\"product__parameter__name\">\n<div>\n<hr>\n<\/div>\n<div>\n<div class=\"product__parameter__value\"><img decoding=\"async\" class=\"alignnone wp-image-8064\" src=\"https:\/\/www.monaxis.lt\/wp-content\/uploads\/2023\/07\/temperature.png\" alt=\"\" width=\"28\" height=\"28\"><strong>  Available load level 1<\/strong><\/div>\n<div><strong>       <span style=\"font-size: 75%; color: #999999;\">  1056kg<\/span><\/strong><\/div>\n<div>\n<div>\n<hr>\n<\/div>\n<div>\n<p>&nbsp;<\/p>\n<\/div>\n<\/div>\n<\/div>\n<\/div>\n","protected":false},"featured_media":17236,"comment_status":"open","ping_status":"closed","template":"","meta":[],"product_brand":[],"product_cat":[167],"product_tag":[],"class_list":{"0":"post-17234","1":"product","2":"type-product","3":"status-publish","4":"has-post-thumbnail","6":"product_cat-warehouse-shelves","8":"first","9":"instock","10":"taxable","11":"shipping-taxable","12":"purchasable","13":"product-type-simple"},"yoast_head":"<!-- This site is optimized with the Yoast SEO plugin v27.1.1 - https:\/\/yoast.com\/product\/yoast-seo-wordpress\/ -->\n<title>Storage rack STOW 500x295x110cm additional module 2112kg | Monaxis<\/title>\n<meta name=\"robots\" content=\"index, follow, max-snippet:-1, max-image-preview:large, max-video-preview:-1\" \/>\n<link rel=\"canonical\" href=\"https:\/\/www.monaxis.lt\/en\/parduotuve\/storage-rack-stow-400x295x110cm-additional-module-2112kg-kopija-2\/\" \/>\n<meta property=\"og:locale\" content=\"en_US\" \/>\n<meta property=\"og:type\" content=\"article\" \/>\n<meta property=\"og:title\" content=\"Storage rack STOW 500x295x110cm additional module 2112kg | Monaxis\" \/>\n<meta property=\"og:description\" content=\"Delivery      2-10 d.d.     Available load level 1     1056kg     &nbsp;\" \/>\n<meta property=\"og:url\" content=\"https:\/\/www.monaxis.lt\/en\/parduotuve\/storage-rack-stow-400x295x110cm-additional-module-2112kg-kopija-2\/\" \/>\n<meta property=\"og:site_name\" content=\"Monaxis\" \/>\n<meta property=\"article:modified_time\" content=\"2026-03-21T12:39:14+00:00\" \/>\n<meta property=\"og:image\" content=\"https:\/\/www.monaxis.lt\/wp-content\/uploads\/2024\/04\/Sandeliavimo-stelazas-STOW-500x295x110cm-papildomas-modulis-2112kg.webp\" \/>\n\t<meta property=\"og:image:width\" content=\"1024\" \/>\n\t<meta property=\"og:image:height\" content=\"1024\" \/>\n\t<meta property=\"og:image:type\" content=\"image\/webp\" \/>\n<meta name=\"twitter:card\" content=\"summary_large_image\" \/>\n<meta name=\"twitter:label1\" content=\"Est. reading time\" \/>\n\t<meta name=\"twitter:data1\" content=\"2 minutes\" \/>\n<script type=\"application\/ld+json\" class=\"yoast-schema-graph\">{\"@context\":\"https:\/\/schema.org\",\"@graph\":[{\"@type\":\"WebPage\",\"@id\":\"https:\/\/www.monaxis.lt\/en\/parduotuve\/storage-rack-stow-400x295x110cm-additional-module-2112kg-kopija-2\/\",\"url\":\"https:\/\/www.monaxis.lt\/en\/parduotuve\/storage-rack-stow-400x295x110cm-additional-module-2112kg-kopija-2\/\",\"name\":\"Storage rack STOW 500x295x110cm additional module 2112kg | Monaxis\",\"isPartOf\":{\"@id\":\"https:\/\/www.monaxis.lt\/en\/#website\"},\"primaryImageOfPage\":{\"@id\":\"https:\/\/www.monaxis.lt\/en\/parduotuve\/storage-rack-stow-400x295x110cm-additional-module-2112kg-kopija-2\/#primaryimage\"},\"image\":{\"@id\":\"https:\/\/www.monaxis.lt\/en\/parduotuve\/storage-rack-stow-400x295x110cm-additional-module-2112kg-kopija-2\/#primaryimage\"},\"thumbnailUrl\":\"https:\/\/www.monaxis.lt\/wp-content\/uploads\/2024\/04\/Sandeliavimo-stelazas-STOW-500x295x110cm-papildomas-modulis-2112kg.webp\",\"datePublished\":\"2024-04-14T12:32:57+00:00\",\"dateModified\":\"2026-03-21T12:39:14+00:00\",\"breadcrumb\":{\"@id\":\"https:\/\/www.monaxis.lt\/en\/parduotuve\/storage-rack-stow-400x295x110cm-additional-module-2112kg-kopija-2\/#breadcrumb\"},\"inLanguage\":\"en-US\",\"potentialAction\":[{\"@type\":\"ReadAction\",\"target\":[\"https:\/\/www.monaxis.lt\/en\/parduotuve\/storage-rack-stow-400x295x110cm-additional-module-2112kg-kopija-2\/\"]}]},{\"@type\":\"ImageObject\",\"inLanguage\":\"en-US\",\"@id\":\"https:\/\/www.monaxis.lt\/en\/parduotuve\/storage-rack-stow-400x295x110cm-additional-module-2112kg-kopija-2\/#primaryimage\",\"url\":\"https:\/\/www.monaxis.lt\/wp-content\/uploads\/2024\/04\/Sandeliavimo-stelazas-STOW-500x295x110cm-papildomas-modulis-2112kg.webp\",\"contentUrl\":\"https:\/\/www.monaxis.lt\/wp-content\/uploads\/2024\/04\/Sandeliavimo-stelazas-STOW-500x295x110cm-papildomas-modulis-2112kg.webp\",\"width\":1024,\"height\":1024},{\"@type\":\"BreadcrumbList\",\"@id\":\"https:\/\/www.monaxis.lt\/en\/parduotuve\/storage-rack-stow-400x295x110cm-additional-module-2112kg-kopija-2\/#breadcrumb\",\"itemListElement\":[{\"@type\":\"ListItem\",\"position\":1,\"name\":\"Pagrindinis\",\"item\":\"https:\/\/www.monaxis.lt\/en\/\"},{\"@type\":\"ListItem\",\"position\":2,\"name\":\"Shop\",\"item\":\"https:\/\/www.monaxis.lt\/en\/shop\/\"},{\"@type\":\"ListItem\",\"position\":3,\"name\":\"Sand\u0117liavimo \u012franga\",\"item\":\"https:\/\/www.monaxis.lt\/produkto-kategorija\/sandeliavimo-iranga\/\"},{\"@type\":\"ListItem\",\"position\":4,\"name\":\"Warehouse shelves\",\"item\":\"https:\/\/www.monaxis.lt\/en\/produkto-kategorija\/storage-equipment\/warehouse-shelves\/\"},{\"@type\":\"ListItem\",\"position\":5,\"name\":\"Storage rack STOW 500x295x110cm additional module 2112kg\"}]},{\"@type\":\"WebSite\",\"@id\":\"https:\/\/www.monaxis.lt\/en\/#website\",\"url\":\"https:\/\/www.monaxis.lt\/en\/\",\"name\":\"Monaxis\",\"description\":\"Prekybin\u0117, bei \u0161aldymo \u012franga\",\"publisher\":{\"@id\":\"https:\/\/www.monaxis.lt\/en\/#organization\"},\"potentialAction\":[{\"@type\":\"SearchAction\",\"target\":{\"@type\":\"EntryPoint\",\"urlTemplate\":\"https:\/\/www.monaxis.lt\/en\/?s={search_term_string}\"},\"query-input\":{\"@type\":\"PropertyValueSpecification\",\"valueRequired\":true,\"valueName\":\"search_term_string\"}}],\"inLanguage\":\"en-US\"},{\"@type\":\"Organization\",\"@id\":\"https:\/\/www.monaxis.lt\/en\/#organization\",\"name\":\"Monaxis\",\"url\":\"https:\/\/www.monaxis.lt\/en\/\",\"logo\":{\"@type\":\"ImageObject\",\"inLanguage\":\"en-US\",\"@id\":\"https:\/\/www.monaxis.lt\/en\/#\/schema\/logo\/image\/\",\"url\":\"https:\/\/www.monaxis.lt\/wp-content\/uploads\/2023\/03\/logo-1.png\",\"contentUrl\":\"https:\/\/www.monaxis.lt\/wp-content\/uploads\/2023\/03\/logo-1.png\",\"width\":205,\"height\":58,\"caption\":\"Monaxis\"},\"image\":{\"@id\":\"https:\/\/www.monaxis.lt\/en\/#\/schema\/logo\/image\/\"}}]}<\/script>\n<!-- \/ Yoast SEO plugin. -->","yoast_head_json":{"title":"Storage rack STOW 500x295x110cm additional module 2112kg | Monaxis","robots":{"index":"index","follow":"follow","max-snippet":"max-snippet:-1","max-image-preview":"max-image-preview:large","max-video-preview":"max-video-preview:-1"},"canonical":"https:\/\/www.monaxis.lt\/en\/parduotuve\/storage-rack-stow-400x295x110cm-additional-module-2112kg-kopija-2\/","og_locale":"en_US","og_type":"article","og_title":"Storage rack STOW 500x295x110cm additional module 2112kg | Monaxis","og_description":"Delivery      2-10 d.d.     Available load level 1     1056kg     &nbsp;","og_url":"https:\/\/www.monaxis.lt\/en\/parduotuve\/storage-rack-stow-400x295x110cm-additional-module-2112kg-kopija-2\/","og_site_name":"Monaxis","article_modified_time":"2026-03-21T12:39:14+00:00","og_image":[{"width":1024,"height":1024,"url":"https:\/\/www.monaxis.lt\/wp-content\/uploads\/2024\/04\/Sandeliavimo-stelazas-STOW-500x295x110cm-papildomas-modulis-2112kg.webp","type":"image\/webp"}],"twitter_card":"summary_large_image","twitter_misc":{"Est. reading time":"2 minutes"},"schema":{"@context":"https:\/\/schema.org","@graph":[{"@type":"WebPage","@id":"https:\/\/www.monaxis.lt\/en\/parduotuve\/storage-rack-stow-400x295x110cm-additional-module-2112kg-kopija-2\/","url":"https:\/\/www.monaxis.lt\/en\/parduotuve\/storage-rack-stow-400x295x110cm-additional-module-2112kg-kopija-2\/","name":"Storage rack STOW 500x295x110cm additional module 2112kg | Monaxis","isPartOf":{"@id":"https:\/\/www.monaxis.lt\/en\/#website"},"primaryImageOfPage":{"@id":"https:\/\/www.monaxis.lt\/en\/parduotuve\/storage-rack-stow-400x295x110cm-additional-module-2112kg-kopija-2\/#primaryimage"},"image":{"@id":"https:\/\/www.monaxis.lt\/en\/parduotuve\/storage-rack-stow-400x295x110cm-additional-module-2112kg-kopija-2\/#primaryimage"},"thumbnailUrl":"https:\/\/www.monaxis.lt\/wp-content\/uploads\/2024\/04\/Sandeliavimo-stelazas-STOW-500x295x110cm-papildomas-modulis-2112kg.webp","datePublished":"2024-04-14T12:32:57+00:00","dateModified":"2026-03-21T12:39:14+00:00","breadcrumb":{"@id":"https:\/\/www.monaxis.lt\/en\/parduotuve\/storage-rack-stow-400x295x110cm-additional-module-2112kg-kopija-2\/#breadcrumb"},"inLanguage":"en-US","potentialAction":[{"@type":"ReadAction","target":["https:\/\/www.monaxis.lt\/en\/parduotuve\/storage-rack-stow-400x295x110cm-additional-module-2112kg-kopija-2\/"]}]},{"@type":"ImageObject","inLanguage":"en-US","@id":"https:\/\/www.monaxis.lt\/en\/parduotuve\/storage-rack-stow-400x295x110cm-additional-module-2112kg-kopija-2\/#primaryimage","url":"https:\/\/www.monaxis.lt\/wp-content\/uploads\/2024\/04\/Sandeliavimo-stelazas-STOW-500x295x110cm-papildomas-modulis-2112kg.webp","contentUrl":"https:\/\/www.monaxis.lt\/wp-content\/uploads\/2024\/04\/Sandeliavimo-stelazas-STOW-500x295x110cm-papildomas-modulis-2112kg.webp","width":1024,"height":1024},{"@type":"BreadcrumbList","@id":"https:\/\/www.monaxis.lt\/en\/parduotuve\/storage-rack-stow-400x295x110cm-additional-module-2112kg-kopija-2\/#breadcrumb","itemListElement":[{"@type":"ListItem","position":1,"name":"Pagrindinis","item":"https:\/\/www.monaxis.lt\/en\/"},{"@type":"ListItem","position":2,"name":"Shop","item":"https:\/\/www.monaxis.lt\/en\/shop\/"},{"@type":"ListItem","position":3,"name":"Sand\u0117liavimo \u012franga","item":"https:\/\/www.monaxis.lt\/produkto-kategorija\/sandeliavimo-iranga\/"},{"@type":"ListItem","position":4,"name":"Warehouse shelves","item":"https:\/\/www.monaxis.lt\/en\/produkto-kategorija\/storage-equipment\/warehouse-shelves\/"},{"@type":"ListItem","position":5,"name":"Storage rack STOW 500x295x110cm additional module 2112kg"}]},{"@type":"WebSite","@id":"https:\/\/www.monaxis.lt\/en\/#website","url":"https:\/\/www.monaxis.lt\/en\/","name":"Monaxis","description":"Prekybin\u0117, bei \u0161aldymo \u012franga","publisher":{"@id":"https:\/\/www.monaxis.lt\/en\/#organization"},"potentialAction":[{"@type":"SearchAction","target":{"@type":"EntryPoint","urlTemplate":"https:\/\/www.monaxis.lt\/en\/?s={search_term_string}"},"query-input":{"@type":"PropertyValueSpecification","valueRequired":true,"valueName":"search_term_string"}}],"inLanguage":"en-US"},{"@type":"Organization","@id":"https:\/\/www.monaxis.lt\/en\/#organization","name":"Monaxis","url":"https:\/\/www.monaxis.lt\/en\/","logo":{"@type":"ImageObject","inLanguage":"en-US","@id":"https:\/\/www.monaxis.lt\/en\/#\/schema\/logo\/image\/","url":"https:\/\/www.monaxis.lt\/wp-content\/uploads\/2023\/03\/logo-1.png","contentUrl":"https:\/\/www.monaxis.lt\/wp-content\/uploads\/2023\/03\/logo-1.png","width":205,"height":58,"caption":"Monaxis"},"image":{"@id":"https:\/\/www.monaxis.lt\/en\/#\/schema\/logo\/image\/"}}]}},"_links":{"self":[{"href":"https:\/\/www.monaxis.lt\/en\/wp-json\/wp\/v2\/product\/17234","targetHints":{"allow":["GET"]}}],"collection":[{"href":"https:\/\/www.monaxis.lt\/en\/wp-json\/wp\/v2\/product"}],"about":[{"href":"https:\/\/www.monaxis.lt\/en\/wp-json\/wp\/v2\/types\/product"}],"replies":[{"embeddable":true,"href":"https:\/\/www.monaxis.lt\/en\/wp-json\/wp\/v2\/comments?post=17234"}],"wp:featuredmedia":[{"embeddable":true,"href":"https:\/\/www.monaxis.lt\/en\/wp-json\/wp\/v2\/media\/17236"}],"wp:attachment":[{"href":"https:\/\/www.monaxis.lt\/en\/wp-json\/wp\/v2\/media?parent=17234"}],"wp:term":[{"taxonomy":"product_brand","embeddable":true,"href":"https:\/\/www.monaxis.lt\/en\/wp-json\/wp\/v2\/product_brand?post=17234"},{"taxonomy":"product_cat","embeddable":true,"href":"https:\/\/www.monaxis.lt\/en\/wp-json\/wp\/v2\/product_cat?post=17234"},{"taxonomy":"product_tag","embeddable":true,"href":"https:\/\/www.monaxis.lt\/en\/wp-json\/wp\/v2\/product_tag?post=17234"}],"curies":[{"name":"wp","href":"https:\/\/api.w.org\/{rel}","templated":true}]}}