{"id":17374,"date":"2024-04-22T09:30:57","date_gmt":"2024-04-22T06:30:57","guid":{"rendered":"https:\/\/www.monaxis.lt\/parduotuve\/refrigerated-display-cabinet-rapa-l-b2-122-90cm\/"},"modified":"2026-03-21T14:01:06","modified_gmt":"2026-03-21T12:01:06","slug":"refrigerated-display-cabinet-rapa-l-b2-122-90cm","status":"publish","type":"product","link":"https:\/\/www.monaxis.lt\/en\/parduotuve\/refrigerated-display-cabinet-rapa-l-b2-122-90cm\/","title":{"rendered":"Refrigerated display cabinet RAPA L-B2 122\/90cm"},"content":{"rendered":"<h3><strong>RAPA L-B2 refrigerated display cabinets, 122 cm long, with LED lighting<\/strong><\/h3>\n<div>The 122 cm long RAPA L-B2 refrigerated display cabinet with LED lighting is an essential unit for businesses selling perishable goods such as meat, fish or cheese. The design of the unit ensures optimum refrigeration to maintain freshness for a long time. The tempered glass windscreen, divided into two parts, makes restocking and organisation easier.<\/div>\n<div><\/div>\n<div>This display cabinet, made with a stainless steel work surface, guarantees food safety standards. Customers can choose from a wide range of colours to suit their aesthetic preferences.<\/div>\n<div><\/div>\n<div>Standard features include a tiltable tempered windscreen, LED lighting tailored to improve product presentation, and night curtains to reduce frost loss during off-hours. The combination of stainless steel, plastic sides and customisable outer casing colours ensures durability and visual appeal.<\/div>\n<h3><strong>Standard RAPA display equipment:<\/strong><\/h3>\n<ul>\n<li>Curved, tilting, tempered windscreen.<\/li>\n<li><strong>LED lighting<\/strong> adapted to the products.<\/li>\n<li> <strong>Night curtains<\/strong> &#8211; reduce cold loss.<\/li>\n<li>Sides made of plastic.<\/li>\n<li>The outer casing is made of stainless steel, painted in a colour chosen from the RAPA sample.<\/li>\n<li>Divided, removable <strong>stainless steel &#8220;mirror&#8221; screen bottom<\/strong><\/li>\n<li>The inner canopy is made of stainless steel with soft bumpers.<\/li>\n<li>Electronic thermometer on the customer side.<\/li>\n<li>The worktop is made of polished stainless steel <strong>&#8211; width 28 cm.<\/strong><\/li>\n<li>Adjustable feet make it easier to level the unit.<\/li>\n<li>Storage chamber without threshold, made of INOX stainless steel.<\/li>\n<\/ul>\n<p><strong>Refrigerated display cabinet cooling and control system:<\/strong><\/p>\n<ul>\n<li>Climate Class 3.<\/li>\n<li>Dynamic cooling.<\/li>\n<li>The condensate drains into a container.<\/li>\n<li><strong>No Frost<\/strong> automatic defrost function .<\/li>\n<li>The indoor unit is powered by environmentally friendly <strong>R-290<\/strong> refrigerant <strong>.<\/strong><\/li>\n<li>Electronic temperature controller with display on the operating side &#8211; ( <strong>temperature range +1\u00b0C +10\u00b0C<\/strong> ).<\/li>\n<\/ul>\n","protected":false},"excerpt":{"rendered":"<div class=\"product__parameter__name\">\n<div>\n<div class=\"product__parameter__name\">\n<div class=\"product__parameter__name\"><strong><span class=\"product__parameter__name__text\"><img decoding=\"async\" class=\"alignnone wp-image-7601\" src=\"https:\/\/www.monaxis.lt\/wp-content\/uploads\/2023\/03\/delivery-1-150x150.png\" alt=\"\" width=\"26\" height=\"26\" srcset=\"https:\/\/www.monaxis.lt\/wp-content\/uploads\/2023\/03\/delivery-1-150x150.png 150w, https:\/\/www.monaxis.lt\/wp-content\/uploads\/2023\/03\/delivery-1-300x300.png 300w, https:\/\/www.monaxis.lt\/wp-content\/uploads\/2023\/03\/delivery-1.png 512w\" sizes=\"(max-width: 26px) 100vw, 26px\" \/> Delivery <\/span><\/strong><\/div>\n<div class=\"product__parameter__value\"><span class=\"product__parameter__value__text\">     <strong>   <span style=\"font-size: 75%; color: #999999;\"> Advance order 8-15 d.d.<\/span><\/strong><\/span><\/div>\n<hr>\n<\/div>\n<div class=\"product__parameter__name\"><strong><span class=\"product__parameter__name__text\"><img decoding=\"async\" class=\"alignnone wp-image-7806\" style=\"color: #333333;\" src=\"https:\/\/www.monaxis.lt\/wp-content\/uploads\/2023\/01\/temperature-4.png\" alt=\"\" width=\"23\" height=\"23\"> Maintained temperature<\/span><\/strong><\/div>\n<div class=\"product__parameter__value\"><span class=\"product__parameter__value__text\" style=\"font-size: 75%;\">     <strong>   <span style=\"color: #999999;\">    <\/span><\/strong><\/span><span style=\"color: #999999;\"><strong><span style=\"font-size: 75%;\">(+1 \u00f7 +10 \u00b0C)<\/span><\/strong><\/span><\/div>\n<\/div>\n<div>\n<hr>\n<\/div>\n<div>\n<div class=\"product__parameter__name\"><strong><span class=\"product__parameter__name__text\"><img decoding=\"async\" class=\"alignnone wp-image-7807\" src=\"https:\/\/www.monaxis.lt\/wp-content\/uploads\/2023\/01\/refrigerant.png\" alt=\"\" width=\"23\" height=\"23\"> Refrigerant<\/span><\/strong><\/div>\n<div class=\"product__parameter__value\"><span class=\"product__parameter__value__text\" style=\"font-size: 75%;\">       <span style=\"color: #808080;\">  <span style=\"color: #999999;\"><strong>R290<\/strong><\/span><\/span><\/span><\/div>\n<\/div>\n<\/div>\n<div class=\"product__parameter__value\">\n<hr>\n<\/div>\n<p><strong><img decoding=\"async\" class=\"alignnone wp-image-7810\" src=\"https:\/\/www.monaxis.lt\/wp-content\/uploads\/2023\/01\/komplektuojama.png\" alt=\"\" width=\"23\" height=\"23\"> Comes with<\/strong><br \/>\n<strong><span style=\"font-size: 75%; color: #999999;\">  Refrigerated display cabinet &#8211; 1pc<\/span><\/strong><br \/>\n<strong><span style=\"font-size: 75%; color: #999999;\"> Warranty card<\/span><\/strong><br \/>\n<strong><span style=\"font-size: 75%; color: #999999;\"> Proof of purchase &#8211; Receipt \/ FV<\/span><\/strong><\/p>\n","protected":false},"featured_media":17396,"comment_status":"open","ping_status":"closed","template":"","meta":[],"product_brand":[],"product_cat":[168],"product_tag":[],"class_list":{"0":"post-17374","1":"product","2":"type-product","3":"status-publish","4":"has-post-thumbnail","6":"product_cat-refrigerated-counters","7":"pa_aukstis-122cm-en","8":"pa_bukle-new-en","9":"pa_ilgis-122cm-en","10":"pa_plotis-90cm-en","11":"pa_spalva-ral2004-en-2","12":"pa_spalva-ral3020-en","13":"pa_spalva-ral5002-en","14":"pa_spalva-ral6017-en-2","15":"pa_spalva-ral7004-en-2","16":"pa_spalva-ral7016-en","17":"pa_spalva-ral8016-en","18":"pa_spalva-ral9003-en","19":"pa_spalva-ral9005-en-2","20":"pa_spalva-ral9006-en-2","21":"pa_temperaturos-diapazonas-c-1--10-c-en","23":"first","24":"onbackorder","25":"taxable","26":"shipping-taxable","27":"product-type-variable","28":"has-default-attributes"},"yoast_head":"<!-- This site is optimized with the Yoast SEO plugin v27.1.1 - https:\/\/yoast.com\/product\/yoast-seo-wordpress\/ -->\n<title>Refrigerated display cabinets RAPA 122\/90cm | Monaxis<\/title>\n<meta name=\"description\" content=\"New and used refrigerated display cabinets at affordable prices at Monaxis.lt. Wide selection, fast delivery, visit now!\" \/>\n<meta name=\"robots\" content=\"index, follow, max-snippet:-1, max-image-preview:large, max-video-preview:-1\" \/>\n<link rel=\"canonical\" href=\"https:\/\/www.monaxis.lt\/en\/parduotuve\/refrigerated-display-cabinet-rapa-l-b2-122-90cm\/\" \/>\n<meta property=\"og:locale\" content=\"en_US\" \/>\n<meta property=\"og:type\" content=\"article\" \/>\n<meta property=\"og:title\" content=\"Refrigerated display cabinets RAPA 122\/90cm | Monaxis\" \/>\n<meta property=\"og:description\" content=\"New and used refrigerated display cabinets at affordable prices at Monaxis.lt. Wide selection, fast delivery, visit now!\" \/>\n<meta property=\"og:url\" content=\"https:\/\/www.monaxis.lt\/en\/parduotuve\/refrigerated-display-cabinet-rapa-l-b2-122-90cm\/\" \/>\n<meta property=\"og:site_name\" content=\"Monaxis\" \/>\n<meta property=\"article:modified_time\" content=\"2026-03-21T12:01:06+00:00\" \/>\n<meta property=\"og:image\" content=\"https:\/\/www.monaxis.lt\/wp-content\/uploads\/2024\/04\/RAPA-L-B2-RAL9003-1.webp\" \/>\n\t<meta property=\"og:image:width\" content=\"1000\" \/>\n\t<meta property=\"og:image:height\" content=\"1000\" \/>\n\t<meta property=\"og:image:type\" content=\"image\/webp\" \/>\n<meta name=\"twitter:card\" content=\"summary_large_image\" \/>\n<meta name=\"twitter:label1\" content=\"Est. reading time\" \/>\n\t<meta name=\"twitter:data1\" content=\"1 minute\" \/>\n<script type=\"application\/ld+json\" class=\"yoast-schema-graph\">{\"@context\":\"https:\/\/schema.org\",\"@graph\":[{\"@type\":\"WebPage\",\"@id\":\"https:\/\/www.monaxis.lt\/en\/parduotuve\/refrigerated-display-cabinet-rapa-l-b2-122-90cm\/\",\"url\":\"https:\/\/www.monaxis.lt\/en\/parduotuve\/refrigerated-display-cabinet-rapa-l-b2-122-90cm\/\",\"name\":\"Refrigerated display cabinets RAPA 122\/90cm | Monaxis\",\"isPartOf\":{\"@id\":\"https:\/\/www.monaxis.lt\/en\/#website\"},\"primaryImageOfPage\":{\"@id\":\"https:\/\/www.monaxis.lt\/en\/parduotuve\/refrigerated-display-cabinet-rapa-l-b2-122-90cm\/#primaryimage\"},\"image\":{\"@id\":\"https:\/\/www.monaxis.lt\/en\/parduotuve\/refrigerated-display-cabinet-rapa-l-b2-122-90cm\/#primaryimage\"},\"thumbnailUrl\":\"https:\/\/www.monaxis.lt\/wp-content\/uploads\/2024\/04\/RAPA-L-B2-RAL9003-1.webp\",\"datePublished\":\"2024-04-22T06:30:57+00:00\",\"dateModified\":\"2026-03-21T12:01:06+00:00\",\"description\":\"New and used refrigerated display cabinets at affordable prices at Monaxis.lt. Wide selection, fast delivery, visit now!\",\"breadcrumb\":{\"@id\":\"https:\/\/www.monaxis.lt\/en\/parduotuve\/refrigerated-display-cabinet-rapa-l-b2-122-90cm\/#breadcrumb\"},\"inLanguage\":\"en-US\",\"potentialAction\":[{\"@type\":\"ReadAction\",\"target\":[\"https:\/\/www.monaxis.lt\/en\/parduotuve\/refrigerated-display-cabinet-rapa-l-b2-122-90cm\/\"]}]},{\"@type\":\"ImageObject\",\"inLanguage\":\"en-US\",\"@id\":\"https:\/\/www.monaxis.lt\/en\/parduotuve\/refrigerated-display-cabinet-rapa-l-b2-122-90cm\/#primaryimage\",\"url\":\"https:\/\/www.monaxis.lt\/wp-content\/uploads\/2024\/04\/RAPA-L-B2-RAL9003-1.webp\",\"contentUrl\":\"https:\/\/www.monaxis.lt\/wp-content\/uploads\/2024\/04\/RAPA-L-B2-RAL9003-1.webp\",\"width\":1000,\"height\":1000},{\"@type\":\"BreadcrumbList\",\"@id\":\"https:\/\/www.monaxis.lt\/en\/parduotuve\/refrigerated-display-cabinet-rapa-l-b2-122-90cm\/#breadcrumb\",\"itemListElement\":[{\"@type\":\"ListItem\",\"position\":1,\"name\":\"Pagrindinis\",\"item\":\"https:\/\/www.monaxis.lt\/en\/\"},{\"@type\":\"ListItem\",\"position\":2,\"name\":\"Shop\",\"item\":\"https:\/\/www.monaxis.lt\/en\/shop\/\"},{\"@type\":\"ListItem\",\"position\":3,\"name\":\"Commercial refrigeration equipment\",\"item\":\"https:\/\/www.monaxis.lt\/en\/produkto-kategorija\/commercial-refrigeration-equipment-en\/\"},{\"@type\":\"ListItem\",\"position\":4,\"name\":\"\u0160aldymo vitrinos\",\"item\":\"https:\/\/www.monaxis.lt\/produkto-kategorija\/prekybine-saldymo-iranga\/saldymo-prekystaliai\/\"},{\"@type\":\"ListItem\",\"position\":5,\"name\":\"Refrigerated display cabinet RAPA L-B2 122\/90cm\"}]},{\"@type\":\"WebSite\",\"@id\":\"https:\/\/www.monaxis.lt\/en\/#website\",\"url\":\"https:\/\/www.monaxis.lt\/en\/\",\"name\":\"Monaxis\",\"description\":\"Prekybin\u0117, bei \u0161aldymo \u012franga\",\"publisher\":{\"@id\":\"https:\/\/www.monaxis.lt\/en\/#organization\"},\"potentialAction\":[{\"@type\":\"SearchAction\",\"target\":{\"@type\":\"EntryPoint\",\"urlTemplate\":\"https:\/\/www.monaxis.lt\/en\/?s={search_term_string}\"},\"query-input\":{\"@type\":\"PropertyValueSpecification\",\"valueRequired\":true,\"valueName\":\"search_term_string\"}}],\"inLanguage\":\"en-US\"},{\"@type\":\"Organization\",\"@id\":\"https:\/\/www.monaxis.lt\/en\/#organization\",\"name\":\"Monaxis\",\"url\":\"https:\/\/www.monaxis.lt\/en\/\",\"logo\":{\"@type\":\"ImageObject\",\"inLanguage\":\"en-US\",\"@id\":\"https:\/\/www.monaxis.lt\/en\/#\/schema\/logo\/image\/\",\"url\":\"https:\/\/www.monaxis.lt\/wp-content\/uploads\/2023\/03\/logo-1.png\",\"contentUrl\":\"https:\/\/www.monaxis.lt\/wp-content\/uploads\/2023\/03\/logo-1.png\",\"width\":205,\"height\":58,\"caption\":\"Monaxis\"},\"image\":{\"@id\":\"https:\/\/www.monaxis.lt\/en\/#\/schema\/logo\/image\/\"}}]}<\/script>\n<!-- \/ Yoast SEO plugin. -->","yoast_head_json":{"title":"Refrigerated display cabinets RAPA 122\/90cm | Monaxis","description":"New and used refrigerated display cabinets at affordable prices at Monaxis.lt. Wide selection, fast delivery, visit now!","robots":{"index":"index","follow":"follow","max-snippet":"max-snippet:-1","max-image-preview":"max-image-preview:large","max-video-preview":"max-video-preview:-1"},"canonical":"https:\/\/www.monaxis.lt\/en\/parduotuve\/refrigerated-display-cabinet-rapa-l-b2-122-90cm\/","og_locale":"en_US","og_type":"article","og_title":"Refrigerated display cabinets RAPA 122\/90cm | Monaxis","og_description":"New and used refrigerated display cabinets at affordable prices at Monaxis.lt. Wide selection, fast delivery, visit now!","og_url":"https:\/\/www.monaxis.lt\/en\/parduotuve\/refrigerated-display-cabinet-rapa-l-b2-122-90cm\/","og_site_name":"Monaxis","article_modified_time":"2026-03-21T12:01:06+00:00","og_image":[{"width":1000,"height":1000,"url":"https:\/\/www.monaxis.lt\/wp-content\/uploads\/2024\/04\/RAPA-L-B2-RAL9003-1.webp","type":"image\/webp"}],"twitter_card":"summary_large_image","twitter_misc":{"Est. reading time":"1 minute"},"schema":{"@context":"https:\/\/schema.org","@graph":[{"@type":"WebPage","@id":"https:\/\/www.monaxis.lt\/en\/parduotuve\/refrigerated-display-cabinet-rapa-l-b2-122-90cm\/","url":"https:\/\/www.monaxis.lt\/en\/parduotuve\/refrigerated-display-cabinet-rapa-l-b2-122-90cm\/","name":"Refrigerated display cabinets RAPA 122\/90cm | Monaxis","isPartOf":{"@id":"https:\/\/www.monaxis.lt\/en\/#website"},"primaryImageOfPage":{"@id":"https:\/\/www.monaxis.lt\/en\/parduotuve\/refrigerated-display-cabinet-rapa-l-b2-122-90cm\/#primaryimage"},"image":{"@id":"https:\/\/www.monaxis.lt\/en\/parduotuve\/refrigerated-display-cabinet-rapa-l-b2-122-90cm\/#primaryimage"},"thumbnailUrl":"https:\/\/www.monaxis.lt\/wp-content\/uploads\/2024\/04\/RAPA-L-B2-RAL9003-1.webp","datePublished":"2024-04-22T06:30:57+00:00","dateModified":"2026-03-21T12:01:06+00:00","description":"New and used refrigerated display cabinets at affordable prices at Monaxis.lt. Wide selection, fast delivery, visit now!","breadcrumb":{"@id":"https:\/\/www.monaxis.lt\/en\/parduotuve\/refrigerated-display-cabinet-rapa-l-b2-122-90cm\/#breadcrumb"},"inLanguage":"en-US","potentialAction":[{"@type":"ReadAction","target":["https:\/\/www.monaxis.lt\/en\/parduotuve\/refrigerated-display-cabinet-rapa-l-b2-122-90cm\/"]}]},{"@type":"ImageObject","inLanguage":"en-US","@id":"https:\/\/www.monaxis.lt\/en\/parduotuve\/refrigerated-display-cabinet-rapa-l-b2-122-90cm\/#primaryimage","url":"https:\/\/www.monaxis.lt\/wp-content\/uploads\/2024\/04\/RAPA-L-B2-RAL9003-1.webp","contentUrl":"https:\/\/www.monaxis.lt\/wp-content\/uploads\/2024\/04\/RAPA-L-B2-RAL9003-1.webp","width":1000,"height":1000},{"@type":"BreadcrumbList","@id":"https:\/\/www.monaxis.lt\/en\/parduotuve\/refrigerated-display-cabinet-rapa-l-b2-122-90cm\/#breadcrumb","itemListElement":[{"@type":"ListItem","position":1,"name":"Pagrindinis","item":"https:\/\/www.monaxis.lt\/en\/"},{"@type":"ListItem","position":2,"name":"Shop","item":"https:\/\/www.monaxis.lt\/en\/shop\/"},{"@type":"ListItem","position":3,"name":"Commercial refrigeration equipment","item":"https:\/\/www.monaxis.lt\/en\/produkto-kategorija\/commercial-refrigeration-equipment-en\/"},{"@type":"ListItem","position":4,"name":"\u0160aldymo vitrinos","item":"https:\/\/www.monaxis.lt\/produkto-kategorija\/prekybine-saldymo-iranga\/saldymo-prekystaliai\/"},{"@type":"ListItem","position":5,"name":"Refrigerated display cabinet RAPA L-B2 122\/90cm"}]},{"@type":"WebSite","@id":"https:\/\/www.monaxis.lt\/en\/#website","url":"https:\/\/www.monaxis.lt\/en\/","name":"Monaxis","description":"Prekybin\u0117, bei \u0161aldymo \u012franga","publisher":{"@id":"https:\/\/www.monaxis.lt\/en\/#organization"},"potentialAction":[{"@type":"SearchAction","target":{"@type":"EntryPoint","urlTemplate":"https:\/\/www.monaxis.lt\/en\/?s={search_term_string}"},"query-input":{"@type":"PropertyValueSpecification","valueRequired":true,"valueName":"search_term_string"}}],"inLanguage":"en-US"},{"@type":"Organization","@id":"https:\/\/www.monaxis.lt\/en\/#organization","name":"Monaxis","url":"https:\/\/www.monaxis.lt\/en\/","logo":{"@type":"ImageObject","inLanguage":"en-US","@id":"https:\/\/www.monaxis.lt\/en\/#\/schema\/logo\/image\/","url":"https:\/\/www.monaxis.lt\/wp-content\/uploads\/2023\/03\/logo-1.png","contentUrl":"https:\/\/www.monaxis.lt\/wp-content\/uploads\/2023\/03\/logo-1.png","width":205,"height":58,"caption":"Monaxis"},"image":{"@id":"https:\/\/www.monaxis.lt\/en\/#\/schema\/logo\/image\/"}}]}},"_links":{"self":[{"href":"https:\/\/www.monaxis.lt\/en\/wp-json\/wp\/v2\/product\/17374","targetHints":{"allow":["GET"]}}],"collection":[{"href":"https:\/\/www.monaxis.lt\/en\/wp-json\/wp\/v2\/product"}],"about":[{"href":"https:\/\/www.monaxis.lt\/en\/wp-json\/wp\/v2\/types\/product"}],"replies":[{"embeddable":true,"href":"https:\/\/www.monaxis.lt\/en\/wp-json\/wp\/v2\/comments?post=17374"}],"wp:featuredmedia":[{"embeddable":true,"href":"https:\/\/www.monaxis.lt\/en\/wp-json\/wp\/v2\/media\/17396"}],"wp:attachment":[{"href":"https:\/\/www.monaxis.lt\/en\/wp-json\/wp\/v2\/media?parent=17374"}],"wp:term":[{"taxonomy":"product_brand","embeddable":true,"href":"https:\/\/www.monaxis.lt\/en\/wp-json\/wp\/v2\/product_brand?post=17374"},{"taxonomy":"product_cat","embeddable":true,"href":"https:\/\/www.monaxis.lt\/en\/wp-json\/wp\/v2\/product_cat?post=17374"},{"taxonomy":"product_tag","embeddable":true,"href":"https:\/\/www.monaxis.lt\/en\/wp-json\/wp\/v2\/product_tag?post=17374"}],"curies":[{"name":"wp","href":"https:\/\/api.w.org\/{rel}","templated":true}]}}