{"id":18609,"date":"2024-08-14T15:55:12","date_gmt":"2024-08-14T12:55:12","guid":{"rendered":"https:\/\/www.monaxis.lt\/?post_type=product&#038;p=18609"},"modified":"2026-03-21T13:30:59","modified_gmt":"2026-03-21T11:30:59","slug":"refrigerated-box-mega-m-x195-662l-copy-2","status":"publish","type":"product","link":"https:\/\/www.monaxis.lt\/en\/parduotuve\/refrigerated-box-mega-m-x195-662l-copy-2\/","title":{"rendered":"Freezer Mega-M i185 437L"},"content":{"rendered":"<h3><strong>Mega-M OZI i185 horizontal freezer W-185 cm D-85 cm H-87 cm<\/strong><\/h3>\n<p><strong>Mega-M<\/strong> industrial freezers with a capacity of 437 <strong>l<\/strong> for <strong>freezing and displaying food.<\/strong> They are characterised by their modern design as well as functionality and ease of use. The industrial freezers allow the <strong>freezing of ice-cream, fruit, vegetables, meat, fish and frozen ready-made products.<\/strong> The units use components from well-known brands to guarantee a long product life. The professional freezer has a <strong>modern opening design<\/strong> which, thanks to the sliding door, allows several people to use the freezer at the same time. The <strong>integrated <\/strong><strong>LED lighting<\/strong> improves the visibility of frozen products.  <\/p>\n<h4><strong>Benefits of the Mega-M OZI i185:  <\/strong><\/h4>\n<ul>\n<li><strong>The body of the industrial freezer<\/strong> is made of powder-coated steel.<\/li>\n<li>Protective tape to prevent accidental damage to the unit .<\/li>\n<li>The interior of the camera is made of aluminium.<\/li>\n<li><b>The industrial freezers have a large capacity of 437L.<\/b><\/li>\n<li>The modern sliding glass opening system allows two or more people to use the freezer at the same time.<\/li>\n<li><strong>LED lighting<\/strong> improves the visibility of product displays.<\/li>\n<li><strong>Wheels with brakes<\/strong> make it easy to transport and move the unit.<\/li>\n<\/ul>\n<h4><strong>  Control and freezing functions of an industrial freezer:<\/strong><\/h4>\n<ul>\n<li><strong>NoFrost technology<\/strong> eliminates the need to defrost your appliance regularly.<\/li>\n<li><strong>The static cooling system <\/strong> ensures low electricity consumption.<\/li>\n<li><strong>The electronic control panel with digital display<\/strong> allows you to set the temperature <strong>from -18 to -22\u00b0C<\/strong>.<\/li>\n<li><strong>An efficient compressor<\/strong> ensures proper efficiency and energy efficiency of the unit.<\/li>\n<\/ul>\n<h4><strong>Industrial freezers Mega-M OZI i185  <\/strong><\/h4>\n<p>A glazed freezer can play a key role in establishments such as  <strong>restaurants, supermarkets and pharmacies.<\/strong> In food businesses such as restaurants and supermarkets, a freezer is essential to ensure food safety and thus reduce waste. The fridge is a combination of functionality, efficiency and cost-effectiveness. Depending on the need, the freezer hood is ideal for freezing  <strong>ice cream<\/strong> cream ,  <strong>fish &lt;\/span  &gt;<\/strong><strong>, meat, <\/strong> <b>frozen food, <\/b><strong>vegetables <\/strong><strong>and <\/strong><strong>fruit.<\/strong><\/p>\n","protected":false},"excerpt":{"rendered":"<div class=\"product__parameter__name\"><strong><span class=\"product__parameter__name__text\"><img decoding=\"async\" class=\"alignnone wp-image-7601\" src=\"https:\/\/www.monaxis.lt\/wp-content\/uploads\/2023\/03\/delivery-1-150x150.png\" alt=\"\" width=\"23\" height=\"23\" srcset=\"https:\/\/www.monaxis.lt\/wp-content\/uploads\/2023\/03\/delivery-1-150x150.png 150w, https:\/\/www.monaxis.lt\/wp-content\/uploads\/2023\/03\/delivery-1-300x300.png 300w, https:\/\/www.monaxis.lt\/wp-content\/uploads\/2023\/03\/delivery-1.png 512w\" sizes=\"(max-width: 23px) 100vw, 23px\" \/> Delivery <\/span><\/strong><\/div>\n<div class=\"product__parameter__value\"><span class=\"product__parameter__value__text\" style=\"font-size: 75%;\">     <strong>   <span style=\"color: #999999;\"> 2-10 d.d.<\/span><\/strong><\/span><\/div>\n<div class=\"product__parameter__name\">\n<div class=\"product__parameter__value\">\n<hr>\n<\/div>\n<div>\n<div class=\"product__parameter__name\"><strong><span class=\"product__parameter__name__text\"><img decoding=\"async\" class=\"alignnone wp-image-7806\" style=\"color: #333333;\" src=\"https:\/\/www.monaxis.lt\/wp-content\/uploads\/2023\/01\/temperature-4.png\" alt=\"\" width=\"23\" height=\"23\"> Maintained temperature<\/span><\/strong><\/div>\n<div class=\"product__parameter__value\"><span class=\"product__parameter__value__text\" style=\"font-size: 75%;\">     <strong>   <span style=\"color: #999999;\">   <\/span><\/strong><\/span><span style=\"color: #999999;\"><strong><span style=\"font-size: 75%;\">(-18\u00b0C -22\u00b0C)<\/span><\/strong><\/span><\/div>\n<\/div>\n<div>\n<hr>\n<\/div>\n<div>\n<div class=\"product__parameter__name\"><strong><span class=\"product__parameter__name__text\"><img decoding=\"async\" class=\"alignnone wp-image-7807\" src=\"https:\/\/www.monaxis.lt\/wp-content\/uploads\/2023\/01\/refrigerant.png\" alt=\"\" width=\"23\" height=\"23\"> Refrigerant<\/span><\/strong><\/div>\n<div class=\"product__parameter__value\"><span class=\"product__parameter__value__text\" style=\"font-size: 75%;\">       <span style=\"color: #808080;\">  <span style=\"color: #999999;\"><strong>R290<\/strong><\/span><\/span><\/span><\/div>\n<\/div>\n<\/div>\n<div class=\"product__parameter__value\">\n<hr>\n<\/div>\n<p><strong><img decoding=\"async\" class=\"alignnone wp-image-7810\" src=\"https:\/\/www.monaxis.lt\/wp-content\/uploads\/2023\/01\/komplektuojama.png\" alt=\"\" width=\"23\" height=\"23\"> Comes with<\/strong><br \/>\n<strong><span style=\"font-size: 75%; color: #999999;\">  Freezer &#8211; 1 piece<\/span><\/strong><br \/>\n<strong><span style=\"font-size: 75%; color: #999999;\">          <\/span><\/strong><strong><span style=\"font-size: 75%; color: #999999;\">Vertical tabs &#8211; 3pcs<\/span><\/strong><br \/>\n<strong><span style=\"font-size: 75%; color: #999999;\">  Horizontal grilles &#8211; 5 pcs<\/span><\/strong><br \/>\n<strong><span style=\"font-size: 75%; color: #999999;\"> User Guide<\/span><\/strong><br \/>\n<strong><span style=\"font-size: 75%; color: #999999;\"> Warranty card<\/span><\/strong><br \/>\n<strong><span style=\"font-size: 75%; color: #999999;\"> Proof of purchase &#8211; Receipt \/ FV<\/span><\/strong><\/p>\n","protected":false},"featured_media":18611,"comment_status":"open","ping_status":"closed","template":"","meta":[],"product_brand":[],"product_cat":[66],"product_tag":[],"class_list":{"0":"post-18609","1":"product","2":"type-product","3":"status-publish","4":"has-post-thumbnail","6":"product_cat-horizontal-freezers-en","7":"pa_aukstis-87cm-en","8":"pa_bukle-new-en","9":"pa_ilgis-185cm-en","10":"pa_plotis-85cm-en","11":"pa_talpa-437l-en","12":"pa_temperaturos-diapazonas-c-18c-22c-en","14":"first","15":"instock","16":"taxable","17":"shipping-taxable","18":"purchasable","19":"product-type-simple"},"yoast_head":"<!-- This site is optimized with the Yoast SEO plugin v27.1.1 - https:\/\/yoast.com\/product\/yoast-seo-wordpress\/ -->\n<title>Industrial freezers OZI i185 | Monaxis | Refrigeration equipment<\/title>\n<meta name=\"description\" content=\"Mega-M industrial freezers feature a modern design as well as functionality and ease of use. Fast delivery throughout Lithuania\" \/>\n<meta name=\"robots\" content=\"index, follow, max-snippet:-1, max-image-preview:large, max-video-preview:-1\" \/>\n<link rel=\"canonical\" href=\"https:\/\/www.monaxis.lt\/en\/parduotuve\/refrigerated-box-mega-m-x195-662l-copy-2\/\" \/>\n<meta property=\"og:locale\" content=\"en_US\" \/>\n<meta property=\"og:type\" content=\"article\" \/>\n<meta property=\"og:title\" content=\"Industrial freezers OZI i185 | Monaxis | Refrigeration equipment\" \/>\n<meta property=\"og:description\" content=\"Mega-M industrial freezers feature a modern design as well as functionality and ease of use. Fast delivery throughout Lithuania\" \/>\n<meta property=\"og:url\" content=\"https:\/\/www.monaxis.lt\/en\/parduotuve\/refrigerated-box-mega-m-x195-662l-copy-2\/\" \/>\n<meta property=\"og:site_name\" content=\"Monaxis\" \/>\n<meta property=\"article:modified_time\" content=\"2026-03-21T11:30:59+00:00\" \/>\n<meta property=\"og:image\" content=\"https:\/\/www.monaxis.lt\/wp-content\/uploads\/2024\/08\/Saldiklis-Mega-M-i185-437L-1.webp\" \/>\n\t<meta property=\"og:image:width\" content=\"1024\" \/>\n\t<meta property=\"og:image:height\" content=\"1024\" \/>\n\t<meta property=\"og:image:type\" content=\"image\/webp\" \/>\n<meta name=\"twitter:card\" content=\"summary_large_image\" \/>\n<meta name=\"twitter:label1\" content=\"Est. reading time\" \/>\n\t<meta name=\"twitter:data1\" content=\"1 minute\" \/>\n<script type=\"application\/ld+json\" class=\"yoast-schema-graph\">{\"@context\":\"https:\/\/schema.org\",\"@graph\":[{\"@type\":\"WebPage\",\"@id\":\"https:\/\/www.monaxis.lt\/en\/parduotuve\/refrigerated-box-mega-m-x195-662l-copy-2\/\",\"url\":\"https:\/\/www.monaxis.lt\/en\/parduotuve\/refrigerated-box-mega-m-x195-662l-copy-2\/\",\"name\":\"Industrial freezers OZI i185 | Monaxis | Refrigeration equipment\",\"isPartOf\":{\"@id\":\"https:\/\/www.monaxis.lt\/en\/#website\"},\"primaryImageOfPage\":{\"@id\":\"https:\/\/www.monaxis.lt\/en\/parduotuve\/refrigerated-box-mega-m-x195-662l-copy-2\/#primaryimage\"},\"image\":{\"@id\":\"https:\/\/www.monaxis.lt\/en\/parduotuve\/refrigerated-box-mega-m-x195-662l-copy-2\/#primaryimage\"},\"thumbnailUrl\":\"https:\/\/www.monaxis.lt\/wp-content\/uploads\/2024\/08\/Saldiklis-Mega-M-i185-437L-1.webp\",\"datePublished\":\"2024-08-14T12:55:12+00:00\",\"dateModified\":\"2026-03-21T11:30:59+00:00\",\"description\":\"Mega-M industrial freezers feature a modern design as well as functionality and ease of use. Fast delivery throughout Lithuania\",\"breadcrumb\":{\"@id\":\"https:\/\/www.monaxis.lt\/en\/parduotuve\/refrigerated-box-mega-m-x195-662l-copy-2\/#breadcrumb\"},\"inLanguage\":\"en-US\",\"potentialAction\":[{\"@type\":\"ReadAction\",\"target\":[\"https:\/\/www.monaxis.lt\/en\/parduotuve\/refrigerated-box-mega-m-x195-662l-copy-2\/\"]}]},{\"@type\":\"ImageObject\",\"inLanguage\":\"en-US\",\"@id\":\"https:\/\/www.monaxis.lt\/en\/parduotuve\/refrigerated-box-mega-m-x195-662l-copy-2\/#primaryimage\",\"url\":\"https:\/\/www.monaxis.lt\/wp-content\/uploads\/2024\/08\/Saldiklis-Mega-M-i185-437L-1.webp\",\"contentUrl\":\"https:\/\/www.monaxis.lt\/wp-content\/uploads\/2024\/08\/Saldiklis-Mega-M-i185-437L-1.webp\",\"width\":1024,\"height\":1024},{\"@type\":\"BreadcrumbList\",\"@id\":\"https:\/\/www.monaxis.lt\/en\/parduotuve\/refrigerated-box-mega-m-x195-662l-copy-2\/#breadcrumb\",\"itemListElement\":[{\"@type\":\"ListItem\",\"position\":1,\"name\":\"Pagrindinis\",\"item\":\"https:\/\/www.monaxis.lt\/en\/\"},{\"@type\":\"ListItem\",\"position\":2,\"name\":\"Shop\",\"item\":\"https:\/\/www.monaxis.lt\/en\/shop\/\"},{\"@type\":\"ListItem\",\"position\":3,\"name\":\"Commercial refrigeration equipment\",\"item\":\"https:\/\/www.monaxis.lt\/en\/produkto-kategorija\/commercial-refrigeration-equipment-en\/\"},{\"@type\":\"ListItem\",\"position\":4,\"name\":\"Horizontal\u016bs \u0161aldikliai\",\"item\":\"https:\/\/www.monaxis.lt\/produkto-kategorija\/prekybine-saldymo-iranga\/saldikliai-saldymo-dezes\/\"},{\"@type\":\"ListItem\",\"position\":5,\"name\":\"Freezer Mega-M i185 437L\"}]},{\"@type\":\"WebSite\",\"@id\":\"https:\/\/www.monaxis.lt\/en\/#website\",\"url\":\"https:\/\/www.monaxis.lt\/en\/\",\"name\":\"Monaxis\",\"description\":\"Prekybin\u0117, bei \u0161aldymo \u012franga\",\"publisher\":{\"@id\":\"https:\/\/www.monaxis.lt\/en\/#organization\"},\"potentialAction\":[{\"@type\":\"SearchAction\",\"target\":{\"@type\":\"EntryPoint\",\"urlTemplate\":\"https:\/\/www.monaxis.lt\/en\/?s={search_term_string}\"},\"query-input\":{\"@type\":\"PropertyValueSpecification\",\"valueRequired\":true,\"valueName\":\"search_term_string\"}}],\"inLanguage\":\"en-US\"},{\"@type\":\"Organization\",\"@id\":\"https:\/\/www.monaxis.lt\/en\/#organization\",\"name\":\"Monaxis\",\"url\":\"https:\/\/www.monaxis.lt\/en\/\",\"logo\":{\"@type\":\"ImageObject\",\"inLanguage\":\"en-US\",\"@id\":\"https:\/\/www.monaxis.lt\/en\/#\/schema\/logo\/image\/\",\"url\":\"https:\/\/www.monaxis.lt\/wp-content\/uploads\/2023\/03\/logo-1.png\",\"contentUrl\":\"https:\/\/www.monaxis.lt\/wp-content\/uploads\/2023\/03\/logo-1.png\",\"width\":205,\"height\":58,\"caption\":\"Monaxis\"},\"image\":{\"@id\":\"https:\/\/www.monaxis.lt\/en\/#\/schema\/logo\/image\/\"}}]}<\/script>\n<!-- \/ Yoast SEO plugin. -->","yoast_head_json":{"title":"Industrial freezers OZI i185 | Monaxis | Refrigeration equipment","description":"Mega-M industrial freezers feature a modern design as well as functionality and ease of use. Fast delivery throughout Lithuania","robots":{"index":"index","follow":"follow","max-snippet":"max-snippet:-1","max-image-preview":"max-image-preview:large","max-video-preview":"max-video-preview:-1"},"canonical":"https:\/\/www.monaxis.lt\/en\/parduotuve\/refrigerated-box-mega-m-x195-662l-copy-2\/","og_locale":"en_US","og_type":"article","og_title":"Industrial freezers OZI i185 | Monaxis | Refrigeration equipment","og_description":"Mega-M industrial freezers feature a modern design as well as functionality and ease of use. Fast delivery throughout Lithuania","og_url":"https:\/\/www.monaxis.lt\/en\/parduotuve\/refrigerated-box-mega-m-x195-662l-copy-2\/","og_site_name":"Monaxis","article_modified_time":"2026-03-21T11:30:59+00:00","og_image":[{"width":1024,"height":1024,"url":"https:\/\/www.monaxis.lt\/wp-content\/uploads\/2024\/08\/Saldiklis-Mega-M-i185-437L-1.webp","type":"image\/webp"}],"twitter_card":"summary_large_image","twitter_misc":{"Est. reading time":"1 minute"},"schema":{"@context":"https:\/\/schema.org","@graph":[{"@type":"WebPage","@id":"https:\/\/www.monaxis.lt\/en\/parduotuve\/refrigerated-box-mega-m-x195-662l-copy-2\/","url":"https:\/\/www.monaxis.lt\/en\/parduotuve\/refrigerated-box-mega-m-x195-662l-copy-2\/","name":"Industrial freezers OZI i185 | Monaxis | Refrigeration equipment","isPartOf":{"@id":"https:\/\/www.monaxis.lt\/en\/#website"},"primaryImageOfPage":{"@id":"https:\/\/www.monaxis.lt\/en\/parduotuve\/refrigerated-box-mega-m-x195-662l-copy-2\/#primaryimage"},"image":{"@id":"https:\/\/www.monaxis.lt\/en\/parduotuve\/refrigerated-box-mega-m-x195-662l-copy-2\/#primaryimage"},"thumbnailUrl":"https:\/\/www.monaxis.lt\/wp-content\/uploads\/2024\/08\/Saldiklis-Mega-M-i185-437L-1.webp","datePublished":"2024-08-14T12:55:12+00:00","dateModified":"2026-03-21T11:30:59+00:00","description":"Mega-M industrial freezers feature a modern design as well as functionality and ease of use. Fast delivery throughout Lithuania","breadcrumb":{"@id":"https:\/\/www.monaxis.lt\/en\/parduotuve\/refrigerated-box-mega-m-x195-662l-copy-2\/#breadcrumb"},"inLanguage":"en-US","potentialAction":[{"@type":"ReadAction","target":["https:\/\/www.monaxis.lt\/en\/parduotuve\/refrigerated-box-mega-m-x195-662l-copy-2\/"]}]},{"@type":"ImageObject","inLanguage":"en-US","@id":"https:\/\/www.monaxis.lt\/en\/parduotuve\/refrigerated-box-mega-m-x195-662l-copy-2\/#primaryimage","url":"https:\/\/www.monaxis.lt\/wp-content\/uploads\/2024\/08\/Saldiklis-Mega-M-i185-437L-1.webp","contentUrl":"https:\/\/www.monaxis.lt\/wp-content\/uploads\/2024\/08\/Saldiklis-Mega-M-i185-437L-1.webp","width":1024,"height":1024},{"@type":"BreadcrumbList","@id":"https:\/\/www.monaxis.lt\/en\/parduotuve\/refrigerated-box-mega-m-x195-662l-copy-2\/#breadcrumb","itemListElement":[{"@type":"ListItem","position":1,"name":"Pagrindinis","item":"https:\/\/www.monaxis.lt\/en\/"},{"@type":"ListItem","position":2,"name":"Shop","item":"https:\/\/www.monaxis.lt\/en\/shop\/"},{"@type":"ListItem","position":3,"name":"Commercial refrigeration equipment","item":"https:\/\/www.monaxis.lt\/en\/produkto-kategorija\/commercial-refrigeration-equipment-en\/"},{"@type":"ListItem","position":4,"name":"Horizontal\u016bs \u0161aldikliai","item":"https:\/\/www.monaxis.lt\/produkto-kategorija\/prekybine-saldymo-iranga\/saldikliai-saldymo-dezes\/"},{"@type":"ListItem","position":5,"name":"Freezer Mega-M i185 437L"}]},{"@type":"WebSite","@id":"https:\/\/www.monaxis.lt\/en\/#website","url":"https:\/\/www.monaxis.lt\/en\/","name":"Monaxis","description":"Prekybin\u0117, bei \u0161aldymo \u012franga","publisher":{"@id":"https:\/\/www.monaxis.lt\/en\/#organization"},"potentialAction":[{"@type":"SearchAction","target":{"@type":"EntryPoint","urlTemplate":"https:\/\/www.monaxis.lt\/en\/?s={search_term_string}"},"query-input":{"@type":"PropertyValueSpecification","valueRequired":true,"valueName":"search_term_string"}}],"inLanguage":"en-US"},{"@type":"Organization","@id":"https:\/\/www.monaxis.lt\/en\/#organization","name":"Monaxis","url":"https:\/\/www.monaxis.lt\/en\/","logo":{"@type":"ImageObject","inLanguage":"en-US","@id":"https:\/\/www.monaxis.lt\/en\/#\/schema\/logo\/image\/","url":"https:\/\/www.monaxis.lt\/wp-content\/uploads\/2023\/03\/logo-1.png","contentUrl":"https:\/\/www.monaxis.lt\/wp-content\/uploads\/2023\/03\/logo-1.png","width":205,"height":58,"caption":"Monaxis"},"image":{"@id":"https:\/\/www.monaxis.lt\/en\/#\/schema\/logo\/image\/"}}]}},"_links":{"self":[{"href":"https:\/\/www.monaxis.lt\/en\/wp-json\/wp\/v2\/product\/18609","targetHints":{"allow":["GET"]}}],"collection":[{"href":"https:\/\/www.monaxis.lt\/en\/wp-json\/wp\/v2\/product"}],"about":[{"href":"https:\/\/www.monaxis.lt\/en\/wp-json\/wp\/v2\/types\/product"}],"replies":[{"embeddable":true,"href":"https:\/\/www.monaxis.lt\/en\/wp-json\/wp\/v2\/comments?post=18609"}],"wp:featuredmedia":[{"embeddable":true,"href":"https:\/\/www.monaxis.lt\/en\/wp-json\/wp\/v2\/media\/18611"}],"wp:attachment":[{"href":"https:\/\/www.monaxis.lt\/en\/wp-json\/wp\/v2\/media?parent=18609"}],"wp:term":[{"taxonomy":"product_brand","embeddable":true,"href":"https:\/\/www.monaxis.lt\/en\/wp-json\/wp\/v2\/product_brand?post=18609"},{"taxonomy":"product_cat","embeddable":true,"href":"https:\/\/www.monaxis.lt\/en\/wp-json\/wp\/v2\/product_cat?post=18609"},{"taxonomy":"product_tag","embeddable":true,"href":"https:\/\/www.monaxis.lt\/en\/wp-json\/wp\/v2\/product_tag?post=18609"}],"curies":[{"name":"wp","href":"https:\/\/api.w.org\/{rel}","templated":true}]}}