{"id":18673,"date":"2024-08-16T10:15:26","date_gmt":"2024-08-16T07:15:26","guid":{"rendered":"https:\/\/www.monaxis.lt\/?post_type=product&#038;p=18673"},"modified":"2026-03-21T13:30:57","modified_gmt":"2026-03-21T11:30:57","slug":"mega-m-fryer-fritillary-2x6l-2x5kw-copy","status":"publish","type":"product","link":"https:\/\/www.monaxis.lt\/en\/parduotuve\/mega-m-fryer-fritillary-2x6l-2x5kw-copy\/","title":{"rendered":"Mega-M Fryer (Fritillary) 2x8L 2&#215;2.8kW"},"content":{"rendered":"<h2><strong>Industrial fryers with two, 8 l chambers<\/strong><\/h2>\n<p>The professional Mega-M industrial fryer (fritillary) with two, 8 l chambers is the ideal choice for those looking for a reliable and efficient tool for frying food. This fryer is not only highly functional, but also high quality, ensuring long-lasting use. Its two separate 8 litre chambers allow you to fry different foods, such as meat and fries, at the same time, without mixing the flavours. This is particularly useful in professional kitchens where large quantities of food need to be prepared quickly and to a high quality.   <\/p>\n<p>This industrial fryer is made of high-quality stainless steel, which is not only resistant to high temperatures but also to mechanical damage, making it easy to maintain and clean. Removable heating elements allow easy access and cleaning of the internal components, ensuring hygiene and a longer service life. The thermostat knobs allow precise temperature control for perfect cooking of every dish.  <\/p>\n<p>The dual-chamber design offers greater flexibility and efficiency by allowing you to cook different dishes at different temperatures simultaneously. This is particularly useful for restaurants, wedding venues and fast food bars where speed and quality are of the utmost importance. In addition, the appliance does not require any special skills to use, so even less experienced staff can easily operate it.  <\/p>\n<p>When you invest in this professional fryer, you not only get a great device, but also a reliable helper that will serve you for many years.<\/p>\n<h3><strong>Features of a professional deep fryer (Fritillary):<\/strong><\/h3>\n<ul>\n<li><strong>The construction<\/strong> is made of thick stainless steel, making it stable and resistant to mechanical damage.<\/li>\n<li><strong>Efficiency<\/strong> &#8211; two cameras with basket, a product designed for heavy use.<\/li>\n<li><strong>Use<\/strong> &#8211; no special skills required.<\/li>\n<li><strong>Heating power control via thermostat<\/strong> &#8211; any temperature can be set using the knobs.<\/li>\n<li><strong>Easy to keep clean<\/strong> &#8211; you can easily clean all the elements of the fryer thanks to the lift-up heating elements.<\/li>\n<\/ul>\n","protected":false},"excerpt":{"rendered":"<div class=\"product__parameter__name\"><strong><span class=\"product__parameter__name__text\"><img decoding=\"async\" class=\"alignnone wp-image-7601\" src=\"https:\/\/www.monaxis.lt\/wp-content\/uploads\/2023\/03\/delivery-1-150x150.png\" alt=\"\" width=\"23\" height=\"23\" srcset=\"https:\/\/www.monaxis.lt\/wp-content\/uploads\/2023\/03\/delivery-1-150x150.png 150w, https:\/\/www.monaxis.lt\/wp-content\/uploads\/2023\/03\/delivery-1-300x300.png 300w, https:\/\/www.monaxis.lt\/wp-content\/uploads\/2023\/03\/delivery-1.png 512w\" sizes=\"(max-width: 23px) 100vw, 23px\" \/> Delivery <\/span><\/strong><\/div>\n<div class=\"product__parameter__value\"><span class=\"product__parameter__value__text\" style=\"font-size: 75%;\">     <strong>   <span style=\"color: #999999;\"> 2-10 d.d.<\/span><\/strong><\/span><\/div>\n<div class=\"product__parameter__name\">\n<div>\n<div class=\"product__parameter__name\">\n<div class=\"product__parameter__value\">\n<hr>\n<\/div>\n<p><strong><img decoding=\"async\" class=\"alignnone wp-image-7810\" src=\"https:\/\/www.monaxis.lt\/wp-content\/uploads\/2023\/01\/komplektuojama.png\" alt=\"\" width=\"23\" height=\"23\"> Comes with<\/strong><br \/>\n<strong><span style=\"font-size: 75%; color: #999999;\">  Industrial fryer (Fritillary) 2x8L 2&#215;2.8kW &#8211; 1pcs<\/span><\/strong><br \/>\n<strong><span style=\"font-size: 75%; color: #999999;\"> Warranty card<\/span><\/strong><br \/>\n<strong><span style=\"font-size: 75%; color: #999999;\"> Proof of purchase &#8211; Receipt \/ FV<\/span><\/strong><\/p>\n<\/div>\n<\/div>\n<\/div>\n","protected":false},"featured_media":18675,"comment_status":"open","ping_status":"closed","template":"","meta":[],"product_brand":[],"product_cat":[915],"product_tag":[],"class_list":{"0":"post-18673","1":"product","2":"type-product","3":"status-publish","4":"has-post-thumbnail","6":"product_cat-deep-fryers","8":"first","9":"onbackorder","10":"taxable","11":"shipping-taxable","12":"product-type-simple"},"yoast_head":"<!-- This site is optimized with the Yoast SEO plugin v27.1.1 - https:\/\/yoast.com\/product\/yoast-seo-wordpress\/ -->\n<title>Industrial fryer 2x6L | Monaxis<\/title>\n<meta name=\"description\" content=\"High quality Industrial fryer (Fritillary) for an affordable price in the online shop Monaxis.lt. View the selection now!\" \/>\n<meta name=\"robots\" content=\"index, follow, max-snippet:-1, max-image-preview:large, max-video-preview:-1\" \/>\n<link rel=\"canonical\" href=\"https:\/\/www.monaxis.lt\/en\/parduotuve\/mega-m-fryer-fritillary-2x6l-2x5kw-copy\/\" \/>\n<meta property=\"og:locale\" content=\"en_US\" \/>\n<meta property=\"og:type\" content=\"article\" \/>\n<meta property=\"og:title\" content=\"Industrial fryer 2x6L | Monaxis\" \/>\n<meta property=\"og:description\" content=\"High quality Industrial fryer (Fritillary) for an affordable price in the online shop Monaxis.lt. View the selection now!\" \/>\n<meta property=\"og:url\" content=\"https:\/\/www.monaxis.lt\/en\/parduotuve\/mega-m-fryer-fritillary-2x6l-2x5kw-copy\/\" \/>\n<meta property=\"og:site_name\" content=\"Monaxis\" \/>\n<meta property=\"article:modified_time\" content=\"2026-03-21T11:30:57+00:00\" \/>\n<meta property=\"og:image\" content=\"https:\/\/www.monaxis.lt\/wp-content\/uploads\/2024\/08\/Mega-M-Gruzdintuve-Fritiurine-2x8L-2x2.8kW-1.webp\" \/>\n\t<meta property=\"og:image:width\" content=\"1024\" \/>\n\t<meta property=\"og:image:height\" content=\"1024\" \/>\n\t<meta property=\"og:image:type\" content=\"image\/webp\" \/>\n<meta name=\"twitter:card\" content=\"summary_large_image\" \/>\n<meta name=\"twitter:label1\" content=\"Est. reading time\" \/>\n\t<meta name=\"twitter:data1\" content=\"2 minutes\" \/>\n<script type=\"application\/ld+json\" class=\"yoast-schema-graph\">{\"@context\":\"https:\/\/schema.org\",\"@graph\":[{\"@type\":\"WebPage\",\"@id\":\"https:\/\/www.monaxis.lt\/en\/parduotuve\/mega-m-fryer-fritillary-2x6l-2x5kw-copy\/\",\"url\":\"https:\/\/www.monaxis.lt\/en\/parduotuve\/mega-m-fryer-fritillary-2x6l-2x5kw-copy\/\",\"name\":\"Industrial fryer 2x6L | Monaxis\",\"isPartOf\":{\"@id\":\"https:\/\/www.monaxis.lt\/en\/#website\"},\"primaryImageOfPage\":{\"@id\":\"https:\/\/www.monaxis.lt\/en\/parduotuve\/mega-m-fryer-fritillary-2x6l-2x5kw-copy\/#primaryimage\"},\"image\":{\"@id\":\"https:\/\/www.monaxis.lt\/en\/parduotuve\/mega-m-fryer-fritillary-2x6l-2x5kw-copy\/#primaryimage\"},\"thumbnailUrl\":\"https:\/\/www.monaxis.lt\/wp-content\/uploads\/2024\/08\/Mega-M-Gruzdintuve-Fritiurine-2x8L-2x2.8kW-1.webp\",\"datePublished\":\"2024-08-16T07:15:26+00:00\",\"dateModified\":\"2026-03-21T11:30:57+00:00\",\"description\":\"High quality Industrial fryer (Fritillary) for an affordable price in the online shop Monaxis.lt. View the selection now!\",\"breadcrumb\":{\"@id\":\"https:\/\/www.monaxis.lt\/en\/parduotuve\/mega-m-fryer-fritillary-2x6l-2x5kw-copy\/#breadcrumb\"},\"inLanguage\":\"en-US\",\"potentialAction\":[{\"@type\":\"ReadAction\",\"target\":[\"https:\/\/www.monaxis.lt\/en\/parduotuve\/mega-m-fryer-fritillary-2x6l-2x5kw-copy\/\"]}]},{\"@type\":\"ImageObject\",\"inLanguage\":\"en-US\",\"@id\":\"https:\/\/www.monaxis.lt\/en\/parduotuve\/mega-m-fryer-fritillary-2x6l-2x5kw-copy\/#primaryimage\",\"url\":\"https:\/\/www.monaxis.lt\/wp-content\/uploads\/2024\/08\/Mega-M-Gruzdintuve-Fritiurine-2x8L-2x2.8kW-1.webp\",\"contentUrl\":\"https:\/\/www.monaxis.lt\/wp-content\/uploads\/2024\/08\/Mega-M-Gruzdintuve-Fritiurine-2x8L-2x2.8kW-1.webp\",\"width\":1024,\"height\":1024},{\"@type\":\"BreadcrumbList\",\"@id\":\"https:\/\/www.monaxis.lt\/en\/parduotuve\/mega-m-fryer-fritillary-2x6l-2x5kw-copy\/#breadcrumb\",\"itemListElement\":[{\"@type\":\"ListItem\",\"position\":1,\"name\":\"Pagrindinis\",\"item\":\"https:\/\/www.monaxis.lt\/en\/\"},{\"@type\":\"ListItem\",\"position\":2,\"name\":\"Shop\",\"item\":\"https:\/\/www.monaxis.lt\/en\/shop\/\"},{\"@type\":\"ListItem\",\"position\":3,\"name\":\"Technologin\u0117 \u012franga\",\"item\":\"https:\/\/www.monaxis.lt\/produkto-kategorija\/pramonine-virtuves-iranga\/\"},{\"@type\":\"ListItem\",\"position\":4,\"name\":\"Maisto \u0161ildymo ir kepimo \u012franga\",\"item\":\"https:\/\/www.monaxis.lt\/produkto-kategorija\/pramonine-virtuves-iranga\/maisto-sildymo-ir-kepimo-iranga\/\"},{\"@type\":\"ListItem\",\"position\":5,\"name\":\"Deep fryers\",\"item\":\"https:\/\/www.monaxis.lt\/en\/produkto-kategorija\/industrial-kitchen-equipment\/food-heating-and-cooking-equipment\/deep-fryers\/\"},{\"@type\":\"ListItem\",\"position\":6,\"name\":\"Mega-M Fryer (Fritillary) 2x8L 2&#215;2.8kW\"}]},{\"@type\":\"WebSite\",\"@id\":\"https:\/\/www.monaxis.lt\/en\/#website\",\"url\":\"https:\/\/www.monaxis.lt\/en\/\",\"name\":\"Monaxis\",\"description\":\"Prekybin\u0117, bei \u0161aldymo \u012franga\",\"publisher\":{\"@id\":\"https:\/\/www.monaxis.lt\/en\/#organization\"},\"potentialAction\":[{\"@type\":\"SearchAction\",\"target\":{\"@type\":\"EntryPoint\",\"urlTemplate\":\"https:\/\/www.monaxis.lt\/en\/?s={search_term_string}\"},\"query-input\":{\"@type\":\"PropertyValueSpecification\",\"valueRequired\":true,\"valueName\":\"search_term_string\"}}],\"inLanguage\":\"en-US\"},{\"@type\":\"Organization\",\"@id\":\"https:\/\/www.monaxis.lt\/en\/#organization\",\"name\":\"Monaxis\",\"url\":\"https:\/\/www.monaxis.lt\/en\/\",\"logo\":{\"@type\":\"ImageObject\",\"inLanguage\":\"en-US\",\"@id\":\"https:\/\/www.monaxis.lt\/en\/#\/schema\/logo\/image\/\",\"url\":\"https:\/\/www.monaxis.lt\/wp-content\/uploads\/2023\/03\/logo-1.png\",\"contentUrl\":\"https:\/\/www.monaxis.lt\/wp-content\/uploads\/2023\/03\/logo-1.png\",\"width\":205,\"height\":58,\"caption\":\"Monaxis\"},\"image\":{\"@id\":\"https:\/\/www.monaxis.lt\/en\/#\/schema\/logo\/image\/\"}}]}<\/script>\n<!-- \/ Yoast SEO plugin. -->","yoast_head_json":{"title":"Industrial fryer 2x6L | Monaxis","description":"High quality Industrial fryer (Fritillary) for an affordable price in the online shop Monaxis.lt. View the selection now!","robots":{"index":"index","follow":"follow","max-snippet":"max-snippet:-1","max-image-preview":"max-image-preview:large","max-video-preview":"max-video-preview:-1"},"canonical":"https:\/\/www.monaxis.lt\/en\/parduotuve\/mega-m-fryer-fritillary-2x6l-2x5kw-copy\/","og_locale":"en_US","og_type":"article","og_title":"Industrial fryer 2x6L | Monaxis","og_description":"High quality Industrial fryer (Fritillary) for an affordable price in the online shop Monaxis.lt. View the selection now!","og_url":"https:\/\/www.monaxis.lt\/en\/parduotuve\/mega-m-fryer-fritillary-2x6l-2x5kw-copy\/","og_site_name":"Monaxis","article_modified_time":"2026-03-21T11:30:57+00:00","og_image":[{"width":1024,"height":1024,"url":"https:\/\/www.monaxis.lt\/wp-content\/uploads\/2024\/08\/Mega-M-Gruzdintuve-Fritiurine-2x8L-2x2.8kW-1.webp","type":"image\/webp"}],"twitter_card":"summary_large_image","twitter_misc":{"Est. reading time":"2 minutes"},"schema":{"@context":"https:\/\/schema.org","@graph":[{"@type":"WebPage","@id":"https:\/\/www.monaxis.lt\/en\/parduotuve\/mega-m-fryer-fritillary-2x6l-2x5kw-copy\/","url":"https:\/\/www.monaxis.lt\/en\/parduotuve\/mega-m-fryer-fritillary-2x6l-2x5kw-copy\/","name":"Industrial fryer 2x6L | Monaxis","isPartOf":{"@id":"https:\/\/www.monaxis.lt\/en\/#website"},"primaryImageOfPage":{"@id":"https:\/\/www.monaxis.lt\/en\/parduotuve\/mega-m-fryer-fritillary-2x6l-2x5kw-copy\/#primaryimage"},"image":{"@id":"https:\/\/www.monaxis.lt\/en\/parduotuve\/mega-m-fryer-fritillary-2x6l-2x5kw-copy\/#primaryimage"},"thumbnailUrl":"https:\/\/www.monaxis.lt\/wp-content\/uploads\/2024\/08\/Mega-M-Gruzdintuve-Fritiurine-2x8L-2x2.8kW-1.webp","datePublished":"2024-08-16T07:15:26+00:00","dateModified":"2026-03-21T11:30:57+00:00","description":"High quality Industrial fryer (Fritillary) for an affordable price in the online shop Monaxis.lt. View the selection now!","breadcrumb":{"@id":"https:\/\/www.monaxis.lt\/en\/parduotuve\/mega-m-fryer-fritillary-2x6l-2x5kw-copy\/#breadcrumb"},"inLanguage":"en-US","potentialAction":[{"@type":"ReadAction","target":["https:\/\/www.monaxis.lt\/en\/parduotuve\/mega-m-fryer-fritillary-2x6l-2x5kw-copy\/"]}]},{"@type":"ImageObject","inLanguage":"en-US","@id":"https:\/\/www.monaxis.lt\/en\/parduotuve\/mega-m-fryer-fritillary-2x6l-2x5kw-copy\/#primaryimage","url":"https:\/\/www.monaxis.lt\/wp-content\/uploads\/2024\/08\/Mega-M-Gruzdintuve-Fritiurine-2x8L-2x2.8kW-1.webp","contentUrl":"https:\/\/www.monaxis.lt\/wp-content\/uploads\/2024\/08\/Mega-M-Gruzdintuve-Fritiurine-2x8L-2x2.8kW-1.webp","width":1024,"height":1024},{"@type":"BreadcrumbList","@id":"https:\/\/www.monaxis.lt\/en\/parduotuve\/mega-m-fryer-fritillary-2x6l-2x5kw-copy\/#breadcrumb","itemListElement":[{"@type":"ListItem","position":1,"name":"Pagrindinis","item":"https:\/\/www.monaxis.lt\/en\/"},{"@type":"ListItem","position":2,"name":"Shop","item":"https:\/\/www.monaxis.lt\/en\/shop\/"},{"@type":"ListItem","position":3,"name":"Technologin\u0117 \u012franga","item":"https:\/\/www.monaxis.lt\/produkto-kategorija\/pramonine-virtuves-iranga\/"},{"@type":"ListItem","position":4,"name":"Maisto \u0161ildymo ir kepimo \u012franga","item":"https:\/\/www.monaxis.lt\/produkto-kategorija\/pramonine-virtuves-iranga\/maisto-sildymo-ir-kepimo-iranga\/"},{"@type":"ListItem","position":5,"name":"Deep fryers","item":"https:\/\/www.monaxis.lt\/en\/produkto-kategorija\/industrial-kitchen-equipment\/food-heating-and-cooking-equipment\/deep-fryers\/"},{"@type":"ListItem","position":6,"name":"Mega-M Fryer (Fritillary) 2x8L 2&#215;2.8kW"}]},{"@type":"WebSite","@id":"https:\/\/www.monaxis.lt\/en\/#website","url":"https:\/\/www.monaxis.lt\/en\/","name":"Monaxis","description":"Prekybin\u0117, bei \u0161aldymo \u012franga","publisher":{"@id":"https:\/\/www.monaxis.lt\/en\/#organization"},"potentialAction":[{"@type":"SearchAction","target":{"@type":"EntryPoint","urlTemplate":"https:\/\/www.monaxis.lt\/en\/?s={search_term_string}"},"query-input":{"@type":"PropertyValueSpecification","valueRequired":true,"valueName":"search_term_string"}}],"inLanguage":"en-US"},{"@type":"Organization","@id":"https:\/\/www.monaxis.lt\/en\/#organization","name":"Monaxis","url":"https:\/\/www.monaxis.lt\/en\/","logo":{"@type":"ImageObject","inLanguage":"en-US","@id":"https:\/\/www.monaxis.lt\/en\/#\/schema\/logo\/image\/","url":"https:\/\/www.monaxis.lt\/wp-content\/uploads\/2023\/03\/logo-1.png","contentUrl":"https:\/\/www.monaxis.lt\/wp-content\/uploads\/2023\/03\/logo-1.png","width":205,"height":58,"caption":"Monaxis"},"image":{"@id":"https:\/\/www.monaxis.lt\/en\/#\/schema\/logo\/image\/"}}]}},"_links":{"self":[{"href":"https:\/\/www.monaxis.lt\/en\/wp-json\/wp\/v2\/product\/18673","targetHints":{"allow":["GET"]}}],"collection":[{"href":"https:\/\/www.monaxis.lt\/en\/wp-json\/wp\/v2\/product"}],"about":[{"href":"https:\/\/www.monaxis.lt\/en\/wp-json\/wp\/v2\/types\/product"}],"replies":[{"embeddable":true,"href":"https:\/\/www.monaxis.lt\/en\/wp-json\/wp\/v2\/comments?post=18673"}],"wp:featuredmedia":[{"embeddable":true,"href":"https:\/\/www.monaxis.lt\/en\/wp-json\/wp\/v2\/media\/18675"}],"wp:attachment":[{"href":"https:\/\/www.monaxis.lt\/en\/wp-json\/wp\/v2\/media?parent=18673"}],"wp:term":[{"taxonomy":"product_brand","embeddable":true,"href":"https:\/\/www.monaxis.lt\/en\/wp-json\/wp\/v2\/product_brand?post=18673"},{"taxonomy":"product_cat","embeddable":true,"href":"https:\/\/www.monaxis.lt\/en\/wp-json\/wp\/v2\/product_cat?post=18673"},{"taxonomy":"product_tag","embeddable":true,"href":"https:\/\/www.monaxis.lt\/en\/wp-json\/wp\/v2\/product_tag?post=18673"}],"curies":[{"name":"wp","href":"https:\/\/api.w.org\/{rel}","templated":true}]}}