{"id":18983,"date":"2024-09-22T16:13:56","date_gmt":"2024-09-22T13:13:56","guid":{"rendered":"https:\/\/www.monaxis.lt\/?post_type=product&#038;p=18983"},"modified":"2026-03-21T13:31:08","modified_gmt":"2026-03-21T11:31:08","slug":"freezer-aht-miami-250-copy","status":"publish","type":"product","link":"https:\/\/www.monaxis.lt\/en\/parduotuve\/freezer-aht-miami-250-copy\/","title":{"rendered":"Freezer AHT MONREAL 210 EC Universal"},"content":{"rendered":"<p>AHT Monreal freezers are the perfect complement to any commercial refrigeration system. Designed for supermarkets, this refrigeration unit is designed for optimal storage and display of frozen products, boasting a large capacity and easy-to-use functions.<\/p>\n<p>The freezers are made of the highest quality materials, are durable and long-lasting. The AHT Monreal freezer has a reliable seecop compressor for efficient cooling and a digital temperature display for easy monitoring and control. <\/p>\n<p>This freezer with its sleek and modern design is sure to impress customers. This commercial freezer with adjustable grill offers customised storage options to suit your unique needs.<\/p>\n<p>AHT Monreal freezers are ideal for use in grocery stores, convenience stores and other retail outlets. It is a cost-effective solution for those who need a reliable and efficient commercial freezer. Thanks to its energy-efficient design, it helps to reduce energy consumption and keep operating costs low.<\/p>\n<h3>The main characteristics of AHT Monreal 210 EC are:<\/h3>\n<ol>\n<li><strong>Energy efficiency<\/strong>: designed with energy-saving technologies, the EC (Eco) version uses less energy than older models, helping to reduce running costs.<\/li>\n<li><strong>Forward-sliding glass: <\/strong>allows customers to easily access goods.<\/li>\n<li><strong>Environmentally friendly refrigerant<\/strong>: Uses a natural refrigerant, R290 (propane), which has a lower impact on global warming compared to conventional refrigerants.<\/li>\n<li><strong>Temperature range<\/strong>: operates at low temperatures suitable for the storage of frozen foods, from +1\u00b0C to -23\u00b0C ).<\/li>\n<li><strong>Design<\/strong>: the horizontal design makes it easy to access and view content.<\/li>\n<li><strong>Ready to use<\/strong>: it is a plug-in unit that is easy to install without the need for complicated refrigeration system connections.<\/li>\n<li><strong>Versatility<\/strong>: often used for frozen food, ice cream and other products that require stable low temperatures.<\/li>\n<\/ol>\n","protected":false},"excerpt":{"rendered":"<div class=\"product__parameter__name\"><strong><span class=\"product__parameter__name__text\"><img decoding=\"async\" class=\"alignnone wp-image-7601\" src=\"https:\/\/www.monaxis.lt\/wp-content\/uploads\/2023\/03\/delivery-1-150x150.png\" alt=\"\" width=\"23\" height=\"23\" srcset=\"https:\/\/www.monaxis.lt\/wp-content\/uploads\/2023\/03\/delivery-1-150x150.png 150w, https:\/\/www.monaxis.lt\/wp-content\/uploads\/2023\/03\/delivery-1-300x300.png 300w, https:\/\/www.monaxis.lt\/wp-content\/uploads\/2023\/03\/delivery-1.png 512w\" sizes=\"(max-width: 23px) 100vw, 23px\" \/> Delivery <\/span><\/strong><\/div>\n<div class=\"product__parameter__value\"><span class=\"product__parameter__value__text\" style=\"font-size: 75%;\">     <strong>   <span style=\"color: #999999;\">  1-3 d.d.<\/span><\/strong><\/span><\/div>\n<div class=\"product__parameter__name\">\n<div class=\"product__parameter__value\">\n<hr>\n<\/div>\n<div>\n<div class=\"product__parameter__name\"><strong><span class=\"product__parameter__name__text\"><img decoding=\"async\" class=\"alignnone wp-image-7806\" style=\"color: #333333;\" src=\"https:\/\/www.monaxis.lt\/wp-content\/uploads\/2023\/01\/temperature-4.png\" alt=\"\" width=\"23\" height=\"23\"> Maintained temperature<\/span><\/strong><\/div>\n<div class=\"product__parameter__value\"><span class=\"product__parameter__value__text\" style=\"font-size: 75%;\">     <strong>   <span style=\"color: #999999;\">    <\/span><\/strong><\/span><span style=\"color: #999999;\"><strong><span style=\"font-size: 75%;\">(+1 \u00f7 -24 \u00b0C)<\/span><\/strong><\/span><\/div>\n<\/div>\n<div>\n<hr>\n<\/div>\n<div>\n<div class=\"product__parameter__name\"><strong><span class=\"product__parameter__name__text\"><img decoding=\"async\" class=\"alignnone wp-image-7807\" src=\"https:\/\/www.monaxis.lt\/wp-content\/uploads\/2023\/01\/refrigerant.png\" alt=\"\" width=\"23\" height=\"23\"> Refrigerant<\/span><\/strong><\/div>\n<div class=\"product__parameter__value\"><span class=\"product__parameter__value__text\" style=\"font-size: 75%;\">       <span style=\"color: #808080;\">  <span style=\"color: #999999;\"><strong>R290<\/strong><\/span><\/span><\/span><\/div>\n<\/div>\n<\/div>\n<div class=\"product__parameter__value\">\n<hr>\n<\/div>\n<p><strong><img decoding=\"async\" class=\"alignnone wp-image-7810\" src=\"https:\/\/www.monaxis.lt\/wp-content\/uploads\/2023\/01\/komplektuojama.png\" alt=\"\" width=\"23\" height=\"23\"> Comes with<\/strong><br \/>\n<strong><span style=\"font-size: 75%; color: #999999;\">  Freezer AHT MONREAL 210 EC UNIVERSAL<\/span><\/strong><br \/>\n<strong><span style=\"font-size: 75%; color: #999999;\">  Vertical tabs &#8211; 4pcs<\/span><\/strong><br \/>\n<strong><span style=\"font-size: 75%; color: #999999;\">  Horizontal tabs &#8211; 5pcs<\/span><\/strong><br \/>\n<strong><span style=\"font-size: 75%; color: #999999;\"> Proof of purchase &#8211; Receipt \/ FV<\/span><\/strong><\/p>\n","protected":false},"featured_media":18998,"comment_status":"open","ping_status":"closed","template":"","meta":[],"product_brand":[],"product_cat":[67,66],"product_tag":[],"class_list":{"0":"post-18983","1":"product","2":"type-product","3":"status-publish","4":"has-post-thumbnail","6":"product_cat-commercial-refrigeration-equipment-en","7":"product_cat-horizontal-freezers-en","8":"pa_bukle-used","9":"pa_ilgis-217cm-en","10":"pa_plotis-103cm-en","11":"pa_talpa-1104l-en","12":"pa_temperaturos-diapazonas-c-1c-24c-en","14":"first","15":"outofstock","16":"taxable","17":"shipping-taxable","18":"purchasable","19":"product-type-simple"},"yoast_head":"<!-- This site is optimized with the Yoast SEO plugin v27.1.1 - https:\/\/yoast.com\/product\/yoast-seo-wordpress\/ -->\n<title>Freezers and chillers AHT MIAMI %|%Monaxis% .lt<\/title>\n<meta name=\"description\" content=\"AHT Monrea Austrian quality freezers and chillers for supermarkets. Increase your company&#039;s sales with eye-catching refrigeration equipment.Monaxis.lt\" \/>\n<meta name=\"robots\" content=\"index, follow, max-snippet:-1, max-image-preview:large, max-video-preview:-1\" \/>\n<link rel=\"canonical\" href=\"https:\/\/www.monaxis.lt\/en\/parduotuve\/freezer-aht-miami-250-copy\/\" \/>\n<meta property=\"og:locale\" content=\"en_US\" \/>\n<meta property=\"og:type\" content=\"article\" \/>\n<meta property=\"og:title\" content=\"Freezers and chillers AHT MIAMI %|%Monaxis% .lt\" \/>\n<meta property=\"og:description\" content=\"AHT Monrea Austrian quality freezers and chillers for supermarkets. Increase your company&#039;s sales with eye-catching refrigeration equipment.Monaxis.lt\" \/>\n<meta property=\"og:url\" content=\"https:\/\/www.monaxis.lt\/en\/parduotuve\/freezer-aht-miami-250-copy\/\" \/>\n<meta property=\"og:site_name\" content=\"Monaxis\" \/>\n<meta property=\"article:modified_time\" content=\"2026-03-21T11:31:08+00:00\" \/>\n<meta property=\"og:image\" content=\"https:\/\/www.monaxis.lt\/wp-content\/uploads\/2024\/09\/Saldiklis-AHT-Monreal-210-1-2.webp\" \/>\n\t<meta property=\"og:image:width\" content=\"1000\" \/>\n\t<meta property=\"og:image:height\" content=\"1000\" \/>\n\t<meta property=\"og:image:type\" content=\"image\/webp\" \/>\n<meta name=\"twitter:card\" content=\"summary_large_image\" \/>\n<meta name=\"twitter:label1\" content=\"Est. reading time\" \/>\n\t<meta name=\"twitter:data1\" content=\"3 minutes\" \/>\n<script type=\"application\/ld+json\" class=\"yoast-schema-graph\">{\"@context\":\"https:\/\/schema.org\",\"@graph\":[{\"@type\":\"WebPage\",\"@id\":\"https:\/\/www.monaxis.lt\/en\/parduotuve\/freezer-aht-miami-250-copy\/\",\"url\":\"https:\/\/www.monaxis.lt\/en\/parduotuve\/freezer-aht-miami-250-copy\/\",\"name\":\"Freezers and chillers AHT MIAMI %|%Monaxis% .lt\",\"isPartOf\":{\"@id\":\"https:\/\/www.monaxis.lt\/en\/#website\"},\"primaryImageOfPage\":{\"@id\":\"https:\/\/www.monaxis.lt\/en\/parduotuve\/freezer-aht-miami-250-copy\/#primaryimage\"},\"image\":{\"@id\":\"https:\/\/www.monaxis.lt\/en\/parduotuve\/freezer-aht-miami-250-copy\/#primaryimage\"},\"thumbnailUrl\":\"https:\/\/www.monaxis.lt\/wp-content\/uploads\/2024\/09\/Saldiklis-AHT-Monreal-210-1-2.webp\",\"datePublished\":\"2024-09-22T13:13:56+00:00\",\"dateModified\":\"2026-03-21T11:31:08+00:00\",\"description\":\"AHT Monrea Austrian quality freezers and chillers for supermarkets. Increase your company's sales with eye-catching refrigeration equipment.Monaxis.lt\",\"breadcrumb\":{\"@id\":\"https:\/\/www.monaxis.lt\/en\/parduotuve\/freezer-aht-miami-250-copy\/#breadcrumb\"},\"inLanguage\":\"en-US\",\"potentialAction\":[{\"@type\":\"ReadAction\",\"target\":[\"https:\/\/www.monaxis.lt\/en\/parduotuve\/freezer-aht-miami-250-copy\/\"]}]},{\"@type\":\"ImageObject\",\"inLanguage\":\"en-US\",\"@id\":\"https:\/\/www.monaxis.lt\/en\/parduotuve\/freezer-aht-miami-250-copy\/#primaryimage\",\"url\":\"https:\/\/www.monaxis.lt\/wp-content\/uploads\/2024\/09\/Saldiklis-AHT-Monreal-210-1-2.webp\",\"contentUrl\":\"https:\/\/www.monaxis.lt\/wp-content\/uploads\/2024\/09\/Saldiklis-AHT-Monreal-210-1-2.webp\",\"width\":1000,\"height\":1000},{\"@type\":\"BreadcrumbList\",\"@id\":\"https:\/\/www.monaxis.lt\/en\/parduotuve\/freezer-aht-miami-250-copy\/#breadcrumb\",\"itemListElement\":[{\"@type\":\"ListItem\",\"position\":1,\"name\":\"Pagrindinis\",\"item\":\"https:\/\/www.monaxis.lt\/en\/\"},{\"@type\":\"ListItem\",\"position\":2,\"name\":\"Shop\",\"item\":\"https:\/\/www.monaxis.lt\/en\/shop\/\"},{\"@type\":\"ListItem\",\"position\":3,\"name\":\"Commercial refrigeration equipment\",\"item\":\"https:\/\/www.monaxis.lt\/en\/produkto-kategorija\/commercial-refrigeration-equipment-en\/\"},{\"@type\":\"ListItem\",\"position\":4,\"name\":\"Horizontal freezers\",\"item\":\"https:\/\/www.monaxis.lt\/en\/produkto-kategorija\/commercial-refrigeration-equipment-en\/horizontal-freezers-en\/\"},{\"@type\":\"ListItem\",\"position\":5,\"name\":\"Freezer AHT MONREAL 210 EC Universal\"}]},{\"@type\":\"WebSite\",\"@id\":\"https:\/\/www.monaxis.lt\/en\/#website\",\"url\":\"https:\/\/www.monaxis.lt\/en\/\",\"name\":\"Monaxis\",\"description\":\"Prekybin\u0117, bei \u0161aldymo \u012franga\",\"publisher\":{\"@id\":\"https:\/\/www.monaxis.lt\/en\/#organization\"},\"potentialAction\":[{\"@type\":\"SearchAction\",\"target\":{\"@type\":\"EntryPoint\",\"urlTemplate\":\"https:\/\/www.monaxis.lt\/en\/?s={search_term_string}\"},\"query-input\":{\"@type\":\"PropertyValueSpecification\",\"valueRequired\":true,\"valueName\":\"search_term_string\"}}],\"inLanguage\":\"en-US\"},{\"@type\":\"Organization\",\"@id\":\"https:\/\/www.monaxis.lt\/en\/#organization\",\"name\":\"Monaxis\",\"url\":\"https:\/\/www.monaxis.lt\/en\/\",\"logo\":{\"@type\":\"ImageObject\",\"inLanguage\":\"en-US\",\"@id\":\"https:\/\/www.monaxis.lt\/en\/#\/schema\/logo\/image\/\",\"url\":\"https:\/\/www.monaxis.lt\/wp-content\/uploads\/2023\/03\/logo-1.png\",\"contentUrl\":\"https:\/\/www.monaxis.lt\/wp-content\/uploads\/2023\/03\/logo-1.png\",\"width\":205,\"height\":58,\"caption\":\"Monaxis\"},\"image\":{\"@id\":\"https:\/\/www.monaxis.lt\/en\/#\/schema\/logo\/image\/\"}}]}<\/script>\n<!-- \/ Yoast SEO plugin. -->","yoast_head_json":{"title":"Freezers and chillers AHT MIAMI %|%Monaxis% .lt","description":"AHT Monrea Austrian quality freezers and chillers for supermarkets. Increase your company's sales with eye-catching refrigeration equipment.Monaxis.lt","robots":{"index":"index","follow":"follow","max-snippet":"max-snippet:-1","max-image-preview":"max-image-preview:large","max-video-preview":"max-video-preview:-1"},"canonical":"https:\/\/www.monaxis.lt\/en\/parduotuve\/freezer-aht-miami-250-copy\/","og_locale":"en_US","og_type":"article","og_title":"Freezers and chillers AHT MIAMI %|%Monaxis% .lt","og_description":"AHT Monrea Austrian quality freezers and chillers for supermarkets. Increase your company's sales with eye-catching refrigeration equipment.Monaxis.lt","og_url":"https:\/\/www.monaxis.lt\/en\/parduotuve\/freezer-aht-miami-250-copy\/","og_site_name":"Monaxis","article_modified_time":"2026-03-21T11:31:08+00:00","og_image":[{"width":1000,"height":1000,"url":"https:\/\/www.monaxis.lt\/wp-content\/uploads\/2024\/09\/Saldiklis-AHT-Monreal-210-1-2.webp","type":"image\/webp"}],"twitter_card":"summary_large_image","twitter_misc":{"Est. reading time":"3 minutes"},"schema":{"@context":"https:\/\/schema.org","@graph":[{"@type":"WebPage","@id":"https:\/\/www.monaxis.lt\/en\/parduotuve\/freezer-aht-miami-250-copy\/","url":"https:\/\/www.monaxis.lt\/en\/parduotuve\/freezer-aht-miami-250-copy\/","name":"Freezers and chillers AHT MIAMI %|%Monaxis% .lt","isPartOf":{"@id":"https:\/\/www.monaxis.lt\/en\/#website"},"primaryImageOfPage":{"@id":"https:\/\/www.monaxis.lt\/en\/parduotuve\/freezer-aht-miami-250-copy\/#primaryimage"},"image":{"@id":"https:\/\/www.monaxis.lt\/en\/parduotuve\/freezer-aht-miami-250-copy\/#primaryimage"},"thumbnailUrl":"https:\/\/www.monaxis.lt\/wp-content\/uploads\/2024\/09\/Saldiklis-AHT-Monreal-210-1-2.webp","datePublished":"2024-09-22T13:13:56+00:00","dateModified":"2026-03-21T11:31:08+00:00","description":"AHT Monrea Austrian quality freezers and chillers for supermarkets. Increase your company's sales with eye-catching refrigeration equipment.Monaxis.lt","breadcrumb":{"@id":"https:\/\/www.monaxis.lt\/en\/parduotuve\/freezer-aht-miami-250-copy\/#breadcrumb"},"inLanguage":"en-US","potentialAction":[{"@type":"ReadAction","target":["https:\/\/www.monaxis.lt\/en\/parduotuve\/freezer-aht-miami-250-copy\/"]}]},{"@type":"ImageObject","inLanguage":"en-US","@id":"https:\/\/www.monaxis.lt\/en\/parduotuve\/freezer-aht-miami-250-copy\/#primaryimage","url":"https:\/\/www.monaxis.lt\/wp-content\/uploads\/2024\/09\/Saldiklis-AHT-Monreal-210-1-2.webp","contentUrl":"https:\/\/www.monaxis.lt\/wp-content\/uploads\/2024\/09\/Saldiklis-AHT-Monreal-210-1-2.webp","width":1000,"height":1000},{"@type":"BreadcrumbList","@id":"https:\/\/www.monaxis.lt\/en\/parduotuve\/freezer-aht-miami-250-copy\/#breadcrumb","itemListElement":[{"@type":"ListItem","position":1,"name":"Pagrindinis","item":"https:\/\/www.monaxis.lt\/en\/"},{"@type":"ListItem","position":2,"name":"Shop","item":"https:\/\/www.monaxis.lt\/en\/shop\/"},{"@type":"ListItem","position":3,"name":"Commercial refrigeration equipment","item":"https:\/\/www.monaxis.lt\/en\/produkto-kategorija\/commercial-refrigeration-equipment-en\/"},{"@type":"ListItem","position":4,"name":"Horizontal freezers","item":"https:\/\/www.monaxis.lt\/en\/produkto-kategorija\/commercial-refrigeration-equipment-en\/horizontal-freezers-en\/"},{"@type":"ListItem","position":5,"name":"Freezer AHT MONREAL 210 EC Universal"}]},{"@type":"WebSite","@id":"https:\/\/www.monaxis.lt\/en\/#website","url":"https:\/\/www.monaxis.lt\/en\/","name":"Monaxis","description":"Prekybin\u0117, bei \u0161aldymo \u012franga","publisher":{"@id":"https:\/\/www.monaxis.lt\/en\/#organization"},"potentialAction":[{"@type":"SearchAction","target":{"@type":"EntryPoint","urlTemplate":"https:\/\/www.monaxis.lt\/en\/?s={search_term_string}"},"query-input":{"@type":"PropertyValueSpecification","valueRequired":true,"valueName":"search_term_string"}}],"inLanguage":"en-US"},{"@type":"Organization","@id":"https:\/\/www.monaxis.lt\/en\/#organization","name":"Monaxis","url":"https:\/\/www.monaxis.lt\/en\/","logo":{"@type":"ImageObject","inLanguage":"en-US","@id":"https:\/\/www.monaxis.lt\/en\/#\/schema\/logo\/image\/","url":"https:\/\/www.monaxis.lt\/wp-content\/uploads\/2023\/03\/logo-1.png","contentUrl":"https:\/\/www.monaxis.lt\/wp-content\/uploads\/2023\/03\/logo-1.png","width":205,"height":58,"caption":"Monaxis"},"image":{"@id":"https:\/\/www.monaxis.lt\/en\/#\/schema\/logo\/image\/"}}]}},"_links":{"self":[{"href":"https:\/\/www.monaxis.lt\/en\/wp-json\/wp\/v2\/product\/18983","targetHints":{"allow":["GET"]}}],"collection":[{"href":"https:\/\/www.monaxis.lt\/en\/wp-json\/wp\/v2\/product"}],"about":[{"href":"https:\/\/www.monaxis.lt\/en\/wp-json\/wp\/v2\/types\/product"}],"replies":[{"embeddable":true,"href":"https:\/\/www.monaxis.lt\/en\/wp-json\/wp\/v2\/comments?post=18983"}],"wp:featuredmedia":[{"embeddable":true,"href":"https:\/\/www.monaxis.lt\/en\/wp-json\/wp\/v2\/media\/18998"}],"wp:attachment":[{"href":"https:\/\/www.monaxis.lt\/en\/wp-json\/wp\/v2\/media?parent=18983"}],"wp:term":[{"taxonomy":"product_brand","embeddable":true,"href":"https:\/\/www.monaxis.lt\/en\/wp-json\/wp\/v2\/product_brand?post=18983"},{"taxonomy":"product_cat","embeddable":true,"href":"https:\/\/www.monaxis.lt\/en\/wp-json\/wp\/v2\/product_cat?post=18983"},{"taxonomy":"product_tag","embeddable":true,"href":"https:\/\/www.monaxis.lt\/en\/wp-json\/wp\/v2\/product_tag?post=18983"}],"curies":[{"name":"wp","href":"https:\/\/api.w.org\/{rel}","templated":true}]}}