{"id":19091,"date":"2024-11-04T10:01:39","date_gmt":"2024-11-04T08:01:39","guid":{"rendered":"https:\/\/www.monaxis.lt\/?post_type=product&#038;p=19091"},"modified":"2026-03-21T13:31:12","modified_gmt":"2026-03-21T11:31:12","slug":"office-filing-cabinet-2-door-90cm-copy","status":"publish","type":"product","link":"https:\/\/www.monaxis.lt\/en\/parduotuve\/office-filing-cabinet-2-door-90cm-copy\/","title":{"rendered":"Office filing cabinet 2-door 90cm"},"content":{"rendered":"<h3><strong>Metal office cabinet 2-door 90cm<\/strong><\/h3>\n<p><strong>The Mega-M metal office filing cabinet <\/strong>provides easy access and secure storage for office documents. The furniture is made of powder-coated steel sheet<strong> in grey<\/strong> (RAL 7035)<strong>.<\/strong> The filing cabinet has<strong> 4 levels of shelves with the possibility of changing the height.<\/strong> The furniture has a <strong> three-point lock<\/strong> which restricts access to files by unauthorised persons. The maximum load of the shelves is up to 30 kg. The office cabinet is designed for self-assembly   <\/p>\n<table>\n<tbody>\n<tr>\n<td>\n<h3><strong>Benefits of metal office filing cabinets  <\/strong><\/h3>\n<ul>\n<li>The <strong>0.6 mm thick powder-coated <\/strong><strong>steel sheet<\/strong> construction guarantees durability.<\/li>\n<li><strong>Each shelf has a load capacity of up to 30 kg<\/strong> with even weight distribution.<\/li>\n<li><strong>A 3-point lock protects stored files<\/strong>.<\/li>\n<li><b>4 levels of shelves<\/b> allow you to store large amounts of documents.<\/li>\n<li><strong>By adjusting the height of the shelves<\/strong>, the cabinet can be customised to suit individual needs.<\/li>\n<\/ul>\n<\/td>\n<td>\n<h2><a href=\"https:\/\/www.monaxis.lt\/wp-content\/uploads\/2024\/11\/Biuro-spinta-dokumentams-2-duru-90cm-4.webp\"><img decoding=\"async\" class=\"alignnone size-medium wp-image-19098\" src=\"https:\/\/www.monaxis.lt\/wp-content\/uploads\/2024\/11\/Biuro-spinta-dokumentams-2-duru-90cm-4-300x300.webp\" alt=\"\" width=\"300\" height=\"300\" srcset=\"https:\/\/www.monaxis.lt\/wp-content\/uploads\/2024\/11\/Biuro-spinta-dokumentams-2-duru-90cm-4-300x300.webp 300w, https:\/\/www.monaxis.lt\/wp-content\/uploads\/2024\/11\/Biuro-spinta-dokumentams-2-duru-90cm-4-150x150.webp 150w, https:\/\/www.monaxis.lt\/wp-content\/uploads\/2024\/11\/Biuro-spinta-dokumentams-2-duru-90cm-4-768x768.webp 768w, https:\/\/www.monaxis.lt\/wp-content\/uploads\/2024\/11\/Biuro-spinta-dokumentams-2-duru-90cm-4-247x247.webp 247w, https:\/\/www.monaxis.lt\/wp-content\/uploads\/2024\/11\/Biuro-spinta-dokumentams-2-duru-90cm-4-510x510.webp 510w, https:\/\/www.monaxis.lt\/wp-content\/uploads\/2024\/11\/Biuro-spinta-dokumentams-2-duru-90cm-4-100x100.webp 100w, https:\/\/www.monaxis.lt\/wp-content\/uploads\/2024\/11\/Biuro-spinta-dokumentams-2-duru-90cm-4.webp 1024w\" sizes=\"(max-width: 300px) 100vw, 300px\" \/><\/a><\/h2>\n<\/td>\n<\/tr>\n<\/tbody>\n<\/table>\n<h3><strong>Filing cabinets &#8211; App<\/strong><\/h3>\n<p><strong>The Mega-M filing cabinet<\/strong> allows you to keep all your documents in one place, saving you time searching for the invoices and contracts you need. The metal office filing cabinet will help you manage your company&#8217;s office documentation. It is an essential piece of equipment for archives, offices, public institutions, educational institutions, libraries and secretariats.  <\/p>\n","protected":false},"excerpt":{"rendered":"<div class=\"product__parameter__name\"><strong><span class=\"product__parameter__name__text\"><img decoding=\"async\" class=\"alignnone wp-image-7601\" src=\"https:\/\/www.monaxis.lt\/wp-content\/uploads\/2023\/03\/delivery-1-150x150.png\" alt=\"\" width=\"28\" height=\"28\" srcset=\"https:\/\/www.monaxis.lt\/wp-content\/uploads\/2023\/03\/delivery-1-150x150.png 150w, https:\/\/www.monaxis.lt\/wp-content\/uploads\/2023\/03\/delivery-1-300x300.png 300w, https:\/\/www.monaxis.lt\/wp-content\/uploads\/2023\/03\/delivery-1.png 512w\" sizes=\"(max-width: 28px) 100vw, 28px\" \/> Delivery <\/span><\/strong><\/div>\n<div class=\"product__parameter__value\"><span class=\"product__parameter__value__text\">     <strong>   <span style=\"font-size: 75%; color: #999999;\"> 2-10 d.d.<\/span><\/strong><\/span><\/div>\n","protected":false},"featured_media":19097,"comment_status":"open","ping_status":"closed","template":"","meta":[],"product_brand":[],"product_cat":[125],"product_tag":[],"class_list":{"0":"post-19091","1":"product","2":"type-product","3":"status-publish","4":"has-post-thumbnail","6":"product_cat-changing-cabinets","8":"first","9":"instock","10":"taxable","11":"shipping-taxable","12":"purchasable","13":"product-type-simple"},"yoast_head":"<!-- This site is optimized with the Yoast SEO plugin v27.1.1 - https:\/\/yoast.com\/product\/yoast-seo-wordpress\/ -->\n<title>Office filing cabinet 2-door 90cm | Monaxis<\/title>\n<meta name=\"description\" content=\"Metal office filing cabinet at online shop Monaxis.lt. Wide selection, best prices and fast delivery throughout Lithuania.\" \/>\n<meta name=\"robots\" content=\"index, follow, max-snippet:-1, max-image-preview:large, max-video-preview:-1\" \/>\n<link rel=\"canonical\" href=\"https:\/\/www.monaxis.lt\/en\/parduotuve\/office-filing-cabinet-2-door-90cm-copy\/\" \/>\n<meta property=\"og:locale\" content=\"en_US\" \/>\n<meta property=\"og:type\" content=\"article\" \/>\n<meta property=\"og:title\" content=\"Office filing cabinet 2-door 90cm | Monaxis\" \/>\n<meta property=\"og:description\" content=\"Metal office filing cabinet at online shop Monaxis.lt. Wide selection, best prices and fast delivery throughout Lithuania.\" \/>\n<meta property=\"og:url\" content=\"https:\/\/www.monaxis.lt\/en\/parduotuve\/office-filing-cabinet-2-door-90cm-copy\/\" \/>\n<meta property=\"og:site_name\" content=\"Monaxis\" \/>\n<meta property=\"article:modified_time\" content=\"2026-03-21T11:31:12+00:00\" \/>\n<meta property=\"og:image\" content=\"https:\/\/www.monaxis.lt\/wp-content\/uploads\/2024\/11\/Biuro-spinta-dokumentams-2-duru-90cm-3.webp\" \/>\n\t<meta property=\"og:image:width\" content=\"1024\" \/>\n\t<meta property=\"og:image:height\" content=\"1024\" \/>\n\t<meta property=\"og:image:type\" content=\"image\/webp\" \/>\n<meta name=\"twitter:card\" content=\"summary_large_image\" \/>\n<meta name=\"twitter:label1\" content=\"Est. reading time\" \/>\n\t<meta name=\"twitter:data1\" content=\"1 minute\" \/>\n<script type=\"application\/ld+json\" class=\"yoast-schema-graph\">{\"@context\":\"https:\/\/schema.org\",\"@graph\":[{\"@type\":\"WebPage\",\"@id\":\"https:\/\/www.monaxis.lt\/en\/parduotuve\/office-filing-cabinet-2-door-90cm-copy\/\",\"url\":\"https:\/\/www.monaxis.lt\/en\/parduotuve\/office-filing-cabinet-2-door-90cm-copy\/\",\"name\":\"Office filing cabinet 2-door 90cm | Monaxis\",\"isPartOf\":{\"@id\":\"https:\/\/www.monaxis.lt\/en\/#website\"},\"primaryImageOfPage\":{\"@id\":\"https:\/\/www.monaxis.lt\/en\/parduotuve\/office-filing-cabinet-2-door-90cm-copy\/#primaryimage\"},\"image\":{\"@id\":\"https:\/\/www.monaxis.lt\/en\/parduotuve\/office-filing-cabinet-2-door-90cm-copy\/#primaryimage\"},\"thumbnailUrl\":\"https:\/\/www.monaxis.lt\/wp-content\/uploads\/2024\/11\/Biuro-spinta-dokumentams-2-duru-90cm-3.webp\",\"datePublished\":\"2024-11-04T08:01:39+00:00\",\"dateModified\":\"2026-03-21T11:31:12+00:00\",\"description\":\"Metal office filing cabinet at online shop Monaxis.lt. Wide selection, best prices and fast delivery throughout Lithuania.\",\"breadcrumb\":{\"@id\":\"https:\/\/www.monaxis.lt\/en\/parduotuve\/office-filing-cabinet-2-door-90cm-copy\/#breadcrumb\"},\"inLanguage\":\"en-US\",\"potentialAction\":[{\"@type\":\"ReadAction\",\"target\":[\"https:\/\/www.monaxis.lt\/en\/parduotuve\/office-filing-cabinet-2-door-90cm-copy\/\"]}]},{\"@type\":\"ImageObject\",\"inLanguage\":\"en-US\",\"@id\":\"https:\/\/www.monaxis.lt\/en\/parduotuve\/office-filing-cabinet-2-door-90cm-copy\/#primaryimage\",\"url\":\"https:\/\/www.monaxis.lt\/wp-content\/uploads\/2024\/11\/Biuro-spinta-dokumentams-2-duru-90cm-3.webp\",\"contentUrl\":\"https:\/\/www.monaxis.lt\/wp-content\/uploads\/2024\/11\/Biuro-spinta-dokumentams-2-duru-90cm-3.webp\",\"width\":1024,\"height\":1024},{\"@type\":\"BreadcrumbList\",\"@id\":\"https:\/\/www.monaxis.lt\/en\/parduotuve\/office-filing-cabinet-2-door-90cm-copy\/#breadcrumb\",\"itemListElement\":[{\"@type\":\"ListItem\",\"position\":1,\"name\":\"Pagrindinis\",\"item\":\"https:\/\/www.monaxis.lt\/en\/\"},{\"@type\":\"ListItem\",\"position\":2,\"name\":\"Shop\",\"item\":\"https:\/\/www.monaxis.lt\/en\/shop\/\"},{\"@type\":\"ListItem\",\"position\":3,\"name\":\"Sand\u0117liavimo \u012franga\",\"item\":\"https:\/\/www.monaxis.lt\/produkto-kategorija\/sandeliavimo-iranga\/\"},{\"@type\":\"ListItem\",\"position\":4,\"name\":\"Biuro ir persirengimo spintel\u0117s\",\"item\":\"https:\/\/www.monaxis.lt\/produkto-kategorija\/sandeliavimo-iranga\/persirengimo-spinteles\/\"},{\"@type\":\"ListItem\",\"position\":5,\"name\":\"Office filing cabinet 2-door 90cm\"}]},{\"@type\":\"WebSite\",\"@id\":\"https:\/\/www.monaxis.lt\/en\/#website\",\"url\":\"https:\/\/www.monaxis.lt\/en\/\",\"name\":\"Monaxis\",\"description\":\"Prekybin\u0117, bei \u0161aldymo \u012franga\",\"publisher\":{\"@id\":\"https:\/\/www.monaxis.lt\/en\/#organization\"},\"potentialAction\":[{\"@type\":\"SearchAction\",\"target\":{\"@type\":\"EntryPoint\",\"urlTemplate\":\"https:\/\/www.monaxis.lt\/en\/?s={search_term_string}\"},\"query-input\":{\"@type\":\"PropertyValueSpecification\",\"valueRequired\":true,\"valueName\":\"search_term_string\"}}],\"inLanguage\":\"en-US\"},{\"@type\":\"Organization\",\"@id\":\"https:\/\/www.monaxis.lt\/en\/#organization\",\"name\":\"Monaxis\",\"url\":\"https:\/\/www.monaxis.lt\/en\/\",\"logo\":{\"@type\":\"ImageObject\",\"inLanguage\":\"en-US\",\"@id\":\"https:\/\/www.monaxis.lt\/en\/#\/schema\/logo\/image\/\",\"url\":\"https:\/\/www.monaxis.lt\/wp-content\/uploads\/2023\/03\/logo-1.png\",\"contentUrl\":\"https:\/\/www.monaxis.lt\/wp-content\/uploads\/2023\/03\/logo-1.png\",\"width\":205,\"height\":58,\"caption\":\"Monaxis\"},\"image\":{\"@id\":\"https:\/\/www.monaxis.lt\/en\/#\/schema\/logo\/image\/\"}}]}<\/script>\n<!-- \/ Yoast SEO plugin. -->","yoast_head_json":{"title":"Office filing cabinet 2-door 90cm | Monaxis","description":"Metal office filing cabinet at online shop Monaxis.lt. Wide selection, best prices and fast delivery throughout Lithuania.","robots":{"index":"index","follow":"follow","max-snippet":"max-snippet:-1","max-image-preview":"max-image-preview:large","max-video-preview":"max-video-preview:-1"},"canonical":"https:\/\/www.monaxis.lt\/en\/parduotuve\/office-filing-cabinet-2-door-90cm-copy\/","og_locale":"en_US","og_type":"article","og_title":"Office filing cabinet 2-door 90cm | Monaxis","og_description":"Metal office filing cabinet at online shop Monaxis.lt. Wide selection, best prices and fast delivery throughout Lithuania.","og_url":"https:\/\/www.monaxis.lt\/en\/parduotuve\/office-filing-cabinet-2-door-90cm-copy\/","og_site_name":"Monaxis","article_modified_time":"2026-03-21T11:31:12+00:00","og_image":[{"width":1024,"height":1024,"url":"https:\/\/www.monaxis.lt\/wp-content\/uploads\/2024\/11\/Biuro-spinta-dokumentams-2-duru-90cm-3.webp","type":"image\/webp"}],"twitter_card":"summary_large_image","twitter_misc":{"Est. reading time":"1 minute"},"schema":{"@context":"https:\/\/schema.org","@graph":[{"@type":"WebPage","@id":"https:\/\/www.monaxis.lt\/en\/parduotuve\/office-filing-cabinet-2-door-90cm-copy\/","url":"https:\/\/www.monaxis.lt\/en\/parduotuve\/office-filing-cabinet-2-door-90cm-copy\/","name":"Office filing cabinet 2-door 90cm | Monaxis","isPartOf":{"@id":"https:\/\/www.monaxis.lt\/en\/#website"},"primaryImageOfPage":{"@id":"https:\/\/www.monaxis.lt\/en\/parduotuve\/office-filing-cabinet-2-door-90cm-copy\/#primaryimage"},"image":{"@id":"https:\/\/www.monaxis.lt\/en\/parduotuve\/office-filing-cabinet-2-door-90cm-copy\/#primaryimage"},"thumbnailUrl":"https:\/\/www.monaxis.lt\/wp-content\/uploads\/2024\/11\/Biuro-spinta-dokumentams-2-duru-90cm-3.webp","datePublished":"2024-11-04T08:01:39+00:00","dateModified":"2026-03-21T11:31:12+00:00","description":"Metal office filing cabinet at online shop Monaxis.lt. Wide selection, best prices and fast delivery throughout Lithuania.","breadcrumb":{"@id":"https:\/\/www.monaxis.lt\/en\/parduotuve\/office-filing-cabinet-2-door-90cm-copy\/#breadcrumb"},"inLanguage":"en-US","potentialAction":[{"@type":"ReadAction","target":["https:\/\/www.monaxis.lt\/en\/parduotuve\/office-filing-cabinet-2-door-90cm-copy\/"]}]},{"@type":"ImageObject","inLanguage":"en-US","@id":"https:\/\/www.monaxis.lt\/en\/parduotuve\/office-filing-cabinet-2-door-90cm-copy\/#primaryimage","url":"https:\/\/www.monaxis.lt\/wp-content\/uploads\/2024\/11\/Biuro-spinta-dokumentams-2-duru-90cm-3.webp","contentUrl":"https:\/\/www.monaxis.lt\/wp-content\/uploads\/2024\/11\/Biuro-spinta-dokumentams-2-duru-90cm-3.webp","width":1024,"height":1024},{"@type":"BreadcrumbList","@id":"https:\/\/www.monaxis.lt\/en\/parduotuve\/office-filing-cabinet-2-door-90cm-copy\/#breadcrumb","itemListElement":[{"@type":"ListItem","position":1,"name":"Pagrindinis","item":"https:\/\/www.monaxis.lt\/en\/"},{"@type":"ListItem","position":2,"name":"Shop","item":"https:\/\/www.monaxis.lt\/en\/shop\/"},{"@type":"ListItem","position":3,"name":"Sand\u0117liavimo \u012franga","item":"https:\/\/www.monaxis.lt\/produkto-kategorija\/sandeliavimo-iranga\/"},{"@type":"ListItem","position":4,"name":"Biuro ir persirengimo spintel\u0117s","item":"https:\/\/www.monaxis.lt\/produkto-kategorija\/sandeliavimo-iranga\/persirengimo-spinteles\/"},{"@type":"ListItem","position":5,"name":"Office filing cabinet 2-door 90cm"}]},{"@type":"WebSite","@id":"https:\/\/www.monaxis.lt\/en\/#website","url":"https:\/\/www.monaxis.lt\/en\/","name":"Monaxis","description":"Prekybin\u0117, bei \u0161aldymo \u012franga","publisher":{"@id":"https:\/\/www.monaxis.lt\/en\/#organization"},"potentialAction":[{"@type":"SearchAction","target":{"@type":"EntryPoint","urlTemplate":"https:\/\/www.monaxis.lt\/en\/?s={search_term_string}"},"query-input":{"@type":"PropertyValueSpecification","valueRequired":true,"valueName":"search_term_string"}}],"inLanguage":"en-US"},{"@type":"Organization","@id":"https:\/\/www.monaxis.lt\/en\/#organization","name":"Monaxis","url":"https:\/\/www.monaxis.lt\/en\/","logo":{"@type":"ImageObject","inLanguage":"en-US","@id":"https:\/\/www.monaxis.lt\/en\/#\/schema\/logo\/image\/","url":"https:\/\/www.monaxis.lt\/wp-content\/uploads\/2023\/03\/logo-1.png","contentUrl":"https:\/\/www.monaxis.lt\/wp-content\/uploads\/2023\/03\/logo-1.png","width":205,"height":58,"caption":"Monaxis"},"image":{"@id":"https:\/\/www.monaxis.lt\/en\/#\/schema\/logo\/image\/"}}]}},"_links":{"self":[{"href":"https:\/\/www.monaxis.lt\/en\/wp-json\/wp\/v2\/product\/19091","targetHints":{"allow":["GET"]}}],"collection":[{"href":"https:\/\/www.monaxis.lt\/en\/wp-json\/wp\/v2\/product"}],"about":[{"href":"https:\/\/www.monaxis.lt\/en\/wp-json\/wp\/v2\/types\/product"}],"replies":[{"embeddable":true,"href":"https:\/\/www.monaxis.lt\/en\/wp-json\/wp\/v2\/comments?post=19091"}],"wp:featuredmedia":[{"embeddable":true,"href":"https:\/\/www.monaxis.lt\/en\/wp-json\/wp\/v2\/media\/19097"}],"wp:attachment":[{"href":"https:\/\/www.monaxis.lt\/en\/wp-json\/wp\/v2\/media?parent=19091"}],"wp:term":[{"taxonomy":"product_brand","embeddable":true,"href":"https:\/\/www.monaxis.lt\/en\/wp-json\/wp\/v2\/product_brand?post=19091"},{"taxonomy":"product_cat","embeddable":true,"href":"https:\/\/www.monaxis.lt\/en\/wp-json\/wp\/v2\/product_cat?post=19091"},{"taxonomy":"product_tag","embeddable":true,"href":"https:\/\/www.monaxis.lt\/en\/wp-json\/wp\/v2\/product_tag?post=19091"}],"curies":[{"name":"wp","href":"https:\/\/api.w.org\/{rel}","templated":true}]}}