{"id":19143,"date":"2024-11-04T10:33:30","date_gmt":"2024-11-04T08:33:30","guid":{"rendered":"https:\/\/www.monaxis.lt\/?post_type=product&#038;p=19143"},"modified":"2026-03-21T13:31:17","modified_gmt":"2026-03-21T11:31:17","slug":"office-filing-cabinet-2-door-90cm-copy-4","status":"publish","type":"product","link":"https:\/\/www.monaxis.lt\/en\/parduotuve\/office-filing-cabinet-2-door-90cm-copy-4\/","title":{"rendered":"Office filing cabinet 2-door 90cm"},"content":{"rendered":"<h3><strong>Metal filing cabinet with glass door 90cm<\/strong><\/h3>\n<p><strong>The Mega-M metal filing cabinet <\/strong>offers easy access and secure storage for office documents. The furniture is made of powder-coated steel sheet<strong> in grey<\/strong> (RAL 7035)<strong>.<\/strong> The filing cabinet has<strong> 4 levels of shelves with the possibility of changing the height.<\/strong> The furniture has a <strong> three-point locking system<\/strong> which restricts access to files by unauthorised persons. The maximum load of the shelves is up to 30 kg. The office cabinet is designed for self-assembly   <\/p>\n<p>\u200b<\/p>\n<table>\n<tbody>\n<tr>\n<td>\n<h3><strong>Metal filing cabinet &#8211; the advantages  <\/strong><\/h3>\n<ul>\n<li>The <strong>0.6 mm thick powder-coated <\/strong><strong>steel sheet<\/strong> construction guarantees durability.<\/li>\n<li><strong>Each shelf has a load capacity of up to 30 kg<\/strong> with even weight distribution.<\/li>\n<li><strong>Secure doors with tempered glass<\/strong> speed up the search for the documents you need.<\/li>\n<li><strong>A 3-point lock protects stored files<\/strong>.<\/li>\n<li><b>4 levels of shelves<\/b> allow you to store large amounts of documents.<\/li>\n<li><strong>By adjusting the height of the shelves<\/strong>, the cabinet can be customised to suit individual needs.<\/li>\n<\/ul>\n<\/td>\n<td><a href=\"https:\/\/www.monaxis.lt\/wp-content\/uploads\/2024\/11\/Biuro-spinta-dokumentams-2-duru-90cm-3-3.webp\"><img decoding=\"async\" class=\"alignnone size-medium wp-image-19148\" src=\"https:\/\/www.monaxis.lt\/wp-content\/uploads\/2024\/11\/Biuro-spinta-dokumentams-2-duru-90cm-3-3-300x300.webp\" alt=\"\" width=\"300\" height=\"300\" srcset=\"https:\/\/www.monaxis.lt\/wp-content\/uploads\/2024\/11\/Biuro-spinta-dokumentams-2-duru-90cm-3-3-300x300.webp 300w, https:\/\/www.monaxis.lt\/wp-content\/uploads\/2024\/11\/Biuro-spinta-dokumentams-2-duru-90cm-3-3-150x150.webp 150w, https:\/\/www.monaxis.lt\/wp-content\/uploads\/2024\/11\/Biuro-spinta-dokumentams-2-duru-90cm-3-3-768x768.webp 768w, https:\/\/www.monaxis.lt\/wp-content\/uploads\/2024\/11\/Biuro-spinta-dokumentams-2-duru-90cm-3-3-247x247.webp 247w, https:\/\/www.monaxis.lt\/wp-content\/uploads\/2024\/11\/Biuro-spinta-dokumentams-2-duru-90cm-3-3-510x510.webp 510w, https:\/\/www.monaxis.lt\/wp-content\/uploads\/2024\/11\/Biuro-spinta-dokumentams-2-duru-90cm-3-3-100x100.webp 100w, https:\/\/www.monaxis.lt\/wp-content\/uploads\/2024\/11\/Biuro-spinta-dokumentams-2-duru-90cm-3-3.webp 1024w\" sizes=\"(max-width: 300px) 100vw, 300px\" \/><\/a><\/td>\n<\/tr>\n<\/tbody>\n<\/table>\n<h3><strong>Filing cabinets &#8211; App<\/strong><\/h3>\n<p>&#8220;<strong>The Mega-M <\/strong><strong>is a glass cabinet<\/strong> with a key, used to store medical equipment, medicines or documents. The WENUS line of glass cabinets is suitable for any environment: <strong>office, clinic, hospital, secretarial, library, office, school, <\/strong> and <strong>laboratory.<\/strong> It will also work well in an archive, providing space for storing a multitude of files, documents, binders and records. Metal furniture is very often used in <strong> beauty and hairdressing salons<\/strong> for cosmetics, care products, paints and specialised appliances, which need to be properly stored in accordance with the requirements of occupational health and safety regulations.  <\/p>\n","protected":false},"excerpt":{"rendered":"<div class=\"product__parameter__name\"><strong><span class=\"product__parameter__name__text\"><img decoding=\"async\" class=\"alignnone wp-image-7601\" src=\"https:\/\/www.monaxis.lt\/wp-content\/uploads\/2023\/03\/delivery-1-150x150.png\" alt=\"\" width=\"28\" height=\"28\" srcset=\"https:\/\/www.monaxis.lt\/wp-content\/uploads\/2023\/03\/delivery-1-150x150.png 150w, https:\/\/www.monaxis.lt\/wp-content\/uploads\/2023\/03\/delivery-1-300x300.png 300w, https:\/\/www.monaxis.lt\/wp-content\/uploads\/2023\/03\/delivery-1.png 512w\" sizes=\"(max-width: 28px) 100vw, 28px\" \/> Delivery <\/span><\/strong><\/div>\n<div class=\"product__parameter__value\"><span class=\"product__parameter__value__text\">     <strong>   <span style=\"font-size: 75%; color: #999999;\"> 2-10 d.d.<\/span><\/strong><\/span><\/div>\n","protected":false},"featured_media":19145,"comment_status":"open","ping_status":"closed","template":"","meta":[],"product_brand":[],"product_cat":[125],"product_tag":[],"class_list":{"0":"post-19143","1":"product","2":"type-product","3":"status-publish","4":"has-post-thumbnail","6":"product_cat-changing-cabinets","8":"first","9":"instock","10":"taxable","11":"shipping-taxable","12":"purchasable","13":"product-type-simple"},"yoast_head":"<!-- This site is optimized with the Yoast SEO plugin v27.1.1 - https:\/\/yoast.com\/product\/yoast-seo-wordpress\/ -->\n<title>Metal filing cabinet | Monaxis<\/title>\n<meta name=\"description\" content=\"Metal filing cabinet in the online shop Monaxis.lt. Wide selection, best prices and fast delivery throughout Lithuania.\" \/>\n<meta name=\"robots\" content=\"index, follow, max-snippet:-1, max-image-preview:large, max-video-preview:-1\" \/>\n<link rel=\"canonical\" href=\"https:\/\/www.monaxis.lt\/en\/parduotuve\/office-filing-cabinet-2-door-90cm-copy-4\/\" \/>\n<meta property=\"og:locale\" content=\"en_US\" \/>\n<meta property=\"og:type\" content=\"article\" \/>\n<meta property=\"og:title\" content=\"Metal filing cabinet | Monaxis\" \/>\n<meta property=\"og:description\" content=\"Metal filing cabinet in the online shop Monaxis.lt. Wide selection, best prices and fast delivery throughout Lithuania.\" \/>\n<meta property=\"og:url\" content=\"https:\/\/www.monaxis.lt\/en\/parduotuve\/office-filing-cabinet-2-door-90cm-copy-4\/\" \/>\n<meta property=\"og:site_name\" content=\"Monaxis\" \/>\n<meta property=\"article:modified_time\" content=\"2026-03-21T11:31:17+00:00\" \/>\n<meta property=\"og:image\" content=\"https:\/\/www.monaxis.lt\/wp-content\/uploads\/2024\/11\/Biuro-spinta-dokumentams-2-duru-90cm-1-3.webp\" \/>\n\t<meta property=\"og:image:width\" content=\"1024\" \/>\n\t<meta property=\"og:image:height\" content=\"1024\" \/>\n\t<meta property=\"og:image:type\" content=\"image\/webp\" \/>\n<meta name=\"twitter:card\" content=\"summary_large_image\" \/>\n<meta name=\"twitter:label1\" content=\"Est. reading time\" \/>\n\t<meta name=\"twitter:data1\" content=\"1 minute\" \/>\n<script type=\"application\/ld+json\" class=\"yoast-schema-graph\">{\"@context\":\"https:\/\/schema.org\",\"@graph\":[{\"@type\":\"WebPage\",\"@id\":\"https:\/\/www.monaxis.lt\/en\/parduotuve\/office-filing-cabinet-2-door-90cm-copy-4\/\",\"url\":\"https:\/\/www.monaxis.lt\/en\/parduotuve\/office-filing-cabinet-2-door-90cm-copy-4\/\",\"name\":\"Metal filing cabinet | Monaxis\",\"isPartOf\":{\"@id\":\"https:\/\/www.monaxis.lt\/en\/#website\"},\"primaryImageOfPage\":{\"@id\":\"https:\/\/www.monaxis.lt\/en\/parduotuve\/office-filing-cabinet-2-door-90cm-copy-4\/#primaryimage\"},\"image\":{\"@id\":\"https:\/\/www.monaxis.lt\/en\/parduotuve\/office-filing-cabinet-2-door-90cm-copy-4\/#primaryimage\"},\"thumbnailUrl\":\"https:\/\/www.monaxis.lt\/wp-content\/uploads\/2024\/11\/Biuro-spinta-dokumentams-2-duru-90cm-1-3.webp\",\"datePublished\":\"2024-11-04T08:33:30+00:00\",\"dateModified\":\"2026-03-21T11:31:17+00:00\",\"description\":\"Metal filing cabinet in the online shop Monaxis.lt. Wide selection, best prices and fast delivery throughout Lithuania.\",\"breadcrumb\":{\"@id\":\"https:\/\/www.monaxis.lt\/en\/parduotuve\/office-filing-cabinet-2-door-90cm-copy-4\/#breadcrumb\"},\"inLanguage\":\"en-US\",\"potentialAction\":[{\"@type\":\"ReadAction\",\"target\":[\"https:\/\/www.monaxis.lt\/en\/parduotuve\/office-filing-cabinet-2-door-90cm-copy-4\/\"]}]},{\"@type\":\"ImageObject\",\"inLanguage\":\"en-US\",\"@id\":\"https:\/\/www.monaxis.lt\/en\/parduotuve\/office-filing-cabinet-2-door-90cm-copy-4\/#primaryimage\",\"url\":\"https:\/\/www.monaxis.lt\/wp-content\/uploads\/2024\/11\/Biuro-spinta-dokumentams-2-duru-90cm-1-3.webp\",\"contentUrl\":\"https:\/\/www.monaxis.lt\/wp-content\/uploads\/2024\/11\/Biuro-spinta-dokumentams-2-duru-90cm-1-3.webp\",\"width\":1024,\"height\":1024},{\"@type\":\"BreadcrumbList\",\"@id\":\"https:\/\/www.monaxis.lt\/en\/parduotuve\/office-filing-cabinet-2-door-90cm-copy-4\/#breadcrumb\",\"itemListElement\":[{\"@type\":\"ListItem\",\"position\":1,\"name\":\"Pagrindinis\",\"item\":\"https:\/\/www.monaxis.lt\/en\/\"},{\"@type\":\"ListItem\",\"position\":2,\"name\":\"Shop\",\"item\":\"https:\/\/www.monaxis.lt\/en\/shop\/\"},{\"@type\":\"ListItem\",\"position\":3,\"name\":\"Sand\u0117liavimo \u012franga\",\"item\":\"https:\/\/www.monaxis.lt\/produkto-kategorija\/sandeliavimo-iranga\/\"},{\"@type\":\"ListItem\",\"position\":4,\"name\":\"Biuro ir persirengimo spintel\u0117s\",\"item\":\"https:\/\/www.monaxis.lt\/produkto-kategorija\/sandeliavimo-iranga\/persirengimo-spinteles\/\"},{\"@type\":\"ListItem\",\"position\":5,\"name\":\"Office filing cabinet 2-door 90cm\"}]},{\"@type\":\"WebSite\",\"@id\":\"https:\/\/www.monaxis.lt\/en\/#website\",\"url\":\"https:\/\/www.monaxis.lt\/en\/\",\"name\":\"Monaxis\",\"description\":\"Prekybin\u0117, bei \u0161aldymo \u012franga\",\"publisher\":{\"@id\":\"https:\/\/www.monaxis.lt\/en\/#organization\"},\"potentialAction\":[{\"@type\":\"SearchAction\",\"target\":{\"@type\":\"EntryPoint\",\"urlTemplate\":\"https:\/\/www.monaxis.lt\/en\/?s={search_term_string}\"},\"query-input\":{\"@type\":\"PropertyValueSpecification\",\"valueRequired\":true,\"valueName\":\"search_term_string\"}}],\"inLanguage\":\"en-US\"},{\"@type\":\"Organization\",\"@id\":\"https:\/\/www.monaxis.lt\/en\/#organization\",\"name\":\"Monaxis\",\"url\":\"https:\/\/www.monaxis.lt\/en\/\",\"logo\":{\"@type\":\"ImageObject\",\"inLanguage\":\"en-US\",\"@id\":\"https:\/\/www.monaxis.lt\/en\/#\/schema\/logo\/image\/\",\"url\":\"https:\/\/www.monaxis.lt\/wp-content\/uploads\/2023\/03\/logo-1.png\",\"contentUrl\":\"https:\/\/www.monaxis.lt\/wp-content\/uploads\/2023\/03\/logo-1.png\",\"width\":205,\"height\":58,\"caption\":\"Monaxis\"},\"image\":{\"@id\":\"https:\/\/www.monaxis.lt\/en\/#\/schema\/logo\/image\/\"}}]}<\/script>\n<!-- \/ Yoast SEO plugin. -->","yoast_head_json":{"title":"Metal filing cabinet | Monaxis","description":"Metal filing cabinet in the online shop Monaxis.lt. Wide selection, best prices and fast delivery throughout Lithuania.","robots":{"index":"index","follow":"follow","max-snippet":"max-snippet:-1","max-image-preview":"max-image-preview:large","max-video-preview":"max-video-preview:-1"},"canonical":"https:\/\/www.monaxis.lt\/en\/parduotuve\/office-filing-cabinet-2-door-90cm-copy-4\/","og_locale":"en_US","og_type":"article","og_title":"Metal filing cabinet | Monaxis","og_description":"Metal filing cabinet in the online shop Monaxis.lt. Wide selection, best prices and fast delivery throughout Lithuania.","og_url":"https:\/\/www.monaxis.lt\/en\/parduotuve\/office-filing-cabinet-2-door-90cm-copy-4\/","og_site_name":"Monaxis","article_modified_time":"2026-03-21T11:31:17+00:00","og_image":[{"width":1024,"height":1024,"url":"https:\/\/www.monaxis.lt\/wp-content\/uploads\/2024\/11\/Biuro-spinta-dokumentams-2-duru-90cm-1-3.webp","type":"image\/webp"}],"twitter_card":"summary_large_image","twitter_misc":{"Est. reading time":"1 minute"},"schema":{"@context":"https:\/\/schema.org","@graph":[{"@type":"WebPage","@id":"https:\/\/www.monaxis.lt\/en\/parduotuve\/office-filing-cabinet-2-door-90cm-copy-4\/","url":"https:\/\/www.monaxis.lt\/en\/parduotuve\/office-filing-cabinet-2-door-90cm-copy-4\/","name":"Metal filing cabinet | Monaxis","isPartOf":{"@id":"https:\/\/www.monaxis.lt\/en\/#website"},"primaryImageOfPage":{"@id":"https:\/\/www.monaxis.lt\/en\/parduotuve\/office-filing-cabinet-2-door-90cm-copy-4\/#primaryimage"},"image":{"@id":"https:\/\/www.monaxis.lt\/en\/parduotuve\/office-filing-cabinet-2-door-90cm-copy-4\/#primaryimage"},"thumbnailUrl":"https:\/\/www.monaxis.lt\/wp-content\/uploads\/2024\/11\/Biuro-spinta-dokumentams-2-duru-90cm-1-3.webp","datePublished":"2024-11-04T08:33:30+00:00","dateModified":"2026-03-21T11:31:17+00:00","description":"Metal filing cabinet in the online shop Monaxis.lt. Wide selection, best prices and fast delivery throughout Lithuania.","breadcrumb":{"@id":"https:\/\/www.monaxis.lt\/en\/parduotuve\/office-filing-cabinet-2-door-90cm-copy-4\/#breadcrumb"},"inLanguage":"en-US","potentialAction":[{"@type":"ReadAction","target":["https:\/\/www.monaxis.lt\/en\/parduotuve\/office-filing-cabinet-2-door-90cm-copy-4\/"]}]},{"@type":"ImageObject","inLanguage":"en-US","@id":"https:\/\/www.monaxis.lt\/en\/parduotuve\/office-filing-cabinet-2-door-90cm-copy-4\/#primaryimage","url":"https:\/\/www.monaxis.lt\/wp-content\/uploads\/2024\/11\/Biuro-spinta-dokumentams-2-duru-90cm-1-3.webp","contentUrl":"https:\/\/www.monaxis.lt\/wp-content\/uploads\/2024\/11\/Biuro-spinta-dokumentams-2-duru-90cm-1-3.webp","width":1024,"height":1024},{"@type":"BreadcrumbList","@id":"https:\/\/www.monaxis.lt\/en\/parduotuve\/office-filing-cabinet-2-door-90cm-copy-4\/#breadcrumb","itemListElement":[{"@type":"ListItem","position":1,"name":"Pagrindinis","item":"https:\/\/www.monaxis.lt\/en\/"},{"@type":"ListItem","position":2,"name":"Shop","item":"https:\/\/www.monaxis.lt\/en\/shop\/"},{"@type":"ListItem","position":3,"name":"Sand\u0117liavimo \u012franga","item":"https:\/\/www.monaxis.lt\/produkto-kategorija\/sandeliavimo-iranga\/"},{"@type":"ListItem","position":4,"name":"Biuro ir persirengimo spintel\u0117s","item":"https:\/\/www.monaxis.lt\/produkto-kategorija\/sandeliavimo-iranga\/persirengimo-spinteles\/"},{"@type":"ListItem","position":5,"name":"Office filing cabinet 2-door 90cm"}]},{"@type":"WebSite","@id":"https:\/\/www.monaxis.lt\/en\/#website","url":"https:\/\/www.monaxis.lt\/en\/","name":"Monaxis","description":"Prekybin\u0117, bei \u0161aldymo \u012franga","publisher":{"@id":"https:\/\/www.monaxis.lt\/en\/#organization"},"potentialAction":[{"@type":"SearchAction","target":{"@type":"EntryPoint","urlTemplate":"https:\/\/www.monaxis.lt\/en\/?s={search_term_string}"},"query-input":{"@type":"PropertyValueSpecification","valueRequired":true,"valueName":"search_term_string"}}],"inLanguage":"en-US"},{"@type":"Organization","@id":"https:\/\/www.monaxis.lt\/en\/#organization","name":"Monaxis","url":"https:\/\/www.monaxis.lt\/en\/","logo":{"@type":"ImageObject","inLanguage":"en-US","@id":"https:\/\/www.monaxis.lt\/en\/#\/schema\/logo\/image\/","url":"https:\/\/www.monaxis.lt\/wp-content\/uploads\/2023\/03\/logo-1.png","contentUrl":"https:\/\/www.monaxis.lt\/wp-content\/uploads\/2023\/03\/logo-1.png","width":205,"height":58,"caption":"Monaxis"},"image":{"@id":"https:\/\/www.monaxis.lt\/en\/#\/schema\/logo\/image\/"}}]}},"_links":{"self":[{"href":"https:\/\/www.monaxis.lt\/en\/wp-json\/wp\/v2\/product\/19143","targetHints":{"allow":["GET"]}}],"collection":[{"href":"https:\/\/www.monaxis.lt\/en\/wp-json\/wp\/v2\/product"}],"about":[{"href":"https:\/\/www.monaxis.lt\/en\/wp-json\/wp\/v2\/types\/product"}],"replies":[{"embeddable":true,"href":"https:\/\/www.monaxis.lt\/en\/wp-json\/wp\/v2\/comments?post=19143"}],"wp:featuredmedia":[{"embeddable":true,"href":"https:\/\/www.monaxis.lt\/en\/wp-json\/wp\/v2\/media\/19145"}],"wp:attachment":[{"href":"https:\/\/www.monaxis.lt\/en\/wp-json\/wp\/v2\/media?parent=19143"}],"wp:term":[{"taxonomy":"product_brand","embeddable":true,"href":"https:\/\/www.monaxis.lt\/en\/wp-json\/wp\/v2\/product_brand?post=19143"},{"taxonomy":"product_cat","embeddable":true,"href":"https:\/\/www.monaxis.lt\/en\/wp-json\/wp\/v2\/product_cat?post=19143"},{"taxonomy":"product_tag","embeddable":true,"href":"https:\/\/www.monaxis.lt\/en\/wp-json\/wp\/v2\/product_tag?post=19143"}],"curies":[{"name":"wp","href":"https:\/\/api.w.org\/{rel}","templated":true}]}}