{"id":19206,"date":"2024-11-04T15:15:17","date_gmt":"2024-11-04T13:15:17","guid":{"rendered":"https:\/\/www.monaxis.lt\/?post_type=product&#038;p=19206"},"modified":"2026-03-21T13:58:53","modified_gmt":"2026-03-21T11:58:53","slug":"office-filing-cabinet-with-drawers-90cm-copy-2","status":"publish","type":"product","link":"https:\/\/www.monaxis.lt\/en\/parduotuve\/office-filing-cabinet-with-drawers-90cm-copy-2\/","title":{"rendered":"Office filing cabinet with drawers 90cm"},"content":{"rendered":"<h3><strong>Metal cabinet <\/strong><strong>with drawers<\/strong><\/h3>\n<p><strong>The Mega-M metal office filing cabinet<\/strong> is a modern and functional piece of furniture suitable for many applications. It provides convenient storage for documents and various accessories. It is made of powder-coated steel sheet, resistant to damage and corrosion<strong>. <\/strong>The cabinet has<strong> shelves <\/strong> for binders and, at the bottom,<strong> four convenient drawers<\/strong> and a <strong> narrow cupboard.<\/strong> Thanks to<strong> a security lock on<\/strong> each element, you can store important documents and valuables without any obstruction. The office cabinet has<strong> adjustable shelves, so<\/strong> you can easily adjust the height according to the size of the files.   <\/p>\n<p>Office cabinet for self-assembly<\/p>\n<table>\n<tbody>\n<tr>\n<td>\n<h3><strong>Features of an office filing cabinet:<\/strong><\/h3>\n<ul>\n<li>The structure is made of <strong>0,6 mm thick steel sheet, powder-coated and<\/strong> corrosion-resistant.<\/li>\n<li><strong>A large lockable cabinet<\/strong> guarantees complete discretion over stored documents.<\/li>\n<li><strong>4 drawers on the guides<\/strong> ensure smooth opening and closing.<\/li>\n<li><strong>A small cupboard on the right<\/strong> for accessories and personal belongings.<\/li>\n<li><strong>A lock on each compartment<\/strong> restricts unauthorised access (including 6 keys).<\/li>\n<li><b>3 adjustable shelves<\/b> (every 25 mm) allow you to adjust the height to suit your needs.<\/li>\n<li><strong>Easy and quick assembly<\/strong> with an instruction manual.<\/li>\n<li>The modern, timeless design of the WENUS wardrobe makes it suitable for any interior.<\/li>\n<\/ul>\n<\/td>\n<td><a href=\"https:\/\/www.monaxis.lt\/wp-content\/uploads\/2024\/11\/Biuro-spinta-dokumentams-su-stalciais-90cm-4-1.webp\"><img decoding=\"async\" class=\"alignnone size-medium wp-image-19213\" src=\"https:\/\/www.monaxis.lt\/wp-content\/uploads\/2024\/11\/Biuro-spinta-dokumentams-su-stalciais-90cm-4-1-300x300.webp\" alt=\"\" width=\"300\" height=\"300\" srcset=\"https:\/\/www.monaxis.lt\/wp-content\/uploads\/2024\/11\/Biuro-spinta-dokumentams-su-stalciais-90cm-4-1-300x300.webp 300w, https:\/\/www.monaxis.lt\/wp-content\/uploads\/2024\/11\/Biuro-spinta-dokumentams-su-stalciais-90cm-4-1-150x150.webp 150w, https:\/\/www.monaxis.lt\/wp-content\/uploads\/2024\/11\/Biuro-spinta-dokumentams-su-stalciais-90cm-4-1-768x768.webp 768w, https:\/\/www.monaxis.lt\/wp-content\/uploads\/2024\/11\/Biuro-spinta-dokumentams-su-stalciais-90cm-4-1-247x247.webp 247w, https:\/\/www.monaxis.lt\/wp-content\/uploads\/2024\/11\/Biuro-spinta-dokumentams-su-stalciais-90cm-4-1-510x510.webp 510w, https:\/\/www.monaxis.lt\/wp-content\/uploads\/2024\/11\/Biuro-spinta-dokumentams-su-stalciais-90cm-4-1-100x100.webp 100w, https:\/\/www.monaxis.lt\/wp-content\/uploads\/2024\/11\/Biuro-spinta-dokumentams-su-stalciais-90cm-4-1.webp 1024w\" sizes=\"(max-width: 300px) 100vw, 300px\" \/><\/a><\/td>\n<\/tr>\n<\/tbody>\n<\/table>\n<p><strong>Adaptation of a steel office cupboard:<\/strong><\/p>\n<p><strong>The Mega-M<\/strong> <strong>metal office cabinet <\/strong> with shelves and drawers allows you to safely store: contracts, files or invoices in accordance with GDPR requirements. Ideal for: <strong>offices, clinics, secretariats, libraries, offices, schools, offices<\/strong> and <strong>hospitals.<\/strong> Thanks to its convenient drawers, it can also store medicines, medical equipment or office supplies. The multifunctional metal cabinet allows storage in three separate sections, lockable with key.  <\/p>\n","protected":false},"excerpt":{"rendered":"<div class=\"product__parameter__name\"><strong><span class=\"product__parameter__name__text\"><img decoding=\"async\" class=\"alignnone wp-image-7601\" src=\"https:\/\/www.monaxis.lt\/wp-content\/uploads\/2023\/03\/delivery-1-150x150.png\" alt=\"\" width=\"28\" height=\"28\" srcset=\"https:\/\/www.monaxis.lt\/wp-content\/uploads\/2023\/03\/delivery-1-150x150.png 150w, https:\/\/www.monaxis.lt\/wp-content\/uploads\/2023\/03\/delivery-1-300x300.png 300w, https:\/\/www.monaxis.lt\/wp-content\/uploads\/2023\/03\/delivery-1.png 512w\" sizes=\"(max-width: 28px) 100vw, 28px\" \/> Delivery <\/span><\/strong><\/div>\n<div class=\"product__parameter__value\"><span class=\"product__parameter__value__text\">     <strong>   <span style=\"font-size: 75%; color: #999999;\"> 2-10 d.d.<\/span><\/strong><\/span><\/div>\n","protected":false},"featured_media":19208,"comment_status":"open","ping_status":"closed","template":"","meta":[],"product_brand":[],"product_cat":[125],"product_tag":[],"class_list":{"0":"post-19206","1":"product","2":"type-product","3":"status-publish","4":"has-post-thumbnail","6":"product_cat-changing-cabinets","8":"first","9":"instock","10":"taxable","11":"shipping-taxable","12":"purchasable","13":"product-type-simple"},"yoast_head":"<!-- This site is optimized with the Yoast SEO plugin v27.1.1 - https:\/\/yoast.com\/product\/yoast-seo-wordpress\/ -->\n<title>Office filing cabinet with drawers 90cm | Monaxis<\/title>\n<meta name=\"robots\" content=\"index, follow, max-snippet:-1, max-image-preview:large, max-video-preview:-1\" \/>\n<link rel=\"canonical\" href=\"https:\/\/www.monaxis.lt\/en\/parduotuve\/office-filing-cabinet-with-drawers-90cm-copy-2\/\" \/>\n<meta property=\"og:locale\" content=\"en_US\" \/>\n<meta property=\"og:type\" content=\"article\" \/>\n<meta property=\"og:title\" content=\"Office filing cabinet with drawers 90cm | Monaxis\" \/>\n<meta property=\"og:description\" content=\"Delivery      2-10 d.d.\" \/>\n<meta property=\"og:url\" content=\"https:\/\/www.monaxis.lt\/en\/parduotuve\/office-filing-cabinet-with-drawers-90cm-copy-2\/\" \/>\n<meta property=\"og:site_name\" content=\"Monaxis\" \/>\n<meta property=\"article:modified_time\" content=\"2026-03-21T11:58:53+00:00\" \/>\n<meta property=\"og:image\" content=\"https:\/\/www.monaxis.lt\/wp-content\/uploads\/2024\/11\/Biuro-spinta-dokumentams-su-stalciais-90cm-1-1.webp\" \/>\n\t<meta property=\"og:image:width\" content=\"1024\" \/>\n\t<meta property=\"og:image:height\" content=\"1024\" \/>\n\t<meta property=\"og:image:type\" content=\"image\/webp\" \/>\n<meta name=\"twitter:card\" content=\"summary_large_image\" \/>\n<meta name=\"twitter:label1\" content=\"Est. reading time\" \/>\n\t<meta name=\"twitter:data1\" content=\"1 minute\" \/>\n<script type=\"application\/ld+json\" class=\"yoast-schema-graph\">{\"@context\":\"https:\/\/schema.org\",\"@graph\":[{\"@type\":\"WebPage\",\"@id\":\"https:\/\/www.monaxis.lt\/en\/parduotuve\/office-filing-cabinet-with-drawers-90cm-copy-2\/\",\"url\":\"https:\/\/www.monaxis.lt\/en\/parduotuve\/office-filing-cabinet-with-drawers-90cm-copy-2\/\",\"name\":\"Office filing cabinet with drawers 90cm | Monaxis\",\"isPartOf\":{\"@id\":\"https:\/\/www.monaxis.lt\/en\/#website\"},\"primaryImageOfPage\":{\"@id\":\"https:\/\/www.monaxis.lt\/en\/parduotuve\/office-filing-cabinet-with-drawers-90cm-copy-2\/#primaryimage\"},\"image\":{\"@id\":\"https:\/\/www.monaxis.lt\/en\/parduotuve\/office-filing-cabinet-with-drawers-90cm-copy-2\/#primaryimage\"},\"thumbnailUrl\":\"https:\/\/www.monaxis.lt\/wp-content\/uploads\/2024\/11\/Biuro-spinta-dokumentams-su-stalciais-90cm-1-1.webp\",\"datePublished\":\"2024-11-04T13:15:17+00:00\",\"dateModified\":\"2026-03-21T11:58:53+00:00\",\"breadcrumb\":{\"@id\":\"https:\/\/www.monaxis.lt\/en\/parduotuve\/office-filing-cabinet-with-drawers-90cm-copy-2\/#breadcrumb\"},\"inLanguage\":\"en-US\",\"potentialAction\":[{\"@type\":\"ReadAction\",\"target\":[\"https:\/\/www.monaxis.lt\/en\/parduotuve\/office-filing-cabinet-with-drawers-90cm-copy-2\/\"]}]},{\"@type\":\"ImageObject\",\"inLanguage\":\"en-US\",\"@id\":\"https:\/\/www.monaxis.lt\/en\/parduotuve\/office-filing-cabinet-with-drawers-90cm-copy-2\/#primaryimage\",\"url\":\"https:\/\/www.monaxis.lt\/wp-content\/uploads\/2024\/11\/Biuro-spinta-dokumentams-su-stalciais-90cm-1-1.webp\",\"contentUrl\":\"https:\/\/www.monaxis.lt\/wp-content\/uploads\/2024\/11\/Biuro-spinta-dokumentams-su-stalciais-90cm-1-1.webp\",\"width\":1024,\"height\":1024},{\"@type\":\"BreadcrumbList\",\"@id\":\"https:\/\/www.monaxis.lt\/en\/parduotuve\/office-filing-cabinet-with-drawers-90cm-copy-2\/#breadcrumb\",\"itemListElement\":[{\"@type\":\"ListItem\",\"position\":1,\"name\":\"Pagrindinis\",\"item\":\"https:\/\/www.monaxis.lt\/en\/\"},{\"@type\":\"ListItem\",\"position\":2,\"name\":\"Shop\",\"item\":\"https:\/\/www.monaxis.lt\/en\/shop\/\"},{\"@type\":\"ListItem\",\"position\":3,\"name\":\"Storage equipment\",\"item\":\"https:\/\/www.monaxis.lt\/en\/produkto-kategorija\/storage-equipment\/\"},{\"@type\":\"ListItem\",\"position\":4,\"name\":\"Office and Changing cabinets\",\"item\":\"https:\/\/www.monaxis.lt\/en\/produkto-kategorija\/storage-equipment\/changing-cabinets\/\"},{\"@type\":\"ListItem\",\"position\":5,\"name\":\"Office filing cabinet with drawers 90cm\"}]},{\"@type\":\"WebSite\",\"@id\":\"https:\/\/www.monaxis.lt\/en\/#website\",\"url\":\"https:\/\/www.monaxis.lt\/en\/\",\"name\":\"Monaxis\",\"description\":\"Prekybin\u0117, bei \u0161aldymo \u012franga\",\"publisher\":{\"@id\":\"https:\/\/www.monaxis.lt\/en\/#organization\"},\"potentialAction\":[{\"@type\":\"SearchAction\",\"target\":{\"@type\":\"EntryPoint\",\"urlTemplate\":\"https:\/\/www.monaxis.lt\/en\/?s={search_term_string}\"},\"query-input\":{\"@type\":\"PropertyValueSpecification\",\"valueRequired\":true,\"valueName\":\"search_term_string\"}}],\"inLanguage\":\"en-US\"},{\"@type\":\"Organization\",\"@id\":\"https:\/\/www.monaxis.lt\/en\/#organization\",\"name\":\"Monaxis\",\"url\":\"https:\/\/www.monaxis.lt\/en\/\",\"logo\":{\"@type\":\"ImageObject\",\"inLanguage\":\"en-US\",\"@id\":\"https:\/\/www.monaxis.lt\/en\/#\/schema\/logo\/image\/\",\"url\":\"https:\/\/www.monaxis.lt\/wp-content\/uploads\/2023\/03\/logo-1.png\",\"contentUrl\":\"https:\/\/www.monaxis.lt\/wp-content\/uploads\/2023\/03\/logo-1.png\",\"width\":205,\"height\":58,\"caption\":\"Monaxis\"},\"image\":{\"@id\":\"https:\/\/www.monaxis.lt\/en\/#\/schema\/logo\/image\/\"}}]}<\/script>\n<!-- \/ Yoast SEO plugin. -->","yoast_head_json":{"title":"Office filing cabinet with drawers 90cm | Monaxis","robots":{"index":"index","follow":"follow","max-snippet":"max-snippet:-1","max-image-preview":"max-image-preview:large","max-video-preview":"max-video-preview:-1"},"canonical":"https:\/\/www.monaxis.lt\/en\/parduotuve\/office-filing-cabinet-with-drawers-90cm-copy-2\/","og_locale":"en_US","og_type":"article","og_title":"Office filing cabinet with drawers 90cm | Monaxis","og_description":"Delivery      2-10 d.d.","og_url":"https:\/\/www.monaxis.lt\/en\/parduotuve\/office-filing-cabinet-with-drawers-90cm-copy-2\/","og_site_name":"Monaxis","article_modified_time":"2026-03-21T11:58:53+00:00","og_image":[{"width":1024,"height":1024,"url":"https:\/\/www.monaxis.lt\/wp-content\/uploads\/2024\/11\/Biuro-spinta-dokumentams-su-stalciais-90cm-1-1.webp","type":"image\/webp"}],"twitter_card":"summary_large_image","twitter_misc":{"Est. reading time":"1 minute"},"schema":{"@context":"https:\/\/schema.org","@graph":[{"@type":"WebPage","@id":"https:\/\/www.monaxis.lt\/en\/parduotuve\/office-filing-cabinet-with-drawers-90cm-copy-2\/","url":"https:\/\/www.monaxis.lt\/en\/parduotuve\/office-filing-cabinet-with-drawers-90cm-copy-2\/","name":"Office filing cabinet with drawers 90cm | Monaxis","isPartOf":{"@id":"https:\/\/www.monaxis.lt\/en\/#website"},"primaryImageOfPage":{"@id":"https:\/\/www.monaxis.lt\/en\/parduotuve\/office-filing-cabinet-with-drawers-90cm-copy-2\/#primaryimage"},"image":{"@id":"https:\/\/www.monaxis.lt\/en\/parduotuve\/office-filing-cabinet-with-drawers-90cm-copy-2\/#primaryimage"},"thumbnailUrl":"https:\/\/www.monaxis.lt\/wp-content\/uploads\/2024\/11\/Biuro-spinta-dokumentams-su-stalciais-90cm-1-1.webp","datePublished":"2024-11-04T13:15:17+00:00","dateModified":"2026-03-21T11:58:53+00:00","breadcrumb":{"@id":"https:\/\/www.monaxis.lt\/en\/parduotuve\/office-filing-cabinet-with-drawers-90cm-copy-2\/#breadcrumb"},"inLanguage":"en-US","potentialAction":[{"@type":"ReadAction","target":["https:\/\/www.monaxis.lt\/en\/parduotuve\/office-filing-cabinet-with-drawers-90cm-copy-2\/"]}]},{"@type":"ImageObject","inLanguage":"en-US","@id":"https:\/\/www.monaxis.lt\/en\/parduotuve\/office-filing-cabinet-with-drawers-90cm-copy-2\/#primaryimage","url":"https:\/\/www.monaxis.lt\/wp-content\/uploads\/2024\/11\/Biuro-spinta-dokumentams-su-stalciais-90cm-1-1.webp","contentUrl":"https:\/\/www.monaxis.lt\/wp-content\/uploads\/2024\/11\/Biuro-spinta-dokumentams-su-stalciais-90cm-1-1.webp","width":1024,"height":1024},{"@type":"BreadcrumbList","@id":"https:\/\/www.monaxis.lt\/en\/parduotuve\/office-filing-cabinet-with-drawers-90cm-copy-2\/#breadcrumb","itemListElement":[{"@type":"ListItem","position":1,"name":"Pagrindinis","item":"https:\/\/www.monaxis.lt\/en\/"},{"@type":"ListItem","position":2,"name":"Shop","item":"https:\/\/www.monaxis.lt\/en\/shop\/"},{"@type":"ListItem","position":3,"name":"Storage equipment","item":"https:\/\/www.monaxis.lt\/en\/produkto-kategorija\/storage-equipment\/"},{"@type":"ListItem","position":4,"name":"Office and Changing cabinets","item":"https:\/\/www.monaxis.lt\/en\/produkto-kategorija\/storage-equipment\/changing-cabinets\/"},{"@type":"ListItem","position":5,"name":"Office filing cabinet with drawers 90cm"}]},{"@type":"WebSite","@id":"https:\/\/www.monaxis.lt\/en\/#website","url":"https:\/\/www.monaxis.lt\/en\/","name":"Monaxis","description":"Prekybin\u0117, bei \u0161aldymo \u012franga","publisher":{"@id":"https:\/\/www.monaxis.lt\/en\/#organization"},"potentialAction":[{"@type":"SearchAction","target":{"@type":"EntryPoint","urlTemplate":"https:\/\/www.monaxis.lt\/en\/?s={search_term_string}"},"query-input":{"@type":"PropertyValueSpecification","valueRequired":true,"valueName":"search_term_string"}}],"inLanguage":"en-US"},{"@type":"Organization","@id":"https:\/\/www.monaxis.lt\/en\/#organization","name":"Monaxis","url":"https:\/\/www.monaxis.lt\/en\/","logo":{"@type":"ImageObject","inLanguage":"en-US","@id":"https:\/\/www.monaxis.lt\/en\/#\/schema\/logo\/image\/","url":"https:\/\/www.monaxis.lt\/wp-content\/uploads\/2023\/03\/logo-1.png","contentUrl":"https:\/\/www.monaxis.lt\/wp-content\/uploads\/2023\/03\/logo-1.png","width":205,"height":58,"caption":"Monaxis"},"image":{"@id":"https:\/\/www.monaxis.lt\/en\/#\/schema\/logo\/image\/"}}]}},"_links":{"self":[{"href":"https:\/\/www.monaxis.lt\/en\/wp-json\/wp\/v2\/product\/19206","targetHints":{"allow":["GET"]}}],"collection":[{"href":"https:\/\/www.monaxis.lt\/en\/wp-json\/wp\/v2\/product"}],"about":[{"href":"https:\/\/www.monaxis.lt\/en\/wp-json\/wp\/v2\/types\/product"}],"replies":[{"embeddable":true,"href":"https:\/\/www.monaxis.lt\/en\/wp-json\/wp\/v2\/comments?post=19206"}],"wp:featuredmedia":[{"embeddable":true,"href":"https:\/\/www.monaxis.lt\/en\/wp-json\/wp\/v2\/media\/19208"}],"wp:attachment":[{"href":"https:\/\/www.monaxis.lt\/en\/wp-json\/wp\/v2\/media?parent=19206"}],"wp:term":[{"taxonomy":"product_brand","embeddable":true,"href":"https:\/\/www.monaxis.lt\/en\/wp-json\/wp\/v2\/product_brand?post=19206"},{"taxonomy":"product_cat","embeddable":true,"href":"https:\/\/www.monaxis.lt\/en\/wp-json\/wp\/v2\/product_cat?post=19206"},{"taxonomy":"product_tag","embeddable":true,"href":"https:\/\/www.monaxis.lt\/en\/wp-json\/wp\/v2\/product_tag?post=19206"}],"curies":[{"name":"wp","href":"https:\/\/api.w.org\/{rel}","templated":true}]}}