{"id":19341,"date":"2024-11-08T09:04:38","date_gmt":"2024-11-08T07:04:38","guid":{"rendered":"https:\/\/www.monaxis.lt\/?post_type=product&#038;p=19341"},"modified":"2026-03-21T13:58:55","modified_gmt":"2026-03-21T11:58:55","slug":"office-filing-cabinet-with-drawers-90cm-copy-8","status":"publish","type":"product","link":"https:\/\/www.monaxis.lt\/en\/parduotuve\/office-filing-cabinet-with-drawers-90cm-copy-8\/","title":{"rendered":"Office filing cabinet with safe 90cm"},"content":{"rendered":"<h3><strong>Metal cabinet with safe <\/strong><strong>Mega-M &#8211; robust and multifunctional, ideal for office, clerical, secretarial use<\/strong><\/h3>\n<p><strong>The Mega-M office cabinet<\/strong> is a modern and functional piece of furniture suitable for many applications. The filing cabinet with safe allows you to safely store your documents and valuables. The robust and durable construction made of powder-coated steel sheet is resistant to mechanical damage and corrosion. The filing cabinet has<strong> two filing cabinets for binders, <\/strong><strong>three convenient drawers<\/strong> in the middle and a <strong> safe.<\/strong> A<strong> security lock<\/strong> in each compartment keeps all confidential documents under lock and key. The convenient<strong> adjustable shelves<\/strong> can be easily adapted to the size of the binders.    <\/p>\n<p>Office cabinet for self-assembly<\/p>\n<table>\n<tbody>\n<tr>\n<td>\n<h3><strong>Features of the Mega-M office filing cabinet:<\/strong><\/h3>\n<ul>\n<li>The structure is made of <strong>0,6 mm thick steel sheet, powder-coated and<\/strong> corrosion-resistant.<\/li>\n<li><strong>2 large cupboards with full doors<\/strong> for files and binders.<\/li>\n<li><strong>3 drawers on the guides<\/strong> ensure smooth opening and closing.<\/li>\n<li><strong>The safe with a combination lock<\/strong> is built into a compartment that is not visible from the outside.<\/li>\n<li><strong>A lock on each compartment<\/strong> restricts unauthorised access (including 8 keys).<\/li>\n<li><b>2 adjustable shelves<\/b> (every 25 mm) allow you to adjust the height to suit your needs.<\/li>\n<li><strong>Easy and quick assembly<\/strong> with an instruction manual.<\/li>\n<li>The modern, timeless design of the WENUS wardrobe makes it suitable for any interior.<\/li>\n<\/ul>\n<\/td>\n<td>\n<h2><a href=\"https:\/\/www.monaxis.lt\/wp-content\/uploads\/2024\/11\/Biuro-spinta-dokumentams-su-seifu-90cm-4.webp\"><img decoding=\"async\" class=\"alignnone size-medium wp-image-19348\" src=\"https:\/\/www.monaxis.lt\/wp-content\/uploads\/2024\/11\/Biuro-spinta-dokumentams-su-seifu-90cm-4-300x300.webp\" alt=\"\" width=\"300\" height=\"300\" srcset=\"https:\/\/www.monaxis.lt\/wp-content\/uploads\/2024\/11\/Biuro-spinta-dokumentams-su-seifu-90cm-4-300x300.webp 300w, https:\/\/www.monaxis.lt\/wp-content\/uploads\/2024\/11\/Biuro-spinta-dokumentams-su-seifu-90cm-4-150x150.webp 150w, https:\/\/www.monaxis.lt\/wp-content\/uploads\/2024\/11\/Biuro-spinta-dokumentams-su-seifu-90cm-4-768x768.webp 768w, https:\/\/www.monaxis.lt\/wp-content\/uploads\/2024\/11\/Biuro-spinta-dokumentams-su-seifu-90cm-4-247x247.webp 247w, https:\/\/www.monaxis.lt\/wp-content\/uploads\/2024\/11\/Biuro-spinta-dokumentams-su-seifu-90cm-4-510x510.webp 510w, https:\/\/www.monaxis.lt\/wp-content\/uploads\/2024\/11\/Biuro-spinta-dokumentams-su-seifu-90cm-4-100x100.webp 100w, https:\/\/www.monaxis.lt\/wp-content\/uploads\/2024\/11\/Biuro-spinta-dokumentams-su-seifu-90cm-4.webp 1024w\" sizes=\"(max-width: 300px) 100vw, 300px\" \/><\/a><\/h2>\n<\/td>\n<\/tr>\n<\/tbody>\n<\/table>\n<p>&nbsp;<\/p>\n<h2><strong style=\"color: #555555; font-size: 14.4px;\">Adaptation of a steel office cupboard:<\/strong><\/h2>\n<p><strong>The Mega-M<\/strong> <strong>metal office cabinet <\/strong> with shelves and drawers allows you to safely store: contracts, files or invoices in accordance with GDPR requirements. Ideal for: <strong>offices, clinics, secretariats, libraries, offices, schools, offices<\/strong> and <strong>hospitals.<\/strong> Thanks to its convenient drawers, it can also store medicines, medical equipment or office supplies. The multifunctional metal cabinet allows storage in three separate sections, lockable with key.  <\/p>\n","protected":false},"excerpt":{"rendered":"<div class=\"product__parameter__name\"><strong><span class=\"product__parameter__name__text\"><img decoding=\"async\" class=\"alignnone wp-image-7601\" src=\"https:\/\/www.monaxis.lt\/wp-content\/uploads\/2023\/03\/delivery-1-150x150.png\" alt=\"\" width=\"28\" height=\"28\" srcset=\"https:\/\/www.monaxis.lt\/wp-content\/uploads\/2023\/03\/delivery-1-150x150.png 150w, https:\/\/www.monaxis.lt\/wp-content\/uploads\/2023\/03\/delivery-1-300x300.png 300w, https:\/\/www.monaxis.lt\/wp-content\/uploads\/2023\/03\/delivery-1.png 512w\" sizes=\"(max-width: 28px) 100vw, 28px\" \/> Delivery <\/span><\/strong><\/div>\n<div class=\"product__parameter__value\"><span class=\"product__parameter__value__text\">     <strong>   <span style=\"font-size: 75%; color: #999999;\"> 2-10 d.d.<\/span><\/strong><\/span><\/div>\n","protected":false},"featured_media":19343,"comment_status":"open","ping_status":"closed","template":"","meta":[],"product_brand":[],"product_cat":[125],"product_tag":[],"class_list":{"0":"post-19341","1":"product","2":"type-product","3":"status-publish","4":"has-post-thumbnail","6":"product_cat-changing-cabinets","8":"first","9":"instock","10":"taxable","11":"shipping-taxable","12":"purchasable","13":"product-type-simple"},"yoast_head":"<!-- This site is optimized with the Yoast SEO plugin v27.1.1 - https:\/\/yoast.com\/product\/yoast-seo-wordpress\/ -->\n<title>Office filing cabinet with safe 90cm | Monaxis<\/title>\n<meta name=\"robots\" content=\"index, follow, max-snippet:-1, max-image-preview:large, max-video-preview:-1\" \/>\n<link rel=\"canonical\" href=\"https:\/\/www.monaxis.lt\/en\/parduotuve\/office-filing-cabinet-with-drawers-90cm-copy-8\/\" \/>\n<meta property=\"og:locale\" content=\"en_US\" \/>\n<meta property=\"og:type\" content=\"article\" \/>\n<meta property=\"og:title\" content=\"Office filing cabinet with safe 90cm | Monaxis\" \/>\n<meta property=\"og:description\" content=\"Delivery      2-10 d.d.\" \/>\n<meta property=\"og:url\" content=\"https:\/\/www.monaxis.lt\/en\/parduotuve\/office-filing-cabinet-with-drawers-90cm-copy-8\/\" \/>\n<meta property=\"og:site_name\" content=\"Monaxis\" \/>\n<meta property=\"article:modified_time\" content=\"2026-03-21T11:58:55+00:00\" \/>\n<meta property=\"og:image\" content=\"https:\/\/www.monaxis.lt\/wp-content\/uploads\/2024\/11\/Biuro-spinta-dokumentams-su-seifu-90cm-1.webp\" \/>\n\t<meta property=\"og:image:width\" content=\"1024\" \/>\n\t<meta property=\"og:image:height\" content=\"1024\" \/>\n\t<meta property=\"og:image:type\" content=\"image\/webp\" \/>\n<meta name=\"twitter:card\" content=\"summary_large_image\" \/>\n<meta name=\"twitter:label1\" content=\"Est. reading time\" \/>\n\t<meta name=\"twitter:data1\" content=\"1 minute\" \/>\n<script type=\"application\/ld+json\" class=\"yoast-schema-graph\">{\"@context\":\"https:\/\/schema.org\",\"@graph\":[{\"@type\":\"WebPage\",\"@id\":\"https:\/\/www.monaxis.lt\/en\/parduotuve\/office-filing-cabinet-with-drawers-90cm-copy-8\/\",\"url\":\"https:\/\/www.monaxis.lt\/en\/parduotuve\/office-filing-cabinet-with-drawers-90cm-copy-8\/\",\"name\":\"Office filing cabinet with safe 90cm | Monaxis\",\"isPartOf\":{\"@id\":\"https:\/\/www.monaxis.lt\/en\/#website\"},\"primaryImageOfPage\":{\"@id\":\"https:\/\/www.monaxis.lt\/en\/parduotuve\/office-filing-cabinet-with-drawers-90cm-copy-8\/#primaryimage\"},\"image\":{\"@id\":\"https:\/\/www.monaxis.lt\/en\/parduotuve\/office-filing-cabinet-with-drawers-90cm-copy-8\/#primaryimage\"},\"thumbnailUrl\":\"https:\/\/www.monaxis.lt\/wp-content\/uploads\/2024\/11\/Biuro-spinta-dokumentams-su-seifu-90cm-1.webp\",\"datePublished\":\"2024-11-08T07:04:38+00:00\",\"dateModified\":\"2026-03-21T11:58:55+00:00\",\"breadcrumb\":{\"@id\":\"https:\/\/www.monaxis.lt\/en\/parduotuve\/office-filing-cabinet-with-drawers-90cm-copy-8\/#breadcrumb\"},\"inLanguage\":\"en-US\",\"potentialAction\":[{\"@type\":\"ReadAction\",\"target\":[\"https:\/\/www.monaxis.lt\/en\/parduotuve\/office-filing-cabinet-with-drawers-90cm-copy-8\/\"]}]},{\"@type\":\"ImageObject\",\"inLanguage\":\"en-US\",\"@id\":\"https:\/\/www.monaxis.lt\/en\/parduotuve\/office-filing-cabinet-with-drawers-90cm-copy-8\/#primaryimage\",\"url\":\"https:\/\/www.monaxis.lt\/wp-content\/uploads\/2024\/11\/Biuro-spinta-dokumentams-su-seifu-90cm-1.webp\",\"contentUrl\":\"https:\/\/www.monaxis.lt\/wp-content\/uploads\/2024\/11\/Biuro-spinta-dokumentams-su-seifu-90cm-1.webp\",\"width\":1024,\"height\":1024},{\"@type\":\"BreadcrumbList\",\"@id\":\"https:\/\/www.monaxis.lt\/en\/parduotuve\/office-filing-cabinet-with-drawers-90cm-copy-8\/#breadcrumb\",\"itemListElement\":[{\"@type\":\"ListItem\",\"position\":1,\"name\":\"Pagrindinis\",\"item\":\"https:\/\/www.monaxis.lt\/en\/\"},{\"@type\":\"ListItem\",\"position\":2,\"name\":\"Shop\",\"item\":\"https:\/\/www.monaxis.lt\/en\/shop\/\"},{\"@type\":\"ListItem\",\"position\":3,\"name\":\"Sand\u0117liavimo \u012franga\",\"item\":\"https:\/\/www.monaxis.lt\/produkto-kategorija\/sandeliavimo-iranga\/\"},{\"@type\":\"ListItem\",\"position\":4,\"name\":\"Biuro ir persirengimo spintel\u0117s\",\"item\":\"https:\/\/www.monaxis.lt\/produkto-kategorija\/sandeliavimo-iranga\/persirengimo-spinteles\/\"},{\"@type\":\"ListItem\",\"position\":5,\"name\":\"Office filing cabinet with safe 90cm\"}]},{\"@type\":\"WebSite\",\"@id\":\"https:\/\/www.monaxis.lt\/en\/#website\",\"url\":\"https:\/\/www.monaxis.lt\/en\/\",\"name\":\"Monaxis\",\"description\":\"Prekybin\u0117, bei \u0161aldymo \u012franga\",\"publisher\":{\"@id\":\"https:\/\/www.monaxis.lt\/en\/#organization\"},\"potentialAction\":[{\"@type\":\"SearchAction\",\"target\":{\"@type\":\"EntryPoint\",\"urlTemplate\":\"https:\/\/www.monaxis.lt\/en\/?s={search_term_string}\"},\"query-input\":{\"@type\":\"PropertyValueSpecification\",\"valueRequired\":true,\"valueName\":\"search_term_string\"}}],\"inLanguage\":\"en-US\"},{\"@type\":\"Organization\",\"@id\":\"https:\/\/www.monaxis.lt\/en\/#organization\",\"name\":\"Monaxis\",\"url\":\"https:\/\/www.monaxis.lt\/en\/\",\"logo\":{\"@type\":\"ImageObject\",\"inLanguage\":\"en-US\",\"@id\":\"https:\/\/www.monaxis.lt\/en\/#\/schema\/logo\/image\/\",\"url\":\"https:\/\/www.monaxis.lt\/wp-content\/uploads\/2023\/03\/logo-1.png\",\"contentUrl\":\"https:\/\/www.monaxis.lt\/wp-content\/uploads\/2023\/03\/logo-1.png\",\"width\":205,\"height\":58,\"caption\":\"Monaxis\"},\"image\":{\"@id\":\"https:\/\/www.monaxis.lt\/en\/#\/schema\/logo\/image\/\"}}]}<\/script>\n<!-- \/ Yoast SEO plugin. -->","yoast_head_json":{"title":"Office filing cabinet with safe 90cm | Monaxis","robots":{"index":"index","follow":"follow","max-snippet":"max-snippet:-1","max-image-preview":"max-image-preview:large","max-video-preview":"max-video-preview:-1"},"canonical":"https:\/\/www.monaxis.lt\/en\/parduotuve\/office-filing-cabinet-with-drawers-90cm-copy-8\/","og_locale":"en_US","og_type":"article","og_title":"Office filing cabinet with safe 90cm | Monaxis","og_description":"Delivery      2-10 d.d.","og_url":"https:\/\/www.monaxis.lt\/en\/parduotuve\/office-filing-cabinet-with-drawers-90cm-copy-8\/","og_site_name":"Monaxis","article_modified_time":"2026-03-21T11:58:55+00:00","og_image":[{"width":1024,"height":1024,"url":"https:\/\/www.monaxis.lt\/wp-content\/uploads\/2024\/11\/Biuro-spinta-dokumentams-su-seifu-90cm-1.webp","type":"image\/webp"}],"twitter_card":"summary_large_image","twitter_misc":{"Est. reading time":"1 minute"},"schema":{"@context":"https:\/\/schema.org","@graph":[{"@type":"WebPage","@id":"https:\/\/www.monaxis.lt\/en\/parduotuve\/office-filing-cabinet-with-drawers-90cm-copy-8\/","url":"https:\/\/www.monaxis.lt\/en\/parduotuve\/office-filing-cabinet-with-drawers-90cm-copy-8\/","name":"Office filing cabinet with safe 90cm | Monaxis","isPartOf":{"@id":"https:\/\/www.monaxis.lt\/en\/#website"},"primaryImageOfPage":{"@id":"https:\/\/www.monaxis.lt\/en\/parduotuve\/office-filing-cabinet-with-drawers-90cm-copy-8\/#primaryimage"},"image":{"@id":"https:\/\/www.monaxis.lt\/en\/parduotuve\/office-filing-cabinet-with-drawers-90cm-copy-8\/#primaryimage"},"thumbnailUrl":"https:\/\/www.monaxis.lt\/wp-content\/uploads\/2024\/11\/Biuro-spinta-dokumentams-su-seifu-90cm-1.webp","datePublished":"2024-11-08T07:04:38+00:00","dateModified":"2026-03-21T11:58:55+00:00","breadcrumb":{"@id":"https:\/\/www.monaxis.lt\/en\/parduotuve\/office-filing-cabinet-with-drawers-90cm-copy-8\/#breadcrumb"},"inLanguage":"en-US","potentialAction":[{"@type":"ReadAction","target":["https:\/\/www.monaxis.lt\/en\/parduotuve\/office-filing-cabinet-with-drawers-90cm-copy-8\/"]}]},{"@type":"ImageObject","inLanguage":"en-US","@id":"https:\/\/www.monaxis.lt\/en\/parduotuve\/office-filing-cabinet-with-drawers-90cm-copy-8\/#primaryimage","url":"https:\/\/www.monaxis.lt\/wp-content\/uploads\/2024\/11\/Biuro-spinta-dokumentams-su-seifu-90cm-1.webp","contentUrl":"https:\/\/www.monaxis.lt\/wp-content\/uploads\/2024\/11\/Biuro-spinta-dokumentams-su-seifu-90cm-1.webp","width":1024,"height":1024},{"@type":"BreadcrumbList","@id":"https:\/\/www.monaxis.lt\/en\/parduotuve\/office-filing-cabinet-with-drawers-90cm-copy-8\/#breadcrumb","itemListElement":[{"@type":"ListItem","position":1,"name":"Pagrindinis","item":"https:\/\/www.monaxis.lt\/en\/"},{"@type":"ListItem","position":2,"name":"Shop","item":"https:\/\/www.monaxis.lt\/en\/shop\/"},{"@type":"ListItem","position":3,"name":"Sand\u0117liavimo \u012franga","item":"https:\/\/www.monaxis.lt\/produkto-kategorija\/sandeliavimo-iranga\/"},{"@type":"ListItem","position":4,"name":"Biuro ir persirengimo spintel\u0117s","item":"https:\/\/www.monaxis.lt\/produkto-kategorija\/sandeliavimo-iranga\/persirengimo-spinteles\/"},{"@type":"ListItem","position":5,"name":"Office filing cabinet with safe 90cm"}]},{"@type":"WebSite","@id":"https:\/\/www.monaxis.lt\/en\/#website","url":"https:\/\/www.monaxis.lt\/en\/","name":"Monaxis","description":"Prekybin\u0117, bei \u0161aldymo \u012franga","publisher":{"@id":"https:\/\/www.monaxis.lt\/en\/#organization"},"potentialAction":[{"@type":"SearchAction","target":{"@type":"EntryPoint","urlTemplate":"https:\/\/www.monaxis.lt\/en\/?s={search_term_string}"},"query-input":{"@type":"PropertyValueSpecification","valueRequired":true,"valueName":"search_term_string"}}],"inLanguage":"en-US"},{"@type":"Organization","@id":"https:\/\/www.monaxis.lt\/en\/#organization","name":"Monaxis","url":"https:\/\/www.monaxis.lt\/en\/","logo":{"@type":"ImageObject","inLanguage":"en-US","@id":"https:\/\/www.monaxis.lt\/en\/#\/schema\/logo\/image\/","url":"https:\/\/www.monaxis.lt\/wp-content\/uploads\/2023\/03\/logo-1.png","contentUrl":"https:\/\/www.monaxis.lt\/wp-content\/uploads\/2023\/03\/logo-1.png","width":205,"height":58,"caption":"Monaxis"},"image":{"@id":"https:\/\/www.monaxis.lt\/en\/#\/schema\/logo\/image\/"}}]}},"_links":{"self":[{"href":"https:\/\/www.monaxis.lt\/en\/wp-json\/wp\/v2\/product\/19341","targetHints":{"allow":["GET"]}}],"collection":[{"href":"https:\/\/www.monaxis.lt\/en\/wp-json\/wp\/v2\/product"}],"about":[{"href":"https:\/\/www.monaxis.lt\/en\/wp-json\/wp\/v2\/types\/product"}],"replies":[{"embeddable":true,"href":"https:\/\/www.monaxis.lt\/en\/wp-json\/wp\/v2\/comments?post=19341"}],"wp:featuredmedia":[{"embeddable":true,"href":"https:\/\/www.monaxis.lt\/en\/wp-json\/wp\/v2\/media\/19343"}],"wp:attachment":[{"href":"https:\/\/www.monaxis.lt\/en\/wp-json\/wp\/v2\/media?parent=19341"}],"wp:term":[{"taxonomy":"product_brand","embeddable":true,"href":"https:\/\/www.monaxis.lt\/en\/wp-json\/wp\/v2\/product_brand?post=19341"},{"taxonomy":"product_cat","embeddable":true,"href":"https:\/\/www.monaxis.lt\/en\/wp-json\/wp\/v2\/product_cat?post=19341"},{"taxonomy":"product_tag","embeddable":true,"href":"https:\/\/www.monaxis.lt\/en\/wp-json\/wp\/v2\/product_tag?post=19341"}],"curies":[{"name":"wp","href":"https:\/\/api.w.org\/{rel}","templated":true}]}}