{"id":19489,"date":"2024-11-29T11:39:56","date_gmt":"2024-11-29T09:39:56","guid":{"rendered":"https:\/\/www.monaxis.lt\/?post_type=product&#038;p=19489"},"modified":"2026-03-21T13:59:01","modified_gmt":"2026-03-21T11:59:01","slug":"stainless-steel-sink-100x60x85cm-copy-2","status":"publish","type":"product","link":"https:\/\/www.monaxis.lt\/en\/parduotuve\/stainless-steel-sink-100x60x85cm-copy-2\/","title":{"rendered":"Stainless steel sink 100x70x85cm"},"content":{"rendered":"<h3><strong>Welded stainless steel table with sink on the right side and shelf Mega-M 100x70x85 cm &#8211; high quality stainless steel<\/strong><\/h3>\n<p><strong>The Mega-M stainless steel table with sink 100x70x85 cm<\/strong> is a top quality piece of furniture that meets the expectations of many. The furniture is<strong> made of the highest quality stainless steel, making it food safe and highly resistant to mechanical damage and corrosion.<\/strong> The spacious sink bowl on the left side allows you to wash kitchen utensils that do not fit in the dishwasher.<strong> Suitable for washing food before processing or defrosting.<\/strong> The Mega-M power sink has a<strong> wall edge<\/strong> to protect the wall from splashing water and other dirt,<strong> and <\/strong> <strong>a shelf<\/strong> where you can store essential kitchen utensils or cleaning products. In addition, the furniture also includes a<strong> worktop<\/strong> next to the sink bowl, which is perfect as an additional work surface and drain for washing dishes. The<strong> welded construction<\/strong> and<strong> adjustable legs<\/strong> guarantee excellent stability.    <\/p>\n<h3><strong>Mega-M Stainless Steel Sinks &#8211; Benefits<\/strong><\/h3>\n<table>\n<tbody>\n<tr>\n<td>\n<ul>\n<li><strong>Welded construction<\/strong> &#8211; guarantees stability and durability.<\/li>\n<li><strong>High-quality material<\/strong> &#8211; stainless steel is a material with high resistance to mechanical damage, scratches and corrosion. It is distinguished by its biological indifference to food. <\/li>\n<li><strong>Spacious sink bowl<\/strong> &#8211; allows you to conveniently wash larger kitchen utensils.<\/li>\n<li><strong>Edge\/stop<\/strong> &#8211; protects the wall behind the supply sink from water and dirt.<\/li>\n<li><strong>Bottom shelf<\/strong> &#8211; for storing kitchen essentials or cleaning products so they&#8217;re always close at hand.<\/li>\n<li><strong>Adjustable feet<\/strong> &#8211; compensate for uneven surfaces, ensuring a safe and stable workplace.<\/li>\n<\/ul>\n<\/td>\n<td><a href=\"https:\/\/www.monaxis.lt\/wp-content\/uploads\/2024\/11\/Nerudijancio-plieno-kriaukle-100x60x85cm-2.webp\"><img decoding=\"async\" class=\"alignnone wp-image-19480 size-medium\" src=\"https:\/\/www.monaxis.lt\/wp-content\/uploads\/2024\/11\/Nerudijancio-plieno-kriaukle-100x60x85cm-2-300x300.webp\" alt=\"\" width=\"300\" height=\"300\" srcset=\"https:\/\/www.monaxis.lt\/wp-content\/uploads\/2024\/11\/Nerudijancio-plieno-kriaukle-100x60x85cm-2-300x300.webp 300w, https:\/\/www.monaxis.lt\/wp-content\/uploads\/2024\/11\/Nerudijancio-plieno-kriaukle-100x60x85cm-2-150x150.webp 150w, https:\/\/www.monaxis.lt\/wp-content\/uploads\/2024\/11\/Nerudijancio-plieno-kriaukle-100x60x85cm-2-768x768.webp 768w, https:\/\/www.monaxis.lt\/wp-content\/uploads\/2024\/11\/Nerudijancio-plieno-kriaukle-100x60x85cm-2-247x247.webp 247w, https:\/\/www.monaxis.lt\/wp-content\/uploads\/2024\/11\/Nerudijancio-plieno-kriaukle-100x60x85cm-2-510x510.webp 510w, https:\/\/www.monaxis.lt\/wp-content\/uploads\/2024\/11\/Nerudijancio-plieno-kriaukle-100x60x85cm-2-100x100.webp 100w, https:\/\/www.monaxis.lt\/wp-content\/uploads\/2024\/11\/Nerudijancio-plieno-kriaukle-100x60x85cm-2.webp 1024w\" sizes=\"(max-width: 300px) 100vw, 300px\" \/><\/a><\/td>\n<\/tr>\n<\/tbody>\n<\/table>\n<h3><strong>Stainless steel table with sink &#8211; applications<\/strong><\/h3>\n<p><strong>The stainless steel sink with bowl on the right and shelf is a combination of top quality and appearance.<\/strong>  The versatile design makes it suitable for any interior. The spacious sink bowl is ideal for washing large dishes by hand.   <strong>The welded sink will be used in both small and large catering establishments, grocery stores, butcher shops, slaughterhouses and food outlets.<\/strong>  It will fit perfectly in any kitchen where it is convenient and safe. priorities at work.<\/p>\n","protected":false},"excerpt":{"rendered":"<div class=\"product__parameter__name\"><strong><span class=\"product__parameter__name__text\"><img decoding=\"async\" class=\"alignnone wp-image-7601\" src=\"https:\/\/www.monaxis.lt\/wp-content\/uploads\/2023\/03\/delivery-1-150x150.png\" alt=\"\" width=\"23\" height=\"23\" srcset=\"https:\/\/www.monaxis.lt\/wp-content\/uploads\/2023\/03\/delivery-1-150x150.png 150w, https:\/\/www.monaxis.lt\/wp-content\/uploads\/2023\/03\/delivery-1-300x300.png 300w, https:\/\/www.monaxis.lt\/wp-content\/uploads\/2023\/03\/delivery-1.png 512w\" sizes=\"(max-width: 23px) 100vw, 23px\" \/> Delivery <\/span><\/strong><\/div>\n<div class=\"product__parameter__value\"><span class=\"product__parameter__value__text\" style=\"font-size: 75%;\">     <strong>   <span style=\"color: #999999;\"> 2-10 d.d.<\/span><\/strong><\/span><\/div>\n<div class=\"product__parameter__name\">\n<div class=\"product__parameter__value\">\n<hr>\n<\/div>\n<div>\n<div class=\"product__parameter__value\"><strong style=\"color: #555555; font-size: 14.4px;\"><img decoding=\"async\" class=\"alignnone wp-image-7810\" src=\"https:\/\/www.monaxis.lt\/wp-content\/uploads\/2023\/01\/komplektuojama.png\" alt=\"\" width=\"23\" height=\"23\"> Comes with<\/strong><\/div>\n<\/div>\n<\/div>\n<p><strong><span style=\"font-size: 75%; color: #999999;\">  Stainless steel sink<\/span><\/strong><br \/>\n<strong><span style=\"font-size: 75%; color: #999999;\"> Warranty card<\/span><\/strong><br \/>\n<strong><span style=\"font-size: 75%; color: #999999;\"> Proof of purchase &#8211; Receipt \/ FV<\/span><\/strong><\/p>\n<p>&nbsp;<\/p>\n","protected":false},"featured_media":19479,"comment_status":"open","ping_status":"closed","template":"","meta":[],"product_brand":[],"product_cat":[162],"product_tag":[],"class_list":{"0":"post-19489","1":"product","2":"type-product","3":"status-publish","4":"has-post-thumbnail","6":"product_cat-stainless-steel-sinks","7":"pa_aukstis-85cm-en","8":"pa_bukle-new-en","9":"pa_ilgis-100cm-en","10":"pa_plotis-70cm-en","12":"first","13":"outofstock","14":"taxable","15":"shipping-taxable","16":"purchasable","17":"product-type-simple"},"yoast_head":"<!-- This site is optimized with the Yoast SEO plugin v27.1.1 - https:\/\/yoast.com\/product\/yoast-seo-wordpress\/ -->\n<title>Stainless steel table with sink 120x60cm | Monaxis<\/title>\n<meta name=\"description\" content=\"The stainless steel table with sink 120x60x85 cm is a top quality piece of furniture that meets the expectations of many. High quality guarantee\" \/>\n<meta name=\"robots\" content=\"index, follow, max-snippet:-1, max-image-preview:large, max-video-preview:-1\" \/>\n<link rel=\"canonical\" href=\"https:\/\/www.monaxis.lt\/en\/parduotuve\/stainless-steel-sink-100x60x85cm-copy-2\/\" \/>\n<meta property=\"og:locale\" content=\"en_US\" \/>\n<meta property=\"og:type\" content=\"article\" \/>\n<meta property=\"og:title\" content=\"Stainless steel table with sink 120x60cm | Monaxis\" \/>\n<meta property=\"og:description\" content=\"The stainless steel table with sink 120x60x85 cm is a top quality piece of furniture that meets the expectations of many. High quality guarantee\" \/>\n<meta property=\"og:url\" content=\"https:\/\/www.monaxis.lt\/en\/parduotuve\/stainless-steel-sink-100x60x85cm-copy-2\/\" \/>\n<meta property=\"og:site_name\" content=\"Monaxis\" \/>\n<meta property=\"article:modified_time\" content=\"2026-03-21T11:59:01+00:00\" \/>\n<meta property=\"og:image\" content=\"https:\/\/www.monaxis.lt\/wp-content\/uploads\/2024\/11\/Nerudijancio-plieno-kriaukle-100x60x85cm-1.webp\" \/>\n\t<meta property=\"og:image:width\" content=\"1024\" \/>\n\t<meta property=\"og:image:height\" content=\"1024\" \/>\n\t<meta property=\"og:image:type\" content=\"image\/webp\" \/>\n<meta name=\"twitter:card\" content=\"summary_large_image\" \/>\n<meta name=\"twitter:label1\" content=\"Est. reading time\" \/>\n\t<meta name=\"twitter:data1\" content=\"1 minute\" \/>\n<script type=\"application\/ld+json\" class=\"yoast-schema-graph\">{\"@context\":\"https:\/\/schema.org\",\"@graph\":[{\"@type\":\"WebPage\",\"@id\":\"https:\/\/www.monaxis.lt\/en\/parduotuve\/stainless-steel-sink-100x60x85cm-copy-2\/\",\"url\":\"https:\/\/www.monaxis.lt\/en\/parduotuve\/stainless-steel-sink-100x60x85cm-copy-2\/\",\"name\":\"Stainless steel table with sink 120x60cm | Monaxis\",\"isPartOf\":{\"@id\":\"https:\/\/www.monaxis.lt\/en\/#website\"},\"primaryImageOfPage\":{\"@id\":\"https:\/\/www.monaxis.lt\/en\/parduotuve\/stainless-steel-sink-100x60x85cm-copy-2\/#primaryimage\"},\"image\":{\"@id\":\"https:\/\/www.monaxis.lt\/en\/parduotuve\/stainless-steel-sink-100x60x85cm-copy-2\/#primaryimage\"},\"thumbnailUrl\":\"https:\/\/www.monaxis.lt\/wp-content\/uploads\/2024\/11\/Nerudijancio-plieno-kriaukle-100x60x85cm-1.webp\",\"datePublished\":\"2024-11-29T09:39:56+00:00\",\"dateModified\":\"2026-03-21T11:59:01+00:00\",\"description\":\"The stainless steel table with sink 120x60x85 cm is a top quality piece of furniture that meets the expectations of many. High quality guarantee\",\"breadcrumb\":{\"@id\":\"https:\/\/www.monaxis.lt\/en\/parduotuve\/stainless-steel-sink-100x60x85cm-copy-2\/#breadcrumb\"},\"inLanguage\":\"en-US\",\"potentialAction\":[{\"@type\":\"ReadAction\",\"target\":[\"https:\/\/www.monaxis.lt\/en\/parduotuve\/stainless-steel-sink-100x60x85cm-copy-2\/\"]}]},{\"@type\":\"ImageObject\",\"inLanguage\":\"en-US\",\"@id\":\"https:\/\/www.monaxis.lt\/en\/parduotuve\/stainless-steel-sink-100x60x85cm-copy-2\/#primaryimage\",\"url\":\"https:\/\/www.monaxis.lt\/wp-content\/uploads\/2024\/11\/Nerudijancio-plieno-kriaukle-100x60x85cm-1.webp\",\"contentUrl\":\"https:\/\/www.monaxis.lt\/wp-content\/uploads\/2024\/11\/Nerudijancio-plieno-kriaukle-100x60x85cm-1.webp\",\"width\":1024,\"height\":1024},{\"@type\":\"BreadcrumbList\",\"@id\":\"https:\/\/www.monaxis.lt\/en\/parduotuve\/stainless-steel-sink-100x60x85cm-copy-2\/#breadcrumb\",\"itemListElement\":[{\"@type\":\"ListItem\",\"position\":1,\"name\":\"Pagrindinis\",\"item\":\"https:\/\/www.monaxis.lt\/en\/\"},{\"@type\":\"ListItem\",\"position\":2,\"name\":\"Shop\",\"item\":\"https:\/\/www.monaxis.lt\/en\/shop\/\"},{\"@type\":\"ListItem\",\"position\":3,\"name\":\"Industrial kitchen equipment\",\"item\":\"https:\/\/www.monaxis.lt\/en\/produkto-kategorija\/industrial-kitchen-equipment\/\"},{\"@type\":\"ListItem\",\"position\":4,\"name\":\"Stainless steel furniture\",\"item\":\"https:\/\/www.monaxis.lt\/en\/produkto-kategorija\/industrial-kitchen-equipment\/stainless-steel-furniture\/\"},{\"@type\":\"ListItem\",\"position\":5,\"name\":\"Ner\u016bdijan\u010dio plieno kriaukl\u0117s\",\"item\":\"https:\/\/www.monaxis.lt\/produkto-kategorija\/pramonine-virtuves-iranga\/nerudijancio-plieno-baldai\/nerudijancio-plieno-kriaukles\/\"},{\"@type\":\"ListItem\",\"position\":6,\"name\":\"Stainless steel sink 100x70x85cm\"}]},{\"@type\":\"WebSite\",\"@id\":\"https:\/\/www.monaxis.lt\/en\/#website\",\"url\":\"https:\/\/www.monaxis.lt\/en\/\",\"name\":\"Monaxis\",\"description\":\"Prekybin\u0117, bei \u0161aldymo \u012franga\",\"publisher\":{\"@id\":\"https:\/\/www.monaxis.lt\/en\/#organization\"},\"potentialAction\":[{\"@type\":\"SearchAction\",\"target\":{\"@type\":\"EntryPoint\",\"urlTemplate\":\"https:\/\/www.monaxis.lt\/en\/?s={search_term_string}\"},\"query-input\":{\"@type\":\"PropertyValueSpecification\",\"valueRequired\":true,\"valueName\":\"search_term_string\"}}],\"inLanguage\":\"en-US\"},{\"@type\":\"Organization\",\"@id\":\"https:\/\/www.monaxis.lt\/en\/#organization\",\"name\":\"Monaxis\",\"url\":\"https:\/\/www.monaxis.lt\/en\/\",\"logo\":{\"@type\":\"ImageObject\",\"inLanguage\":\"en-US\",\"@id\":\"https:\/\/www.monaxis.lt\/en\/#\/schema\/logo\/image\/\",\"url\":\"https:\/\/www.monaxis.lt\/wp-content\/uploads\/2023\/03\/logo-1.png\",\"contentUrl\":\"https:\/\/www.monaxis.lt\/wp-content\/uploads\/2023\/03\/logo-1.png\",\"width\":205,\"height\":58,\"caption\":\"Monaxis\"},\"image\":{\"@id\":\"https:\/\/www.monaxis.lt\/en\/#\/schema\/logo\/image\/\"}}]}<\/script>\n<!-- \/ Yoast SEO plugin. -->","yoast_head_json":{"title":"Stainless steel table with sink 120x60cm | Monaxis","description":"The stainless steel table with sink 120x60x85 cm is a top quality piece of furniture that meets the expectations of many. High quality guarantee","robots":{"index":"index","follow":"follow","max-snippet":"max-snippet:-1","max-image-preview":"max-image-preview:large","max-video-preview":"max-video-preview:-1"},"canonical":"https:\/\/www.monaxis.lt\/en\/parduotuve\/stainless-steel-sink-100x60x85cm-copy-2\/","og_locale":"en_US","og_type":"article","og_title":"Stainless steel table with sink 120x60cm | Monaxis","og_description":"The stainless steel table with sink 120x60x85 cm is a top quality piece of furniture that meets the expectations of many. High quality guarantee","og_url":"https:\/\/www.monaxis.lt\/en\/parduotuve\/stainless-steel-sink-100x60x85cm-copy-2\/","og_site_name":"Monaxis","article_modified_time":"2026-03-21T11:59:01+00:00","og_image":[{"width":1024,"height":1024,"url":"https:\/\/www.monaxis.lt\/wp-content\/uploads\/2024\/11\/Nerudijancio-plieno-kriaukle-100x60x85cm-1.webp","type":"image\/webp"}],"twitter_card":"summary_large_image","twitter_misc":{"Est. reading time":"1 minute"},"schema":{"@context":"https:\/\/schema.org","@graph":[{"@type":"WebPage","@id":"https:\/\/www.monaxis.lt\/en\/parduotuve\/stainless-steel-sink-100x60x85cm-copy-2\/","url":"https:\/\/www.monaxis.lt\/en\/parduotuve\/stainless-steel-sink-100x60x85cm-copy-2\/","name":"Stainless steel table with sink 120x60cm | Monaxis","isPartOf":{"@id":"https:\/\/www.monaxis.lt\/en\/#website"},"primaryImageOfPage":{"@id":"https:\/\/www.monaxis.lt\/en\/parduotuve\/stainless-steel-sink-100x60x85cm-copy-2\/#primaryimage"},"image":{"@id":"https:\/\/www.monaxis.lt\/en\/parduotuve\/stainless-steel-sink-100x60x85cm-copy-2\/#primaryimage"},"thumbnailUrl":"https:\/\/www.monaxis.lt\/wp-content\/uploads\/2024\/11\/Nerudijancio-plieno-kriaukle-100x60x85cm-1.webp","datePublished":"2024-11-29T09:39:56+00:00","dateModified":"2026-03-21T11:59:01+00:00","description":"The stainless steel table with sink 120x60x85 cm is a top quality piece of furniture that meets the expectations of many. High quality guarantee","breadcrumb":{"@id":"https:\/\/www.monaxis.lt\/en\/parduotuve\/stainless-steel-sink-100x60x85cm-copy-2\/#breadcrumb"},"inLanguage":"en-US","potentialAction":[{"@type":"ReadAction","target":["https:\/\/www.monaxis.lt\/en\/parduotuve\/stainless-steel-sink-100x60x85cm-copy-2\/"]}]},{"@type":"ImageObject","inLanguage":"en-US","@id":"https:\/\/www.monaxis.lt\/en\/parduotuve\/stainless-steel-sink-100x60x85cm-copy-2\/#primaryimage","url":"https:\/\/www.monaxis.lt\/wp-content\/uploads\/2024\/11\/Nerudijancio-plieno-kriaukle-100x60x85cm-1.webp","contentUrl":"https:\/\/www.monaxis.lt\/wp-content\/uploads\/2024\/11\/Nerudijancio-plieno-kriaukle-100x60x85cm-1.webp","width":1024,"height":1024},{"@type":"BreadcrumbList","@id":"https:\/\/www.monaxis.lt\/en\/parduotuve\/stainless-steel-sink-100x60x85cm-copy-2\/#breadcrumb","itemListElement":[{"@type":"ListItem","position":1,"name":"Pagrindinis","item":"https:\/\/www.monaxis.lt\/en\/"},{"@type":"ListItem","position":2,"name":"Shop","item":"https:\/\/www.monaxis.lt\/en\/shop\/"},{"@type":"ListItem","position":3,"name":"Industrial kitchen equipment","item":"https:\/\/www.monaxis.lt\/en\/produkto-kategorija\/industrial-kitchen-equipment\/"},{"@type":"ListItem","position":4,"name":"Stainless steel furniture","item":"https:\/\/www.monaxis.lt\/en\/produkto-kategorija\/industrial-kitchen-equipment\/stainless-steel-furniture\/"},{"@type":"ListItem","position":5,"name":"Ner\u016bdijan\u010dio plieno kriaukl\u0117s","item":"https:\/\/www.monaxis.lt\/produkto-kategorija\/pramonine-virtuves-iranga\/nerudijancio-plieno-baldai\/nerudijancio-plieno-kriaukles\/"},{"@type":"ListItem","position":6,"name":"Stainless steel sink 100x70x85cm"}]},{"@type":"WebSite","@id":"https:\/\/www.monaxis.lt\/en\/#website","url":"https:\/\/www.monaxis.lt\/en\/","name":"Monaxis","description":"Prekybin\u0117, bei \u0161aldymo \u012franga","publisher":{"@id":"https:\/\/www.monaxis.lt\/en\/#organization"},"potentialAction":[{"@type":"SearchAction","target":{"@type":"EntryPoint","urlTemplate":"https:\/\/www.monaxis.lt\/en\/?s={search_term_string}"},"query-input":{"@type":"PropertyValueSpecification","valueRequired":true,"valueName":"search_term_string"}}],"inLanguage":"en-US"},{"@type":"Organization","@id":"https:\/\/www.monaxis.lt\/en\/#organization","name":"Monaxis","url":"https:\/\/www.monaxis.lt\/en\/","logo":{"@type":"ImageObject","inLanguage":"en-US","@id":"https:\/\/www.monaxis.lt\/en\/#\/schema\/logo\/image\/","url":"https:\/\/www.monaxis.lt\/wp-content\/uploads\/2023\/03\/logo-1.png","contentUrl":"https:\/\/www.monaxis.lt\/wp-content\/uploads\/2023\/03\/logo-1.png","width":205,"height":58,"caption":"Monaxis"},"image":{"@id":"https:\/\/www.monaxis.lt\/en\/#\/schema\/logo\/image\/"}}]}},"_links":{"self":[{"href":"https:\/\/www.monaxis.lt\/en\/wp-json\/wp\/v2\/product\/19489","targetHints":{"allow":["GET"]}}],"collection":[{"href":"https:\/\/www.monaxis.lt\/en\/wp-json\/wp\/v2\/product"}],"about":[{"href":"https:\/\/www.monaxis.lt\/en\/wp-json\/wp\/v2\/types\/product"}],"replies":[{"embeddable":true,"href":"https:\/\/www.monaxis.lt\/en\/wp-json\/wp\/v2\/comments?post=19489"}],"wp:featuredmedia":[{"embeddable":true,"href":"https:\/\/www.monaxis.lt\/en\/wp-json\/wp\/v2\/media\/19479"}],"wp:attachment":[{"href":"https:\/\/www.monaxis.lt\/en\/wp-json\/wp\/v2\/media?parent=19489"}],"wp:term":[{"taxonomy":"product_brand","embeddable":true,"href":"https:\/\/www.monaxis.lt\/en\/wp-json\/wp\/v2\/product_brand?post=19489"},{"taxonomy":"product_cat","embeddable":true,"href":"https:\/\/www.monaxis.lt\/en\/wp-json\/wp\/v2\/product_cat?post=19489"},{"taxonomy":"product_tag","embeddable":true,"href":"https:\/\/www.monaxis.lt\/en\/wp-json\/wp\/v2\/product_tag?post=19489"}],"curies":[{"name":"wp","href":"https:\/\/api.w.org\/{rel}","templated":true}]}}