{"id":19992,"date":"2025-05-16T11:52:56","date_gmt":"2025-05-16T08:52:56","guid":{"rendered":"https:\/\/www.monaxis.lt\/?post_type=product&#038;p=19992"},"modified":"2026-03-21T13:29:02","modified_gmt":"2026-03-21T11:29:02","slug":"1-5-kg-min-2-3-hen-bird-feather-plucking-machine-copy","status":"publish","type":"product","link":"https:\/\/www.monaxis.lt\/en\/parduotuve\/1-5-kg-min-2-3-hen-bird-feather-plucking-machine-copy\/","title":{"rendered":"2kg\/min. 3\/4high &#8211; Bird feather plucking machine"},"content":{"rendered":"<h3><strong>Mega-M CH 2kg &#8211; 3\/4hrs\/min &#8211; precise and efficient quail processing equipment<\/strong><\/h3>\n<p><strong>The Mega-M<\/strong> Electric Bird Feather Remover is a professional machine that allows you to quickly and efficiently remove feathers from small birds such as <strong>pigeons, quails<\/strong> and other small birds. The entire structure, including the <strong>drum and the housing<\/strong>, is made of <strong>stainless steel<\/strong>, which ensures durability, corrosion resistance and easy cleaning and hygiene. Thanks to the unique silicone finger sequence, the straightening efficiency is as high as <strong>98%.<\/strong>  <\/p>\n<p>It is very important to prepare the poultry properly before the feather plucking process &#8211; we recommend using a Mega-M bird scalding bath.<\/p>\n<h4><strong>Features of the Mega-M CH 2kg &#8211; 3\/4high min automatic quail feather plucking machine:<\/strong><\/h4>\n<ul>\n<li><strong>98% feather removal efficiency<\/strong> &#8211; almost complete feather removal without additional manual cleaning.<\/li>\n<li><strong>Capacity of up to 120 kg birds per hour<\/strong> &#8211; allows efficient processing of larger batches of carcasses.<\/li>\n<li><strong>Maximum straightening precision<\/strong> &#8211; 131<strong> rubber fingers<\/strong> with special shape and positioning gently remove feathers without damaging the skin.<\/li>\n<li><strong>Optimal performance<\/strong> &#8211; <strong>1500 W motor<\/strong> ensures smooth and stable operation, reducing the risk of jams and downtime.<\/li>\n<li><strong>Easy cleaning<\/strong> &#8211; a special <strong>chute<\/strong> effectively removes feathers to the outside without the need for manual cleaning of the inside.<\/li>\n<li><strong>The spacious drum<\/strong> (55\u00d745 cm) allows you to freely accommodate quails and pigeons, ensuring precise and even feather removal.<\/li>\n<li><strong>An on\/off switch on the side of the housing<\/strong> allows convenient and safe operation.<\/li>\n<li><strong>Non-slip feet<\/strong> ensure stability and safety during work.<\/li>\n<\/ul>\n<h4><strong>Mega-M CH 2kg 3\/4 hens per minute feather plucker &#8211; improve poultry processing from start to finish<\/strong><\/h4>\n<p><strong>The Mega-M Electric Bird Feather Picker<\/strong> is a highly efficient machine with a 98% efficiency. 3-4 hens per minute can be accurately processed. This industrial plucker is an indispensable helper for farms, small poultry farms and processing plants to remove feathers accurately and efficiently.  <\/p>\n<p><strong>The unit is manufactured in accordance with European Union standards.<\/strong><\/p>\n","protected":false},"excerpt":{"rendered":"<div class=\"product__parameter__name\"><strong><span class=\"product__parameter__name__text\"><img decoding=\"async\" class=\"alignnone wp-image-7601\" src=\"https:\/\/www.monaxis.lt\/wp-content\/uploads\/2023\/03\/delivery-1-150x150.png\" alt=\"\" width=\"23\" height=\"23\" srcset=\"https:\/\/www.monaxis.lt\/wp-content\/uploads\/2023\/03\/delivery-1-150x150.png 150w, https:\/\/www.monaxis.lt\/wp-content\/uploads\/2023\/03\/delivery-1-300x300.png 300w, https:\/\/www.monaxis.lt\/wp-content\/uploads\/2023\/03\/delivery-1.png 512w\" sizes=\"(max-width: 23px) 100vw, 23px\" \/> Delivery <\/span><\/strong><\/div>\n<div class=\"product__parameter__value\"><span class=\"product__parameter__value__text\" style=\"font-size: 75%;\">     <strong>   <span style=\"color: #999999;\"> 2-10 d.d.<\/span><\/strong><\/span><\/div>\n<div class=\"product__parameter__value\">\n<hr>\n<\/div>\n<p><strong><img decoding=\"async\" class=\"alignnone wp-image-7810\" src=\"https:\/\/www.monaxis.lt\/wp-content\/uploads\/2023\/01\/komplektuojama.png\" alt=\"\" width=\"23\" height=\"23\"> Comes with<\/strong><br \/>\n<strong><span style=\"font-size: 75%; color: #999999;\">  Bird feather plucking machine  <\/span><\/strong><br \/>\n<strong><span style=\"font-size: 75%; color: #999999;\"> User Guide<\/span><\/strong><br \/>\n<strong><span style=\"font-size: 75%; color: #999999;\"> Warranty card<\/span><\/strong><br \/>\n<strong><span style=\"font-size: 75%; color: #999999;\"> Proof of purchase &#8211; Receipt \/ FV<\/span><\/strong><\/p>\n","protected":false},"featured_media":19984,"comment_status":"open","ping_status":"closed","template":"","meta":[],"product_brand":[],"product_cat":[936],"product_tag":[],"class_list":{"0":"post-19992","1":"product","2":"type-product","3":"status-publish","4":"has-post-thumbnail","6":"product_cat-bird-feather-plucking-machines","7":"pa_bukle-new-en","8":"pa_galingumas-1-5kw-en","10":"first","11":"onbackorder","12":"taxable","13":"shipping-taxable","14":"product-type-simple"},"yoast_head":"<!-- This site is optimized with the Yoast SEO plugin v27.1.1 - https:\/\/yoast.com\/product\/yoast-seo-wordpress\/ -->\n<title>2kg\/min. 3\/4high - Bird feather plucking machine | Monaxis<\/title>\n<meta name=\"description\" content=\"&quot;The Bird Feather Picker is an efficient and reliable device for removing feathers from birds. Fast operation, easy maintenance and high quality.\" \/>\n<meta name=\"robots\" content=\"index, follow, max-snippet:-1, max-image-preview:large, max-video-preview:-1\" \/>\n<link rel=\"canonical\" href=\"https:\/\/www.monaxis.lt\/en\/parduotuve\/1-5-kg-min-2-3-hen-bird-feather-plucking-machine-copy\/\" \/>\n<meta property=\"og:locale\" content=\"en_US\" \/>\n<meta property=\"og:type\" content=\"article\" \/>\n<meta property=\"og:title\" content=\"2kg\/min. 3\/4high - Bird feather plucking machine | Monaxis\" \/>\n<meta property=\"og:description\" content=\"&quot;The Bird Feather Picker is an efficient and reliable device for removing feathers from birds. Fast operation, easy maintenance and high quality.\" \/>\n<meta property=\"og:url\" content=\"https:\/\/www.monaxis.lt\/en\/parduotuve\/1-5-kg-min-2-3-hen-bird-feather-plucking-machine-copy\/\" \/>\n<meta property=\"og:site_name\" content=\"Monaxis\" \/>\n<meta property=\"article:modified_time\" content=\"2026-03-21T11:29:02+00:00\" \/>\n<meta property=\"og:image\" content=\"https:\/\/www.monaxis.lt\/wp-content\/uploads\/2025\/05\/1.5kgmin.-23vistos-Pauksciu-plunksnu-pesimo-masina-1.webp\" \/>\n\t<meta property=\"og:image:width\" content=\"1024\" \/>\n\t<meta property=\"og:image:height\" content=\"1024\" \/>\n\t<meta property=\"og:image:type\" content=\"image\/webp\" \/>\n<meta name=\"twitter:card\" content=\"summary_large_image\" \/>\n<meta name=\"twitter:label1\" content=\"Est. reading time\" \/>\n\t<meta name=\"twitter:data1\" content=\"2 minutes\" \/>\n<script type=\"application\/ld+json\" class=\"yoast-schema-graph\">{\"@context\":\"https:\/\/schema.org\",\"@graph\":[{\"@type\":\"WebPage\",\"@id\":\"https:\/\/www.monaxis.lt\/en\/parduotuve\/1-5-kg-min-2-3-hen-bird-feather-plucking-machine-copy\/\",\"url\":\"https:\/\/www.monaxis.lt\/en\/parduotuve\/1-5-kg-min-2-3-hen-bird-feather-plucking-machine-copy\/\",\"name\":\"2kg\/min. 3\/4high - Bird feather plucking machine | Monaxis\",\"isPartOf\":{\"@id\":\"https:\/\/www.monaxis.lt\/en\/#website\"},\"primaryImageOfPage\":{\"@id\":\"https:\/\/www.monaxis.lt\/en\/parduotuve\/1-5-kg-min-2-3-hen-bird-feather-plucking-machine-copy\/#primaryimage\"},\"image\":{\"@id\":\"https:\/\/www.monaxis.lt\/en\/parduotuve\/1-5-kg-min-2-3-hen-bird-feather-plucking-machine-copy\/#primaryimage\"},\"thumbnailUrl\":\"https:\/\/www.monaxis.lt\/wp-content\/uploads\/2025\/05\/1.5kgmin.-23vistos-Pauksciu-plunksnu-pesimo-masina-1.webp\",\"datePublished\":\"2025-05-16T08:52:56+00:00\",\"dateModified\":\"2026-03-21T11:29:02+00:00\",\"description\":\"\\\"The Bird Feather Picker is an efficient and reliable device for removing feathers from birds. Fast operation, easy maintenance and high quality.\",\"breadcrumb\":{\"@id\":\"https:\/\/www.monaxis.lt\/en\/parduotuve\/1-5-kg-min-2-3-hen-bird-feather-plucking-machine-copy\/#breadcrumb\"},\"inLanguage\":\"en-US\",\"potentialAction\":[{\"@type\":\"ReadAction\",\"target\":[\"https:\/\/www.monaxis.lt\/en\/parduotuve\/1-5-kg-min-2-3-hen-bird-feather-plucking-machine-copy\/\"]}]},{\"@type\":\"ImageObject\",\"inLanguage\":\"en-US\",\"@id\":\"https:\/\/www.monaxis.lt\/en\/parduotuve\/1-5-kg-min-2-3-hen-bird-feather-plucking-machine-copy\/#primaryimage\",\"url\":\"https:\/\/www.monaxis.lt\/wp-content\/uploads\/2025\/05\/1.5kgmin.-23vistos-Pauksciu-plunksnu-pesimo-masina-1.webp\",\"contentUrl\":\"https:\/\/www.monaxis.lt\/wp-content\/uploads\/2025\/05\/1.5kgmin.-23vistos-Pauksciu-plunksnu-pesimo-masina-1.webp\",\"width\":1024,\"height\":1024},{\"@type\":\"BreadcrumbList\",\"@id\":\"https:\/\/www.monaxis.lt\/en\/parduotuve\/1-5-kg-min-2-3-hen-bird-feather-plucking-machine-copy\/#breadcrumb\",\"itemListElement\":[{\"@type\":\"ListItem\",\"position\":1,\"name\":\"Pagrindinis\",\"item\":\"https:\/\/www.monaxis.lt\/en\/\"},{\"@type\":\"ListItem\",\"position\":2,\"name\":\"Shop\",\"item\":\"https:\/\/www.monaxis.lt\/en\/shop\/\"},{\"@type\":\"ListItem\",\"position\":3,\"name\":\"Industrial kitchen equipment\",\"item\":\"https:\/\/www.monaxis.lt\/en\/produkto-kategorija\/industrial-kitchen-equipment\/\"},{\"@type\":\"ListItem\",\"position\":4,\"name\":\"Pauk\u0161\u010di\u0173 plunksn\u0173 pe\u0161imo ma\u0161inos\",\"item\":\"https:\/\/www.monaxis.lt\/produkto-kategorija\/pramonine-virtuves-iranga\/pauksciu-plunksnu-pesimo-masinos\/\"},{\"@type\":\"ListItem\",\"position\":5,\"name\":\"2kg\/min. 3\/4high &#8211; Bird feather plucking machine\"}]},{\"@type\":\"WebSite\",\"@id\":\"https:\/\/www.monaxis.lt\/en\/#website\",\"url\":\"https:\/\/www.monaxis.lt\/en\/\",\"name\":\"Monaxis\",\"description\":\"Prekybin\u0117, bei \u0161aldymo \u012franga\",\"publisher\":{\"@id\":\"https:\/\/www.monaxis.lt\/en\/#organization\"},\"potentialAction\":[{\"@type\":\"SearchAction\",\"target\":{\"@type\":\"EntryPoint\",\"urlTemplate\":\"https:\/\/www.monaxis.lt\/en\/?s={search_term_string}\"},\"query-input\":{\"@type\":\"PropertyValueSpecification\",\"valueRequired\":true,\"valueName\":\"search_term_string\"}}],\"inLanguage\":\"en-US\"},{\"@type\":\"Organization\",\"@id\":\"https:\/\/www.monaxis.lt\/en\/#organization\",\"name\":\"Monaxis\",\"url\":\"https:\/\/www.monaxis.lt\/en\/\",\"logo\":{\"@type\":\"ImageObject\",\"inLanguage\":\"en-US\",\"@id\":\"https:\/\/www.monaxis.lt\/en\/#\/schema\/logo\/image\/\",\"url\":\"https:\/\/www.monaxis.lt\/wp-content\/uploads\/2023\/03\/logo-1.png\",\"contentUrl\":\"https:\/\/www.monaxis.lt\/wp-content\/uploads\/2023\/03\/logo-1.png\",\"width\":205,\"height\":58,\"caption\":\"Monaxis\"},\"image\":{\"@id\":\"https:\/\/www.monaxis.lt\/en\/#\/schema\/logo\/image\/\"}}]}<\/script>\n<!-- \/ Yoast SEO plugin. -->","yoast_head_json":{"title":"2kg\/min. 3\/4high - Bird feather plucking machine | Monaxis","description":"\"The Bird Feather Picker is an efficient and reliable device for removing feathers from birds. Fast operation, easy maintenance and high quality.","robots":{"index":"index","follow":"follow","max-snippet":"max-snippet:-1","max-image-preview":"max-image-preview:large","max-video-preview":"max-video-preview:-1"},"canonical":"https:\/\/www.monaxis.lt\/en\/parduotuve\/1-5-kg-min-2-3-hen-bird-feather-plucking-machine-copy\/","og_locale":"en_US","og_type":"article","og_title":"2kg\/min. 3\/4high - Bird feather plucking machine | Monaxis","og_description":"\"The Bird Feather Picker is an efficient and reliable device for removing feathers from birds. Fast operation, easy maintenance and high quality.","og_url":"https:\/\/www.monaxis.lt\/en\/parduotuve\/1-5-kg-min-2-3-hen-bird-feather-plucking-machine-copy\/","og_site_name":"Monaxis","article_modified_time":"2026-03-21T11:29:02+00:00","og_image":[{"width":1024,"height":1024,"url":"https:\/\/www.monaxis.lt\/wp-content\/uploads\/2025\/05\/1.5kgmin.-23vistos-Pauksciu-plunksnu-pesimo-masina-1.webp","type":"image\/webp"}],"twitter_card":"summary_large_image","twitter_misc":{"Est. reading time":"2 minutes"},"schema":{"@context":"https:\/\/schema.org","@graph":[{"@type":"WebPage","@id":"https:\/\/www.monaxis.lt\/en\/parduotuve\/1-5-kg-min-2-3-hen-bird-feather-plucking-machine-copy\/","url":"https:\/\/www.monaxis.lt\/en\/parduotuve\/1-5-kg-min-2-3-hen-bird-feather-plucking-machine-copy\/","name":"2kg\/min. 3\/4high - Bird feather plucking machine | Monaxis","isPartOf":{"@id":"https:\/\/www.monaxis.lt\/en\/#website"},"primaryImageOfPage":{"@id":"https:\/\/www.monaxis.lt\/en\/parduotuve\/1-5-kg-min-2-3-hen-bird-feather-plucking-machine-copy\/#primaryimage"},"image":{"@id":"https:\/\/www.monaxis.lt\/en\/parduotuve\/1-5-kg-min-2-3-hen-bird-feather-plucking-machine-copy\/#primaryimage"},"thumbnailUrl":"https:\/\/www.monaxis.lt\/wp-content\/uploads\/2025\/05\/1.5kgmin.-23vistos-Pauksciu-plunksnu-pesimo-masina-1.webp","datePublished":"2025-05-16T08:52:56+00:00","dateModified":"2026-03-21T11:29:02+00:00","description":"\"The Bird Feather Picker is an efficient and reliable device for removing feathers from birds. Fast operation, easy maintenance and high quality.","breadcrumb":{"@id":"https:\/\/www.monaxis.lt\/en\/parduotuve\/1-5-kg-min-2-3-hen-bird-feather-plucking-machine-copy\/#breadcrumb"},"inLanguage":"en-US","potentialAction":[{"@type":"ReadAction","target":["https:\/\/www.monaxis.lt\/en\/parduotuve\/1-5-kg-min-2-3-hen-bird-feather-plucking-machine-copy\/"]}]},{"@type":"ImageObject","inLanguage":"en-US","@id":"https:\/\/www.monaxis.lt\/en\/parduotuve\/1-5-kg-min-2-3-hen-bird-feather-plucking-machine-copy\/#primaryimage","url":"https:\/\/www.monaxis.lt\/wp-content\/uploads\/2025\/05\/1.5kgmin.-23vistos-Pauksciu-plunksnu-pesimo-masina-1.webp","contentUrl":"https:\/\/www.monaxis.lt\/wp-content\/uploads\/2025\/05\/1.5kgmin.-23vistos-Pauksciu-plunksnu-pesimo-masina-1.webp","width":1024,"height":1024},{"@type":"BreadcrumbList","@id":"https:\/\/www.monaxis.lt\/en\/parduotuve\/1-5-kg-min-2-3-hen-bird-feather-plucking-machine-copy\/#breadcrumb","itemListElement":[{"@type":"ListItem","position":1,"name":"Pagrindinis","item":"https:\/\/www.monaxis.lt\/en\/"},{"@type":"ListItem","position":2,"name":"Shop","item":"https:\/\/www.monaxis.lt\/en\/shop\/"},{"@type":"ListItem","position":3,"name":"Industrial kitchen equipment","item":"https:\/\/www.monaxis.lt\/en\/produkto-kategorija\/industrial-kitchen-equipment\/"},{"@type":"ListItem","position":4,"name":"Pauk\u0161\u010di\u0173 plunksn\u0173 pe\u0161imo ma\u0161inos","item":"https:\/\/www.monaxis.lt\/produkto-kategorija\/pramonine-virtuves-iranga\/pauksciu-plunksnu-pesimo-masinos\/"},{"@type":"ListItem","position":5,"name":"2kg\/min. 3\/4high &#8211; Bird feather plucking machine"}]},{"@type":"WebSite","@id":"https:\/\/www.monaxis.lt\/en\/#website","url":"https:\/\/www.monaxis.lt\/en\/","name":"Monaxis","description":"Prekybin\u0117, bei \u0161aldymo \u012franga","publisher":{"@id":"https:\/\/www.monaxis.lt\/en\/#organization"},"potentialAction":[{"@type":"SearchAction","target":{"@type":"EntryPoint","urlTemplate":"https:\/\/www.monaxis.lt\/en\/?s={search_term_string}"},"query-input":{"@type":"PropertyValueSpecification","valueRequired":true,"valueName":"search_term_string"}}],"inLanguage":"en-US"},{"@type":"Organization","@id":"https:\/\/www.monaxis.lt\/en\/#organization","name":"Monaxis","url":"https:\/\/www.monaxis.lt\/en\/","logo":{"@type":"ImageObject","inLanguage":"en-US","@id":"https:\/\/www.monaxis.lt\/en\/#\/schema\/logo\/image\/","url":"https:\/\/www.monaxis.lt\/wp-content\/uploads\/2023\/03\/logo-1.png","contentUrl":"https:\/\/www.monaxis.lt\/wp-content\/uploads\/2023\/03\/logo-1.png","width":205,"height":58,"caption":"Monaxis"},"image":{"@id":"https:\/\/www.monaxis.lt\/en\/#\/schema\/logo\/image\/"}}]}},"_links":{"self":[{"href":"https:\/\/www.monaxis.lt\/en\/wp-json\/wp\/v2\/product\/19992","targetHints":{"allow":["GET"]}}],"collection":[{"href":"https:\/\/www.monaxis.lt\/en\/wp-json\/wp\/v2\/product"}],"about":[{"href":"https:\/\/www.monaxis.lt\/en\/wp-json\/wp\/v2\/types\/product"}],"replies":[{"embeddable":true,"href":"https:\/\/www.monaxis.lt\/en\/wp-json\/wp\/v2\/comments?post=19992"}],"wp:featuredmedia":[{"embeddable":true,"href":"https:\/\/www.monaxis.lt\/en\/wp-json\/wp\/v2\/media\/19984"}],"wp:attachment":[{"href":"https:\/\/www.monaxis.lt\/en\/wp-json\/wp\/v2\/media?parent=19992"}],"wp:term":[{"taxonomy":"product_brand","embeddable":true,"href":"https:\/\/www.monaxis.lt\/en\/wp-json\/wp\/v2\/product_brand?post=19992"},{"taxonomy":"product_cat","embeddable":true,"href":"https:\/\/www.monaxis.lt\/en\/wp-json\/wp\/v2\/product_cat?post=19992"},{"taxonomy":"product_tag","embeddable":true,"href":"https:\/\/www.monaxis.lt\/en\/wp-json\/wp\/v2\/product_tag?post=19992"}],"curies":[{"name":"wp","href":"https:\/\/api.w.org\/{rel}","templated":true}]}}