{"id":20077,"date":"2025-08-13T17:20:27","date_gmt":"2025-08-13T14:20:27","guid":{"rendered":"https:\/\/www.monaxis.lt\/?post_type=product&#038;p=20077"},"modified":"2026-03-21T13:29:07","modified_gmt":"2026-03-21T11:29:07","slug":"stainless-steel-sink-60x60x85cm-copy-2","status":"publish","type":"product","link":"https:\/\/www.monaxis.lt\/en\/parduotuve\/stainless-steel-sink-60x60x85cm-copy-2\/","title":{"rendered":"Stainless steel sink 80x60x85cm"},"content":{"rendered":"<h2><strong><span dir=\"auto\">Stainless steel sink &#8211; a must-have solution for every catering establishment<\/span><\/strong><\/h2>\n<p><strong><span dir=\"auto\">Stainless steel sink<\/span><\/strong><span dir=\"auto\"> guarantees durability, functionality and safety.<\/span><strong><span dir=\"auto\"> Single bowl sink <\/span><\/strong><strong><span dir=\"auto\">made of high quality stainless steel, which is bio-neutral, resistant to heavy use and corrosion.<\/span><\/strong><span dir=\"auto\"> It has a rim,<\/span><strong><span dir=\"auto\"> which<\/span><\/strong><span dir=\"auto\">  prevents water and dirt from getting between the wall and the table. The sink is supplied with<\/span> <strong><span dir=\"auto\"> Fully equipped with drain hose and siphon<\/span><\/strong><span dir=\"auto\">making it easy and quick to install.<\/span><strong><span dir=\"auto\"> &#8220;The Mega-M kitchen sink also has a lid and a lower shelf reinforced with a steel profile.<\/span><\/strong><span dir=\"auto\"> A special sound-absorbing panel is placed under the sink bowl,<\/span><strong><span dir=\"auto\"> which dampens noise during use.<\/span><\/strong><\/p>\n<p><strong><span dir=\"auto\">Stainless steel sink<\/span><\/strong><span dir=\"auto\"> for comfort and safety at work.<\/span><\/p>\n<p><b><span dir=\"auto\">The product is approved for food contact and manufactured according to EU standards.<\/span><\/b><\/p>\n<h3><b><span dir=\"auto\">Features of stainless steel kitchen sink:<\/span><\/b><\/h3>\n<ul>\n<li><strong><span dir=\"auto\">Easy to clean<\/span><\/strong><span dir=\"auto\">  &#8211; Stainless steel is a minimally porous material. Food residues and other dirt do not stick to it. It is very easy and convenient to clean using normal detergents. It is also food safe and biologically inert.  <\/span><\/li>\n<li><strong><span dir=\"auto\">Deep bowl for thorough washing and rinsing<\/span><\/strong><span dir=\"auto\"> &#8211; for <\/span><strong><span dir=\"auto\">40x40x25 cm<\/span><\/strong><span dir=\"auto\"> the bowl can hold even the largest utensils, such as baking trays or pots, and the high walls prevent water from splashing.<\/span><\/li>\n<li><strong><span dir=\"auto\">An edge to keep the border clean<\/span><\/strong><span dir=\"auto\"> &#8211; The special edge keeps water and dirt off the table, keeping the area behind, under and on the sink clean.<\/span><\/li>\n<li><strong><span dir=\"auto\">Discharge hose with siphon<\/span><\/strong><span dir=\"auto\"> &#8211; Easy and quick installation, no need to buy additional items.<\/span><\/li>\n<li><strong><span dir=\"auto\">Sound absorbing panel<\/span><\/strong><span dir=\"auto\"> &#8211; reduces noise during use, improving working comfort.<\/span><\/li>\n<li><strong><span dir=\"auto\">Adjustable feet<\/span><\/strong><span dir=\"auto\"> &#8211; compensate for unevenness and provide a level, stable working position.<\/span><\/li>\n<li><strong><span dir=\"auto\">Easy assembly<\/span><\/strong><span dir=\"auto\"> &#8211; The well-thought-out and intuitive design allows easy assembly without the need for additional tools.<\/span><\/li>\n<\/ul>\n<h3><strong><span dir=\"auto\">Food preparation sink customisation<\/span><\/strong><\/h3>\n<p><strong><span dir=\"auto\">Stainless steel food preparation sink<\/span><\/strong><span dir=\"auto\">  Ideal for washing small and medium-sized dishes, hand washing, food preparation and defrosting. This is essential equipment for all catering establishments where large quantities of food are prepared. This sink is suitable for use in restaurants, catering establishments, large and small grocery stores, butcheries, canteens. <\/span><\/p>\n","protected":false},"excerpt":{"rendered":"<div class=\"product__parameter__name\"><strong><span class=\"product__parameter__name__text\"><img decoding=\"async\" class=\"alignnone wp-image-7601\" src=\"https:\/\/www.monaxis.lt\/wp-content\/uploads\/2023\/03\/delivery-1-150x150.png\" alt=\"\" width=\"23\" height=\"23\" srcset=\"https:\/\/www.monaxis.lt\/wp-content\/uploads\/2023\/03\/delivery-1-150x150.png 150w, https:\/\/www.monaxis.lt\/wp-content\/uploads\/2023\/03\/delivery-1-300x300.png 300w, https:\/\/www.monaxis.lt\/wp-content\/uploads\/2023\/03\/delivery-1.png 512w\" sizes=\"(max-width: 23px) 100vw, 23px\" \/> Delivery <\/span><\/strong><\/div>\n<div class=\"product__parameter__value\"><span class=\"product__parameter__value__text\" style=\"font-size: 75%;\">     <strong>   <span style=\"color: #999999;\"> 2-10 d.d.<\/span><\/strong><\/span><\/div>\n<div class=\"product__parameter__name\">\n<div class=\"product__parameter__value\">\n<hr>\n<\/div>\n<div>\n<div class=\"product__parameter__value\"><strong style=\"color: #555555; font-size: 14.4px;\"><img decoding=\"async\" class=\"alignnone wp-image-7810\" src=\"https:\/\/www.monaxis.lt\/wp-content\/uploads\/2023\/01\/komplektuojama.png\" alt=\"\" width=\"23\" height=\"23\"> Comes with<\/strong><\/div>\n<\/div>\n<\/div>\n<p><strong><span style=\"font-size: 75%; color: #999999;\">  Stainless steel sink<\/span><\/strong><br \/>\n<strong><span style=\"font-size: 75%; color: #999999;\"> Warranty card<\/span><\/strong><br \/>\n<strong><span style=\"font-size: 75%; color: #999999;\"> Proof of purchase &#8211; Receipt \/ FV<\/span><\/strong><\/p>\n","protected":false},"featured_media":20069,"comment_status":"open","ping_status":"closed","template":"","meta":[],"product_brand":[],"product_cat":[162],"product_tag":[],"class_list":{"0":"post-20077","1":"product","2":"type-product","3":"status-publish","4":"has-post-thumbnail","6":"product_cat-stainless-steel-sinks","7":"pa_aukstis-85cm-en","8":"pa_bukle-new-en","9":"pa_ilgis-80cm-en","10":"pa_plotis-60cm-en","12":"first","13":"onbackorder","14":"taxable","15":"shipping-taxable","16":"product-type-simple"},"yoast_head":"<!-- This site is optimized with the Yoast SEO plugin v27.1.1 - https:\/\/yoast.com\/product\/yoast-seo-wordpress\/ -->\n<title>Stainless steel sink 80x60x85cm | Monaxis<\/title>\n<meta name=\"robots\" content=\"index, follow, max-snippet:-1, max-image-preview:large, max-video-preview:-1\" \/>\n<link rel=\"canonical\" href=\"https:\/\/www.monaxis.lt\/en\/parduotuve\/stainless-steel-sink-60x60x85cm-copy-2\/\" \/>\n<meta property=\"og:locale\" content=\"en_US\" \/>\n<meta property=\"og:type\" content=\"article\" \/>\n<meta property=\"og:title\" content=\"Stainless steel sink 80x60x85cm | Monaxis\" \/>\n<meta property=\"og:description\" content=\"Delivery      2-10 d.d.     Comes with   Stainless steel sink Warranty card Proof of purchase - Receipt \/ FV\" \/>\n<meta property=\"og:url\" content=\"https:\/\/www.monaxis.lt\/en\/parduotuve\/stainless-steel-sink-60x60x85cm-copy-2\/\" \/>\n<meta property=\"og:site_name\" content=\"Monaxis\" \/>\n<meta property=\"article:modified_time\" content=\"2026-03-21T11:29:07+00:00\" \/>\n<meta property=\"og:image\" content=\"https:\/\/www.monaxis.lt\/wp-content\/uploads\/2025\/08\/Nerudijancio-plieno-kriaukle-70x70x85cm-1.webp\" \/>\n\t<meta property=\"og:image:width\" content=\"1024\" \/>\n\t<meta property=\"og:image:height\" content=\"1024\" \/>\n\t<meta property=\"og:image:type\" content=\"image\/webp\" \/>\n<meta name=\"twitter:card\" content=\"summary_large_image\" \/>\n<meta name=\"twitter:label1\" content=\"Est. reading time\" \/>\n\t<meta name=\"twitter:data1\" content=\"2 minutes\" \/>\n<script type=\"application\/ld+json\" class=\"yoast-schema-graph\">{\"@context\":\"https:\/\/schema.org\",\"@graph\":[{\"@type\":\"WebPage\",\"@id\":\"https:\/\/www.monaxis.lt\/en\/parduotuve\/stainless-steel-sink-60x60x85cm-copy-2\/\",\"url\":\"https:\/\/www.monaxis.lt\/en\/parduotuve\/stainless-steel-sink-60x60x85cm-copy-2\/\",\"name\":\"Stainless steel sink 80x60x85cm | Monaxis\",\"isPartOf\":{\"@id\":\"https:\/\/www.monaxis.lt\/en\/#website\"},\"primaryImageOfPage\":{\"@id\":\"https:\/\/www.monaxis.lt\/en\/parduotuve\/stainless-steel-sink-60x60x85cm-copy-2\/#primaryimage\"},\"image\":{\"@id\":\"https:\/\/www.monaxis.lt\/en\/parduotuve\/stainless-steel-sink-60x60x85cm-copy-2\/#primaryimage\"},\"thumbnailUrl\":\"https:\/\/www.monaxis.lt\/wp-content\/uploads\/2025\/08\/Nerudijancio-plieno-kriaukle-70x70x85cm-1.webp\",\"datePublished\":\"2025-08-13T14:20:27+00:00\",\"dateModified\":\"2026-03-21T11:29:07+00:00\",\"breadcrumb\":{\"@id\":\"https:\/\/www.monaxis.lt\/en\/parduotuve\/stainless-steel-sink-60x60x85cm-copy-2\/#breadcrumb\"},\"inLanguage\":\"en-US\",\"potentialAction\":[{\"@type\":\"ReadAction\",\"target\":[\"https:\/\/www.monaxis.lt\/en\/parduotuve\/stainless-steel-sink-60x60x85cm-copy-2\/\"]}]},{\"@type\":\"ImageObject\",\"inLanguage\":\"en-US\",\"@id\":\"https:\/\/www.monaxis.lt\/en\/parduotuve\/stainless-steel-sink-60x60x85cm-copy-2\/#primaryimage\",\"url\":\"https:\/\/www.monaxis.lt\/wp-content\/uploads\/2025\/08\/Nerudijancio-plieno-kriaukle-70x70x85cm-1.webp\",\"contentUrl\":\"https:\/\/www.monaxis.lt\/wp-content\/uploads\/2025\/08\/Nerudijancio-plieno-kriaukle-70x70x85cm-1.webp\",\"width\":1024,\"height\":1024},{\"@type\":\"BreadcrumbList\",\"@id\":\"https:\/\/www.monaxis.lt\/en\/parduotuve\/stainless-steel-sink-60x60x85cm-copy-2\/#breadcrumb\",\"itemListElement\":[{\"@type\":\"ListItem\",\"position\":1,\"name\":\"Pagrindinis\",\"item\":\"https:\/\/www.monaxis.lt\/en\/\"},{\"@type\":\"ListItem\",\"position\":2,\"name\":\"Shop\",\"item\":\"https:\/\/www.monaxis.lt\/en\/shop\/\"},{\"@type\":\"ListItem\",\"position\":3,\"name\":\"Industrial kitchen equipment\",\"item\":\"https:\/\/www.monaxis.lt\/en\/produkto-kategorija\/industrial-kitchen-equipment\/\"},{\"@type\":\"ListItem\",\"position\":4,\"name\":\"Stainless steel furniture\",\"item\":\"https:\/\/www.monaxis.lt\/en\/produkto-kategorija\/industrial-kitchen-equipment\/stainless-steel-furniture\/\"},{\"@type\":\"ListItem\",\"position\":5,\"name\":\"Stainless steel sinks\",\"item\":\"https:\/\/www.monaxis.lt\/en\/produkto-kategorija\/industrial-kitchen-equipment\/stainless-steel-furniture\/stainless-steel-sinks\/\"},{\"@type\":\"ListItem\",\"position\":6,\"name\":\"Stainless steel sink 80x60x85cm\"}]},{\"@type\":\"WebSite\",\"@id\":\"https:\/\/www.monaxis.lt\/en\/#website\",\"url\":\"https:\/\/www.monaxis.lt\/en\/\",\"name\":\"Monaxis\",\"description\":\"Prekybin\u0117, bei \u0161aldymo \u012franga\",\"publisher\":{\"@id\":\"https:\/\/www.monaxis.lt\/en\/#organization\"},\"potentialAction\":[{\"@type\":\"SearchAction\",\"target\":{\"@type\":\"EntryPoint\",\"urlTemplate\":\"https:\/\/www.monaxis.lt\/en\/?s={search_term_string}\"},\"query-input\":{\"@type\":\"PropertyValueSpecification\",\"valueRequired\":true,\"valueName\":\"search_term_string\"}}],\"inLanguage\":\"en-US\"},{\"@type\":\"Organization\",\"@id\":\"https:\/\/www.monaxis.lt\/en\/#organization\",\"name\":\"Monaxis\",\"url\":\"https:\/\/www.monaxis.lt\/en\/\",\"logo\":{\"@type\":\"ImageObject\",\"inLanguage\":\"en-US\",\"@id\":\"https:\/\/www.monaxis.lt\/en\/#\/schema\/logo\/image\/\",\"url\":\"https:\/\/www.monaxis.lt\/wp-content\/uploads\/2023\/03\/logo-1.png\",\"contentUrl\":\"https:\/\/www.monaxis.lt\/wp-content\/uploads\/2023\/03\/logo-1.png\",\"width\":205,\"height\":58,\"caption\":\"Monaxis\"},\"image\":{\"@id\":\"https:\/\/www.monaxis.lt\/en\/#\/schema\/logo\/image\/\"}}]}<\/script>\n<!-- \/ Yoast SEO plugin. -->","yoast_head_json":{"title":"Stainless steel sink 80x60x85cm | Monaxis","robots":{"index":"index","follow":"follow","max-snippet":"max-snippet:-1","max-image-preview":"max-image-preview:large","max-video-preview":"max-video-preview:-1"},"canonical":"https:\/\/www.monaxis.lt\/en\/parduotuve\/stainless-steel-sink-60x60x85cm-copy-2\/","og_locale":"en_US","og_type":"article","og_title":"Stainless steel sink 80x60x85cm | Monaxis","og_description":"Delivery      2-10 d.d.     Comes with   Stainless steel sink Warranty card Proof of purchase - Receipt \/ FV","og_url":"https:\/\/www.monaxis.lt\/en\/parduotuve\/stainless-steel-sink-60x60x85cm-copy-2\/","og_site_name":"Monaxis","article_modified_time":"2026-03-21T11:29:07+00:00","og_image":[{"width":1024,"height":1024,"url":"https:\/\/www.monaxis.lt\/wp-content\/uploads\/2025\/08\/Nerudijancio-plieno-kriaukle-70x70x85cm-1.webp","type":"image\/webp"}],"twitter_card":"summary_large_image","twitter_misc":{"Est. reading time":"2 minutes"},"schema":{"@context":"https:\/\/schema.org","@graph":[{"@type":"WebPage","@id":"https:\/\/www.monaxis.lt\/en\/parduotuve\/stainless-steel-sink-60x60x85cm-copy-2\/","url":"https:\/\/www.monaxis.lt\/en\/parduotuve\/stainless-steel-sink-60x60x85cm-copy-2\/","name":"Stainless steel sink 80x60x85cm | Monaxis","isPartOf":{"@id":"https:\/\/www.monaxis.lt\/en\/#website"},"primaryImageOfPage":{"@id":"https:\/\/www.monaxis.lt\/en\/parduotuve\/stainless-steel-sink-60x60x85cm-copy-2\/#primaryimage"},"image":{"@id":"https:\/\/www.monaxis.lt\/en\/parduotuve\/stainless-steel-sink-60x60x85cm-copy-2\/#primaryimage"},"thumbnailUrl":"https:\/\/www.monaxis.lt\/wp-content\/uploads\/2025\/08\/Nerudijancio-plieno-kriaukle-70x70x85cm-1.webp","datePublished":"2025-08-13T14:20:27+00:00","dateModified":"2026-03-21T11:29:07+00:00","breadcrumb":{"@id":"https:\/\/www.monaxis.lt\/en\/parduotuve\/stainless-steel-sink-60x60x85cm-copy-2\/#breadcrumb"},"inLanguage":"en-US","potentialAction":[{"@type":"ReadAction","target":["https:\/\/www.monaxis.lt\/en\/parduotuve\/stainless-steel-sink-60x60x85cm-copy-2\/"]}]},{"@type":"ImageObject","inLanguage":"en-US","@id":"https:\/\/www.monaxis.lt\/en\/parduotuve\/stainless-steel-sink-60x60x85cm-copy-2\/#primaryimage","url":"https:\/\/www.monaxis.lt\/wp-content\/uploads\/2025\/08\/Nerudijancio-plieno-kriaukle-70x70x85cm-1.webp","contentUrl":"https:\/\/www.monaxis.lt\/wp-content\/uploads\/2025\/08\/Nerudijancio-plieno-kriaukle-70x70x85cm-1.webp","width":1024,"height":1024},{"@type":"BreadcrumbList","@id":"https:\/\/www.monaxis.lt\/en\/parduotuve\/stainless-steel-sink-60x60x85cm-copy-2\/#breadcrumb","itemListElement":[{"@type":"ListItem","position":1,"name":"Pagrindinis","item":"https:\/\/www.monaxis.lt\/en\/"},{"@type":"ListItem","position":2,"name":"Shop","item":"https:\/\/www.monaxis.lt\/en\/shop\/"},{"@type":"ListItem","position":3,"name":"Industrial kitchen equipment","item":"https:\/\/www.monaxis.lt\/en\/produkto-kategorija\/industrial-kitchen-equipment\/"},{"@type":"ListItem","position":4,"name":"Stainless steel furniture","item":"https:\/\/www.monaxis.lt\/en\/produkto-kategorija\/industrial-kitchen-equipment\/stainless-steel-furniture\/"},{"@type":"ListItem","position":5,"name":"Stainless steel sinks","item":"https:\/\/www.monaxis.lt\/en\/produkto-kategorija\/industrial-kitchen-equipment\/stainless-steel-furniture\/stainless-steel-sinks\/"},{"@type":"ListItem","position":6,"name":"Stainless steel sink 80x60x85cm"}]},{"@type":"WebSite","@id":"https:\/\/www.monaxis.lt\/en\/#website","url":"https:\/\/www.monaxis.lt\/en\/","name":"Monaxis","description":"Prekybin\u0117, bei \u0161aldymo \u012franga","publisher":{"@id":"https:\/\/www.monaxis.lt\/en\/#organization"},"potentialAction":[{"@type":"SearchAction","target":{"@type":"EntryPoint","urlTemplate":"https:\/\/www.monaxis.lt\/en\/?s={search_term_string}"},"query-input":{"@type":"PropertyValueSpecification","valueRequired":true,"valueName":"search_term_string"}}],"inLanguage":"en-US"},{"@type":"Organization","@id":"https:\/\/www.monaxis.lt\/en\/#organization","name":"Monaxis","url":"https:\/\/www.monaxis.lt\/en\/","logo":{"@type":"ImageObject","inLanguage":"en-US","@id":"https:\/\/www.monaxis.lt\/en\/#\/schema\/logo\/image\/","url":"https:\/\/www.monaxis.lt\/wp-content\/uploads\/2023\/03\/logo-1.png","contentUrl":"https:\/\/www.monaxis.lt\/wp-content\/uploads\/2023\/03\/logo-1.png","width":205,"height":58,"caption":"Monaxis"},"image":{"@id":"https:\/\/www.monaxis.lt\/en\/#\/schema\/logo\/image\/"}}]}},"_links":{"self":[{"href":"https:\/\/www.monaxis.lt\/en\/wp-json\/wp\/v2\/product\/20077","targetHints":{"allow":["GET"]}}],"collection":[{"href":"https:\/\/www.monaxis.lt\/en\/wp-json\/wp\/v2\/product"}],"about":[{"href":"https:\/\/www.monaxis.lt\/en\/wp-json\/wp\/v2\/types\/product"}],"replies":[{"embeddable":true,"href":"https:\/\/www.monaxis.lt\/en\/wp-json\/wp\/v2\/comments?post=20077"}],"wp:featuredmedia":[{"embeddable":true,"href":"https:\/\/www.monaxis.lt\/en\/wp-json\/wp\/v2\/media\/20069"}],"wp:attachment":[{"href":"https:\/\/www.monaxis.lt\/en\/wp-json\/wp\/v2\/media?parent=20077"}],"wp:term":[{"taxonomy":"product_brand","embeddable":true,"href":"https:\/\/www.monaxis.lt\/en\/wp-json\/wp\/v2\/product_brand?post=20077"},{"taxonomy":"product_cat","embeddable":true,"href":"https:\/\/www.monaxis.lt\/en\/wp-json\/wp\/v2\/product_cat?post=20077"},{"taxonomy":"product_tag","embeddable":true,"href":"https:\/\/www.monaxis.lt\/en\/wp-json\/wp\/v2\/product_tag?post=20077"}],"curies":[{"name":"wp","href":"https:\/\/api.w.org\/{rel}","templated":true}]}}