{"id":20111,"date":"2025-08-13T18:19:27","date_gmt":"2025-08-13T15:19:27","guid":{"rendered":"https:\/\/www.monaxis.lt\/?post_type=product&#038;p=20111"},"modified":"2026-03-21T13:27:36","modified_gmt":"2026-03-21T11:27:36","slug":"stainless-steel-sink-100x70x85cm-copy-3","status":"publish","type":"product","link":"https:\/\/www.monaxis.lt\/en\/parduotuve\/stainless-steel-sink-100x70x85cm-copy-3\/","title":{"rendered":"Stainless steel sink 100x70x85cm"},"content":{"rendered":"<h2><strong><span dir=\"auto\">Stainless steel sink with bowl on the right side and shelf Mega-M, dimensions 100x70x85 cm<\/span><\/strong><\/h2>\n<p><strong><span dir=\"auto\">This 100x70x85 cm stainless steel sink<\/span><\/strong><span dir=\"auto\">  with a bowl on the right and a shelf is a functional addition to any professional kitchen. The sink is made of high quality stainless steel, making it highly resistant to scratches, dents and corrosion. The worktop on the left side of the bowl serves as a work surface in the kitchen and as a dish drying rack <\/span><strong><span dir=\"auto\">  for wet dishes<\/span><\/strong><span dir=\"auto\">. In addition, the sink shall<\/span> <strong><span dir=\"auto\"> shelf<\/span><\/strong><span dir=\"auto\"> for storing essentials,<\/span><strong><span dir=\"auto\"> splash protection<\/span><\/strong><span dir=\"auto\"> and<\/span><strong><span dir=\"auto\"> adjustable feet.<\/span><\/strong><\/p>\n<h3><strong><span dir=\"auto\">&#8220;Advantages of the Mega-M Stainless Steel Sink with Left Hand Bowl and Shelf<\/span><\/strong><\/h3>\n<ul>\n<li><strong><span dir=\"auto\">Bolt-on, intuitive design<\/span><\/strong><span dir=\"auto\"> &#8211; Simple self-assembly without the need for additional tools.<\/span><\/li>\n<li><strong><span dir=\"auto\">High quality stainless steel<\/span><\/strong><span dir=\"auto\"> &#8211; an easy-to-clean material that is resistant to a wide range of damages.<\/span><\/li>\n<li><strong><span dir=\"auto\">Spacious sink bowl <\/span><\/strong><strong><span dir=\"auto\">on the left side<\/span><\/strong><span dir=\"auto\"> allows you to wash and rinse large dishes that don&#8217;t fit in the dishwasher.<\/span><\/li>\n<li><strong><span dir=\"auto\">Countertop to the left of the sink<\/span><\/strong><span dir=\"auto\"> &#8211; additional work space in the kitchen with convenient access to water or as a practical drying rack for wet dishes.<\/span><\/li>\n<li><strong><span dir=\"auto\">High edge<\/span><\/strong><span dir=\"auto\"> &#8211; protects the space between the table and the wall from dirt.<\/span><\/li>\n<li><strong><span dir=\"auto\">Bottom shelf<\/span><\/strong><span dir=\"auto\"> &#8211; Valuable extra storage space for kitchen utensils.<\/span><\/li>\n<li><strong><span dir=\"auto\">Adjustable feet<\/span><\/strong><span dir=\"auto\"> &#8211; to compensate for any unevenness of the floor.<\/span><\/li>\n<\/ul>\n<h3><strong><span dir=\"auto\">Wall-mounted stainless steel sink with bowl on the right and Mega-M shelf &#8211; Application<\/span><\/strong><\/h3>\n<p><strong><span dir=\"auto\">This stainless steel sink with right hand bowl and shelf<\/span><\/strong><span dir=\"auto\">  combines attractive appearance and functionality. The spacious bowl is ideal for hand washing and rinsing dishes that don&#8217;t fit in the dishwasher, for defrosting food or for rinsing vegetables and fruit. The remaining worktop provides essential work space in every kitchen, and easy access to running water is an important advantage. &#8220;The Mega-M stainless steel sink is suitable for restaurants, catering companies, large and small grocery stores, butcher shops, canteens, catering establishments and any professional kitchen where comfort and safety are valued.  <\/span><\/p>\n","protected":false},"excerpt":{"rendered":"<div class=\"product__parameter__name\"><strong><span class=\"product__parameter__name__text\"><img decoding=\"async\" class=\"alignnone wp-image-7601\" src=\"https:\/\/www.monaxis.lt\/wp-content\/uploads\/2023\/03\/delivery-1-150x150.png\" alt=\"\" width=\"23\" height=\"23\" srcset=\"https:\/\/www.monaxis.lt\/wp-content\/uploads\/2023\/03\/delivery-1-150x150.png 150w, https:\/\/www.monaxis.lt\/wp-content\/uploads\/2023\/03\/delivery-1-300x300.png 300w, https:\/\/www.monaxis.lt\/wp-content\/uploads\/2023\/03\/delivery-1.png 512w\" sizes=\"(max-width: 23px) 100vw, 23px\" \/> Delivery <\/span><\/strong><\/div>\n<div class=\"product__parameter__value\"><span class=\"product__parameter__value__text\" style=\"font-size: 75%;\">     <strong>   <span style=\"color: #999999;\"> 2-10 d.d.<\/span><\/strong><\/span><\/div>\n<div class=\"product__parameter__name\">\n<div class=\"product__parameter__value\">\n<hr>\n<\/div>\n<div>\n<div class=\"product__parameter__value\"><strong style=\"color: #555555; font-size: 14.4px;\"><img decoding=\"async\" class=\"alignnone wp-image-7810\" src=\"https:\/\/www.monaxis.lt\/wp-content\/uploads\/2023\/01\/komplektuojama.png\" alt=\"\" width=\"23\" height=\"23\"> Comes with<\/strong><\/div>\n<\/div>\n<\/div>\n<p><strong><span style=\"font-size: 75%; color: #999999;\">  Stainless steel sink<\/span><\/strong><br \/>\n<strong><span style=\"font-size: 75%; color: #999999;\"> Warranty card<\/span><\/strong><br \/>\n<strong><span style=\"font-size: 75%; color: #999999;\"> Proof of purchase &#8211; Receipt \/ FV<\/span><\/strong><\/p>\n","protected":false},"featured_media":20109,"comment_status":"open","ping_status":"closed","template":"","meta":[],"product_brand":[],"product_cat":[162],"product_tag":[],"class_list":{"0":"post-20111","1":"product","2":"type-product","3":"status-publish","4":"has-post-thumbnail","6":"product_cat-stainless-steel-sinks","7":"pa_aukstis-85cm-en","8":"pa_bukle-new-en","9":"pa_ilgis-100cm-en","10":"pa_plotis-70cm-en","12":"first","13":"instock","14":"taxable","15":"shipping-taxable","16":"purchasable","17":"product-type-simple"},"yoast_head":"<!-- This site is optimized with the Yoast SEO plugin v27.1.1 - https:\/\/yoast.com\/product\/yoast-seo-wordpress\/ -->\n<title>Stainless steel sink 100x70x85cm | Monaxis<\/title>\n<meta name=\"robots\" content=\"index, follow, max-snippet:-1, max-image-preview:large, max-video-preview:-1\" \/>\n<link rel=\"canonical\" href=\"https:\/\/www.monaxis.lt\/en\/parduotuve\/stainless-steel-sink-100x70x85cm-copy-3\/\" \/>\n<meta property=\"og:locale\" content=\"en_US\" \/>\n<meta property=\"og:type\" content=\"article\" \/>\n<meta property=\"og:title\" content=\"Stainless steel sink 100x70x85cm | Monaxis\" \/>\n<meta property=\"og:description\" content=\"Delivery      2-10 d.d.     Comes with   Stainless steel sink Warranty card Proof of purchase - Receipt \/ FV\" \/>\n<meta property=\"og:url\" content=\"https:\/\/www.monaxis.lt\/en\/parduotuve\/stainless-steel-sink-100x70x85cm-copy-3\/\" \/>\n<meta property=\"og:site_name\" content=\"Monaxis\" \/>\n<meta property=\"article:modified_time\" content=\"2026-03-21T11:27:36+00:00\" \/>\n<meta property=\"og:image\" content=\"https:\/\/www.monaxis.lt\/wp-content\/uploads\/2025\/08\/Nerudijancio-plieno-kriaukle-100x60x85cm-1.jpg\" \/>\n\t<meta property=\"og:image:width\" content=\"1024\" \/>\n\t<meta property=\"og:image:height\" content=\"1024\" \/>\n\t<meta property=\"og:image:type\" content=\"image\/jpeg\" \/>\n<meta name=\"twitter:card\" content=\"summary_large_image\" \/>\n<meta name=\"twitter:label1\" content=\"Est. reading time\" \/>\n\t<meta name=\"twitter:data1\" content=\"2 minutes\" \/>\n<script type=\"application\/ld+json\" class=\"yoast-schema-graph\">{\"@context\":\"https:\/\/schema.org\",\"@graph\":[{\"@type\":\"WebPage\",\"@id\":\"https:\/\/www.monaxis.lt\/en\/parduotuve\/stainless-steel-sink-100x70x85cm-copy-3\/\",\"url\":\"https:\/\/www.monaxis.lt\/en\/parduotuve\/stainless-steel-sink-100x70x85cm-copy-3\/\",\"name\":\"Stainless steel sink 100x70x85cm | Monaxis\",\"isPartOf\":{\"@id\":\"https:\/\/www.monaxis.lt\/en\/#website\"},\"primaryImageOfPage\":{\"@id\":\"https:\/\/www.monaxis.lt\/en\/parduotuve\/stainless-steel-sink-100x70x85cm-copy-3\/#primaryimage\"},\"image\":{\"@id\":\"https:\/\/www.monaxis.lt\/en\/parduotuve\/stainless-steel-sink-100x70x85cm-copy-3\/#primaryimage\"},\"thumbnailUrl\":\"https:\/\/www.monaxis.lt\/wp-content\/uploads\/2025\/08\/Nerudijancio-plieno-kriaukle-100x60x85cm-1.jpg\",\"datePublished\":\"2025-08-13T15:19:27+00:00\",\"dateModified\":\"2026-03-21T11:27:36+00:00\",\"breadcrumb\":{\"@id\":\"https:\/\/www.monaxis.lt\/en\/parduotuve\/stainless-steel-sink-100x70x85cm-copy-3\/#breadcrumb\"},\"inLanguage\":\"en-US\",\"potentialAction\":[{\"@type\":\"ReadAction\",\"target\":[\"https:\/\/www.monaxis.lt\/en\/parduotuve\/stainless-steel-sink-100x70x85cm-copy-3\/\"]}]},{\"@type\":\"ImageObject\",\"inLanguage\":\"en-US\",\"@id\":\"https:\/\/www.monaxis.lt\/en\/parduotuve\/stainless-steel-sink-100x70x85cm-copy-3\/#primaryimage\",\"url\":\"https:\/\/www.monaxis.lt\/wp-content\/uploads\/2025\/08\/Nerudijancio-plieno-kriaukle-100x60x85cm-1.jpg\",\"contentUrl\":\"https:\/\/www.monaxis.lt\/wp-content\/uploads\/2025\/08\/Nerudijancio-plieno-kriaukle-100x60x85cm-1.jpg\",\"width\":1024,\"height\":1024},{\"@type\":\"BreadcrumbList\",\"@id\":\"https:\/\/www.monaxis.lt\/en\/parduotuve\/stainless-steel-sink-100x70x85cm-copy-3\/#breadcrumb\",\"itemListElement\":[{\"@type\":\"ListItem\",\"position\":1,\"name\":\"Pagrindinis\",\"item\":\"https:\/\/www.monaxis.lt\/en\/\"},{\"@type\":\"ListItem\",\"position\":2,\"name\":\"Shop\",\"item\":\"https:\/\/www.monaxis.lt\/en\/shop\/\"},{\"@type\":\"ListItem\",\"position\":3,\"name\":\"Industrial kitchen equipment\",\"item\":\"https:\/\/www.monaxis.lt\/en\/produkto-kategorija\/industrial-kitchen-equipment\/\"},{\"@type\":\"ListItem\",\"position\":4,\"name\":\"Stainless steel furniture\",\"item\":\"https:\/\/www.monaxis.lt\/en\/produkto-kategorija\/industrial-kitchen-equipment\/stainless-steel-furniture\/\"},{\"@type\":\"ListItem\",\"position\":5,\"name\":\"Stainless steel sinks\",\"item\":\"https:\/\/www.monaxis.lt\/en\/produkto-kategorija\/industrial-kitchen-equipment\/stainless-steel-furniture\/stainless-steel-sinks\/\"},{\"@type\":\"ListItem\",\"position\":6,\"name\":\"Stainless steel sink 100x70x85cm\"}]},{\"@type\":\"WebSite\",\"@id\":\"https:\/\/www.monaxis.lt\/en\/#website\",\"url\":\"https:\/\/www.monaxis.lt\/en\/\",\"name\":\"Monaxis\",\"description\":\"Prekybin\u0117, bei \u0161aldymo \u012franga\",\"publisher\":{\"@id\":\"https:\/\/www.monaxis.lt\/en\/#organization\"},\"potentialAction\":[{\"@type\":\"SearchAction\",\"target\":{\"@type\":\"EntryPoint\",\"urlTemplate\":\"https:\/\/www.monaxis.lt\/en\/?s={search_term_string}\"},\"query-input\":{\"@type\":\"PropertyValueSpecification\",\"valueRequired\":true,\"valueName\":\"search_term_string\"}}],\"inLanguage\":\"en-US\"},{\"@type\":\"Organization\",\"@id\":\"https:\/\/www.monaxis.lt\/en\/#organization\",\"name\":\"Monaxis\",\"url\":\"https:\/\/www.monaxis.lt\/en\/\",\"logo\":{\"@type\":\"ImageObject\",\"inLanguage\":\"en-US\",\"@id\":\"https:\/\/www.monaxis.lt\/en\/#\/schema\/logo\/image\/\",\"url\":\"https:\/\/www.monaxis.lt\/wp-content\/uploads\/2023\/03\/logo-1.png\",\"contentUrl\":\"https:\/\/www.monaxis.lt\/wp-content\/uploads\/2023\/03\/logo-1.png\",\"width\":205,\"height\":58,\"caption\":\"Monaxis\"},\"image\":{\"@id\":\"https:\/\/www.monaxis.lt\/en\/#\/schema\/logo\/image\/\"}}]}<\/script>\n<!-- \/ Yoast SEO plugin. -->","yoast_head_json":{"title":"Stainless steel sink 100x70x85cm | Monaxis","robots":{"index":"index","follow":"follow","max-snippet":"max-snippet:-1","max-image-preview":"max-image-preview:large","max-video-preview":"max-video-preview:-1"},"canonical":"https:\/\/www.monaxis.lt\/en\/parduotuve\/stainless-steel-sink-100x70x85cm-copy-3\/","og_locale":"en_US","og_type":"article","og_title":"Stainless steel sink 100x70x85cm | Monaxis","og_description":"Delivery      2-10 d.d.     Comes with   Stainless steel sink Warranty card Proof of purchase - Receipt \/ FV","og_url":"https:\/\/www.monaxis.lt\/en\/parduotuve\/stainless-steel-sink-100x70x85cm-copy-3\/","og_site_name":"Monaxis","article_modified_time":"2026-03-21T11:27:36+00:00","og_image":[{"width":1024,"height":1024,"url":"https:\/\/www.monaxis.lt\/wp-content\/uploads\/2025\/08\/Nerudijancio-plieno-kriaukle-100x60x85cm-1.jpg","type":"image\/jpeg"}],"twitter_card":"summary_large_image","twitter_misc":{"Est. reading time":"2 minutes"},"schema":{"@context":"https:\/\/schema.org","@graph":[{"@type":"WebPage","@id":"https:\/\/www.monaxis.lt\/en\/parduotuve\/stainless-steel-sink-100x70x85cm-copy-3\/","url":"https:\/\/www.monaxis.lt\/en\/parduotuve\/stainless-steel-sink-100x70x85cm-copy-3\/","name":"Stainless steel sink 100x70x85cm | Monaxis","isPartOf":{"@id":"https:\/\/www.monaxis.lt\/en\/#website"},"primaryImageOfPage":{"@id":"https:\/\/www.monaxis.lt\/en\/parduotuve\/stainless-steel-sink-100x70x85cm-copy-3\/#primaryimage"},"image":{"@id":"https:\/\/www.monaxis.lt\/en\/parduotuve\/stainless-steel-sink-100x70x85cm-copy-3\/#primaryimage"},"thumbnailUrl":"https:\/\/www.monaxis.lt\/wp-content\/uploads\/2025\/08\/Nerudijancio-plieno-kriaukle-100x60x85cm-1.jpg","datePublished":"2025-08-13T15:19:27+00:00","dateModified":"2026-03-21T11:27:36+00:00","breadcrumb":{"@id":"https:\/\/www.monaxis.lt\/en\/parduotuve\/stainless-steel-sink-100x70x85cm-copy-3\/#breadcrumb"},"inLanguage":"en-US","potentialAction":[{"@type":"ReadAction","target":["https:\/\/www.monaxis.lt\/en\/parduotuve\/stainless-steel-sink-100x70x85cm-copy-3\/"]}]},{"@type":"ImageObject","inLanguage":"en-US","@id":"https:\/\/www.monaxis.lt\/en\/parduotuve\/stainless-steel-sink-100x70x85cm-copy-3\/#primaryimage","url":"https:\/\/www.monaxis.lt\/wp-content\/uploads\/2025\/08\/Nerudijancio-plieno-kriaukle-100x60x85cm-1.jpg","contentUrl":"https:\/\/www.monaxis.lt\/wp-content\/uploads\/2025\/08\/Nerudijancio-plieno-kriaukle-100x60x85cm-1.jpg","width":1024,"height":1024},{"@type":"BreadcrumbList","@id":"https:\/\/www.monaxis.lt\/en\/parduotuve\/stainless-steel-sink-100x70x85cm-copy-3\/#breadcrumb","itemListElement":[{"@type":"ListItem","position":1,"name":"Pagrindinis","item":"https:\/\/www.monaxis.lt\/en\/"},{"@type":"ListItem","position":2,"name":"Shop","item":"https:\/\/www.monaxis.lt\/en\/shop\/"},{"@type":"ListItem","position":3,"name":"Industrial kitchen equipment","item":"https:\/\/www.monaxis.lt\/en\/produkto-kategorija\/industrial-kitchen-equipment\/"},{"@type":"ListItem","position":4,"name":"Stainless steel furniture","item":"https:\/\/www.monaxis.lt\/en\/produkto-kategorija\/industrial-kitchen-equipment\/stainless-steel-furniture\/"},{"@type":"ListItem","position":5,"name":"Stainless steel sinks","item":"https:\/\/www.monaxis.lt\/en\/produkto-kategorija\/industrial-kitchen-equipment\/stainless-steel-furniture\/stainless-steel-sinks\/"},{"@type":"ListItem","position":6,"name":"Stainless steel sink 100x70x85cm"}]},{"@type":"WebSite","@id":"https:\/\/www.monaxis.lt\/en\/#website","url":"https:\/\/www.monaxis.lt\/en\/","name":"Monaxis","description":"Prekybin\u0117, bei \u0161aldymo \u012franga","publisher":{"@id":"https:\/\/www.monaxis.lt\/en\/#organization"},"potentialAction":[{"@type":"SearchAction","target":{"@type":"EntryPoint","urlTemplate":"https:\/\/www.monaxis.lt\/en\/?s={search_term_string}"},"query-input":{"@type":"PropertyValueSpecification","valueRequired":true,"valueName":"search_term_string"}}],"inLanguage":"en-US"},{"@type":"Organization","@id":"https:\/\/www.monaxis.lt\/en\/#organization","name":"Monaxis","url":"https:\/\/www.monaxis.lt\/en\/","logo":{"@type":"ImageObject","inLanguage":"en-US","@id":"https:\/\/www.monaxis.lt\/en\/#\/schema\/logo\/image\/","url":"https:\/\/www.monaxis.lt\/wp-content\/uploads\/2023\/03\/logo-1.png","contentUrl":"https:\/\/www.monaxis.lt\/wp-content\/uploads\/2023\/03\/logo-1.png","width":205,"height":58,"caption":"Monaxis"},"image":{"@id":"https:\/\/www.monaxis.lt\/en\/#\/schema\/logo\/image\/"}}]}},"_links":{"self":[{"href":"https:\/\/www.monaxis.lt\/en\/wp-json\/wp\/v2\/product\/20111","targetHints":{"allow":["GET"]}}],"collection":[{"href":"https:\/\/www.monaxis.lt\/en\/wp-json\/wp\/v2\/product"}],"about":[{"href":"https:\/\/www.monaxis.lt\/en\/wp-json\/wp\/v2\/types\/product"}],"replies":[{"embeddable":true,"href":"https:\/\/www.monaxis.lt\/en\/wp-json\/wp\/v2\/comments?post=20111"}],"wp:featuredmedia":[{"embeddable":true,"href":"https:\/\/www.monaxis.lt\/en\/wp-json\/wp\/v2\/media\/20109"}],"wp:attachment":[{"href":"https:\/\/www.monaxis.lt\/en\/wp-json\/wp\/v2\/media?parent=20111"}],"wp:term":[{"taxonomy":"product_brand","embeddable":true,"href":"https:\/\/www.monaxis.lt\/en\/wp-json\/wp\/v2\/product_brand?post=20111"},{"taxonomy":"product_cat","embeddable":true,"href":"https:\/\/www.monaxis.lt\/en\/wp-json\/wp\/v2\/product_cat?post=20111"},{"taxonomy":"product_tag","embeddable":true,"href":"https:\/\/www.monaxis.lt\/en\/wp-json\/wp\/v2\/product_tag?post=20111"}],"curies":[{"name":"wp","href":"https:\/\/api.w.org\/{rel}","templated":true}]}}