{"id":20125,"date":"2025-08-13T18:48:30","date_gmt":"2025-08-13T15:48:30","guid":{"rendered":"https:\/\/www.monaxis.lt\/?post_type=product&#038;p=20125"},"modified":"2026-03-21T13:27:44","modified_gmt":"2026-03-21T11:27:44","slug":"showcase-refrigerator-diego-i61-copy","status":"publish","type":"product","link":"https:\/\/www.monaxis.lt\/en\/parduotuve\/showcase-refrigerator-diego-i61-copy\/","title":{"rendered":"Display refrigerator DIEGO i59 388L"},"content":{"rendered":"<h2><strong><span dir=\"auto\">&#8220;DIEGO i59 display fridge &#8211;  <\/span><\/strong><\/h2>\n<p><strong data-start=\"283\" data-end=\"308\"><span dir=\"auto\">&#8220;DIEGO i59&#8221; <\/span><\/strong><span dir=\"auto\">refrigerated display cabinet is a reliable appliance for <\/span><strong><span dir=\"auto\">for retail stores, restaurants and service establishments<\/span><\/strong><span dir=\"auto\">. Robust  <\/span><strong><span dir=\"auto\">powder-coated steel housing<\/span><\/strong><span dir=\"auto\">  guarantees durability and resistance to everyday use. The display cabinet is equipped with   <\/span><strong><span dir=\"auto\">self-closing glass doors<\/span><\/strong><span dir=\"auto\">which ensure excellent product visibility. The model has robust  <\/span><strong><span dir=\"auto\">reinforced plastic-coated shelves<\/span><\/strong><span dir=\"auto\">which can be adjusted in height to suit your needs. Simple manual controls ensure optimum storage conditions for juices, beverages, alcohol and ready-to-sell products. <\/span><\/p>\n<p><span dir=\"auto\">The product comes with a 12-month warranty.<\/span><\/p>\n<h3><strong><span dir=\"auto\">&#8220;The design of the DIEGO i59 refrigerated display cabinet:<\/span><\/strong><\/h3>\n<ul>\n<li><strong><span dir=\"auto\">Elegant and durable black powder-coated steel housing<\/span><\/strong><span dir=\"auto\"> ensures resistance to damage.<\/span><\/li>\n<li><strong><span dir=\"auto\">High-quality insulation in the cooling housing<\/span><\/strong><span dir=\"auto\"> guarantees low energy consumption.<\/span><\/li>\n<li><strong><span dir=\"auto\">5 shelves with reinforced plastic-coated construction,<\/span><\/strong><span dir=\"auto\"> height-adjustable.<\/span><\/li>\n<li><strong><span dir=\"auto\">Self-closing glass door with internal handle.<\/span><\/strong><\/li>\n<li><strong><span dir=\"auto\">LED lighting<\/span><\/strong><span dir=\"auto\"> on the left side of the door provides excellent visibility.<\/span><\/li>\n<li><strong><span dir=\"auto\">Adjustable feet and rear wheels<\/span><\/strong><span dir=\"auto\"> make it easy to park and move the unit.<\/span><\/li>\n<li><strong><span dir=\"auto\">Each shelf has a price bar.<\/span><\/strong><\/li>\n<\/ul>\n<h4><strong><span dir=\"auto\">Control and cooling in the DIEGO i59 showcase:<\/span><\/strong><\/h4>\n<ul>\n<li><strong><span dir=\"auto\">Dynamic cooling system<\/span><\/strong><span dir=\"auto\"> ensures a uniform temperature throughout the chamber.<\/span><\/li>\n<li><strong><span dir=\"auto\">Manual operation<\/span><\/strong><span dir=\"auto\"> temperature range +1 to +10\u00b0C.<\/span><\/li>\n<li><strong><span dir=\"auto\">Efficient compressor<\/span><\/strong><span dir=\"auto\"> guarantees adequate cooling efficiency.<\/span><\/li>\n<\/ul>\n<p><strong><span dir=\"auto\">The refrigerated display cabinet is CE-certified and meets the requirements of the Sanitary and Epidemiological Station.<\/span><\/strong><\/p>\n<h3><strong><span dir=\"auto\">Increase the convenience of sales and service in your premises with the DIEGO i59 refrigerated display case<\/span><\/strong><\/h3>\n<p><span dir=\"auto\">&#8220;Mega-M DIEGO i59 refrigerated display cabinet with a capacity of 388 l,<\/span><span dir=\"auto\">  is a solution that not only keeps goods fresh, but also encourages customers to buy thanks to its clear and attractive presentation. Perfect for   <\/span><strong><span dir=\"auto\">grocery stores, cafes, bakeries, restaurants<\/span><\/strong><span dir=\"auto\"> and <\/span><strong><span dir=\"auto\">petrol stations<\/span><\/strong><span dir=\"auto\">. &#8220;Mega-M beverage cabinets are designed for reliable and intensive long-term use.<\/span><\/p>\n","protected":false},"excerpt":{"rendered":"<div class=\"product__parameter__name\"><strong><span class=\"product__parameter__name__text\"><img decoding=\"async\" class=\"alignnone wp-image-7601\" src=\"https:\/\/www.monaxis.lt\/wp-content\/uploads\/2023\/03\/delivery-1-150x150.png\" alt=\"\" width=\"23\" height=\"23\" srcset=\"https:\/\/www.monaxis.lt\/wp-content\/uploads\/2023\/03\/delivery-1-150x150.png 150w, https:\/\/www.monaxis.lt\/wp-content\/uploads\/2023\/03\/delivery-1-300x300.png 300w, https:\/\/www.monaxis.lt\/wp-content\/uploads\/2023\/03\/delivery-1.png 512w\" sizes=\"(max-width: 23px) 100vw, 23px\" \/> Delivery <\/span><\/strong><\/div>\n<div class=\"product__parameter__value\"><span class=\"product__parameter__value__text\" style=\"font-size: 75%;\">     <strong>   <span style=\"color: #999999;\"> 2-10 d.d.<\/span><\/strong><\/span><\/div>\n<div class=\"product__parameter__name\">\n<div class=\"product__parameter__value\">\n<hr>\n<\/div>\n<div>\n<div class=\"product__parameter__name\"><strong><span class=\"product__parameter__name__text\"><img decoding=\"async\" class=\"alignnone wp-image-7806\" style=\"color: #333333;\" src=\"https:\/\/www.monaxis.lt\/wp-content\/uploads\/2023\/01\/temperature-4.png\" alt=\"\" width=\"23\" height=\"23\"> Maintained temperature<\/span><\/strong><\/div>\n<div class=\"product__parameter__value\"><span class=\"product__parameter__value__text\" style=\"font-size: 75%;\">     <strong>   <span style=\"color: #999999;\">    <\/span><\/strong><\/span><span style=\"color: #999999;\"><strong><span style=\"font-size: 75%;\">(1+ \u00f7 10 \u00b0C)<\/span><\/strong><\/span><\/div>\n<\/div>\n<div>\n<hr>\n<\/div>\n<div>\n<div class=\"product__parameter__name\"><strong><span class=\"product__parameter__name__text\"><img decoding=\"async\" class=\"alignnone wp-image-7807\" src=\"https:\/\/www.monaxis.lt\/wp-content\/uploads\/2023\/01\/refrigerant.png\" alt=\"\" width=\"23\" height=\"23\"> Refrigerant<\/span><\/strong><\/div>\n<div class=\"product__parameter__value\"><span class=\"product__parameter__value__text\" style=\"font-size: 75%;\">       <span style=\"color: #808080;\">  <span style=\"color: #999999;\"><strong>R290<\/strong><\/span><\/span><\/span><\/div>\n<\/div>\n<\/div>\n<div class=\"product__parameter__value\">\n<hr>\n<\/div>\n<p><strong><img decoding=\"async\" class=\"alignnone wp-image-7810\" src=\"https:\/\/www.monaxis.lt\/wp-content\/uploads\/2023\/01\/komplektuojama.png\" alt=\"\" width=\"23\" height=\"23\"> Comes with<\/strong><br \/>\n<strong><span style=\"font-size: 75%; color: #999999;\">  Refrigerated 1-door cupboard<\/span><\/strong><br \/>\n<strong><span style=\"font-size: 75%; color: #999999;\"> Shelves &#8211; 5 pcs<\/span><\/strong><br \/>\n<strong><span style=\"font-size: 75%; color: #999999;\"> Warranty card<\/span><\/strong><br \/>\n<strong><span style=\"font-size: 75%; color: #999999;\"> Proof of purchase &#8211; Receipt \/ FV<\/span><\/strong><\/p>\n","protected":false},"featured_media":20127,"comment_status":"open","ping_status":"closed","template":"","meta":[],"product_brand":[],"product_cat":[138,67],"product_tag":[144,146,143,142,145],"class_list":{"0":"post-20125","1":"product","2":"type-product","3":"status-publish","4":"has-post-thumbnail","6":"product_cat-showcase-refrigerators","7":"product_cat-commercial-refrigeration-equipment-en","8":"product_tag-drinks-fridge","9":"product_tag-fridge","10":"product_tag-refrigerator-with-glass-door","11":"product_tag-showcase-fridge","12":"product_tag-showcase-refrigerators","13":"pa_aukstis-197cm-en","14":"pa_bukle-new-en","15":"pa_ilgis-59cm-en","16":"pa_plotis-59cm-en","17":"pa_talpa-388l-en","18":"pa_temperaturos-diapazonas-c-1c-10c-en","20":"first","21":"instock","22":"taxable","23":"shipping-taxable","24":"purchasable","25":"product-type-simple"},"yoast_head":"<!-- This site is optimized with the Yoast SEO plugin v27.1.1 - https:\/\/yoast.com\/product\/yoast-seo-wordpress\/ -->\n<title>Showcase refrigerators DIEGO i61 | \u0160aldymo \u012franga | Monaxis<\/title>\n<meta name=\"description\" content=\"Bring elegance and modernity to your point of sale. M DIEGO i61 display fridges at affordable prices. Visit Monaxis.lt\" \/>\n<meta name=\"robots\" content=\"index, follow, max-snippet:-1, max-image-preview:large, max-video-preview:-1\" \/>\n<link rel=\"canonical\" href=\"https:\/\/www.monaxis.lt\/en\/parduotuve\/showcase-refrigerator-diego-i61-copy\/\" \/>\n<meta property=\"og:locale\" content=\"en_US\" \/>\n<meta property=\"og:type\" content=\"article\" \/>\n<meta property=\"og:title\" content=\"Showcase refrigerators DIEGO i61 | \u0160aldymo \u012franga | Monaxis\" \/>\n<meta property=\"og:description\" content=\"Bring elegance and modernity to your point of sale. M DIEGO i61 display fridges at affordable prices. Visit Monaxis.lt\" \/>\n<meta property=\"og:url\" content=\"https:\/\/www.monaxis.lt\/en\/parduotuve\/showcase-refrigerator-diego-i61-copy\/\" \/>\n<meta property=\"og:site_name\" content=\"Monaxis\" \/>\n<meta property=\"article:modified_time\" content=\"2026-03-21T11:27:44+00:00\" \/>\n<meta property=\"og:image\" content=\"https:\/\/www.monaxis.lt\/wp-content\/uploads\/2025\/08\/Vitrininis-saldytuvas-DIEGO-i59-388L-1.webp\" \/>\n\t<meta property=\"og:image:width\" content=\"1024\" \/>\n\t<meta property=\"og:image:height\" content=\"1024\" \/>\n\t<meta property=\"og:image:type\" content=\"image\/webp\" \/>\n<meta name=\"twitter:card\" content=\"summary_large_image\" \/>\n<meta name=\"twitter:label1\" content=\"Est. reading time\" \/>\n\t<meta name=\"twitter:data1\" content=\"3 minutes\" \/>\n<script type=\"application\/ld+json\" class=\"yoast-schema-graph\">{\"@context\":\"https:\/\/schema.org\",\"@graph\":[{\"@type\":\"WebPage\",\"@id\":\"https:\/\/www.monaxis.lt\/en\/parduotuve\/showcase-refrigerator-diego-i61-copy\/\",\"url\":\"https:\/\/www.monaxis.lt\/en\/parduotuve\/showcase-refrigerator-diego-i61-copy\/\",\"name\":\"Showcase refrigerators DIEGO i61 | \u0160aldymo \u012franga | Monaxis\",\"isPartOf\":{\"@id\":\"https:\/\/www.monaxis.lt\/en\/#website\"},\"primaryImageOfPage\":{\"@id\":\"https:\/\/www.monaxis.lt\/en\/parduotuve\/showcase-refrigerator-diego-i61-copy\/#primaryimage\"},\"image\":{\"@id\":\"https:\/\/www.monaxis.lt\/en\/parduotuve\/showcase-refrigerator-diego-i61-copy\/#primaryimage\"},\"thumbnailUrl\":\"https:\/\/www.monaxis.lt\/wp-content\/uploads\/2025\/08\/Vitrininis-saldytuvas-DIEGO-i59-388L-1.webp\",\"datePublished\":\"2025-08-13T15:48:30+00:00\",\"dateModified\":\"2026-03-21T11:27:44+00:00\",\"description\":\"Bring elegance and modernity to your point of sale. M DIEGO i61 display fridges at affordable prices. Visit Monaxis.lt\",\"breadcrumb\":{\"@id\":\"https:\/\/www.monaxis.lt\/en\/parduotuve\/showcase-refrigerator-diego-i61-copy\/#breadcrumb\"},\"inLanguage\":\"en-US\",\"potentialAction\":[{\"@type\":\"ReadAction\",\"target\":[\"https:\/\/www.monaxis.lt\/en\/parduotuve\/showcase-refrigerator-diego-i61-copy\/\"]}]},{\"@type\":\"ImageObject\",\"inLanguage\":\"en-US\",\"@id\":\"https:\/\/www.monaxis.lt\/en\/parduotuve\/showcase-refrigerator-diego-i61-copy\/#primaryimage\",\"url\":\"https:\/\/www.monaxis.lt\/wp-content\/uploads\/2025\/08\/Vitrininis-saldytuvas-DIEGO-i59-388L-1.webp\",\"contentUrl\":\"https:\/\/www.monaxis.lt\/wp-content\/uploads\/2025\/08\/Vitrininis-saldytuvas-DIEGO-i59-388L-1.webp\",\"width\":1024,\"height\":1024},{\"@type\":\"BreadcrumbList\",\"@id\":\"https:\/\/www.monaxis.lt\/en\/parduotuve\/showcase-refrigerator-diego-i61-copy\/#breadcrumb\",\"itemListElement\":[{\"@type\":\"ListItem\",\"position\":1,\"name\":\"Pagrindinis\",\"item\":\"https:\/\/www.monaxis.lt\/en\/\"},{\"@type\":\"ListItem\",\"position\":2,\"name\":\"Shop\",\"item\":\"https:\/\/www.monaxis.lt\/en\/shop\/\"},{\"@type\":\"ListItem\",\"position\":3,\"name\":\"Commercial refrigeration equipment\",\"item\":\"https:\/\/www.monaxis.lt\/en\/produkto-kategorija\/commercial-refrigeration-equipment-en\/\"},{\"@type\":\"ListItem\",\"position\":4,\"name\":\"Showcase refrigerators\",\"item\":\"https:\/\/www.monaxis.lt\/en\/produkto-kategorija\/commercial-refrigeration-equipment-en\/showcase-refrigerators\/\"},{\"@type\":\"ListItem\",\"position\":5,\"name\":\"Display refrigerator DIEGO i59 388L\"}]},{\"@type\":\"WebSite\",\"@id\":\"https:\/\/www.monaxis.lt\/en\/#website\",\"url\":\"https:\/\/www.monaxis.lt\/en\/\",\"name\":\"Monaxis\",\"description\":\"Prekybin\u0117, bei \u0161aldymo \u012franga\",\"publisher\":{\"@id\":\"https:\/\/www.monaxis.lt\/en\/#organization\"},\"potentialAction\":[{\"@type\":\"SearchAction\",\"target\":{\"@type\":\"EntryPoint\",\"urlTemplate\":\"https:\/\/www.monaxis.lt\/en\/?s={search_term_string}\"},\"query-input\":{\"@type\":\"PropertyValueSpecification\",\"valueRequired\":true,\"valueName\":\"search_term_string\"}}],\"inLanguage\":\"en-US\"},{\"@type\":\"Organization\",\"@id\":\"https:\/\/www.monaxis.lt\/en\/#organization\",\"name\":\"Monaxis\",\"url\":\"https:\/\/www.monaxis.lt\/en\/\",\"logo\":{\"@type\":\"ImageObject\",\"inLanguage\":\"en-US\",\"@id\":\"https:\/\/www.monaxis.lt\/en\/#\/schema\/logo\/image\/\",\"url\":\"https:\/\/www.monaxis.lt\/wp-content\/uploads\/2023\/03\/logo-1.png\",\"contentUrl\":\"https:\/\/www.monaxis.lt\/wp-content\/uploads\/2023\/03\/logo-1.png\",\"width\":205,\"height\":58,\"caption\":\"Monaxis\"},\"image\":{\"@id\":\"https:\/\/www.monaxis.lt\/en\/#\/schema\/logo\/image\/\"}}]}<\/script>\n<!-- \/ Yoast SEO plugin. -->","yoast_head_json":{"title":"Showcase refrigerators DIEGO i61 | \u0160aldymo \u012franga | Monaxis","description":"Bring elegance and modernity to your point of sale. M DIEGO i61 display fridges at affordable prices. Visit Monaxis.lt","robots":{"index":"index","follow":"follow","max-snippet":"max-snippet:-1","max-image-preview":"max-image-preview:large","max-video-preview":"max-video-preview:-1"},"canonical":"https:\/\/www.monaxis.lt\/en\/parduotuve\/showcase-refrigerator-diego-i61-copy\/","og_locale":"en_US","og_type":"article","og_title":"Showcase refrigerators DIEGO i61 | \u0160aldymo \u012franga | Monaxis","og_description":"Bring elegance and modernity to your point of sale. M DIEGO i61 display fridges at affordable prices. Visit Monaxis.lt","og_url":"https:\/\/www.monaxis.lt\/en\/parduotuve\/showcase-refrigerator-diego-i61-copy\/","og_site_name":"Monaxis","article_modified_time":"2026-03-21T11:27:44+00:00","og_image":[{"width":1024,"height":1024,"url":"https:\/\/www.monaxis.lt\/wp-content\/uploads\/2025\/08\/Vitrininis-saldytuvas-DIEGO-i59-388L-1.webp","type":"image\/webp"}],"twitter_card":"summary_large_image","twitter_misc":{"Est. reading time":"3 minutes"},"schema":{"@context":"https:\/\/schema.org","@graph":[{"@type":"WebPage","@id":"https:\/\/www.monaxis.lt\/en\/parduotuve\/showcase-refrigerator-diego-i61-copy\/","url":"https:\/\/www.monaxis.lt\/en\/parduotuve\/showcase-refrigerator-diego-i61-copy\/","name":"Showcase refrigerators DIEGO i61 | \u0160aldymo \u012franga | Monaxis","isPartOf":{"@id":"https:\/\/www.monaxis.lt\/en\/#website"},"primaryImageOfPage":{"@id":"https:\/\/www.monaxis.lt\/en\/parduotuve\/showcase-refrigerator-diego-i61-copy\/#primaryimage"},"image":{"@id":"https:\/\/www.monaxis.lt\/en\/parduotuve\/showcase-refrigerator-diego-i61-copy\/#primaryimage"},"thumbnailUrl":"https:\/\/www.monaxis.lt\/wp-content\/uploads\/2025\/08\/Vitrininis-saldytuvas-DIEGO-i59-388L-1.webp","datePublished":"2025-08-13T15:48:30+00:00","dateModified":"2026-03-21T11:27:44+00:00","description":"Bring elegance and modernity to your point of sale. M DIEGO i61 display fridges at affordable prices. Visit Monaxis.lt","breadcrumb":{"@id":"https:\/\/www.monaxis.lt\/en\/parduotuve\/showcase-refrigerator-diego-i61-copy\/#breadcrumb"},"inLanguage":"en-US","potentialAction":[{"@type":"ReadAction","target":["https:\/\/www.monaxis.lt\/en\/parduotuve\/showcase-refrigerator-diego-i61-copy\/"]}]},{"@type":"ImageObject","inLanguage":"en-US","@id":"https:\/\/www.monaxis.lt\/en\/parduotuve\/showcase-refrigerator-diego-i61-copy\/#primaryimage","url":"https:\/\/www.monaxis.lt\/wp-content\/uploads\/2025\/08\/Vitrininis-saldytuvas-DIEGO-i59-388L-1.webp","contentUrl":"https:\/\/www.monaxis.lt\/wp-content\/uploads\/2025\/08\/Vitrininis-saldytuvas-DIEGO-i59-388L-1.webp","width":1024,"height":1024},{"@type":"BreadcrumbList","@id":"https:\/\/www.monaxis.lt\/en\/parduotuve\/showcase-refrigerator-diego-i61-copy\/#breadcrumb","itemListElement":[{"@type":"ListItem","position":1,"name":"Pagrindinis","item":"https:\/\/www.monaxis.lt\/en\/"},{"@type":"ListItem","position":2,"name":"Shop","item":"https:\/\/www.monaxis.lt\/en\/shop\/"},{"@type":"ListItem","position":3,"name":"Commercial refrigeration equipment","item":"https:\/\/www.monaxis.lt\/en\/produkto-kategorija\/commercial-refrigeration-equipment-en\/"},{"@type":"ListItem","position":4,"name":"Showcase refrigerators","item":"https:\/\/www.monaxis.lt\/en\/produkto-kategorija\/commercial-refrigeration-equipment-en\/showcase-refrigerators\/"},{"@type":"ListItem","position":5,"name":"Display refrigerator DIEGO i59 388L"}]},{"@type":"WebSite","@id":"https:\/\/www.monaxis.lt\/en\/#website","url":"https:\/\/www.monaxis.lt\/en\/","name":"Monaxis","description":"Prekybin\u0117, bei \u0161aldymo \u012franga","publisher":{"@id":"https:\/\/www.monaxis.lt\/en\/#organization"},"potentialAction":[{"@type":"SearchAction","target":{"@type":"EntryPoint","urlTemplate":"https:\/\/www.monaxis.lt\/en\/?s={search_term_string}"},"query-input":{"@type":"PropertyValueSpecification","valueRequired":true,"valueName":"search_term_string"}}],"inLanguage":"en-US"},{"@type":"Organization","@id":"https:\/\/www.monaxis.lt\/en\/#organization","name":"Monaxis","url":"https:\/\/www.monaxis.lt\/en\/","logo":{"@type":"ImageObject","inLanguage":"en-US","@id":"https:\/\/www.monaxis.lt\/en\/#\/schema\/logo\/image\/","url":"https:\/\/www.monaxis.lt\/wp-content\/uploads\/2023\/03\/logo-1.png","contentUrl":"https:\/\/www.monaxis.lt\/wp-content\/uploads\/2023\/03\/logo-1.png","width":205,"height":58,"caption":"Monaxis"},"image":{"@id":"https:\/\/www.monaxis.lt\/en\/#\/schema\/logo\/image\/"}}]}},"_links":{"self":[{"href":"https:\/\/www.monaxis.lt\/en\/wp-json\/wp\/v2\/product\/20125","targetHints":{"allow":["GET"]}}],"collection":[{"href":"https:\/\/www.monaxis.lt\/en\/wp-json\/wp\/v2\/product"}],"about":[{"href":"https:\/\/www.monaxis.lt\/en\/wp-json\/wp\/v2\/types\/product"}],"replies":[{"embeddable":true,"href":"https:\/\/www.monaxis.lt\/en\/wp-json\/wp\/v2\/comments?post=20125"}],"wp:featuredmedia":[{"embeddable":true,"href":"https:\/\/www.monaxis.lt\/en\/wp-json\/wp\/v2\/media\/20127"}],"wp:attachment":[{"href":"https:\/\/www.monaxis.lt\/en\/wp-json\/wp\/v2\/media?parent=20125"}],"wp:term":[{"taxonomy":"product_brand","embeddable":true,"href":"https:\/\/www.monaxis.lt\/en\/wp-json\/wp\/v2\/product_brand?post=20125"},{"taxonomy":"product_cat","embeddable":true,"href":"https:\/\/www.monaxis.lt\/en\/wp-json\/wp\/v2\/product_cat?post=20125"},{"taxonomy":"product_tag","embeddable":true,"href":"https:\/\/www.monaxis.lt\/en\/wp-json\/wp\/v2\/product_tag?post=20125"}],"curies":[{"name":"wp","href":"https:\/\/api.w.org\/{rel}","templated":true}]}}