{"id":9349,"date":"2023-07-25T15:50:44","date_gmt":"2023-07-25T12:50:44","guid":{"rendered":"https:\/\/www.monaxis.lt\/parduotuve\/bread-shelf-l100-cm\/"},"modified":"2026-03-21T16:12:58","modified_gmt":"2026-03-21T14:12:58","slug":"bread-shelf-l100-cm","status":"publish","type":"product","link":"https:\/\/www.monaxis.lt\/en\/parduotuve\/bread-shelf-l100-cm\/","title":{"rendered":"Bread shelve L100 cm"},"content":{"rendered":"<h3><strong>Bread shelf with glass H-214 cm L-100 cm D-58 cm Oak finish<\/strong><\/h3>\n<p>A <strong>bread shelf<\/strong> is a piece of furniture designed to efficiently display and store bread. It makes <strong>bread, rolls, bars, sweet<\/strong> or <strong>salty snacks<\/strong> clearly visible and looks attractive and fresh. The self-service shelving cabinet is distinguished by its elegance, functionality and sturdy 18 mm laminated panel construction. It features <strong> LED lighting<\/strong> that emphasises the appearance of the bread and encourages customers to buy.<\/p>\n<table>\n<tbody>\n<tr>\n<td>\n<h4><strong>Bread shelf with glass 214x100x58 cm<\/strong><\/h4>\n<p><strong>A closed bakery shelf<\/strong> protects the bread more from dust. The cabinet is packed with many practical and useful solutions that increase ease of use:<\/p>\n<ul>\n<li>Angled <strong>shelves <\/strong> increase the visibility of the bread for customers.<\/li>\n<li><strong>Restrictors<\/strong> prevent the confectionery from falling out.<\/li>\n<li>The <strong>glass <\/strong> protects baked goods from stiffening and contamination.<\/li>\n<li>The <strong>crumb drawer <\/strong> makes it easy to keep clean.<\/li>\n<\/ul>\n<\/td>\n<td><img decoding=\"async\" class=\"aligncenter wp-image-8233 size-medium\" src=\"https:\/\/www.monaxis.lt\/wp-content\/uploads\/2023\/07\/Duonos-lentynos-1-2-300x300.png\" alt=\"\" width=\"300\" height=\"300\" srcset=\"https:\/\/www.monaxis.lt\/wp-content\/uploads\/2023\/07\/Duonos-lentynos-1-2-300x300.png 300w, https:\/\/www.monaxis.lt\/wp-content\/uploads\/2023\/07\/Duonos-lentynos-1-2-150x150.png 150w, https:\/\/www.monaxis.lt\/wp-content\/uploads\/2023\/07\/Duonos-lentynos-1-2-768x768.png 768w, https:\/\/www.monaxis.lt\/wp-content\/uploads\/2023\/07\/Duonos-lentynos-1-2.png 1024w\" sizes=\"(max-width: 300px) 100vw, 300px\" \/><\/td>\n<\/tr>\n<\/tbody>\n<\/table>\n<h4><strong>Bread shelf application<\/strong><\/h4>\n<p>Our 100 cm bread shelf is the perfect solution for both self-service and vendor-managed bread stations. The LED-lit cabinet will increase sales of baked goods <strong>in shops, bakeries<\/strong> and <strong>confectioneries<\/strong>, ensuring <strong>ease of use<\/strong> not only for customers but also for employees. This will have a positive impact on the decor of the room and the presentation of the bread itself.<\/p>\n","protected":false},"excerpt":{"rendered":"<div class=\"product__parameter__value\">\n<p><strong>We accept special orders<\/strong><\/p>\n<p><strong>Click HERE to choose your preferred colour<\/strong><\/p>\n<p><strong> <img decoding=\"async\" id=\"mail-pic\" src=\"https:\/\/monaxis.lt\/wp-content\/uploads\/2022\/12\/Group-162769.png\"> <a href=\"mailto:info@monaxis.lt\">info@monaxis.lt<\/a><br \/>\n<\/strong><\/p>\n<p><img decoding=\"async\" id=\"phone-pic\" src=\"https:\/\/monaxis.lt\/wp-content\/uploads\/2022\/12\/Vector.png\"> <a href=\"tel:+37065020737\">+370 650 20737<\/a><\/p>\n<\/div>\n<div class=\"product__parameter__name\">\n<div>\n<hr>\n<\/div>\n<div>\n<div class=\"product__parameter__value\"><img decoding=\"async\" class=\"alignnone wp-image-8230\" src=\"https:\/\/www.monaxis.lt\/wp-content\/uploads\/2023\/07\/temperature-1.png\" alt=\"\" width=\"28\" height=\"28\"><strong>  Lighting<\/strong><\/div>\n<div><strong>       <span style=\"font-size: 75%; color: #999999;\">  LED<\/span><\/strong><\/div>\n<\/div>\n<\/div>\n","protected":false},"featured_media":9246,"comment_status":"open","ping_status":"closed","template":"","meta":[],"product_brand":[],"product_cat":[127,124],"product_tag":[],"class_list":{"0":"post-9349","1":"product","2":"type-product","3":"status-publish","4":"has-post-thumbnail","6":"product_cat-bread-shelves","7":"product_cat-storage-equipment","9":"first","10":"instock","11":"taxable","12":"shipping-taxable","13":"purchasable","14":"product-type-simple"},"yoast_head":"<!-- This site is optimized with the Yoast SEO plugin v27.1.1 - https:\/\/yoast.com\/product\/yoast-seo-wordpress\/ -->\n<title>Bread shelve L100 cm | Monaxis<\/title>\n<meta name=\"robots\" content=\"index, follow, max-snippet:-1, max-image-preview:large, max-video-preview:-1\" \/>\n<link rel=\"canonical\" href=\"https:\/\/www.monaxis.lt\/en\/parduotuve\/bread-shelf-l100-cm\/\" \/>\n<meta property=\"og:locale\" content=\"en_US\" \/>\n<meta property=\"og:type\" content=\"article\" \/>\n<meta property=\"og:title\" content=\"Bread shelve L100 cm | Monaxis\" \/>\n<meta property=\"og:description\" content=\"We accept special orders Click HERE to choose your preferred colour  info@monaxis.lt  +370 650 20737      Lighting     LED\" \/>\n<meta property=\"og:url\" content=\"https:\/\/www.monaxis.lt\/en\/parduotuve\/bread-shelf-l100-cm\/\" \/>\n<meta property=\"og:site_name\" content=\"Monaxis\" \/>\n<meta property=\"article:modified_time\" content=\"2026-03-21T14:12:58+00:00\" \/>\n<meta property=\"og:image\" content=\"https:\/\/www.monaxis.lt\/wp-content\/uploads\/2023\/07\/Duonos-lentynos-1-2.png\" \/>\n\t<meta property=\"og:image:width\" content=\"1024\" \/>\n\t<meta property=\"og:image:height\" content=\"1024\" \/>\n\t<meta property=\"og:image:type\" content=\"image\/png\" \/>\n<meta name=\"twitter:card\" content=\"summary_large_image\" \/>\n<meta name=\"twitter:label1\" content=\"Est. reading time\" \/>\n\t<meta name=\"twitter:data1\" content=\"1 minute\" \/>\n<script type=\"application\/ld+json\" class=\"yoast-schema-graph\">{\"@context\":\"https:\/\/schema.org\",\"@graph\":[{\"@type\":\"WebPage\",\"@id\":\"https:\/\/www.monaxis.lt\/en\/parduotuve\/bread-shelf-l100-cm\/\",\"url\":\"https:\/\/www.monaxis.lt\/en\/parduotuve\/bread-shelf-l100-cm\/\",\"name\":\"Bread shelve L100 cm | Monaxis\",\"isPartOf\":{\"@id\":\"https:\/\/www.monaxis.lt\/en\/#website\"},\"primaryImageOfPage\":{\"@id\":\"https:\/\/www.monaxis.lt\/en\/parduotuve\/bread-shelf-l100-cm\/#primaryimage\"},\"image\":{\"@id\":\"https:\/\/www.monaxis.lt\/en\/parduotuve\/bread-shelf-l100-cm\/#primaryimage\"},\"thumbnailUrl\":\"https:\/\/www.monaxis.lt\/wp-content\/uploads\/2023\/07\/Duonos-lentynos-1-2.png\",\"datePublished\":\"2023-07-25T12:50:44+00:00\",\"dateModified\":\"2026-03-21T14:12:58+00:00\",\"breadcrumb\":{\"@id\":\"https:\/\/www.monaxis.lt\/en\/parduotuve\/bread-shelf-l100-cm\/#breadcrumb\"},\"inLanguage\":\"en-US\",\"potentialAction\":[{\"@type\":\"ReadAction\",\"target\":[\"https:\/\/www.monaxis.lt\/en\/parduotuve\/bread-shelf-l100-cm\/\"]}]},{\"@type\":\"ImageObject\",\"inLanguage\":\"en-US\",\"@id\":\"https:\/\/www.monaxis.lt\/en\/parduotuve\/bread-shelf-l100-cm\/#primaryimage\",\"url\":\"https:\/\/www.monaxis.lt\/wp-content\/uploads\/2023\/07\/Duonos-lentynos-1-2.png\",\"contentUrl\":\"https:\/\/www.monaxis.lt\/wp-content\/uploads\/2023\/07\/Duonos-lentynos-1-2.png\",\"width\":1024,\"height\":1024},{\"@type\":\"BreadcrumbList\",\"@id\":\"https:\/\/www.monaxis.lt\/en\/parduotuve\/bread-shelf-l100-cm\/#breadcrumb\",\"itemListElement\":[{\"@type\":\"ListItem\",\"position\":1,\"name\":\"Pagrindinis\",\"item\":\"https:\/\/www.monaxis.lt\/en\/\"},{\"@type\":\"ListItem\",\"position\":2,\"name\":\"Shop\",\"item\":\"https:\/\/www.monaxis.lt\/en\/shop\/\"},{\"@type\":\"ListItem\",\"position\":3,\"name\":\"Supermarket equipment\",\"item\":\"https:\/\/www.monaxis.lt\/en\/produkto-kategorija\/supermarket-equipment\/\"},{\"@type\":\"ListItem\",\"position\":4,\"name\":\"Duonos lentynos\",\"item\":\"https:\/\/www.monaxis.lt\/produkto-kategorija\/prekybine-iranga\/duonos-lentynos\/\"},{\"@type\":\"ListItem\",\"position\":5,\"name\":\"Bread shelve L100 cm\"}]},{\"@type\":\"WebSite\",\"@id\":\"https:\/\/www.monaxis.lt\/en\/#website\",\"url\":\"https:\/\/www.monaxis.lt\/en\/\",\"name\":\"Monaxis\",\"description\":\"Prekybin\u0117, bei \u0161aldymo \u012franga\",\"publisher\":{\"@id\":\"https:\/\/www.monaxis.lt\/en\/#organization\"},\"potentialAction\":[{\"@type\":\"SearchAction\",\"target\":{\"@type\":\"EntryPoint\",\"urlTemplate\":\"https:\/\/www.monaxis.lt\/en\/?s={search_term_string}\"},\"query-input\":{\"@type\":\"PropertyValueSpecification\",\"valueRequired\":true,\"valueName\":\"search_term_string\"}}],\"inLanguage\":\"en-US\"},{\"@type\":\"Organization\",\"@id\":\"https:\/\/www.monaxis.lt\/en\/#organization\",\"name\":\"Monaxis\",\"url\":\"https:\/\/www.monaxis.lt\/en\/\",\"logo\":{\"@type\":\"ImageObject\",\"inLanguage\":\"en-US\",\"@id\":\"https:\/\/www.monaxis.lt\/en\/#\/schema\/logo\/image\/\",\"url\":\"https:\/\/www.monaxis.lt\/wp-content\/uploads\/2023\/03\/logo-1.png\",\"contentUrl\":\"https:\/\/www.monaxis.lt\/wp-content\/uploads\/2023\/03\/logo-1.png\",\"width\":205,\"height\":58,\"caption\":\"Monaxis\"},\"image\":{\"@id\":\"https:\/\/www.monaxis.lt\/en\/#\/schema\/logo\/image\/\"}}]}<\/script>\n<!-- \/ Yoast SEO plugin. -->","yoast_head_json":{"title":"Bread shelve L100 cm | Monaxis","robots":{"index":"index","follow":"follow","max-snippet":"max-snippet:-1","max-image-preview":"max-image-preview:large","max-video-preview":"max-video-preview:-1"},"canonical":"https:\/\/www.monaxis.lt\/en\/parduotuve\/bread-shelf-l100-cm\/","og_locale":"en_US","og_type":"article","og_title":"Bread shelve L100 cm | Monaxis","og_description":"We accept special orders Click HERE to choose your preferred colour  info@monaxis.lt  +370 650 20737      Lighting     LED","og_url":"https:\/\/www.monaxis.lt\/en\/parduotuve\/bread-shelf-l100-cm\/","og_site_name":"Monaxis","article_modified_time":"2026-03-21T14:12:58+00:00","og_image":[{"width":1024,"height":1024,"url":"https:\/\/www.monaxis.lt\/wp-content\/uploads\/2023\/07\/Duonos-lentynos-1-2.png","type":"image\/png"}],"twitter_card":"summary_large_image","twitter_misc":{"Est. reading time":"1 minute"},"schema":{"@context":"https:\/\/schema.org","@graph":[{"@type":"WebPage","@id":"https:\/\/www.monaxis.lt\/en\/parduotuve\/bread-shelf-l100-cm\/","url":"https:\/\/www.monaxis.lt\/en\/parduotuve\/bread-shelf-l100-cm\/","name":"Bread shelve L100 cm | Monaxis","isPartOf":{"@id":"https:\/\/www.monaxis.lt\/en\/#website"},"primaryImageOfPage":{"@id":"https:\/\/www.monaxis.lt\/en\/parduotuve\/bread-shelf-l100-cm\/#primaryimage"},"image":{"@id":"https:\/\/www.monaxis.lt\/en\/parduotuve\/bread-shelf-l100-cm\/#primaryimage"},"thumbnailUrl":"https:\/\/www.monaxis.lt\/wp-content\/uploads\/2023\/07\/Duonos-lentynos-1-2.png","datePublished":"2023-07-25T12:50:44+00:00","dateModified":"2026-03-21T14:12:58+00:00","breadcrumb":{"@id":"https:\/\/www.monaxis.lt\/en\/parduotuve\/bread-shelf-l100-cm\/#breadcrumb"},"inLanguage":"en-US","potentialAction":[{"@type":"ReadAction","target":["https:\/\/www.monaxis.lt\/en\/parduotuve\/bread-shelf-l100-cm\/"]}]},{"@type":"ImageObject","inLanguage":"en-US","@id":"https:\/\/www.monaxis.lt\/en\/parduotuve\/bread-shelf-l100-cm\/#primaryimage","url":"https:\/\/www.monaxis.lt\/wp-content\/uploads\/2023\/07\/Duonos-lentynos-1-2.png","contentUrl":"https:\/\/www.monaxis.lt\/wp-content\/uploads\/2023\/07\/Duonos-lentynos-1-2.png","width":1024,"height":1024},{"@type":"BreadcrumbList","@id":"https:\/\/www.monaxis.lt\/en\/parduotuve\/bread-shelf-l100-cm\/#breadcrumb","itemListElement":[{"@type":"ListItem","position":1,"name":"Pagrindinis","item":"https:\/\/www.monaxis.lt\/en\/"},{"@type":"ListItem","position":2,"name":"Shop","item":"https:\/\/www.monaxis.lt\/en\/shop\/"},{"@type":"ListItem","position":3,"name":"Supermarket equipment","item":"https:\/\/www.monaxis.lt\/en\/produkto-kategorija\/supermarket-equipment\/"},{"@type":"ListItem","position":4,"name":"Duonos lentynos","item":"https:\/\/www.monaxis.lt\/produkto-kategorija\/prekybine-iranga\/duonos-lentynos\/"},{"@type":"ListItem","position":5,"name":"Bread shelve L100 cm"}]},{"@type":"WebSite","@id":"https:\/\/www.monaxis.lt\/en\/#website","url":"https:\/\/www.monaxis.lt\/en\/","name":"Monaxis","description":"Prekybin\u0117, bei \u0161aldymo \u012franga","publisher":{"@id":"https:\/\/www.monaxis.lt\/en\/#organization"},"potentialAction":[{"@type":"SearchAction","target":{"@type":"EntryPoint","urlTemplate":"https:\/\/www.monaxis.lt\/en\/?s={search_term_string}"},"query-input":{"@type":"PropertyValueSpecification","valueRequired":true,"valueName":"search_term_string"}}],"inLanguage":"en-US"},{"@type":"Organization","@id":"https:\/\/www.monaxis.lt\/en\/#organization","name":"Monaxis","url":"https:\/\/www.monaxis.lt\/en\/","logo":{"@type":"ImageObject","inLanguage":"en-US","@id":"https:\/\/www.monaxis.lt\/en\/#\/schema\/logo\/image\/","url":"https:\/\/www.monaxis.lt\/wp-content\/uploads\/2023\/03\/logo-1.png","contentUrl":"https:\/\/www.monaxis.lt\/wp-content\/uploads\/2023\/03\/logo-1.png","width":205,"height":58,"caption":"Monaxis"},"image":{"@id":"https:\/\/www.monaxis.lt\/en\/#\/schema\/logo\/image\/"}}]}},"_links":{"self":[{"href":"https:\/\/www.monaxis.lt\/en\/wp-json\/wp\/v2\/product\/9349","targetHints":{"allow":["GET"]}}],"collection":[{"href":"https:\/\/www.monaxis.lt\/en\/wp-json\/wp\/v2\/product"}],"about":[{"href":"https:\/\/www.monaxis.lt\/en\/wp-json\/wp\/v2\/types\/product"}],"replies":[{"embeddable":true,"href":"https:\/\/www.monaxis.lt\/en\/wp-json\/wp\/v2\/comments?post=9349"}],"wp:featuredmedia":[{"embeddable":true,"href":"https:\/\/www.monaxis.lt\/en\/wp-json\/wp\/v2\/media\/9246"}],"wp:attachment":[{"href":"https:\/\/www.monaxis.lt\/en\/wp-json\/wp\/v2\/media?parent=9349"}],"wp:term":[{"taxonomy":"product_brand","embeddable":true,"href":"https:\/\/www.monaxis.lt\/en\/wp-json\/wp\/v2\/product_brand?post=9349"},{"taxonomy":"product_cat","embeddable":true,"href":"https:\/\/www.monaxis.lt\/en\/wp-json\/wp\/v2\/product_cat?post=9349"},{"taxonomy":"product_tag","embeddable":true,"href":"https:\/\/www.monaxis.lt\/en\/wp-json\/wp\/v2\/product_tag?post=9349"}],"curies":[{"name":"wp","href":"https:\/\/api.w.org\/{rel}","templated":true}]}}