{"id":9352,"date":"2023-07-25T15:39:12","date_gmt":"2023-07-25T12:39:12","guid":{"rendered":"https:\/\/www.monaxis.lt\/parduotuve\/bread-shelf-l100-cm-2\/"},"modified":"2026-03-21T16:13:02","modified_gmt":"2026-03-21T14:13:02","slug":"bread-shelf-l100-cm-2","status":"publish","type":"product","link":"https:\/\/www.monaxis.lt\/en\/parduotuve\/bread-shelf-l100-cm-2\/","title":{"rendered":"Bread shelve L100 cm"},"content":{"rendered":"<h3><strong>Open bread shelf H-214 cm L-100 cm D-58 cm  <\/strong><\/h3>\n<p>The self-service bread shelf is a high-quality piece of furniture for displaying bread, rolls, sweet or savoury snacks. The bread shelf is distinguished by its extraordinary elegance, functionality and sturdy 18 mm laminated panel frame. It has LED lighting which attractively enhances the appearance of the products on display. So it encourages customer purchases.<\/p>\n<table>\n<tbody>\n<tr>\n<td>\n<h2><strong>Open bread shelf 214x100x58 cm<\/strong><\/h2>\n<p>An <strong>open shelf<\/strong> for bread allows easy access to products for both staff and customers. Goods are placed on wooden <strong>shelves with a drop-out stop<\/strong>. The shelf has a bottom <strong>drawer for storing crumbs <\/strong>, which makes cleaning easier.<\/td>\n<td><img decoding=\"async\" class=\"aligncenter wp-image-8218 size-medium\" src=\"https:\/\/www.monaxis.lt\/wp-content\/uploads\/2023\/07\/langeliui-2-300x300.png\" alt=\"\" width=\"300\" height=\"300\" srcset=\"https:\/\/www.monaxis.lt\/wp-content\/uploads\/2023\/07\/langeliui-2-300x300.png 300w, https:\/\/www.monaxis.lt\/wp-content\/uploads\/2023\/07\/langeliui-2-150x150.png 150w, https:\/\/www.monaxis.lt\/wp-content\/uploads\/2023\/07\/langeliui-2-768x768.png 768w, https:\/\/www.monaxis.lt\/wp-content\/uploads\/2023\/07\/langeliui-2.png 1024w\" sizes=\"(max-width: 300px) 100vw, 300px\" \/><\/td>\n<\/tr>\n<\/tbody>\n<\/table>\n<h2><strong>Why choose our bakery shelf?<\/strong><\/h2>\n<p>The racking we offer is extremely reliable. Made with attention to detail. Easy to keep clean. The LED-lit bread cabinet is very elegant and modern and will not only be practical but also decorative.<\/p>\n","protected":false},"excerpt":{"rendered":"<div class=\"product__parameter__name\">\n<div>\n<p><strong>We accept special orders<\/strong><\/p>\n<p><strong>Click HERE to choose your preferred colour<\/strong><\/p>\n<p><strong> <img decoding=\"async\" id=\"mail-pic\" src=\"https:\/\/monaxis.lt\/wp-content\/uploads\/2022\/12\/Group-162769.png\"> <a href=\"mailto:info@monaxis.lt\">info@monaxis.lt<\/a><br \/>\n<\/strong><\/p>\n<p><img decoding=\"async\" id=\"phone-pic\" src=\"https:\/\/monaxis.lt\/wp-content\/uploads\/2022\/12\/Vector.png\"> <a href=\"tel:+37065020737\">+370 650 20737<\/a><\/p>\n<hr>\n<\/div>\n<div>\n<div class=\"product__parameter__value\"><img decoding=\"async\" class=\"alignnone wp-image-8230\" src=\"https:\/\/www.monaxis.lt\/wp-content\/uploads\/2023\/07\/temperature-1.png\" alt=\"\" width=\"28\" height=\"28\"><strong>  Lighting<\/strong><\/div>\n<div><strong>       <span style=\"font-size: 75%; color: #999999;\">  LED<\/span><\/strong><\/div>\n<\/div>\n<\/div>\n","protected":false},"featured_media":9237,"comment_status":"open","ping_status":"closed","template":"","meta":[],"product_brand":[],"product_cat":[127,124],"product_tag":[],"class_list":{"0":"post-9352","1":"product","2":"type-product","3":"status-publish","4":"has-post-thumbnail","6":"product_cat-bread-shelves","7":"product_cat-storage-equipment","9":"first","10":"onbackorder","11":"taxable","12":"shipping-taxable","13":"product-type-simple"},"yoast_head":"<!-- This site is optimized with the Yoast SEO plugin v27.1.1 - https:\/\/yoast.com\/product\/yoast-seo-wordpress\/ -->\n<title>Bread shelve L100 cm | Monaxis<\/title>\n<meta name=\"robots\" content=\"index, follow, max-snippet:-1, max-image-preview:large, max-video-preview:-1\" \/>\n<link rel=\"canonical\" href=\"https:\/\/www.monaxis.lt\/en\/parduotuve\/bread-shelf-l100-cm-2\/\" \/>\n<meta property=\"og:locale\" content=\"en_US\" \/>\n<meta property=\"og:type\" content=\"article\" \/>\n<meta property=\"og:title\" content=\"Bread shelve L100 cm | Monaxis\" \/>\n<meta property=\"og:description\" content=\"We accept special orders Click HERE to choose your preferred colour  info@monaxis.lt  +370 650 20737    Lighting     LED\" \/>\n<meta property=\"og:url\" content=\"https:\/\/www.monaxis.lt\/en\/parduotuve\/bread-shelf-l100-cm-2\/\" \/>\n<meta property=\"og:site_name\" content=\"Monaxis\" \/>\n<meta property=\"article:modified_time\" content=\"2026-03-21T14:13:02+00:00\" \/>\n<meta property=\"og:image\" content=\"https:\/\/www.monaxis.lt\/wp-content\/uploads\/2023\/07\/langeliui-2.png\" \/>\n\t<meta property=\"og:image:width\" content=\"1024\" \/>\n\t<meta property=\"og:image:height\" content=\"1024\" \/>\n\t<meta property=\"og:image:type\" content=\"image\/png\" \/>\n<meta name=\"twitter:card\" content=\"summary_large_image\" \/>\n<meta name=\"twitter:label1\" content=\"Est. reading time\" \/>\n\t<meta name=\"twitter:data1\" content=\"1 minute\" \/>\n<script type=\"application\/ld+json\" class=\"yoast-schema-graph\">{\"@context\":\"https:\/\/schema.org\",\"@graph\":[{\"@type\":\"WebPage\",\"@id\":\"https:\/\/www.monaxis.lt\/en\/parduotuve\/bread-shelf-l100-cm-2\/\",\"url\":\"https:\/\/www.monaxis.lt\/en\/parduotuve\/bread-shelf-l100-cm-2\/\",\"name\":\"Bread shelve L100 cm | Monaxis\",\"isPartOf\":{\"@id\":\"https:\/\/www.monaxis.lt\/en\/#website\"},\"primaryImageOfPage\":{\"@id\":\"https:\/\/www.monaxis.lt\/en\/parduotuve\/bread-shelf-l100-cm-2\/#primaryimage\"},\"image\":{\"@id\":\"https:\/\/www.monaxis.lt\/en\/parduotuve\/bread-shelf-l100-cm-2\/#primaryimage\"},\"thumbnailUrl\":\"https:\/\/www.monaxis.lt\/wp-content\/uploads\/2023\/07\/langeliui-2.png\",\"datePublished\":\"2023-07-25T12:39:12+00:00\",\"dateModified\":\"2026-03-21T14:13:02+00:00\",\"breadcrumb\":{\"@id\":\"https:\/\/www.monaxis.lt\/en\/parduotuve\/bread-shelf-l100-cm-2\/#breadcrumb\"},\"inLanguage\":\"en-US\",\"potentialAction\":[{\"@type\":\"ReadAction\",\"target\":[\"https:\/\/www.monaxis.lt\/en\/parduotuve\/bread-shelf-l100-cm-2\/\"]}]},{\"@type\":\"ImageObject\",\"inLanguage\":\"en-US\",\"@id\":\"https:\/\/www.monaxis.lt\/en\/parduotuve\/bread-shelf-l100-cm-2\/#primaryimage\",\"url\":\"https:\/\/www.monaxis.lt\/wp-content\/uploads\/2023\/07\/langeliui-2.png\",\"contentUrl\":\"https:\/\/www.monaxis.lt\/wp-content\/uploads\/2023\/07\/langeliui-2.png\",\"width\":1024,\"height\":1024},{\"@type\":\"BreadcrumbList\",\"@id\":\"https:\/\/www.monaxis.lt\/en\/parduotuve\/bread-shelf-l100-cm-2\/#breadcrumb\",\"itemListElement\":[{\"@type\":\"ListItem\",\"position\":1,\"name\":\"Pagrindinis\",\"item\":\"https:\/\/www.monaxis.lt\/en\/\"},{\"@type\":\"ListItem\",\"position\":2,\"name\":\"Shop\",\"item\":\"https:\/\/www.monaxis.lt\/en\/shop\/\"},{\"@type\":\"ListItem\",\"position\":3,\"name\":\"Supermarket equipment\",\"item\":\"https:\/\/www.monaxis.lt\/en\/produkto-kategorija\/supermarket-equipment\/\"},{\"@type\":\"ListItem\",\"position\":4,\"name\":\"Duonos lentynos\",\"item\":\"https:\/\/www.monaxis.lt\/produkto-kategorija\/prekybine-iranga\/duonos-lentynos\/\"},{\"@type\":\"ListItem\",\"position\":5,\"name\":\"Bread shelve L100 cm\"}]},{\"@type\":\"WebSite\",\"@id\":\"https:\/\/www.monaxis.lt\/en\/#website\",\"url\":\"https:\/\/www.monaxis.lt\/en\/\",\"name\":\"Monaxis\",\"description\":\"Prekybin\u0117, bei \u0161aldymo \u012franga\",\"publisher\":{\"@id\":\"https:\/\/www.monaxis.lt\/en\/#organization\"},\"potentialAction\":[{\"@type\":\"SearchAction\",\"target\":{\"@type\":\"EntryPoint\",\"urlTemplate\":\"https:\/\/www.monaxis.lt\/en\/?s={search_term_string}\"},\"query-input\":{\"@type\":\"PropertyValueSpecification\",\"valueRequired\":true,\"valueName\":\"search_term_string\"}}],\"inLanguage\":\"en-US\"},{\"@type\":\"Organization\",\"@id\":\"https:\/\/www.monaxis.lt\/en\/#organization\",\"name\":\"Monaxis\",\"url\":\"https:\/\/www.monaxis.lt\/en\/\",\"logo\":{\"@type\":\"ImageObject\",\"inLanguage\":\"en-US\",\"@id\":\"https:\/\/www.monaxis.lt\/en\/#\/schema\/logo\/image\/\",\"url\":\"https:\/\/www.monaxis.lt\/wp-content\/uploads\/2023\/03\/logo-1.png\",\"contentUrl\":\"https:\/\/www.monaxis.lt\/wp-content\/uploads\/2023\/03\/logo-1.png\",\"width\":205,\"height\":58,\"caption\":\"Monaxis\"},\"image\":{\"@id\":\"https:\/\/www.monaxis.lt\/en\/#\/schema\/logo\/image\/\"}}]}<\/script>\n<!-- \/ Yoast SEO plugin. -->","yoast_head_json":{"title":"Bread shelve L100 cm | Monaxis","robots":{"index":"index","follow":"follow","max-snippet":"max-snippet:-1","max-image-preview":"max-image-preview:large","max-video-preview":"max-video-preview:-1"},"canonical":"https:\/\/www.monaxis.lt\/en\/parduotuve\/bread-shelf-l100-cm-2\/","og_locale":"en_US","og_type":"article","og_title":"Bread shelve L100 cm | Monaxis","og_description":"We accept special orders Click HERE to choose your preferred colour  info@monaxis.lt  +370 650 20737    Lighting     LED","og_url":"https:\/\/www.monaxis.lt\/en\/parduotuve\/bread-shelf-l100-cm-2\/","og_site_name":"Monaxis","article_modified_time":"2026-03-21T14:13:02+00:00","og_image":[{"width":1024,"height":1024,"url":"https:\/\/www.monaxis.lt\/wp-content\/uploads\/2023\/07\/langeliui-2.png","type":"image\/png"}],"twitter_card":"summary_large_image","twitter_misc":{"Est. reading time":"1 minute"},"schema":{"@context":"https:\/\/schema.org","@graph":[{"@type":"WebPage","@id":"https:\/\/www.monaxis.lt\/en\/parduotuve\/bread-shelf-l100-cm-2\/","url":"https:\/\/www.monaxis.lt\/en\/parduotuve\/bread-shelf-l100-cm-2\/","name":"Bread shelve L100 cm | Monaxis","isPartOf":{"@id":"https:\/\/www.monaxis.lt\/en\/#website"},"primaryImageOfPage":{"@id":"https:\/\/www.monaxis.lt\/en\/parduotuve\/bread-shelf-l100-cm-2\/#primaryimage"},"image":{"@id":"https:\/\/www.monaxis.lt\/en\/parduotuve\/bread-shelf-l100-cm-2\/#primaryimage"},"thumbnailUrl":"https:\/\/www.monaxis.lt\/wp-content\/uploads\/2023\/07\/langeliui-2.png","datePublished":"2023-07-25T12:39:12+00:00","dateModified":"2026-03-21T14:13:02+00:00","breadcrumb":{"@id":"https:\/\/www.monaxis.lt\/en\/parduotuve\/bread-shelf-l100-cm-2\/#breadcrumb"},"inLanguage":"en-US","potentialAction":[{"@type":"ReadAction","target":["https:\/\/www.monaxis.lt\/en\/parduotuve\/bread-shelf-l100-cm-2\/"]}]},{"@type":"ImageObject","inLanguage":"en-US","@id":"https:\/\/www.monaxis.lt\/en\/parduotuve\/bread-shelf-l100-cm-2\/#primaryimage","url":"https:\/\/www.monaxis.lt\/wp-content\/uploads\/2023\/07\/langeliui-2.png","contentUrl":"https:\/\/www.monaxis.lt\/wp-content\/uploads\/2023\/07\/langeliui-2.png","width":1024,"height":1024},{"@type":"BreadcrumbList","@id":"https:\/\/www.monaxis.lt\/en\/parduotuve\/bread-shelf-l100-cm-2\/#breadcrumb","itemListElement":[{"@type":"ListItem","position":1,"name":"Pagrindinis","item":"https:\/\/www.monaxis.lt\/en\/"},{"@type":"ListItem","position":2,"name":"Shop","item":"https:\/\/www.monaxis.lt\/en\/shop\/"},{"@type":"ListItem","position":3,"name":"Supermarket equipment","item":"https:\/\/www.monaxis.lt\/en\/produkto-kategorija\/supermarket-equipment\/"},{"@type":"ListItem","position":4,"name":"Duonos lentynos","item":"https:\/\/www.monaxis.lt\/produkto-kategorija\/prekybine-iranga\/duonos-lentynos\/"},{"@type":"ListItem","position":5,"name":"Bread shelve L100 cm"}]},{"@type":"WebSite","@id":"https:\/\/www.monaxis.lt\/en\/#website","url":"https:\/\/www.monaxis.lt\/en\/","name":"Monaxis","description":"Prekybin\u0117, bei \u0161aldymo \u012franga","publisher":{"@id":"https:\/\/www.monaxis.lt\/en\/#organization"},"potentialAction":[{"@type":"SearchAction","target":{"@type":"EntryPoint","urlTemplate":"https:\/\/www.monaxis.lt\/en\/?s={search_term_string}"},"query-input":{"@type":"PropertyValueSpecification","valueRequired":true,"valueName":"search_term_string"}}],"inLanguage":"en-US"},{"@type":"Organization","@id":"https:\/\/www.monaxis.lt\/en\/#organization","name":"Monaxis","url":"https:\/\/www.monaxis.lt\/en\/","logo":{"@type":"ImageObject","inLanguage":"en-US","@id":"https:\/\/www.monaxis.lt\/en\/#\/schema\/logo\/image\/","url":"https:\/\/www.monaxis.lt\/wp-content\/uploads\/2023\/03\/logo-1.png","contentUrl":"https:\/\/www.monaxis.lt\/wp-content\/uploads\/2023\/03\/logo-1.png","width":205,"height":58,"caption":"Monaxis"},"image":{"@id":"https:\/\/www.monaxis.lt\/en\/#\/schema\/logo\/image\/"}}]}},"_links":{"self":[{"href":"https:\/\/www.monaxis.lt\/en\/wp-json\/wp\/v2\/product\/9352","targetHints":{"allow":["GET"]}}],"collection":[{"href":"https:\/\/www.monaxis.lt\/en\/wp-json\/wp\/v2\/product"}],"about":[{"href":"https:\/\/www.monaxis.lt\/en\/wp-json\/wp\/v2\/types\/product"}],"replies":[{"embeddable":true,"href":"https:\/\/www.monaxis.lt\/en\/wp-json\/wp\/v2\/comments?post=9352"}],"wp:featuredmedia":[{"embeddable":true,"href":"https:\/\/www.monaxis.lt\/en\/wp-json\/wp\/v2\/media\/9237"}],"wp:attachment":[{"href":"https:\/\/www.monaxis.lt\/en\/wp-json\/wp\/v2\/media?parent=9352"}],"wp:term":[{"taxonomy":"product_brand","embeddable":true,"href":"https:\/\/www.monaxis.lt\/en\/wp-json\/wp\/v2\/product_brand?post=9352"},{"taxonomy":"product_cat","embeddable":true,"href":"https:\/\/www.monaxis.lt\/en\/wp-json\/wp\/v2\/product_cat?post=9352"},{"taxonomy":"product_tag","embeddable":true,"href":"https:\/\/www.monaxis.lt\/en\/wp-json\/wp\/v2\/product_tag?post=9352"}],"curies":[{"name":"wp","href":"https:\/\/api.w.org\/{rel}","templated":true}]}}