{"id":9357,"date":"2023-07-25T16:18:17","date_gmt":"2023-07-25T13:18:17","guid":{"rendered":"https:\/\/www.monaxis.lt\/parduotuve\/accessory-module-for-bread-shelves-l45-cm\/"},"modified":"2026-03-21T16:13:01","modified_gmt":"2026-03-21T14:13:01","slug":"accessory-module-for-bread-shelves-l45-cm","status":"publish","type":"product","link":"https:\/\/www.monaxis.lt\/en\/parduotuve\/accessory-module-for-bread-shelves-l45-cm\/","title":{"rendered":"Accessory module for bread shelves L45 cm"},"content":{"rendered":"<h1><strong>Accessory shelf H-214 cm L-45 cm D-58 cm<\/strong><\/h1>\n<p>The <strong>Accessory Module<\/strong> is a high-quality piece of furniture that will fit perfectly in a row of cooking racks. <strong>It will make it easier for customers to buy bread. <\/strong>It will keep plastic bags, gloves or paper bags always within reach. It will also make <strong> it easier to keep the<\/strong> bakery station <strong> tidy<\/strong>, and will give shoppers a suitable place to dispose of disposable extras. The accessory shelf is characterised by its extraordinary elegance, functionality and the robust performance of the 18 mm laminated board.<\/p>\n<table>\n<tbody>\n<tr>\n<td>\n<h2><strong>Accessory shelf, bread shelf line 214x45x58 cm<\/strong><\/h2>\n<p>The accessory module has space for a bag with a stainless steel flap. This will make it easier to dispose of used plastic bags or disposable gloves. 2 shelves allow you to store the accessories you need when buying bread. Packages or gloves placed on the stand will be easily visible.<\/td>\n<td><strong><img decoding=\"async\" class=\"wp-image-8242 size-medium aligncenter\" src=\"https:\/\/www.monaxis.lt\/wp-content\/uploads\/2023\/07\/Lentynu-modulis-1-300x300.png\" alt=\"\" width=\"300\" height=\"300\" srcset=\"https:\/\/www.monaxis.lt\/wp-content\/uploads\/2023\/07\/Lentynu-modulis-1-300x300.png 300w, https:\/\/www.monaxis.lt\/wp-content\/uploads\/2023\/07\/Lentynu-modulis-1-150x150.png 150w, https:\/\/www.monaxis.lt\/wp-content\/uploads\/2023\/07\/Lentynu-modulis-1-768x768.png 768w, https:\/\/www.monaxis.lt\/wp-content\/uploads\/2023\/07\/Lentynu-modulis-1.png 1024w\" sizes=\"(max-width: 300px) 100vw, 300px\" \/><\/strong><\/td>\n<\/tr>\n<\/tbody>\n<\/table>\n<h2><strong>Why add an accessory module to your bread shelf line?<\/strong><\/h2>\n<p>If you have a self-service bakery station in your shop, bakery or patisserie, or are thinking of setting one up, it&#8217;s a good idea to install a shelf for accessories. This will help customers choose and buy bread, thus increasing the comfort of the service.<\/p>\n","protected":false},"excerpt":{"rendered":"<div class=\"product__parameter__name\">\n<p><strong>We accept special orders<\/strong><\/p>\n<p><strong>Click HERE to choose your preferred colour<\/strong><\/p>\n<p><strong> <img decoding=\"async\" id=\"mail-pic\" src=\"https:\/\/monaxis.lt\/wp-content\/uploads\/2022\/12\/Group-162769.png\"> <a href=\"mailto:info@monaxis.lt\">info@monaxis.lt<\/a><br \/>\n<\/strong><\/p>\n<p><img decoding=\"async\" id=\"phone-pic\" src=\"https:\/\/monaxis.lt\/wp-content\/uploads\/2022\/12\/Vector.png\"> <a href=\"tel:+37065020737\">+370 650 20737<\/a><\/p>\n<\/div>\n","protected":false},"featured_media":9252,"comment_status":"open","ping_status":"closed","template":"","meta":[],"product_brand":[],"product_cat":[127,124],"product_tag":[],"class_list":{"0":"post-9357","1":"product","2":"type-product","3":"status-publish","4":"has-post-thumbnail","6":"product_cat-bread-shelves","7":"product_cat-storage-equipment","9":"first","10":"instock","11":"taxable","12":"shipping-taxable","13":"purchasable","14":"product-type-simple"},"yoast_head":"<!-- This site is optimized with the Yoast SEO plugin v27.1.1 - https:\/\/yoast.com\/product\/yoast-seo-wordpress\/ -->\n<title>Accessory module for bread shelves L45 cm | Monaxis<\/title>\n<meta name=\"robots\" content=\"index, follow, max-snippet:-1, max-image-preview:large, max-video-preview:-1\" \/>\n<link rel=\"canonical\" href=\"https:\/\/www.monaxis.lt\/en\/parduotuve\/accessory-module-for-bread-shelves-l45-cm\/\" \/>\n<meta property=\"og:locale\" content=\"en_US\" \/>\n<meta property=\"og:type\" content=\"article\" \/>\n<meta property=\"og:title\" content=\"Accessory module for bread shelves L45 cm | Monaxis\" \/>\n<meta property=\"og:description\" content=\"We accept special orders Click HERE to choose your preferred colour  info@monaxis.lt  +370 650 20737\" \/>\n<meta property=\"og:url\" content=\"https:\/\/www.monaxis.lt\/en\/parduotuve\/accessory-module-for-bread-shelves-l45-cm\/\" \/>\n<meta property=\"og:site_name\" content=\"Monaxis\" \/>\n<meta property=\"article:modified_time\" content=\"2026-03-21T14:13:01+00:00\" \/>\n<meta property=\"og:image\" content=\"https:\/\/www.monaxis.lt\/wp-content\/uploads\/2023\/07\/Lentynu-modulis-1.png\" \/>\n\t<meta property=\"og:image:width\" content=\"1024\" \/>\n\t<meta property=\"og:image:height\" content=\"1024\" \/>\n\t<meta property=\"og:image:type\" content=\"image\/png\" \/>\n<meta name=\"twitter:card\" content=\"summary_large_image\" \/>\n<meta name=\"twitter:label1\" content=\"Est. reading time\" \/>\n\t<meta name=\"twitter:data1\" content=\"1 minute\" \/>\n<script type=\"application\/ld+json\" class=\"yoast-schema-graph\">{\"@context\":\"https:\/\/schema.org\",\"@graph\":[{\"@type\":\"WebPage\",\"@id\":\"https:\/\/www.monaxis.lt\/en\/parduotuve\/accessory-module-for-bread-shelves-l45-cm\/\",\"url\":\"https:\/\/www.monaxis.lt\/en\/parduotuve\/accessory-module-for-bread-shelves-l45-cm\/\",\"name\":\"Accessory module for bread shelves L45 cm | Monaxis\",\"isPartOf\":{\"@id\":\"https:\/\/www.monaxis.lt\/en\/#website\"},\"primaryImageOfPage\":{\"@id\":\"https:\/\/www.monaxis.lt\/en\/parduotuve\/accessory-module-for-bread-shelves-l45-cm\/#primaryimage\"},\"image\":{\"@id\":\"https:\/\/www.monaxis.lt\/en\/parduotuve\/accessory-module-for-bread-shelves-l45-cm\/#primaryimage\"},\"thumbnailUrl\":\"https:\/\/www.monaxis.lt\/wp-content\/uploads\/2023\/07\/Lentynu-modulis-1.png\",\"datePublished\":\"2023-07-25T13:18:17+00:00\",\"dateModified\":\"2026-03-21T14:13:01+00:00\",\"breadcrumb\":{\"@id\":\"https:\/\/www.monaxis.lt\/en\/parduotuve\/accessory-module-for-bread-shelves-l45-cm\/#breadcrumb\"},\"inLanguage\":\"en-US\",\"potentialAction\":[{\"@type\":\"ReadAction\",\"target\":[\"https:\/\/www.monaxis.lt\/en\/parduotuve\/accessory-module-for-bread-shelves-l45-cm\/\"]}]},{\"@type\":\"ImageObject\",\"inLanguage\":\"en-US\",\"@id\":\"https:\/\/www.monaxis.lt\/en\/parduotuve\/accessory-module-for-bread-shelves-l45-cm\/#primaryimage\",\"url\":\"https:\/\/www.monaxis.lt\/wp-content\/uploads\/2023\/07\/Lentynu-modulis-1.png\",\"contentUrl\":\"https:\/\/www.monaxis.lt\/wp-content\/uploads\/2023\/07\/Lentynu-modulis-1.png\",\"width\":1024,\"height\":1024},{\"@type\":\"BreadcrumbList\",\"@id\":\"https:\/\/www.monaxis.lt\/en\/parduotuve\/accessory-module-for-bread-shelves-l45-cm\/#breadcrumb\",\"itemListElement\":[{\"@type\":\"ListItem\",\"position\":1,\"name\":\"Pagrindinis\",\"item\":\"https:\/\/www.monaxis.lt\/en\/\"},{\"@type\":\"ListItem\",\"position\":2,\"name\":\"Shop\",\"item\":\"https:\/\/www.monaxis.lt\/en\/shop\/\"},{\"@type\":\"ListItem\",\"position\":3,\"name\":\"Supermarket equipment\",\"item\":\"https:\/\/www.monaxis.lt\/en\/produkto-kategorija\/supermarket-equipment\/\"},{\"@type\":\"ListItem\",\"position\":4,\"name\":\"Duonos lentynos\",\"item\":\"https:\/\/www.monaxis.lt\/produkto-kategorija\/prekybine-iranga\/duonos-lentynos\/\"},{\"@type\":\"ListItem\",\"position\":5,\"name\":\"Accessory module for bread shelves L45 cm\"}]},{\"@type\":\"WebSite\",\"@id\":\"https:\/\/www.monaxis.lt\/en\/#website\",\"url\":\"https:\/\/www.monaxis.lt\/en\/\",\"name\":\"Monaxis\",\"description\":\"Prekybin\u0117, bei \u0161aldymo \u012franga\",\"publisher\":{\"@id\":\"https:\/\/www.monaxis.lt\/en\/#organization\"},\"potentialAction\":[{\"@type\":\"SearchAction\",\"target\":{\"@type\":\"EntryPoint\",\"urlTemplate\":\"https:\/\/www.monaxis.lt\/en\/?s={search_term_string}\"},\"query-input\":{\"@type\":\"PropertyValueSpecification\",\"valueRequired\":true,\"valueName\":\"search_term_string\"}}],\"inLanguage\":\"en-US\"},{\"@type\":\"Organization\",\"@id\":\"https:\/\/www.monaxis.lt\/en\/#organization\",\"name\":\"Monaxis\",\"url\":\"https:\/\/www.monaxis.lt\/en\/\",\"logo\":{\"@type\":\"ImageObject\",\"inLanguage\":\"en-US\",\"@id\":\"https:\/\/www.monaxis.lt\/en\/#\/schema\/logo\/image\/\",\"url\":\"https:\/\/www.monaxis.lt\/wp-content\/uploads\/2023\/03\/logo-1.png\",\"contentUrl\":\"https:\/\/www.monaxis.lt\/wp-content\/uploads\/2023\/03\/logo-1.png\",\"width\":205,\"height\":58,\"caption\":\"Monaxis\"},\"image\":{\"@id\":\"https:\/\/www.monaxis.lt\/en\/#\/schema\/logo\/image\/\"}}]}<\/script>\n<!-- \/ Yoast SEO plugin. -->","yoast_head_json":{"title":"Accessory module for bread shelves L45 cm | Monaxis","robots":{"index":"index","follow":"follow","max-snippet":"max-snippet:-1","max-image-preview":"max-image-preview:large","max-video-preview":"max-video-preview:-1"},"canonical":"https:\/\/www.monaxis.lt\/en\/parduotuve\/accessory-module-for-bread-shelves-l45-cm\/","og_locale":"en_US","og_type":"article","og_title":"Accessory module for bread shelves L45 cm | Monaxis","og_description":"We accept special orders Click HERE to choose your preferred colour  info@monaxis.lt  +370 650 20737","og_url":"https:\/\/www.monaxis.lt\/en\/parduotuve\/accessory-module-for-bread-shelves-l45-cm\/","og_site_name":"Monaxis","article_modified_time":"2026-03-21T14:13:01+00:00","og_image":[{"width":1024,"height":1024,"url":"https:\/\/www.monaxis.lt\/wp-content\/uploads\/2023\/07\/Lentynu-modulis-1.png","type":"image\/png"}],"twitter_card":"summary_large_image","twitter_misc":{"Est. reading time":"1 minute"},"schema":{"@context":"https:\/\/schema.org","@graph":[{"@type":"WebPage","@id":"https:\/\/www.monaxis.lt\/en\/parduotuve\/accessory-module-for-bread-shelves-l45-cm\/","url":"https:\/\/www.monaxis.lt\/en\/parduotuve\/accessory-module-for-bread-shelves-l45-cm\/","name":"Accessory module for bread shelves L45 cm | Monaxis","isPartOf":{"@id":"https:\/\/www.monaxis.lt\/en\/#website"},"primaryImageOfPage":{"@id":"https:\/\/www.monaxis.lt\/en\/parduotuve\/accessory-module-for-bread-shelves-l45-cm\/#primaryimage"},"image":{"@id":"https:\/\/www.monaxis.lt\/en\/parduotuve\/accessory-module-for-bread-shelves-l45-cm\/#primaryimage"},"thumbnailUrl":"https:\/\/www.monaxis.lt\/wp-content\/uploads\/2023\/07\/Lentynu-modulis-1.png","datePublished":"2023-07-25T13:18:17+00:00","dateModified":"2026-03-21T14:13:01+00:00","breadcrumb":{"@id":"https:\/\/www.monaxis.lt\/en\/parduotuve\/accessory-module-for-bread-shelves-l45-cm\/#breadcrumb"},"inLanguage":"en-US","potentialAction":[{"@type":"ReadAction","target":["https:\/\/www.monaxis.lt\/en\/parduotuve\/accessory-module-for-bread-shelves-l45-cm\/"]}]},{"@type":"ImageObject","inLanguage":"en-US","@id":"https:\/\/www.monaxis.lt\/en\/parduotuve\/accessory-module-for-bread-shelves-l45-cm\/#primaryimage","url":"https:\/\/www.monaxis.lt\/wp-content\/uploads\/2023\/07\/Lentynu-modulis-1.png","contentUrl":"https:\/\/www.monaxis.lt\/wp-content\/uploads\/2023\/07\/Lentynu-modulis-1.png","width":1024,"height":1024},{"@type":"BreadcrumbList","@id":"https:\/\/www.monaxis.lt\/en\/parduotuve\/accessory-module-for-bread-shelves-l45-cm\/#breadcrumb","itemListElement":[{"@type":"ListItem","position":1,"name":"Pagrindinis","item":"https:\/\/www.monaxis.lt\/en\/"},{"@type":"ListItem","position":2,"name":"Shop","item":"https:\/\/www.monaxis.lt\/en\/shop\/"},{"@type":"ListItem","position":3,"name":"Supermarket equipment","item":"https:\/\/www.monaxis.lt\/en\/produkto-kategorija\/supermarket-equipment\/"},{"@type":"ListItem","position":4,"name":"Duonos lentynos","item":"https:\/\/www.monaxis.lt\/produkto-kategorija\/prekybine-iranga\/duonos-lentynos\/"},{"@type":"ListItem","position":5,"name":"Accessory module for bread shelves L45 cm"}]},{"@type":"WebSite","@id":"https:\/\/www.monaxis.lt\/en\/#website","url":"https:\/\/www.monaxis.lt\/en\/","name":"Monaxis","description":"Prekybin\u0117, bei \u0161aldymo \u012franga","publisher":{"@id":"https:\/\/www.monaxis.lt\/en\/#organization"},"potentialAction":[{"@type":"SearchAction","target":{"@type":"EntryPoint","urlTemplate":"https:\/\/www.monaxis.lt\/en\/?s={search_term_string}"},"query-input":{"@type":"PropertyValueSpecification","valueRequired":true,"valueName":"search_term_string"}}],"inLanguage":"en-US"},{"@type":"Organization","@id":"https:\/\/www.monaxis.lt\/en\/#organization","name":"Monaxis","url":"https:\/\/www.monaxis.lt\/en\/","logo":{"@type":"ImageObject","inLanguage":"en-US","@id":"https:\/\/www.monaxis.lt\/en\/#\/schema\/logo\/image\/","url":"https:\/\/www.monaxis.lt\/wp-content\/uploads\/2023\/03\/logo-1.png","contentUrl":"https:\/\/www.monaxis.lt\/wp-content\/uploads\/2023\/03\/logo-1.png","width":205,"height":58,"caption":"Monaxis"},"image":{"@id":"https:\/\/www.monaxis.lt\/en\/#\/schema\/logo\/image\/"}}]}},"_links":{"self":[{"href":"https:\/\/www.monaxis.lt\/en\/wp-json\/wp\/v2\/product\/9357","targetHints":{"allow":["GET"]}}],"collection":[{"href":"https:\/\/www.monaxis.lt\/en\/wp-json\/wp\/v2\/product"}],"about":[{"href":"https:\/\/www.monaxis.lt\/en\/wp-json\/wp\/v2\/types\/product"}],"replies":[{"embeddable":true,"href":"https:\/\/www.monaxis.lt\/en\/wp-json\/wp\/v2\/comments?post=9357"}],"wp:featuredmedia":[{"embeddable":true,"href":"https:\/\/www.monaxis.lt\/en\/wp-json\/wp\/v2\/media\/9252"}],"wp:attachment":[{"href":"https:\/\/www.monaxis.lt\/en\/wp-json\/wp\/v2\/media?parent=9357"}],"wp:term":[{"taxonomy":"product_brand","embeddable":true,"href":"https:\/\/www.monaxis.lt\/en\/wp-json\/wp\/v2\/product_brand?post=9357"},{"taxonomy":"product_cat","embeddable":true,"href":"https:\/\/www.monaxis.lt\/en\/wp-json\/wp\/v2\/product_cat?post=9357"},{"taxonomy":"product_tag","embeddable":true,"href":"https:\/\/www.monaxis.lt\/en\/wp-json\/wp\/v2\/product_tag?post=9357"}],"curies":[{"name":"wp","href":"https:\/\/api.w.org\/{rel}","templated":true}]}}