{"id":9359,"date":"2023-07-25T11:59:55","date_gmt":"2023-07-25T08:59:55","guid":{"rendered":"https:\/\/www.monaxis.lt\/parduotuve\/warehouse-ladder-mega-m-h102\/"},"modified":"2026-03-21T16:12:54","modified_gmt":"2026-03-21T14:12:54","slug":"warehouse-ladder-mega-m-h102","status":"publish","type":"product","link":"https:\/\/www.monaxis.lt\/en\/parduotuve\/warehouse-ladder-mega-m-h102\/","title":{"rendered":"Warehouse ladder Mega-M H102"},"content":{"rendered":"<h3><strong>Warehouse ladder mobile storage platform Mega-M H 102 cm<\/strong><\/h3>\n<p>The <strong>Mega-M ladder is a four-step platform lad<\/strong> der that guarantees safe operation and ease of use.<\/p>\n<h4><strong>Advantages of the Mega-M mobile warehouse ladder:<\/strong><\/h4>\n<table>\n<tbody>\n<tr>\n<td><img decoding=\"async\" class=\"aligncenter wp-image-8113\" src=\"https:\/\/www.monaxis.lt\/wp-content\/uploads\/2023\/07\/langeliams1-150x150.png\" alt=\"\" width=\"75\" height=\"75\" srcset=\"https:\/\/www.monaxis.lt\/wp-content\/uploads\/2023\/07\/langeliams1-150x150.png 150w, https:\/\/www.monaxis.lt\/wp-content\/uploads\/2023\/07\/langeliams1-300x300.png 300w, https:\/\/www.monaxis.lt\/wp-content\/uploads\/2023\/07\/langeliams1-768x768.png 768w, https:\/\/www.monaxis.lt\/wp-content\/uploads\/2023\/07\/langeliams1.png 1024w\" sizes=\"(max-width: 75px) 100vw, 75px\" \/><\/td>\n<td>\n<ul>\n<li><strong>Made of industrial steel, it guarantees strength and robustness.<\/strong><\/li>\n<\/ul>\n<\/td>\n<\/tr>\n<tr>\n<td><img decoding=\"async\" class=\"wp-image-8114 aligncenter\" src=\"https:\/\/www.monaxis.lt\/wp-content\/uploads\/2023\/07\/langeliams2-150x150.png\" alt=\"\" width=\"75\" height=\"75\" srcset=\"https:\/\/www.monaxis.lt\/wp-content\/uploads\/2023\/07\/langeliams2-150x150.png 150w, https:\/\/www.monaxis.lt\/wp-content\/uploads\/2023\/07\/langeliams2-300x300.png 300w, https:\/\/www.monaxis.lt\/wp-content\/uploads\/2023\/07\/langeliams2-768x768.png 768w, https:\/\/www.monaxis.lt\/wp-content\/uploads\/2023\/07\/langeliams2.png 1024w\" sizes=\"(max-width: 75px) 100vw, 75px\" \/><\/td>\n<td>\n<ul>\n<li><strong>The platform chain provides adequate security when bending down.<\/strong><\/li>\n<\/ul>\n<\/td>\n<\/tr>\n<tr>\n<td><img decoding=\"async\" class=\"wp-image-8115 alignnone\" src=\"https:\/\/www.monaxis.lt\/wp-content\/uploads\/2023\/07\/langeliams3-150x150.png\" alt=\"\" width=\"75\" height=\"75\" srcset=\"https:\/\/www.monaxis.lt\/wp-content\/uploads\/2023\/07\/langeliams3-150x150.png 150w, https:\/\/www.monaxis.lt\/wp-content\/uploads\/2023\/07\/langeliams3-300x300.png 300w, https:\/\/www.monaxis.lt\/wp-content\/uploads\/2023\/07\/langeliams3-768x768.png 768w, https:\/\/www.monaxis.lt\/wp-content\/uploads\/2023\/07\/langeliams3.png 1024w\" sizes=\"(max-width: 75px) 100vw, 75px\" \/><\/td>\n<td>\n<ul>\n<li><strong>Perforated steps with handrails allow safe ascent and descent.<\/strong><\/li>\n<\/ul>\n<\/td>\n<\/tr>\n<tr>\n<td><img decoding=\"async\" class=\"alignnone wp-image-8116\" src=\"https:\/\/www.monaxis.lt\/wp-content\/uploads\/2023\/07\/langeliams4-150x150.png\" alt=\"\" width=\"75\" height=\"75\" srcset=\"https:\/\/www.monaxis.lt\/wp-content\/uploads\/2023\/07\/langeliams4-150x150.png 150w, https:\/\/www.monaxis.lt\/wp-content\/uploads\/2023\/07\/langeliams4-300x300.png 300w, https:\/\/www.monaxis.lt\/wp-content\/uploads\/2023\/07\/langeliams4-768x768.png 768w, https:\/\/www.monaxis.lt\/wp-content\/uploads\/2023\/07\/langeliams4.png 1024w\" sizes=\"(max-width: 75px) 100vw, 75px\" \/><\/td>\n<td>\n<ul>\n<li><strong>The ladder&#8217;s easy-to-use brake system prevents the ladder from slipping.<\/strong><\/li>\n<\/ul>\n<\/td>\n<\/tr>\n<tr>\n<td><img decoding=\"async\" class=\"aligncenter wp-image-8117\" src=\"https:\/\/www.monaxis.lt\/wp-content\/uploads\/2023\/07\/langeliams5-150x150.png\" alt=\"\" width=\"75\" height=\"75\" srcset=\"https:\/\/www.monaxis.lt\/wp-content\/uploads\/2023\/07\/langeliams5-150x150.png 150w, https:\/\/www.monaxis.lt\/wp-content\/uploads\/2023\/07\/langeliams5-300x300.png 300w, https:\/\/www.monaxis.lt\/wp-content\/uploads\/2023\/07\/langeliams5-768x768.png 768w, https:\/\/www.monaxis.lt\/wp-content\/uploads\/2023\/07\/langeliams5.png 1024w\" sizes=\"(max-width: 75px) 100vw, 75px\" \/><\/td>\n<td>\n<ul>\n<li><strong>The non-slip steps and platform allow you to keep your balance and prevent slipping.<\/strong><\/li>\n<\/ul>\n<\/td>\n<\/tr>\n<\/tbody>\n<\/table>\n<p><strong>The Mega-M Mobile Warehouse Ladder is a range of robust and safe ladders for use in warehouses, workshops, factories, industrial production, plastering and painting applications. Storage platforms allow easy access to the goods on the upper shelves.<\/strong><\/p>\n","protected":false},"excerpt":{"rendered":"<div class=\"product__parameter__name\"><strong><span class=\"product__parameter__name__text\"><img decoding=\"async\" class=\"alignnone wp-image-7601\" src=\"https:\/\/www.monaxis.lt\/wp-content\/uploads\/2023\/03\/delivery-1-150x150.png\" alt=\"\" width=\"28\" height=\"28\" srcset=\"https:\/\/www.monaxis.lt\/wp-content\/uploads\/2023\/03\/delivery-1-150x150.png 150w, https:\/\/www.monaxis.lt\/wp-content\/uploads\/2023\/03\/delivery-1-300x300.png 300w, https:\/\/www.monaxis.lt\/wp-content\/uploads\/2023\/03\/delivery-1.png 512w\" sizes=\"(max-width: 28px) 100vw, 28px\" \/> Delivery <\/span><\/strong><\/div>\n<div class=\"product__parameter__value\"><span class=\"product__parameter__value__text\">     <strong>   <span style=\"font-size: 75%; color: #999999;\"> 2-10 d.d.<\/span><\/strong><\/span><\/div>\n<div class=\"product__parameter__name\">\n<div>\n<hr>\n<\/div>\n<div>\n<div class=\"product__parameter__value\"><img decoding=\"async\" class=\"alignnone wp-image-8133\" src=\"https:\/\/www.monaxis.lt\/wp-content\/uploads\/2023\/07\/ladder.png\" alt=\"\" width=\"27\" height=\"27\"><strong>  Height to platform<\/strong><\/div>\n<div><strong>       <span style=\"font-size: 75%; color: #999999;\">  102cm<\/span><\/strong><\/div>\n<div>\n<hr>\n<p><img decoding=\"async\" class=\"alignnone wp-image-8064\" src=\"https:\/\/www.monaxis.lt\/wp-content\/uploads\/2023\/07\/temperature.png\" alt=\"\" width=\"29\" height=\"29\"> <strong>Maximum ladder load<\/strong><br \/>\n<strong> <span style=\"font-size: 75%; color: #999999;\"> 150kg<\/span><\/strong><\/p>\n<\/div>\n<\/div>\n<\/div>\n","protected":false},"featured_media":9164,"comment_status":"open","ping_status":"closed","template":"","meta":[],"product_brand":[],"product_cat":[126],"product_tag":[],"class_list":{"0":"post-9359","1":"product","2":"type-product","3":"status-publish","4":"has-post-thumbnail","6":"product_cat-warehouse-ladders","8":"first","9":"instock","10":"taxable","11":"shipping-taxable","12":"purchasable","13":"product-type-simple"},"yoast_head":"<!-- This site is optimized with the Yoast SEO plugin v27.1.1 - https:\/\/yoast.com\/product\/yoast-seo-wordpress\/ -->\n<title>Warehouse ladder Mega-M H102 | Monaxis<\/title>\n<meta name=\"robots\" content=\"index, follow, max-snippet:-1, max-image-preview:large, max-video-preview:-1\" \/>\n<link rel=\"canonical\" href=\"https:\/\/www.monaxis.lt\/en\/parduotuve\/warehouse-ladder-mega-m-h102\/\" \/>\n<meta property=\"og:locale\" content=\"en_US\" \/>\n<meta property=\"og:type\" content=\"article\" \/>\n<meta property=\"og:title\" content=\"Warehouse ladder Mega-M H102 | Monaxis\" \/>\n<meta property=\"og:description\" content=\"Delivery      2-10 d.d.     Height to platform     102cm   Maximum ladder load  150kg\" \/>\n<meta property=\"og:url\" content=\"https:\/\/www.monaxis.lt\/en\/parduotuve\/warehouse-ladder-mega-m-h102\/\" \/>\n<meta property=\"og:site_name\" content=\"Monaxis\" \/>\n<meta property=\"article:modified_time\" content=\"2026-03-21T14:12:54+00:00\" \/>\n<meta property=\"og:image\" content=\"https:\/\/www.monaxis.lt\/wp-content\/uploads\/2023\/07\/Sandelio-kopecios-3-1.webp\" \/>\n\t<meta property=\"og:image:width\" content=\"1024\" \/>\n\t<meta property=\"og:image:height\" content=\"1024\" \/>\n\t<meta property=\"og:image:type\" content=\"image\/webp\" \/>\n<meta name=\"twitter:card\" content=\"summary_large_image\" \/>\n<meta name=\"twitter:label1\" content=\"Est. reading time\" \/>\n\t<meta name=\"twitter:data1\" content=\"1 minute\" \/>\n<script type=\"application\/ld+json\" class=\"yoast-schema-graph\">{\"@context\":\"https:\/\/schema.org\",\"@graph\":[{\"@type\":\"WebPage\",\"@id\":\"https:\/\/www.monaxis.lt\/en\/parduotuve\/warehouse-ladder-mega-m-h102\/\",\"url\":\"https:\/\/www.monaxis.lt\/en\/parduotuve\/warehouse-ladder-mega-m-h102\/\",\"name\":\"Warehouse ladder Mega-M H102 | Monaxis\",\"isPartOf\":{\"@id\":\"https:\/\/www.monaxis.lt\/en\/#website\"},\"primaryImageOfPage\":{\"@id\":\"https:\/\/www.monaxis.lt\/en\/parduotuve\/warehouse-ladder-mega-m-h102\/#primaryimage\"},\"image\":{\"@id\":\"https:\/\/www.monaxis.lt\/en\/parduotuve\/warehouse-ladder-mega-m-h102\/#primaryimage\"},\"thumbnailUrl\":\"https:\/\/www.monaxis.lt\/wp-content\/uploads\/2023\/07\/Sandelio-kopecios-3-1.webp\",\"datePublished\":\"2023-07-25T08:59:55+00:00\",\"dateModified\":\"2026-03-21T14:12:54+00:00\",\"breadcrumb\":{\"@id\":\"https:\/\/www.monaxis.lt\/en\/parduotuve\/warehouse-ladder-mega-m-h102\/#breadcrumb\"},\"inLanguage\":\"en-US\",\"potentialAction\":[{\"@type\":\"ReadAction\",\"target\":[\"https:\/\/www.monaxis.lt\/en\/parduotuve\/warehouse-ladder-mega-m-h102\/\"]}]},{\"@type\":\"ImageObject\",\"inLanguage\":\"en-US\",\"@id\":\"https:\/\/www.monaxis.lt\/en\/parduotuve\/warehouse-ladder-mega-m-h102\/#primaryimage\",\"url\":\"https:\/\/www.monaxis.lt\/wp-content\/uploads\/2023\/07\/Sandelio-kopecios-3-1.webp\",\"contentUrl\":\"https:\/\/www.monaxis.lt\/wp-content\/uploads\/2023\/07\/Sandelio-kopecios-3-1.webp\",\"width\":1024,\"height\":1024},{\"@type\":\"BreadcrumbList\",\"@id\":\"https:\/\/www.monaxis.lt\/en\/parduotuve\/warehouse-ladder-mega-m-h102\/#breadcrumb\",\"itemListElement\":[{\"@type\":\"ListItem\",\"position\":1,\"name\":\"Pagrindinis\",\"item\":\"https:\/\/www.monaxis.lt\/en\/\"},{\"@type\":\"ListItem\",\"position\":2,\"name\":\"Shop\",\"item\":\"https:\/\/www.monaxis.lt\/en\/shop\/\"},{\"@type\":\"ListItem\",\"position\":3,\"name\":\"Storage equipment\",\"item\":\"https:\/\/www.monaxis.lt\/en\/produkto-kategorija\/storage-equipment\/\"},{\"@type\":\"ListItem\",\"position\":4,\"name\":\"Warehouse ladders\",\"item\":\"https:\/\/www.monaxis.lt\/en\/produkto-kategorija\/storage-equipment\/warehouse-ladders\/\"},{\"@type\":\"ListItem\",\"position\":5,\"name\":\"Warehouse ladder Mega-M H102\"}]},{\"@type\":\"WebSite\",\"@id\":\"https:\/\/www.monaxis.lt\/en\/#website\",\"url\":\"https:\/\/www.monaxis.lt\/en\/\",\"name\":\"Monaxis\",\"description\":\"Prekybin\u0117, bei \u0161aldymo \u012franga\",\"publisher\":{\"@id\":\"https:\/\/www.monaxis.lt\/en\/#organization\"},\"potentialAction\":[{\"@type\":\"SearchAction\",\"target\":{\"@type\":\"EntryPoint\",\"urlTemplate\":\"https:\/\/www.monaxis.lt\/en\/?s={search_term_string}\"},\"query-input\":{\"@type\":\"PropertyValueSpecification\",\"valueRequired\":true,\"valueName\":\"search_term_string\"}}],\"inLanguage\":\"en-US\"},{\"@type\":\"Organization\",\"@id\":\"https:\/\/www.monaxis.lt\/en\/#organization\",\"name\":\"Monaxis\",\"url\":\"https:\/\/www.monaxis.lt\/en\/\",\"logo\":{\"@type\":\"ImageObject\",\"inLanguage\":\"en-US\",\"@id\":\"https:\/\/www.monaxis.lt\/en\/#\/schema\/logo\/image\/\",\"url\":\"https:\/\/www.monaxis.lt\/wp-content\/uploads\/2023\/03\/logo-1.png\",\"contentUrl\":\"https:\/\/www.monaxis.lt\/wp-content\/uploads\/2023\/03\/logo-1.png\",\"width\":205,\"height\":58,\"caption\":\"Monaxis\"},\"image\":{\"@id\":\"https:\/\/www.monaxis.lt\/en\/#\/schema\/logo\/image\/\"}}]}<\/script>\n<!-- \/ Yoast SEO plugin. -->","yoast_head_json":{"title":"Warehouse ladder Mega-M H102 | Monaxis","robots":{"index":"index","follow":"follow","max-snippet":"max-snippet:-1","max-image-preview":"max-image-preview:large","max-video-preview":"max-video-preview:-1"},"canonical":"https:\/\/www.monaxis.lt\/en\/parduotuve\/warehouse-ladder-mega-m-h102\/","og_locale":"en_US","og_type":"article","og_title":"Warehouse ladder Mega-M H102 | Monaxis","og_description":"Delivery      2-10 d.d.     Height to platform     102cm   Maximum ladder load  150kg","og_url":"https:\/\/www.monaxis.lt\/en\/parduotuve\/warehouse-ladder-mega-m-h102\/","og_site_name":"Monaxis","article_modified_time":"2026-03-21T14:12:54+00:00","og_image":[{"width":1024,"height":1024,"url":"https:\/\/www.monaxis.lt\/wp-content\/uploads\/2023\/07\/Sandelio-kopecios-3-1.webp","type":"image\/webp"}],"twitter_card":"summary_large_image","twitter_misc":{"Est. reading time":"1 minute"},"schema":{"@context":"https:\/\/schema.org","@graph":[{"@type":"WebPage","@id":"https:\/\/www.monaxis.lt\/en\/parduotuve\/warehouse-ladder-mega-m-h102\/","url":"https:\/\/www.monaxis.lt\/en\/parduotuve\/warehouse-ladder-mega-m-h102\/","name":"Warehouse ladder Mega-M H102 | Monaxis","isPartOf":{"@id":"https:\/\/www.monaxis.lt\/en\/#website"},"primaryImageOfPage":{"@id":"https:\/\/www.monaxis.lt\/en\/parduotuve\/warehouse-ladder-mega-m-h102\/#primaryimage"},"image":{"@id":"https:\/\/www.monaxis.lt\/en\/parduotuve\/warehouse-ladder-mega-m-h102\/#primaryimage"},"thumbnailUrl":"https:\/\/www.monaxis.lt\/wp-content\/uploads\/2023\/07\/Sandelio-kopecios-3-1.webp","datePublished":"2023-07-25T08:59:55+00:00","dateModified":"2026-03-21T14:12:54+00:00","breadcrumb":{"@id":"https:\/\/www.monaxis.lt\/en\/parduotuve\/warehouse-ladder-mega-m-h102\/#breadcrumb"},"inLanguage":"en-US","potentialAction":[{"@type":"ReadAction","target":["https:\/\/www.monaxis.lt\/en\/parduotuve\/warehouse-ladder-mega-m-h102\/"]}]},{"@type":"ImageObject","inLanguage":"en-US","@id":"https:\/\/www.monaxis.lt\/en\/parduotuve\/warehouse-ladder-mega-m-h102\/#primaryimage","url":"https:\/\/www.monaxis.lt\/wp-content\/uploads\/2023\/07\/Sandelio-kopecios-3-1.webp","contentUrl":"https:\/\/www.monaxis.lt\/wp-content\/uploads\/2023\/07\/Sandelio-kopecios-3-1.webp","width":1024,"height":1024},{"@type":"BreadcrumbList","@id":"https:\/\/www.monaxis.lt\/en\/parduotuve\/warehouse-ladder-mega-m-h102\/#breadcrumb","itemListElement":[{"@type":"ListItem","position":1,"name":"Pagrindinis","item":"https:\/\/www.monaxis.lt\/en\/"},{"@type":"ListItem","position":2,"name":"Shop","item":"https:\/\/www.monaxis.lt\/en\/shop\/"},{"@type":"ListItem","position":3,"name":"Storage equipment","item":"https:\/\/www.monaxis.lt\/en\/produkto-kategorija\/storage-equipment\/"},{"@type":"ListItem","position":4,"name":"Warehouse ladders","item":"https:\/\/www.monaxis.lt\/en\/produkto-kategorija\/storage-equipment\/warehouse-ladders\/"},{"@type":"ListItem","position":5,"name":"Warehouse ladder Mega-M H102"}]},{"@type":"WebSite","@id":"https:\/\/www.monaxis.lt\/en\/#website","url":"https:\/\/www.monaxis.lt\/en\/","name":"Monaxis","description":"Prekybin\u0117, bei \u0161aldymo \u012franga","publisher":{"@id":"https:\/\/www.monaxis.lt\/en\/#organization"},"potentialAction":[{"@type":"SearchAction","target":{"@type":"EntryPoint","urlTemplate":"https:\/\/www.monaxis.lt\/en\/?s={search_term_string}"},"query-input":{"@type":"PropertyValueSpecification","valueRequired":true,"valueName":"search_term_string"}}],"inLanguage":"en-US"},{"@type":"Organization","@id":"https:\/\/www.monaxis.lt\/en\/#organization","name":"Monaxis","url":"https:\/\/www.monaxis.lt\/en\/","logo":{"@type":"ImageObject","inLanguage":"en-US","@id":"https:\/\/www.monaxis.lt\/en\/#\/schema\/logo\/image\/","url":"https:\/\/www.monaxis.lt\/wp-content\/uploads\/2023\/03\/logo-1.png","contentUrl":"https:\/\/www.monaxis.lt\/wp-content\/uploads\/2023\/03\/logo-1.png","width":205,"height":58,"caption":"Monaxis"},"image":{"@id":"https:\/\/www.monaxis.lt\/en\/#\/schema\/logo\/image\/"}}]}},"_links":{"self":[{"href":"https:\/\/www.monaxis.lt\/en\/wp-json\/wp\/v2\/product\/9359","targetHints":{"allow":["GET"]}}],"collection":[{"href":"https:\/\/www.monaxis.lt\/en\/wp-json\/wp\/v2\/product"}],"about":[{"href":"https:\/\/www.monaxis.lt\/en\/wp-json\/wp\/v2\/types\/product"}],"replies":[{"embeddable":true,"href":"https:\/\/www.monaxis.lt\/en\/wp-json\/wp\/v2\/comments?post=9359"}],"wp:featuredmedia":[{"embeddable":true,"href":"https:\/\/www.monaxis.lt\/en\/wp-json\/wp\/v2\/media\/9164"}],"wp:attachment":[{"href":"https:\/\/www.monaxis.lt\/en\/wp-json\/wp\/v2\/media?parent=9359"}],"wp:term":[{"taxonomy":"product_brand","embeddable":true,"href":"https:\/\/www.monaxis.lt\/en\/wp-json\/wp\/v2\/product_brand?post=9359"},{"taxonomy":"product_cat","embeddable":true,"href":"https:\/\/www.monaxis.lt\/en\/wp-json\/wp\/v2\/product_cat?post=9359"},{"taxonomy":"product_tag","embeddable":true,"href":"https:\/\/www.monaxis.lt\/en\/wp-json\/wp\/v2\/product_tag?post=9359"}],"curies":[{"name":"wp","href":"https:\/\/api.w.org\/{rel}","templated":true}]}}