{"id":9363,"date":"2023-07-25T11:27:59","date_gmt":"2023-07-25T08:27:59","guid":{"rendered":"https:\/\/www.monaxis.lt\/parduotuve\/gitterbox-pallet-bag-800kg\/"},"modified":"2026-03-21T16:12:53","modified_gmt":"2026-03-21T14:12:53","slug":"gitterbox-tray-crepsys-800kg-4","status":"publish","type":"product","link":"https:\/\/www.monaxis.lt\/en\/parduotuve\/gitterbox-tray-crepsys-800kg-4\/","title":{"rendered":"Gitterbox pallet bag 800kg"},"content":{"rendered":"<h3><strong>Volleyball container gitterbox Mega-M 120x90x102 cm foldable metal basket<\/strong><\/h3>\n<p>The <strong>Mega-M folding<\/strong> box is made of steel wire mesh, resistant to mechanical damage. Protected by a galvanic coating that protects the metal from corrosion <strong>. <\/strong>The metal basket tray has a <strong> hinged lid on the longer side<\/strong> which guarantees easy access to the stored goods . A basket container is used for transporting and storing goods. It is also used to transport and display wine bottles. The sturdy and durable steel basket holds up to 500 750 ml <strong>Bourgogne bottles. <\/strong>Maximum load of the net container up to 800 kg.<\/p>\n<table>\n<tbody>\n<tr>\n<td>\n<h4><strong>Benefits of the Gitterbox Mega-M:  <\/strong><\/h4>\n<ul>\n<li>High durability and resistance to external influences.<\/li>\n<li><strong>Stack up to 4 pcs.<\/strong><\/li>\n<li><strong>Easy access to stored goods<\/strong> thanks to the flap on the longer side.<\/li>\n<li><strong>Maximum payload up to 800 kg.<\/strong><\/li>\n<li>Widely used in various industries.<\/li>\n<li><strong>Possibility to store and transport goods without using EURO pallets<\/strong>.<\/li>\n<li><strong>Small dimensions<\/strong> save storage space <strong>when folded<\/strong>.<\/li>\n<\/ul>\n<\/td>\n<td><img decoding=\"async\" class=\"wp-image-8106 size-medium aligncenter\" src=\"https:\/\/www.monaxis.lt\/wp-content\/uploads\/2023\/07\/Gitterbox-padeklu-krepsiai-3-300x300.png\" alt=\"\" width=\"300\" height=\"300\" srcset=\"https:\/\/www.monaxis.lt\/wp-content\/uploads\/2023\/07\/Gitterbox-padeklu-krepsiai-3-300x300.png 300w, https:\/\/www.monaxis.lt\/wp-content\/uploads\/2023\/07\/Gitterbox-padeklu-krepsiai-3-150x150.png 150w, https:\/\/www.monaxis.lt\/wp-content\/uploads\/2023\/07\/Gitterbox-padeklu-krepsiai-3-768x768.png 768w, https:\/\/www.monaxis.lt\/wp-content\/uploads\/2023\/07\/Gitterbox-padeklu-krepsiai-3.png 1024w\" sizes=\"(max-width: 300px) 100vw, 300px\" \/><\/td>\n<\/tr>\n<\/tbody>\n<\/table>\n<h4><strong>Mega-M metal basket trays &#8211; versatile applications<\/strong><\/h4>\n<p><strong>Mega-M holders<\/strong> are widely used for storage, transport and display of goods. Their use makes it easy to improve work in <strong>warehouses, manufacturing plants and wholesale stores. <\/strong>Metal folding baskets optimise logistics processes and increase the efficiency of available space. They are used in the <strong>automotive, chemical, wine<\/strong>, <strong>electronics and construction industries. <\/strong>They allow the storage of <strong>car parts, building materials, production waste<\/strong>, <strong>wine bottles<\/strong> and many other goods <strong>.<\/strong>The metal folding boxes are resistant to moisture and weather conditions, so they can be used both indoors and out.<\/p>\n","protected":false},"excerpt":{"rendered":"<div class=\"product__parameter__name\"><strong><span class=\"product__parameter__name__text\"><img decoding=\"async\" class=\"alignnone wp-image-7601\" src=\"https:\/\/www.monaxis.lt\/wp-content\/uploads\/2023\/03\/delivery-1-150x150.png\" alt=\"\" width=\"26\" height=\"26\" srcset=\"https:\/\/www.monaxis.lt\/wp-content\/uploads\/2023\/03\/delivery-1-150x150.png 150w, https:\/\/www.monaxis.lt\/wp-content\/uploads\/2023\/03\/delivery-1-300x300.png 300w, https:\/\/www.monaxis.lt\/wp-content\/uploads\/2023\/03\/delivery-1.png 512w\" sizes=\"(max-width: 26px) 100vw, 26px\" \/> Delivery <\/span><\/strong><\/div>\n<div class=\"product__parameter__value\"><span class=\"product__parameter__value__text\">     <strong>   <span style=\"font-size: 75%; color: #999999;\"> 2-10 d.d.<\/span><\/strong><\/span><\/div>\n<div class=\"product__parameter__name\">\n<div>\n<hr>\n<\/div>\n<div>\n<div class=\"product__parameter__value\"><img decoding=\"async\" class=\"alignnone wp-image-8064\" src=\"https:\/\/www.monaxis.lt\/wp-content\/uploads\/2023\/07\/temperature.png\" alt=\"\" width=\"28\" height=\"28\"><strong> Possible load<\/strong><\/div>\n<div><strong>       <span style=\"font-size: 75%; color: #999999;\">  800 kg<\/span><\/strong><\/div>\n<\/div>\n<\/div>\n","protected":false},"featured_media":9141,"comment_status":"open","ping_status":"closed","template":"","meta":[],"product_brand":[],"product_cat":[132,124],"product_tag":[],"class_list":{"0":"post-9363","1":"product","2":"type-product","3":"status-publish","4":"has-post-thumbnail","6":"product_cat-gitterboxes","7":"product_cat-storage-equipment","9":"first","10":"instock","11":"taxable","12":"shipping-taxable","13":"purchasable","14":"product-type-simple"},"yoast_head":"<!-- This site is optimized with the Yoast SEO plugin v27.1.1 - https:\/\/yoast.com\/product\/yoast-seo-wordpress\/ -->\n<title>Gitterbox pallet bag 800kg | Monaxis<\/title>\n<meta name=\"robots\" content=\"index, follow, max-snippet:-1, max-image-preview:large, max-video-preview:-1\" \/>\n<link rel=\"canonical\" href=\"https:\/\/www.monaxis.lt\/en\/parduotuve\/gitterbox-tray-crepsys-800kg-4\/\" \/>\n<meta property=\"og:locale\" content=\"en_US\" \/>\n<meta property=\"og:type\" content=\"article\" \/>\n<meta property=\"og:title\" content=\"Gitterbox pallet bag 800kg | Monaxis\" \/>\n<meta property=\"og:description\" content=\"Delivery      2-10 d.d.     Possible load     800 kg\" \/>\n<meta property=\"og:url\" content=\"https:\/\/www.monaxis.lt\/en\/parduotuve\/gitterbox-tray-crepsys-800kg-4\/\" \/>\n<meta property=\"og:site_name\" content=\"Monaxis\" \/>\n<meta property=\"article:modified_time\" content=\"2026-03-21T14:12:53+00:00\" \/>\n<meta property=\"og:image\" content=\"https:\/\/www.monaxis.lt\/wp-content\/uploads\/2023\/07\/Gitterbox-padeklu-krepsiai-1-1.webp\" \/>\n\t<meta property=\"og:image:width\" content=\"1024\" \/>\n\t<meta property=\"og:image:height\" content=\"1024\" \/>\n\t<meta property=\"og:image:type\" content=\"image\/webp\" \/>\n<meta name=\"twitter:card\" content=\"summary_large_image\" \/>\n<meta name=\"twitter:label1\" content=\"Est. reading time\" \/>\n\t<meta name=\"twitter:data1\" content=\"1 minute\" \/>\n<script type=\"application\/ld+json\" class=\"yoast-schema-graph\">{\"@context\":\"https:\/\/schema.org\",\"@graph\":[{\"@type\":\"WebPage\",\"@id\":\"https:\/\/www.monaxis.lt\/en\/parduotuve\/gitterbox-tray-crepsys-800kg-4\/\",\"url\":\"https:\/\/www.monaxis.lt\/en\/parduotuve\/gitterbox-tray-crepsys-800kg-4\/\",\"name\":\"Gitterbox pallet bag 800kg | Monaxis\",\"isPartOf\":{\"@id\":\"https:\/\/www.monaxis.lt\/en\/#website\"},\"primaryImageOfPage\":{\"@id\":\"https:\/\/www.monaxis.lt\/en\/parduotuve\/gitterbox-tray-crepsys-800kg-4\/#primaryimage\"},\"image\":{\"@id\":\"https:\/\/www.monaxis.lt\/en\/parduotuve\/gitterbox-tray-crepsys-800kg-4\/#primaryimage\"},\"thumbnailUrl\":\"https:\/\/www.monaxis.lt\/wp-content\/uploads\/2023\/07\/Gitterbox-padeklu-krepsiai-1-1.webp\",\"datePublished\":\"2023-07-25T08:27:59+00:00\",\"dateModified\":\"2026-03-21T14:12:53+00:00\",\"breadcrumb\":{\"@id\":\"https:\/\/www.monaxis.lt\/en\/parduotuve\/gitterbox-tray-crepsys-800kg-4\/#breadcrumb\"},\"inLanguage\":\"en-US\",\"potentialAction\":[{\"@type\":\"ReadAction\",\"target\":[\"https:\/\/www.monaxis.lt\/en\/parduotuve\/gitterbox-tray-crepsys-800kg-4\/\"]}]},{\"@type\":\"ImageObject\",\"inLanguage\":\"en-US\",\"@id\":\"https:\/\/www.monaxis.lt\/en\/parduotuve\/gitterbox-tray-crepsys-800kg-4\/#primaryimage\",\"url\":\"https:\/\/www.monaxis.lt\/wp-content\/uploads\/2023\/07\/Gitterbox-padeklu-krepsiai-1-1.webp\",\"contentUrl\":\"https:\/\/www.monaxis.lt\/wp-content\/uploads\/2023\/07\/Gitterbox-padeklu-krepsiai-1-1.webp\",\"width\":1024,\"height\":1024},{\"@type\":\"BreadcrumbList\",\"@id\":\"https:\/\/www.monaxis.lt\/en\/parduotuve\/gitterbox-tray-crepsys-800kg-4\/#breadcrumb\",\"itemListElement\":[{\"@type\":\"ListItem\",\"position\":1,\"name\":\"Pagrindinis\",\"item\":\"https:\/\/www.monaxis.lt\/en\/\"},{\"@type\":\"ListItem\",\"position\":2,\"name\":\"Shop\",\"item\":\"https:\/\/www.monaxis.lt\/en\/shop\/\"},{\"@type\":\"ListItem\",\"position\":3,\"name\":\"Storage equipment\",\"item\":\"https:\/\/www.monaxis.lt\/en\/produkto-kategorija\/storage-equipment\/\"},{\"@type\":\"ListItem\",\"position\":4,\"name\":\"Gitterboxes\",\"item\":\"https:\/\/www.monaxis.lt\/en\/produkto-kategorija\/storage-equipment\/gitterboxes\/\"},{\"@type\":\"ListItem\",\"position\":5,\"name\":\"Gitterbox pallet bag 800kg\"}]},{\"@type\":\"WebSite\",\"@id\":\"https:\/\/www.monaxis.lt\/en\/#website\",\"url\":\"https:\/\/www.monaxis.lt\/en\/\",\"name\":\"Monaxis\",\"description\":\"Prekybin\u0117, bei \u0161aldymo \u012franga\",\"publisher\":{\"@id\":\"https:\/\/www.monaxis.lt\/en\/#organization\"},\"potentialAction\":[{\"@type\":\"SearchAction\",\"target\":{\"@type\":\"EntryPoint\",\"urlTemplate\":\"https:\/\/www.monaxis.lt\/en\/?s={search_term_string}\"},\"query-input\":{\"@type\":\"PropertyValueSpecification\",\"valueRequired\":true,\"valueName\":\"search_term_string\"}}],\"inLanguage\":\"en-US\"},{\"@type\":\"Organization\",\"@id\":\"https:\/\/www.monaxis.lt\/en\/#organization\",\"name\":\"Monaxis\",\"url\":\"https:\/\/www.monaxis.lt\/en\/\",\"logo\":{\"@type\":\"ImageObject\",\"inLanguage\":\"en-US\",\"@id\":\"https:\/\/www.monaxis.lt\/en\/#\/schema\/logo\/image\/\",\"url\":\"https:\/\/www.monaxis.lt\/wp-content\/uploads\/2023\/03\/logo-1.png\",\"contentUrl\":\"https:\/\/www.monaxis.lt\/wp-content\/uploads\/2023\/03\/logo-1.png\",\"width\":205,\"height\":58,\"caption\":\"Monaxis\"},\"image\":{\"@id\":\"https:\/\/www.monaxis.lt\/en\/#\/schema\/logo\/image\/\"}}]}<\/script>\n<!-- \/ Yoast SEO plugin. -->","yoast_head_json":{"title":"Gitterbox pallet bag 800kg | Monaxis","robots":{"index":"index","follow":"follow","max-snippet":"max-snippet:-1","max-image-preview":"max-image-preview:large","max-video-preview":"max-video-preview:-1"},"canonical":"https:\/\/www.monaxis.lt\/en\/parduotuve\/gitterbox-tray-crepsys-800kg-4\/","og_locale":"en_US","og_type":"article","og_title":"Gitterbox pallet bag 800kg | Monaxis","og_description":"Delivery      2-10 d.d.     Possible load     800 kg","og_url":"https:\/\/www.monaxis.lt\/en\/parduotuve\/gitterbox-tray-crepsys-800kg-4\/","og_site_name":"Monaxis","article_modified_time":"2026-03-21T14:12:53+00:00","og_image":[{"width":1024,"height":1024,"url":"https:\/\/www.monaxis.lt\/wp-content\/uploads\/2023\/07\/Gitterbox-padeklu-krepsiai-1-1.webp","type":"image\/webp"}],"twitter_card":"summary_large_image","twitter_misc":{"Est. reading time":"1 minute"},"schema":{"@context":"https:\/\/schema.org","@graph":[{"@type":"WebPage","@id":"https:\/\/www.monaxis.lt\/en\/parduotuve\/gitterbox-tray-crepsys-800kg-4\/","url":"https:\/\/www.monaxis.lt\/en\/parduotuve\/gitterbox-tray-crepsys-800kg-4\/","name":"Gitterbox pallet bag 800kg | Monaxis","isPartOf":{"@id":"https:\/\/www.monaxis.lt\/en\/#website"},"primaryImageOfPage":{"@id":"https:\/\/www.monaxis.lt\/en\/parduotuve\/gitterbox-tray-crepsys-800kg-4\/#primaryimage"},"image":{"@id":"https:\/\/www.monaxis.lt\/en\/parduotuve\/gitterbox-tray-crepsys-800kg-4\/#primaryimage"},"thumbnailUrl":"https:\/\/www.monaxis.lt\/wp-content\/uploads\/2023\/07\/Gitterbox-padeklu-krepsiai-1-1.webp","datePublished":"2023-07-25T08:27:59+00:00","dateModified":"2026-03-21T14:12:53+00:00","breadcrumb":{"@id":"https:\/\/www.monaxis.lt\/en\/parduotuve\/gitterbox-tray-crepsys-800kg-4\/#breadcrumb"},"inLanguage":"en-US","potentialAction":[{"@type":"ReadAction","target":["https:\/\/www.monaxis.lt\/en\/parduotuve\/gitterbox-tray-crepsys-800kg-4\/"]}]},{"@type":"ImageObject","inLanguage":"en-US","@id":"https:\/\/www.monaxis.lt\/en\/parduotuve\/gitterbox-tray-crepsys-800kg-4\/#primaryimage","url":"https:\/\/www.monaxis.lt\/wp-content\/uploads\/2023\/07\/Gitterbox-padeklu-krepsiai-1-1.webp","contentUrl":"https:\/\/www.monaxis.lt\/wp-content\/uploads\/2023\/07\/Gitterbox-padeklu-krepsiai-1-1.webp","width":1024,"height":1024},{"@type":"BreadcrumbList","@id":"https:\/\/www.monaxis.lt\/en\/parduotuve\/gitterbox-tray-crepsys-800kg-4\/#breadcrumb","itemListElement":[{"@type":"ListItem","position":1,"name":"Pagrindinis","item":"https:\/\/www.monaxis.lt\/en\/"},{"@type":"ListItem","position":2,"name":"Shop","item":"https:\/\/www.monaxis.lt\/en\/shop\/"},{"@type":"ListItem","position":3,"name":"Storage equipment","item":"https:\/\/www.monaxis.lt\/en\/produkto-kategorija\/storage-equipment\/"},{"@type":"ListItem","position":4,"name":"Gitterboxes","item":"https:\/\/www.monaxis.lt\/en\/produkto-kategorija\/storage-equipment\/gitterboxes\/"},{"@type":"ListItem","position":5,"name":"Gitterbox pallet bag 800kg"}]},{"@type":"WebSite","@id":"https:\/\/www.monaxis.lt\/en\/#website","url":"https:\/\/www.monaxis.lt\/en\/","name":"Monaxis","description":"Prekybin\u0117, bei \u0161aldymo \u012franga","publisher":{"@id":"https:\/\/www.monaxis.lt\/en\/#organization"},"potentialAction":[{"@type":"SearchAction","target":{"@type":"EntryPoint","urlTemplate":"https:\/\/www.monaxis.lt\/en\/?s={search_term_string}"},"query-input":{"@type":"PropertyValueSpecification","valueRequired":true,"valueName":"search_term_string"}}],"inLanguage":"en-US"},{"@type":"Organization","@id":"https:\/\/www.monaxis.lt\/en\/#organization","name":"Monaxis","url":"https:\/\/www.monaxis.lt\/en\/","logo":{"@type":"ImageObject","inLanguage":"en-US","@id":"https:\/\/www.monaxis.lt\/en\/#\/schema\/logo\/image\/","url":"https:\/\/www.monaxis.lt\/wp-content\/uploads\/2023\/03\/logo-1.png","contentUrl":"https:\/\/www.monaxis.lt\/wp-content\/uploads\/2023\/03\/logo-1.png","width":205,"height":58,"caption":"Monaxis"},"image":{"@id":"https:\/\/www.monaxis.lt\/en\/#\/schema\/logo\/image\/"}}]}},"_links":{"self":[{"href":"https:\/\/www.monaxis.lt\/en\/wp-json\/wp\/v2\/product\/9363","targetHints":{"allow":["GET"]}}],"collection":[{"href":"https:\/\/www.monaxis.lt\/en\/wp-json\/wp\/v2\/product"}],"about":[{"href":"https:\/\/www.monaxis.lt\/en\/wp-json\/wp\/v2\/types\/product"}],"replies":[{"embeddable":true,"href":"https:\/\/www.monaxis.lt\/en\/wp-json\/wp\/v2\/comments?post=9363"}],"wp:featuredmedia":[{"embeddable":true,"href":"https:\/\/www.monaxis.lt\/en\/wp-json\/wp\/v2\/media\/9141"}],"wp:attachment":[{"href":"https:\/\/www.monaxis.lt\/en\/wp-json\/wp\/v2\/media?parent=9363"}],"wp:term":[{"taxonomy":"product_brand","embeddable":true,"href":"https:\/\/www.monaxis.lt\/en\/wp-json\/wp\/v2\/product_brand?post=9363"},{"taxonomy":"product_cat","embeddable":true,"href":"https:\/\/www.monaxis.lt\/en\/wp-json\/wp\/v2\/product_cat?post=9363"},{"taxonomy":"product_tag","embeddable":true,"href":"https:\/\/www.monaxis.lt\/en\/wp-json\/wp\/v2\/product_tag?post=9363"}],"curies":[{"name":"wp","href":"https:\/\/api.w.org\/{rel}","templated":true}]}}