{"id":9366,"date":"2023-07-24T21:52:51","date_gmt":"2023-07-24T18:52:51","guid":{"rendered":"https:\/\/www.monaxis.lt\/parduotuve\/electric-pallet-truck-ame13-li-ion\/"},"modified":"2026-03-21T16:12:46","modified_gmt":"2026-03-21T14:12:46","slug":"electric-start-trolley-ame13-li-ion","status":"publish","type":"product","link":"https:\/\/www.monaxis.lt\/en\/parduotuve\/electric-start-trolley-ame13-li-ion\/","title":{"rendered":"Electric pallet truck AME13 Li-Ion"},"content":{"rendered":"<p>Electric pallet truck with lithium-ion battery &#8211; a must-have for small and medium-sized businesses<br \/>\nThe Jungheinrich AME13 Li-Ion pallet truck, an electric pallet truck, is a classic model for light-duty indoor and outdoor tasks. It can move and lift loads of up to 1300 kg. Ideal for transporting pallets in shops and warehouses, as well as for loading and unloading trucks. The pallet truck is easy to use and highly manoeuvrable, which significantly improves handling and efficiency.<\/p>\n<h4><strong>Advantages of the AME13 pallet truck:<\/strong><br \/>\nHigh manoeuvrability thanks to its compact design<br \/>\nEasily replaceable high-performance lithium-ion battery, fast charging and long service life<br \/>\nFunctionally designed handle for comfortable operation for right- and left-handed users<br \/>\nThe support wheels provide excellent driving stability when cornering<br \/>\nDual fork rollers with access rollers, for easy pallet pick-up and placement<br \/>\nThe open chassis and brake design allows easy access to all components<br \/>\nThe AME13 is the attractively priced entry-level model in the Jungheinrich electric pallet truck segment. The electric drive facilitates the daily work of transporting and loading pallets.<br \/>\nCost-effective design<br \/>\nThanks to its compact design and low tare weight, the pallet trolley is highly manoeuvrable and can be safely used in confined spaces and load-sensitive environments. <\/h4>\n<p>Powerful battery<br \/>\nInnovative lithium-ion technology offers high efficiency, short charging times and long life. This makes the AME13 forklift trucks both efficient and affordable. Thanks to the practical plug system, the battery can be changed quickly and easily.<\/p>\n<p>Safe use<br \/>\nThe electric elements of the forklift are housed in a sealed, sealed enclosure for safe and reliable outdoor use. The braking system has been further strengthened, which increases safety when working on ramps or sloping areas. The low ground clearance of 35 mm significantly reduces the risk of foot injuries.<\/p>\n<p>Functionality<br \/>\nThe ergonomic joystick with clear colour coding and abrasion-resistant symbols on the keys makes it easy to operate all functions. The low setting reduces the effort required to drive the pallet truck. The electric transport trolley makes it easy to handle both right- and left-handers.<\/p>\n<p>Economy<br \/>\nMaintenance-free and highly efficient three-phase technology reduces operating costs and creates the best conditions for fast and cost-effective handling. The 0.65 kW engine provides fast acceleration and excellent driveability. The electric wheelchair with load has a cruising speed of 4.8 km\/h without load 5 km\/h.<\/p>\n<p>&nbsp;<\/p>\n","protected":false},"excerpt":{"rendered":"<div class=\"product__parameter__name\"><strong><span class=\"product__parameter__name__text\"><img decoding=\"async\" class=\"alignnone wp-image-7601\" src=\"https:\/\/www.monaxis.lt\/wp-content\/uploads\/2023\/03\/delivery-1-150x150.png\" alt=\"\" width=\"23\" height=\"23\" srcset=\"https:\/\/www.monaxis.lt\/wp-content\/uploads\/2023\/03\/delivery-1-150x150.png 150w, https:\/\/www.monaxis.lt\/wp-content\/uploads\/2023\/03\/delivery-1-300x300.png 300w, https:\/\/www.monaxis.lt\/wp-content\/uploads\/2023\/03\/delivery-1.png 512w\" sizes=\"(max-width: 23px) 100vw, 23px\" \/> Delivery <\/span><\/strong><\/div>\n<div class=\"product__parameter__value\"><span class=\"product__parameter__value__text\" style=\"font-size: 75%;\">     <strong>   <span style=\"color: #999999;\"> 2-10 d.d.<\/span><\/strong><\/span><\/div>\n<div class=\"product__parameter__name\">\n<div>\n<hr>\n<\/div>\n<div>\n<div class=\"product__parameter__value\"><img decoding=\"async\" class=\"alignnone wp-image-7950\" src=\"https:\/\/www.monaxis.lt\/wp-content\/uploads\/2023\/07\/forklift.png\" alt=\"\" width=\"23\" height=\"23\"> <strong>Lifting capacity<\/strong><\/div>\n<div><strong><span style=\"font-size: 75%; color: #999999;\">  1300 kg<\/span><\/strong><\/div>\n<\/div>\n<\/div>\n","protected":false},"featured_media":9096,"comment_status":"open","ping_status":"closed","template":"","meta":[],"product_brand":[],"product_cat":[131,124,128],"product_tag":[],"class_list":{"0":"post-9366","1":"product","2":"type-product","3":"status-publish","4":"has-post-thumbnail","6":"product_cat-electric-pallet-trucks","7":"product_cat-storage-equipment","8":"product_cat-transport-trolleys","10":"first","11":"instock","12":"taxable","13":"shipping-taxable","14":"purchasable","15":"product-type-simple"},"yoast_head":"<!-- This site is optimized with the Yoast SEO plugin v27.1.1 - https:\/\/yoast.com\/product\/yoast-seo-wordpress\/ -->\n<title>Electric pallet truck AME13 Li-Ion | Monaxis<\/title>\n<meta name=\"robots\" content=\"index, follow, max-snippet:-1, max-image-preview:large, max-video-preview:-1\" \/>\n<link rel=\"canonical\" href=\"https:\/\/www.monaxis.lt\/en\/parduotuve\/electric-start-trolley-ame13-li-ion\/\" \/>\n<meta property=\"og:locale\" content=\"en_US\" \/>\n<meta property=\"og:type\" content=\"article\" \/>\n<meta property=\"og:title\" content=\"Electric pallet truck AME13 Li-Ion | Monaxis\" \/>\n<meta property=\"og:description\" content=\"Delivery      2-10 d.d.     Lifting capacity  1300 kg\" \/>\n<meta property=\"og:url\" content=\"https:\/\/www.monaxis.lt\/en\/parduotuve\/electric-start-trolley-ame13-li-ion\/\" \/>\n<meta property=\"og:site_name\" content=\"Monaxis\" \/>\n<meta property=\"article:modified_time\" content=\"2026-03-21T14:12:46+00:00\" \/>\n<meta property=\"og:image\" content=\"https:\/\/www.monaxis.lt\/wp-content\/uploads\/2023\/07\/Elektriniai-paleciu-vezimeliai-1.webp\" \/>\n\t<meta property=\"og:image:width\" content=\"1024\" \/>\n\t<meta property=\"og:image:height\" content=\"1024\" \/>\n\t<meta property=\"og:image:type\" content=\"image\/webp\" \/>\n<meta name=\"twitter:card\" content=\"summary_large_image\" \/>\n<meta name=\"twitter:label1\" content=\"Est. reading time\" \/>\n\t<meta name=\"twitter:data1\" content=\"2 minutes\" \/>\n<script type=\"application\/ld+json\" class=\"yoast-schema-graph\">{\"@context\":\"https:\/\/schema.org\",\"@graph\":[{\"@type\":\"WebPage\",\"@id\":\"https:\/\/www.monaxis.lt\/en\/parduotuve\/electric-start-trolley-ame13-li-ion\/\",\"url\":\"https:\/\/www.monaxis.lt\/en\/parduotuve\/electric-start-trolley-ame13-li-ion\/\",\"name\":\"Electric pallet truck AME13 Li-Ion | Monaxis\",\"isPartOf\":{\"@id\":\"https:\/\/www.monaxis.lt\/en\/#website\"},\"primaryImageOfPage\":{\"@id\":\"https:\/\/www.monaxis.lt\/en\/parduotuve\/electric-start-trolley-ame13-li-ion\/#primaryimage\"},\"image\":{\"@id\":\"https:\/\/www.monaxis.lt\/en\/parduotuve\/electric-start-trolley-ame13-li-ion\/#primaryimage\"},\"thumbnailUrl\":\"https:\/\/www.monaxis.lt\/wp-content\/uploads\/2023\/07\/Elektriniai-paleciu-vezimeliai-1.webp\",\"datePublished\":\"2023-07-24T18:52:51+00:00\",\"dateModified\":\"2026-03-21T14:12:46+00:00\",\"breadcrumb\":{\"@id\":\"https:\/\/www.monaxis.lt\/en\/parduotuve\/electric-start-trolley-ame13-li-ion\/#breadcrumb\"},\"inLanguage\":\"en-US\",\"potentialAction\":[{\"@type\":\"ReadAction\",\"target\":[\"https:\/\/www.monaxis.lt\/en\/parduotuve\/electric-start-trolley-ame13-li-ion\/\"]}]},{\"@type\":\"ImageObject\",\"inLanguage\":\"en-US\",\"@id\":\"https:\/\/www.monaxis.lt\/en\/parduotuve\/electric-start-trolley-ame13-li-ion\/#primaryimage\",\"url\":\"https:\/\/www.monaxis.lt\/wp-content\/uploads\/2023\/07\/Elektriniai-paleciu-vezimeliai-1.webp\",\"contentUrl\":\"https:\/\/www.monaxis.lt\/wp-content\/uploads\/2023\/07\/Elektriniai-paleciu-vezimeliai-1.webp\",\"width\":1024,\"height\":1024},{\"@type\":\"BreadcrumbList\",\"@id\":\"https:\/\/www.monaxis.lt\/en\/parduotuve\/electric-start-trolley-ame13-li-ion\/#breadcrumb\",\"itemListElement\":[{\"@type\":\"ListItem\",\"position\":1,\"name\":\"Pagrindinis\",\"item\":\"https:\/\/www.monaxis.lt\/en\/\"},{\"@type\":\"ListItem\",\"position\":2,\"name\":\"Shop\",\"item\":\"https:\/\/www.monaxis.lt\/en\/shop\/\"},{\"@type\":\"ListItem\",\"position\":3,\"name\":\"Storage equipment\",\"item\":\"https:\/\/www.monaxis.lt\/en\/produkto-kategorija\/storage-equipment\/\"},{\"@type\":\"ListItem\",\"position\":4,\"name\":\"Transport trolleys\",\"item\":\"https:\/\/www.monaxis.lt\/en\/produkto-kategorija\/storage-equipment\/transport-trolleys\/\"},{\"@type\":\"ListItem\",\"position\":5,\"name\":\"Electric pallet trucks\",\"item\":\"https:\/\/www.monaxis.lt\/en\/produkto-kategorija\/storage-equipment\/transport-trolleys\/electric-pallet-trucks\/\"},{\"@type\":\"ListItem\",\"position\":6,\"name\":\"Electric pallet truck AME13 Li-Ion\"}]},{\"@type\":\"WebSite\",\"@id\":\"https:\/\/www.monaxis.lt\/en\/#website\",\"url\":\"https:\/\/www.monaxis.lt\/en\/\",\"name\":\"Monaxis\",\"description\":\"Prekybin\u0117, bei \u0161aldymo \u012franga\",\"publisher\":{\"@id\":\"https:\/\/www.monaxis.lt\/en\/#organization\"},\"potentialAction\":[{\"@type\":\"SearchAction\",\"target\":{\"@type\":\"EntryPoint\",\"urlTemplate\":\"https:\/\/www.monaxis.lt\/en\/?s={search_term_string}\"},\"query-input\":{\"@type\":\"PropertyValueSpecification\",\"valueRequired\":true,\"valueName\":\"search_term_string\"}}],\"inLanguage\":\"en-US\"},{\"@type\":\"Organization\",\"@id\":\"https:\/\/www.monaxis.lt\/en\/#organization\",\"name\":\"Monaxis\",\"url\":\"https:\/\/www.monaxis.lt\/en\/\",\"logo\":{\"@type\":\"ImageObject\",\"inLanguage\":\"en-US\",\"@id\":\"https:\/\/www.monaxis.lt\/en\/#\/schema\/logo\/image\/\",\"url\":\"https:\/\/www.monaxis.lt\/wp-content\/uploads\/2023\/03\/logo-1.png\",\"contentUrl\":\"https:\/\/www.monaxis.lt\/wp-content\/uploads\/2023\/03\/logo-1.png\",\"width\":205,\"height\":58,\"caption\":\"Monaxis\"},\"image\":{\"@id\":\"https:\/\/www.monaxis.lt\/en\/#\/schema\/logo\/image\/\"}}]}<\/script>\n<!-- \/ Yoast SEO plugin. -->","yoast_head_json":{"title":"Electric pallet truck AME13 Li-Ion | Monaxis","robots":{"index":"index","follow":"follow","max-snippet":"max-snippet:-1","max-image-preview":"max-image-preview:large","max-video-preview":"max-video-preview:-1"},"canonical":"https:\/\/www.monaxis.lt\/en\/parduotuve\/electric-start-trolley-ame13-li-ion\/","og_locale":"en_US","og_type":"article","og_title":"Electric pallet truck AME13 Li-Ion | Monaxis","og_description":"Delivery      2-10 d.d.     Lifting capacity  1300 kg","og_url":"https:\/\/www.monaxis.lt\/en\/parduotuve\/electric-start-trolley-ame13-li-ion\/","og_site_name":"Monaxis","article_modified_time":"2026-03-21T14:12:46+00:00","og_image":[{"width":1024,"height":1024,"url":"https:\/\/www.monaxis.lt\/wp-content\/uploads\/2023\/07\/Elektriniai-paleciu-vezimeliai-1.webp","type":"image\/webp"}],"twitter_card":"summary_large_image","twitter_misc":{"Est. reading time":"2 minutes"},"schema":{"@context":"https:\/\/schema.org","@graph":[{"@type":"WebPage","@id":"https:\/\/www.monaxis.lt\/en\/parduotuve\/electric-start-trolley-ame13-li-ion\/","url":"https:\/\/www.monaxis.lt\/en\/parduotuve\/electric-start-trolley-ame13-li-ion\/","name":"Electric pallet truck AME13 Li-Ion | Monaxis","isPartOf":{"@id":"https:\/\/www.monaxis.lt\/en\/#website"},"primaryImageOfPage":{"@id":"https:\/\/www.monaxis.lt\/en\/parduotuve\/electric-start-trolley-ame13-li-ion\/#primaryimage"},"image":{"@id":"https:\/\/www.monaxis.lt\/en\/parduotuve\/electric-start-trolley-ame13-li-ion\/#primaryimage"},"thumbnailUrl":"https:\/\/www.monaxis.lt\/wp-content\/uploads\/2023\/07\/Elektriniai-paleciu-vezimeliai-1.webp","datePublished":"2023-07-24T18:52:51+00:00","dateModified":"2026-03-21T14:12:46+00:00","breadcrumb":{"@id":"https:\/\/www.monaxis.lt\/en\/parduotuve\/electric-start-trolley-ame13-li-ion\/#breadcrumb"},"inLanguage":"en-US","potentialAction":[{"@type":"ReadAction","target":["https:\/\/www.monaxis.lt\/en\/parduotuve\/electric-start-trolley-ame13-li-ion\/"]}]},{"@type":"ImageObject","inLanguage":"en-US","@id":"https:\/\/www.monaxis.lt\/en\/parduotuve\/electric-start-trolley-ame13-li-ion\/#primaryimage","url":"https:\/\/www.monaxis.lt\/wp-content\/uploads\/2023\/07\/Elektriniai-paleciu-vezimeliai-1.webp","contentUrl":"https:\/\/www.monaxis.lt\/wp-content\/uploads\/2023\/07\/Elektriniai-paleciu-vezimeliai-1.webp","width":1024,"height":1024},{"@type":"BreadcrumbList","@id":"https:\/\/www.monaxis.lt\/en\/parduotuve\/electric-start-trolley-ame13-li-ion\/#breadcrumb","itemListElement":[{"@type":"ListItem","position":1,"name":"Pagrindinis","item":"https:\/\/www.monaxis.lt\/en\/"},{"@type":"ListItem","position":2,"name":"Shop","item":"https:\/\/www.monaxis.lt\/en\/shop\/"},{"@type":"ListItem","position":3,"name":"Storage equipment","item":"https:\/\/www.monaxis.lt\/en\/produkto-kategorija\/storage-equipment\/"},{"@type":"ListItem","position":4,"name":"Transport trolleys","item":"https:\/\/www.monaxis.lt\/en\/produkto-kategorija\/storage-equipment\/transport-trolleys\/"},{"@type":"ListItem","position":5,"name":"Electric pallet trucks","item":"https:\/\/www.monaxis.lt\/en\/produkto-kategorija\/storage-equipment\/transport-trolleys\/electric-pallet-trucks\/"},{"@type":"ListItem","position":6,"name":"Electric pallet truck AME13 Li-Ion"}]},{"@type":"WebSite","@id":"https:\/\/www.monaxis.lt\/en\/#website","url":"https:\/\/www.monaxis.lt\/en\/","name":"Monaxis","description":"Prekybin\u0117, bei \u0161aldymo \u012franga","publisher":{"@id":"https:\/\/www.monaxis.lt\/en\/#organization"},"potentialAction":[{"@type":"SearchAction","target":{"@type":"EntryPoint","urlTemplate":"https:\/\/www.monaxis.lt\/en\/?s={search_term_string}"},"query-input":{"@type":"PropertyValueSpecification","valueRequired":true,"valueName":"search_term_string"}}],"inLanguage":"en-US"},{"@type":"Organization","@id":"https:\/\/www.monaxis.lt\/en\/#organization","name":"Monaxis","url":"https:\/\/www.monaxis.lt\/en\/","logo":{"@type":"ImageObject","inLanguage":"en-US","@id":"https:\/\/www.monaxis.lt\/en\/#\/schema\/logo\/image\/","url":"https:\/\/www.monaxis.lt\/wp-content\/uploads\/2023\/03\/logo-1.png","contentUrl":"https:\/\/www.monaxis.lt\/wp-content\/uploads\/2023\/03\/logo-1.png","width":205,"height":58,"caption":"Monaxis"},"image":{"@id":"https:\/\/www.monaxis.lt\/en\/#\/schema\/logo\/image\/"}}]}},"_links":{"self":[{"href":"https:\/\/www.monaxis.lt\/en\/wp-json\/wp\/v2\/product\/9366","targetHints":{"allow":["GET"]}}],"collection":[{"href":"https:\/\/www.monaxis.lt\/en\/wp-json\/wp\/v2\/product"}],"about":[{"href":"https:\/\/www.monaxis.lt\/en\/wp-json\/wp\/v2\/types\/product"}],"replies":[{"embeddable":true,"href":"https:\/\/www.monaxis.lt\/en\/wp-json\/wp\/v2\/comments?post=9366"}],"wp:featuredmedia":[{"embeddable":true,"href":"https:\/\/www.monaxis.lt\/en\/wp-json\/wp\/v2\/media\/9096"}],"wp:attachment":[{"href":"https:\/\/www.monaxis.lt\/en\/wp-json\/wp\/v2\/media?parent=9366"}],"wp:term":[{"taxonomy":"product_brand","embeddable":true,"href":"https:\/\/www.monaxis.lt\/en\/wp-json\/wp\/v2\/product_brand?post=9366"},{"taxonomy":"product_cat","embeddable":true,"href":"https:\/\/www.monaxis.lt\/en\/wp-json\/wp\/v2\/product_cat?post=9366"},{"taxonomy":"product_tag","embeddable":true,"href":"https:\/\/www.monaxis.lt\/en\/wp-json\/wp\/v2\/product_tag?post=9366"}],"curies":[{"name":"wp","href":"https:\/\/api.w.org\/{rel}","templated":true}]}}