{"id":9368,"date":"2023-07-24T19:29:30","date_gmt":"2023-07-24T16:29:30","guid":{"rendered":"https:\/\/www.monaxis.lt\/parduotuve\/hand-pallet-truck-l-2000-ntn\/"},"modified":"2026-03-21T16:12:46","modified_gmt":"2026-03-21T14:12:46","slug":"manual-launching-carrier-l-2000-ntn","status":"publish","type":"product","link":"https:\/\/www.monaxis.lt\/en\/parduotuve\/manual-launching-carrier-l-2000-ntn\/","title":{"rendered":"Hand pallet truck L-2000 NTN"},"content":{"rendered":"<p>Long hand pallet truck with vulkollan wheels &#8211; an equipment item for warehouses, shops, vans<br \/>\nThe long hand pallet truck, made in Poland, is a reliable all-rounder. The transport trolley is ideal for loading and unloading goods or lifting products weighing up to 2500 kg . It offers outstanding functionality for faster and safer work. Manual trucks are easy to use and do not require special permits.<\/p>\n<p><strong>Advantages of the Long Transport Trolley:<\/strong><br \/>\nRobust construction &#8211; made of excellent quality 18G2A steel, powder-coated with phosphate corrosion protection to guarantee durability and efficient performance.<\/p>\n<p>Replaceable self-lubricating bearings (each pallet trolley comes with 18 pieces)<br \/>\nQuiet operation &#8211; thanks to the use of wheels and double Vulkollan rollers, which offer high resistance and low noise levels. The wheels and rollers leave no traces on the floor.<br \/>\nDurability &#8211; the pallet truck&#8217;s lifting capacity allows you to transport products weighing up to 2.5 tonnes.<\/p>\n<h3><strong>Types of wheels available on manual wheelchairs:  <\/strong><\/h3>\n<table>\n<tbody>\n<tr>\n<td><strong>TIpas<\/strong><\/td>\n<td><strong>Polyurethane (VTV) &#8211; yellow<\/strong><\/td>\n<td><strong>Polyamide (NTN) &#8211; white<\/strong><\/td>\n<\/tr>\n<tr>\n<td><strong><br \/>\nCharacteristics<\/strong><\/td>\n<td>Very high resistance to abrasion, cutting, silent, traceless.<\/p>\n<p><img decoding=\"async\" class=\"size-thumbnail wp-image-8028 aligncenter\" src=\"https:\/\/www.monaxis.lt\/wp-content\/uploads\/2023\/07\/ratukai-2-150x150.png\" alt=\"\" width=\"150\" height=\"150\" srcset=\"https:\/\/www.monaxis.lt\/wp-content\/uploads\/2023\/07\/ratukai-2-150x150.png 150w, https:\/\/www.monaxis.lt\/wp-content\/uploads\/2023\/07\/ratukai-2-300x300.png 300w, https:\/\/www.monaxis.lt\/wp-content\/uploads\/2023\/07\/ratukai-2-768x768.png 768w, https:\/\/www.monaxis.lt\/wp-content\/uploads\/2023\/07\/ratukai-2.png 1024w\" sizes=\"(max-width: 150px) 100vw, 150px\" \/><\/td>\n<td>For a smooth surface. Resistant to chemicals. Slight, low running resistance.<img decoding=\"async\" class=\"size-thumbnail wp-image-8029 aligncenter\" src=\"https:\/\/www.monaxis.lt\/wp-content\/uploads\/2023\/07\/ratukai1-2-150x150.png\" alt=\"\" width=\"150\" height=\"150\" srcset=\"https:\/\/www.monaxis.lt\/wp-content\/uploads\/2023\/07\/ratukai1-2-150x150.png 150w, https:\/\/www.monaxis.lt\/wp-content\/uploads\/2023\/07\/ratukai1-2-300x300.png 300w, https:\/\/www.monaxis.lt\/wp-content\/uploads\/2023\/07\/ratukai1-2-768x768.png 768w, https:\/\/www.monaxis.lt\/wp-content\/uploads\/2023\/07\/ratukai1-2.png 1024w\" sizes=\"(max-width: 150px) 100vw, 150px\" \/><\/td>\n<\/tr>\n<\/tbody>\n<\/table>\n<p>&nbsp;<\/p>\n","protected":false},"excerpt":{"rendered":"<p>Long hand pallet truck with vulkollan wheels &#8211; an equipment item for warehouses, shops, vans The long hand pallet truck, made in Poland, is a reliable all-rounder. The transport trolley is ideal for loading and unloading goods or lifting products weighing up to 2500 kg . It offers outstanding functionality for faster and safer work. [&#8230;]\n","protected":false},"featured_media":9089,"comment_status":"open","ping_status":"closed","template":"","meta":[],"product_brand":[],"product_cat":[133,124,128],"product_tag":[],"class_list":{"0":"post-9368","1":"product","2":"type-product","3":"status-publish","4":"has-post-thumbnail","6":"product_cat-hand-pallet-trucks","7":"product_cat-storage-equipment","8":"product_cat-transport-trolleys","10":"first","11":"instock","12":"taxable","13":"shipping-taxable","14":"purchasable","15":"product-type-simple"},"yoast_head":"<!-- This site is optimized with the Yoast SEO plugin v27.1.1 - https:\/\/yoast.com\/product\/yoast-seo-wordpress\/ -->\n<title>Hand pallet truck L-2000 NTN | Monaxis<\/title>\n<meta name=\"robots\" content=\"index, follow, max-snippet:-1, max-image-preview:large, max-video-preview:-1\" \/>\n<link rel=\"canonical\" href=\"https:\/\/www.monaxis.lt\/en\/parduotuve\/manual-launching-carrier-l-2000-ntn\/\" \/>\n<meta property=\"og:locale\" content=\"en_US\" \/>\n<meta property=\"og:type\" content=\"article\" \/>\n<meta property=\"og:title\" content=\"Hand pallet truck L-2000 NTN | Monaxis\" \/>\n<meta property=\"og:description\" content=\"Long hand pallet truck with vulkollan wheels &#8211; an equipment item for warehouses, shops, vans The long hand pallet truck, made in Poland, is a reliable all-rounder. The transport trolley is ideal for loading and unloading goods or lifting products weighing up to 2500 kg . It offers outstanding functionality for faster and safer work. [...]\" \/>\n<meta property=\"og:url\" content=\"https:\/\/www.monaxis.lt\/en\/parduotuve\/manual-launching-carrier-l-2000-ntn\/\" \/>\n<meta property=\"og:site_name\" content=\"Monaxis\" \/>\n<meta property=\"article:modified_time\" content=\"2026-03-21T14:12:46+00:00\" \/>\n<meta property=\"og:image\" content=\"https:\/\/www.monaxis.lt\/wp-content\/uploads\/2023\/07\/Rankiniai-paleciu-vezimeliai-1-1.webp\" \/>\n\t<meta property=\"og:image:width\" content=\"1024\" \/>\n\t<meta property=\"og:image:height\" content=\"1024\" \/>\n\t<meta property=\"og:image:type\" content=\"image\/webp\" \/>\n<meta name=\"twitter:card\" content=\"summary_large_image\" \/>\n<meta name=\"twitter:label1\" content=\"Est. reading time\" \/>\n\t<meta name=\"twitter:data1\" content=\"1 minute\" \/>\n<script type=\"application\/ld+json\" class=\"yoast-schema-graph\">{\"@context\":\"https:\/\/schema.org\",\"@graph\":[{\"@type\":\"WebPage\",\"@id\":\"https:\/\/www.monaxis.lt\/en\/parduotuve\/manual-launching-carrier-l-2000-ntn\/\",\"url\":\"https:\/\/www.monaxis.lt\/en\/parduotuve\/manual-launching-carrier-l-2000-ntn\/\",\"name\":\"Hand pallet truck L-2000 NTN | Monaxis\",\"isPartOf\":{\"@id\":\"https:\/\/www.monaxis.lt\/en\/#website\"},\"primaryImageOfPage\":{\"@id\":\"https:\/\/www.monaxis.lt\/en\/parduotuve\/manual-launching-carrier-l-2000-ntn\/#primaryimage\"},\"image\":{\"@id\":\"https:\/\/www.monaxis.lt\/en\/parduotuve\/manual-launching-carrier-l-2000-ntn\/#primaryimage\"},\"thumbnailUrl\":\"https:\/\/www.monaxis.lt\/wp-content\/uploads\/2023\/07\/Rankiniai-paleciu-vezimeliai-1-1.webp\",\"datePublished\":\"2023-07-24T16:29:30+00:00\",\"dateModified\":\"2026-03-21T14:12:46+00:00\",\"breadcrumb\":{\"@id\":\"https:\/\/www.monaxis.lt\/en\/parduotuve\/manual-launching-carrier-l-2000-ntn\/#breadcrumb\"},\"inLanguage\":\"en-US\",\"potentialAction\":[{\"@type\":\"ReadAction\",\"target\":[\"https:\/\/www.monaxis.lt\/en\/parduotuve\/manual-launching-carrier-l-2000-ntn\/\"]}]},{\"@type\":\"ImageObject\",\"inLanguage\":\"en-US\",\"@id\":\"https:\/\/www.monaxis.lt\/en\/parduotuve\/manual-launching-carrier-l-2000-ntn\/#primaryimage\",\"url\":\"https:\/\/www.monaxis.lt\/wp-content\/uploads\/2023\/07\/Rankiniai-paleciu-vezimeliai-1-1.webp\",\"contentUrl\":\"https:\/\/www.monaxis.lt\/wp-content\/uploads\/2023\/07\/Rankiniai-paleciu-vezimeliai-1-1.webp\",\"width\":1024,\"height\":1024},{\"@type\":\"BreadcrumbList\",\"@id\":\"https:\/\/www.monaxis.lt\/en\/parduotuve\/manual-launching-carrier-l-2000-ntn\/#breadcrumb\",\"itemListElement\":[{\"@type\":\"ListItem\",\"position\":1,\"name\":\"Pagrindinis\",\"item\":\"https:\/\/www.monaxis.lt\/en\/\"},{\"@type\":\"ListItem\",\"position\":2,\"name\":\"Shop\",\"item\":\"https:\/\/www.monaxis.lt\/en\/shop\/\"},{\"@type\":\"ListItem\",\"position\":3,\"name\":\"Storage equipment\",\"item\":\"https:\/\/www.monaxis.lt\/en\/produkto-kategorija\/storage-equipment\/\"},{\"@type\":\"ListItem\",\"position\":4,\"name\":\"Transport trolleys\",\"item\":\"https:\/\/www.monaxis.lt\/en\/produkto-kategorija\/storage-equipment\/transport-trolleys\/\"},{\"@type\":\"ListItem\",\"position\":5,\"name\":\"Hand pallet trucks\",\"item\":\"https:\/\/www.monaxis.lt\/en\/produkto-kategorija\/storage-equipment\/transport-trolleys\/hand-pallet-trucks\/\"},{\"@type\":\"ListItem\",\"position\":6,\"name\":\"Hand pallet truck L-2000 NTN\"}]},{\"@type\":\"WebSite\",\"@id\":\"https:\/\/www.monaxis.lt\/en\/#website\",\"url\":\"https:\/\/www.monaxis.lt\/en\/\",\"name\":\"Monaxis\",\"description\":\"Prekybin\u0117, bei \u0161aldymo \u012franga\",\"publisher\":{\"@id\":\"https:\/\/www.monaxis.lt\/en\/#organization\"},\"potentialAction\":[{\"@type\":\"SearchAction\",\"target\":{\"@type\":\"EntryPoint\",\"urlTemplate\":\"https:\/\/www.monaxis.lt\/en\/?s={search_term_string}\"},\"query-input\":{\"@type\":\"PropertyValueSpecification\",\"valueRequired\":true,\"valueName\":\"search_term_string\"}}],\"inLanguage\":\"en-US\"},{\"@type\":\"Organization\",\"@id\":\"https:\/\/www.monaxis.lt\/en\/#organization\",\"name\":\"Monaxis\",\"url\":\"https:\/\/www.monaxis.lt\/en\/\",\"logo\":{\"@type\":\"ImageObject\",\"inLanguage\":\"en-US\",\"@id\":\"https:\/\/www.monaxis.lt\/en\/#\/schema\/logo\/image\/\",\"url\":\"https:\/\/www.monaxis.lt\/wp-content\/uploads\/2023\/03\/logo-1.png\",\"contentUrl\":\"https:\/\/www.monaxis.lt\/wp-content\/uploads\/2023\/03\/logo-1.png\",\"width\":205,\"height\":58,\"caption\":\"Monaxis\"},\"image\":{\"@id\":\"https:\/\/www.monaxis.lt\/en\/#\/schema\/logo\/image\/\"}}]}<\/script>\n<!-- \/ Yoast SEO plugin. -->","yoast_head_json":{"title":"Hand pallet truck L-2000 NTN | Monaxis","robots":{"index":"index","follow":"follow","max-snippet":"max-snippet:-1","max-image-preview":"max-image-preview:large","max-video-preview":"max-video-preview:-1"},"canonical":"https:\/\/www.monaxis.lt\/en\/parduotuve\/manual-launching-carrier-l-2000-ntn\/","og_locale":"en_US","og_type":"article","og_title":"Hand pallet truck L-2000 NTN | Monaxis","og_description":"Long hand pallet truck with vulkollan wheels &#8211; an equipment item for warehouses, shops, vans The long hand pallet truck, made in Poland, is a reliable all-rounder. The transport trolley is ideal for loading and unloading goods or lifting products weighing up to 2500 kg . It offers outstanding functionality for faster and safer work. [...]","og_url":"https:\/\/www.monaxis.lt\/en\/parduotuve\/manual-launching-carrier-l-2000-ntn\/","og_site_name":"Monaxis","article_modified_time":"2026-03-21T14:12:46+00:00","og_image":[{"width":1024,"height":1024,"url":"https:\/\/www.monaxis.lt\/wp-content\/uploads\/2023\/07\/Rankiniai-paleciu-vezimeliai-1-1.webp","type":"image\/webp"}],"twitter_card":"summary_large_image","twitter_misc":{"Est. reading time":"1 minute"},"schema":{"@context":"https:\/\/schema.org","@graph":[{"@type":"WebPage","@id":"https:\/\/www.monaxis.lt\/en\/parduotuve\/manual-launching-carrier-l-2000-ntn\/","url":"https:\/\/www.monaxis.lt\/en\/parduotuve\/manual-launching-carrier-l-2000-ntn\/","name":"Hand pallet truck L-2000 NTN | Monaxis","isPartOf":{"@id":"https:\/\/www.monaxis.lt\/en\/#website"},"primaryImageOfPage":{"@id":"https:\/\/www.monaxis.lt\/en\/parduotuve\/manual-launching-carrier-l-2000-ntn\/#primaryimage"},"image":{"@id":"https:\/\/www.monaxis.lt\/en\/parduotuve\/manual-launching-carrier-l-2000-ntn\/#primaryimage"},"thumbnailUrl":"https:\/\/www.monaxis.lt\/wp-content\/uploads\/2023\/07\/Rankiniai-paleciu-vezimeliai-1-1.webp","datePublished":"2023-07-24T16:29:30+00:00","dateModified":"2026-03-21T14:12:46+00:00","breadcrumb":{"@id":"https:\/\/www.monaxis.lt\/en\/parduotuve\/manual-launching-carrier-l-2000-ntn\/#breadcrumb"},"inLanguage":"en-US","potentialAction":[{"@type":"ReadAction","target":["https:\/\/www.monaxis.lt\/en\/parduotuve\/manual-launching-carrier-l-2000-ntn\/"]}]},{"@type":"ImageObject","inLanguage":"en-US","@id":"https:\/\/www.monaxis.lt\/en\/parduotuve\/manual-launching-carrier-l-2000-ntn\/#primaryimage","url":"https:\/\/www.monaxis.lt\/wp-content\/uploads\/2023\/07\/Rankiniai-paleciu-vezimeliai-1-1.webp","contentUrl":"https:\/\/www.monaxis.lt\/wp-content\/uploads\/2023\/07\/Rankiniai-paleciu-vezimeliai-1-1.webp","width":1024,"height":1024},{"@type":"BreadcrumbList","@id":"https:\/\/www.monaxis.lt\/en\/parduotuve\/manual-launching-carrier-l-2000-ntn\/#breadcrumb","itemListElement":[{"@type":"ListItem","position":1,"name":"Pagrindinis","item":"https:\/\/www.monaxis.lt\/en\/"},{"@type":"ListItem","position":2,"name":"Shop","item":"https:\/\/www.monaxis.lt\/en\/shop\/"},{"@type":"ListItem","position":3,"name":"Storage equipment","item":"https:\/\/www.monaxis.lt\/en\/produkto-kategorija\/storage-equipment\/"},{"@type":"ListItem","position":4,"name":"Transport trolleys","item":"https:\/\/www.monaxis.lt\/en\/produkto-kategorija\/storage-equipment\/transport-trolleys\/"},{"@type":"ListItem","position":5,"name":"Hand pallet trucks","item":"https:\/\/www.monaxis.lt\/en\/produkto-kategorija\/storage-equipment\/transport-trolleys\/hand-pallet-trucks\/"},{"@type":"ListItem","position":6,"name":"Hand pallet truck L-2000 NTN"}]},{"@type":"WebSite","@id":"https:\/\/www.monaxis.lt\/en\/#website","url":"https:\/\/www.monaxis.lt\/en\/","name":"Monaxis","description":"Prekybin\u0117, bei \u0161aldymo \u012franga","publisher":{"@id":"https:\/\/www.monaxis.lt\/en\/#organization"},"potentialAction":[{"@type":"SearchAction","target":{"@type":"EntryPoint","urlTemplate":"https:\/\/www.monaxis.lt\/en\/?s={search_term_string}"},"query-input":{"@type":"PropertyValueSpecification","valueRequired":true,"valueName":"search_term_string"}}],"inLanguage":"en-US"},{"@type":"Organization","@id":"https:\/\/www.monaxis.lt\/en\/#organization","name":"Monaxis","url":"https:\/\/www.monaxis.lt\/en\/","logo":{"@type":"ImageObject","inLanguage":"en-US","@id":"https:\/\/www.monaxis.lt\/en\/#\/schema\/logo\/image\/","url":"https:\/\/www.monaxis.lt\/wp-content\/uploads\/2023\/03\/logo-1.png","contentUrl":"https:\/\/www.monaxis.lt\/wp-content\/uploads\/2023\/03\/logo-1.png","width":205,"height":58,"caption":"Monaxis"},"image":{"@id":"https:\/\/www.monaxis.lt\/en\/#\/schema\/logo\/image\/"}}]}},"_links":{"self":[{"href":"https:\/\/www.monaxis.lt\/en\/wp-json\/wp\/v2\/product\/9368","targetHints":{"allow":["GET"]}}],"collection":[{"href":"https:\/\/www.monaxis.lt\/en\/wp-json\/wp\/v2\/product"}],"about":[{"href":"https:\/\/www.monaxis.lt\/en\/wp-json\/wp\/v2\/types\/product"}],"replies":[{"embeddable":true,"href":"https:\/\/www.monaxis.lt\/en\/wp-json\/wp\/v2\/comments?post=9368"}],"wp:featuredmedia":[{"embeddable":true,"href":"https:\/\/www.monaxis.lt\/en\/wp-json\/wp\/v2\/media\/9089"}],"wp:attachment":[{"href":"https:\/\/www.monaxis.lt\/en\/wp-json\/wp\/v2\/media?parent=9368"}],"wp:term":[{"taxonomy":"product_brand","embeddable":true,"href":"https:\/\/www.monaxis.lt\/en\/wp-json\/wp\/v2\/product_brand?post=9368"},{"taxonomy":"product_cat","embeddable":true,"href":"https:\/\/www.monaxis.lt\/en\/wp-json\/wp\/v2\/product_cat?post=9368"},{"taxonomy":"product_tag","embeddable":true,"href":"https:\/\/www.monaxis.lt\/en\/wp-json\/wp\/v2\/product_tag?post=9368"}],"curies":[{"name":"wp","href":"https:\/\/api.w.org\/{rel}","templated":true}]}}