{"id":9370,"date":"2023-07-24T16:25:58","date_gmt":"2023-07-24T13:25:58","guid":{"rendered":"https:\/\/www.monaxis.lt\/parduotuve\/hand-pallet-truck-l-1150-vtv\/"},"modified":"2026-03-21T16:12:45","modified_gmt":"2026-03-21T14:12:45","slug":"manual-launch-cart-l-1150-vtv","status":"publish","type":"product","link":"https:\/\/www.monaxis.lt\/en\/parduotuve\/manual-launch-cart-l-1150-vtv\/","title":{"rendered":"Hand pallet truck L-1150 VTV"},"content":{"rendered":"<p>ZAKREM hand pallet truck with vulkollan wheels &#8211; an equipment element for wholesalers, warehouses, supermarkets<br \/>\nThe Polish-made ZAKREM hand pallet trucks, pallet trucks, are reliable equipment for universal use. The pallet truck is ideal for short distance loading and unloading of loads weighing up to 2500 kg. It offers outstanding functionality for faster and safer work. Pallet trucks are easy to use and do not require any special permits.<\/p>\n<p><strong>Benefits of the ZAKREM Pallet Trolley:<\/strong><br \/>\nReliable construction &#8211; made of excellent quality 18G2A steel, powder coated with phosphate corrosion protection, which guarantees resistance and efficient operation.<br \/>\nComfort of use &#8211; the work is facilitated by a very comfortable drill made of durable plastic and a specially designed valve for smooth adjustment of the lowering speed.<br \/>\nService life &#8211; easy assembly of the hydraulic unit and replacement of the self-lubricating bearings (each pallet trolley comes with 18 pcs.)<br \/>\nQuiet operation &#8211; thanks to the vulkolan wheels and double rollers manufactured for high resistance and low noise levels. The wheels and rollers leave no traces on the floor.<br \/>\nDurability &#8211; the loader&#8217;s lifting capacity allows you to transport products weighing up to 2.5 tonnes.<\/p>\n","protected":false},"excerpt":{"rendered":"<div class=\"product__parameter__name\"><strong><span class=\"product__parameter__name__text\"><img decoding=\"async\" class=\"alignnone wp-image-7601\" src=\"https:\/\/www.monaxis.lt\/wp-content\/uploads\/2023\/03\/delivery-1-150x150.png\" alt=\"\" width=\"23\" height=\"23\" srcset=\"https:\/\/www.monaxis.lt\/wp-content\/uploads\/2023\/03\/delivery-1-150x150.png 150w, https:\/\/www.monaxis.lt\/wp-content\/uploads\/2023\/03\/delivery-1-300x300.png 300w, https:\/\/www.monaxis.lt\/wp-content\/uploads\/2023\/03\/delivery-1.png 512w\" sizes=\"(max-width: 23px) 100vw, 23px\" \/> Delivery <\/span><\/strong><\/div>\n<div class=\"product__parameter__value\"><span class=\"product__parameter__value__text\" style=\"font-size: 75%;\">     <strong>   <span style=\"color: #999999;\"> 2-10 d.d.<\/span><\/strong><\/span><\/div>\n<div class=\"product__parameter__name\">\n<div>\n<hr>\n<\/div>\n<div>\n<div class=\"product__parameter__value\"><img decoding=\"async\" class=\"alignnone wp-image-7950\" src=\"https:\/\/www.monaxis.lt\/wp-content\/uploads\/2023\/07\/forklift.png\" alt=\"\" width=\"23\" height=\"23\"> <strong>Lifting capacity<\/strong><\/div>\n<div><strong><span style=\"font-size: 75%; color: #999999;\">  2500kg<\/span><\/strong><\/div>\n<\/div>\n<\/div>\n","protected":false},"featured_media":9033,"comment_status":"open","ping_status":"closed","template":"","meta":[],"product_brand":[],"product_cat":[133,124,128],"product_tag":[],"class_list":{"0":"post-9370","1":"product","2":"type-product","3":"status-publish","4":"has-post-thumbnail","6":"product_cat-hand-pallet-trucks","7":"product_cat-storage-equipment","8":"product_cat-transport-trolleys","10":"first","11":"instock","12":"taxable","13":"shipping-taxable","14":"purchasable","15":"product-type-simple"},"yoast_head":"<!-- This site is optimized with the Yoast SEO plugin v27.1.1 - https:\/\/yoast.com\/product\/yoast-seo-wordpress\/ -->\n<title>Hand pallet truck L-1150 VTV | Monaxis<\/title>\n<meta name=\"robots\" content=\"index, follow, max-snippet:-1, max-image-preview:large, max-video-preview:-1\" \/>\n<link rel=\"canonical\" href=\"https:\/\/www.monaxis.lt\/en\/parduotuve\/manual-launch-cart-l-1150-vtv\/\" \/>\n<meta property=\"og:locale\" content=\"en_US\" \/>\n<meta property=\"og:type\" content=\"article\" \/>\n<meta property=\"og:title\" content=\"Hand pallet truck L-1150 VTV | Monaxis\" \/>\n<meta property=\"og:description\" content=\"Delivery      2-10 d.d.     Lifting capacity  2500kg\" \/>\n<meta property=\"og:url\" content=\"https:\/\/www.monaxis.lt\/en\/parduotuve\/manual-launch-cart-l-1150-vtv\/\" \/>\n<meta property=\"og:site_name\" content=\"Monaxis\" \/>\n<meta property=\"article:modified_time\" content=\"2026-03-21T14:12:45+00:00\" \/>\n<meta property=\"og:image\" content=\"https:\/\/www.monaxis.lt\/wp-content\/uploads\/2023\/07\/aleciu-vezimeliai-3.webp\" \/>\n\t<meta property=\"og:image:width\" content=\"1024\" \/>\n\t<meta property=\"og:image:height\" content=\"1024\" \/>\n\t<meta property=\"og:image:type\" content=\"image\/webp\" \/>\n<meta name=\"twitter:card\" content=\"summary_large_image\" \/>\n<meta name=\"twitter:label1\" content=\"Est. reading time\" \/>\n\t<meta name=\"twitter:data1\" content=\"1 minute\" \/>\n<script type=\"application\/ld+json\" class=\"yoast-schema-graph\">{\"@context\":\"https:\/\/schema.org\",\"@graph\":[{\"@type\":\"WebPage\",\"@id\":\"https:\/\/www.monaxis.lt\/en\/parduotuve\/manual-launch-cart-l-1150-vtv\/\",\"url\":\"https:\/\/www.monaxis.lt\/en\/parduotuve\/manual-launch-cart-l-1150-vtv\/\",\"name\":\"Hand pallet truck L-1150 VTV | Monaxis\",\"isPartOf\":{\"@id\":\"https:\/\/www.monaxis.lt\/en\/#website\"},\"primaryImageOfPage\":{\"@id\":\"https:\/\/www.monaxis.lt\/en\/parduotuve\/manual-launch-cart-l-1150-vtv\/#primaryimage\"},\"image\":{\"@id\":\"https:\/\/www.monaxis.lt\/en\/parduotuve\/manual-launch-cart-l-1150-vtv\/#primaryimage\"},\"thumbnailUrl\":\"https:\/\/www.monaxis.lt\/wp-content\/uploads\/2023\/07\/aleciu-vezimeliai-3.webp\",\"datePublished\":\"2023-07-24T13:25:58+00:00\",\"dateModified\":\"2026-03-21T14:12:45+00:00\",\"breadcrumb\":{\"@id\":\"https:\/\/www.monaxis.lt\/en\/parduotuve\/manual-launch-cart-l-1150-vtv\/#breadcrumb\"},\"inLanguage\":\"en-US\",\"potentialAction\":[{\"@type\":\"ReadAction\",\"target\":[\"https:\/\/www.monaxis.lt\/en\/parduotuve\/manual-launch-cart-l-1150-vtv\/\"]}]},{\"@type\":\"ImageObject\",\"inLanguage\":\"en-US\",\"@id\":\"https:\/\/www.monaxis.lt\/en\/parduotuve\/manual-launch-cart-l-1150-vtv\/#primaryimage\",\"url\":\"https:\/\/www.monaxis.lt\/wp-content\/uploads\/2023\/07\/aleciu-vezimeliai-3.webp\",\"contentUrl\":\"https:\/\/www.monaxis.lt\/wp-content\/uploads\/2023\/07\/aleciu-vezimeliai-3.webp\",\"width\":1024,\"height\":1024},{\"@type\":\"BreadcrumbList\",\"@id\":\"https:\/\/www.monaxis.lt\/en\/parduotuve\/manual-launch-cart-l-1150-vtv\/#breadcrumb\",\"itemListElement\":[{\"@type\":\"ListItem\",\"position\":1,\"name\":\"Pagrindinis\",\"item\":\"https:\/\/www.monaxis.lt\/en\/\"},{\"@type\":\"ListItem\",\"position\":2,\"name\":\"Shop\",\"item\":\"https:\/\/www.monaxis.lt\/en\/shop\/\"},{\"@type\":\"ListItem\",\"position\":3,\"name\":\"Storage equipment\",\"item\":\"https:\/\/www.monaxis.lt\/en\/produkto-kategorija\/storage-equipment\/\"},{\"@type\":\"ListItem\",\"position\":4,\"name\":\"Transport trolleys\",\"item\":\"https:\/\/www.monaxis.lt\/en\/produkto-kategorija\/storage-equipment\/transport-trolleys\/\"},{\"@type\":\"ListItem\",\"position\":5,\"name\":\"Hand pallet trucks\",\"item\":\"https:\/\/www.monaxis.lt\/en\/produkto-kategorija\/storage-equipment\/transport-trolleys\/hand-pallet-trucks\/\"},{\"@type\":\"ListItem\",\"position\":6,\"name\":\"Hand pallet truck L-1150 VTV\"}]},{\"@type\":\"WebSite\",\"@id\":\"https:\/\/www.monaxis.lt\/en\/#website\",\"url\":\"https:\/\/www.monaxis.lt\/en\/\",\"name\":\"Monaxis\",\"description\":\"Prekybin\u0117, bei \u0161aldymo \u012franga\",\"publisher\":{\"@id\":\"https:\/\/www.monaxis.lt\/en\/#organization\"},\"potentialAction\":[{\"@type\":\"SearchAction\",\"target\":{\"@type\":\"EntryPoint\",\"urlTemplate\":\"https:\/\/www.monaxis.lt\/en\/?s={search_term_string}\"},\"query-input\":{\"@type\":\"PropertyValueSpecification\",\"valueRequired\":true,\"valueName\":\"search_term_string\"}}],\"inLanguage\":\"en-US\"},{\"@type\":\"Organization\",\"@id\":\"https:\/\/www.monaxis.lt\/en\/#organization\",\"name\":\"Monaxis\",\"url\":\"https:\/\/www.monaxis.lt\/en\/\",\"logo\":{\"@type\":\"ImageObject\",\"inLanguage\":\"en-US\",\"@id\":\"https:\/\/www.monaxis.lt\/en\/#\/schema\/logo\/image\/\",\"url\":\"https:\/\/www.monaxis.lt\/wp-content\/uploads\/2023\/03\/logo-1.png\",\"contentUrl\":\"https:\/\/www.monaxis.lt\/wp-content\/uploads\/2023\/03\/logo-1.png\",\"width\":205,\"height\":58,\"caption\":\"Monaxis\"},\"image\":{\"@id\":\"https:\/\/www.monaxis.lt\/en\/#\/schema\/logo\/image\/\"}}]}<\/script>\n<!-- \/ Yoast SEO plugin. -->","yoast_head_json":{"title":"Hand pallet truck L-1150 VTV | Monaxis","robots":{"index":"index","follow":"follow","max-snippet":"max-snippet:-1","max-image-preview":"max-image-preview:large","max-video-preview":"max-video-preview:-1"},"canonical":"https:\/\/www.monaxis.lt\/en\/parduotuve\/manual-launch-cart-l-1150-vtv\/","og_locale":"en_US","og_type":"article","og_title":"Hand pallet truck L-1150 VTV | Monaxis","og_description":"Delivery      2-10 d.d.     Lifting capacity  2500kg","og_url":"https:\/\/www.monaxis.lt\/en\/parduotuve\/manual-launch-cart-l-1150-vtv\/","og_site_name":"Monaxis","article_modified_time":"2026-03-21T14:12:45+00:00","og_image":[{"width":1024,"height":1024,"url":"https:\/\/www.monaxis.lt\/wp-content\/uploads\/2023\/07\/aleciu-vezimeliai-3.webp","type":"image\/webp"}],"twitter_card":"summary_large_image","twitter_misc":{"Est. reading time":"1 minute"},"schema":{"@context":"https:\/\/schema.org","@graph":[{"@type":"WebPage","@id":"https:\/\/www.monaxis.lt\/en\/parduotuve\/manual-launch-cart-l-1150-vtv\/","url":"https:\/\/www.monaxis.lt\/en\/parduotuve\/manual-launch-cart-l-1150-vtv\/","name":"Hand pallet truck L-1150 VTV | Monaxis","isPartOf":{"@id":"https:\/\/www.monaxis.lt\/en\/#website"},"primaryImageOfPage":{"@id":"https:\/\/www.monaxis.lt\/en\/parduotuve\/manual-launch-cart-l-1150-vtv\/#primaryimage"},"image":{"@id":"https:\/\/www.monaxis.lt\/en\/parduotuve\/manual-launch-cart-l-1150-vtv\/#primaryimage"},"thumbnailUrl":"https:\/\/www.monaxis.lt\/wp-content\/uploads\/2023\/07\/aleciu-vezimeliai-3.webp","datePublished":"2023-07-24T13:25:58+00:00","dateModified":"2026-03-21T14:12:45+00:00","breadcrumb":{"@id":"https:\/\/www.monaxis.lt\/en\/parduotuve\/manual-launch-cart-l-1150-vtv\/#breadcrumb"},"inLanguage":"en-US","potentialAction":[{"@type":"ReadAction","target":["https:\/\/www.monaxis.lt\/en\/parduotuve\/manual-launch-cart-l-1150-vtv\/"]}]},{"@type":"ImageObject","inLanguage":"en-US","@id":"https:\/\/www.monaxis.lt\/en\/parduotuve\/manual-launch-cart-l-1150-vtv\/#primaryimage","url":"https:\/\/www.monaxis.lt\/wp-content\/uploads\/2023\/07\/aleciu-vezimeliai-3.webp","contentUrl":"https:\/\/www.monaxis.lt\/wp-content\/uploads\/2023\/07\/aleciu-vezimeliai-3.webp","width":1024,"height":1024},{"@type":"BreadcrumbList","@id":"https:\/\/www.monaxis.lt\/en\/parduotuve\/manual-launch-cart-l-1150-vtv\/#breadcrumb","itemListElement":[{"@type":"ListItem","position":1,"name":"Pagrindinis","item":"https:\/\/www.monaxis.lt\/en\/"},{"@type":"ListItem","position":2,"name":"Shop","item":"https:\/\/www.monaxis.lt\/en\/shop\/"},{"@type":"ListItem","position":3,"name":"Storage equipment","item":"https:\/\/www.monaxis.lt\/en\/produkto-kategorija\/storage-equipment\/"},{"@type":"ListItem","position":4,"name":"Transport trolleys","item":"https:\/\/www.monaxis.lt\/en\/produkto-kategorija\/storage-equipment\/transport-trolleys\/"},{"@type":"ListItem","position":5,"name":"Hand pallet trucks","item":"https:\/\/www.monaxis.lt\/en\/produkto-kategorija\/storage-equipment\/transport-trolleys\/hand-pallet-trucks\/"},{"@type":"ListItem","position":6,"name":"Hand pallet truck L-1150 VTV"}]},{"@type":"WebSite","@id":"https:\/\/www.monaxis.lt\/en\/#website","url":"https:\/\/www.monaxis.lt\/en\/","name":"Monaxis","description":"Prekybin\u0117, bei \u0161aldymo \u012franga","publisher":{"@id":"https:\/\/www.monaxis.lt\/en\/#organization"},"potentialAction":[{"@type":"SearchAction","target":{"@type":"EntryPoint","urlTemplate":"https:\/\/www.monaxis.lt\/en\/?s={search_term_string}"},"query-input":{"@type":"PropertyValueSpecification","valueRequired":true,"valueName":"search_term_string"}}],"inLanguage":"en-US"},{"@type":"Organization","@id":"https:\/\/www.monaxis.lt\/en\/#organization","name":"Monaxis","url":"https:\/\/www.monaxis.lt\/en\/","logo":{"@type":"ImageObject","inLanguage":"en-US","@id":"https:\/\/www.monaxis.lt\/en\/#\/schema\/logo\/image\/","url":"https:\/\/www.monaxis.lt\/wp-content\/uploads\/2023\/03\/logo-1.png","contentUrl":"https:\/\/www.monaxis.lt\/wp-content\/uploads\/2023\/03\/logo-1.png","width":205,"height":58,"caption":"Monaxis"},"image":{"@id":"https:\/\/www.monaxis.lt\/en\/#\/schema\/logo\/image\/"}}]}},"_links":{"self":[{"href":"https:\/\/www.monaxis.lt\/en\/wp-json\/wp\/v2\/product\/9370","targetHints":{"allow":["GET"]}}],"collection":[{"href":"https:\/\/www.monaxis.lt\/en\/wp-json\/wp\/v2\/product"}],"about":[{"href":"https:\/\/www.monaxis.lt\/en\/wp-json\/wp\/v2\/types\/product"}],"replies":[{"embeddable":true,"href":"https:\/\/www.monaxis.lt\/en\/wp-json\/wp\/v2\/comments?post=9370"}],"wp:featuredmedia":[{"embeddable":true,"href":"https:\/\/www.monaxis.lt\/en\/wp-json\/wp\/v2\/media\/9033"}],"wp:attachment":[{"href":"https:\/\/www.monaxis.lt\/en\/wp-json\/wp\/v2\/media?parent=9370"}],"wp:term":[{"taxonomy":"product_brand","embeddable":true,"href":"https:\/\/www.monaxis.lt\/en\/wp-json\/wp\/v2\/product_brand?post=9370"},{"taxonomy":"product_cat","embeddable":true,"href":"https:\/\/www.monaxis.lt\/en\/wp-json\/wp\/v2\/product_cat?post=9370"},{"taxonomy":"product_tag","embeddable":true,"href":"https:\/\/www.monaxis.lt\/en\/wp-json\/wp\/v2\/product_tag?post=9370"}],"curies":[{"name":"wp","href":"https:\/\/api.w.org\/{rel}","templated":true}]}}