{"id":9375,"date":"2023-07-25T10:50:45","date_gmt":"2023-07-25T07:50:45","guid":{"rendered":"https:\/\/www.monaxis.lt\/parduotuve\/gitterbox-pallet-bag-800kg\/"},"modified":"2026-03-21T16:12:48","modified_gmt":"2026-03-21T14:12:48","slug":"gitterbox-tray-crepsys-800kg","status":"publish","type":"product","link":"https:\/\/www.monaxis.lt\/en\/parduotuve\/gitterbox-tray-crepsys-800kg\/","title":{"rendered":"Gitterbox pallet bag 800kg"},"content":{"rendered":"<p>Gitterbox tray extension 80\u00d7120 cm with hinged flap on the short side<br \/>\nGitterboxes are steel containers with a hinged lid on the short side. Ideal for storing and transporting small goods. The pallet collars are made of galvanised wire (4 mm diameter), resistant to temperature and humidity changes. Wire baskets are used in a wide range of commercial and industrial applications. They are ideal for keeping things tidy, transporting small products, heavy items and displaying goods in shopping centres. The metal mesh baskets can hold up to 800 kg of cargo.<\/p>\n<p><strong>Specification:<\/strong><br \/>\nExternal dimensions: 800 x 1200 x 850 mm<br \/>\nPayload: 800 kg<br \/>\nWeight: 34 kg<br \/>\nCoating: galvanised zinc<br \/>\nAdvantages of metal mesh containers &#8211; Gitterbox:<br \/>\nkorozijai atsparios cinkuotos sienos,<br \/>\nstiprumas ir keliamoji galia 800 kg,<br \/>\nu\u017etikrinti stabil\u0173 preki\u0173 saugojim\u0105,<br \/>\natlenkiamas dangtis leid\u017eia lengvai pasiekti gaminius,<br \/>\ngalimyb\u0117 sukrauti iki 4 vnt.<\/p>\n<p>can be used indoors and outdoors,<br \/>\nThe EPAL pallet can be used with forklift trucks or pallet jacks.<br \/>\nThe collar of the pallet is placed on a standardised EPAL pallet with EURO dimensions 120 cm x 80 cm.<\/p>\n<p>Shipping: 8 mesh containers fit on one pallet.<\/p>\n","protected":false},"excerpt":{"rendered":"<div class=\"product__parameter__name\"><strong><span class=\"product__parameter__name__text\"><img decoding=\"async\" class=\"alignnone wp-image-7601\" src=\"https:\/\/www.monaxis.lt\/wp-content\/uploads\/2023\/03\/delivery-1-150x150.png\" alt=\"\" width=\"26\" height=\"26\" srcset=\"https:\/\/www.monaxis.lt\/wp-content\/uploads\/2023\/03\/delivery-1-150x150.png 150w, https:\/\/www.monaxis.lt\/wp-content\/uploads\/2023\/03\/delivery-1-300x300.png 300w, https:\/\/www.monaxis.lt\/wp-content\/uploads\/2023\/03\/delivery-1.png 512w\" sizes=\"(max-width: 26px) 100vw, 26px\" \/> Delivery <\/span><\/strong><\/div>\n<div class=\"product__parameter__value\"><span class=\"product__parameter__value__text\">     <strong>   <span style=\"font-size: 75%; color: #999999;\"> 2-10 d.d.<\/span><\/strong><\/span><\/div>\n<div class=\"product__parameter__name\">\n<div>\n<hr>\n<\/div>\n<div>\n<div class=\"product__parameter__value\"><img decoding=\"async\" class=\"alignnone wp-image-8064\" src=\"https:\/\/www.monaxis.lt\/wp-content\/uploads\/2023\/07\/temperature.png\" alt=\"\" width=\"28\" height=\"28\"><strong> Possible load<\/strong><\/div>\n<div><strong>       <span style=\"font-size: 75%; color: #999999;\">  800 kg<\/span><\/strong><\/div>\n<\/div>\n<\/div>\n","protected":false},"featured_media":9114,"comment_status":"open","ping_status":"closed","template":"","meta":[],"product_brand":[],"product_cat":[132,124],"product_tag":[],"class_list":{"0":"post-9375","1":"product","2":"type-product","3":"status-publish","4":"has-post-thumbnail","6":"product_cat-gitterboxes","7":"product_cat-storage-equipment","9":"first","10":"outofstock","11":"taxable","12":"shipping-taxable","13":"purchasable","14":"product-type-simple"},"yoast_head":"<!-- This site is optimized with the Yoast SEO plugin v27.1.1 - https:\/\/yoast.com\/product\/yoast-seo-wordpress\/ -->\n<title>Gitterbox pallet bag 800kg | Monaxis<\/title>\n<meta name=\"robots\" content=\"index, follow, max-snippet:-1, max-image-preview:large, max-video-preview:-1\" \/>\n<link rel=\"canonical\" href=\"https:\/\/www.monaxis.lt\/en\/parduotuve\/gitterbox-tray-crepsys-800kg\/\" \/>\n<meta property=\"og:locale\" content=\"en_US\" \/>\n<meta property=\"og:type\" content=\"article\" \/>\n<meta property=\"og:title\" content=\"Gitterbox pallet bag 800kg | Monaxis\" \/>\n<meta property=\"og:description\" content=\"Delivery      2-10 d.d.     Possible load     800 kg\" \/>\n<meta property=\"og:url\" content=\"https:\/\/www.monaxis.lt\/en\/parduotuve\/gitterbox-tray-crepsys-800kg\/\" \/>\n<meta property=\"og:site_name\" content=\"Monaxis\" \/>\n<meta property=\"article:modified_time\" content=\"2026-03-21T14:12:48+00:00\" \/>\n<meta property=\"og:image\" content=\"https:\/\/www.monaxis.lt\/wp-content\/uploads\/2023\/07\/gitterbox-paleciu-krepsiai-1.webp\" \/>\n\t<meta property=\"og:image:width\" content=\"1024\" \/>\n\t<meta property=\"og:image:height\" content=\"1024\" \/>\n\t<meta property=\"og:image:type\" content=\"image\/webp\" \/>\n<meta name=\"twitter:card\" content=\"summary_large_image\" \/>\n<meta name=\"twitter:label1\" content=\"Est. reading time\" \/>\n\t<meta name=\"twitter:data1\" content=\"1 minute\" \/>\n<script type=\"application\/ld+json\" class=\"yoast-schema-graph\">{\"@context\":\"https:\/\/schema.org\",\"@graph\":[{\"@type\":\"WebPage\",\"@id\":\"https:\/\/www.monaxis.lt\/en\/parduotuve\/gitterbox-tray-crepsys-800kg\/\",\"url\":\"https:\/\/www.monaxis.lt\/en\/parduotuve\/gitterbox-tray-crepsys-800kg\/\",\"name\":\"Gitterbox pallet bag 800kg | Monaxis\",\"isPartOf\":{\"@id\":\"https:\/\/www.monaxis.lt\/en\/#website\"},\"primaryImageOfPage\":{\"@id\":\"https:\/\/www.monaxis.lt\/en\/parduotuve\/gitterbox-tray-crepsys-800kg\/#primaryimage\"},\"image\":{\"@id\":\"https:\/\/www.monaxis.lt\/en\/parduotuve\/gitterbox-tray-crepsys-800kg\/#primaryimage\"},\"thumbnailUrl\":\"https:\/\/www.monaxis.lt\/wp-content\/uploads\/2023\/07\/gitterbox-paleciu-krepsiai-1.webp\",\"datePublished\":\"2023-07-25T07:50:45+00:00\",\"dateModified\":\"2026-03-21T14:12:48+00:00\",\"breadcrumb\":{\"@id\":\"https:\/\/www.monaxis.lt\/en\/parduotuve\/gitterbox-tray-crepsys-800kg\/#breadcrumb\"},\"inLanguage\":\"en-US\",\"potentialAction\":[{\"@type\":\"ReadAction\",\"target\":[\"https:\/\/www.monaxis.lt\/en\/parduotuve\/gitterbox-tray-crepsys-800kg\/\"]}]},{\"@type\":\"ImageObject\",\"inLanguage\":\"en-US\",\"@id\":\"https:\/\/www.monaxis.lt\/en\/parduotuve\/gitterbox-tray-crepsys-800kg\/#primaryimage\",\"url\":\"https:\/\/www.monaxis.lt\/wp-content\/uploads\/2023\/07\/gitterbox-paleciu-krepsiai-1.webp\",\"contentUrl\":\"https:\/\/www.monaxis.lt\/wp-content\/uploads\/2023\/07\/gitterbox-paleciu-krepsiai-1.webp\",\"width\":1024,\"height\":1024},{\"@type\":\"BreadcrumbList\",\"@id\":\"https:\/\/www.monaxis.lt\/en\/parduotuve\/gitterbox-tray-crepsys-800kg\/#breadcrumb\",\"itemListElement\":[{\"@type\":\"ListItem\",\"position\":1,\"name\":\"Pagrindinis\",\"item\":\"https:\/\/www.monaxis.lt\/en\/\"},{\"@type\":\"ListItem\",\"position\":2,\"name\":\"Shop\",\"item\":\"https:\/\/www.monaxis.lt\/en\/shop\/\"},{\"@type\":\"ListItem\",\"position\":3,\"name\":\"Storage equipment\",\"item\":\"https:\/\/www.monaxis.lt\/en\/produkto-kategorija\/storage-equipment\/\"},{\"@type\":\"ListItem\",\"position\":4,\"name\":\"Gitterboxes\",\"item\":\"https:\/\/www.monaxis.lt\/en\/produkto-kategorija\/storage-equipment\/gitterboxes\/\"},{\"@type\":\"ListItem\",\"position\":5,\"name\":\"Gitterbox pallet bag 800kg\"}]},{\"@type\":\"WebSite\",\"@id\":\"https:\/\/www.monaxis.lt\/en\/#website\",\"url\":\"https:\/\/www.monaxis.lt\/en\/\",\"name\":\"Monaxis\",\"description\":\"Prekybin\u0117, bei \u0161aldymo \u012franga\",\"publisher\":{\"@id\":\"https:\/\/www.monaxis.lt\/en\/#organization\"},\"potentialAction\":[{\"@type\":\"SearchAction\",\"target\":{\"@type\":\"EntryPoint\",\"urlTemplate\":\"https:\/\/www.monaxis.lt\/en\/?s={search_term_string}\"},\"query-input\":{\"@type\":\"PropertyValueSpecification\",\"valueRequired\":true,\"valueName\":\"search_term_string\"}}],\"inLanguage\":\"en-US\"},{\"@type\":\"Organization\",\"@id\":\"https:\/\/www.monaxis.lt\/en\/#organization\",\"name\":\"Monaxis\",\"url\":\"https:\/\/www.monaxis.lt\/en\/\",\"logo\":{\"@type\":\"ImageObject\",\"inLanguage\":\"en-US\",\"@id\":\"https:\/\/www.monaxis.lt\/en\/#\/schema\/logo\/image\/\",\"url\":\"https:\/\/www.monaxis.lt\/wp-content\/uploads\/2023\/03\/logo-1.png\",\"contentUrl\":\"https:\/\/www.monaxis.lt\/wp-content\/uploads\/2023\/03\/logo-1.png\",\"width\":205,\"height\":58,\"caption\":\"Monaxis\"},\"image\":{\"@id\":\"https:\/\/www.monaxis.lt\/en\/#\/schema\/logo\/image\/\"}}]}<\/script>\n<!-- \/ Yoast SEO plugin. -->","yoast_head_json":{"title":"Gitterbox pallet bag 800kg | Monaxis","robots":{"index":"index","follow":"follow","max-snippet":"max-snippet:-1","max-image-preview":"max-image-preview:large","max-video-preview":"max-video-preview:-1"},"canonical":"https:\/\/www.monaxis.lt\/en\/parduotuve\/gitterbox-tray-crepsys-800kg\/","og_locale":"en_US","og_type":"article","og_title":"Gitterbox pallet bag 800kg | Monaxis","og_description":"Delivery      2-10 d.d.     Possible load     800 kg","og_url":"https:\/\/www.monaxis.lt\/en\/parduotuve\/gitterbox-tray-crepsys-800kg\/","og_site_name":"Monaxis","article_modified_time":"2026-03-21T14:12:48+00:00","og_image":[{"width":1024,"height":1024,"url":"https:\/\/www.monaxis.lt\/wp-content\/uploads\/2023\/07\/gitterbox-paleciu-krepsiai-1.webp","type":"image\/webp"}],"twitter_card":"summary_large_image","twitter_misc":{"Est. reading time":"1 minute"},"schema":{"@context":"https:\/\/schema.org","@graph":[{"@type":"WebPage","@id":"https:\/\/www.monaxis.lt\/en\/parduotuve\/gitterbox-tray-crepsys-800kg\/","url":"https:\/\/www.monaxis.lt\/en\/parduotuve\/gitterbox-tray-crepsys-800kg\/","name":"Gitterbox pallet bag 800kg | Monaxis","isPartOf":{"@id":"https:\/\/www.monaxis.lt\/en\/#website"},"primaryImageOfPage":{"@id":"https:\/\/www.monaxis.lt\/en\/parduotuve\/gitterbox-tray-crepsys-800kg\/#primaryimage"},"image":{"@id":"https:\/\/www.monaxis.lt\/en\/parduotuve\/gitterbox-tray-crepsys-800kg\/#primaryimage"},"thumbnailUrl":"https:\/\/www.monaxis.lt\/wp-content\/uploads\/2023\/07\/gitterbox-paleciu-krepsiai-1.webp","datePublished":"2023-07-25T07:50:45+00:00","dateModified":"2026-03-21T14:12:48+00:00","breadcrumb":{"@id":"https:\/\/www.monaxis.lt\/en\/parduotuve\/gitterbox-tray-crepsys-800kg\/#breadcrumb"},"inLanguage":"en-US","potentialAction":[{"@type":"ReadAction","target":["https:\/\/www.monaxis.lt\/en\/parduotuve\/gitterbox-tray-crepsys-800kg\/"]}]},{"@type":"ImageObject","inLanguage":"en-US","@id":"https:\/\/www.monaxis.lt\/en\/parduotuve\/gitterbox-tray-crepsys-800kg\/#primaryimage","url":"https:\/\/www.monaxis.lt\/wp-content\/uploads\/2023\/07\/gitterbox-paleciu-krepsiai-1.webp","contentUrl":"https:\/\/www.monaxis.lt\/wp-content\/uploads\/2023\/07\/gitterbox-paleciu-krepsiai-1.webp","width":1024,"height":1024},{"@type":"BreadcrumbList","@id":"https:\/\/www.monaxis.lt\/en\/parduotuve\/gitterbox-tray-crepsys-800kg\/#breadcrumb","itemListElement":[{"@type":"ListItem","position":1,"name":"Pagrindinis","item":"https:\/\/www.monaxis.lt\/en\/"},{"@type":"ListItem","position":2,"name":"Shop","item":"https:\/\/www.monaxis.lt\/en\/shop\/"},{"@type":"ListItem","position":3,"name":"Storage equipment","item":"https:\/\/www.monaxis.lt\/en\/produkto-kategorija\/storage-equipment\/"},{"@type":"ListItem","position":4,"name":"Gitterboxes","item":"https:\/\/www.monaxis.lt\/en\/produkto-kategorija\/storage-equipment\/gitterboxes\/"},{"@type":"ListItem","position":5,"name":"Gitterbox pallet bag 800kg"}]},{"@type":"WebSite","@id":"https:\/\/www.monaxis.lt\/en\/#website","url":"https:\/\/www.monaxis.lt\/en\/","name":"Monaxis","description":"Prekybin\u0117, bei \u0161aldymo \u012franga","publisher":{"@id":"https:\/\/www.monaxis.lt\/en\/#organization"},"potentialAction":[{"@type":"SearchAction","target":{"@type":"EntryPoint","urlTemplate":"https:\/\/www.monaxis.lt\/en\/?s={search_term_string}"},"query-input":{"@type":"PropertyValueSpecification","valueRequired":true,"valueName":"search_term_string"}}],"inLanguage":"en-US"},{"@type":"Organization","@id":"https:\/\/www.monaxis.lt\/en\/#organization","name":"Monaxis","url":"https:\/\/www.monaxis.lt\/en\/","logo":{"@type":"ImageObject","inLanguage":"en-US","@id":"https:\/\/www.monaxis.lt\/en\/#\/schema\/logo\/image\/","url":"https:\/\/www.monaxis.lt\/wp-content\/uploads\/2023\/03\/logo-1.png","contentUrl":"https:\/\/www.monaxis.lt\/wp-content\/uploads\/2023\/03\/logo-1.png","width":205,"height":58,"caption":"Monaxis"},"image":{"@id":"https:\/\/www.monaxis.lt\/en\/#\/schema\/logo\/image\/"}}]}},"_links":{"self":[{"href":"https:\/\/www.monaxis.lt\/en\/wp-json\/wp\/v2\/product\/9375","targetHints":{"allow":["GET"]}}],"collection":[{"href":"https:\/\/www.monaxis.lt\/en\/wp-json\/wp\/v2\/product"}],"about":[{"href":"https:\/\/www.monaxis.lt\/en\/wp-json\/wp\/v2\/types\/product"}],"replies":[{"embeddable":true,"href":"https:\/\/www.monaxis.lt\/en\/wp-json\/wp\/v2\/comments?post=9375"}],"wp:featuredmedia":[{"embeddable":true,"href":"https:\/\/www.monaxis.lt\/en\/wp-json\/wp\/v2\/media\/9114"}],"wp:attachment":[{"href":"https:\/\/www.monaxis.lt\/en\/wp-json\/wp\/v2\/media?parent=9375"}],"wp:term":[{"taxonomy":"product_brand","embeddable":true,"href":"https:\/\/www.monaxis.lt\/en\/wp-json\/wp\/v2\/product_brand?post=9375"},{"taxonomy":"product_cat","embeddable":true,"href":"https:\/\/www.monaxis.lt\/en\/wp-json\/wp\/v2\/product_cat?post=9375"},{"taxonomy":"product_tag","embeddable":true,"href":"https:\/\/www.monaxis.lt\/en\/wp-json\/wp\/v2\/product_tag?post=9375"}],"curies":[{"name":"wp","href":"https:\/\/api.w.org\/{rel}","templated":true}]}}