{"id":9378,"date":"2023-07-24T18:45:41","date_gmt":"2023-07-24T15:45:41","guid":{"rendered":"https:\/\/www.monaxis.lt\/parduotuve\/hand-pallet-truck-l-1150-vtv-galvanised\/"},"modified":"2026-03-21T16:12:49","modified_gmt":"2026-03-21T14:12:49","slug":"manual-starting-tether","status":"publish","type":"product","link":"https:\/\/www.monaxis.lt\/en\/parduotuve\/manual-starting-tether\/","title":{"rendered":"Hand pallet truck L-1150 VTV Galvanised"},"content":{"rendered":"<h1><strong>Galvanised hand pallet trucks &#8211; pallet trucks are a key piece of equipment in food, processing and chemical plants  <\/strong><\/h1>\n<p>The <strong>Polish-made zinc-coated pallet truck<\/strong> is a reliable all-rounder. The galvanised trolley is suitable for short distance loading and unloading of goods weighing <strong>up to 2500 kg<\/strong>. It has a special <strong>resistance<\/strong> that allows it to be exposed to difficult working conditions, such as humid environments or exposure to acids and aggressive chemicals. Galvanised pallet trucks are easy to use and do not require special permits.<\/p>\n<h2><strong>Advantages of the galvanised pallet trolley:<\/strong><\/h2>\n<ul>\n<li><strong>Robust construction<\/strong> &#8211; based on <strong>excellent quality 18G2A steel<\/strong> with increased corrosion resistance.<\/li>\n<li><strong>Comfort of use <\/strong> &#8211; thanks to a very <strong>comfortable tow bar<\/strong> made of durable plastic and a specially designed valve for <strong>smooth adjustment of the lowering speed. <\/strong> <\/li>\n<li><strong>Uptime<\/strong> &#8211; simple assembly of the hydraulic unit and replaceable self-lubricating bearings (each pallet trolley has 18 pieces)<\/li>\n<li><strong>Easy handling &#8211;<\/strong> <strong>made of <\/strong> <strong>red <\/strong> <strong>polyurethane <\/strong> with high elasticity thanks to the wheels and double rollers used. <strong>The wheels and rollers are traceless.<\/strong><\/li>\n<li><strong>Durability<\/strong> &#8211; the transport trolley can carry products weighing <strong>up to 2.5 tonnes.<\/strong><\/li>\n<\/ul>\n<h3><strong>Available wheel types for galvanised pallet trucks:  <\/strong><\/h3>\n<table>\n<tbody>\n<tr>\n<td><strong>Type<\/strong><\/td>\n<td><strong>Polyurethane (CTC) &#8211; red<\/strong><\/td>\n<td><strong>Polyurethane (VTV) &#8211; yellow<\/strong><\/td>\n<\/tr>\n<tr>\n<td><strong>Characteristics<\/strong><\/td>\n<td>Very high elasticity, silent, traceless.<img decoding=\"async\" class=\"aligncenter wp-image-8017 size-thumbnail\" src=\"https:\/\/www.monaxis.lt\/wp-content\/uploads\/2023\/07\/ratukai-1-150x150.png\" alt=\"\" width=\"150\" height=\"150\" srcset=\"https:\/\/www.monaxis.lt\/wp-content\/uploads\/2023\/07\/ratukai-1-150x150.png 150w, https:\/\/www.monaxis.lt\/wp-content\/uploads\/2023\/07\/ratukai-1-300x300.png 300w, https:\/\/www.monaxis.lt\/wp-content\/uploads\/2023\/07\/ratukai-1-768x768.png 768w, https:\/\/www.monaxis.lt\/wp-content\/uploads\/2023\/07\/ratukai-1.png 1024w\" sizes=\"(max-width: 150px) 100vw, 150px\" \/><\/p>\n<\/td>\n<td>Very high abrasion resistance, cutting, silent, no trace.<img decoding=\"async\" class=\"size-thumbnail wp-image-8018 aligncenter\" src=\"https:\/\/www.monaxis.lt\/wp-content\/uploads\/2023\/07\/ratukai2-150x150.png\" alt=\"\" width=\"150\" height=\"150\" srcset=\"https:\/\/www.monaxis.lt\/wp-content\/uploads\/2023\/07\/ratukai2-150x150.png 150w, https:\/\/www.monaxis.lt\/wp-content\/uploads\/2023\/07\/ratukai2-300x300.png 300w, https:\/\/www.monaxis.lt\/wp-content\/uploads\/2023\/07\/ratukai2-768x768.png 768w, https:\/\/www.monaxis.lt\/wp-content\/uploads\/2023\/07\/ratukai2.png 1024w\" sizes=\"(max-width: 150px) 100vw, 150px\" \/><\/p>\n<\/td>\n<\/tr>\n<\/tbody>\n<\/table>\n<p>&nbsp;<\/p>\n","protected":false},"excerpt":{"rendered":"<div class=\"product__parameter__name\"><strong><span class=\"product__parameter__name__text\"><img decoding=\"async\" class=\"alignnone wp-image-7601\" src=\"https:\/\/www.monaxis.lt\/wp-content\/uploads\/2023\/03\/delivery-1-150x150.png\" alt=\"\" width=\"23\" height=\"23\" srcset=\"https:\/\/www.monaxis.lt\/wp-content\/uploads\/2023\/03\/delivery-1-150x150.png 150w, https:\/\/www.monaxis.lt\/wp-content\/uploads\/2023\/03\/delivery-1-300x300.png 300w, https:\/\/www.monaxis.lt\/wp-content\/uploads\/2023\/03\/delivery-1.png 512w\" sizes=\"(max-width: 23px) 100vw, 23px\" \/> Delivery <\/span><\/strong><\/div>\n<div class=\"product__parameter__value\"><span class=\"product__parameter__value__text\" style=\"font-size: 75%;\">     <strong>   <span style=\"color: #999999;\"> 2-10 d.d.<\/span><\/strong><\/span><\/div>\n<div class=\"product__parameter__name\">\n<div>\n<hr>\n<\/div>\n<div>\n<div class=\"product__parameter__value\"><img decoding=\"async\" class=\"alignnone wp-image-7950\" src=\"https:\/\/www.monaxis.lt\/wp-content\/uploads\/2023\/07\/forklift.png\" alt=\"\" width=\"23\" height=\"23\"> <strong>Lifting capacity<\/strong><\/div>\n<div><strong><span style=\"font-size: 75%; color: #999999;\">  2500kg<\/span><\/strong><\/div>\n<\/div>\n<\/div>\n","protected":false},"featured_media":9070,"comment_status":"open","ping_status":"closed","template":"","meta":[],"product_brand":[],"product_cat":[133,124,128],"product_tag":[],"class_list":{"0":"post-9378","1":"product","2":"type-product","3":"status-publish","4":"has-post-thumbnail","6":"product_cat-hand-pallet-trucks","7":"product_cat-storage-equipment","8":"product_cat-transport-trolleys","10":"first","11":"instock","12":"taxable","13":"shipping-taxable","14":"purchasable","15":"product-type-simple"},"yoast_head":"<!-- This site is optimized with the Yoast SEO plugin v27.1.1 - https:\/\/yoast.com\/product\/yoast-seo-wordpress\/ -->\n<title>Hand pallet truck L-1150 VTV Galvanised | Monaxis<\/title>\n<meta name=\"robots\" content=\"index, follow, max-snippet:-1, max-image-preview:large, max-video-preview:-1\" \/>\n<link rel=\"canonical\" href=\"https:\/\/www.monaxis.lt\/en\/parduotuve\/manual-starting-tether\/\" \/>\n<meta property=\"og:locale\" content=\"en_US\" \/>\n<meta property=\"og:type\" content=\"article\" \/>\n<meta property=\"og:title\" content=\"Hand pallet truck L-1150 VTV Galvanised | Monaxis\" \/>\n<meta property=\"og:description\" content=\"Delivery      2-10 d.d.     Lifting capacity  2500kg\" \/>\n<meta property=\"og:url\" content=\"https:\/\/www.monaxis.lt\/en\/parduotuve\/manual-starting-tether\/\" \/>\n<meta property=\"og:site_name\" content=\"Monaxis\" \/>\n<meta property=\"article:modified_time\" content=\"2026-03-21T14:12:49+00:00\" \/>\n<meta property=\"og:image\" content=\"https:\/\/www.monaxis.lt\/wp-content\/uploads\/2023\/07\/rankinis-paleciu-vezimelis-1-2.webp\" \/>\n\t<meta property=\"og:image:width\" content=\"1024\" \/>\n\t<meta property=\"og:image:height\" content=\"1024\" \/>\n\t<meta property=\"og:image:type\" content=\"image\/webp\" \/>\n<meta name=\"twitter:card\" content=\"summary_large_image\" \/>\n<meta name=\"twitter:label1\" content=\"Est. reading time\" \/>\n\t<meta name=\"twitter:data1\" content=\"1 minute\" \/>\n<script type=\"application\/ld+json\" class=\"yoast-schema-graph\">{\"@context\":\"https:\/\/schema.org\",\"@graph\":[{\"@type\":\"WebPage\",\"@id\":\"https:\/\/www.monaxis.lt\/en\/parduotuve\/manual-starting-tether\/\",\"url\":\"https:\/\/www.monaxis.lt\/en\/parduotuve\/manual-starting-tether\/\",\"name\":\"Hand pallet truck L-1150 VTV Galvanised | Monaxis\",\"isPartOf\":{\"@id\":\"https:\/\/www.monaxis.lt\/en\/#website\"},\"primaryImageOfPage\":{\"@id\":\"https:\/\/www.monaxis.lt\/en\/parduotuve\/manual-starting-tether\/#primaryimage\"},\"image\":{\"@id\":\"https:\/\/www.monaxis.lt\/en\/parduotuve\/manual-starting-tether\/#primaryimage\"},\"thumbnailUrl\":\"https:\/\/www.monaxis.lt\/wp-content\/uploads\/2023\/07\/rankinis-paleciu-vezimelis-1-2.webp\",\"datePublished\":\"2023-07-24T15:45:41+00:00\",\"dateModified\":\"2026-03-21T14:12:49+00:00\",\"breadcrumb\":{\"@id\":\"https:\/\/www.monaxis.lt\/en\/parduotuve\/manual-starting-tether\/#breadcrumb\"},\"inLanguage\":\"en-US\",\"potentialAction\":[{\"@type\":\"ReadAction\",\"target\":[\"https:\/\/www.monaxis.lt\/en\/parduotuve\/manual-starting-tether\/\"]}]},{\"@type\":\"ImageObject\",\"inLanguage\":\"en-US\",\"@id\":\"https:\/\/www.monaxis.lt\/en\/parduotuve\/manual-starting-tether\/#primaryimage\",\"url\":\"https:\/\/www.monaxis.lt\/wp-content\/uploads\/2023\/07\/rankinis-paleciu-vezimelis-1-2.webp\",\"contentUrl\":\"https:\/\/www.monaxis.lt\/wp-content\/uploads\/2023\/07\/rankinis-paleciu-vezimelis-1-2.webp\",\"width\":1024,\"height\":1024},{\"@type\":\"BreadcrumbList\",\"@id\":\"https:\/\/www.monaxis.lt\/en\/parduotuve\/manual-starting-tether\/#breadcrumb\",\"itemListElement\":[{\"@type\":\"ListItem\",\"position\":1,\"name\":\"Pagrindinis\",\"item\":\"https:\/\/www.monaxis.lt\/en\/\"},{\"@type\":\"ListItem\",\"position\":2,\"name\":\"Shop\",\"item\":\"https:\/\/www.monaxis.lt\/en\/shop\/\"},{\"@type\":\"ListItem\",\"position\":3,\"name\":\"Storage equipment\",\"item\":\"https:\/\/www.monaxis.lt\/en\/produkto-kategorija\/storage-equipment\/\"},{\"@type\":\"ListItem\",\"position\":4,\"name\":\"Transport trolleys\",\"item\":\"https:\/\/www.monaxis.lt\/en\/produkto-kategorija\/storage-equipment\/transport-trolleys\/\"},{\"@type\":\"ListItem\",\"position\":5,\"name\":\"Hand pallet trucks\",\"item\":\"https:\/\/www.monaxis.lt\/en\/produkto-kategorija\/storage-equipment\/transport-trolleys\/hand-pallet-trucks\/\"},{\"@type\":\"ListItem\",\"position\":6,\"name\":\"Hand pallet truck L-1150 VTV Galvanised\"}]},{\"@type\":\"WebSite\",\"@id\":\"https:\/\/www.monaxis.lt\/en\/#website\",\"url\":\"https:\/\/www.monaxis.lt\/en\/\",\"name\":\"Monaxis\",\"description\":\"Prekybin\u0117, bei \u0161aldymo \u012franga\",\"publisher\":{\"@id\":\"https:\/\/www.monaxis.lt\/en\/#organization\"},\"potentialAction\":[{\"@type\":\"SearchAction\",\"target\":{\"@type\":\"EntryPoint\",\"urlTemplate\":\"https:\/\/www.monaxis.lt\/en\/?s={search_term_string}\"},\"query-input\":{\"@type\":\"PropertyValueSpecification\",\"valueRequired\":true,\"valueName\":\"search_term_string\"}}],\"inLanguage\":\"en-US\"},{\"@type\":\"Organization\",\"@id\":\"https:\/\/www.monaxis.lt\/en\/#organization\",\"name\":\"Monaxis\",\"url\":\"https:\/\/www.monaxis.lt\/en\/\",\"logo\":{\"@type\":\"ImageObject\",\"inLanguage\":\"en-US\",\"@id\":\"https:\/\/www.monaxis.lt\/en\/#\/schema\/logo\/image\/\",\"url\":\"https:\/\/www.monaxis.lt\/wp-content\/uploads\/2023\/03\/logo-1.png\",\"contentUrl\":\"https:\/\/www.monaxis.lt\/wp-content\/uploads\/2023\/03\/logo-1.png\",\"width\":205,\"height\":58,\"caption\":\"Monaxis\"},\"image\":{\"@id\":\"https:\/\/www.monaxis.lt\/en\/#\/schema\/logo\/image\/\"}}]}<\/script>\n<!-- \/ Yoast SEO plugin. -->","yoast_head_json":{"title":"Hand pallet truck L-1150 VTV Galvanised | Monaxis","robots":{"index":"index","follow":"follow","max-snippet":"max-snippet:-1","max-image-preview":"max-image-preview:large","max-video-preview":"max-video-preview:-1"},"canonical":"https:\/\/www.monaxis.lt\/en\/parduotuve\/manual-starting-tether\/","og_locale":"en_US","og_type":"article","og_title":"Hand pallet truck L-1150 VTV Galvanised | Monaxis","og_description":"Delivery      2-10 d.d.     Lifting capacity  2500kg","og_url":"https:\/\/www.monaxis.lt\/en\/parduotuve\/manual-starting-tether\/","og_site_name":"Monaxis","article_modified_time":"2026-03-21T14:12:49+00:00","og_image":[{"width":1024,"height":1024,"url":"https:\/\/www.monaxis.lt\/wp-content\/uploads\/2023\/07\/rankinis-paleciu-vezimelis-1-2.webp","type":"image\/webp"}],"twitter_card":"summary_large_image","twitter_misc":{"Est. reading time":"1 minute"},"schema":{"@context":"https:\/\/schema.org","@graph":[{"@type":"WebPage","@id":"https:\/\/www.monaxis.lt\/en\/parduotuve\/manual-starting-tether\/","url":"https:\/\/www.monaxis.lt\/en\/parduotuve\/manual-starting-tether\/","name":"Hand pallet truck L-1150 VTV Galvanised | Monaxis","isPartOf":{"@id":"https:\/\/www.monaxis.lt\/en\/#website"},"primaryImageOfPage":{"@id":"https:\/\/www.monaxis.lt\/en\/parduotuve\/manual-starting-tether\/#primaryimage"},"image":{"@id":"https:\/\/www.monaxis.lt\/en\/parduotuve\/manual-starting-tether\/#primaryimage"},"thumbnailUrl":"https:\/\/www.monaxis.lt\/wp-content\/uploads\/2023\/07\/rankinis-paleciu-vezimelis-1-2.webp","datePublished":"2023-07-24T15:45:41+00:00","dateModified":"2026-03-21T14:12:49+00:00","breadcrumb":{"@id":"https:\/\/www.monaxis.lt\/en\/parduotuve\/manual-starting-tether\/#breadcrumb"},"inLanguage":"en-US","potentialAction":[{"@type":"ReadAction","target":["https:\/\/www.monaxis.lt\/en\/parduotuve\/manual-starting-tether\/"]}]},{"@type":"ImageObject","inLanguage":"en-US","@id":"https:\/\/www.monaxis.lt\/en\/parduotuve\/manual-starting-tether\/#primaryimage","url":"https:\/\/www.monaxis.lt\/wp-content\/uploads\/2023\/07\/rankinis-paleciu-vezimelis-1-2.webp","contentUrl":"https:\/\/www.monaxis.lt\/wp-content\/uploads\/2023\/07\/rankinis-paleciu-vezimelis-1-2.webp","width":1024,"height":1024},{"@type":"BreadcrumbList","@id":"https:\/\/www.monaxis.lt\/en\/parduotuve\/manual-starting-tether\/#breadcrumb","itemListElement":[{"@type":"ListItem","position":1,"name":"Pagrindinis","item":"https:\/\/www.monaxis.lt\/en\/"},{"@type":"ListItem","position":2,"name":"Shop","item":"https:\/\/www.monaxis.lt\/en\/shop\/"},{"@type":"ListItem","position":3,"name":"Storage equipment","item":"https:\/\/www.monaxis.lt\/en\/produkto-kategorija\/storage-equipment\/"},{"@type":"ListItem","position":4,"name":"Transport trolleys","item":"https:\/\/www.monaxis.lt\/en\/produkto-kategorija\/storage-equipment\/transport-trolleys\/"},{"@type":"ListItem","position":5,"name":"Hand pallet trucks","item":"https:\/\/www.monaxis.lt\/en\/produkto-kategorija\/storage-equipment\/transport-trolleys\/hand-pallet-trucks\/"},{"@type":"ListItem","position":6,"name":"Hand pallet truck L-1150 VTV Galvanised"}]},{"@type":"WebSite","@id":"https:\/\/www.monaxis.lt\/en\/#website","url":"https:\/\/www.monaxis.lt\/en\/","name":"Monaxis","description":"Prekybin\u0117, bei \u0161aldymo \u012franga","publisher":{"@id":"https:\/\/www.monaxis.lt\/en\/#organization"},"potentialAction":[{"@type":"SearchAction","target":{"@type":"EntryPoint","urlTemplate":"https:\/\/www.monaxis.lt\/en\/?s={search_term_string}"},"query-input":{"@type":"PropertyValueSpecification","valueRequired":true,"valueName":"search_term_string"}}],"inLanguage":"en-US"},{"@type":"Organization","@id":"https:\/\/www.monaxis.lt\/en\/#organization","name":"Monaxis","url":"https:\/\/www.monaxis.lt\/en\/","logo":{"@type":"ImageObject","inLanguage":"en-US","@id":"https:\/\/www.monaxis.lt\/en\/#\/schema\/logo\/image\/","url":"https:\/\/www.monaxis.lt\/wp-content\/uploads\/2023\/03\/logo-1.png","contentUrl":"https:\/\/www.monaxis.lt\/wp-content\/uploads\/2023\/03\/logo-1.png","width":205,"height":58,"caption":"Monaxis"},"image":{"@id":"https:\/\/www.monaxis.lt\/en\/#\/schema\/logo\/image\/"}}]}},"_links":{"self":[{"href":"https:\/\/www.monaxis.lt\/en\/wp-json\/wp\/v2\/product\/9378","targetHints":{"allow":["GET"]}}],"collection":[{"href":"https:\/\/www.monaxis.lt\/en\/wp-json\/wp\/v2\/product"}],"about":[{"href":"https:\/\/www.monaxis.lt\/en\/wp-json\/wp\/v2\/types\/product"}],"replies":[{"embeddable":true,"href":"https:\/\/www.monaxis.lt\/en\/wp-json\/wp\/v2\/comments?post=9378"}],"wp:featuredmedia":[{"embeddable":true,"href":"https:\/\/www.monaxis.lt\/en\/wp-json\/wp\/v2\/media\/9070"}],"wp:attachment":[{"href":"https:\/\/www.monaxis.lt\/en\/wp-json\/wp\/v2\/media?parent=9378"}],"wp:term":[{"taxonomy":"product_brand","embeddable":true,"href":"https:\/\/www.monaxis.lt\/en\/wp-json\/wp\/v2\/product_brand?post=9378"},{"taxonomy":"product_cat","embeddable":true,"href":"https:\/\/www.monaxis.lt\/en\/wp-json\/wp\/v2\/product_cat?post=9378"},{"taxonomy":"product_tag","embeddable":true,"href":"https:\/\/www.monaxis.lt\/en\/wp-json\/wp\/v2\/product_tag?post=9378"}],"curies":[{"name":"wp","href":"https:\/\/api.w.org\/{rel}","templated":true}]}}