{"id":9382,"date":"2023-07-24T13:31:59","date_gmt":"2023-07-24T10:31:59","guid":{"rendered":"https:\/\/www.monaxis.lt\/parduotuve\/kebab-knife-s120-plus-ecoline\/"},"modified":"2026-03-21T16:12:40","modified_gmt":"2026-03-21T14:12:40","slug":"kebab-mesos-knife-s120-plus-ecoline","status":"publish","type":"product","link":"https:\/\/www.monaxis.lt\/en\/parduotuve\/kebab-mesos-knife-s120-plus-ecoline\/","title":{"rendered":"Kebab Knife s120 Plus EcoLine"},"content":{"rendered":"<p>UYAR<strong>S120 Plus EcoLine<\/strong> Kebab Knife<br \/>\nThe UYAR Electric Kebab Knife is a professional equipment for cutting various types of meat: pork, chicken, lamb, turkey or veal. Allows cutting in the range 0 to 10 mm. Thanks to the optimum diameter of 80 mm, the slices will always be the same width. The kebab knife with a capacity of 60 kg of meat per day is 100% waterproof (IP67). For continuous professional use.<\/p>\n<p>Kebab, gyroscope knife features:<br \/>\n<strong>The Professional Kebab Knife uses a wide range of solutions to ensure the highest quality:<\/strong><\/p>\n<p>The ProfiCut hardened blade \u00f8 80 mm is made of high quality stainless steel for durability and precision.<br \/>\nThe most powerful transformer in the kebab industry on the market. It has a wide range of protections (overload, over-temperature, over-voltage and short-circuit protection).<br \/>\n<strong>The 4-pin XLR plug allows you to clean the electric knife separately by disconnecting the power cord.<\/strong><br \/>\nHigh-speed DC motor with micro-controller for strong and durable cutting quality &#8211; 7000 U\/min.<br \/>\nWear-free, high-tech toggle switch with magnetic technology for safe and easy operation.<br \/>\nThanks to the precise CNC parts we manufacture in-house, the kebab knife is extremely light<br \/>\n(weight without cord only 940 g), quiet and very durable.<br \/>\nHygienic design with reduced rims and edges for easy and hygienic cleaning.<br \/>\nThe micro-controller control allows the motor to operate efficiently at high loads.<br \/>\nTemperature monitor to prevent overheating.<br \/>\nThe Diagnostics and Service Interface saves all relevant device data and error messages.<br \/>\nSoft start and speed control Servo system for positioning the blade during work.<br \/>\nThe 2.2 m long cord with plug ensures a wide working range.<\/p>\n","protected":false},"excerpt":{"rendered":"<div class=\"product__parameter__name\"><strong><span class=\"product__parameter__name__text\"><img decoding=\"async\" class=\"alignnone wp-image-7601\" src=\"https:\/\/www.monaxis.lt\/wp-content\/uploads\/2023\/03\/delivery-1-150x150.png\" alt=\"\" width=\"23\" height=\"23\" srcset=\"https:\/\/www.monaxis.lt\/wp-content\/uploads\/2023\/03\/delivery-1-150x150.png 150w, https:\/\/www.monaxis.lt\/wp-content\/uploads\/2023\/03\/delivery-1-300x300.png 300w, https:\/\/www.monaxis.lt\/wp-content\/uploads\/2023\/03\/delivery-1.png 512w\" sizes=\"(max-width: 23px) 100vw, 23px\" \/> Delivery <\/span><\/strong><\/div>\n<div class=\"product__parameter__value\"><span class=\"product__parameter__value__text\" style=\"font-size: 75%;\">     <strong>   <span style=\"color: #999999;\"> 2-10 d.d.<\/span><\/strong><\/span><\/div>\n<div class=\"product__parameter__value\">\n<hr>\n<\/div>\n<p><strong><img decoding=\"async\" class=\"alignnone wp-image-7810\" src=\"https:\/\/www.monaxis.lt\/wp-content\/uploads\/2023\/01\/komplektuojama.png\" alt=\"\" width=\"23\" height=\"23\"> Comes with<\/strong><br \/>\n<strong><span style=\"font-size: 75%; color: #999999;\">  Draining vessel &#8211; 1 piece<\/span><\/strong><br \/>\n<strong><span style=\"font-size: 75%; color: #999999;\">  Measuring cable &#8211; 1 pc<\/span><\/strong><br \/>\n<strong><span style=\"font-size: 75%; color: #999999;\">  Sharpening stone &#8211; 1 piece<\/span><\/strong><br \/>\n<strong><span style=\"font-size: 75%; color: #999999;\">  Grease syringe &#8211; 1 piece<\/span><\/strong><br \/>\n<span style=\"color: #999999;\">    <span style=\"font-size: 75%;\">   <strong>  Locking pin for blade change &#8211; 1 piece<\/strong><\/span><\/span><br \/>\n<strong><span style=\"font-size: 75%; color: #999999;\">  Knives &#8211; 2pcs<\/span><\/strong><strong><span style=\"font-size: 75%; color: #999999;\"> <\/span><\/strong><br \/>\n<strong><span style=\"font-size: 75%; color: #999999;\"> Warranty card<\/span><\/strong><br \/>\n<strong><span style=\"font-size: 75%; color: #999999;\"> Proof of purchase &#8211; Receipt \/ FV<\/span><\/strong><\/p>\n","protected":false},"featured_media":9006,"comment_status":"open","ping_status":"closed","template":"","meta":[],"product_brand":[],"product_cat":[134,130,135],"product_tag":[],"class_list":{"0":"post-9382","1":"product","2":"type-product","3":"status-publish","4":"has-post-thumbnail","6":"product_cat-gastronomic-slicers","7":"product_cat-industrial-kitchen-equipment","8":"product_cat-kebab-meat-knives","10":"first","11":"instock","12":"taxable","13":"shipping-taxable","14":"purchasable","15":"product-type-simple"},"yoast_head":"<!-- This site is optimized with the Yoast SEO plugin v27.1.1 - https:\/\/yoast.com\/product\/yoast-seo-wordpress\/ -->\n<title>Kebab Knife s120 Plus EcoLine | Monaxis<\/title>\n<meta name=\"robots\" content=\"index, follow, max-snippet:-1, max-image-preview:large, max-video-preview:-1\" \/>\n<link rel=\"canonical\" href=\"https:\/\/www.monaxis.lt\/en\/parduotuve\/kebab-mesos-knife-s120-plus-ecoline\/\" \/>\n<meta property=\"og:locale\" content=\"en_US\" \/>\n<meta property=\"og:type\" content=\"article\" \/>\n<meta property=\"og:title\" content=\"Kebab Knife s120 Plus EcoLine | Monaxis\" \/>\n<meta property=\"og:description\" content=\"Delivery      2-10 d.d.    Comes with  Draining vessel - 1 piece  Measuring cable - 1 pc  Sharpening stone - 1 piece  Grease syringe - 1 piece     Locking pin for blade change - 1 piece  Knives - 2pcs  Warranty card Proof of purchase - Receipt \/ FV\" \/>\n<meta property=\"og:url\" content=\"https:\/\/www.monaxis.lt\/en\/parduotuve\/kebab-mesos-knife-s120-plus-ecoline\/\" \/>\n<meta property=\"og:site_name\" content=\"Monaxis\" \/>\n<meta property=\"article:modified_time\" content=\"2026-03-21T14:12:40+00:00\" \/>\n<meta property=\"og:image\" content=\"https:\/\/www.monaxis.lt\/wp-content\/uploads\/2023\/07\/su-plokste.png\" \/>\n\t<meta property=\"og:image:width\" content=\"1000\" \/>\n\t<meta property=\"og:image:height\" content=\"1000\" \/>\n\t<meta property=\"og:image:type\" content=\"image\/png\" \/>\n<meta name=\"twitter:card\" content=\"summary_large_image\" \/>\n<meta name=\"twitter:label1\" content=\"Est. reading time\" \/>\n\t<meta name=\"twitter:data1\" content=\"1 minute\" \/>\n<script type=\"application\/ld+json\" class=\"yoast-schema-graph\">{\"@context\":\"https:\/\/schema.org\",\"@graph\":[{\"@type\":\"WebPage\",\"@id\":\"https:\/\/www.monaxis.lt\/en\/parduotuve\/kebab-mesos-knife-s120-plus-ecoline\/\",\"url\":\"https:\/\/www.monaxis.lt\/en\/parduotuve\/kebab-mesos-knife-s120-plus-ecoline\/\",\"name\":\"Kebab Knife s120 Plus EcoLine | Monaxis\",\"isPartOf\":{\"@id\":\"https:\/\/www.monaxis.lt\/en\/#website\"},\"primaryImageOfPage\":{\"@id\":\"https:\/\/www.monaxis.lt\/en\/parduotuve\/kebab-mesos-knife-s120-plus-ecoline\/#primaryimage\"},\"image\":{\"@id\":\"https:\/\/www.monaxis.lt\/en\/parduotuve\/kebab-mesos-knife-s120-plus-ecoline\/#primaryimage\"},\"thumbnailUrl\":\"https:\/\/www.monaxis.lt\/wp-content\/uploads\/2023\/07\/su-plokste.png\",\"datePublished\":\"2023-07-24T10:31:59+00:00\",\"dateModified\":\"2026-03-21T14:12:40+00:00\",\"breadcrumb\":{\"@id\":\"https:\/\/www.monaxis.lt\/en\/parduotuve\/kebab-mesos-knife-s120-plus-ecoline\/#breadcrumb\"},\"inLanguage\":\"en-US\",\"potentialAction\":[{\"@type\":\"ReadAction\",\"target\":[\"https:\/\/www.monaxis.lt\/en\/parduotuve\/kebab-mesos-knife-s120-plus-ecoline\/\"]}]},{\"@type\":\"ImageObject\",\"inLanguage\":\"en-US\",\"@id\":\"https:\/\/www.monaxis.lt\/en\/parduotuve\/kebab-mesos-knife-s120-plus-ecoline\/#primaryimage\",\"url\":\"https:\/\/www.monaxis.lt\/wp-content\/uploads\/2023\/07\/su-plokste.png\",\"contentUrl\":\"https:\/\/www.monaxis.lt\/wp-content\/uploads\/2023\/07\/su-plokste.png\",\"width\":1000,\"height\":1000},{\"@type\":\"BreadcrumbList\",\"@id\":\"https:\/\/www.monaxis.lt\/en\/parduotuve\/kebab-mesos-knife-s120-plus-ecoline\/#breadcrumb\",\"itemListElement\":[{\"@type\":\"ListItem\",\"position\":1,\"name\":\"Pagrindinis\",\"item\":\"https:\/\/www.monaxis.lt\/en\/\"},{\"@type\":\"ListItem\",\"position\":2,\"name\":\"Shop\",\"item\":\"https:\/\/www.monaxis.lt\/en\/shop\/\"},{\"@type\":\"ListItem\",\"position\":3,\"name\":\"Industrial kitchen equipment\",\"item\":\"https:\/\/www.monaxis.lt\/en\/produkto-kategorija\/industrial-kitchen-equipment\/\"},{\"@type\":\"ListItem\",\"position\":4,\"name\":\"Gastronomic slicers\",\"item\":\"https:\/\/www.monaxis.lt\/en\/produkto-kategorija\/industrial-kitchen-equipment\/gastronomic-slicers\/\"},{\"@type\":\"ListItem\",\"position\":5,\"name\":\"Kebab meat knives\",\"item\":\"https:\/\/www.monaxis.lt\/en\/produkto-kategorija\/industrial-kitchen-equipment\/gastronomic-slicers\/kebab-meat-knives\/\"},{\"@type\":\"ListItem\",\"position\":6,\"name\":\"Kebab Knife s120 Plus EcoLine\"}]},{\"@type\":\"WebSite\",\"@id\":\"https:\/\/www.monaxis.lt\/en\/#website\",\"url\":\"https:\/\/www.monaxis.lt\/en\/\",\"name\":\"Monaxis\",\"description\":\"Prekybin\u0117, bei \u0161aldymo \u012franga\",\"publisher\":{\"@id\":\"https:\/\/www.monaxis.lt\/en\/#organization\"},\"potentialAction\":[{\"@type\":\"SearchAction\",\"target\":{\"@type\":\"EntryPoint\",\"urlTemplate\":\"https:\/\/www.monaxis.lt\/en\/?s={search_term_string}\"},\"query-input\":{\"@type\":\"PropertyValueSpecification\",\"valueRequired\":true,\"valueName\":\"search_term_string\"}}],\"inLanguage\":\"en-US\"},{\"@type\":\"Organization\",\"@id\":\"https:\/\/www.monaxis.lt\/en\/#organization\",\"name\":\"Monaxis\",\"url\":\"https:\/\/www.monaxis.lt\/en\/\",\"logo\":{\"@type\":\"ImageObject\",\"inLanguage\":\"en-US\",\"@id\":\"https:\/\/www.monaxis.lt\/en\/#\/schema\/logo\/image\/\",\"url\":\"https:\/\/www.monaxis.lt\/wp-content\/uploads\/2023\/03\/logo-1.png\",\"contentUrl\":\"https:\/\/www.monaxis.lt\/wp-content\/uploads\/2023\/03\/logo-1.png\",\"width\":205,\"height\":58,\"caption\":\"Monaxis\"},\"image\":{\"@id\":\"https:\/\/www.monaxis.lt\/en\/#\/schema\/logo\/image\/\"}}]}<\/script>\n<!-- \/ Yoast SEO plugin. -->","yoast_head_json":{"title":"Kebab Knife s120 Plus EcoLine | Monaxis","robots":{"index":"index","follow":"follow","max-snippet":"max-snippet:-1","max-image-preview":"max-image-preview:large","max-video-preview":"max-video-preview:-1"},"canonical":"https:\/\/www.monaxis.lt\/en\/parduotuve\/kebab-mesos-knife-s120-plus-ecoline\/","og_locale":"en_US","og_type":"article","og_title":"Kebab Knife s120 Plus EcoLine | Monaxis","og_description":"Delivery      2-10 d.d.    Comes with  Draining vessel - 1 piece  Measuring cable - 1 pc  Sharpening stone - 1 piece  Grease syringe - 1 piece     Locking pin for blade change - 1 piece  Knives - 2pcs  Warranty card Proof of purchase - Receipt \/ FV","og_url":"https:\/\/www.monaxis.lt\/en\/parduotuve\/kebab-mesos-knife-s120-plus-ecoline\/","og_site_name":"Monaxis","article_modified_time":"2026-03-21T14:12:40+00:00","og_image":[{"width":1000,"height":1000,"url":"https:\/\/www.monaxis.lt\/wp-content\/uploads\/2023\/07\/su-plokste.png","type":"image\/png"}],"twitter_card":"summary_large_image","twitter_misc":{"Est. reading time":"1 minute"},"schema":{"@context":"https:\/\/schema.org","@graph":[{"@type":"WebPage","@id":"https:\/\/www.monaxis.lt\/en\/parduotuve\/kebab-mesos-knife-s120-plus-ecoline\/","url":"https:\/\/www.monaxis.lt\/en\/parduotuve\/kebab-mesos-knife-s120-plus-ecoline\/","name":"Kebab Knife s120 Plus EcoLine | Monaxis","isPartOf":{"@id":"https:\/\/www.monaxis.lt\/en\/#website"},"primaryImageOfPage":{"@id":"https:\/\/www.monaxis.lt\/en\/parduotuve\/kebab-mesos-knife-s120-plus-ecoline\/#primaryimage"},"image":{"@id":"https:\/\/www.monaxis.lt\/en\/parduotuve\/kebab-mesos-knife-s120-plus-ecoline\/#primaryimage"},"thumbnailUrl":"https:\/\/www.monaxis.lt\/wp-content\/uploads\/2023\/07\/su-plokste.png","datePublished":"2023-07-24T10:31:59+00:00","dateModified":"2026-03-21T14:12:40+00:00","breadcrumb":{"@id":"https:\/\/www.monaxis.lt\/en\/parduotuve\/kebab-mesos-knife-s120-plus-ecoline\/#breadcrumb"},"inLanguage":"en-US","potentialAction":[{"@type":"ReadAction","target":["https:\/\/www.monaxis.lt\/en\/parduotuve\/kebab-mesos-knife-s120-plus-ecoline\/"]}]},{"@type":"ImageObject","inLanguage":"en-US","@id":"https:\/\/www.monaxis.lt\/en\/parduotuve\/kebab-mesos-knife-s120-plus-ecoline\/#primaryimage","url":"https:\/\/www.monaxis.lt\/wp-content\/uploads\/2023\/07\/su-plokste.png","contentUrl":"https:\/\/www.monaxis.lt\/wp-content\/uploads\/2023\/07\/su-plokste.png","width":1000,"height":1000},{"@type":"BreadcrumbList","@id":"https:\/\/www.monaxis.lt\/en\/parduotuve\/kebab-mesos-knife-s120-plus-ecoline\/#breadcrumb","itemListElement":[{"@type":"ListItem","position":1,"name":"Pagrindinis","item":"https:\/\/www.monaxis.lt\/en\/"},{"@type":"ListItem","position":2,"name":"Shop","item":"https:\/\/www.monaxis.lt\/en\/shop\/"},{"@type":"ListItem","position":3,"name":"Industrial kitchen equipment","item":"https:\/\/www.monaxis.lt\/en\/produkto-kategorija\/industrial-kitchen-equipment\/"},{"@type":"ListItem","position":4,"name":"Gastronomic slicers","item":"https:\/\/www.monaxis.lt\/en\/produkto-kategorija\/industrial-kitchen-equipment\/gastronomic-slicers\/"},{"@type":"ListItem","position":5,"name":"Kebab meat knives","item":"https:\/\/www.monaxis.lt\/en\/produkto-kategorija\/industrial-kitchen-equipment\/gastronomic-slicers\/kebab-meat-knives\/"},{"@type":"ListItem","position":6,"name":"Kebab Knife s120 Plus EcoLine"}]},{"@type":"WebSite","@id":"https:\/\/www.monaxis.lt\/en\/#website","url":"https:\/\/www.monaxis.lt\/en\/","name":"Monaxis","description":"Prekybin\u0117, bei \u0161aldymo \u012franga","publisher":{"@id":"https:\/\/www.monaxis.lt\/en\/#organization"},"potentialAction":[{"@type":"SearchAction","target":{"@type":"EntryPoint","urlTemplate":"https:\/\/www.monaxis.lt\/en\/?s={search_term_string}"},"query-input":{"@type":"PropertyValueSpecification","valueRequired":true,"valueName":"search_term_string"}}],"inLanguage":"en-US"},{"@type":"Organization","@id":"https:\/\/www.monaxis.lt\/en\/#organization","name":"Monaxis","url":"https:\/\/www.monaxis.lt\/en\/","logo":{"@type":"ImageObject","inLanguage":"en-US","@id":"https:\/\/www.monaxis.lt\/en\/#\/schema\/logo\/image\/","url":"https:\/\/www.monaxis.lt\/wp-content\/uploads\/2023\/03\/logo-1.png","contentUrl":"https:\/\/www.monaxis.lt\/wp-content\/uploads\/2023\/03\/logo-1.png","width":205,"height":58,"caption":"Monaxis"},"image":{"@id":"https:\/\/www.monaxis.lt\/en\/#\/schema\/logo\/image\/"}}]}},"_links":{"self":[{"href":"https:\/\/www.monaxis.lt\/en\/wp-json\/wp\/v2\/product\/9382","targetHints":{"allow":["GET"]}}],"collection":[{"href":"https:\/\/www.monaxis.lt\/en\/wp-json\/wp\/v2\/product"}],"about":[{"href":"https:\/\/www.monaxis.lt\/en\/wp-json\/wp\/v2\/types\/product"}],"replies":[{"embeddable":true,"href":"https:\/\/www.monaxis.lt\/en\/wp-json\/wp\/v2\/comments?post=9382"}],"wp:featuredmedia":[{"embeddable":true,"href":"https:\/\/www.monaxis.lt\/en\/wp-json\/wp\/v2\/media\/9006"}],"wp:attachment":[{"href":"https:\/\/www.monaxis.lt\/en\/wp-json\/wp\/v2\/media?parent=9382"}],"wp:term":[{"taxonomy":"product_brand","embeddable":true,"href":"https:\/\/www.monaxis.lt\/en\/wp-json\/wp\/v2\/product_brand?post=9382"},{"taxonomy":"product_cat","embeddable":true,"href":"https:\/\/www.monaxis.lt\/en\/wp-json\/wp\/v2\/product_cat?post=9382"},{"taxonomy":"product_tag","embeddable":true,"href":"https:\/\/www.monaxis.lt\/en\/wp-json\/wp\/v2\/product_tag?post=9382"}],"curies":[{"name":"wp","href":"https:\/\/api.w.org\/{rel}","templated":true}]}}