{"id":9388,"date":"2023-07-24T10:08:12","date_gmt":"2023-07-24T07:08:12","guid":{"rendered":"https:\/\/www.monaxis.lt\/parduotuve\/cheese-and-meat-slicer-ma-ga-110pt\/"},"modified":"2026-03-21T16:12:32","modified_gmt":"2026-03-21T14:12:32","slug":"surio-cutter-ma-ga-110pt","status":"publish","type":"product","link":"https:\/\/www.monaxis.lt\/en\/parduotuve\/surio-cutter-ma-ga-110pt\/","title":{"rendered":"Cheese and meat slicer Ma-Ga 110pT"},"content":{"rendered":"<p>Food slicer Ma-Ga 110pT<br \/>\nThe MaGa gravity slicer with electric drive is a device that allows you to slice your food into various thicknesses. Designed mainly for cutting hard, soft and smoked cheeses thanks to the Teflon coating of the blade, blade cover and backing plate. The cutting machine is easy to move, clean and operate.<\/p>\n<p><strong>Benefits of the Ma-Ga slicer:<\/strong><br \/>\nModern, reliable design &#8211; made of high quality stainless materials to withstand heavy use, the innovative shape of the body makes it easy to keep clean<br \/>\nEfficiency: cuts to the end without leaving any residue, smooth adjustment of the thickness of the slices from 0 to 10 mm. 250 mm blade diameter. Large space for collecting the cut product<br \/>\nStability: non-slip feet provide protection against slipping during use, even on slippery surfaces<br \/>\nHandling &#8211; easy movement, convenient combination of product clamp with table movement, user-friendly sharpener, which is available as an optional accessory<br \/>\nNon-stick: Teflon-coated carbon steel blade prevents food from sticking to the surface<br \/>\nPurpose: Designed for grocery stores, supermarkets, catering, hotels, gastronomy and catering establishments <\/p>\n<p><strong><span style=\"color: #282828;\"><a style=\"color: #282828;\" href=\"http:\/\/www.maga.com.pl\/files\/karty-katalogi\/Instrukcje\/krajalnice\/Ins_110p_POL_www.pdf\">User Guide<\/a><\/span><\/strong><\/p>\n<p><strong>The device is manufactured according to European Union standards.<\/strong><\/p>\n","protected":false},"excerpt":{"rendered":"<div class=\"product__parameter__name\"><strong><span class=\"product__parameter__name__text\"><img decoding=\"async\" class=\"alignnone wp-image-7601\" src=\"https:\/\/www.monaxis.lt\/wp-content\/uploads\/2023\/03\/delivery-1-150x150.png\" alt=\"\" width=\"23\" height=\"23\" srcset=\"https:\/\/www.monaxis.lt\/wp-content\/uploads\/2023\/03\/delivery-1-150x150.png 150w, https:\/\/www.monaxis.lt\/wp-content\/uploads\/2023\/03\/delivery-1-300x300.png 300w, https:\/\/www.monaxis.lt\/wp-content\/uploads\/2023\/03\/delivery-1.png 512w\" sizes=\"(max-width: 23px) 100vw, 23px\" \/> Delivery <\/span><\/strong><\/div>\n<div class=\"product__parameter__value\"><span class=\"product__parameter__value__text\" style=\"font-size: 75%;\">     <strong>   <span style=\"color: #999999;\"> 2-10 d.d.<\/span><\/strong><\/span><\/div>\n<div class=\"product__parameter__value\">\n<hr>\n<\/div>\n<p><strong><img decoding=\"async\" class=\"alignnone wp-image-7810\" src=\"https:\/\/www.monaxis.lt\/wp-content\/uploads\/2023\/01\/komplektuojama.png\" alt=\"\" width=\"23\" height=\"23\"> Comes with<\/strong><br \/>\n<strong><span style=\"font-size: 75%; color: #999999;\"> Gastronomic slicer<\/span><\/strong><br \/>\n<strong><span style=\"font-size: 75%; color: #999999;\"> Warranty card<\/span><\/strong><br \/>\n<strong><span style=\"font-size: 75%; color: #999999;\"> Proof of purchase &#8211; Receipt \/ FV<\/span><\/strong><\/p>\n","protected":false},"featured_media":8964,"comment_status":"open","ping_status":"closed","template":"","meta":[],"product_brand":[],"product_cat":[136,134,130],"product_tag":[],"class_list":{"0":"post-9388","1":"product","2":"type-product","3":"status-publish","4":"has-post-thumbnail","6":"product_cat-cheese-and-meat-slicers","7":"product_cat-gastronomic-slicers","8":"product_cat-industrial-kitchen-equipment","10":"first","11":"instock","12":"taxable","13":"shipping-taxable","14":"purchasable","15":"product-type-simple"},"yoast_head":"<!-- This site is optimized with the Yoast SEO plugin v27.1.1 - https:\/\/yoast.com\/product\/yoast-seo-wordpress\/ -->\n<title>Cheese and meat slicer Ma-Ga 110pT | Monaxis<\/title>\n<meta name=\"robots\" content=\"index, follow, max-snippet:-1, max-image-preview:large, max-video-preview:-1\" \/>\n<link rel=\"canonical\" href=\"https:\/\/www.monaxis.lt\/en\/parduotuve\/surio-cutter-ma-ga-110pt\/\" \/>\n<meta property=\"og:locale\" content=\"en_US\" \/>\n<meta property=\"og:type\" content=\"article\" \/>\n<meta property=\"og:title\" content=\"Cheese and meat slicer Ma-Ga 110pT | Monaxis\" \/>\n<meta property=\"og:description\" content=\"Delivery      2-10 d.d.    Comes with Gastronomic slicer Warranty card Proof of purchase - Receipt \/ FV\" \/>\n<meta property=\"og:url\" content=\"https:\/\/www.monaxis.lt\/en\/parduotuve\/surio-cutter-ma-ga-110pt\/\" \/>\n<meta property=\"og:site_name\" content=\"Monaxis\" \/>\n<meta property=\"article:modified_time\" content=\"2026-03-21T14:12:32+00:00\" \/>\n<meta property=\"og:image\" content=\"https:\/\/www.monaxis.lt\/wp-content\/uploads\/2023\/07\/Krajalnica-Ma-ga-110p-przod-1.webp\" \/>\n\t<meta property=\"og:image:width\" content=\"762\" \/>\n\t<meta property=\"og:image:height\" content=\"746\" \/>\n\t<meta property=\"og:image:type\" content=\"image\/webp\" \/>\n<meta name=\"twitter:card\" content=\"summary_large_image\" \/>\n<meta name=\"twitter:label1\" content=\"Est. reading time\" \/>\n\t<meta name=\"twitter:data1\" content=\"1 minute\" \/>\n<script type=\"application\/ld+json\" class=\"yoast-schema-graph\">{\"@context\":\"https:\/\/schema.org\",\"@graph\":[{\"@type\":\"WebPage\",\"@id\":\"https:\/\/www.monaxis.lt\/en\/parduotuve\/surio-cutter-ma-ga-110pt\/\",\"url\":\"https:\/\/www.monaxis.lt\/en\/parduotuve\/surio-cutter-ma-ga-110pt\/\",\"name\":\"Cheese and meat slicer Ma-Ga 110pT | Monaxis\",\"isPartOf\":{\"@id\":\"https:\/\/www.monaxis.lt\/en\/#website\"},\"primaryImageOfPage\":{\"@id\":\"https:\/\/www.monaxis.lt\/en\/parduotuve\/surio-cutter-ma-ga-110pt\/#primaryimage\"},\"image\":{\"@id\":\"https:\/\/www.monaxis.lt\/en\/parduotuve\/surio-cutter-ma-ga-110pt\/#primaryimage\"},\"thumbnailUrl\":\"https:\/\/www.monaxis.lt\/wp-content\/uploads\/2023\/07\/Krajalnica-Ma-ga-110p-przod-1.webp\",\"datePublished\":\"2023-07-24T07:08:12+00:00\",\"dateModified\":\"2026-03-21T14:12:32+00:00\",\"breadcrumb\":{\"@id\":\"https:\/\/www.monaxis.lt\/en\/parduotuve\/surio-cutter-ma-ga-110pt\/#breadcrumb\"},\"inLanguage\":\"en-US\",\"potentialAction\":[{\"@type\":\"ReadAction\",\"target\":[\"https:\/\/www.monaxis.lt\/en\/parduotuve\/surio-cutter-ma-ga-110pt\/\"]}]},{\"@type\":\"ImageObject\",\"inLanguage\":\"en-US\",\"@id\":\"https:\/\/www.monaxis.lt\/en\/parduotuve\/surio-cutter-ma-ga-110pt\/#primaryimage\",\"url\":\"https:\/\/www.monaxis.lt\/wp-content\/uploads\/2023\/07\/Krajalnica-Ma-ga-110p-przod-1.webp\",\"contentUrl\":\"https:\/\/www.monaxis.lt\/wp-content\/uploads\/2023\/07\/Krajalnica-Ma-ga-110p-przod-1.webp\",\"width\":762,\"height\":746},{\"@type\":\"BreadcrumbList\",\"@id\":\"https:\/\/www.monaxis.lt\/en\/parduotuve\/surio-cutter-ma-ga-110pt\/#breadcrumb\",\"itemListElement\":[{\"@type\":\"ListItem\",\"position\":1,\"name\":\"Pagrindinis\",\"item\":\"https:\/\/www.monaxis.lt\/en\/\"},{\"@type\":\"ListItem\",\"position\":2,\"name\":\"Shop\",\"item\":\"https:\/\/www.monaxis.lt\/en\/shop\/\"},{\"@type\":\"ListItem\",\"position\":3,\"name\":\"Industrial kitchen equipment\",\"item\":\"https:\/\/www.monaxis.lt\/en\/produkto-kategorija\/industrial-kitchen-equipment\/\"},{\"@type\":\"ListItem\",\"position\":4,\"name\":\"Gastronomic slicers\",\"item\":\"https:\/\/www.monaxis.lt\/en\/produkto-kategorija\/industrial-kitchen-equipment\/gastronomic-slicers\/\"},{\"@type\":\"ListItem\",\"position\":5,\"name\":\"Cheese and meat slicers\",\"item\":\"https:\/\/www.monaxis.lt\/en\/produkto-kategorija\/industrial-kitchen-equipment\/gastronomic-slicers\/cheese-and-meat-slicers\/\"},{\"@type\":\"ListItem\",\"position\":6,\"name\":\"Cheese and meat slicer Ma-Ga 110pT\"}]},{\"@type\":\"WebSite\",\"@id\":\"https:\/\/www.monaxis.lt\/en\/#website\",\"url\":\"https:\/\/www.monaxis.lt\/en\/\",\"name\":\"Monaxis\",\"description\":\"Prekybin\u0117, bei \u0161aldymo \u012franga\",\"publisher\":{\"@id\":\"https:\/\/www.monaxis.lt\/en\/#organization\"},\"potentialAction\":[{\"@type\":\"SearchAction\",\"target\":{\"@type\":\"EntryPoint\",\"urlTemplate\":\"https:\/\/www.monaxis.lt\/en\/?s={search_term_string}\"},\"query-input\":{\"@type\":\"PropertyValueSpecification\",\"valueRequired\":true,\"valueName\":\"search_term_string\"}}],\"inLanguage\":\"en-US\"},{\"@type\":\"Organization\",\"@id\":\"https:\/\/www.monaxis.lt\/en\/#organization\",\"name\":\"Monaxis\",\"url\":\"https:\/\/www.monaxis.lt\/en\/\",\"logo\":{\"@type\":\"ImageObject\",\"inLanguage\":\"en-US\",\"@id\":\"https:\/\/www.monaxis.lt\/en\/#\/schema\/logo\/image\/\",\"url\":\"https:\/\/www.monaxis.lt\/wp-content\/uploads\/2023\/03\/logo-1.png\",\"contentUrl\":\"https:\/\/www.monaxis.lt\/wp-content\/uploads\/2023\/03\/logo-1.png\",\"width\":205,\"height\":58,\"caption\":\"Monaxis\"},\"image\":{\"@id\":\"https:\/\/www.monaxis.lt\/en\/#\/schema\/logo\/image\/\"}}]}<\/script>\n<!-- \/ Yoast SEO plugin. -->","yoast_head_json":{"title":"Cheese and meat slicer Ma-Ga 110pT | Monaxis","robots":{"index":"index","follow":"follow","max-snippet":"max-snippet:-1","max-image-preview":"max-image-preview:large","max-video-preview":"max-video-preview:-1"},"canonical":"https:\/\/www.monaxis.lt\/en\/parduotuve\/surio-cutter-ma-ga-110pt\/","og_locale":"en_US","og_type":"article","og_title":"Cheese and meat slicer Ma-Ga 110pT | Monaxis","og_description":"Delivery      2-10 d.d.    Comes with Gastronomic slicer Warranty card Proof of purchase - Receipt \/ FV","og_url":"https:\/\/www.monaxis.lt\/en\/parduotuve\/surio-cutter-ma-ga-110pt\/","og_site_name":"Monaxis","article_modified_time":"2026-03-21T14:12:32+00:00","og_image":[{"width":762,"height":746,"url":"https:\/\/www.monaxis.lt\/wp-content\/uploads\/2023\/07\/Krajalnica-Ma-ga-110p-przod-1.webp","type":"image\/webp"}],"twitter_card":"summary_large_image","twitter_misc":{"Est. reading time":"1 minute"},"schema":{"@context":"https:\/\/schema.org","@graph":[{"@type":"WebPage","@id":"https:\/\/www.monaxis.lt\/en\/parduotuve\/surio-cutter-ma-ga-110pt\/","url":"https:\/\/www.monaxis.lt\/en\/parduotuve\/surio-cutter-ma-ga-110pt\/","name":"Cheese and meat slicer Ma-Ga 110pT | Monaxis","isPartOf":{"@id":"https:\/\/www.monaxis.lt\/en\/#website"},"primaryImageOfPage":{"@id":"https:\/\/www.monaxis.lt\/en\/parduotuve\/surio-cutter-ma-ga-110pt\/#primaryimage"},"image":{"@id":"https:\/\/www.monaxis.lt\/en\/parduotuve\/surio-cutter-ma-ga-110pt\/#primaryimage"},"thumbnailUrl":"https:\/\/www.monaxis.lt\/wp-content\/uploads\/2023\/07\/Krajalnica-Ma-ga-110p-przod-1.webp","datePublished":"2023-07-24T07:08:12+00:00","dateModified":"2026-03-21T14:12:32+00:00","breadcrumb":{"@id":"https:\/\/www.monaxis.lt\/en\/parduotuve\/surio-cutter-ma-ga-110pt\/#breadcrumb"},"inLanguage":"en-US","potentialAction":[{"@type":"ReadAction","target":["https:\/\/www.monaxis.lt\/en\/parduotuve\/surio-cutter-ma-ga-110pt\/"]}]},{"@type":"ImageObject","inLanguage":"en-US","@id":"https:\/\/www.monaxis.lt\/en\/parduotuve\/surio-cutter-ma-ga-110pt\/#primaryimage","url":"https:\/\/www.monaxis.lt\/wp-content\/uploads\/2023\/07\/Krajalnica-Ma-ga-110p-przod-1.webp","contentUrl":"https:\/\/www.monaxis.lt\/wp-content\/uploads\/2023\/07\/Krajalnica-Ma-ga-110p-przod-1.webp","width":762,"height":746},{"@type":"BreadcrumbList","@id":"https:\/\/www.monaxis.lt\/en\/parduotuve\/surio-cutter-ma-ga-110pt\/#breadcrumb","itemListElement":[{"@type":"ListItem","position":1,"name":"Pagrindinis","item":"https:\/\/www.monaxis.lt\/en\/"},{"@type":"ListItem","position":2,"name":"Shop","item":"https:\/\/www.monaxis.lt\/en\/shop\/"},{"@type":"ListItem","position":3,"name":"Industrial kitchen equipment","item":"https:\/\/www.monaxis.lt\/en\/produkto-kategorija\/industrial-kitchen-equipment\/"},{"@type":"ListItem","position":4,"name":"Gastronomic slicers","item":"https:\/\/www.monaxis.lt\/en\/produkto-kategorija\/industrial-kitchen-equipment\/gastronomic-slicers\/"},{"@type":"ListItem","position":5,"name":"Cheese and meat slicers","item":"https:\/\/www.monaxis.lt\/en\/produkto-kategorija\/industrial-kitchen-equipment\/gastronomic-slicers\/cheese-and-meat-slicers\/"},{"@type":"ListItem","position":6,"name":"Cheese and meat slicer Ma-Ga 110pT"}]},{"@type":"WebSite","@id":"https:\/\/www.monaxis.lt\/en\/#website","url":"https:\/\/www.monaxis.lt\/en\/","name":"Monaxis","description":"Prekybin\u0117, bei \u0161aldymo \u012franga","publisher":{"@id":"https:\/\/www.monaxis.lt\/en\/#organization"},"potentialAction":[{"@type":"SearchAction","target":{"@type":"EntryPoint","urlTemplate":"https:\/\/www.monaxis.lt\/en\/?s={search_term_string}"},"query-input":{"@type":"PropertyValueSpecification","valueRequired":true,"valueName":"search_term_string"}}],"inLanguage":"en-US"},{"@type":"Organization","@id":"https:\/\/www.monaxis.lt\/en\/#organization","name":"Monaxis","url":"https:\/\/www.monaxis.lt\/en\/","logo":{"@type":"ImageObject","inLanguage":"en-US","@id":"https:\/\/www.monaxis.lt\/en\/#\/schema\/logo\/image\/","url":"https:\/\/www.monaxis.lt\/wp-content\/uploads\/2023\/03\/logo-1.png","contentUrl":"https:\/\/www.monaxis.lt\/wp-content\/uploads\/2023\/03\/logo-1.png","width":205,"height":58,"caption":"Monaxis"},"image":{"@id":"https:\/\/www.monaxis.lt\/en\/#\/schema\/logo\/image\/"}}]}},"_links":{"self":[{"href":"https:\/\/www.monaxis.lt\/en\/wp-json\/wp\/v2\/product\/9388","targetHints":{"allow":["GET"]}}],"collection":[{"href":"https:\/\/www.monaxis.lt\/en\/wp-json\/wp\/v2\/product"}],"about":[{"href":"https:\/\/www.monaxis.lt\/en\/wp-json\/wp\/v2\/types\/product"}],"replies":[{"embeddable":true,"href":"https:\/\/www.monaxis.lt\/en\/wp-json\/wp\/v2\/comments?post=9388"}],"wp:featuredmedia":[{"embeddable":true,"href":"https:\/\/www.monaxis.lt\/en\/wp-json\/wp\/v2\/media\/8964"}],"wp:attachment":[{"href":"https:\/\/www.monaxis.lt\/en\/wp-json\/wp\/v2\/media?parent=9388"}],"wp:term":[{"taxonomy":"product_brand","embeddable":true,"href":"https:\/\/www.monaxis.lt\/en\/wp-json\/wp\/v2\/product_brand?post=9388"},{"taxonomy":"product_cat","embeddable":true,"href":"https:\/\/www.monaxis.lt\/en\/wp-json\/wp\/v2\/product_cat?post=9388"},{"taxonomy":"product_tag","embeddable":true,"href":"https:\/\/www.monaxis.lt\/en\/wp-json\/wp\/v2\/product_tag?post=9388"}],"curies":[{"name":"wp","href":"https:\/\/api.w.org\/{rel}","templated":true}]}}