{"id":9389,"date":"2023-07-24T11:20:50","date_gmt":"2023-07-24T08:20:50","guid":{"rendered":"https:\/\/www.monaxis.lt\/parduotuve\/cheese-and-meat-slicer-ma-ga-612p\/"},"modified":"2026-03-21T16:12:32","modified_gmt":"2026-03-21T14:12:32","slug":"surio-and-meat-cutter-ma-ga-612p","status":"publish","type":"product","link":"https:\/\/www.monaxis.lt\/en\/parduotuve\/surio-and-meat-cutter-ma-ga-612p\/","title":{"rendered":"Cheese and meat slicer Ma-Ga 612p"},"content":{"rendered":"<p>Cheese and meat slicer <strong>Ma-Ga 612p<\/strong><br \/>\nThe MaGa 612p electrically powered gravity slicer is a professional machine that allows you to slice food into various thicknesses. Ideal for cutting hard, soft and dry meats such as sausage, ham, bacon or steaks. It also makes it easier to cut cheese, vegetables and bread. The cutting machine is easy to move, clean and operate.<\/p>\n<p><strong>Advantages of food slicers:<\/strong><\/p>\n<p>Performance &#8211; Stable construction made of high quality stainless materials, resistant to heavy use, carbon steel blade coated with chrome, innovative shape of the body for easy cleaning<br \/>\nEfficiency &#8211; cuts to the end without leaving any residue, smooth adjustment of the thickness of cut in the range from 0 to 24 mm. 300 mm blade diameter. Large space for collecting the cut product<br \/>\nSafety &#8211; anti-slip protection during use, even on slippery surfaces, is ensured by non-slip feet<br \/>\nControl &#8211; power table measuring 300 x 250 mm<br \/>\nand a 45\u00b0 inclination ensures a reliable gravitational pressure on the cut food<br \/>\nService life &#8211; to keep the blade sharp during operation, a built-in sharpener is used on the edge of the cut.<br \/>\nApplication &#8211; designed for grocery stores, butcher shops, supermarkets, catering establishments, hotels, gastronomy and catering establishments <\/p>\n<p><strong>Manufactured to European Union standards<\/strong><\/p>\n","protected":false},"excerpt":{"rendered":"<p>Cheese and meat slicer Ma-Ga 612p The MaGa 612p electrically powered gravity slicer is a professional machine that allows you to slice food into various thicknesses. Ideal for cutting hard, soft and dry meats such as sausage, ham, bacon or steaks. It also makes it easier to cut cheese, vegetables and bread. The cutting machine [&#8230;]\n","protected":false},"featured_media":8978,"comment_status":"open","ping_status":"closed","template":"","meta":[],"product_brand":[],"product_cat":[136,134,130],"product_tag":[],"class_list":{"0":"post-9389","1":"product","2":"type-product","3":"status-publish","4":"has-post-thumbnail","6":"product_cat-cheese-and-meat-slicers","7":"product_cat-gastronomic-slicers","8":"product_cat-industrial-kitchen-equipment","10":"first","11":"instock","12":"taxable","13":"shipping-taxable","14":"purchasable","15":"product-type-simple"},"yoast_head":"<!-- This site is optimized with the Yoast SEO plugin v27.1.1 - https:\/\/yoast.com\/product\/yoast-seo-wordpress\/ -->\n<title>Cheese and meat slicer Ma-Ga 612p | Monaxis<\/title>\n<meta name=\"robots\" content=\"index, follow, max-snippet:-1, max-image-preview:large, max-video-preview:-1\" \/>\n<link rel=\"canonical\" href=\"https:\/\/www.monaxis.lt\/en\/parduotuve\/surio-and-meat-cutter-ma-ga-612p\/\" \/>\n<meta property=\"og:locale\" content=\"en_US\" \/>\n<meta property=\"og:type\" content=\"article\" \/>\n<meta property=\"og:title\" content=\"Cheese and meat slicer Ma-Ga 612p | Monaxis\" \/>\n<meta property=\"og:description\" content=\"Cheese and meat slicer Ma-Ga 612p The MaGa 612p electrically powered gravity slicer is a professional machine that allows you to slice food into various thicknesses. Ideal for cutting hard, soft and dry meats such as sausage, ham, bacon or steaks. It also makes it easier to cut cheese, vegetables and bread. The cutting machine [...]\" \/>\n<meta property=\"og:url\" content=\"https:\/\/www.monaxis.lt\/en\/parduotuve\/surio-and-meat-cutter-ma-ga-612p\/\" \/>\n<meta property=\"og:site_name\" content=\"Monaxis\" \/>\n<meta property=\"article:modified_time\" content=\"2026-03-21T14:12:32+00:00\" \/>\n<meta property=\"og:image\" content=\"https:\/\/www.monaxis.lt\/wp-content\/uploads\/2023\/07\/Krajalnica-grawitacyjna-do-wedlin-Ma-Ga-612p-1.webp\" \/>\n\t<meta property=\"og:image:width\" content=\"762\" \/>\n\t<meta property=\"og:image:height\" content=\"762\" \/>\n\t<meta property=\"og:image:type\" content=\"image\/webp\" \/>\n<meta name=\"twitter:card\" content=\"summary_large_image\" \/>\n<meta name=\"twitter:label1\" content=\"Est. reading time\" \/>\n\t<meta name=\"twitter:data1\" content=\"1 minute\" \/>\n<script type=\"application\/ld+json\" class=\"yoast-schema-graph\">{\"@context\":\"https:\/\/schema.org\",\"@graph\":[{\"@type\":\"WebPage\",\"@id\":\"https:\/\/www.monaxis.lt\/en\/parduotuve\/surio-and-meat-cutter-ma-ga-612p\/\",\"url\":\"https:\/\/www.monaxis.lt\/en\/parduotuve\/surio-and-meat-cutter-ma-ga-612p\/\",\"name\":\"Cheese and meat slicer Ma-Ga 612p | Monaxis\",\"isPartOf\":{\"@id\":\"https:\/\/www.monaxis.lt\/en\/#website\"},\"primaryImageOfPage\":{\"@id\":\"https:\/\/www.monaxis.lt\/en\/parduotuve\/surio-and-meat-cutter-ma-ga-612p\/#primaryimage\"},\"image\":{\"@id\":\"https:\/\/www.monaxis.lt\/en\/parduotuve\/surio-and-meat-cutter-ma-ga-612p\/#primaryimage\"},\"thumbnailUrl\":\"https:\/\/www.monaxis.lt\/wp-content\/uploads\/2023\/07\/Krajalnica-grawitacyjna-do-wedlin-Ma-Ga-612p-1.webp\",\"datePublished\":\"2023-07-24T08:20:50+00:00\",\"dateModified\":\"2026-03-21T14:12:32+00:00\",\"breadcrumb\":{\"@id\":\"https:\/\/www.monaxis.lt\/en\/parduotuve\/surio-and-meat-cutter-ma-ga-612p\/#breadcrumb\"},\"inLanguage\":\"en-US\",\"potentialAction\":[{\"@type\":\"ReadAction\",\"target\":[\"https:\/\/www.monaxis.lt\/en\/parduotuve\/surio-and-meat-cutter-ma-ga-612p\/\"]}]},{\"@type\":\"ImageObject\",\"inLanguage\":\"en-US\",\"@id\":\"https:\/\/www.monaxis.lt\/en\/parduotuve\/surio-and-meat-cutter-ma-ga-612p\/#primaryimage\",\"url\":\"https:\/\/www.monaxis.lt\/wp-content\/uploads\/2023\/07\/Krajalnica-grawitacyjna-do-wedlin-Ma-Ga-612p-1.webp\",\"contentUrl\":\"https:\/\/www.monaxis.lt\/wp-content\/uploads\/2023\/07\/Krajalnica-grawitacyjna-do-wedlin-Ma-Ga-612p-1.webp\",\"width\":762,\"height\":762},{\"@type\":\"BreadcrumbList\",\"@id\":\"https:\/\/www.monaxis.lt\/en\/parduotuve\/surio-and-meat-cutter-ma-ga-612p\/#breadcrumb\",\"itemListElement\":[{\"@type\":\"ListItem\",\"position\":1,\"name\":\"Pagrindinis\",\"item\":\"https:\/\/www.monaxis.lt\/en\/\"},{\"@type\":\"ListItem\",\"position\":2,\"name\":\"Shop\",\"item\":\"https:\/\/www.monaxis.lt\/en\/shop\/\"},{\"@type\":\"ListItem\",\"position\":3,\"name\":\"Industrial kitchen equipment\",\"item\":\"https:\/\/www.monaxis.lt\/en\/produkto-kategorija\/industrial-kitchen-equipment\/\"},{\"@type\":\"ListItem\",\"position\":4,\"name\":\"Gastronomic slicers\",\"item\":\"https:\/\/www.monaxis.lt\/en\/produkto-kategorija\/industrial-kitchen-equipment\/gastronomic-slicers\/\"},{\"@type\":\"ListItem\",\"position\":5,\"name\":\"Cheese and meat slicers\",\"item\":\"https:\/\/www.monaxis.lt\/en\/produkto-kategorija\/industrial-kitchen-equipment\/gastronomic-slicers\/cheese-and-meat-slicers\/\"},{\"@type\":\"ListItem\",\"position\":6,\"name\":\"Cheese and meat slicer Ma-Ga 612p\"}]},{\"@type\":\"WebSite\",\"@id\":\"https:\/\/www.monaxis.lt\/en\/#website\",\"url\":\"https:\/\/www.monaxis.lt\/en\/\",\"name\":\"Monaxis\",\"description\":\"Prekybin\u0117, bei \u0161aldymo \u012franga\",\"publisher\":{\"@id\":\"https:\/\/www.monaxis.lt\/en\/#organization\"},\"potentialAction\":[{\"@type\":\"SearchAction\",\"target\":{\"@type\":\"EntryPoint\",\"urlTemplate\":\"https:\/\/www.monaxis.lt\/en\/?s={search_term_string}\"},\"query-input\":{\"@type\":\"PropertyValueSpecification\",\"valueRequired\":true,\"valueName\":\"search_term_string\"}}],\"inLanguage\":\"en-US\"},{\"@type\":\"Organization\",\"@id\":\"https:\/\/www.monaxis.lt\/en\/#organization\",\"name\":\"Monaxis\",\"url\":\"https:\/\/www.monaxis.lt\/en\/\",\"logo\":{\"@type\":\"ImageObject\",\"inLanguage\":\"en-US\",\"@id\":\"https:\/\/www.monaxis.lt\/en\/#\/schema\/logo\/image\/\",\"url\":\"https:\/\/www.monaxis.lt\/wp-content\/uploads\/2023\/03\/logo-1.png\",\"contentUrl\":\"https:\/\/www.monaxis.lt\/wp-content\/uploads\/2023\/03\/logo-1.png\",\"width\":205,\"height\":58,\"caption\":\"Monaxis\"},\"image\":{\"@id\":\"https:\/\/www.monaxis.lt\/en\/#\/schema\/logo\/image\/\"}}]}<\/script>\n<!-- \/ Yoast SEO plugin. -->","yoast_head_json":{"title":"Cheese and meat slicer Ma-Ga 612p | Monaxis","robots":{"index":"index","follow":"follow","max-snippet":"max-snippet:-1","max-image-preview":"max-image-preview:large","max-video-preview":"max-video-preview:-1"},"canonical":"https:\/\/www.monaxis.lt\/en\/parduotuve\/surio-and-meat-cutter-ma-ga-612p\/","og_locale":"en_US","og_type":"article","og_title":"Cheese and meat slicer Ma-Ga 612p | Monaxis","og_description":"Cheese and meat slicer Ma-Ga 612p The MaGa 612p electrically powered gravity slicer is a professional machine that allows you to slice food into various thicknesses. Ideal for cutting hard, soft and dry meats such as sausage, ham, bacon or steaks. It also makes it easier to cut cheese, vegetables and bread. The cutting machine [...]","og_url":"https:\/\/www.monaxis.lt\/en\/parduotuve\/surio-and-meat-cutter-ma-ga-612p\/","og_site_name":"Monaxis","article_modified_time":"2026-03-21T14:12:32+00:00","og_image":[{"width":762,"height":762,"url":"https:\/\/www.monaxis.lt\/wp-content\/uploads\/2023\/07\/Krajalnica-grawitacyjna-do-wedlin-Ma-Ga-612p-1.webp","type":"image\/webp"}],"twitter_card":"summary_large_image","twitter_misc":{"Est. reading time":"1 minute"},"schema":{"@context":"https:\/\/schema.org","@graph":[{"@type":"WebPage","@id":"https:\/\/www.monaxis.lt\/en\/parduotuve\/surio-and-meat-cutter-ma-ga-612p\/","url":"https:\/\/www.monaxis.lt\/en\/parduotuve\/surio-and-meat-cutter-ma-ga-612p\/","name":"Cheese and meat slicer Ma-Ga 612p | Monaxis","isPartOf":{"@id":"https:\/\/www.monaxis.lt\/en\/#website"},"primaryImageOfPage":{"@id":"https:\/\/www.monaxis.lt\/en\/parduotuve\/surio-and-meat-cutter-ma-ga-612p\/#primaryimage"},"image":{"@id":"https:\/\/www.monaxis.lt\/en\/parduotuve\/surio-and-meat-cutter-ma-ga-612p\/#primaryimage"},"thumbnailUrl":"https:\/\/www.monaxis.lt\/wp-content\/uploads\/2023\/07\/Krajalnica-grawitacyjna-do-wedlin-Ma-Ga-612p-1.webp","datePublished":"2023-07-24T08:20:50+00:00","dateModified":"2026-03-21T14:12:32+00:00","breadcrumb":{"@id":"https:\/\/www.monaxis.lt\/en\/parduotuve\/surio-and-meat-cutter-ma-ga-612p\/#breadcrumb"},"inLanguage":"en-US","potentialAction":[{"@type":"ReadAction","target":["https:\/\/www.monaxis.lt\/en\/parduotuve\/surio-and-meat-cutter-ma-ga-612p\/"]}]},{"@type":"ImageObject","inLanguage":"en-US","@id":"https:\/\/www.monaxis.lt\/en\/parduotuve\/surio-and-meat-cutter-ma-ga-612p\/#primaryimage","url":"https:\/\/www.monaxis.lt\/wp-content\/uploads\/2023\/07\/Krajalnica-grawitacyjna-do-wedlin-Ma-Ga-612p-1.webp","contentUrl":"https:\/\/www.monaxis.lt\/wp-content\/uploads\/2023\/07\/Krajalnica-grawitacyjna-do-wedlin-Ma-Ga-612p-1.webp","width":762,"height":762},{"@type":"BreadcrumbList","@id":"https:\/\/www.monaxis.lt\/en\/parduotuve\/surio-and-meat-cutter-ma-ga-612p\/#breadcrumb","itemListElement":[{"@type":"ListItem","position":1,"name":"Pagrindinis","item":"https:\/\/www.monaxis.lt\/en\/"},{"@type":"ListItem","position":2,"name":"Shop","item":"https:\/\/www.monaxis.lt\/en\/shop\/"},{"@type":"ListItem","position":3,"name":"Industrial kitchen equipment","item":"https:\/\/www.monaxis.lt\/en\/produkto-kategorija\/industrial-kitchen-equipment\/"},{"@type":"ListItem","position":4,"name":"Gastronomic slicers","item":"https:\/\/www.monaxis.lt\/en\/produkto-kategorija\/industrial-kitchen-equipment\/gastronomic-slicers\/"},{"@type":"ListItem","position":5,"name":"Cheese and meat slicers","item":"https:\/\/www.monaxis.lt\/en\/produkto-kategorija\/industrial-kitchen-equipment\/gastronomic-slicers\/cheese-and-meat-slicers\/"},{"@type":"ListItem","position":6,"name":"Cheese and meat slicer Ma-Ga 612p"}]},{"@type":"WebSite","@id":"https:\/\/www.monaxis.lt\/en\/#website","url":"https:\/\/www.monaxis.lt\/en\/","name":"Monaxis","description":"Prekybin\u0117, bei \u0161aldymo \u012franga","publisher":{"@id":"https:\/\/www.monaxis.lt\/en\/#organization"},"potentialAction":[{"@type":"SearchAction","target":{"@type":"EntryPoint","urlTemplate":"https:\/\/www.monaxis.lt\/en\/?s={search_term_string}"},"query-input":{"@type":"PropertyValueSpecification","valueRequired":true,"valueName":"search_term_string"}}],"inLanguage":"en-US"},{"@type":"Organization","@id":"https:\/\/www.monaxis.lt\/en\/#organization","name":"Monaxis","url":"https:\/\/www.monaxis.lt\/en\/","logo":{"@type":"ImageObject","inLanguage":"en-US","@id":"https:\/\/www.monaxis.lt\/en\/#\/schema\/logo\/image\/","url":"https:\/\/www.monaxis.lt\/wp-content\/uploads\/2023\/03\/logo-1.png","contentUrl":"https:\/\/www.monaxis.lt\/wp-content\/uploads\/2023\/03\/logo-1.png","width":205,"height":58,"caption":"Monaxis"},"image":{"@id":"https:\/\/www.monaxis.lt\/en\/#\/schema\/logo\/image\/"}}]}},"_links":{"self":[{"href":"https:\/\/www.monaxis.lt\/en\/wp-json\/wp\/v2\/product\/9389","targetHints":{"allow":["GET"]}}],"collection":[{"href":"https:\/\/www.monaxis.lt\/en\/wp-json\/wp\/v2\/product"}],"about":[{"href":"https:\/\/www.monaxis.lt\/en\/wp-json\/wp\/v2\/types\/product"}],"replies":[{"embeddable":true,"href":"https:\/\/www.monaxis.lt\/en\/wp-json\/wp\/v2\/comments?post=9389"}],"wp:featuredmedia":[{"embeddable":true,"href":"https:\/\/www.monaxis.lt\/en\/wp-json\/wp\/v2\/media\/8978"}],"wp:attachment":[{"href":"https:\/\/www.monaxis.lt\/en\/wp-json\/wp\/v2\/media?parent=9389"}],"wp:term":[{"taxonomy":"product_brand","embeddable":true,"href":"https:\/\/www.monaxis.lt\/en\/wp-json\/wp\/v2\/product_brand?post=9389"},{"taxonomy":"product_cat","embeddable":true,"href":"https:\/\/www.monaxis.lt\/en\/wp-json\/wp\/v2\/product_cat?post=9389"},{"taxonomy":"product_tag","embeddable":true,"href":"https:\/\/www.monaxis.lt\/en\/wp-json\/wp\/v2\/product_tag?post=9389"}],"curies":[{"name":"wp","href":"https:\/\/api.w.org\/{rel}","templated":true}]}}