{"id":9392,"date":"2023-07-24T11:11:59","date_gmt":"2023-07-24T08:11:59","guid":{"rendered":"https:\/\/www.monaxis.lt\/parduotuve\/cheese-and-meat-slicer-ma-ga-310p2t\/"},"modified":"2026-03-21T16:12:31","modified_gmt":"2026-03-21T14:12:31","slug":"surio-and-meat-cutter-ma-ga-310p2t","status":"publish","type":"product","link":"https:\/\/www.monaxis.lt\/en\/parduotuve\/surio-and-meat-cutter-ma-ga-310p2t\/","title":{"rendered":"Cheese and meat slicer Ma-Ga 310p2T"},"content":{"rendered":"<p>Cheese and meat slicer <strong>Ma-Ga 310p2T<\/strong><br \/>\nThe MaGa 310p2T electric slicer is a machine that allows you to slice food in different thicknesses. Designed mainly for cutting hard, soft and smoked cheeses thanks to the Teflon coating of the blade, blade cover and backing plate. The Gravity Meat and Cheese Slicer is easy to carry, clean and operate. Designed for grocery stores, supermarkets, catering, hotels, gastronomy and catering establishments.<\/p>\n<p><strong>Benefits of a professional food slicer:<\/strong><\/p>\n<p>Design &#8211; Stable construction made of high quality stainless materials, resistant to heavy use, innovative body shape for easy cleaning<br \/>\nEfficiency &#8211; cuts right to the end without leaving any residue, smooth adjustment of slice thickness between 0 and 16 mm. 250 mm blade diameter. Large space for collecting the sliced product<br \/>\nStability &#8211; anti-slip protection during use, even on slippery surfaces, is ensured by non-slip feet<br \/>\nService &#8211; a feeding table measuring 220 x 200 mm<br \/>\nand a 45\u00b0 tilt for reliable gravitational pressure on the sliced food<br \/>\nService life &#8211; to keep the blade sharp during operation, a built-in sharpener mounted on the edge of the slicer is used.<br \/>\nNon-stick: Teflon-coated carbon steel blade prevents food from sticking to the surface <\/p>\n<p><strong>The device is manufactured according to European Union standards. <\/strong><\/p>\n","protected":false},"excerpt":{"rendered":"<p>Cheese and meat slicer Ma-Ga 310p2T The MaGa 310p2T electric slicer is a machine that allows you to slice food in different thicknesses. Designed mainly for cutting hard, soft and smoked cheeses thanks to the Teflon coating of the blade, blade cover and backing plate. The Gravity Meat and Cheese Slicer is easy to carry, [&#8230;]\n","protected":false},"featured_media":8971,"comment_status":"open","ping_status":"closed","template":"","meta":[],"product_brand":[],"product_cat":[136,134,130],"product_tag":[],"class_list":{"0":"post-9392","1":"product","2":"type-product","3":"status-publish","4":"has-post-thumbnail","6":"product_cat-cheese-and-meat-slicers","7":"product_cat-gastronomic-slicers","8":"product_cat-industrial-kitchen-equipment","10":"first","11":"instock","12":"taxable","13":"shipping-taxable","14":"purchasable","15":"product-type-simple"},"yoast_head":"<!-- This site is optimized with the Yoast SEO plugin v27.1.1 - https:\/\/yoast.com\/product\/yoast-seo-wordpress\/ -->\n<title>Cheese and meat slicer Ma-Ga 310p2T | Monaxis<\/title>\n<meta name=\"robots\" content=\"index, follow, max-snippet:-1, max-image-preview:large, max-video-preview:-1\" \/>\n<link rel=\"canonical\" href=\"https:\/\/www.monaxis.lt\/en\/parduotuve\/surio-and-meat-cutter-ma-ga-310p2t\/\" \/>\n<meta property=\"og:locale\" content=\"en_US\" \/>\n<meta property=\"og:type\" content=\"article\" \/>\n<meta property=\"og:title\" content=\"Cheese and meat slicer Ma-Ga 310p2T | Monaxis\" \/>\n<meta property=\"og:description\" content=\"Cheese and meat slicer Ma-Ga 310p2T The MaGa 310p2T electric slicer is a machine that allows you to slice food in different thicknesses. Designed mainly for cutting hard, soft and smoked cheeses thanks to the Teflon coating of the blade, blade cover and backing plate. The Gravity Meat and Cheese Slicer is easy to carry, [...]\" \/>\n<meta property=\"og:url\" content=\"https:\/\/www.monaxis.lt\/en\/parduotuve\/surio-and-meat-cutter-ma-ga-310p2t\/\" \/>\n<meta property=\"og:site_name\" content=\"Monaxis\" \/>\n<meta property=\"article:modified_time\" content=\"2026-03-21T14:12:31+00:00\" \/>\n<meta property=\"og:image\" content=\"https:\/\/www.monaxis.lt\/wp-content\/uploads\/2023\/07\/Krajalnica-grawitacyjna-do-wedlin-Ma-Ga-310p2-1.webp\" \/>\n\t<meta property=\"og:image:width\" content=\"762\" \/>\n\t<meta property=\"og:image:height\" content=\"762\" \/>\n\t<meta property=\"og:image:type\" content=\"image\/webp\" \/>\n<meta name=\"twitter:card\" content=\"summary_large_image\" \/>\n<meta name=\"twitter:label1\" content=\"Est. reading time\" \/>\n\t<meta name=\"twitter:data1\" content=\"1 minute\" \/>\n<script type=\"application\/ld+json\" class=\"yoast-schema-graph\">{\"@context\":\"https:\/\/schema.org\",\"@graph\":[{\"@type\":\"WebPage\",\"@id\":\"https:\/\/www.monaxis.lt\/en\/parduotuve\/surio-and-meat-cutter-ma-ga-310p2t\/\",\"url\":\"https:\/\/www.monaxis.lt\/en\/parduotuve\/surio-and-meat-cutter-ma-ga-310p2t\/\",\"name\":\"Cheese and meat slicer Ma-Ga 310p2T | Monaxis\",\"isPartOf\":{\"@id\":\"https:\/\/www.monaxis.lt\/en\/#website\"},\"primaryImageOfPage\":{\"@id\":\"https:\/\/www.monaxis.lt\/en\/parduotuve\/surio-and-meat-cutter-ma-ga-310p2t\/#primaryimage\"},\"image\":{\"@id\":\"https:\/\/www.monaxis.lt\/en\/parduotuve\/surio-and-meat-cutter-ma-ga-310p2t\/#primaryimage\"},\"thumbnailUrl\":\"https:\/\/www.monaxis.lt\/wp-content\/uploads\/2023\/07\/Krajalnica-grawitacyjna-do-wedlin-Ma-Ga-310p2-1.webp\",\"datePublished\":\"2023-07-24T08:11:59+00:00\",\"dateModified\":\"2026-03-21T14:12:31+00:00\",\"breadcrumb\":{\"@id\":\"https:\/\/www.monaxis.lt\/en\/parduotuve\/surio-and-meat-cutter-ma-ga-310p2t\/#breadcrumb\"},\"inLanguage\":\"en-US\",\"potentialAction\":[{\"@type\":\"ReadAction\",\"target\":[\"https:\/\/www.monaxis.lt\/en\/parduotuve\/surio-and-meat-cutter-ma-ga-310p2t\/\"]}]},{\"@type\":\"ImageObject\",\"inLanguage\":\"en-US\",\"@id\":\"https:\/\/www.monaxis.lt\/en\/parduotuve\/surio-and-meat-cutter-ma-ga-310p2t\/#primaryimage\",\"url\":\"https:\/\/www.monaxis.lt\/wp-content\/uploads\/2023\/07\/Krajalnica-grawitacyjna-do-wedlin-Ma-Ga-310p2-1.webp\",\"contentUrl\":\"https:\/\/www.monaxis.lt\/wp-content\/uploads\/2023\/07\/Krajalnica-grawitacyjna-do-wedlin-Ma-Ga-310p2-1.webp\",\"width\":762,\"height\":762},{\"@type\":\"BreadcrumbList\",\"@id\":\"https:\/\/www.monaxis.lt\/en\/parduotuve\/surio-and-meat-cutter-ma-ga-310p2t\/#breadcrumb\",\"itemListElement\":[{\"@type\":\"ListItem\",\"position\":1,\"name\":\"Pagrindinis\",\"item\":\"https:\/\/www.monaxis.lt\/en\/\"},{\"@type\":\"ListItem\",\"position\":2,\"name\":\"Shop\",\"item\":\"https:\/\/www.monaxis.lt\/en\/shop\/\"},{\"@type\":\"ListItem\",\"position\":3,\"name\":\"Industrial kitchen equipment\",\"item\":\"https:\/\/www.monaxis.lt\/en\/produkto-kategorija\/industrial-kitchen-equipment\/\"},{\"@type\":\"ListItem\",\"position\":4,\"name\":\"Gastronomic slicers\",\"item\":\"https:\/\/www.monaxis.lt\/en\/produkto-kategorija\/industrial-kitchen-equipment\/gastronomic-slicers\/\"},{\"@type\":\"ListItem\",\"position\":5,\"name\":\"Cheese and meat slicers\",\"item\":\"https:\/\/www.monaxis.lt\/en\/produkto-kategorija\/industrial-kitchen-equipment\/gastronomic-slicers\/cheese-and-meat-slicers\/\"},{\"@type\":\"ListItem\",\"position\":6,\"name\":\"Cheese and meat slicer Ma-Ga 310p2T\"}]},{\"@type\":\"WebSite\",\"@id\":\"https:\/\/www.monaxis.lt\/en\/#website\",\"url\":\"https:\/\/www.monaxis.lt\/en\/\",\"name\":\"Monaxis\",\"description\":\"Prekybin\u0117, bei \u0161aldymo \u012franga\",\"publisher\":{\"@id\":\"https:\/\/www.monaxis.lt\/en\/#organization\"},\"potentialAction\":[{\"@type\":\"SearchAction\",\"target\":{\"@type\":\"EntryPoint\",\"urlTemplate\":\"https:\/\/www.monaxis.lt\/en\/?s={search_term_string}\"},\"query-input\":{\"@type\":\"PropertyValueSpecification\",\"valueRequired\":true,\"valueName\":\"search_term_string\"}}],\"inLanguage\":\"en-US\"},{\"@type\":\"Organization\",\"@id\":\"https:\/\/www.monaxis.lt\/en\/#organization\",\"name\":\"Monaxis\",\"url\":\"https:\/\/www.monaxis.lt\/en\/\",\"logo\":{\"@type\":\"ImageObject\",\"inLanguage\":\"en-US\",\"@id\":\"https:\/\/www.monaxis.lt\/en\/#\/schema\/logo\/image\/\",\"url\":\"https:\/\/www.monaxis.lt\/wp-content\/uploads\/2023\/03\/logo-1.png\",\"contentUrl\":\"https:\/\/www.monaxis.lt\/wp-content\/uploads\/2023\/03\/logo-1.png\",\"width\":205,\"height\":58,\"caption\":\"Monaxis\"},\"image\":{\"@id\":\"https:\/\/www.monaxis.lt\/en\/#\/schema\/logo\/image\/\"}}]}<\/script>\n<!-- \/ Yoast SEO plugin. -->","yoast_head_json":{"title":"Cheese and meat slicer Ma-Ga 310p2T | Monaxis","robots":{"index":"index","follow":"follow","max-snippet":"max-snippet:-1","max-image-preview":"max-image-preview:large","max-video-preview":"max-video-preview:-1"},"canonical":"https:\/\/www.monaxis.lt\/en\/parduotuve\/surio-and-meat-cutter-ma-ga-310p2t\/","og_locale":"en_US","og_type":"article","og_title":"Cheese and meat slicer Ma-Ga 310p2T | Monaxis","og_description":"Cheese and meat slicer Ma-Ga 310p2T The MaGa 310p2T electric slicer is a machine that allows you to slice food in different thicknesses. Designed mainly for cutting hard, soft and smoked cheeses thanks to the Teflon coating of the blade, blade cover and backing plate. The Gravity Meat and Cheese Slicer is easy to carry, [...]","og_url":"https:\/\/www.monaxis.lt\/en\/parduotuve\/surio-and-meat-cutter-ma-ga-310p2t\/","og_site_name":"Monaxis","article_modified_time":"2026-03-21T14:12:31+00:00","og_image":[{"width":762,"height":762,"url":"https:\/\/www.monaxis.lt\/wp-content\/uploads\/2023\/07\/Krajalnica-grawitacyjna-do-wedlin-Ma-Ga-310p2-1.webp","type":"image\/webp"}],"twitter_card":"summary_large_image","twitter_misc":{"Est. reading time":"1 minute"},"schema":{"@context":"https:\/\/schema.org","@graph":[{"@type":"WebPage","@id":"https:\/\/www.monaxis.lt\/en\/parduotuve\/surio-and-meat-cutter-ma-ga-310p2t\/","url":"https:\/\/www.monaxis.lt\/en\/parduotuve\/surio-and-meat-cutter-ma-ga-310p2t\/","name":"Cheese and meat slicer Ma-Ga 310p2T | Monaxis","isPartOf":{"@id":"https:\/\/www.monaxis.lt\/en\/#website"},"primaryImageOfPage":{"@id":"https:\/\/www.monaxis.lt\/en\/parduotuve\/surio-and-meat-cutter-ma-ga-310p2t\/#primaryimage"},"image":{"@id":"https:\/\/www.monaxis.lt\/en\/parduotuve\/surio-and-meat-cutter-ma-ga-310p2t\/#primaryimage"},"thumbnailUrl":"https:\/\/www.monaxis.lt\/wp-content\/uploads\/2023\/07\/Krajalnica-grawitacyjna-do-wedlin-Ma-Ga-310p2-1.webp","datePublished":"2023-07-24T08:11:59+00:00","dateModified":"2026-03-21T14:12:31+00:00","breadcrumb":{"@id":"https:\/\/www.monaxis.lt\/en\/parduotuve\/surio-and-meat-cutter-ma-ga-310p2t\/#breadcrumb"},"inLanguage":"en-US","potentialAction":[{"@type":"ReadAction","target":["https:\/\/www.monaxis.lt\/en\/parduotuve\/surio-and-meat-cutter-ma-ga-310p2t\/"]}]},{"@type":"ImageObject","inLanguage":"en-US","@id":"https:\/\/www.monaxis.lt\/en\/parduotuve\/surio-and-meat-cutter-ma-ga-310p2t\/#primaryimage","url":"https:\/\/www.monaxis.lt\/wp-content\/uploads\/2023\/07\/Krajalnica-grawitacyjna-do-wedlin-Ma-Ga-310p2-1.webp","contentUrl":"https:\/\/www.monaxis.lt\/wp-content\/uploads\/2023\/07\/Krajalnica-grawitacyjna-do-wedlin-Ma-Ga-310p2-1.webp","width":762,"height":762},{"@type":"BreadcrumbList","@id":"https:\/\/www.monaxis.lt\/en\/parduotuve\/surio-and-meat-cutter-ma-ga-310p2t\/#breadcrumb","itemListElement":[{"@type":"ListItem","position":1,"name":"Pagrindinis","item":"https:\/\/www.monaxis.lt\/en\/"},{"@type":"ListItem","position":2,"name":"Shop","item":"https:\/\/www.monaxis.lt\/en\/shop\/"},{"@type":"ListItem","position":3,"name":"Industrial kitchen equipment","item":"https:\/\/www.monaxis.lt\/en\/produkto-kategorija\/industrial-kitchen-equipment\/"},{"@type":"ListItem","position":4,"name":"Gastronomic slicers","item":"https:\/\/www.monaxis.lt\/en\/produkto-kategorija\/industrial-kitchen-equipment\/gastronomic-slicers\/"},{"@type":"ListItem","position":5,"name":"Cheese and meat slicers","item":"https:\/\/www.monaxis.lt\/en\/produkto-kategorija\/industrial-kitchen-equipment\/gastronomic-slicers\/cheese-and-meat-slicers\/"},{"@type":"ListItem","position":6,"name":"Cheese and meat slicer Ma-Ga 310p2T"}]},{"@type":"WebSite","@id":"https:\/\/www.monaxis.lt\/en\/#website","url":"https:\/\/www.monaxis.lt\/en\/","name":"Monaxis","description":"Prekybin\u0117, bei \u0161aldymo \u012franga","publisher":{"@id":"https:\/\/www.monaxis.lt\/en\/#organization"},"potentialAction":[{"@type":"SearchAction","target":{"@type":"EntryPoint","urlTemplate":"https:\/\/www.monaxis.lt\/en\/?s={search_term_string}"},"query-input":{"@type":"PropertyValueSpecification","valueRequired":true,"valueName":"search_term_string"}}],"inLanguage":"en-US"},{"@type":"Organization","@id":"https:\/\/www.monaxis.lt\/en\/#organization","name":"Monaxis","url":"https:\/\/www.monaxis.lt\/en\/","logo":{"@type":"ImageObject","inLanguage":"en-US","@id":"https:\/\/www.monaxis.lt\/en\/#\/schema\/logo\/image\/","url":"https:\/\/www.monaxis.lt\/wp-content\/uploads\/2023\/03\/logo-1.png","contentUrl":"https:\/\/www.monaxis.lt\/wp-content\/uploads\/2023\/03\/logo-1.png","width":205,"height":58,"caption":"Monaxis"},"image":{"@id":"https:\/\/www.monaxis.lt\/en\/#\/schema\/logo\/image\/"}}]}},"_links":{"self":[{"href":"https:\/\/www.monaxis.lt\/en\/wp-json\/wp\/v2\/product\/9392","targetHints":{"allow":["GET"]}}],"collection":[{"href":"https:\/\/www.monaxis.lt\/en\/wp-json\/wp\/v2\/product"}],"about":[{"href":"https:\/\/www.monaxis.lt\/en\/wp-json\/wp\/v2\/types\/product"}],"replies":[{"embeddable":true,"href":"https:\/\/www.monaxis.lt\/en\/wp-json\/wp\/v2\/comments?post=9392"}],"wp:featuredmedia":[{"embeddable":true,"href":"https:\/\/www.monaxis.lt\/en\/wp-json\/wp\/v2\/media\/8971"}],"wp:attachment":[{"href":"https:\/\/www.monaxis.lt\/en\/wp-json\/wp\/v2\/media?parent=9392"}],"wp:term":[{"taxonomy":"product_brand","embeddable":true,"href":"https:\/\/www.monaxis.lt\/en\/wp-json\/wp\/v2\/product_brand?post=9392"},{"taxonomy":"product_cat","embeddable":true,"href":"https:\/\/www.monaxis.lt\/en\/wp-json\/wp\/v2\/product_cat?post=9392"},{"taxonomy":"product_tag","embeddable":true,"href":"https:\/\/www.monaxis.lt\/en\/wp-json\/wp\/v2\/product_tag?post=9392"}],"curies":[{"name":"wp","href":"https:\/\/api.w.org\/{rel}","templated":true}]}}