{"id":9395,"date":"2023-07-23T14:51:49","date_gmt":"2023-07-23T11:51:49","guid":{"rendered":"https:\/\/www.monaxis.lt\/parduotuve\/refrigeration-wall-diego-r168-prestige-black\/"},"modified":"2026-03-21T16:12:25","modified_gmt":"2026-03-21T14:12:25","slug":"refrigerated-display-cabinets-r168-prestige-black-1","status":"publish","type":"product","link":"https:\/\/www.monaxis.lt\/en\/parduotuve\/refrigerated-display-cabinets-r168-prestige-black-1\/","title":{"rendered":"Refrigeration wall DIEGO R168 Prestige Black"},"content":{"rendered":"<p>The R168 Prestige Black is a representative of high quality industrial refrigeration equipment for wholesale and retail. These refrigeration units combine functionality, attractive design and energy savings to attract attention and help you stand out from the competition.<\/p>\n<p>The R168 Prestige Black is equipped with LED lighting, which not only provides brightness and clarity for the display of goods, but is also energy efficient. This means you can achieve high quality lighting, while at the same time reducing energy costs, contributing to business efficiency and environmental sustainability.<\/p>\n<p>The R168 Prestige Black refrigerated cabinets have glass doors, which not only provide an aesthetic advantage, but also allow customers to see and select products in comfort. Glass doors not only attract the attention of shoppers, they also help to create transparency and trust between you and your customers.<\/p>\n<p>This freezer has a large storage capacity, which gives you plenty of space to display your goods. This allows you to organise and display a wide range of products to suit different needs.<\/p>\n<p>The unique design of the refrigerated aisles helps them to stand out and attract the attention of customers. With their dark colour and modern design, these refrigeration units create a distinctive and elegant atmosphere in your store. It&#8217;s a great way to reflect the quality and professionalism of your products.<\/p>\n<p>When you choose the R108 Prestige Black Refrigerated Display Cabinets, you not only get high-quality industrial refrigeration equipment with LED lighting, glass doors and large storage volumes, but also a colourful design that helps you stand out and attract the attention of your customers. It is a reliable and efficient solution to help you grow your business in the field of industrial refrigeration equipment.<\/p>\n<h4><strong>Advantages of the DIEGO R168 Prestige black:<\/strong><br \/>\nThe display area of the showcase is made without a frame in the Full Glass version.<br \/>\nThe stainless steel door handles give the showcase a contemporary finish.<br \/>\nThe housing and interior of the chamber are powder-coated, making it easier to keep clean.<br \/>\nTop and vertical LED lighting on both sides of the door increases the visibility of the exhibition.<br \/>\nShelves with reinforced structure, adjustable height and plastic coating.<br \/>\nDoors with a double layer of toughened glass prevent loss of cooling properties.<br \/>\nHigh-quality insulation in the refrigeration housing ensures low electricity consumption.<br \/>\nThe self-closing door ensures proper temperature maintenance.<br \/>\nThe wheels with brake allow easy transport.<br \/>\nEach shelf has a price strip and a shelf divider (separator) .<br \/>\nWe guarantee the reliability and use of well-known brand components<br \/>\nThe dynamic cooling system ensures a uniform temperature throughout the chamber.<br \/>\nCarel&#8217;s electronic control panel allows you to set the temperature between 0 and +10 \u00b0C.<br \/>\nA digital display shows the current temperature inside the chamber.<br \/>\nThe efficient Secop compressor ensures adequate efficiency and energy efficiency.<br \/>\nThe product comes with a 12-month warranty.<br \/>\nThe refrigeration screen is CE-certified to meet Sanepid requirements.<br \/>\nPurchase security and manufacturer&#8217;s guarantee, backed by years of experience<br \/>\nBefore dispatch, each fridge cabinet is checked for its condition and is subject to a full technical and visual inspection by professional service staff.<\/h4>\n","protected":false},"excerpt":{"rendered":"<div class=\"product__parameter__name\">\n<div class=\"product__parameter__name\"><strong><span class=\"product__parameter__name__text\"><img decoding=\"async\" class=\"alignnone wp-image-7601\" src=\"https:\/\/www.monaxis.lt\/wp-content\/uploads\/2023\/03\/delivery-1-150x150.png\" alt=\"\" width=\"23\" height=\"23\" srcset=\"https:\/\/www.monaxis.lt\/wp-content\/uploads\/2023\/03\/delivery-1-150x150.png 150w, https:\/\/www.monaxis.lt\/wp-content\/uploads\/2023\/03\/delivery-1-300x300.png 300w, https:\/\/www.monaxis.lt\/wp-content\/uploads\/2023\/03\/delivery-1.png 512w\" sizes=\"(max-width: 23px) 100vw, 23px\" \/> Delivery <\/span><\/strong><\/div>\n<div class=\"product__parameter__value\"><span class=\"product__parameter__value__text\" style=\"font-size: 75%;\">     <strong>   <span style=\"color: #999999;\"> 2-10 d.d.<\/span><\/strong><\/span><\/div>\n<div class=\"product__parameter__name\">\n<div class=\"product__parameter__value\">\n<hr>\n<\/div>\n<div>\n<div class=\"product__parameter__name\"><strong><span class=\"product__parameter__name__text\"><img decoding=\"async\" class=\"alignnone wp-image-7806\" style=\"color: #333333;\" src=\"https:\/\/www.monaxis.lt\/wp-content\/uploads\/2023\/01\/temperature-4.png\" alt=\"\" width=\"23\" height=\"23\"> Maintained temperature<\/span><\/strong><\/div>\n<div class=\"product__parameter__value\"><span class=\"product__parameter__value__text\" style=\"font-size: 75%;\">     <strong>   <span style=\"color: #999999;\">    <\/span><\/strong><\/span><span style=\"color: #999999;\"><strong><span style=\"font-size: 75%;\">(0 \u00f7 +10 \u00b0C)<\/span><\/strong><\/span><\/div>\n<\/div>\n<div>\n<hr>\n<\/div>\n<div>\n<div class=\"product__parameter__name\"><strong><span class=\"product__parameter__name__text\"><img decoding=\"async\" class=\"alignnone wp-image-7807\" src=\"https:\/\/www.monaxis.lt\/wp-content\/uploads\/2023\/01\/refrigerant.png\" alt=\"\" width=\"23\" height=\"23\"> Refrigerant<\/span><\/strong><\/div>\n<div class=\"product__parameter__value\"><span class=\"product__parameter__value__text\" style=\"font-size: 75%;\">       <span style=\"color: #808080;\">  <span style=\"color: #999999;\"><strong>R290<\/strong><\/span><\/span><\/span><\/div>\n<\/div>\n<\/div>\n<div class=\"product__parameter__value\">\n<hr>\n<\/div>\n<p><strong><img decoding=\"async\" class=\"alignnone wp-image-7810\" src=\"https:\/\/www.monaxis.lt\/wp-content\/uploads\/2023\/01\/komplektuojama.png\" alt=\"\" width=\"23\" height=\"23\"> Comes with<\/strong><br \/>\n<strong><span style=\"font-size: 75%; color: #999999;\">  Refrigerated 3-door cupboard<\/span><\/strong><br \/>\n<strong><span style=\"font-size: 75%; color: #999999;\">  Shelves &#8211; 15pcs<\/span><\/strong><br \/>\n<strong><span style=\"font-size: 75%; color: #999999;\">  Shelf partitions &#8211; 15 pcs<\/span><\/strong><br \/>\n<strong><span style=\"font-size: 75%; color: #999999;\">  Price strips &#8211; 15 pcs<\/span><\/strong><br \/>\n<strong><span style=\"font-size: 75%; color: #999999;\"> Warranty card<\/span><\/strong><br \/>\n<strong><span style=\"font-size: 75%; color: #999999;\"> Proof of purchase &#8211; Receipt \/ FV<\/span><\/strong><\/p>\n<\/div>\n","protected":false},"featured_media":20808,"comment_status":"open","ping_status":"closed","template":"","meta":[],"product_brand":[],"product_cat":[138,67],"product_tag":[],"class_list":{"0":"post-9395","1":"product","2":"type-product","3":"status-publish","4":"has-post-thumbnail","6":"product_cat-showcase-refrigerators","7":"product_cat-commercial-refrigeration-equipment-en","8":"pa_aukstis-198cm-en-2","9":"pa_bukle-new-en","10":"pa_ilgis-168cm-en","11":"pa_plotis-63cm-en","12":"pa_talpa-1180l-en","13":"pa_temperaturos-diapazonas-c-0c-10c-en","15":"first","16":"instock","17":"sale","18":"taxable","19":"shipping-taxable","20":"purchasable","21":"product-type-simple"},"yoast_head":"<!-- This site is optimized with the Yoast SEO plugin v27.1.1 - https:\/\/yoast.com\/product\/yoast-seo-wordpress\/ -->\n<title>Refrigerated display cabinets DIEGO R168 | Monaxis.lt<\/title>\n<meta name=\"description\" content=\"Create a unique and elegant atmosphere in your store with DIEGO R168. High quality refrigerated display cabinets Monaxis.lt\" \/>\n<meta name=\"robots\" content=\"index, follow, max-snippet:-1, max-image-preview:large, max-video-preview:-1\" \/>\n<link rel=\"canonical\" href=\"https:\/\/www.monaxis.lt\/en\/parduotuve\/refrigerated-display-cabinets-r168-prestige-black-1\/\" \/>\n<meta property=\"og:locale\" content=\"en_US\" \/>\n<meta property=\"og:type\" content=\"article\" \/>\n<meta property=\"og:title\" content=\"Refrigerated display cabinets DIEGO R168 | Monaxis.lt\" \/>\n<meta property=\"og:description\" content=\"Create a unique and elegant atmosphere in your store with DIEGO R168. High quality refrigerated display cabinets Monaxis.lt\" \/>\n<meta property=\"og:url\" content=\"https:\/\/www.monaxis.lt\/en\/parduotuve\/refrigerated-display-cabinets-r168-prestige-black-1\/\" \/>\n<meta property=\"og:site_name\" content=\"Monaxis\" \/>\n<meta property=\"article:modified_time\" content=\"2026-03-21T14:12:25+00:00\" \/>\n<meta property=\"og:image\" content=\"https:\/\/www.monaxis.lt\/wp-content\/uploads\/2023\/07\/Saldymo-priesienis-DIEGO-R168-Prestige-Black-1.jpg\" \/>\n\t<meta property=\"og:image:width\" content=\"1024\" \/>\n\t<meta property=\"og:image:height\" content=\"1024\" \/>\n\t<meta property=\"og:image:type\" content=\"image\/jpeg\" \/>\n<meta name=\"twitter:card\" content=\"summary_large_image\" \/>\n<meta name=\"twitter:label1\" content=\"Est. reading time\" \/>\n\t<meta name=\"twitter:data1\" content=\"3 minutes\" \/>\n<script type=\"application\/ld+json\" class=\"yoast-schema-graph\">{\"@context\":\"https:\/\/schema.org\",\"@graph\":[{\"@type\":\"WebPage\",\"@id\":\"https:\/\/www.monaxis.lt\/en\/parduotuve\/refrigerated-display-cabinets-r168-prestige-black-1\/\",\"url\":\"https:\/\/www.monaxis.lt\/en\/parduotuve\/refrigerated-display-cabinets-r168-prestige-black-1\/\",\"name\":\"Refrigerated display cabinets DIEGO R168 | Monaxis.lt\",\"isPartOf\":{\"@id\":\"https:\/\/www.monaxis.lt\/en\/#website\"},\"primaryImageOfPage\":{\"@id\":\"https:\/\/www.monaxis.lt\/en\/parduotuve\/refrigerated-display-cabinets-r168-prestige-black-1\/#primaryimage\"},\"image\":{\"@id\":\"https:\/\/www.monaxis.lt\/en\/parduotuve\/refrigerated-display-cabinets-r168-prestige-black-1\/#primaryimage\"},\"thumbnailUrl\":\"https:\/\/www.monaxis.lt\/wp-content\/uploads\/2023\/07\/Saldymo-priesienis-DIEGO-R168-Prestige-Black-1.jpg\",\"datePublished\":\"2023-07-23T11:51:49+00:00\",\"dateModified\":\"2026-03-21T14:12:25+00:00\",\"description\":\"Create a unique and elegant atmosphere in your store with DIEGO R168. High quality refrigerated display cabinets Monaxis.lt\",\"breadcrumb\":{\"@id\":\"https:\/\/www.monaxis.lt\/en\/parduotuve\/refrigerated-display-cabinets-r168-prestige-black-1\/#breadcrumb\"},\"inLanguage\":\"en-US\",\"potentialAction\":[{\"@type\":\"ReadAction\",\"target\":[\"https:\/\/www.monaxis.lt\/en\/parduotuve\/refrigerated-display-cabinets-r168-prestige-black-1\/\"]}]},{\"@type\":\"ImageObject\",\"inLanguage\":\"en-US\",\"@id\":\"https:\/\/www.monaxis.lt\/en\/parduotuve\/refrigerated-display-cabinets-r168-prestige-black-1\/#primaryimage\",\"url\":\"https:\/\/www.monaxis.lt\/wp-content\/uploads\/2023\/07\/Saldymo-priesienis-DIEGO-R168-Prestige-Black-1.jpg\",\"contentUrl\":\"https:\/\/www.monaxis.lt\/wp-content\/uploads\/2023\/07\/Saldymo-priesienis-DIEGO-R168-Prestige-Black-1.jpg\",\"width\":1024,\"height\":1024},{\"@type\":\"BreadcrumbList\",\"@id\":\"https:\/\/www.monaxis.lt\/en\/parduotuve\/refrigerated-display-cabinets-r168-prestige-black-1\/#breadcrumb\",\"itemListElement\":[{\"@type\":\"ListItem\",\"position\":1,\"name\":\"Pagrindinis\",\"item\":\"https:\/\/www.monaxis.lt\/en\/\"},{\"@type\":\"ListItem\",\"position\":2,\"name\":\"Shop\",\"item\":\"https:\/\/www.monaxis.lt\/en\/shop\/\"},{\"@type\":\"ListItem\",\"position\":3,\"name\":\"Prekybin\u0117 \u0161aldymo \u012franga\",\"item\":\"https:\/\/www.monaxis.lt\/produkto-kategorija\/prekybine-saldymo-iranga\/\"},{\"@type\":\"ListItem\",\"position\":4,\"name\":\"Refrigeration wall DIEGO R168 Prestige Black\"}]},{\"@type\":\"WebSite\",\"@id\":\"https:\/\/www.monaxis.lt\/en\/#website\",\"url\":\"https:\/\/www.monaxis.lt\/en\/\",\"name\":\"Monaxis\",\"description\":\"Prekybin\u0117, bei \u0161aldymo \u012franga\",\"publisher\":{\"@id\":\"https:\/\/www.monaxis.lt\/en\/#organization\"},\"potentialAction\":[{\"@type\":\"SearchAction\",\"target\":{\"@type\":\"EntryPoint\",\"urlTemplate\":\"https:\/\/www.monaxis.lt\/en\/?s={search_term_string}\"},\"query-input\":{\"@type\":\"PropertyValueSpecification\",\"valueRequired\":true,\"valueName\":\"search_term_string\"}}],\"inLanguage\":\"en-US\"},{\"@type\":\"Organization\",\"@id\":\"https:\/\/www.monaxis.lt\/en\/#organization\",\"name\":\"Monaxis\",\"url\":\"https:\/\/www.monaxis.lt\/en\/\",\"logo\":{\"@type\":\"ImageObject\",\"inLanguage\":\"en-US\",\"@id\":\"https:\/\/www.monaxis.lt\/en\/#\/schema\/logo\/image\/\",\"url\":\"https:\/\/www.monaxis.lt\/wp-content\/uploads\/2023\/03\/logo-1.png\",\"contentUrl\":\"https:\/\/www.monaxis.lt\/wp-content\/uploads\/2023\/03\/logo-1.png\",\"width\":205,\"height\":58,\"caption\":\"Monaxis\"},\"image\":{\"@id\":\"https:\/\/www.monaxis.lt\/en\/#\/schema\/logo\/image\/\"}}]}<\/script>\n<!-- \/ Yoast SEO plugin. -->","yoast_head_json":{"title":"Refrigerated display cabinets DIEGO R168 | Monaxis.lt","description":"Create a unique and elegant atmosphere in your store with DIEGO R168. High quality refrigerated display cabinets Monaxis.lt","robots":{"index":"index","follow":"follow","max-snippet":"max-snippet:-1","max-image-preview":"max-image-preview:large","max-video-preview":"max-video-preview:-1"},"canonical":"https:\/\/www.monaxis.lt\/en\/parduotuve\/refrigerated-display-cabinets-r168-prestige-black-1\/","og_locale":"en_US","og_type":"article","og_title":"Refrigerated display cabinets DIEGO R168 | Monaxis.lt","og_description":"Create a unique and elegant atmosphere in your store with DIEGO R168. High quality refrigerated display cabinets Monaxis.lt","og_url":"https:\/\/www.monaxis.lt\/en\/parduotuve\/refrigerated-display-cabinets-r168-prestige-black-1\/","og_site_name":"Monaxis","article_modified_time":"2026-03-21T14:12:25+00:00","og_image":[{"width":1024,"height":1024,"url":"https:\/\/www.monaxis.lt\/wp-content\/uploads\/2023\/07\/Saldymo-priesienis-DIEGO-R168-Prestige-Black-1.jpg","type":"image\/jpeg"}],"twitter_card":"summary_large_image","twitter_misc":{"Est. reading time":"3 minutes"},"schema":{"@context":"https:\/\/schema.org","@graph":[{"@type":"WebPage","@id":"https:\/\/www.monaxis.lt\/en\/parduotuve\/refrigerated-display-cabinets-r168-prestige-black-1\/","url":"https:\/\/www.monaxis.lt\/en\/parduotuve\/refrigerated-display-cabinets-r168-prestige-black-1\/","name":"Refrigerated display cabinets DIEGO R168 | Monaxis.lt","isPartOf":{"@id":"https:\/\/www.monaxis.lt\/en\/#website"},"primaryImageOfPage":{"@id":"https:\/\/www.monaxis.lt\/en\/parduotuve\/refrigerated-display-cabinets-r168-prestige-black-1\/#primaryimage"},"image":{"@id":"https:\/\/www.monaxis.lt\/en\/parduotuve\/refrigerated-display-cabinets-r168-prestige-black-1\/#primaryimage"},"thumbnailUrl":"https:\/\/www.monaxis.lt\/wp-content\/uploads\/2023\/07\/Saldymo-priesienis-DIEGO-R168-Prestige-Black-1.jpg","datePublished":"2023-07-23T11:51:49+00:00","dateModified":"2026-03-21T14:12:25+00:00","description":"Create a unique and elegant atmosphere in your store with DIEGO R168. High quality refrigerated display cabinets Monaxis.lt","breadcrumb":{"@id":"https:\/\/www.monaxis.lt\/en\/parduotuve\/refrigerated-display-cabinets-r168-prestige-black-1\/#breadcrumb"},"inLanguage":"en-US","potentialAction":[{"@type":"ReadAction","target":["https:\/\/www.monaxis.lt\/en\/parduotuve\/refrigerated-display-cabinets-r168-prestige-black-1\/"]}]},{"@type":"ImageObject","inLanguage":"en-US","@id":"https:\/\/www.monaxis.lt\/en\/parduotuve\/refrigerated-display-cabinets-r168-prestige-black-1\/#primaryimage","url":"https:\/\/www.monaxis.lt\/wp-content\/uploads\/2023\/07\/Saldymo-priesienis-DIEGO-R168-Prestige-Black-1.jpg","contentUrl":"https:\/\/www.monaxis.lt\/wp-content\/uploads\/2023\/07\/Saldymo-priesienis-DIEGO-R168-Prestige-Black-1.jpg","width":1024,"height":1024},{"@type":"BreadcrumbList","@id":"https:\/\/www.monaxis.lt\/en\/parduotuve\/refrigerated-display-cabinets-r168-prestige-black-1\/#breadcrumb","itemListElement":[{"@type":"ListItem","position":1,"name":"Pagrindinis","item":"https:\/\/www.monaxis.lt\/en\/"},{"@type":"ListItem","position":2,"name":"Shop","item":"https:\/\/www.monaxis.lt\/en\/shop\/"},{"@type":"ListItem","position":3,"name":"Prekybin\u0117 \u0161aldymo \u012franga","item":"https:\/\/www.monaxis.lt\/produkto-kategorija\/prekybine-saldymo-iranga\/"},{"@type":"ListItem","position":4,"name":"Refrigeration wall DIEGO R168 Prestige Black"}]},{"@type":"WebSite","@id":"https:\/\/www.monaxis.lt\/en\/#website","url":"https:\/\/www.monaxis.lt\/en\/","name":"Monaxis","description":"Prekybin\u0117, bei \u0161aldymo \u012franga","publisher":{"@id":"https:\/\/www.monaxis.lt\/en\/#organization"},"potentialAction":[{"@type":"SearchAction","target":{"@type":"EntryPoint","urlTemplate":"https:\/\/www.monaxis.lt\/en\/?s={search_term_string}"},"query-input":{"@type":"PropertyValueSpecification","valueRequired":true,"valueName":"search_term_string"}}],"inLanguage":"en-US"},{"@type":"Organization","@id":"https:\/\/www.monaxis.lt\/en\/#organization","name":"Monaxis","url":"https:\/\/www.monaxis.lt\/en\/","logo":{"@type":"ImageObject","inLanguage":"en-US","@id":"https:\/\/www.monaxis.lt\/en\/#\/schema\/logo\/image\/","url":"https:\/\/www.monaxis.lt\/wp-content\/uploads\/2023\/03\/logo-1.png","contentUrl":"https:\/\/www.monaxis.lt\/wp-content\/uploads\/2023\/03\/logo-1.png","width":205,"height":58,"caption":"Monaxis"},"image":{"@id":"https:\/\/www.monaxis.lt\/en\/#\/schema\/logo\/image\/"}}]}},"_links":{"self":[{"href":"https:\/\/www.monaxis.lt\/en\/wp-json\/wp\/v2\/product\/9395","targetHints":{"allow":["GET"]}}],"collection":[{"href":"https:\/\/www.monaxis.lt\/en\/wp-json\/wp\/v2\/product"}],"about":[{"href":"https:\/\/www.monaxis.lt\/en\/wp-json\/wp\/v2\/types\/product"}],"replies":[{"embeddable":true,"href":"https:\/\/www.monaxis.lt\/en\/wp-json\/wp\/v2\/comments?post=9395"}],"wp:featuredmedia":[{"embeddable":true,"href":"https:\/\/www.monaxis.lt\/en\/wp-json\/wp\/v2\/media\/20808"}],"wp:attachment":[{"href":"https:\/\/www.monaxis.lt\/en\/wp-json\/wp\/v2\/media?parent=9395"}],"wp:term":[{"taxonomy":"product_brand","embeddable":true,"href":"https:\/\/www.monaxis.lt\/en\/wp-json\/wp\/v2\/product_brand?post=9395"},{"taxonomy":"product_cat","embeddable":true,"href":"https:\/\/www.monaxis.lt\/en\/wp-json\/wp\/v2\/product_cat?post=9395"},{"taxonomy":"product_tag","embeddable":true,"href":"https:\/\/www.monaxis.lt\/en\/wp-json\/wp\/v2\/product_tag?post=9395"}],"curies":[{"name":"wp","href":"https:\/\/api.w.org\/{rel}","templated":true}]}}