{"id":9400,"date":"2023-07-23T14:42:43","date_gmt":"2023-07-23T11:42:43","guid":{"rendered":"https:\/\/www.monaxis.lt\/parduotuve\/showcase-refrigerator-m-diego-r112-prestige-white\/"},"modified":"2026-03-21T16:12:24","modified_gmt":"2026-03-21T14:12:24","slug":"display-refrigerator-m-diego-r112-prestige-white","status":"publish","type":"product","link":"https:\/\/www.monaxis.lt\/en\/parduotuve\/display-refrigerator-m-diego-r112-prestige-white\/","title":{"rendered":"Showcase refrigerator M DIEGO R112 Prestige White"},"content":{"rendered":"<p>The M Diego R112 Prestige White display refrigerators are exceptional units in the industrial refrigeration category, ideal for business needs. These high-quality fridges are the perfect choice for both retail outlets and food service businesses that want to deliver their goods efficiently to customers.<\/p>\n<p>The M Diego R112 Prestige White display fridges impress with their modern and elegant design. Its glass doors allow customers to see the container, which encourages more interest and purchases. These fridges also feature exclusive LED lighting, which not only provides bright and energy-efficient light, but also adds elegance to the fridge interior. This helps to give the products a stylish and professional look.<\/p>\n<p>The M Diego R112 Prestige White fridges have a spacious interior that allows you to optimise the use of space and organise your products in the way your business needs. It is the perfect choice for those who appreciate convenience and efficiency in the refrigeration process.<\/p>\n<p>With the M Diego R112 Prestige White display fridge, you can rely on it to meet your expectations. Its visual design is sure to be eye-catching and stand out from the competition. This is reliable industrial refrigeration equipment that meets high standards and will help you achieve business success.<\/p>\n<p>When you choose the M Diego R112 Prestige White display fridge from Monaxis.lt, you get a high-quality industrial refrigeration product that will not only meet your needs, but also help your business stand out from the crowd. Take advantage of LED lighting and glass doors to create an attractive and efficient display space.<\/p>\n<h4><strong>Benefits of M DIEGO R112 Prestige white:<\/strong><\/h4>\n<p>High quality of the Mega-M refrigerated cabinet<br \/>\nThe display area of the display cabinet is made without a frame in the Full Glass version.<br \/>\nThe stainless steel door handles give the showcase a contemporary finish.<br \/>\nThe housing and interior of the chamber are powder-coated, making it easier to keep clean.<br \/>\nInside the camera there is a vertical LED light that increases the exposure of the product.<br \/>\nThe shelves with reinforced construction are height-adjustable and plastic-coated.<br \/>\nDoors with a double layer of toughened glass prevent loss of cooling properties.<br \/>\nHigh-quality insulation in the refrigeration housing ensures low electricity consumption.<br \/>\nThe self-closing door ensures that the correct temperature is maintained.<br \/>\nThe wheels with brake allow easy transport.<br \/>\nEach shelf has a price strip and a shelf divider (separator).<br \/>\nWe guarantee the reliability and use of well-known brand components<br \/>\nThe dynamic cooling system ensures a uniform temperature throughout the chamber.<br \/>\nCarel&#8217;s electronic control panel allows you to set the temperature between 0 and +10 \u00b0C.<br \/>\nA digital display shows the current temperature inside the chamber.<br \/>\nThe efficient Secop compressor ensures adequate efficiency and energy efficiency.<br \/>\nThe product comes with a 12-month warranty.<br \/>\nThe refrigeration screen is CE-certified to meet Sanepid requirements.<\/p>\n<p>&nbsp;<\/p>\n","protected":false},"excerpt":{"rendered":"<div class=\"product__parameter__name\"><strong><span class=\"product__parameter__name__text\"><img decoding=\"async\" class=\"alignnone wp-image-7601\" src=\"https:\/\/www.monaxis.lt\/wp-content\/uploads\/2023\/03\/delivery-1-150x150.png\" alt=\"\" width=\"23\" height=\"23\" srcset=\"https:\/\/www.monaxis.lt\/wp-content\/uploads\/2023\/03\/delivery-1-150x150.png 150w, https:\/\/www.monaxis.lt\/wp-content\/uploads\/2023\/03\/delivery-1-300x300.png 300w, https:\/\/www.monaxis.lt\/wp-content\/uploads\/2023\/03\/delivery-1.png 512w\" sizes=\"(max-width: 23px) 100vw, 23px\" \/> Delivery <\/span><\/strong><\/div>\n<div class=\"product__parameter__value\"><span class=\"product__parameter__value__text\" style=\"font-size: 75%;\">     <strong>   <span style=\"color: #999999;\"> 2-10 d.d.<\/span><\/strong><\/span><\/div>\n<div class=\"product__parameter__name\">\n<div class=\"product__parameter__value\">\n<hr>\n<\/div>\n<div>\n<div class=\"product__parameter__name\"><strong><span class=\"product__parameter__name__text\"><img decoding=\"async\" class=\"alignnone wp-image-7806\" style=\"color: #333333;\" src=\"https:\/\/www.monaxis.lt\/wp-content\/uploads\/2023\/01\/temperature-4.png\" alt=\"\" width=\"23\" height=\"23\"> Maintained temperature<\/span><\/strong><\/div>\n<div class=\"product__parameter__value\"><span class=\"product__parameter__value__text\" style=\"font-size: 75%;\">     <strong>   <span style=\"color: #999999;\">    <\/span><\/strong><\/span><span style=\"color: #999999;\"><strong><span style=\"font-size: 75%;\">(0 \u00f7 +10 \u00b0C)<\/span><\/strong><\/span><\/div>\n<\/div>\n<div>\n<hr>\n<\/div>\n<div>\n<div class=\"product__parameter__name\"><strong><span class=\"product__parameter__name__text\"><img decoding=\"async\" class=\"alignnone wp-image-7807\" src=\"https:\/\/www.monaxis.lt\/wp-content\/uploads\/2023\/01\/refrigerant.png\" alt=\"\" width=\"23\" height=\"23\"> Refrigerant<\/span><\/strong><\/div>\n<div class=\"product__parameter__value\"><span class=\"product__parameter__value__text\" style=\"font-size: 75%;\">       <span style=\"color: #808080;\">  <span style=\"color: #999999;\"><strong>R290<\/strong><\/span><\/span><\/span><\/div>\n<\/div>\n<\/div>\n<div class=\"product__parameter__value\">\n<hr>\n<\/div>\n<p><strong><img decoding=\"async\" class=\"alignnone wp-image-7810\" src=\"https:\/\/www.monaxis.lt\/wp-content\/uploads\/2023\/01\/komplektuojama.png\" alt=\"\" width=\"23\" height=\"23\"> Comes with<\/strong><br \/>\n<strong><span style=\"font-size: 75%; color: #999999;\"> Refrigerated 2-door cupboard<\/span><\/strong><br \/>\n<strong><span style=\"font-size: 75%; color: #999999;\">  Shelves &#8211; 10pcs<\/span><\/strong><br \/>\n<strong><span style=\"font-size: 75%; color: #999999;\">  Shelf partitions &#8211; 10 pcs<\/span><\/strong><br \/>\n<strong><span style=\"font-size: 75%; color: #999999;\">  Price strips &#8211; 10 pcs<\/span><\/strong><br \/>\n<strong><span style=\"font-size: 75%; color: #999999;\"> Warranty card<\/span><\/strong><br \/>\n<strong><span style=\"font-size: 75%; color: #999999;\"> Proof of purchase &#8211; Receipt \/ FV<\/span><\/strong><\/p>\n","protected":false},"featured_media":8939,"comment_status":"open","ping_status":"closed","template":"","meta":[],"product_brand":[],"product_cat":[138,67],"product_tag":[144,146,143,142,145],"class_list":{"0":"post-9400","1":"product","2":"type-product","3":"status-publish","4":"has-post-thumbnail","6":"product_cat-showcase-refrigerators","7":"product_cat-commercial-refrigeration-equipment-en","8":"product_tag-drinks-fridge","9":"product_tag-fridge","10":"product_tag-refrigerator-with-glass-door","11":"product_tag-showcase-fridge","12":"product_tag-showcase-refrigerators","13":"pa_aukstis-200cm-en","14":"pa_bukle-new-en","15":"pa_ilgis-112cm-en","16":"pa_plotis-63cm-en","17":"pa_talpa-830l","18":"pa_temperaturos-diapazonas-c-0c-10c-en","20":"first","21":"outofstock","22":"taxable","23":"shipping-taxable","24":"purchasable","25":"product-type-simple"},"yoast_head":"<!-- This site is optimized with the Yoast SEO plugin v27.1.1 - https:\/\/yoast.com\/product\/yoast-seo-wordpress\/ -->\n<title>Showcase refrigerators DIEGO R112 Prestige black |%|%sitename%%% .lt<\/title>\n<meta name=\"description\" content=\"Stand out from the crowd and increase your sales with the Prestige range. M DIEGO R112 showcase refrigerators at affordable prices.\" \/>\n<meta name=\"robots\" content=\"index, follow, max-snippet:-1, max-image-preview:large, max-video-preview:-1\" \/>\n<link rel=\"canonical\" href=\"https:\/\/www.monaxis.lt\/en\/parduotuve\/display-refrigerator-m-diego-r112-prestige-white\/\" \/>\n<meta property=\"og:locale\" content=\"en_US\" \/>\n<meta property=\"og:type\" content=\"article\" \/>\n<meta property=\"og:title\" content=\"Showcase refrigerators DIEGO R112 Prestige black |%|%sitename%%% .lt\" \/>\n<meta property=\"og:description\" content=\"Stand out from the crowd and increase your sales with the Prestige range. M DIEGO R112 showcase refrigerators at affordable prices.\" \/>\n<meta property=\"og:url\" content=\"https:\/\/www.monaxis.lt\/en\/parduotuve\/display-refrigerator-m-diego-r112-prestige-white\/\" \/>\n<meta property=\"og:site_name\" content=\"Monaxis\" \/>\n<meta property=\"article:modified_time\" content=\"2026-03-21T14:12:24+00:00\" \/>\n<meta property=\"og:image\" content=\"https:\/\/www.monaxis.lt\/wp-content\/uploads\/2023\/07\/IMG_2420-kopia.png\" \/>\n\t<meta property=\"og:image:width\" content=\"1000\" \/>\n\t<meta property=\"og:image:height\" content=\"1000\" \/>\n\t<meta property=\"og:image:type\" content=\"image\/png\" \/>\n<meta name=\"twitter:card\" content=\"summary_large_image\" \/>\n<meta name=\"twitter:label1\" content=\"Est. reading time\" \/>\n\t<meta name=\"twitter:data1\" content=\"2 minutes\" \/>\n<script type=\"application\/ld+json\" class=\"yoast-schema-graph\">{\"@context\":\"https:\/\/schema.org\",\"@graph\":[{\"@type\":\"WebPage\",\"@id\":\"https:\/\/www.monaxis.lt\/en\/parduotuve\/display-refrigerator-m-diego-r112-prestige-white\/\",\"url\":\"https:\/\/www.monaxis.lt\/en\/parduotuve\/display-refrigerator-m-diego-r112-prestige-white\/\",\"name\":\"Showcase refrigerators DIEGO R112 Prestige black |%|%sitename%%% .lt\",\"isPartOf\":{\"@id\":\"https:\/\/www.monaxis.lt\/en\/#website\"},\"primaryImageOfPage\":{\"@id\":\"https:\/\/www.monaxis.lt\/en\/parduotuve\/display-refrigerator-m-diego-r112-prestige-white\/#primaryimage\"},\"image\":{\"@id\":\"https:\/\/www.monaxis.lt\/en\/parduotuve\/display-refrigerator-m-diego-r112-prestige-white\/#primaryimage\"},\"thumbnailUrl\":\"https:\/\/www.monaxis.lt\/wp-content\/uploads\/2023\/07\/IMG_2420-kopia.png\",\"datePublished\":\"2023-07-23T11:42:43+00:00\",\"dateModified\":\"2026-03-21T14:12:24+00:00\",\"description\":\"Stand out from the crowd and increase your sales with the Prestige range. M DIEGO R112 showcase refrigerators at affordable prices.\",\"breadcrumb\":{\"@id\":\"https:\/\/www.monaxis.lt\/en\/parduotuve\/display-refrigerator-m-diego-r112-prestige-white\/#breadcrumb\"},\"inLanguage\":\"en-US\",\"potentialAction\":[{\"@type\":\"ReadAction\",\"target\":[\"https:\/\/www.monaxis.lt\/en\/parduotuve\/display-refrigerator-m-diego-r112-prestige-white\/\"]}]},{\"@type\":\"ImageObject\",\"inLanguage\":\"en-US\",\"@id\":\"https:\/\/www.monaxis.lt\/en\/parduotuve\/display-refrigerator-m-diego-r112-prestige-white\/#primaryimage\",\"url\":\"https:\/\/www.monaxis.lt\/wp-content\/uploads\/2023\/07\/IMG_2420-kopia.png\",\"contentUrl\":\"https:\/\/www.monaxis.lt\/wp-content\/uploads\/2023\/07\/IMG_2420-kopia.png\",\"width\":1000,\"height\":1000},{\"@type\":\"BreadcrumbList\",\"@id\":\"https:\/\/www.monaxis.lt\/en\/parduotuve\/display-refrigerator-m-diego-r112-prestige-white\/#breadcrumb\",\"itemListElement\":[{\"@type\":\"ListItem\",\"position\":1,\"name\":\"Pagrindinis\",\"item\":\"https:\/\/www.monaxis.lt\/en\/\"},{\"@type\":\"ListItem\",\"position\":2,\"name\":\"Shop\",\"item\":\"https:\/\/www.monaxis.lt\/en\/shop\/\"},{\"@type\":\"ListItem\",\"position\":3,\"name\":\"Commercial refrigeration equipment\",\"item\":\"https:\/\/www.monaxis.lt\/en\/produkto-kategorija\/commercial-refrigeration-equipment-en\/\"},{\"@type\":\"ListItem\",\"position\":4,\"name\":\"Showcase refrigerators\",\"item\":\"https:\/\/www.monaxis.lt\/en\/produkto-kategorija\/commercial-refrigeration-equipment-en\/showcase-refrigerators\/\"},{\"@type\":\"ListItem\",\"position\":5,\"name\":\"Showcase refrigerator M DIEGO R112 Prestige White\"}]},{\"@type\":\"WebSite\",\"@id\":\"https:\/\/www.monaxis.lt\/en\/#website\",\"url\":\"https:\/\/www.monaxis.lt\/en\/\",\"name\":\"Monaxis\",\"description\":\"Prekybin\u0117, bei \u0161aldymo \u012franga\",\"publisher\":{\"@id\":\"https:\/\/www.monaxis.lt\/en\/#organization\"},\"potentialAction\":[{\"@type\":\"SearchAction\",\"target\":{\"@type\":\"EntryPoint\",\"urlTemplate\":\"https:\/\/www.monaxis.lt\/en\/?s={search_term_string}\"},\"query-input\":{\"@type\":\"PropertyValueSpecification\",\"valueRequired\":true,\"valueName\":\"search_term_string\"}}],\"inLanguage\":\"en-US\"},{\"@type\":\"Organization\",\"@id\":\"https:\/\/www.monaxis.lt\/en\/#organization\",\"name\":\"Monaxis\",\"url\":\"https:\/\/www.monaxis.lt\/en\/\",\"logo\":{\"@type\":\"ImageObject\",\"inLanguage\":\"en-US\",\"@id\":\"https:\/\/www.monaxis.lt\/en\/#\/schema\/logo\/image\/\",\"url\":\"https:\/\/www.monaxis.lt\/wp-content\/uploads\/2023\/03\/logo-1.png\",\"contentUrl\":\"https:\/\/www.monaxis.lt\/wp-content\/uploads\/2023\/03\/logo-1.png\",\"width\":205,\"height\":58,\"caption\":\"Monaxis\"},\"image\":{\"@id\":\"https:\/\/www.monaxis.lt\/en\/#\/schema\/logo\/image\/\"}}]}<\/script>\n<!-- \/ Yoast SEO plugin. -->","yoast_head_json":{"title":"Showcase refrigerators DIEGO R112 Prestige black |%|%sitename%%% .lt","description":"Stand out from the crowd and increase your sales with the Prestige range. M DIEGO R112 showcase refrigerators at affordable prices.","robots":{"index":"index","follow":"follow","max-snippet":"max-snippet:-1","max-image-preview":"max-image-preview:large","max-video-preview":"max-video-preview:-1"},"canonical":"https:\/\/www.monaxis.lt\/en\/parduotuve\/display-refrigerator-m-diego-r112-prestige-white\/","og_locale":"en_US","og_type":"article","og_title":"Showcase refrigerators DIEGO R112 Prestige black |%|%sitename%%% .lt","og_description":"Stand out from the crowd and increase your sales with the Prestige range. M DIEGO R112 showcase refrigerators at affordable prices.","og_url":"https:\/\/www.monaxis.lt\/en\/parduotuve\/display-refrigerator-m-diego-r112-prestige-white\/","og_site_name":"Monaxis","article_modified_time":"2026-03-21T14:12:24+00:00","og_image":[{"width":1000,"height":1000,"url":"https:\/\/www.monaxis.lt\/wp-content\/uploads\/2023\/07\/IMG_2420-kopia.png","type":"image\/png"}],"twitter_card":"summary_large_image","twitter_misc":{"Est. reading time":"2 minutes"},"schema":{"@context":"https:\/\/schema.org","@graph":[{"@type":"WebPage","@id":"https:\/\/www.monaxis.lt\/en\/parduotuve\/display-refrigerator-m-diego-r112-prestige-white\/","url":"https:\/\/www.monaxis.lt\/en\/parduotuve\/display-refrigerator-m-diego-r112-prestige-white\/","name":"Showcase refrigerators DIEGO R112 Prestige black |%|%sitename%%% .lt","isPartOf":{"@id":"https:\/\/www.monaxis.lt\/en\/#website"},"primaryImageOfPage":{"@id":"https:\/\/www.monaxis.lt\/en\/parduotuve\/display-refrigerator-m-diego-r112-prestige-white\/#primaryimage"},"image":{"@id":"https:\/\/www.monaxis.lt\/en\/parduotuve\/display-refrigerator-m-diego-r112-prestige-white\/#primaryimage"},"thumbnailUrl":"https:\/\/www.monaxis.lt\/wp-content\/uploads\/2023\/07\/IMG_2420-kopia.png","datePublished":"2023-07-23T11:42:43+00:00","dateModified":"2026-03-21T14:12:24+00:00","description":"Stand out from the crowd and increase your sales with the Prestige range. M DIEGO R112 showcase refrigerators at affordable prices.","breadcrumb":{"@id":"https:\/\/www.monaxis.lt\/en\/parduotuve\/display-refrigerator-m-diego-r112-prestige-white\/#breadcrumb"},"inLanguage":"en-US","potentialAction":[{"@type":"ReadAction","target":["https:\/\/www.monaxis.lt\/en\/parduotuve\/display-refrigerator-m-diego-r112-prestige-white\/"]}]},{"@type":"ImageObject","inLanguage":"en-US","@id":"https:\/\/www.monaxis.lt\/en\/parduotuve\/display-refrigerator-m-diego-r112-prestige-white\/#primaryimage","url":"https:\/\/www.monaxis.lt\/wp-content\/uploads\/2023\/07\/IMG_2420-kopia.png","contentUrl":"https:\/\/www.monaxis.lt\/wp-content\/uploads\/2023\/07\/IMG_2420-kopia.png","width":1000,"height":1000},{"@type":"BreadcrumbList","@id":"https:\/\/www.monaxis.lt\/en\/parduotuve\/display-refrigerator-m-diego-r112-prestige-white\/#breadcrumb","itemListElement":[{"@type":"ListItem","position":1,"name":"Pagrindinis","item":"https:\/\/www.monaxis.lt\/en\/"},{"@type":"ListItem","position":2,"name":"Shop","item":"https:\/\/www.monaxis.lt\/en\/shop\/"},{"@type":"ListItem","position":3,"name":"Commercial refrigeration equipment","item":"https:\/\/www.monaxis.lt\/en\/produkto-kategorija\/commercial-refrigeration-equipment-en\/"},{"@type":"ListItem","position":4,"name":"Showcase refrigerators","item":"https:\/\/www.monaxis.lt\/en\/produkto-kategorija\/commercial-refrigeration-equipment-en\/showcase-refrigerators\/"},{"@type":"ListItem","position":5,"name":"Showcase refrigerator M DIEGO R112 Prestige White"}]},{"@type":"WebSite","@id":"https:\/\/www.monaxis.lt\/en\/#website","url":"https:\/\/www.monaxis.lt\/en\/","name":"Monaxis","description":"Prekybin\u0117, bei \u0161aldymo \u012franga","publisher":{"@id":"https:\/\/www.monaxis.lt\/en\/#organization"},"potentialAction":[{"@type":"SearchAction","target":{"@type":"EntryPoint","urlTemplate":"https:\/\/www.monaxis.lt\/en\/?s={search_term_string}"},"query-input":{"@type":"PropertyValueSpecification","valueRequired":true,"valueName":"search_term_string"}}],"inLanguage":"en-US"},{"@type":"Organization","@id":"https:\/\/www.monaxis.lt\/en\/#organization","name":"Monaxis","url":"https:\/\/www.monaxis.lt\/en\/","logo":{"@type":"ImageObject","inLanguage":"en-US","@id":"https:\/\/www.monaxis.lt\/en\/#\/schema\/logo\/image\/","url":"https:\/\/www.monaxis.lt\/wp-content\/uploads\/2023\/03\/logo-1.png","contentUrl":"https:\/\/www.monaxis.lt\/wp-content\/uploads\/2023\/03\/logo-1.png","width":205,"height":58,"caption":"Monaxis"},"image":{"@id":"https:\/\/www.monaxis.lt\/en\/#\/schema\/logo\/image\/"}}]}},"_links":{"self":[{"href":"https:\/\/www.monaxis.lt\/en\/wp-json\/wp\/v2\/product\/9400","targetHints":{"allow":["GET"]}}],"collection":[{"href":"https:\/\/www.monaxis.lt\/en\/wp-json\/wp\/v2\/product"}],"about":[{"href":"https:\/\/www.monaxis.lt\/en\/wp-json\/wp\/v2\/types\/product"}],"replies":[{"embeddable":true,"href":"https:\/\/www.monaxis.lt\/en\/wp-json\/wp\/v2\/comments?post=9400"}],"wp:featuredmedia":[{"embeddable":true,"href":"https:\/\/www.monaxis.lt\/en\/wp-json\/wp\/v2\/media\/8939"}],"wp:attachment":[{"href":"https:\/\/www.monaxis.lt\/en\/wp-json\/wp\/v2\/media?parent=9400"}],"wp:term":[{"taxonomy":"product_brand","embeddable":true,"href":"https:\/\/www.monaxis.lt\/en\/wp-json\/wp\/v2\/product_brand?post=9400"},{"taxonomy":"product_cat","embeddable":true,"href":"https:\/\/www.monaxis.lt\/en\/wp-json\/wp\/v2\/product_cat?post=9400"},{"taxonomy":"product_tag","embeddable":true,"href":"https:\/\/www.monaxis.lt\/en\/wp-json\/wp\/v2\/product_tag?post=9400"}],"curies":[{"name":"wp","href":"https:\/\/api.w.org\/{rel}","templated":true}]}}