{"id":9403,"date":"2023-04-25T09:09:54","date_gmt":"2023-04-25T06:09:54","guid":{"rendered":"https:\/\/www.monaxis.lt\/parduotuve\/refrigeration-annex-hugo-375\/"},"modified":"2026-03-21T16:15:08","modified_gmt":"2026-03-21T14:15:08","slug":"refrigerated-display-cabinets-hugo","status":"publish","type":"product","link":"https:\/\/www.monaxis.lt\/en\/parduotuve\/refrigerated-display-cabinets-hugo\/","title":{"rendered":"Refrigeration wall HUGO 375 3532L"},"content":{"rendered":"<h4><strong>HUGO refrigeration units are modern in design and high quality. A cold storage cabinet is designed to keep food at the right temperature. The appliance has a clear glass door for maximum transparency. The showcase is equipped with white LED lighting to increase overall visibility. The high quality of the product guarantees a long service life.<\/strong><br \/>\n<strong>The housing and interior of the chamber are powder-coated, making it easier to keep clean.<\/strong><\/h4>\n<p>The refrigerated aisle has vertical LED lighting in the columns, thus increasing the visibility of the exhibition.<br \/>\nThe side walls are equipped with mirrors, which create a greater impression of the volume of the product.<br \/>\n4 4 levels of shelving with reinforced structure, adjustable height and tilt angle.<br \/>\nTransparent doors with double layer of tempered glass prevent loss of cooling properties.<br \/>\nStainless steel door handles give the display a contemporary finish.<br \/>\nEach shelf has a price strip and shelf limiter.<br \/>\nThe bottom of the cabinet is made of stainless steel panels that can be easily disassembled and washed.<br \/>\nHigh-quality insulation of the refrigeration cabinet guarantees a reduction in cold loss.<br \/>\nRefrigerated racks working with an external unit can be connected in rows.<br \/>\nAdjustable feet make it possible to level the unit easily.<\/p>\n<p>Refrigerated display cabinets for professional use<br \/>\nHUGO 375 refrigerated display cabinets are indispensable equipment for the food industry. They allow products to be stored at the optimum temperature, ensuring a longer shelf life and maintaining freshness and quality. This is essential to ensure the highest quality and food safety. The cold racks will be used in grocery stores, supermarkets, warehouses, storage facilities and distribution centres.<\/p>\n<h4><strong>Control and cooling functions on refrigerated shelves<\/strong><\/h4>\n<p>Carel&#8217;s electronic control panel allows you to set the temperature between 0 and +8 \u00b0C.<br \/>\nThe dynamic cooling system ensures a uniform temperature throughout the chamber.<br \/>\nA digital display shows the set temperature.<br \/>\nThe refrigeration screen is CE-certified to meet Sanepid requirements.<\/p>\n<p>Refrigerators are a modern form of product delivery<br \/>\nRefrigerated shelves are an essential element of every convenience store&#8217;s equipment. They allow you to maximise the space available for displaying your food. Refrigerated display cabinet are used to store and sell products that require reduced temperatures. These facilities meet strict product storage standards. Modern fridge shelves are equipped with glass doors, which allow even better visibility of the products and ensure proper efficiency and energy efficiency. Vertical LED lighting on the refrigerated shelves provides excellent illumination and visibility of all the goods on the shelves.<\/p>\n","protected":false},"excerpt":{"rendered":"<p><strong>The sides of the refrigeration unit are not included.<\/strong><\/p>\n<p>The sides can be purchased by clicking <b>HERE.<\/b><\/p>\n","protected":false},"featured_media":8849,"comment_status":"open","ping_status":"closed","template":"","meta":[],"product_brand":[],"product_cat":[138,67],"product_tag":[],"class_list":{"0":"post-9403","1":"product","2":"type-product","3":"status-publish","4":"has-post-thumbnail","6":"product_cat-showcase-refrigerators","7":"product_cat-commercial-refrigeration-equipment-en","8":"pa_aukstis-205cm-en","9":"pa_bukle-new-en","10":"pa_ilgis-375cm-en","11":"pa_plotis-85cm-en","12":"pa_talpa-3532l-en","13":"pa_temperaturos-diapazonas-c-0c-8c-en","15":"first","16":"onbackorder","17":"taxable","18":"shipping-taxable","19":"product-type-simple"},"yoast_head":"<!-- This site is optimized with the Yoast SEO plugin v27.1.1 - https:\/\/yoast.com\/product\/yoast-seo-wordpress\/ -->\n<title>Refrigeration wall HUGO 375 3532L | Monaxis.lt<\/title>\n<meta name=\"robots\" content=\"index, follow, max-snippet:-1, max-image-preview:large, max-video-preview:-1\" \/>\n<link rel=\"canonical\" href=\"https:\/\/www.monaxis.lt\/en\/parduotuve\/refrigerated-display-cabinets-hugo\/\" \/>\n<meta property=\"og:locale\" content=\"en_US\" \/>\n<meta property=\"og:type\" content=\"article\" \/>\n<meta property=\"og:title\" content=\"Refrigeration wall HUGO 375 3532L | Monaxis.lt\" \/>\n<meta property=\"og:description\" content=\"The sides of the refrigeration unit are not included. The sides can be purchased by clicking HERE.\" \/>\n<meta property=\"og:url\" content=\"https:\/\/www.monaxis.lt\/en\/parduotuve\/refrigerated-display-cabinets-hugo\/\" \/>\n<meta property=\"og:site_name\" content=\"Monaxis\" \/>\n<meta property=\"article:modified_time\" content=\"2026-03-21T14:15:08+00:00\" \/>\n<meta property=\"og:image\" content=\"https:\/\/www.monaxis.lt\/wp-content\/uploads\/2023\/04\/regal-chlodniczy-HUGO-pod-agregat-zewnetrzny-2.webp\" \/>\n\t<meta property=\"og:image:width\" content=\"1024\" \/>\n\t<meta property=\"og:image:height\" content=\"1024\" \/>\n\t<meta property=\"og:image:type\" content=\"image\/webp\" \/>\n<meta name=\"twitter:card\" content=\"summary_large_image\" \/>\n<meta name=\"twitter:label1\" content=\"Est. reading time\" \/>\n\t<meta name=\"twitter:data1\" content=\"3 minutes\" \/>\n<script type=\"application\/ld+json\" class=\"yoast-schema-graph\">{\"@context\":\"https:\/\/schema.org\",\"@graph\":[{\"@type\":\"WebPage\",\"@id\":\"https:\/\/www.monaxis.lt\/en\/parduotuve\/refrigerated-display-cabinets-hugo\/\",\"url\":\"https:\/\/www.monaxis.lt\/en\/parduotuve\/refrigerated-display-cabinets-hugo\/\",\"name\":\"Refrigeration wall HUGO 375 3532L | Monaxis.lt\",\"isPartOf\":{\"@id\":\"https:\/\/www.monaxis.lt\/en\/#website\"},\"primaryImageOfPage\":{\"@id\":\"https:\/\/www.monaxis.lt\/en\/parduotuve\/refrigerated-display-cabinets-hugo\/#primaryimage\"},\"image\":{\"@id\":\"https:\/\/www.monaxis.lt\/en\/parduotuve\/refrigerated-display-cabinets-hugo\/#primaryimage\"},\"thumbnailUrl\":\"https:\/\/www.monaxis.lt\/wp-content\/uploads\/2023\/04\/regal-chlodniczy-HUGO-pod-agregat-zewnetrzny-2.webp\",\"datePublished\":\"2023-04-25T06:09:54+00:00\",\"dateModified\":\"2026-03-21T14:15:08+00:00\",\"breadcrumb\":{\"@id\":\"https:\/\/www.monaxis.lt\/en\/parduotuve\/refrigerated-display-cabinets-hugo\/#breadcrumb\"},\"inLanguage\":\"en-US\",\"potentialAction\":[{\"@type\":\"ReadAction\",\"target\":[\"https:\/\/www.monaxis.lt\/en\/parduotuve\/refrigerated-display-cabinets-hugo\/\"]}]},{\"@type\":\"ImageObject\",\"inLanguage\":\"en-US\",\"@id\":\"https:\/\/www.monaxis.lt\/en\/parduotuve\/refrigerated-display-cabinets-hugo\/#primaryimage\",\"url\":\"https:\/\/www.monaxis.lt\/wp-content\/uploads\/2023\/04\/regal-chlodniczy-HUGO-pod-agregat-zewnetrzny-2.webp\",\"contentUrl\":\"https:\/\/www.monaxis.lt\/wp-content\/uploads\/2023\/04\/regal-chlodniczy-HUGO-pod-agregat-zewnetrzny-2.webp\",\"width\":1024,\"height\":1024},{\"@type\":\"BreadcrumbList\",\"@id\":\"https:\/\/www.monaxis.lt\/en\/parduotuve\/refrigerated-display-cabinets-hugo\/#breadcrumb\",\"itemListElement\":[{\"@type\":\"ListItem\",\"position\":1,\"name\":\"Pagrindinis\",\"item\":\"https:\/\/www.monaxis.lt\/en\/\"},{\"@type\":\"ListItem\",\"position\":2,\"name\":\"Shop\",\"item\":\"https:\/\/www.monaxis.lt\/en\/shop\/\"},{\"@type\":\"ListItem\",\"position\":3,\"name\":\"Prekybin\u0117 \u0161aldymo \u012franga\",\"item\":\"https:\/\/www.monaxis.lt\/produkto-kategorija\/prekybine-saldymo-iranga\/\"},{\"@type\":\"ListItem\",\"position\":4,\"name\":\"Refrigeration wall HUGO 375 3532L\"}]},{\"@type\":\"WebSite\",\"@id\":\"https:\/\/www.monaxis.lt\/en\/#website\",\"url\":\"https:\/\/www.monaxis.lt\/en\/\",\"name\":\"Monaxis\",\"description\":\"Prekybin\u0117, bei \u0161aldymo \u012franga\",\"publisher\":{\"@id\":\"https:\/\/www.monaxis.lt\/en\/#organization\"},\"potentialAction\":[{\"@type\":\"SearchAction\",\"target\":{\"@type\":\"EntryPoint\",\"urlTemplate\":\"https:\/\/www.monaxis.lt\/en\/?s={search_term_string}\"},\"query-input\":{\"@type\":\"PropertyValueSpecification\",\"valueRequired\":true,\"valueName\":\"search_term_string\"}}],\"inLanguage\":\"en-US\"},{\"@type\":\"Organization\",\"@id\":\"https:\/\/www.monaxis.lt\/en\/#organization\",\"name\":\"Monaxis\",\"url\":\"https:\/\/www.monaxis.lt\/en\/\",\"logo\":{\"@type\":\"ImageObject\",\"inLanguage\":\"en-US\",\"@id\":\"https:\/\/www.monaxis.lt\/en\/#\/schema\/logo\/image\/\",\"url\":\"https:\/\/www.monaxis.lt\/wp-content\/uploads\/2023\/03\/logo-1.png\",\"contentUrl\":\"https:\/\/www.monaxis.lt\/wp-content\/uploads\/2023\/03\/logo-1.png\",\"width\":205,\"height\":58,\"caption\":\"Monaxis\"},\"image\":{\"@id\":\"https:\/\/www.monaxis.lt\/en\/#\/schema\/logo\/image\/\"}}]}<\/script>\n<!-- \/ Yoast SEO plugin. -->","yoast_head_json":{"title":"Refrigeration wall HUGO 375 3532L | Monaxis.lt","robots":{"index":"index","follow":"follow","max-snippet":"max-snippet:-1","max-image-preview":"max-image-preview:large","max-video-preview":"max-video-preview:-1"},"canonical":"https:\/\/www.monaxis.lt\/en\/parduotuve\/refrigerated-display-cabinets-hugo\/","og_locale":"en_US","og_type":"article","og_title":"Refrigeration wall HUGO 375 3532L | Monaxis.lt","og_description":"The sides of the refrigeration unit are not included. The sides can be purchased by clicking HERE.","og_url":"https:\/\/www.monaxis.lt\/en\/parduotuve\/refrigerated-display-cabinets-hugo\/","og_site_name":"Monaxis","article_modified_time":"2026-03-21T14:15:08+00:00","og_image":[{"width":1024,"height":1024,"url":"https:\/\/www.monaxis.lt\/wp-content\/uploads\/2023\/04\/regal-chlodniczy-HUGO-pod-agregat-zewnetrzny-2.webp","type":"image\/webp"}],"twitter_card":"summary_large_image","twitter_misc":{"Est. reading time":"3 minutes"},"schema":{"@context":"https:\/\/schema.org","@graph":[{"@type":"WebPage","@id":"https:\/\/www.monaxis.lt\/en\/parduotuve\/refrigerated-display-cabinets-hugo\/","url":"https:\/\/www.monaxis.lt\/en\/parduotuve\/refrigerated-display-cabinets-hugo\/","name":"Refrigeration wall HUGO 375 3532L | Monaxis.lt","isPartOf":{"@id":"https:\/\/www.monaxis.lt\/en\/#website"},"primaryImageOfPage":{"@id":"https:\/\/www.monaxis.lt\/en\/parduotuve\/refrigerated-display-cabinets-hugo\/#primaryimage"},"image":{"@id":"https:\/\/www.monaxis.lt\/en\/parduotuve\/refrigerated-display-cabinets-hugo\/#primaryimage"},"thumbnailUrl":"https:\/\/www.monaxis.lt\/wp-content\/uploads\/2023\/04\/regal-chlodniczy-HUGO-pod-agregat-zewnetrzny-2.webp","datePublished":"2023-04-25T06:09:54+00:00","dateModified":"2026-03-21T14:15:08+00:00","breadcrumb":{"@id":"https:\/\/www.monaxis.lt\/en\/parduotuve\/refrigerated-display-cabinets-hugo\/#breadcrumb"},"inLanguage":"en-US","potentialAction":[{"@type":"ReadAction","target":["https:\/\/www.monaxis.lt\/en\/parduotuve\/refrigerated-display-cabinets-hugo\/"]}]},{"@type":"ImageObject","inLanguage":"en-US","@id":"https:\/\/www.monaxis.lt\/en\/parduotuve\/refrigerated-display-cabinets-hugo\/#primaryimage","url":"https:\/\/www.monaxis.lt\/wp-content\/uploads\/2023\/04\/regal-chlodniczy-HUGO-pod-agregat-zewnetrzny-2.webp","contentUrl":"https:\/\/www.monaxis.lt\/wp-content\/uploads\/2023\/04\/regal-chlodniczy-HUGO-pod-agregat-zewnetrzny-2.webp","width":1024,"height":1024},{"@type":"BreadcrumbList","@id":"https:\/\/www.monaxis.lt\/en\/parduotuve\/refrigerated-display-cabinets-hugo\/#breadcrumb","itemListElement":[{"@type":"ListItem","position":1,"name":"Pagrindinis","item":"https:\/\/www.monaxis.lt\/en\/"},{"@type":"ListItem","position":2,"name":"Shop","item":"https:\/\/www.monaxis.lt\/en\/shop\/"},{"@type":"ListItem","position":3,"name":"Prekybin\u0117 \u0161aldymo \u012franga","item":"https:\/\/www.monaxis.lt\/produkto-kategorija\/prekybine-saldymo-iranga\/"},{"@type":"ListItem","position":4,"name":"Refrigeration wall HUGO 375 3532L"}]},{"@type":"WebSite","@id":"https:\/\/www.monaxis.lt\/en\/#website","url":"https:\/\/www.monaxis.lt\/en\/","name":"Monaxis","description":"Prekybin\u0117, bei \u0161aldymo \u012franga","publisher":{"@id":"https:\/\/www.monaxis.lt\/en\/#organization"},"potentialAction":[{"@type":"SearchAction","target":{"@type":"EntryPoint","urlTemplate":"https:\/\/www.monaxis.lt\/en\/?s={search_term_string}"},"query-input":{"@type":"PropertyValueSpecification","valueRequired":true,"valueName":"search_term_string"}}],"inLanguage":"en-US"},{"@type":"Organization","@id":"https:\/\/www.monaxis.lt\/en\/#organization","name":"Monaxis","url":"https:\/\/www.monaxis.lt\/en\/","logo":{"@type":"ImageObject","inLanguage":"en-US","@id":"https:\/\/www.monaxis.lt\/en\/#\/schema\/logo\/image\/","url":"https:\/\/www.monaxis.lt\/wp-content\/uploads\/2023\/03\/logo-1.png","contentUrl":"https:\/\/www.monaxis.lt\/wp-content\/uploads\/2023\/03\/logo-1.png","width":205,"height":58,"caption":"Monaxis"},"image":{"@id":"https:\/\/www.monaxis.lt\/en\/#\/schema\/logo\/image\/"}}]}},"_links":{"self":[{"href":"https:\/\/www.monaxis.lt\/en\/wp-json\/wp\/v2\/product\/9403","targetHints":{"allow":["GET"]}}],"collection":[{"href":"https:\/\/www.monaxis.lt\/en\/wp-json\/wp\/v2\/product"}],"about":[{"href":"https:\/\/www.monaxis.lt\/en\/wp-json\/wp\/v2\/types\/product"}],"replies":[{"embeddable":true,"href":"https:\/\/www.monaxis.lt\/en\/wp-json\/wp\/v2\/comments?post=9403"}],"wp:featuredmedia":[{"embeddable":true,"href":"https:\/\/www.monaxis.lt\/en\/wp-json\/wp\/v2\/media\/8849"}],"wp:attachment":[{"href":"https:\/\/www.monaxis.lt\/en\/wp-json\/wp\/v2\/media?parent=9403"}],"wp:term":[{"taxonomy":"product_brand","embeddable":true,"href":"https:\/\/www.monaxis.lt\/en\/wp-json\/wp\/v2\/product_brand?post=9403"},{"taxonomy":"product_cat","embeddable":true,"href":"https:\/\/www.monaxis.lt\/en\/wp-json\/wp\/v2\/product_cat?post=9403"},{"taxonomy":"product_tag","embeddable":true,"href":"https:\/\/www.monaxis.lt\/en\/wp-json\/wp\/v2\/product_tag?post=9403"}],"curies":[{"name":"wp","href":"https:\/\/api.w.org\/{rel}","templated":true}]}}