{"id":9404,"date":"2023-03-15T08:31:58","date_gmt":"2023-03-15T06:31:58","guid":{"rendered":"https:\/\/www.monaxis.lt\/parduotuve\/ice-generator-95kg-24h\/"},"modified":"2026-03-21T16:26:51","modified_gmt":"2026-03-21T14:26:51","slug":"ice-generators-95kg-24h","status":"publish","type":"product","link":"https:\/\/www.monaxis.lt\/en\/parduotuve\/ice-generators-95kg-24h\/","title":{"rendered":"Ice generator 95kg\/24h"},"content":{"rendered":"<h4 style=\"color: #c00030;\"><strong>Ice generators at affordable prices at Monaxis.lt. Wide choice, high quality, competitive prices and professional advice.<\/strong><\/h4>\n<p>Our ice generators are designed for commercial applications where large volumes of ice are required. This particular ice generator can produce up to 95kg of ice per day, so you will never run out of ice. Plus, this ice generator is energy efficient, so you can save on your electricity bills.<\/p>\n<p>Making ice with our ice generators is simple and reliable. Fill the water tank, switch on the machine and you will quickly extract the ice mass, which will be automatically cut into beautiful ice cubes. These ice cubes are suitable for chilling both drinks and fish products.<\/p>\n<p>Our ice generators are not only reliable and efficient, but also easy to maintain. They are made from high quality materials, meet the highest European quality standards and come with a 12-month warranty, so you can have peace of mind about your purchase.<\/p>\n<p>Choose Monaxis.lt and get a reliable ice maker that will meet all your needs. Our ice generators are available at competitive prices and our professional team is always ready to help you find the best solution.<\/p>\n<p>Ice generators are professional equipment that produce ice in the form of traditional cubes (22x22x22 mm). The industrial ice cream generator is air-cooled, reducing water consumption.<\/p>\n<h4 style=\"color: #c00030;\"><strong>Advantages of the ice maker<\/strong><\/h4>\n<p>The body is made of high quality 304 steel, resistant to temperature and corrosion.<br \/>\nIntuitive touch panel with full sensor, water level sensor and one-button cleaning function.<br \/>\nAdjustable feet allow you to position the unit on uneven surfaces.<br \/>\nThe Cubigel (Electrolux) compressor ensures adequate efficiency and energy efficiency.<br \/>\nBlue light is used for lighting and sterilisation<br \/>\nThe water filter allows you to connect the ice maker directly to the tap.<br \/>\nAir cooling reduces water consumption.<br \/>\nCapacity 95 kg\/day (108 ice cubes per cycle).<\/p>\n<p>&nbsp;<\/p>\n","protected":false},"excerpt":{"rendered":"<div class=\"product__parameter__name\">\n<div class=\"product__parameter__name\"><strong><span class=\"product__parameter__name__text\"><img decoding=\"async\" class=\"alignnone wp-image-7601\" src=\"https:\/\/www.monaxis.lt\/wp-content\/uploads\/2023\/03\/delivery-1-150x150.png\" alt=\"\" width=\"30\" height=\"30\" srcset=\"https:\/\/www.monaxis.lt\/wp-content\/uploads\/2023\/03\/delivery-1-150x150.png 150w, https:\/\/www.monaxis.lt\/wp-content\/uploads\/2023\/03\/delivery-1-300x300.png 300w, https:\/\/www.monaxis.lt\/wp-content\/uploads\/2023\/03\/delivery-1.png 512w\" sizes=\"(max-width: 30px) 100vw, 30px\" \/> Delivery <\/span><\/strong><\/div>\n<div class=\"product__parameter__value\"><span class=\"product__parameter__value__text\" style=\"font-size: 75%;\">     <strong>   <span style=\"color: #999999;\"> 2-10 d.d.<\/span><\/strong><\/span><\/div>\n<div class=\"product__parameter__name\">\n<div>\n<hr>\n<\/div>\n<div>\n<div class=\"product__parameter__name\"><strong><span class=\"product__parameter__name__text\"><img decoding=\"async\" class=\"alignnone wp-image-7807\" src=\"https:\/\/www.monaxis.lt\/wp-content\/uploads\/2023\/01\/refrigerant.png\" alt=\"\" width=\"32\" height=\"32\">Refrigerant<\/span><\/strong><\/div>\n<div class=\"product__parameter__value\"><span class=\"product__parameter__value__text\" style=\"font-size: 75%;\">       <span style=\"color: #808080;\">    <span style=\"color: #999999;\"><strong>R290<\/strong><\/span><\/span><\/span><\/div>\n<div>\n<hr>\n<\/div>\n<div>\n<div class=\"product__parameter__name\"><strong><span class=\"product__parameter__name__text\"><img decoding=\"async\" class=\"alignnone wp-image-10072\" src=\"https:\/\/www.monaxis.lt\/wp-content\/uploads\/2023\/03\/ice-cubess.png\" alt=\"\" width=\"27\" height=\"27\">  Ice type<\/span><\/strong><\/div>\n<div class=\"product__parameter__value\"><span class=\"product__parameter__value__text\" style=\"font-size: 75%;\">       <span style=\"color: #808080;\">   <span style=\"color: #999999;\"><strong>Ice cubes<\/strong><\/span><\/span><\/span><\/div>\n<\/div>\n<\/div>\n<\/div>\n<div class=\"product__parameter__value\">\n<hr>\n<\/div>\n<p><strong><img decoding=\"async\" class=\"alignnone wp-image-7810\" src=\"https:\/\/www.monaxis.lt\/wp-content\/uploads\/2023\/01\/komplektuojama.png\" alt=\"\" width=\"29\" height=\"29\">Comes with<\/strong><br \/>\n<strong><span style=\"font-size: 75%; color: #999999;\">  Water softener filter &#8211; 1pc  <\/span><\/strong><br \/>\n<strong><span style=\"font-size: 75%; color: #999999;\">  Ice bucket &#8211; 1 pc<\/span><\/strong><br \/>\n<strong><span style=\"font-size: 75%; color: #999999;\">  Water outlet hose &#8211; 1pc<\/span><\/strong><br \/>\n<strong><span style=\"font-size: 75%; color: #999999;\">  Water supply hose &#8211; 1pc<\/span><\/strong><br \/>\n<strong><span style=\"font-size: 75%; color: #999999;\"> Warranty card<\/span><\/strong><br \/>\n<strong><span style=\"font-size: 75%; color: #999999;\"> Proof of purchase &#8211; Receipt \/ FV<\/span><\/strong><\/p>\n<\/div>\n","protected":false},"featured_media":10405,"comment_status":"open","ping_status":"closed","template":"","meta":[],"product_brand":[],"product_cat":[150,130],"product_tag":[158,157,156,155,152,159,160],"class_list":{"0":"post-9404","1":"product","2":"type-product","3":"status-publish","4":"has-post-thumbnail","6":"product_cat-ice-generators","7":"product_cat-industrial-kitchen-equipment","8":"product_tag-ice-cream-maker","9":"product_tag-ice-cream-makers","10":"product_tag-ice-generator","11":"product_tag-ice-generators","12":"product_tag-ice-making-machines","13":"product_tag-industrial-ice-generator","14":"product_tag-industrial-ice-generators","16":"first","17":"outofstock","18":"taxable","19":"shipping-taxable","20":"purchasable","21":"product-type-simple"},"yoast_head":"<!-- This site is optimized with the Yoast SEO plugin v27.1.1 - https:\/\/yoast.com\/product\/yoast-seo-wordpress\/ -->\n<title>Ice generators % | Technological equipment | Monaxis% .lt<\/title>\n<meta name=\"description\" content=\"Robust and efficient ice generators - a wide selection at Monaxis.lt! Ordering and delivery throughout Lithuania.\" \/>\n<meta name=\"robots\" content=\"index, follow, max-snippet:-1, max-image-preview:large, max-video-preview:-1\" \/>\n<link rel=\"canonical\" href=\"https:\/\/www.monaxis.lt\/en\/parduotuve\/ice-generators-95kg-24h\/\" \/>\n<meta property=\"og:locale\" content=\"en_US\" \/>\n<meta property=\"og:type\" content=\"article\" \/>\n<meta property=\"og:title\" content=\"Ice generators % | Technological equipment | Monaxis% .lt\" \/>\n<meta property=\"og:description\" content=\"Robust and efficient ice generators - a wide selection at Monaxis.lt! Ordering and delivery throughout Lithuania.\" \/>\n<meta property=\"og:url\" content=\"https:\/\/www.monaxis.lt\/en\/parduotuve\/ice-generators-95kg-24h\/\" \/>\n<meta property=\"og:site_name\" content=\"Monaxis\" \/>\n<meta property=\"article:modified_time\" content=\"2026-03-21T14:26:51+00:00\" \/>\n<meta property=\"og:image\" content=\"https:\/\/www.monaxis.lt\/wp-content\/uploads\/2023\/03\/ledo-generatoriai-1-5.webp\" \/>\n\t<meta property=\"og:image:width\" content=\"1000\" \/>\n\t<meta property=\"og:image:height\" content=\"1000\" \/>\n\t<meta property=\"og:image:type\" content=\"image\/webp\" \/>\n<meta name=\"twitter:card\" content=\"summary_large_image\" \/>\n<meta name=\"twitter:label1\" content=\"Est. reading time\" \/>\n\t<meta name=\"twitter:data1\" content=\"2 minutes\" \/>\n<script type=\"application\/ld+json\" class=\"yoast-schema-graph\">{\"@context\":\"https:\/\/schema.org\",\"@graph\":[{\"@type\":\"WebPage\",\"@id\":\"https:\/\/www.monaxis.lt\/en\/parduotuve\/ice-generators-95kg-24h\/\",\"url\":\"https:\/\/www.monaxis.lt\/en\/parduotuve\/ice-generators-95kg-24h\/\",\"name\":\"Ice generators % | Technological equipment | Monaxis% .lt\",\"isPartOf\":{\"@id\":\"https:\/\/www.monaxis.lt\/en\/#website\"},\"primaryImageOfPage\":{\"@id\":\"https:\/\/www.monaxis.lt\/en\/parduotuve\/ice-generators-95kg-24h\/#primaryimage\"},\"image\":{\"@id\":\"https:\/\/www.monaxis.lt\/en\/parduotuve\/ice-generators-95kg-24h\/#primaryimage\"},\"thumbnailUrl\":\"https:\/\/www.monaxis.lt\/wp-content\/uploads\/2023\/03\/ledo-generatoriai-1-5.webp\",\"datePublished\":\"2023-03-15T06:31:58+00:00\",\"dateModified\":\"2026-03-21T14:26:51+00:00\",\"description\":\"Robust and efficient ice generators - a wide selection at Monaxis.lt! Ordering and delivery throughout Lithuania.\",\"breadcrumb\":{\"@id\":\"https:\/\/www.monaxis.lt\/en\/parduotuve\/ice-generators-95kg-24h\/#breadcrumb\"},\"inLanguage\":\"en-US\",\"potentialAction\":[{\"@type\":\"ReadAction\",\"target\":[\"https:\/\/www.monaxis.lt\/en\/parduotuve\/ice-generators-95kg-24h\/\"]}]},{\"@type\":\"ImageObject\",\"inLanguage\":\"en-US\",\"@id\":\"https:\/\/www.monaxis.lt\/en\/parduotuve\/ice-generators-95kg-24h\/#primaryimage\",\"url\":\"https:\/\/www.monaxis.lt\/wp-content\/uploads\/2023\/03\/ledo-generatoriai-1-5.webp\",\"contentUrl\":\"https:\/\/www.monaxis.lt\/wp-content\/uploads\/2023\/03\/ledo-generatoriai-1-5.webp\",\"width\":1000,\"height\":1000},{\"@type\":\"BreadcrumbList\",\"@id\":\"https:\/\/www.monaxis.lt\/en\/parduotuve\/ice-generators-95kg-24h\/#breadcrumb\",\"itemListElement\":[{\"@type\":\"ListItem\",\"position\":1,\"name\":\"Pagrindinis\",\"item\":\"https:\/\/www.monaxis.lt\/en\/\"},{\"@type\":\"ListItem\",\"position\":2,\"name\":\"Shop\",\"item\":\"https:\/\/www.monaxis.lt\/en\/shop\/\"},{\"@type\":\"ListItem\",\"position\":3,\"name\":\"Industrial kitchen equipment\",\"item\":\"https:\/\/www.monaxis.lt\/en\/produkto-kategorija\/industrial-kitchen-equipment\/\"},{\"@type\":\"ListItem\",\"position\":4,\"name\":\"Ice generators\",\"item\":\"https:\/\/www.monaxis.lt\/en\/produkto-kategorija\/industrial-kitchen-equipment\/ice-generators\/\"},{\"@type\":\"ListItem\",\"position\":5,\"name\":\"Ice generator 95kg\/24h\"}]},{\"@type\":\"WebSite\",\"@id\":\"https:\/\/www.monaxis.lt\/en\/#website\",\"url\":\"https:\/\/www.monaxis.lt\/en\/\",\"name\":\"Monaxis\",\"description\":\"Prekybin\u0117, bei \u0161aldymo \u012franga\",\"publisher\":{\"@id\":\"https:\/\/www.monaxis.lt\/en\/#organization\"},\"potentialAction\":[{\"@type\":\"SearchAction\",\"target\":{\"@type\":\"EntryPoint\",\"urlTemplate\":\"https:\/\/www.monaxis.lt\/en\/?s={search_term_string}\"},\"query-input\":{\"@type\":\"PropertyValueSpecification\",\"valueRequired\":true,\"valueName\":\"search_term_string\"}}],\"inLanguage\":\"en-US\"},{\"@type\":\"Organization\",\"@id\":\"https:\/\/www.monaxis.lt\/en\/#organization\",\"name\":\"Monaxis\",\"url\":\"https:\/\/www.monaxis.lt\/en\/\",\"logo\":{\"@type\":\"ImageObject\",\"inLanguage\":\"en-US\",\"@id\":\"https:\/\/www.monaxis.lt\/en\/#\/schema\/logo\/image\/\",\"url\":\"https:\/\/www.monaxis.lt\/wp-content\/uploads\/2023\/03\/logo-1.png\",\"contentUrl\":\"https:\/\/www.monaxis.lt\/wp-content\/uploads\/2023\/03\/logo-1.png\",\"width\":205,\"height\":58,\"caption\":\"Monaxis\"},\"image\":{\"@id\":\"https:\/\/www.monaxis.lt\/en\/#\/schema\/logo\/image\/\"}}]}<\/script>\n<!-- \/ Yoast SEO plugin. -->","yoast_head_json":{"title":"Ice generators % | Technological equipment | Monaxis% .lt","description":"Robust and efficient ice generators - a wide selection at Monaxis.lt! Ordering and delivery throughout Lithuania.","robots":{"index":"index","follow":"follow","max-snippet":"max-snippet:-1","max-image-preview":"max-image-preview:large","max-video-preview":"max-video-preview:-1"},"canonical":"https:\/\/www.monaxis.lt\/en\/parduotuve\/ice-generators-95kg-24h\/","og_locale":"en_US","og_type":"article","og_title":"Ice generators % | Technological equipment | Monaxis% .lt","og_description":"Robust and efficient ice generators - a wide selection at Monaxis.lt! Ordering and delivery throughout Lithuania.","og_url":"https:\/\/www.monaxis.lt\/en\/parduotuve\/ice-generators-95kg-24h\/","og_site_name":"Monaxis","article_modified_time":"2026-03-21T14:26:51+00:00","og_image":[{"width":1000,"height":1000,"url":"https:\/\/www.monaxis.lt\/wp-content\/uploads\/2023\/03\/ledo-generatoriai-1-5.webp","type":"image\/webp"}],"twitter_card":"summary_large_image","twitter_misc":{"Est. reading time":"2 minutes"},"schema":{"@context":"https:\/\/schema.org","@graph":[{"@type":"WebPage","@id":"https:\/\/www.monaxis.lt\/en\/parduotuve\/ice-generators-95kg-24h\/","url":"https:\/\/www.monaxis.lt\/en\/parduotuve\/ice-generators-95kg-24h\/","name":"Ice generators % | Technological equipment | Monaxis% .lt","isPartOf":{"@id":"https:\/\/www.monaxis.lt\/en\/#website"},"primaryImageOfPage":{"@id":"https:\/\/www.monaxis.lt\/en\/parduotuve\/ice-generators-95kg-24h\/#primaryimage"},"image":{"@id":"https:\/\/www.monaxis.lt\/en\/parduotuve\/ice-generators-95kg-24h\/#primaryimage"},"thumbnailUrl":"https:\/\/www.monaxis.lt\/wp-content\/uploads\/2023\/03\/ledo-generatoriai-1-5.webp","datePublished":"2023-03-15T06:31:58+00:00","dateModified":"2026-03-21T14:26:51+00:00","description":"Robust and efficient ice generators - a wide selection at Monaxis.lt! Ordering and delivery throughout Lithuania.","breadcrumb":{"@id":"https:\/\/www.monaxis.lt\/en\/parduotuve\/ice-generators-95kg-24h\/#breadcrumb"},"inLanguage":"en-US","potentialAction":[{"@type":"ReadAction","target":["https:\/\/www.monaxis.lt\/en\/parduotuve\/ice-generators-95kg-24h\/"]}]},{"@type":"ImageObject","inLanguage":"en-US","@id":"https:\/\/www.monaxis.lt\/en\/parduotuve\/ice-generators-95kg-24h\/#primaryimage","url":"https:\/\/www.monaxis.lt\/wp-content\/uploads\/2023\/03\/ledo-generatoriai-1-5.webp","contentUrl":"https:\/\/www.monaxis.lt\/wp-content\/uploads\/2023\/03\/ledo-generatoriai-1-5.webp","width":1000,"height":1000},{"@type":"BreadcrumbList","@id":"https:\/\/www.monaxis.lt\/en\/parduotuve\/ice-generators-95kg-24h\/#breadcrumb","itemListElement":[{"@type":"ListItem","position":1,"name":"Pagrindinis","item":"https:\/\/www.monaxis.lt\/en\/"},{"@type":"ListItem","position":2,"name":"Shop","item":"https:\/\/www.monaxis.lt\/en\/shop\/"},{"@type":"ListItem","position":3,"name":"Industrial kitchen equipment","item":"https:\/\/www.monaxis.lt\/en\/produkto-kategorija\/industrial-kitchen-equipment\/"},{"@type":"ListItem","position":4,"name":"Ice generators","item":"https:\/\/www.monaxis.lt\/en\/produkto-kategorija\/industrial-kitchen-equipment\/ice-generators\/"},{"@type":"ListItem","position":5,"name":"Ice generator 95kg\/24h"}]},{"@type":"WebSite","@id":"https:\/\/www.monaxis.lt\/en\/#website","url":"https:\/\/www.monaxis.lt\/en\/","name":"Monaxis","description":"Prekybin\u0117, bei \u0161aldymo \u012franga","publisher":{"@id":"https:\/\/www.monaxis.lt\/en\/#organization"},"potentialAction":[{"@type":"SearchAction","target":{"@type":"EntryPoint","urlTemplate":"https:\/\/www.monaxis.lt\/en\/?s={search_term_string}"},"query-input":{"@type":"PropertyValueSpecification","valueRequired":true,"valueName":"search_term_string"}}],"inLanguage":"en-US"},{"@type":"Organization","@id":"https:\/\/www.monaxis.lt\/en\/#organization","name":"Monaxis","url":"https:\/\/www.monaxis.lt\/en\/","logo":{"@type":"ImageObject","inLanguage":"en-US","@id":"https:\/\/www.monaxis.lt\/en\/#\/schema\/logo\/image\/","url":"https:\/\/www.monaxis.lt\/wp-content\/uploads\/2023\/03\/logo-1.png","contentUrl":"https:\/\/www.monaxis.lt\/wp-content\/uploads\/2023\/03\/logo-1.png","width":205,"height":58,"caption":"Monaxis"},"image":{"@id":"https:\/\/www.monaxis.lt\/en\/#\/schema\/logo\/image\/"}}]}},"_links":{"self":[{"href":"https:\/\/www.monaxis.lt\/en\/wp-json\/wp\/v2\/product\/9404","targetHints":{"allow":["GET"]}}],"collection":[{"href":"https:\/\/www.monaxis.lt\/en\/wp-json\/wp\/v2\/product"}],"about":[{"href":"https:\/\/www.monaxis.lt\/en\/wp-json\/wp\/v2\/types\/product"}],"replies":[{"embeddable":true,"href":"https:\/\/www.monaxis.lt\/en\/wp-json\/wp\/v2\/comments?post=9404"}],"wp:featuredmedia":[{"embeddable":true,"href":"https:\/\/www.monaxis.lt\/en\/wp-json\/wp\/v2\/media\/10405"}],"wp:attachment":[{"href":"https:\/\/www.monaxis.lt\/en\/wp-json\/wp\/v2\/media?parent=9404"}],"wp:term":[{"taxonomy":"product_brand","embeddable":true,"href":"https:\/\/www.monaxis.lt\/en\/wp-json\/wp\/v2\/product_brand?post=9404"},{"taxonomy":"product_cat","embeddable":true,"href":"https:\/\/www.monaxis.lt\/en\/wp-json\/wp\/v2\/product_cat?post=9404"},{"taxonomy":"product_tag","embeddable":true,"href":"https:\/\/www.monaxis.lt\/en\/wp-json\/wp\/v2\/product_tag?post=9404"}],"curies":[{"name":"wp","href":"https:\/\/api.w.org\/{rel}","templated":true}]}}